{"id":10305,"date":"2025-09-02T11:48:05","date_gmt":"2025-09-02T09:48:05","guid":{"rendered":"https:\/\/www.inov-u.com\/?post_type=product&#038;p=10305"},"modified":"2025-09-02T11:48:05","modified_gmt":"2025-09-02T09:48:05","slug":"trousse-de-voyage-travel-pouch-vinyl","status":"publish","type":"product","link":"https:\/\/www.inov-u.com\/en\/products\/bags\/bag-backpack\/trousse-de-voyage-travel-pouch-vinyl\/","title":{"rendered":"Trousse de voyage Travel Pouch (Vinyl)"},"content":{"rendered":"\t\t<div data-elementor-type=\"container\" data-elementor-id=\"10315\" class=\"elementor elementor-10315\" data-elementor-post-type=\"elementor_library\">\n\t\t\t\t<div class=\"elementor-element elementor-element-7975e6c e-con-full e-flex e-con e-parent\" data-id=\"7975e6c\" data-element_type=\"container\" data-e-type=\"container\">\n\t\t<div class=\"elementor-element elementor-element-8f159db e-con-full e-flex e-con e-child\" data-id=\"8f159db\" data-element_type=\"container\" data-e-type=\"container\">\n\t\t<div class=\"elementor-element elementor-element-be6fc47 e-con-full e-flex e-con e-child\" data-id=\"be6fc47\" data-element_type=\"container\" data-e-type=\"container\">\n\t\t\t\t<div class=\"elementor-element elementor-element-b2d585c elementor-widget elementor-widget-heading\" data-id=\"b2d585c\" data-element_type=\"widget\" data-e-type=\"widget\" data-widget_type=\"heading.default\">\n\t\t\t\t<div class=\"elementor-widget-container\">\n\t\t\t\t\t<h2 class=\"elementor-heading-title elementor-size-default\">Trousse de voyage Travel Pouch<\/h2>\t\t\t\t<\/div>\n\t\t\t\t<\/div>\n\t\t\t\t<div class=\"elementor-element elementor-element-2602b25 elementor-widget elementor-widget-text-editor\" data-id=\"2602b25\" data-element_type=\"widget\" data-e-type=\"widget\" data-widget_type=\"text-editor.default\">\n\t\t\t\t<div class=\"elementor-widget-container\">\n\t\t\t\t\t\t\t\t\t<p>La\u00a0<strong>Travel Pouch d&#8217;INOVU\u00a0<\/strong>est une\u00a0<strong>Trousse de voyage<\/strong>\u00a0\u00e9l\u00e9gante et pratique con\u00e7ue pour transporter et prot\u00e9ger efficacement vos accessoires.\u00a0<strong>Hydrofuge<\/strong>,\u00a0<strong>compacte<\/strong>\u00a0et\u00a0<strong>l\u00e9g\u00e8re<\/strong>, elle se glisse facilement dans un sac ou bagage et offre de\u00a0<strong>nombreuses possibilit\u00e9s de rangement<\/strong>\u00a0pour vos accessoires tech ou tout autre objet que vous souhaiteriez transporter. Son\u00a0<strong>zip int\u00e9gral<\/strong>\u00a0permet de l&#8217;ouvrir et de la fermer simplement.<\/p>\t\t\t\t\t\t\t\t<\/div>\n\t\t\t\t<\/div>\n\t\t\t\t<\/div>\n\t\t\t\t<\/div>\n\t\t<div class=\"elementor-element elementor-element-757efc9 e-con-full e-flex e-con e-child\" data-id=\"757efc9\" data-element_type=\"container\" data-e-type=\"container\">\n\t\t<div class=\"elementor-element elementor-element-e18eb3e e-con-full e-flex e-con e-child\" data-id=\"e18eb3e\" data-element_type=\"container\" data-e-type=\"container\">\n\t\t\t\t<div class=\"elementor-element elementor-element-5712476 elementor-widget elementor-widget-image\" data-id=\"5712476\" data-element_type=\"widget\" data-e-type=\"widget\" data-widget_type=\"image.default\">\n\t\t\t\t<div class=\"elementor-widget-container\">\n\t\t\t\t\t\t\t\t\t\t\t\t\t\t\t<img fetchpriority=\"high\" decoding=\"async\" width=\"800\" height=\"800\" src=\"https:\/\/www.inov-u.com\/wp-content\/uploads\/2025\/09\/Travel-Pouch-Vinyl_LS01.webp\" class=\"attachment-large size-large wp-image-10318\" alt=\"\" srcset=\"https:\/\/www.inov-u.com\/wp-content\/uploads\/2025\/09\/Travel-Pouch-Vinyl_LS01.webp 1000w, https:\/\/www.inov-u.com\/wp-content\/uploads\/2025\/09\/Travel-Pouch-Vinyl_LS01-300x300.webp 300w, https:\/\/www.inov-u.com\/wp-content\/uploads\/2025\/09\/Travel-Pouch-Vinyl_LS01-150x150.webp 150w, https:\/\/www.inov-u.com\/wp-content\/uploads\/2025\/09\/Travel-Pouch-Vinyl_LS01-768x768.webp 768w, https:\/\/www.inov-u.com\/wp-content\/uploads\/2025\/09\/Travel-Pouch-Vinyl_LS01-700x700.webp 700w, https:\/\/www.inov-u.com\/wp-content\/uploads\/2025\/09\/Travel-Pouch-Vinyl_LS01-600x600.webp 600w, https:\/\/www.inov-u.com\/wp-content\/uploads\/2025\/09\/Travel-Pouch-Vinyl_LS01-100x100.webp 100w\" sizes=\"(max-width: 800px) 100vw, 800px\" \/>\t\t\t\t\t\t\t\t\t\t\t\t\t\t\t<\/div>\n\t\t\t\t<\/div>\n\t\t\t\t<\/div>\n\t\t<div class=\"elementor-element elementor-element-e7f55b7 e-con-full e-flex e-con e-child\" data-id=\"e7f55b7\" data-element_type=\"container\" data-e-type=\"container\">\n\t\t\t\t<div class=\"elementor-element elementor-element-d9d7e98 elementor-widget elementor-widget-heading\" data-id=\"d9d7e98\" data-element_type=\"widget\" data-e-type=\"widget\" data-widget_type=\"heading.default\">\n\t\t\t\t<div class=\"elementor-widget-container\">\n\t\t\t\t\t<h2 class=\"elementor-heading-title elementor-size-default\">Votre \u00e9quipement avec vous<\/h2>\t\t\t\t<\/div>\n\t\t\t\t<\/div>\n\t\t\t\t<div class=\"elementor-element elementor-element-21ee8a3 elementor-widget elementor-widget-text-editor\" data-id=\"21ee8a3\" data-element_type=\"widget\" data-e-type=\"widget\" data-widget_type=\"text-editor.default\">\n\t\t\t\t<div class=\"elementor-widget-container\">\n\t\t\t\t\t\t\t\t\t<p>L&#8217;<strong>INOVU Travel Pouch\u00a0<\/strong>est une\u00a0<strong>trousse de voyage<\/strong>\u00a0\u00e9l\u00e9gante et robuste. Elle permet de transporter simplement les accessoires indispensables \u00e0 l&#8217;utilisation de votre mat\u00e9riel informatique, mais pas que ! Gr\u00e2ce \u00e0 sa\u00a0<strong>conception robuste et pratique,<\/strong>\u00a0vous pouvez transporter tout ce que vous voulez ! Son\u00a0<strong>rev\u00eatement hydrofuge\u00a0<\/strong>et son\u00a0<strong>zip int\u00e9gral\u00a0<\/strong>sont autant d&#8217;atouts visant \u00e0 vous simplifier la vie. Elle est\u00a0<strong>facile \u00e0 ouvrir et \u00e0 refermer.<\/strong>\u00a0Les objets qui s&#8217;y trouvent restent tr\u00e8s ais\u00e9ment accessibles. En outre, elle se range facilement dans un bagage, un sac \u00e0 dos ou une sacoche pour PC portable.<\/p>\t\t\t\t\t\t\t\t<\/div>\n\t\t\t\t<\/div>\n\t\t\t\t<\/div>\n\t\t\t\t<\/div>\n\t\t\t\t<\/div>\n\t\t\t\t<\/div>\n\t\t\n","protected":false},"excerpt":{"rendered":"<p>La\u00a0Travel Pouch d&#8217;INOVU\u00a0est une\u00a0Trousse de voyage\u00a0\u00e9l\u00e9gante et pratique con\u00e7ue pour transporter et prot\u00e9ger efficacement vos accessoires<\/p>\n","protected":false},"featured_media":10307,"comment_status":"open","ping_status":"closed","template":"","meta":{"_acf_changed":false},"product_brand":[],"product_cat":[36],"product_tag":[],"class_list":{"0":"post-10305","1":"product","2":"type-product","3":"status-publish","4":"has-post-thumbnail","6":"product_cat-sac-sac-a-dos","8":"first","9":"instock","10":"shipping-taxable","11":"product-type-simple"},"acf":[],"yoast_head":"<!-- This site is optimized with the Yoast SEO plugin v27.4 - https:\/\/yoast.com\/product\/yoast-seo-wordpress\/ -->\n<title>INOVU | Trousse de voyage Travel Pouch (Vinyl)<\/title>\n<meta name=\"robots\" content=\"index, follow, max-snippet:-1, max-image-preview:large, max-video-preview:-1\" \/>\n<link rel=\"canonical\" href=\"https:\/\/www.inov-u.com\/en\/products\/bags\/bag-backpack\/trousse-de-voyage-travel-pouch-vinyl\/\" \/>\n<meta property=\"og:locale\" content=\"en_US\" \/>\n<meta property=\"og:type\" content=\"article\" \/>\n<meta property=\"og:title\" content=\"INOVU | Trousse de voyage Travel Pouch (Vinyl)\" \/>\n<meta property=\"og:description\" content=\"La\u00a0Travel Pouch d&#039;INOVU\u00a0est une\u00a0Trousse de voyage\u00a0\u00e9l\u00e9gante et pratique con\u00e7ue pour transporter et prot\u00e9ger efficacement vos accessoires\" \/>\n<meta property=\"og:url\" content=\"https:\/\/www.inov-u.com\/en\/products\/bags\/bag-backpack\/trousse-de-voyage-travel-pouch-vinyl\/\" \/>\n<meta property=\"og:site_name\" content=\"INOVU\" \/>\n<meta property=\"og:image\" content=\"https:\/\/www.inov-u.com\/wp-content\/uploads\/2025\/09\/Travel-Pouch-Vinyl_01.webp\" \/>\n\t<meta property=\"og:image:width\" content=\"1000\" \/>\n\t<meta property=\"og:image:height\" content=\"1000\" \/>\n\t<meta property=\"og:image:type\" content=\"image\/webp\" \/>\n<meta name=\"twitter:card\" content=\"summary_large_image\" \/>\n<meta name=\"twitter:label1\" content=\"Est. reading time\" \/>\n\t<meta name=\"twitter:data1\" content=\"1 minute\" \/>\n<script type=\"application\/ld+json\" class=\"yoast-schema-graph\">{\"@context\":\"https:\\\/\\\/schema.org\",\"@graph\":[{\"@type\":[\"WebPage\",\"ItemPage\"],\"@id\":\"https:\\\/\\\/www.inov-u.com\\\/en\\\/products\\\/bags\\\/bag-backpack\\\/trousse-de-voyage-travel-pouch-vinyl\\\/\",\"url\":\"https:\\\/\\\/www.inov-u.com\\\/en\\\/products\\\/bags\\\/bag-backpack\\\/trousse-de-voyage-travel-pouch-vinyl\\\/\",\"name\":\"INOVU | Trousse de voyage Travel Pouch (Vinyl)\",\"isPartOf\":{\"@id\":\"https:\\\/\\\/www.inov-u.com\\\/en\\\/#website\"},\"primaryImageOfPage\":{\"@id\":\"https:\\\/\\\/www.inov-u.com\\\/en\\\/products\\\/bags\\\/bag-backpack\\\/trousse-de-voyage-travel-pouch-vinyl\\\/#primaryimage\"},\"image\":{\"@id\":\"https:\\\/\\\/www.inov-u.com\\\/en\\\/products\\\/bags\\\/bag-backpack\\\/trousse-de-voyage-travel-pouch-vinyl\\\/#primaryimage\"},\"thumbnailUrl\":\"https:\\\/\\\/www.inov-u.com\\\/wp-content\\\/uploads\\\/2025\\\/09\\\/Travel-Pouch-Vinyl_01.webp\",\"datePublished\":\"2025-09-02T09:48:05+00:00\",\"breadcrumb\":{\"@id\":\"https:\\\/\\\/www.inov-u.com\\\/en\\\/products\\\/bags\\\/bag-backpack\\\/trousse-de-voyage-travel-pouch-vinyl\\\/#breadcrumb\"},\"inLanguage\":\"en-US\",\"potentialAction\":[{\"@type\":\"ReadAction\",\"target\":[\"https:\\\/\\\/www.inov-u.com\\\/en\\\/products\\\/bags\\\/bag-backpack\\\/trousse-de-voyage-travel-pouch-vinyl\\\/\"]}]},{\"@type\":\"ImageObject\",\"inLanguage\":\"en-US\",\"@id\":\"https:\\\/\\\/www.inov-u.com\\\/en\\\/products\\\/bags\\\/bag-backpack\\\/trousse-de-voyage-travel-pouch-vinyl\\\/#primaryimage\",\"url\":\"https:\\\/\\\/www.inov-u.com\\\/wp-content\\\/uploads\\\/2025\\\/09\\\/Travel-Pouch-Vinyl_01.webp\",\"contentUrl\":\"https:\\\/\\\/www.inov-u.com\\\/wp-content\\\/uploads\\\/2025\\\/09\\\/Travel-Pouch-Vinyl_01.webp\",\"width\":1000,\"height\":1000},{\"@type\":\"BreadcrumbList\",\"@id\":\"https:\\\/\\\/www.inov-u.com\\\/en\\\/products\\\/bags\\\/bag-backpack\\\/trousse-de-voyage-travel-pouch-vinyl\\\/#breadcrumb\",\"itemListElement\":[{\"@type\":\"ListItem\",\"position\":1,\"name\":\"Home\",\"item\":\"https:\\\/\\\/www.inov-u.com\\\/en\\\/\"},{\"@type\":\"ListItem\",\"position\":2,\"name\":\"Products\",\"item\":\"https:\\\/\\\/www.inov-u.com\\\/nos-univers\\\/\"},{\"@type\":\"ListItem\",\"position\":3,\"name\":\"Bags\",\"item\":\"https:\\\/\\\/www.inov-u.com\\\/en\\\/nos-univers\\\/bags\\\/\"},{\"@type\":\"ListItem\",\"position\":4,\"name\":\"Bag &amp; Backpack\",\"item\":\"https:\\\/\\\/www.inov-u.com\\\/en\\\/nos-univers\\\/bags\\\/bag-backpack\\\/\"},{\"@type\":\"ListItem\",\"position\":5,\"name\":\"Trousse de voyage Travel Pouch (Vinyl)\"}]},{\"@type\":\"WebSite\",\"@id\":\"https:\\\/\\\/www.inov-u.com\\\/en\\\/#website\",\"url\":\"https:\\\/\\\/www.inov-u.com\\\/en\\\/\",\"name\":\"INOVU\",\"description\":\"L&#039;\u00e9quipement informatique du quotidien\",\"publisher\":{\"@id\":\"https:\\\/\\\/www.inov-u.com\\\/en\\\/#organization\"},\"potentialAction\":[{\"@type\":\"SearchAction\",\"target\":{\"@type\":\"EntryPoint\",\"urlTemplate\":\"https:\\\/\\\/www.inov-u.com\\\/en\\\/?s={search_term_string}\"},\"query-input\":{\"@type\":\"PropertyValueSpecification\",\"valueRequired\":true,\"valueName\":\"search_term_string\"}}],\"inLanguage\":\"en-US\"},{\"@type\":\"Organization\",\"@id\":\"https:\\\/\\\/www.inov-u.com\\\/en\\\/#organization\",\"name\":\"INOVU\",\"url\":\"https:\\\/\\\/www.inov-u.com\\\/en\\\/\",\"logo\":{\"@type\":\"ImageObject\",\"inLanguage\":\"en-US\",\"@id\":\"https:\\\/\\\/www.inov-u.com\\\/en\\\/#\\\/schema\\\/logo\\\/image\\\/\",\"url\":\"https:\\\/\\\/www.inov-u.com\\\/wp-content\\\/uploads\\\/2024\\\/02\\\/inovu_favicon.png\",\"contentUrl\":\"https:\\\/\\\/www.inov-u.com\\\/wp-content\\\/uploads\\\/2024\\\/02\\\/inovu_favicon.png\",\"width\":512,\"height\":512,\"caption\":\"INOVU\"},\"image\":{\"@id\":\"https:\\\/\\\/www.inov-u.com\\\/en\\\/#\\\/schema\\\/logo\\\/image\\\/\"}}]}<\/script>\n<!-- \/ Yoast SEO plugin. -->","yoast_head_json":{"title":"INOVU | Trousse de voyage Travel Pouch (Vinyl)","robots":{"index":"index","follow":"follow","max-snippet":"max-snippet:-1","max-image-preview":"max-image-preview:large","max-video-preview":"max-video-preview:-1"},"canonical":"https:\/\/www.inov-u.com\/en\/products\/bags\/bag-backpack\/trousse-de-voyage-travel-pouch-vinyl\/","og_locale":"en_US","og_type":"article","og_title":"INOVU | Trousse de voyage Travel Pouch (Vinyl)","og_description":"La\u00a0Travel Pouch d'INOVU\u00a0est une\u00a0Trousse de voyage\u00a0\u00e9l\u00e9gante et pratique con\u00e7ue pour transporter et prot\u00e9ger efficacement vos accessoires","og_url":"https:\/\/www.inov-u.com\/en\/products\/bags\/bag-backpack\/trousse-de-voyage-travel-pouch-vinyl\/","og_site_name":"INOVU","og_image":[{"width":1000,"height":1000,"url":"https:\/\/www.inov-u.com\/wp-content\/uploads\/2025\/09\/Travel-Pouch-Vinyl_01.webp","type":"image\/webp"}],"twitter_card":"summary_large_image","twitter_misc":{"Est. reading time":"1 minute"},"schema":{"@context":"https:\/\/schema.org","@graph":[{"@type":["WebPage","ItemPage"],"@id":"https:\/\/www.inov-u.com\/en\/products\/bags\/bag-backpack\/trousse-de-voyage-travel-pouch-vinyl\/","url":"https:\/\/www.inov-u.com\/en\/products\/bags\/bag-backpack\/trousse-de-voyage-travel-pouch-vinyl\/","name":"INOVU | Trousse de voyage Travel Pouch (Vinyl)","isPartOf":{"@id":"https:\/\/www.inov-u.com\/en\/#website"},"primaryImageOfPage":{"@id":"https:\/\/www.inov-u.com\/en\/products\/bags\/bag-backpack\/trousse-de-voyage-travel-pouch-vinyl\/#primaryimage"},"image":{"@id":"https:\/\/www.inov-u.com\/en\/products\/bags\/bag-backpack\/trousse-de-voyage-travel-pouch-vinyl\/#primaryimage"},"thumbnailUrl":"https:\/\/www.inov-u.com\/wp-content\/uploads\/2025\/09\/Travel-Pouch-Vinyl_01.webp","datePublished":"2025-09-02T09:48:05+00:00","breadcrumb":{"@id":"https:\/\/www.inov-u.com\/en\/products\/bags\/bag-backpack\/trousse-de-voyage-travel-pouch-vinyl\/#breadcrumb"},"inLanguage":"en-US","potentialAction":[{"@type":"ReadAction","target":["https:\/\/www.inov-u.com\/en\/products\/bags\/bag-backpack\/trousse-de-voyage-travel-pouch-vinyl\/"]}]},{"@type":"ImageObject","inLanguage":"en-US","@id":"https:\/\/www.inov-u.com\/en\/products\/bags\/bag-backpack\/trousse-de-voyage-travel-pouch-vinyl\/#primaryimage","url":"https:\/\/www.inov-u.com\/wp-content\/uploads\/2025\/09\/Travel-Pouch-Vinyl_01.webp","contentUrl":"https:\/\/www.inov-u.com\/wp-content\/uploads\/2025\/09\/Travel-Pouch-Vinyl_01.webp","width":1000,"height":1000},{"@type":"BreadcrumbList","@id":"https:\/\/www.inov-u.com\/en\/products\/bags\/bag-backpack\/trousse-de-voyage-travel-pouch-vinyl\/#breadcrumb","itemListElement":[{"@type":"ListItem","position":1,"name":"Home","item":"https:\/\/www.inov-u.com\/en\/"},{"@type":"ListItem","position":2,"name":"Products","item":"https:\/\/www.inov-u.com\/nos-univers\/"},{"@type":"ListItem","position":3,"name":"Bags","item":"https:\/\/www.inov-u.com\/en\/nos-univers\/bags\/"},{"@type":"ListItem","position":4,"name":"Bag &amp; Backpack","item":"https:\/\/www.inov-u.com\/en\/nos-univers\/bags\/bag-backpack\/"},{"@type":"ListItem","position":5,"name":"Trousse de voyage Travel Pouch (Vinyl)"}]},{"@type":"WebSite","@id":"https:\/\/www.inov-u.com\/en\/#website","url":"https:\/\/www.inov-u.com\/en\/","name":"INOVU","description":"L&#039;\u00e9quipement informatique du quotidien","publisher":{"@id":"https:\/\/www.inov-u.com\/en\/#organization"},"potentialAction":[{"@type":"SearchAction","target":{"@type":"EntryPoint","urlTemplate":"https:\/\/www.inov-u.com\/en\/?s={search_term_string}"},"query-input":{"@type":"PropertyValueSpecification","valueRequired":true,"valueName":"search_term_string"}}],"inLanguage":"en-US"},{"@type":"Organization","@id":"https:\/\/www.inov-u.com\/en\/#organization","name":"INOVU","url":"https:\/\/www.inov-u.com\/en\/","logo":{"@type":"ImageObject","inLanguage":"en-US","@id":"https:\/\/www.inov-u.com\/en\/#\/schema\/logo\/image\/","url":"https:\/\/www.inov-u.com\/wp-content\/uploads\/2024\/02\/inovu_favicon.png","contentUrl":"https:\/\/www.inov-u.com\/wp-content\/uploads\/2024\/02\/inovu_favicon.png","width":512,"height":512,"caption":"INOVU"},"image":{"@id":"https:\/\/www.inov-u.com\/en\/#\/schema\/logo\/image\/"}}]}},"_links":{"self":[{"href":"https:\/\/www.inov-u.com\/en\/wp-json\/wp\/v2\/product\/10305","targetHints":{"allow":["GET"]}}],"collection":[{"href":"https:\/\/www.inov-u.com\/en\/wp-json\/wp\/v2\/product"}],"about":[{"href":"https:\/\/www.inov-u.com\/en\/wp-json\/wp\/v2\/types\/product"}],"replies":[{"embeddable":true,"href":"https:\/\/www.inov-u.com\/en\/wp-json\/wp\/v2\/comments?post=10305"}],"version-history":[{"count":2,"href":"https:\/\/www.inov-u.com\/en\/wp-json\/wp\/v2\/product\/10305\/revisions"}],"predecessor-version":[{"id":10320,"href":"https:\/\/www.inov-u.com\/en\/wp-json\/wp\/v2\/product\/10305\/revisions\/10320"}],"wp:featuredmedia":[{"embeddable":true,"href":"https:\/\/www.inov-u.com\/en\/wp-json\/wp\/v2\/media\/10307"}],"wp:attachment":[{"href":"https:\/\/www.inov-u.com\/en\/wp-json\/wp\/v2\/media?parent=10305"}],"wp:term":[{"taxonomy":"product_brand","embeddable":true,"href":"https:\/\/www.inov-u.com\/en\/wp-json\/wp\/v2\/product_brand?post=10305"},{"taxonomy":"product_cat","embeddable":true,"href":"https:\/\/www.inov-u.com\/en\/wp-json\/wp\/v2\/product_cat?post=10305"},{"taxonomy":"product_tag","embeddable":true,"href":"https:\/\/www.inov-u.com\/en\/wp-json\/wp\/v2\/product_tag?post=10305"}],"curies":[{"name":"wp","href":"https:\/\/api.w.org\/{rel}","templated":true}]}}