{"id":10342,"date":"2025-09-16T11:47:28","date_gmt":"2025-09-16T09:47:28","guid":{"rendered":"https:\/\/www.inov-u.com\/?post_type=product&#038;p=10342"},"modified":"2025-09-16T11:47:28","modified_gmt":"2025-09-16T09:47:28","slug":"genius-backpack-noir","status":"publish","type":"product","link":"https:\/\/www.inov-u.com\/en\/products\/bags\/bag-backpack\/genius-backpack-noir\/","title":{"rendered":"Genius Backpack (Noir)"},"content":{"rendered":"\t\t<div data-elementor-type=\"container\" data-elementor-id=\"10355\" class=\"elementor elementor-10355\" data-elementor-post-type=\"elementor_library\">\n\t\t\t\t<div class=\"elementor-element elementor-element-7975e6c e-con-full e-flex e-con e-parent\" data-id=\"7975e6c\" data-element_type=\"container\" data-e-type=\"container\">\n\t\t<div class=\"elementor-element elementor-element-8f159db e-con-full e-flex e-con e-child\" data-id=\"8f159db\" data-element_type=\"container\" data-e-type=\"container\">\n\t\t<div class=\"elementor-element elementor-element-be6fc47 e-con-full e-flex e-con e-child\" data-id=\"be6fc47\" data-element_type=\"container\" data-e-type=\"container\">\n\t\t\t\t<div class=\"elementor-element elementor-element-b2d585c elementor-widget elementor-widget-heading\" data-id=\"b2d585c\" data-element_type=\"widget\" data-e-type=\"widget\" data-widget_type=\"heading.default\">\n\t\t\t\t<div class=\"elementor-widget-container\">\n\t\t\t\t\t<h2 class=\"elementor-heading-title elementor-size-default\">Sac \u00e0 dos ing\u00e9nieux, robuste et polyvalent<\/h2>\t\t\t\t<\/div>\n\t\t\t\t<\/div>\n\t\t\t\t<div class=\"elementor-element elementor-element-2602b25 elementor-widget elementor-widget-text-editor\" data-id=\"2602b25\" data-element_type=\"widget\" data-e-type=\"widget\" data-widget_type=\"text-editor.default\">\n\t\t\t\t<div class=\"elementor-widget-container\">\n\t\t\t\t\t\t\t\t\t<p>L&#8217;<strong>INOVU Genius Backpack\u00a0<\/strong>est un\u00a0<strong>sac \u00e0 dos polyvalent et pratique pour PC portable<\/strong>. Robuste, confortable et bien pens\u00e9, il offre\u00a0un\u00a0<strong>volume interne de 18L<\/strong>, une\u00a0<strong>protection hydrofuge\u00a0<\/strong>ainsi qu&#8217;une\u00a0<strong>zone d\u00e9di\u00e9e pour accessoires ou appareil photo\u00a0<\/strong>(<strong>avec pochette\u00a03.3L incluse<\/strong>). Il est id\u00e9al pour transporter en toute s\u00e9curit\u00e9 un\u00a0<strong>PC portable d&#8217;une taille de 15.6 pouces<\/strong>\u00a0ainsi que de nombreux accessoires.<\/p>\t\t\t\t\t\t\t\t<\/div>\n\t\t\t\t<\/div>\n\t\t\t\t<\/div>\n\t\t\t\t<\/div>\n\t\t<div class=\"elementor-element elementor-element-757efc9 e-con-full e-flex e-con e-child\" data-id=\"757efc9\" data-element_type=\"container\" data-e-type=\"container\">\n\t\t<div class=\"elementor-element elementor-element-e18eb3e e-con-full e-flex e-con e-child\" data-id=\"e18eb3e\" data-element_type=\"container\" data-e-type=\"container\">\n\t\t\t\t<div class=\"elementor-element elementor-element-5712476 elementor-widget elementor-widget-image\" data-id=\"5712476\" data-element_type=\"widget\" data-e-type=\"widget\" data-widget_type=\"image.default\">\n\t\t\t\t<div class=\"elementor-widget-container\">\n\t\t\t\t\t\t\t\t\t\t\t\t\t\t\t<img fetchpriority=\"high\" decoding=\"async\" width=\"800\" height=\"800\" src=\"https:\/\/www.inov-u.com\/wp-content\/uploads\/2025\/09\/GeniusBlack_LF01.webp\" class=\"attachment-large size-large wp-image-10357\" alt=\"\" srcset=\"https:\/\/www.inov-u.com\/wp-content\/uploads\/2025\/09\/GeniusBlack_LF01.webp 1000w, https:\/\/www.inov-u.com\/wp-content\/uploads\/2025\/09\/GeniusBlack_LF01-300x300.webp 300w, https:\/\/www.inov-u.com\/wp-content\/uploads\/2025\/09\/GeniusBlack_LF01-150x150.webp 150w, https:\/\/www.inov-u.com\/wp-content\/uploads\/2025\/09\/GeniusBlack_LF01-768x768.webp 768w, https:\/\/www.inov-u.com\/wp-content\/uploads\/2025\/09\/GeniusBlack_LF01-700x700.webp 700w, https:\/\/www.inov-u.com\/wp-content\/uploads\/2025\/09\/GeniusBlack_LF01-600x600.webp 600w, https:\/\/www.inov-u.com\/wp-content\/uploads\/2025\/09\/GeniusBlack_LF01-100x100.webp 100w\" sizes=\"(max-width: 800px) 100vw, 800px\" \/>\t\t\t\t\t\t\t\t\t\t\t\t\t\t\t<\/div>\n\t\t\t\t<\/div>\n\t\t\t\t<\/div>\n\t\t<div class=\"elementor-element elementor-element-e7f55b7 e-con-full e-flex e-con e-child\" data-id=\"e7f55b7\" data-element_type=\"container\" data-e-type=\"container\">\n\t\t\t\t<div class=\"elementor-element elementor-element-d9d7e98 elementor-widget elementor-widget-heading\" data-id=\"d9d7e98\" data-element_type=\"widget\" data-e-type=\"widget\" data-widget_type=\"heading.default\">\n\t\t\t\t<div class=\"elementor-widget-container\">\n\t\t\t\t\t<h2 class=\"elementor-heading-title elementor-size-default\">Tout Votre \u00e9quipement avec vous<\/h2>\t\t\t\t<\/div>\n\t\t\t\t<\/div>\n\t\t\t\t<div class=\"elementor-element elementor-element-21ee8a3 elementor-widget elementor-widget-text-editor\" data-id=\"21ee8a3\" data-element_type=\"widget\" data-e-type=\"widget\" data-widget_type=\"text-editor.default\">\n\t\t\t\t<div class=\"elementor-widget-container\">\n\t\t\t\t\t\t\t\t\t<p>L&#8217;<strong>INOVU Genius Backpack\u00a0<\/strong>est un sac \u00e0 dos confortable et \u00e9l\u00e9gant. Il permet de transporter facilement votre mat\u00e9riel informatique ainsi que les accessoires indispensables \u00e0 son utilisation. Sa poign\u00e9e, ses sangles ajustables et son rev\u00eatement hydrofuge sont autant d&#8217;atouts visant \u00e0 vous simplifier la vie. En outre, sa\u00a0<strong>zone d\u00e9di\u00e9e pour accessoires ou appareil photo<\/strong>\u00a0<strong>avec pochette\u00a0incluse\u00a0<\/strong>offre de belles perspectives aux artistes comme aux cr\u00e9ateurs.<\/p>\t\t\t\t\t\t\t\t<\/div>\n\t\t\t\t<\/div>\n\t\t\t\t<\/div>\n\t\t\t\t<\/div>\n\t\t<div class=\"elementor-element elementor-element-3cef9ac e-con-full e-flex e-con e-child\" data-id=\"3cef9ac\" data-element_type=\"container\" data-e-type=\"container\">\n\t\t<div class=\"elementor-element elementor-element-c7db774 e-con-full e-flex e-con e-child\" data-id=\"c7db774\" data-element_type=\"container\" data-e-type=\"container\">\n\t\t\t\t<div class=\"elementor-element elementor-element-2650774 elementor-widget elementor-widget-heading\" data-id=\"2650774\" data-element_type=\"widget\" data-e-type=\"widget\" data-widget_type=\"heading.default\">\n\t\t\t\t<div class=\"elementor-widget-container\">\n\t\t\t\t\t<h2 class=\"elementor-heading-title elementor-size-default\">Caract\u00e9ristiques principales<\/h2>\t\t\t\t<\/div>\n\t\t\t\t<\/div>\n\t\t\t\t<div class=\"elementor-element elementor-element-2ac38ff elementor-widget elementor-widget-text-editor\" data-id=\"2ac38ff\" data-element_type=\"widget\" data-e-type=\"widget\" data-widget_type=\"text-editor.default\">\n\t\t\t\t<div class=\"elementor-widget-container\">\n\t\t\t\t\t\t\t\t\t<ul><li><strong>Sac \u00e0 dos pour PC portable jusqu&#8217;\u00e0 15.6&#8243;<\/strong><\/li><li>Protection hydrofuge<\/li><li><strong>Pochette pour accessoires ou\u00a0appareil photo avec zone d\u00e9di\u00e9e<\/strong><\/li><li><strong>Bretelles et panneau dorsal renforc\u00e9s<\/strong><\/li><li>Volume du sac \u00e0 dos : 18L<\/li><li>Dimensions du sac \u00e0 dos\u00a0: 290 x 150\u00a0x 445\u00a0mm<\/li><li>Volume pochette accessoires : 3.3L<\/li><li>Dimensions de la pochette accessoires : 240 x 105 x 160 mm<\/li><li>Poids du sac \u00e0 dos : 1.15 kg (pochette : 200 gr)<\/li><li>Compatible trolley (sangle bagage)<\/li><\/ul>\t\t\t\t\t\t\t\t<\/div>\n\t\t\t\t<\/div>\n\t\t\t\t<\/div>\n\t\t<div class=\"elementor-element elementor-element-0a5e0a5 e-con-full e-flex e-con e-child\" data-id=\"0a5e0a5\" data-element_type=\"container\" data-e-type=\"container\">\n\t\t\t\t<div class=\"elementor-element elementor-element-6a8234b elementor-widget elementor-widget-image\" data-id=\"6a8234b\" data-element_type=\"widget\" data-e-type=\"widget\" data-widget_type=\"image.default\">\n\t\t\t\t<div class=\"elementor-widget-container\">\n\t\t\t\t\t\t\t\t\t\t\t\t\t\t\t<img decoding=\"async\" width=\"800\" height=\"800\" src=\"https:\/\/www.inov-u.com\/wp-content\/uploads\/2025\/09\/GeniusBlack_LF02.webp\" class=\"attachment-large size-large wp-image-10359\" alt=\"\" srcset=\"https:\/\/www.inov-u.com\/wp-content\/uploads\/2025\/09\/GeniusBlack_LF02.webp 1000w, https:\/\/www.inov-u.com\/wp-content\/uploads\/2025\/09\/GeniusBlack_LF02-300x300.webp 300w, https:\/\/www.inov-u.com\/wp-content\/uploads\/2025\/09\/GeniusBlack_LF02-150x150.webp 150w, https:\/\/www.inov-u.com\/wp-content\/uploads\/2025\/09\/GeniusBlack_LF02-768x768.webp 768w, https:\/\/www.inov-u.com\/wp-content\/uploads\/2025\/09\/GeniusBlack_LF02-700x700.webp 700w, https:\/\/www.inov-u.com\/wp-content\/uploads\/2025\/09\/GeniusBlack_LF02-600x600.webp 600w, https:\/\/www.inov-u.com\/wp-content\/uploads\/2025\/09\/GeniusBlack_LF02-100x100.webp 100w\" sizes=\"(max-width: 800px) 100vw, 800px\" \/>\t\t\t\t\t\t\t\t\t\t\t\t\t\t\t<\/div>\n\t\t\t\t<\/div>\n\t\t\t\t<\/div>\n\t\t\t\t<\/div>\n\t\t\t\t<\/div>\n\t\t\t\t<\/div>\n\t\t\n","protected":false},"excerpt":{"rendered":"<p>L&#8217;INOVU Genius Backpack\u00a0est un\u00a0sac \u00e0 dos polyvalent et pratique pour PC portable.<\/p>\n","protected":false},"featured_media":10345,"comment_status":"open","ping_status":"closed","template":"","meta":{"_acf_changed":false},"product_brand":[],"product_cat":[36],"product_tag":[],"class_list":{"0":"post-10342","1":"product","2":"type-product","3":"status-publish","4":"has-post-thumbnail","6":"product_cat-sac-sac-a-dos","8":"first","9":"instock","10":"shipping-taxable","11":"product-type-simple"},"acf":[],"yoast_head":"<!-- This site is optimized with the Yoast SEO plugin v27.4 - https:\/\/yoast.com\/product\/yoast-seo-wordpress\/ -->\n<title>INOVU | Genius Backpack (Noir)<\/title>\n<meta name=\"robots\" content=\"index, follow, max-snippet:-1, max-image-preview:large, max-video-preview:-1\" \/>\n<link rel=\"canonical\" href=\"https:\/\/www.inov-u.com\/en\/products\/bags\/bag-backpack\/genius-backpack-noir\/\" \/>\n<meta property=\"og:locale\" content=\"en_US\" \/>\n<meta property=\"og:type\" content=\"article\" \/>\n<meta property=\"og:title\" content=\"INOVU | Genius Backpack (Noir)\" \/>\n<meta property=\"og:description\" content=\"L&#039;INOVU Genius Backpack\u00a0est un\u00a0sac \u00e0 dos polyvalent et pratique pour PC portable.\" \/>\n<meta property=\"og:url\" content=\"https:\/\/www.inov-u.com\/en\/products\/bags\/bag-backpack\/genius-backpack-noir\/\" \/>\n<meta property=\"og:site_name\" content=\"INOVU\" \/>\n<meta property=\"og:image\" content=\"https:\/\/www.inov-u.com\/wp-content\/uploads\/2025\/09\/GeniusBlack_01.webp\" \/>\n\t<meta property=\"og:image:width\" content=\"1000\" \/>\n\t<meta property=\"og:image:height\" content=\"1000\" \/>\n\t<meta property=\"og:image:type\" content=\"image\/webp\" \/>\n<meta name=\"twitter:card\" content=\"summary_large_image\" \/>\n<meta name=\"twitter:label1\" content=\"Est. reading time\" \/>\n\t<meta name=\"twitter:data1\" content=\"1 minute\" \/>\n<script type=\"application\/ld+json\" class=\"yoast-schema-graph\">{\"@context\":\"https:\\\/\\\/schema.org\",\"@graph\":[{\"@type\":[\"WebPage\",\"ItemPage\"],\"@id\":\"https:\\\/\\\/www.inov-u.com\\\/en\\\/products\\\/bags\\\/bag-backpack\\\/genius-backpack-noir\\\/\",\"url\":\"https:\\\/\\\/www.inov-u.com\\\/en\\\/products\\\/bags\\\/bag-backpack\\\/genius-backpack-noir\\\/\",\"name\":\"INOVU | Genius Backpack (Noir)\",\"isPartOf\":{\"@id\":\"https:\\\/\\\/www.inov-u.com\\\/en\\\/#website\"},\"primaryImageOfPage\":{\"@id\":\"https:\\\/\\\/www.inov-u.com\\\/en\\\/products\\\/bags\\\/bag-backpack\\\/genius-backpack-noir\\\/#primaryimage\"},\"image\":{\"@id\":\"https:\\\/\\\/www.inov-u.com\\\/en\\\/products\\\/bags\\\/bag-backpack\\\/genius-backpack-noir\\\/#primaryimage\"},\"thumbnailUrl\":\"https:\\\/\\\/www.inov-u.com\\\/wp-content\\\/uploads\\\/2025\\\/09\\\/GeniusBlack_01.webp\",\"datePublished\":\"2025-09-16T09:47:28+00:00\",\"breadcrumb\":{\"@id\":\"https:\\\/\\\/www.inov-u.com\\\/en\\\/products\\\/bags\\\/bag-backpack\\\/genius-backpack-noir\\\/#breadcrumb\"},\"inLanguage\":\"en-US\",\"potentialAction\":[{\"@type\":\"ReadAction\",\"target\":[\"https:\\\/\\\/www.inov-u.com\\\/en\\\/products\\\/bags\\\/bag-backpack\\\/genius-backpack-noir\\\/\"]}]},{\"@type\":\"ImageObject\",\"inLanguage\":\"en-US\",\"@id\":\"https:\\\/\\\/www.inov-u.com\\\/en\\\/products\\\/bags\\\/bag-backpack\\\/genius-backpack-noir\\\/#primaryimage\",\"url\":\"https:\\\/\\\/www.inov-u.com\\\/wp-content\\\/uploads\\\/2025\\\/09\\\/GeniusBlack_01.webp\",\"contentUrl\":\"https:\\\/\\\/www.inov-u.com\\\/wp-content\\\/uploads\\\/2025\\\/09\\\/GeniusBlack_01.webp\",\"width\":1000,\"height\":1000},{\"@type\":\"BreadcrumbList\",\"@id\":\"https:\\\/\\\/www.inov-u.com\\\/en\\\/products\\\/bags\\\/bag-backpack\\\/genius-backpack-noir\\\/#breadcrumb\",\"itemListElement\":[{\"@type\":\"ListItem\",\"position\":1,\"name\":\"Home\",\"item\":\"https:\\\/\\\/www.inov-u.com\\\/en\\\/\"},{\"@type\":\"ListItem\",\"position\":2,\"name\":\"Products\",\"item\":\"https:\\\/\\\/www.inov-u.com\\\/nos-univers\\\/\"},{\"@type\":\"ListItem\",\"position\":3,\"name\":\"Bags\",\"item\":\"https:\\\/\\\/www.inov-u.com\\\/en\\\/nos-univers\\\/bags\\\/\"},{\"@type\":\"ListItem\",\"position\":4,\"name\":\"Bag &amp; Backpack\",\"item\":\"https:\\\/\\\/www.inov-u.com\\\/en\\\/nos-univers\\\/bags\\\/bag-backpack\\\/\"},{\"@type\":\"ListItem\",\"position\":5,\"name\":\"Genius Backpack (Noir)\"}]},{\"@type\":\"WebSite\",\"@id\":\"https:\\\/\\\/www.inov-u.com\\\/en\\\/#website\",\"url\":\"https:\\\/\\\/www.inov-u.com\\\/en\\\/\",\"name\":\"INOVU\",\"description\":\"L&#039;\u00e9quipement informatique du quotidien\",\"publisher\":{\"@id\":\"https:\\\/\\\/www.inov-u.com\\\/en\\\/#organization\"},\"potentialAction\":[{\"@type\":\"SearchAction\",\"target\":{\"@type\":\"EntryPoint\",\"urlTemplate\":\"https:\\\/\\\/www.inov-u.com\\\/en\\\/?s={search_term_string}\"},\"query-input\":{\"@type\":\"PropertyValueSpecification\",\"valueRequired\":true,\"valueName\":\"search_term_string\"}}],\"inLanguage\":\"en-US\"},{\"@type\":\"Organization\",\"@id\":\"https:\\\/\\\/www.inov-u.com\\\/en\\\/#organization\",\"name\":\"INOVU\",\"url\":\"https:\\\/\\\/www.inov-u.com\\\/en\\\/\",\"logo\":{\"@type\":\"ImageObject\",\"inLanguage\":\"en-US\",\"@id\":\"https:\\\/\\\/www.inov-u.com\\\/en\\\/#\\\/schema\\\/logo\\\/image\\\/\",\"url\":\"https:\\\/\\\/www.inov-u.com\\\/wp-content\\\/uploads\\\/2024\\\/02\\\/inovu_favicon.png\",\"contentUrl\":\"https:\\\/\\\/www.inov-u.com\\\/wp-content\\\/uploads\\\/2024\\\/02\\\/inovu_favicon.png\",\"width\":512,\"height\":512,\"caption\":\"INOVU\"},\"image\":{\"@id\":\"https:\\\/\\\/www.inov-u.com\\\/en\\\/#\\\/schema\\\/logo\\\/image\\\/\"}}]}<\/script>\n<!-- \/ Yoast SEO plugin. -->","yoast_head_json":{"title":"INOVU | Genius Backpack (Noir)","robots":{"index":"index","follow":"follow","max-snippet":"max-snippet:-1","max-image-preview":"max-image-preview:large","max-video-preview":"max-video-preview:-1"},"canonical":"https:\/\/www.inov-u.com\/en\/products\/bags\/bag-backpack\/genius-backpack-noir\/","og_locale":"en_US","og_type":"article","og_title":"INOVU | Genius Backpack (Noir)","og_description":"L'INOVU Genius Backpack\u00a0est un\u00a0sac \u00e0 dos polyvalent et pratique pour PC portable.","og_url":"https:\/\/www.inov-u.com\/en\/products\/bags\/bag-backpack\/genius-backpack-noir\/","og_site_name":"INOVU","og_image":[{"width":1000,"height":1000,"url":"https:\/\/www.inov-u.com\/wp-content\/uploads\/2025\/09\/GeniusBlack_01.webp","type":"image\/webp"}],"twitter_card":"summary_large_image","twitter_misc":{"Est. reading time":"1 minute"},"schema":{"@context":"https:\/\/schema.org","@graph":[{"@type":["WebPage","ItemPage"],"@id":"https:\/\/www.inov-u.com\/en\/products\/bags\/bag-backpack\/genius-backpack-noir\/","url":"https:\/\/www.inov-u.com\/en\/products\/bags\/bag-backpack\/genius-backpack-noir\/","name":"INOVU | Genius Backpack (Noir)","isPartOf":{"@id":"https:\/\/www.inov-u.com\/en\/#website"},"primaryImageOfPage":{"@id":"https:\/\/www.inov-u.com\/en\/products\/bags\/bag-backpack\/genius-backpack-noir\/#primaryimage"},"image":{"@id":"https:\/\/www.inov-u.com\/en\/products\/bags\/bag-backpack\/genius-backpack-noir\/#primaryimage"},"thumbnailUrl":"https:\/\/www.inov-u.com\/wp-content\/uploads\/2025\/09\/GeniusBlack_01.webp","datePublished":"2025-09-16T09:47:28+00:00","breadcrumb":{"@id":"https:\/\/www.inov-u.com\/en\/products\/bags\/bag-backpack\/genius-backpack-noir\/#breadcrumb"},"inLanguage":"en-US","potentialAction":[{"@type":"ReadAction","target":["https:\/\/www.inov-u.com\/en\/products\/bags\/bag-backpack\/genius-backpack-noir\/"]}]},{"@type":"ImageObject","inLanguage":"en-US","@id":"https:\/\/www.inov-u.com\/en\/products\/bags\/bag-backpack\/genius-backpack-noir\/#primaryimage","url":"https:\/\/www.inov-u.com\/wp-content\/uploads\/2025\/09\/GeniusBlack_01.webp","contentUrl":"https:\/\/www.inov-u.com\/wp-content\/uploads\/2025\/09\/GeniusBlack_01.webp","width":1000,"height":1000},{"@type":"BreadcrumbList","@id":"https:\/\/www.inov-u.com\/en\/products\/bags\/bag-backpack\/genius-backpack-noir\/#breadcrumb","itemListElement":[{"@type":"ListItem","position":1,"name":"Home","item":"https:\/\/www.inov-u.com\/en\/"},{"@type":"ListItem","position":2,"name":"Products","item":"https:\/\/www.inov-u.com\/nos-univers\/"},{"@type":"ListItem","position":3,"name":"Bags","item":"https:\/\/www.inov-u.com\/en\/nos-univers\/bags\/"},{"@type":"ListItem","position":4,"name":"Bag &amp; Backpack","item":"https:\/\/www.inov-u.com\/en\/nos-univers\/bags\/bag-backpack\/"},{"@type":"ListItem","position":5,"name":"Genius Backpack (Noir)"}]},{"@type":"WebSite","@id":"https:\/\/www.inov-u.com\/en\/#website","url":"https:\/\/www.inov-u.com\/en\/","name":"INOVU","description":"L&#039;\u00e9quipement informatique du quotidien","publisher":{"@id":"https:\/\/www.inov-u.com\/en\/#organization"},"potentialAction":[{"@type":"SearchAction","target":{"@type":"EntryPoint","urlTemplate":"https:\/\/www.inov-u.com\/en\/?s={search_term_string}"},"query-input":{"@type":"PropertyValueSpecification","valueRequired":true,"valueName":"search_term_string"}}],"inLanguage":"en-US"},{"@type":"Organization","@id":"https:\/\/www.inov-u.com\/en\/#organization","name":"INOVU","url":"https:\/\/www.inov-u.com\/en\/","logo":{"@type":"ImageObject","inLanguage":"en-US","@id":"https:\/\/www.inov-u.com\/en\/#\/schema\/logo\/image\/","url":"https:\/\/www.inov-u.com\/wp-content\/uploads\/2024\/02\/inovu_favicon.png","contentUrl":"https:\/\/www.inov-u.com\/wp-content\/uploads\/2024\/02\/inovu_favicon.png","width":512,"height":512,"caption":"INOVU"},"image":{"@id":"https:\/\/www.inov-u.com\/en\/#\/schema\/logo\/image\/"}}]}},"_links":{"self":[{"href":"https:\/\/www.inov-u.com\/en\/wp-json\/wp\/v2\/product\/10342","targetHints":{"allow":["GET"]}}],"collection":[{"href":"https:\/\/www.inov-u.com\/en\/wp-json\/wp\/v2\/product"}],"about":[{"href":"https:\/\/www.inov-u.com\/en\/wp-json\/wp\/v2\/types\/product"}],"replies":[{"embeddable":true,"href":"https:\/\/www.inov-u.com\/en\/wp-json\/wp\/v2\/comments?post=10342"}],"version-history":[{"count":3,"href":"https:\/\/www.inov-u.com\/en\/wp-json\/wp\/v2\/product\/10342\/revisions"}],"predecessor-version":[{"id":10362,"href":"https:\/\/www.inov-u.com\/en\/wp-json\/wp\/v2\/product\/10342\/revisions\/10362"}],"wp:featuredmedia":[{"embeddable":true,"href":"https:\/\/www.inov-u.com\/en\/wp-json\/wp\/v2\/media\/10345"}],"wp:attachment":[{"href":"https:\/\/www.inov-u.com\/en\/wp-json\/wp\/v2\/media?parent=10342"}],"wp:term":[{"taxonomy":"product_brand","embeddable":true,"href":"https:\/\/www.inov-u.com\/en\/wp-json\/wp\/v2\/product_brand?post=10342"},{"taxonomy":"product_cat","embeddable":true,"href":"https:\/\/www.inov-u.com\/en\/wp-json\/wp\/v2\/product_cat?post=10342"},{"taxonomy":"product_tag","embeddable":true,"href":"https:\/\/www.inov-u.com\/en\/wp-json\/wp\/v2\/product_tag?post=10342"}],"curies":[{"name":"wp","href":"https:\/\/api.w.org\/{rel}","templated":true}]}}