{"id":10393,"date":"2025-09-16T14:47:10","date_gmt":"2025-09-16T12:47:10","guid":{"rendered":"https:\/\/www.inov-u.com\/?post_type=product&#038;p=10393"},"modified":"2025-09-16T14:52:55","modified_gmt":"2025-09-16T12:52:55","slug":"23-8-led-tactile-t238","status":"publish","type":"product","link":"https:\/\/www.inov-u.com\/en\/products\/pc-peripherals\/monitor\/23-8-led-tactile-t238\/","title":{"rendered":"23.8&#8243; LED Tactile &#8211; T238"},"content":{"rendered":"\t\t<div data-elementor-type=\"container\" data-elementor-id=\"10409\" class=\"elementor elementor-10409\" data-elementor-post-type=\"elementor_library\">\n\t\t\t\t<div class=\"elementor-element elementor-element-7975e6c e-con-full e-flex e-con e-parent\" data-id=\"7975e6c\" data-element_type=\"container\" data-e-type=\"container\">\n\t\t<div class=\"elementor-element elementor-element-8f159db e-con-full e-flex e-con e-child\" data-id=\"8f159db\" data-element_type=\"container\" data-e-type=\"container\">\n\t\t<div class=\"elementor-element elementor-element-be6fc47 e-con-full e-flex e-con e-child\" data-id=\"be6fc47\" data-element_type=\"container\" data-e-type=\"container\">\n\t\t\t\t<div class=\"elementor-element elementor-element-b2d585c elementor-widget elementor-widget-heading\" data-id=\"b2d585c\" data-element_type=\"widget\" data-e-type=\"widget\" data-widget_type=\"heading.default\">\n\t\t\t\t<div class=\"elementor-widget-container\">\n\t\t\t\t\t<h2 class=\"elementor-heading-title elementor-size-default\">Un \u00e9cran tactile inclinable<\/h2>\t\t\t\t<\/div>\n\t\t\t\t<\/div>\n\t\t\t\t<div class=\"elementor-element elementor-element-2602b25 elementor-widget elementor-widget-text-editor\" data-id=\"2602b25\" data-element_type=\"widget\" data-e-type=\"widget\" data-widget_type=\"text-editor.default\">\n\t\t\t\t<div class=\"elementor-widget-container\">\n\t\t\t\t\t\t\t\t\t<p>Gr\u00e2ce \u00e0 son \u00e9cran tactile inclinable, le\u00a0<strong>moniteur INOVU T238\u00a0<\/strong>sera un achat id\u00e9al pour les lieux de vente et les salles de r\u00e9union. Sa dalle IPS de 23.8 pouces avec r\u00e9solution Full HD et fr\u00e9quence maximale de 100 Hz offre un excellent confort visuel. Pratique \u00e0 l&#8217;usage, il b\u00e9n\u00e9ficie de haut-parleurs int\u00e9gr\u00e9s et profite d&#8217;une connectique compl\u00e8te avec des connecteurs vid\u00e9o HDMI et DisplayPort et deux ports USB 3.0 pour le branchement de p\u00e9riph\u00e9riques.<\/p>\t\t\t\t\t\t\t\t<\/div>\n\t\t\t\t<\/div>\n\t\t\t\t<\/div>\n\t\t\t\t<\/div>\n\t\t<div class=\"elementor-element elementor-element-757efc9 e-con-full e-flex e-con e-child\" data-id=\"757efc9\" data-element_type=\"container\" data-e-type=\"container\">\n\t\t<div class=\"elementor-element elementor-element-e18eb3e e-con-full e-flex e-con e-child\" data-id=\"e18eb3e\" data-element_type=\"container\" data-e-type=\"container\">\n\t\t\t\t<div class=\"elementor-element elementor-element-5712476 elementor-widget elementor-widget-image\" data-id=\"5712476\" data-element_type=\"widget\" data-e-type=\"widget\" data-widget_type=\"image.default\">\n\t\t\t\t<div class=\"elementor-widget-container\">\n\t\t\t\t\t\t\t\t\t\t\t\t\t\t\t<img fetchpriority=\"high\" decoding=\"async\" width=\"800\" height=\"800\" src=\"https:\/\/www.inov-u.com\/wp-content\/uploads\/2025\/09\/T238_02.webp\" class=\"attachment-large size-large wp-image-10401\" alt=\"\" srcset=\"https:\/\/www.inov-u.com\/wp-content\/uploads\/2025\/09\/T238_02.webp 1000w, https:\/\/www.inov-u.com\/wp-content\/uploads\/2025\/09\/T238_02-300x300.webp 300w, https:\/\/www.inov-u.com\/wp-content\/uploads\/2025\/09\/T238_02-150x150.webp 150w, https:\/\/www.inov-u.com\/wp-content\/uploads\/2025\/09\/T238_02-768x768.webp 768w, https:\/\/www.inov-u.com\/wp-content\/uploads\/2025\/09\/T238_02-700x700.webp 700w, https:\/\/www.inov-u.com\/wp-content\/uploads\/2025\/09\/T238_02-600x600.webp 600w, https:\/\/www.inov-u.com\/wp-content\/uploads\/2025\/09\/T238_02-100x100.webp 100w\" sizes=\"(max-width: 800px) 100vw, 800px\" \/>\t\t\t\t\t\t\t\t\t\t\t\t\t\t\t<\/div>\n\t\t\t\t<\/div>\n\t\t\t\t<\/div>\n\t\t<div class=\"elementor-element elementor-element-e7f55b7 e-con-full e-flex e-con e-child\" data-id=\"e7f55b7\" data-element_type=\"container\" data-e-type=\"container\">\n\t\t\t\t<div class=\"elementor-element elementor-element-d9d7e98 elementor-widget elementor-widget-heading\" data-id=\"d9d7e98\" data-element_type=\"widget\" data-e-type=\"widget\" data-widget_type=\"heading.default\">\n\t\t\t\t<div class=\"elementor-widget-container\">\n\t\t\t\t\t<h2 class=\"elementor-heading-title elementor-size-default\">INOVU T238<\/h2>\t\t\t\t<\/div>\n\t\t\t\t<\/div>\n\t\t\t\t<div class=\"elementor-element elementor-element-21ee8a3 elementor-widget elementor-widget-text-editor\" data-id=\"21ee8a3\" data-element_type=\"widget\" data-e-type=\"widget\" data-widget_type=\"text-editor.default\">\n\t\t\t\t<div class=\"elementor-widget-container\">\n\t\t\t\t\t\t\t\t\t<p>Tout particuli\u00e8rement adapt\u00e9 pour une utilisation dans le cadre professionnel, ce moniteur INOVU \u00e0 \u00e9cran tactile r\u00e9pondra efficacement \u00e0 tous vos besoins au quotidien. Avec sa dalle tactile capacitive Multi-Touch sur 10 points, sa connectique compl\u00e8te, ses haut-parleurs int\u00e9gr\u00e9s et son inclinaison jusqu&#8217;\u00e0 un angle de 90\u00b0, il s&#8217;adaptera facilement \u00e0 vos besoins.\u00a0<\/p>\t\t\t\t\t\t\t\t<\/div>\n\t\t\t\t<\/div>\n\t\t\t\t<\/div>\n\t\t\t\t<\/div>\n\t\t<div class=\"elementor-element elementor-element-3cef9ac e-con-full e-flex e-con e-child\" data-id=\"3cef9ac\" data-element_type=\"container\" data-e-type=\"container\">\n\t\t<div class=\"elementor-element elementor-element-c7db774 e-con-full e-flex e-con e-child\" data-id=\"c7db774\" data-element_type=\"container\" data-e-type=\"container\">\n\t\t\t\t<div class=\"elementor-element elementor-element-2650774 elementor-widget elementor-widget-heading\" data-id=\"2650774\" data-element_type=\"widget\" data-e-type=\"widget\" data-widget_type=\"heading.default\">\n\t\t\t\t<div class=\"elementor-widget-container\">\n\t\t\t\t\t<h2 class=\"elementor-heading-title elementor-size-default\">\u00c9quipez vous \u00e0 prix avantageux<\/h2>\t\t\t\t<\/div>\n\t\t\t\t<\/div>\n\t\t\t\t<div class=\"elementor-element elementor-element-2ac38ff elementor-widget elementor-widget-text-editor\" data-id=\"2ac38ff\" data-element_type=\"widget\" data-e-type=\"widget\" data-widget_type=\"text-editor.default\">\n\t\t\t\t<div class=\"elementor-widget-container\">\n\t\t\t\t\t\t\t\t\t<p>Gr\u00e2ce \u00e0 INOVU, vous avez la possibilit\u00e9 de vous \u00e9quiper en mat\u00e9riel informatique \u00e0 moindres frais. Sp\u00e9cialiste des accessoires et \u00e9quipements informatiques, la marque propose des produits comp\u00e9titifs \u00e0 prix tr\u00e8s attractifs, avec en point de mire un rapport qualit\u00e9 \/ prix imbattable. Que vous soyez \u00e9tudiants, professionnels ou particuliers, INOVU vous permet d&#8217;acqu\u00e9rir le mat\u00e9riel dont vous avez besoin sans vous ruiner.<\/p>\t\t\t\t\t\t\t\t<\/div>\n\t\t\t\t<\/div>\n\t\t\t\t<\/div>\n\t\t<div class=\"elementor-element elementor-element-0a5e0a5 e-con-full e-flex e-con e-child\" data-id=\"0a5e0a5\" data-element_type=\"container\" data-e-type=\"container\">\n\t\t\t\t<div class=\"elementor-element elementor-element-6a8234b elementor-widget elementor-widget-image\" data-id=\"6a8234b\" data-element_type=\"widget\" data-e-type=\"widget\" data-widget_type=\"image.default\">\n\t\t\t\t<div class=\"elementor-widget-container\">\n\t\t\t\t\t\t\t\t\t\t\t\t\t\t\t<img decoding=\"async\" width=\"800\" height=\"800\" src=\"https:\/\/www.inov-u.com\/wp-content\/uploads\/2025\/09\/T238_04.webp\" class=\"attachment-large size-large wp-image-10405\" alt=\"\" srcset=\"https:\/\/www.inov-u.com\/wp-content\/uploads\/2025\/09\/T238_04.webp 1000w, https:\/\/www.inov-u.com\/wp-content\/uploads\/2025\/09\/T238_04-300x300.webp 300w, https:\/\/www.inov-u.com\/wp-content\/uploads\/2025\/09\/T238_04-150x150.webp 150w, https:\/\/www.inov-u.com\/wp-content\/uploads\/2025\/09\/T238_04-768x768.webp 768w, https:\/\/www.inov-u.com\/wp-content\/uploads\/2025\/09\/T238_04-700x700.webp 700w, https:\/\/www.inov-u.com\/wp-content\/uploads\/2025\/09\/T238_04-600x600.webp 600w, https:\/\/www.inov-u.com\/wp-content\/uploads\/2025\/09\/T238_04-100x100.webp 100w\" sizes=\"(max-width: 800px) 100vw, 800px\" \/>\t\t\t\t\t\t\t\t\t\t\t\t\t\t\t<\/div>\n\t\t\t\t<\/div>\n\t\t\t\t<\/div>\n\t\t\t\t<\/div>\n\t\t<div class=\"elementor-element elementor-element-cf23fd8 e-con-full e-flex e-con e-child\" data-id=\"cf23fd8\" data-element_type=\"container\" data-e-type=\"container\">\n\t\t<div class=\"elementor-element elementor-element-76f3050 e-con-full e-flex e-con e-child\" data-id=\"76f3050\" data-element_type=\"container\" data-e-type=\"container\">\n\t\t\t\t<div class=\"elementor-element elementor-element-723ba4e elementor-widget elementor-widget-heading\" data-id=\"723ba4e\" data-element_type=\"widget\" data-e-type=\"widget\" data-widget_type=\"heading.default\">\n\t\t\t\t<div class=\"elementor-widget-container\">\n\t\t\t\t\t<h2 class=\"elementor-heading-title elementor-size-default\">Caract\u00e9ristiques principales<\/h2>\t\t\t\t<\/div>\n\t\t\t\t<\/div>\n\t\t\t\t<div class=\"elementor-element elementor-element-4a6fc09 elementor-widget elementor-widget-text-editor\" data-id=\"4a6fc09\" data-element_type=\"widget\" data-e-type=\"widget\" data-widget_type=\"text-editor.default\">\n\t\t\t\t<div class=\"elementor-widget-container\">\n\t\t\t\t\t\t\t\t\t<ul><li><strong>\u00c9cran\u00a0tactile de 23.8 pouces<\/strong>\u00a0avec r\u00e9solution Full HD (1920 x 1080 pixels)<\/li><li>Dalle IPS : couleurs lumineuses et angles de vision larges<\/li><li>Taux de rafra\u00eechissement maximal de 100 Hz<\/li><li>Support de la technologie\u00a0Adaptive-Sync<\/li><li>Connecteur\u00a0HDMI 2.0 + 1x DisplayPort 1.4<\/li><li>Hub USB avec 2 ports USB 3.0<\/li><li>Sortie casque jack 3.5 mm<\/li><li>Inclinaison arri\u00e8re de l&#8217;\u00e9cran jusqu&#8217;\u00e0 un angle de 90\u00b0<\/li><li>Compatible fixation VESA 100 x 100<\/li><\/ul>\t\t\t\t\t\t\t\t<\/div>\n\t\t\t\t<\/div>\n\t\t\t\t<\/div>\n\t\t\t\t<\/div>\n\t\t\t\t<\/div>\n\t\t\t\t<\/div>\n\t\t\n","protected":false},"excerpt":{"rendered":"<p>Gr\u00e2ce \u00e0 son \u00e9cran tactile inclinable, le\u00a0moniteur INOVU T238\u00a0sera un achat id\u00e9al pour les lieux de vente et les salles de r\u00e9union.<\/p>\n","protected":false},"featured_media":10399,"comment_status":"open","ping_status":"closed","template":"","meta":{"_acf_changed":false},"product_brand":[],"product_cat":[27],"product_tag":[],"class_list":{"0":"post-10393","1":"product","2":"type-product","3":"status-publish","4":"has-post-thumbnail","6":"product_cat-ecran-pc","8":"first","9":"instock","10":"shipping-taxable","11":"product-type-simple"},"acf":[],"yoast_head":"<!-- This site is optimized with the Yoast SEO plugin v27.4 - https:\/\/yoast.com\/product\/yoast-seo-wordpress\/ -->\n<title>INOVU | 23.8&quot; LED Tactile - T238<\/title>\n<meta name=\"robots\" content=\"index, follow, max-snippet:-1, max-image-preview:large, max-video-preview:-1\" \/>\n<link rel=\"canonical\" href=\"https:\/\/www.inov-u.com\/en\/products\/pc-peripherals\/monitor\/23-8-led-tactile-t238\/\" \/>\n<meta property=\"og:locale\" content=\"en_US\" \/>\n<meta property=\"og:type\" content=\"article\" \/>\n<meta property=\"og:title\" content=\"INOVU | 23.8&quot; LED Tactile - T238\" \/>\n<meta property=\"og:description\" content=\"Gr\u00e2ce \u00e0 son \u00e9cran tactile inclinable, le\u00a0moniteur INOVU T238\u00a0sera un achat id\u00e9al pour les lieux de vente et les salles de r\u00e9union.\" \/>\n<meta property=\"og:url\" content=\"https:\/\/www.inov-u.com\/en\/products\/pc-peripherals\/monitor\/23-8-led-tactile-t238\/\" \/>\n<meta property=\"og:site_name\" content=\"INOVU\" \/>\n<meta property=\"article:modified_time\" content=\"2025-09-16T12:52:55+00:00\" \/>\n<meta property=\"og:image\" content=\"https:\/\/www.inov-u.com\/wp-content\/uploads\/2025\/09\/T238_01.webp\" \/>\n\t<meta property=\"og:image:width\" content=\"1000\" \/>\n\t<meta property=\"og:image:height\" content=\"1000\" \/>\n\t<meta property=\"og:image:type\" content=\"image\/webp\" \/>\n<meta name=\"twitter:card\" content=\"summary_large_image\" \/>\n<meta name=\"twitter:label1\" content=\"Est. reading time\" \/>\n\t<meta name=\"twitter:data1\" content=\"1 minute\" \/>\n<script type=\"application\/ld+json\" class=\"yoast-schema-graph\">{\"@context\":\"https:\\\/\\\/schema.org\",\"@graph\":[{\"@type\":[\"WebPage\",\"ItemPage\"],\"@id\":\"https:\\\/\\\/www.inov-u.com\\\/en\\\/products\\\/pc-peripherals\\\/monitor\\\/23-8-led-tactile-t238\\\/\",\"url\":\"https:\\\/\\\/www.inov-u.com\\\/en\\\/products\\\/pc-peripherals\\\/monitor\\\/23-8-led-tactile-t238\\\/\",\"name\":\"INOVU | 23.8\\\" LED Tactile - T238\",\"isPartOf\":{\"@id\":\"https:\\\/\\\/www.inov-u.com\\\/en\\\/#website\"},\"primaryImageOfPage\":{\"@id\":\"https:\\\/\\\/www.inov-u.com\\\/en\\\/products\\\/pc-peripherals\\\/monitor\\\/23-8-led-tactile-t238\\\/#primaryimage\"},\"image\":{\"@id\":\"https:\\\/\\\/www.inov-u.com\\\/en\\\/products\\\/pc-peripherals\\\/monitor\\\/23-8-led-tactile-t238\\\/#primaryimage\"},\"thumbnailUrl\":\"https:\\\/\\\/www.inov-u.com\\\/wp-content\\\/uploads\\\/2025\\\/09\\\/T238_01.webp\",\"datePublished\":\"2025-09-16T12:47:10+00:00\",\"dateModified\":\"2025-09-16T12:52:55+00:00\",\"breadcrumb\":{\"@id\":\"https:\\\/\\\/www.inov-u.com\\\/en\\\/products\\\/pc-peripherals\\\/monitor\\\/23-8-led-tactile-t238\\\/#breadcrumb\"},\"inLanguage\":\"en-US\",\"potentialAction\":[{\"@type\":\"ReadAction\",\"target\":[\"https:\\\/\\\/www.inov-u.com\\\/en\\\/products\\\/pc-peripherals\\\/monitor\\\/23-8-led-tactile-t238\\\/\"]}]},{\"@type\":\"ImageObject\",\"inLanguage\":\"en-US\",\"@id\":\"https:\\\/\\\/www.inov-u.com\\\/en\\\/products\\\/pc-peripherals\\\/monitor\\\/23-8-led-tactile-t238\\\/#primaryimage\",\"url\":\"https:\\\/\\\/www.inov-u.com\\\/wp-content\\\/uploads\\\/2025\\\/09\\\/T238_01.webp\",\"contentUrl\":\"https:\\\/\\\/www.inov-u.com\\\/wp-content\\\/uploads\\\/2025\\\/09\\\/T238_01.webp\",\"width\":1000,\"height\":1000},{\"@type\":\"BreadcrumbList\",\"@id\":\"https:\\\/\\\/www.inov-u.com\\\/en\\\/products\\\/pc-peripherals\\\/monitor\\\/23-8-led-tactile-t238\\\/#breadcrumb\",\"itemListElement\":[{\"@type\":\"ListItem\",\"position\":1,\"name\":\"Home\",\"item\":\"https:\\\/\\\/www.inov-u.com\\\/en\\\/\"},{\"@type\":\"ListItem\",\"position\":2,\"name\":\"Products\",\"item\":\"https:\\\/\\\/www.inov-u.com\\\/nos-univers\\\/\"},{\"@type\":\"ListItem\",\"position\":3,\"name\":\"PC Peripherals\",\"item\":\"https:\\\/\\\/www.inov-u.com\\\/en\\\/nos-univers\\\/pc-peripherals\\\/\"},{\"@type\":\"ListItem\",\"position\":4,\"name\":\"Monitor\",\"item\":\"https:\\\/\\\/www.inov-u.com\\\/en\\\/nos-univers\\\/pc-peripherals\\\/monitor\\\/\"},{\"@type\":\"ListItem\",\"position\":5,\"name\":\"23.8&#8243; LED Tactile &#8211; T238\"}]},{\"@type\":\"WebSite\",\"@id\":\"https:\\\/\\\/www.inov-u.com\\\/en\\\/#website\",\"url\":\"https:\\\/\\\/www.inov-u.com\\\/en\\\/\",\"name\":\"INOVU\",\"description\":\"L&#039;\u00e9quipement informatique du quotidien\",\"publisher\":{\"@id\":\"https:\\\/\\\/www.inov-u.com\\\/en\\\/#organization\"},\"potentialAction\":[{\"@type\":\"SearchAction\",\"target\":{\"@type\":\"EntryPoint\",\"urlTemplate\":\"https:\\\/\\\/www.inov-u.com\\\/en\\\/?s={search_term_string}\"},\"query-input\":{\"@type\":\"PropertyValueSpecification\",\"valueRequired\":true,\"valueName\":\"search_term_string\"}}],\"inLanguage\":\"en-US\"},{\"@type\":\"Organization\",\"@id\":\"https:\\\/\\\/www.inov-u.com\\\/en\\\/#organization\",\"name\":\"INOVU\",\"url\":\"https:\\\/\\\/www.inov-u.com\\\/en\\\/\",\"logo\":{\"@type\":\"ImageObject\",\"inLanguage\":\"en-US\",\"@id\":\"https:\\\/\\\/www.inov-u.com\\\/en\\\/#\\\/schema\\\/logo\\\/image\\\/\",\"url\":\"https:\\\/\\\/www.inov-u.com\\\/wp-content\\\/uploads\\\/2024\\\/02\\\/inovu_favicon.png\",\"contentUrl\":\"https:\\\/\\\/www.inov-u.com\\\/wp-content\\\/uploads\\\/2024\\\/02\\\/inovu_favicon.png\",\"width\":512,\"height\":512,\"caption\":\"INOVU\"},\"image\":{\"@id\":\"https:\\\/\\\/www.inov-u.com\\\/en\\\/#\\\/schema\\\/logo\\\/image\\\/\"}}]}<\/script>\n<!-- \/ Yoast SEO plugin. -->","yoast_head_json":{"title":"INOVU | 23.8\" LED Tactile - T238","robots":{"index":"index","follow":"follow","max-snippet":"max-snippet:-1","max-image-preview":"max-image-preview:large","max-video-preview":"max-video-preview:-1"},"canonical":"https:\/\/www.inov-u.com\/en\/products\/pc-peripherals\/monitor\/23-8-led-tactile-t238\/","og_locale":"en_US","og_type":"article","og_title":"INOVU | 23.8\" LED Tactile - T238","og_description":"Gr\u00e2ce \u00e0 son \u00e9cran tactile inclinable, le\u00a0moniteur INOVU T238\u00a0sera un achat id\u00e9al pour les lieux de vente et les salles de r\u00e9union.","og_url":"https:\/\/www.inov-u.com\/en\/products\/pc-peripherals\/monitor\/23-8-led-tactile-t238\/","og_site_name":"INOVU","article_modified_time":"2025-09-16T12:52:55+00:00","og_image":[{"width":1000,"height":1000,"url":"https:\/\/www.inov-u.com\/wp-content\/uploads\/2025\/09\/T238_01.webp","type":"image\/webp"}],"twitter_card":"summary_large_image","twitter_misc":{"Est. reading time":"1 minute"},"schema":{"@context":"https:\/\/schema.org","@graph":[{"@type":["WebPage","ItemPage"],"@id":"https:\/\/www.inov-u.com\/en\/products\/pc-peripherals\/monitor\/23-8-led-tactile-t238\/","url":"https:\/\/www.inov-u.com\/en\/products\/pc-peripherals\/monitor\/23-8-led-tactile-t238\/","name":"INOVU | 23.8\" LED Tactile - T238","isPartOf":{"@id":"https:\/\/www.inov-u.com\/en\/#website"},"primaryImageOfPage":{"@id":"https:\/\/www.inov-u.com\/en\/products\/pc-peripherals\/monitor\/23-8-led-tactile-t238\/#primaryimage"},"image":{"@id":"https:\/\/www.inov-u.com\/en\/products\/pc-peripherals\/monitor\/23-8-led-tactile-t238\/#primaryimage"},"thumbnailUrl":"https:\/\/www.inov-u.com\/wp-content\/uploads\/2025\/09\/T238_01.webp","datePublished":"2025-09-16T12:47:10+00:00","dateModified":"2025-09-16T12:52:55+00:00","breadcrumb":{"@id":"https:\/\/www.inov-u.com\/en\/products\/pc-peripherals\/monitor\/23-8-led-tactile-t238\/#breadcrumb"},"inLanguage":"en-US","potentialAction":[{"@type":"ReadAction","target":["https:\/\/www.inov-u.com\/en\/products\/pc-peripherals\/monitor\/23-8-led-tactile-t238\/"]}]},{"@type":"ImageObject","inLanguage":"en-US","@id":"https:\/\/www.inov-u.com\/en\/products\/pc-peripherals\/monitor\/23-8-led-tactile-t238\/#primaryimage","url":"https:\/\/www.inov-u.com\/wp-content\/uploads\/2025\/09\/T238_01.webp","contentUrl":"https:\/\/www.inov-u.com\/wp-content\/uploads\/2025\/09\/T238_01.webp","width":1000,"height":1000},{"@type":"BreadcrumbList","@id":"https:\/\/www.inov-u.com\/en\/products\/pc-peripherals\/monitor\/23-8-led-tactile-t238\/#breadcrumb","itemListElement":[{"@type":"ListItem","position":1,"name":"Home","item":"https:\/\/www.inov-u.com\/en\/"},{"@type":"ListItem","position":2,"name":"Products","item":"https:\/\/www.inov-u.com\/nos-univers\/"},{"@type":"ListItem","position":3,"name":"PC Peripherals","item":"https:\/\/www.inov-u.com\/en\/nos-univers\/pc-peripherals\/"},{"@type":"ListItem","position":4,"name":"Monitor","item":"https:\/\/www.inov-u.com\/en\/nos-univers\/pc-peripherals\/monitor\/"},{"@type":"ListItem","position":5,"name":"23.8&#8243; LED Tactile &#8211; T238"}]},{"@type":"WebSite","@id":"https:\/\/www.inov-u.com\/en\/#website","url":"https:\/\/www.inov-u.com\/en\/","name":"INOVU","description":"L&#039;\u00e9quipement informatique du quotidien","publisher":{"@id":"https:\/\/www.inov-u.com\/en\/#organization"},"potentialAction":[{"@type":"SearchAction","target":{"@type":"EntryPoint","urlTemplate":"https:\/\/www.inov-u.com\/en\/?s={search_term_string}"},"query-input":{"@type":"PropertyValueSpecification","valueRequired":true,"valueName":"search_term_string"}}],"inLanguage":"en-US"},{"@type":"Organization","@id":"https:\/\/www.inov-u.com\/en\/#organization","name":"INOVU","url":"https:\/\/www.inov-u.com\/en\/","logo":{"@type":"ImageObject","inLanguage":"en-US","@id":"https:\/\/www.inov-u.com\/en\/#\/schema\/logo\/image\/","url":"https:\/\/www.inov-u.com\/wp-content\/uploads\/2024\/02\/inovu_favicon.png","contentUrl":"https:\/\/www.inov-u.com\/wp-content\/uploads\/2024\/02\/inovu_favicon.png","width":512,"height":512,"caption":"INOVU"},"image":{"@id":"https:\/\/www.inov-u.com\/en\/#\/schema\/logo\/image\/"}}]}},"_links":{"self":[{"href":"https:\/\/www.inov-u.com\/en\/wp-json\/wp\/v2\/product\/10393","targetHints":{"allow":["GET"]}}],"collection":[{"href":"https:\/\/www.inov-u.com\/en\/wp-json\/wp\/v2\/product"}],"about":[{"href":"https:\/\/www.inov-u.com\/en\/wp-json\/wp\/v2\/types\/product"}],"replies":[{"embeddable":true,"href":"https:\/\/www.inov-u.com\/en\/wp-json\/wp\/v2\/comments?post=10393"}],"version-history":[{"count":3,"href":"https:\/\/www.inov-u.com\/en\/wp-json\/wp\/v2\/product\/10393\/revisions"}],"predecessor-version":[{"id":10415,"href":"https:\/\/www.inov-u.com\/en\/wp-json\/wp\/v2\/product\/10393\/revisions\/10415"}],"wp:featuredmedia":[{"embeddable":true,"href":"https:\/\/www.inov-u.com\/en\/wp-json\/wp\/v2\/media\/10399"}],"wp:attachment":[{"href":"https:\/\/www.inov-u.com\/en\/wp-json\/wp\/v2\/media?parent=10393"}],"wp:term":[{"taxonomy":"product_brand","embeddable":true,"href":"https:\/\/www.inov-u.com\/en\/wp-json\/wp\/v2\/product_brand?post=10393"},{"taxonomy":"product_cat","embeddable":true,"href":"https:\/\/www.inov-u.com\/en\/wp-json\/wp\/v2\/product_cat?post=10393"},{"taxonomy":"product_tag","embeddable":true,"href":"https:\/\/www.inov-u.com\/en\/wp-json\/wp\/v2\/product_tag?post=10393"}],"curies":[{"name":"wp","href":"https:\/\/api.w.org\/{rel}","templated":true}]}}