{"id":10434,"date":"2025-09-16T15:23:36","date_gmt":"2025-09-16T13:23:36","guid":{"rendered":"https:\/\/www.inov-u.com\/?post_type=product&#038;p=10434"},"modified":"2025-09-16T15:23:36","modified_gmt":"2025-09-16T13:23:36","slug":"adaptateur-usb-3-1-vers-gigabit-ethernet-lan-2-5-gbe-avec-power-delivery","status":"publish","type":"product","link":"https:\/\/www.inov-u.com\/en\/products\/adapters-hubs\/adapters\/adaptateur-usb-3-1-vers-gigabit-ethernet-lan-2-5-gbe-avec-power-delivery\/","title":{"rendered":"Adaptateur USB 3.1 vers Gigabit Ethernet\/LAN 2.5 GbE avec Power Delivery"},"content":{"rendered":"\t\t<div data-elementor-type=\"container\" data-elementor-id=\"10446\" class=\"elementor elementor-10446\" data-elementor-post-type=\"elementor_library\">\n\t\t\t\t<div class=\"elementor-element elementor-element-7975e6c e-con-full e-flex e-con e-parent\" data-id=\"7975e6c\" data-element_type=\"container\" data-e-type=\"container\">\n\t\t<div class=\"elementor-element elementor-element-8f159db e-con-full e-flex e-con e-child\" data-id=\"8f159db\" data-element_type=\"container\" data-e-type=\"container\">\n\t\t<div class=\"elementor-element elementor-element-be6fc47 e-con-full e-flex e-con e-child\" data-id=\"be6fc47\" data-element_type=\"container\" data-e-type=\"container\">\n\t\t\t\t<div class=\"elementor-element elementor-element-b2d585c elementor-widget elementor-widget-heading\" data-id=\"b2d585c\" data-element_type=\"widget\" data-e-type=\"widget\" data-widget_type=\"heading.default\">\n\t\t\t\t<div class=\"elementor-widget-container\">\n\t\t\t\t\t<h2 class=\"elementor-heading-title elementor-size-default\">Ajoutez une connectique r\u00e9seau sans perte de port de recharge<\/h2>\t\t\t\t<\/div>\n\t\t\t\t<\/div>\n\t\t\t\t<div class=\"elementor-element elementor-element-2602b25 elementor-widget elementor-widget-text-editor\" data-id=\"2602b25\" data-element_type=\"widget\" data-e-type=\"widget\" data-widget_type=\"text-editor.default\">\n\t\t\t\t<div class=\"elementor-widget-container\">\n\t\t\t\t\t\t\t\t\t<p>L\u2019adaptateur\u00a0<strong>INOVU INADPETHC\u00a0<\/strong>permet, \u00e0 partir d&#8217;un port USB-C, de b\u00e9n\u00e9ficier d&#8217;une\u00a0<strong>connectique r\u00e9seau haut d\u00e9bit LAN 2.5 GbE<\/strong>\u00a0(compatible Gigabit Ethernet) qui vous offre une connexion filaire pratique, rapide et fiable \u00e0 Internet. En simultan\u00e9, vous profitez d&#8217;une alimentation\u00a0<strong>USB Power Delivery jusqu&#8217;\u00e0 100 W<\/strong>\u00a0(dont 18W r\u00e9serv\u00e9s pour l&#8217;alimentation du dispositif). Gr\u00e2ce \u00e0 sa fonction Plug-and-Play, l\u2019adaptateur fonctionne avec les ordinateurs portables Mac et Windows, et avec d\u2019autres appareils USB-C.<\/p>\t\t\t\t\t\t\t\t<\/div>\n\t\t\t\t<\/div>\n\t\t\t\t<\/div>\n\t\t\t\t<\/div>\n\t\t<div class=\"elementor-element elementor-element-757efc9 e-con-full e-flex e-con e-child\" data-id=\"757efc9\" data-element_type=\"container\" data-e-type=\"container\">\n\t\t<div class=\"elementor-element elementor-element-e18eb3e e-con-full e-flex e-con e-child\" data-id=\"e18eb3e\" data-element_type=\"container\" data-e-type=\"container\">\n\t\t\t\t<div class=\"elementor-element elementor-element-c3d81ff elementor-widget elementor-widget-image\" data-id=\"c3d81ff\" data-element_type=\"widget\" data-e-type=\"widget\" data-widget_type=\"image.default\">\n\t\t\t\t<div class=\"elementor-widget-container\">\n\t\t\t\t\t\t\t\t\t\t\t\t\t\t\t<img fetchpriority=\"high\" decoding=\"async\" width=\"1000\" height=\"1000\" src=\"https:\/\/www.inov-u.com\/wp-content\/uploads\/2025\/09\/INADPETHC_03.webp\" class=\"attachment-full size-full wp-image-10441\" alt=\"\" srcset=\"https:\/\/www.inov-u.com\/wp-content\/uploads\/2025\/09\/INADPETHC_03.webp 1000w, https:\/\/www.inov-u.com\/wp-content\/uploads\/2025\/09\/INADPETHC_03-300x300.webp 300w, https:\/\/www.inov-u.com\/wp-content\/uploads\/2025\/09\/INADPETHC_03-150x150.webp 150w, https:\/\/www.inov-u.com\/wp-content\/uploads\/2025\/09\/INADPETHC_03-768x768.webp 768w, https:\/\/www.inov-u.com\/wp-content\/uploads\/2025\/09\/INADPETHC_03-700x700.webp 700w, https:\/\/www.inov-u.com\/wp-content\/uploads\/2025\/09\/INADPETHC_03-600x600.webp 600w, https:\/\/www.inov-u.com\/wp-content\/uploads\/2025\/09\/INADPETHC_03-100x100.webp 100w\" sizes=\"(max-width: 1000px) 100vw, 1000px\" \/>\t\t\t\t\t\t\t\t\t\t\t\t\t\t\t<\/div>\n\t\t\t\t<\/div>\n\t\t\t\t<\/div>\n\t\t<div class=\"elementor-element elementor-element-e7f55b7 e-con-full e-flex e-con e-child\" data-id=\"e7f55b7\" data-element_type=\"container\" data-e-type=\"container\">\n\t\t\t\t<div class=\"elementor-element elementor-element-d9d7e98 elementor-widget elementor-widget-heading\" data-id=\"d9d7e98\" data-element_type=\"widget\" data-e-type=\"widget\" data-widget_type=\"heading.default\">\n\t\t\t\t<div class=\"elementor-widget-container\">\n\t\t\t\t\t<h2 class=\"elementor-heading-title elementor-size-default\">Caract\u00e9ristiques principales<\/h2>\t\t\t\t<\/div>\n\t\t\t\t<\/div>\n\t\t\t\t<div class=\"elementor-element elementor-element-21ee8a3 elementor-widget elementor-widget-text-editor\" data-id=\"21ee8a3\" data-element_type=\"widget\" data-e-type=\"widget\" data-widget_type=\"text-editor.default\">\n\t\t\t\t<div class=\"elementor-widget-container\">\n\t\t\t\t\t\t\t\t\t<ul><li><strong>Vitesses de transfert : 10\/100\/1000 Mbps et LAN 2.5 GbE<\/strong><\/li><li>LED qui indique clairement l&#8217;\u00e9tat de fonctionnement<\/li><li><strong>Plug &amp; Play<\/strong><\/li><li><strong>Prends en charge le Power Delivery jusqu&#8217;\u00e0 100 W<\/strong>\u00a0via USB-C (dont 18W sont r\u00e9serv\u00e9s \u00e0 l&#8217;alimentation du Hub)<\/li><li>Design compact, facile \u00e0 transporter<\/li><li>Longueur du c\u00e2ble : 18 cm<\/li><li>Mat\u00e9riau : Alliage d&#8217;aluminium<\/li><li>Dimensions : 80 x 25 x 15\u00a0mm<\/li><li>Poids : 33 g<\/li><\/ul>\t\t\t\t\t\t\t\t<\/div>\n\t\t\t\t<\/div>\n\t\t\t\t<\/div>\n\t\t\t\t<\/div>\n\t\t\t\t<\/div>\n\t\t\t\t<\/div>\n\t\t\n","protected":false},"excerpt":{"rendered":"<p>L\u2019adaptateur\u00a0INOVU INADPETHC\u00a0permet, \u00e0 partir d&#8217;un port USB-C, de b\u00e9n\u00e9ficier d&#8217;une\u00a0connectique r\u00e9seau haut d\u00e9bit LAN 2.5 GbE\u00a0(compatible Gigabit Ethernet) qui vous offre une connexion filaire pratique, rapide et fiable \u00e0 Internet.<\/p>\n","protected":false},"featured_media":10437,"comment_status":"open","ping_status":"closed","template":"","meta":{"_acf_changed":false},"product_brand":[],"product_cat":[32],"product_tag":[],"class_list":{"0":"post-10434","1":"product","2":"type-product","3":"status-publish","4":"has-post-thumbnail","6":"product_cat-adaptateur","8":"first","9":"instock","10":"shipping-taxable","11":"product-type-simple"},"acf":[],"yoast_head":"<!-- This site is optimized with the Yoast SEO plugin v27.4 - https:\/\/yoast.com\/product\/yoast-seo-wordpress\/ -->\n<title>INOVU | Adaptateur USB 3.1 vers Gigabit Ethernet\/LAN 2.5 GbE avec Power Delivery<\/title>\n<meta name=\"robots\" content=\"index, follow, max-snippet:-1, max-image-preview:large, max-video-preview:-1\" \/>\n<link rel=\"canonical\" href=\"https:\/\/www.inov-u.com\/en\/products\/adapters-hubs\/adapters\/adaptateur-usb-3-1-vers-gigabit-ethernet-lan-2-5-gbe-avec-power-delivery\/\" \/>\n<meta property=\"og:locale\" content=\"en_US\" \/>\n<meta property=\"og:type\" content=\"article\" \/>\n<meta property=\"og:title\" content=\"INOVU | Adaptateur USB 3.1 vers Gigabit Ethernet\/LAN 2.5 GbE avec Power Delivery\" \/>\n<meta property=\"og:description\" content=\"L\u2019adaptateur\u00a0INOVU INADPETHC\u00a0permet, \u00e0 partir d&#039;un port USB-C, de b\u00e9n\u00e9ficier d&#039;une\u00a0connectique r\u00e9seau haut d\u00e9bit LAN 2.5 GbE\u00a0(compatible Gigabit Ethernet) qui vous offre une connexion filaire pratique, rapide et fiable \u00e0 Internet.\" \/>\n<meta property=\"og:url\" content=\"https:\/\/www.inov-u.com\/en\/products\/adapters-hubs\/adapters\/adaptateur-usb-3-1-vers-gigabit-ethernet-lan-2-5-gbe-avec-power-delivery\/\" \/>\n<meta property=\"og:site_name\" content=\"INOVU\" \/>\n<meta property=\"og:image\" content=\"https:\/\/www.inov-u.com\/wp-content\/uploads\/2025\/09\/INADPETHC_01.webp\" \/>\n\t<meta property=\"og:image:width\" content=\"1000\" \/>\n\t<meta property=\"og:image:height\" content=\"1000\" \/>\n\t<meta property=\"og:image:type\" content=\"image\/webp\" \/>\n<meta name=\"twitter:card\" content=\"summary_large_image\" \/>\n<meta name=\"twitter:label1\" content=\"Est. reading time\" \/>\n\t<meta name=\"twitter:data1\" content=\"1 minute\" \/>\n<script type=\"application\/ld+json\" class=\"yoast-schema-graph\">{\"@context\":\"https:\\\/\\\/schema.org\",\"@graph\":[{\"@type\":[\"WebPage\",\"ItemPage\"],\"@id\":\"https:\\\/\\\/www.inov-u.com\\\/en\\\/products\\\/adapters-hubs\\\/adapters\\\/adaptateur-usb-3-1-vers-gigabit-ethernet-lan-2-5-gbe-avec-power-delivery\\\/\",\"url\":\"https:\\\/\\\/www.inov-u.com\\\/en\\\/products\\\/adapters-hubs\\\/adapters\\\/adaptateur-usb-3-1-vers-gigabit-ethernet-lan-2-5-gbe-avec-power-delivery\\\/\",\"name\":\"INOVU | Adaptateur USB 3.1 vers Gigabit Ethernet\\\/LAN 2.5 GbE avec Power Delivery\",\"isPartOf\":{\"@id\":\"https:\\\/\\\/www.inov-u.com\\\/en\\\/#website\"},\"primaryImageOfPage\":{\"@id\":\"https:\\\/\\\/www.inov-u.com\\\/en\\\/products\\\/adapters-hubs\\\/adapters\\\/adaptateur-usb-3-1-vers-gigabit-ethernet-lan-2-5-gbe-avec-power-delivery\\\/#primaryimage\"},\"image\":{\"@id\":\"https:\\\/\\\/www.inov-u.com\\\/en\\\/products\\\/adapters-hubs\\\/adapters\\\/adaptateur-usb-3-1-vers-gigabit-ethernet-lan-2-5-gbe-avec-power-delivery\\\/#primaryimage\"},\"thumbnailUrl\":\"https:\\\/\\\/www.inov-u.com\\\/wp-content\\\/uploads\\\/2025\\\/09\\\/INADPETHC_01.webp\",\"datePublished\":\"2025-09-16T13:23:36+00:00\",\"breadcrumb\":{\"@id\":\"https:\\\/\\\/www.inov-u.com\\\/en\\\/products\\\/adapters-hubs\\\/adapters\\\/adaptateur-usb-3-1-vers-gigabit-ethernet-lan-2-5-gbe-avec-power-delivery\\\/#breadcrumb\"},\"inLanguage\":\"en-US\",\"potentialAction\":[{\"@type\":\"ReadAction\",\"target\":[\"https:\\\/\\\/www.inov-u.com\\\/en\\\/products\\\/adapters-hubs\\\/adapters\\\/adaptateur-usb-3-1-vers-gigabit-ethernet-lan-2-5-gbe-avec-power-delivery\\\/\"]}]},{\"@type\":\"ImageObject\",\"inLanguage\":\"en-US\",\"@id\":\"https:\\\/\\\/www.inov-u.com\\\/en\\\/products\\\/adapters-hubs\\\/adapters\\\/adaptateur-usb-3-1-vers-gigabit-ethernet-lan-2-5-gbe-avec-power-delivery\\\/#primaryimage\",\"url\":\"https:\\\/\\\/www.inov-u.com\\\/wp-content\\\/uploads\\\/2025\\\/09\\\/INADPETHC_01.webp\",\"contentUrl\":\"https:\\\/\\\/www.inov-u.com\\\/wp-content\\\/uploads\\\/2025\\\/09\\\/INADPETHC_01.webp\",\"width\":1000,\"height\":1000},{\"@type\":\"BreadcrumbList\",\"@id\":\"https:\\\/\\\/www.inov-u.com\\\/en\\\/products\\\/adapters-hubs\\\/adapters\\\/adaptateur-usb-3-1-vers-gigabit-ethernet-lan-2-5-gbe-avec-power-delivery\\\/#breadcrumb\",\"itemListElement\":[{\"@type\":\"ListItem\",\"position\":1,\"name\":\"Home\",\"item\":\"https:\\\/\\\/www.inov-u.com\\\/en\\\/\"},{\"@type\":\"ListItem\",\"position\":2,\"name\":\"Products\",\"item\":\"https:\\\/\\\/www.inov-u.com\\\/nos-univers\\\/\"},{\"@type\":\"ListItem\",\"position\":3,\"name\":\"Adapters &amp; Hubs\",\"item\":\"https:\\\/\\\/www.inov-u.com\\\/en\\\/nos-univers\\\/adapters-hubs\\\/\"},{\"@type\":\"ListItem\",\"position\":4,\"name\":\"Adapters\",\"item\":\"https:\\\/\\\/www.inov-u.com\\\/en\\\/nos-univers\\\/adapters-hubs\\\/adapters\\\/\"},{\"@type\":\"ListItem\",\"position\":5,\"name\":\"Adaptateur USB 3.1 vers Gigabit Ethernet\\\/LAN 2.5 GbE avec Power Delivery\"}]},{\"@type\":\"WebSite\",\"@id\":\"https:\\\/\\\/www.inov-u.com\\\/en\\\/#website\",\"url\":\"https:\\\/\\\/www.inov-u.com\\\/en\\\/\",\"name\":\"INOVU\",\"description\":\"L&#039;\u00e9quipement informatique du quotidien\",\"publisher\":{\"@id\":\"https:\\\/\\\/www.inov-u.com\\\/en\\\/#organization\"},\"potentialAction\":[{\"@type\":\"SearchAction\",\"target\":{\"@type\":\"EntryPoint\",\"urlTemplate\":\"https:\\\/\\\/www.inov-u.com\\\/en\\\/?s={search_term_string}\"},\"query-input\":{\"@type\":\"PropertyValueSpecification\",\"valueRequired\":true,\"valueName\":\"search_term_string\"}}],\"inLanguage\":\"en-US\"},{\"@type\":\"Organization\",\"@id\":\"https:\\\/\\\/www.inov-u.com\\\/en\\\/#organization\",\"name\":\"INOVU\",\"url\":\"https:\\\/\\\/www.inov-u.com\\\/en\\\/\",\"logo\":{\"@type\":\"ImageObject\",\"inLanguage\":\"en-US\",\"@id\":\"https:\\\/\\\/www.inov-u.com\\\/en\\\/#\\\/schema\\\/logo\\\/image\\\/\",\"url\":\"https:\\\/\\\/www.inov-u.com\\\/wp-content\\\/uploads\\\/2024\\\/02\\\/inovu_favicon.png\",\"contentUrl\":\"https:\\\/\\\/www.inov-u.com\\\/wp-content\\\/uploads\\\/2024\\\/02\\\/inovu_favicon.png\",\"width\":512,\"height\":512,\"caption\":\"INOVU\"},\"image\":{\"@id\":\"https:\\\/\\\/www.inov-u.com\\\/en\\\/#\\\/schema\\\/logo\\\/image\\\/\"}}]}<\/script>\n<!-- \/ Yoast SEO plugin. -->","yoast_head_json":{"title":"INOVU | Adaptateur USB 3.1 vers Gigabit Ethernet\/LAN 2.5 GbE avec Power Delivery","robots":{"index":"index","follow":"follow","max-snippet":"max-snippet:-1","max-image-preview":"max-image-preview:large","max-video-preview":"max-video-preview:-1"},"canonical":"https:\/\/www.inov-u.com\/en\/products\/adapters-hubs\/adapters\/adaptateur-usb-3-1-vers-gigabit-ethernet-lan-2-5-gbe-avec-power-delivery\/","og_locale":"en_US","og_type":"article","og_title":"INOVU | Adaptateur USB 3.1 vers Gigabit Ethernet\/LAN 2.5 GbE avec Power Delivery","og_description":"L\u2019adaptateur\u00a0INOVU INADPETHC\u00a0permet, \u00e0 partir d'un port USB-C, de b\u00e9n\u00e9ficier d'une\u00a0connectique r\u00e9seau haut d\u00e9bit LAN 2.5 GbE\u00a0(compatible Gigabit Ethernet) qui vous offre une connexion filaire pratique, rapide et fiable \u00e0 Internet.","og_url":"https:\/\/www.inov-u.com\/en\/products\/adapters-hubs\/adapters\/adaptateur-usb-3-1-vers-gigabit-ethernet-lan-2-5-gbe-avec-power-delivery\/","og_site_name":"INOVU","og_image":[{"width":1000,"height":1000,"url":"https:\/\/www.inov-u.com\/wp-content\/uploads\/2025\/09\/INADPETHC_01.webp","type":"image\/webp"}],"twitter_card":"summary_large_image","twitter_misc":{"Est. reading time":"1 minute"},"schema":{"@context":"https:\/\/schema.org","@graph":[{"@type":["WebPage","ItemPage"],"@id":"https:\/\/www.inov-u.com\/en\/products\/adapters-hubs\/adapters\/adaptateur-usb-3-1-vers-gigabit-ethernet-lan-2-5-gbe-avec-power-delivery\/","url":"https:\/\/www.inov-u.com\/en\/products\/adapters-hubs\/adapters\/adaptateur-usb-3-1-vers-gigabit-ethernet-lan-2-5-gbe-avec-power-delivery\/","name":"INOVU | Adaptateur USB 3.1 vers Gigabit Ethernet\/LAN 2.5 GbE avec Power Delivery","isPartOf":{"@id":"https:\/\/www.inov-u.com\/en\/#website"},"primaryImageOfPage":{"@id":"https:\/\/www.inov-u.com\/en\/products\/adapters-hubs\/adapters\/adaptateur-usb-3-1-vers-gigabit-ethernet-lan-2-5-gbe-avec-power-delivery\/#primaryimage"},"image":{"@id":"https:\/\/www.inov-u.com\/en\/products\/adapters-hubs\/adapters\/adaptateur-usb-3-1-vers-gigabit-ethernet-lan-2-5-gbe-avec-power-delivery\/#primaryimage"},"thumbnailUrl":"https:\/\/www.inov-u.com\/wp-content\/uploads\/2025\/09\/INADPETHC_01.webp","datePublished":"2025-09-16T13:23:36+00:00","breadcrumb":{"@id":"https:\/\/www.inov-u.com\/en\/products\/adapters-hubs\/adapters\/adaptateur-usb-3-1-vers-gigabit-ethernet-lan-2-5-gbe-avec-power-delivery\/#breadcrumb"},"inLanguage":"en-US","potentialAction":[{"@type":"ReadAction","target":["https:\/\/www.inov-u.com\/en\/products\/adapters-hubs\/adapters\/adaptateur-usb-3-1-vers-gigabit-ethernet-lan-2-5-gbe-avec-power-delivery\/"]}]},{"@type":"ImageObject","inLanguage":"en-US","@id":"https:\/\/www.inov-u.com\/en\/products\/adapters-hubs\/adapters\/adaptateur-usb-3-1-vers-gigabit-ethernet-lan-2-5-gbe-avec-power-delivery\/#primaryimage","url":"https:\/\/www.inov-u.com\/wp-content\/uploads\/2025\/09\/INADPETHC_01.webp","contentUrl":"https:\/\/www.inov-u.com\/wp-content\/uploads\/2025\/09\/INADPETHC_01.webp","width":1000,"height":1000},{"@type":"BreadcrumbList","@id":"https:\/\/www.inov-u.com\/en\/products\/adapters-hubs\/adapters\/adaptateur-usb-3-1-vers-gigabit-ethernet-lan-2-5-gbe-avec-power-delivery\/#breadcrumb","itemListElement":[{"@type":"ListItem","position":1,"name":"Home","item":"https:\/\/www.inov-u.com\/en\/"},{"@type":"ListItem","position":2,"name":"Products","item":"https:\/\/www.inov-u.com\/nos-univers\/"},{"@type":"ListItem","position":3,"name":"Adapters &amp; Hubs","item":"https:\/\/www.inov-u.com\/en\/nos-univers\/adapters-hubs\/"},{"@type":"ListItem","position":4,"name":"Adapters","item":"https:\/\/www.inov-u.com\/en\/nos-univers\/adapters-hubs\/adapters\/"},{"@type":"ListItem","position":5,"name":"Adaptateur USB 3.1 vers Gigabit Ethernet\/LAN 2.5 GbE avec Power Delivery"}]},{"@type":"WebSite","@id":"https:\/\/www.inov-u.com\/en\/#website","url":"https:\/\/www.inov-u.com\/en\/","name":"INOVU","description":"L&#039;\u00e9quipement informatique du quotidien","publisher":{"@id":"https:\/\/www.inov-u.com\/en\/#organization"},"potentialAction":[{"@type":"SearchAction","target":{"@type":"EntryPoint","urlTemplate":"https:\/\/www.inov-u.com\/en\/?s={search_term_string}"},"query-input":{"@type":"PropertyValueSpecification","valueRequired":true,"valueName":"search_term_string"}}],"inLanguage":"en-US"},{"@type":"Organization","@id":"https:\/\/www.inov-u.com\/en\/#organization","name":"INOVU","url":"https:\/\/www.inov-u.com\/en\/","logo":{"@type":"ImageObject","inLanguage":"en-US","@id":"https:\/\/www.inov-u.com\/en\/#\/schema\/logo\/image\/","url":"https:\/\/www.inov-u.com\/wp-content\/uploads\/2024\/02\/inovu_favicon.png","contentUrl":"https:\/\/www.inov-u.com\/wp-content\/uploads\/2024\/02\/inovu_favicon.png","width":512,"height":512,"caption":"INOVU"},"image":{"@id":"https:\/\/www.inov-u.com\/en\/#\/schema\/logo\/image\/"}}]}},"_links":{"self":[{"href":"https:\/\/www.inov-u.com\/en\/wp-json\/wp\/v2\/product\/10434","targetHints":{"allow":["GET"]}}],"collection":[{"href":"https:\/\/www.inov-u.com\/en\/wp-json\/wp\/v2\/product"}],"about":[{"href":"https:\/\/www.inov-u.com\/en\/wp-json\/wp\/v2\/types\/product"}],"replies":[{"embeddable":true,"href":"https:\/\/www.inov-u.com\/en\/wp-json\/wp\/v2\/comments?post=10434"}],"version-history":[{"count":4,"href":"https:\/\/www.inov-u.com\/en\/wp-json\/wp\/v2\/product\/10434\/revisions"}],"predecessor-version":[{"id":10449,"href":"https:\/\/www.inov-u.com\/en\/wp-json\/wp\/v2\/product\/10434\/revisions\/10449"}],"wp:featuredmedia":[{"embeddable":true,"href":"https:\/\/www.inov-u.com\/en\/wp-json\/wp\/v2\/media\/10437"}],"wp:attachment":[{"href":"https:\/\/www.inov-u.com\/en\/wp-json\/wp\/v2\/media?parent=10434"}],"wp:term":[{"taxonomy":"product_brand","embeddable":true,"href":"https:\/\/www.inov-u.com\/en\/wp-json\/wp\/v2\/product_brand?post=10434"},{"taxonomy":"product_cat","embeddable":true,"href":"https:\/\/www.inov-u.com\/en\/wp-json\/wp\/v2\/product_cat?post=10434"},{"taxonomy":"product_tag","embeddable":true,"href":"https:\/\/www.inov-u.com\/en\/wp-json\/wp\/v2\/product_tag?post=10434"}],"curies":[{"name":"wp","href":"https:\/\/api.w.org\/{rel}","templated":true}]}}