{"id":10670,"date":"2025-12-18T09:57:49","date_gmt":"2025-12-18T08:57:49","guid":{"rendered":"https:\/\/www.inov-u.com\/?post_type=product&#038;p=10670"},"modified":"2026-01-07T16:39:21","modified_gmt":"2026-01-07T15:39:21","slug":"eg200v-lefty","status":"publish","type":"product","link":"https:\/\/www.inov-u.com\/en\/products\/pc-peripherals\/mouse\/eg200v-lefty\/","title":{"rendered":"EG200V LEFTY"},"content":{"rendered":"\t\t<div data-elementor-type=\"container\" data-elementor-id=\"10674\" class=\"elementor elementor-10674\" data-elementor-post-type=\"elementor_library\">\n\t\t\t\t<div class=\"elementor-element elementor-element-7975e6c e-con-full e-flex e-con e-parent\" data-id=\"7975e6c\" data-element_type=\"container\" data-e-type=\"container\">\n\t\t<div class=\"elementor-element elementor-element-8f159db e-con-full e-flex e-con e-child\" data-id=\"8f159db\" data-element_type=\"container\" data-e-type=\"container\">\n\t\t<div class=\"elementor-element elementor-element-be6fc47 e-con-full e-flex e-con e-child\" data-id=\"be6fc47\" data-element_type=\"container\" data-e-type=\"container\">\n\t\t\t\t<div class=\"elementor-element elementor-element-b2d585c elementor-widget elementor-widget-heading\" data-id=\"b2d585c\" data-element_type=\"widget\" data-e-type=\"widget\" data-widget_type=\"heading.default\">\n\t\t\t\t<div class=\"elementor-widget-container\">\n\t\t\t\t\t<h2 class=\"elementor-heading-title elementor-size-default\">Une souris sans-fil pour gaucher, verticale et ergonomique<\/h2>\t\t\t\t<\/div>\n\t\t\t\t<\/div>\n\t\t\t\t<div class=\"elementor-element elementor-element-2602b25 elementor-widget elementor-widget-text-editor\" data-id=\"2602b25\" data-element_type=\"widget\" data-e-type=\"widget\" data-widget_type=\"text-editor.default\">\n\t\t\t\t<div class=\"elementor-widget-container\">\n\t\t\t\t\t\t\t\t\t<p>L&#8217;<strong>INOVU EG200V\u00a0LEFTY<\/strong>\u00a0est une souris ergonomique sans-fil pour gaucher ultra-confortable et pr\u00e9cise. Id\u00e9ale pour une utilisation quotidienne, elle offre l&#8217;avantage de r\u00e9duire la fatigue musculaire tout en garantissant un confort d&#8217;utilisation et une pr\u00e9cision remarquables.\u00a0<\/p>\t\t\t\t\t\t\t\t<\/div>\n\t\t\t\t<\/div>\n\t\t\t\t<\/div>\n\t\t\t\t<\/div>\n\t\t<div class=\"elementor-element elementor-element-757efc9 e-con-full e-flex e-con e-child\" data-id=\"757efc9\" data-element_type=\"container\" data-e-type=\"container\">\n\t\t<div class=\"elementor-element elementor-element-e18eb3e e-con-full e-flex e-con e-child\" data-id=\"e18eb3e\" data-element_type=\"container\" data-e-type=\"container\">\n\t\t\t\t<div class=\"elementor-element elementor-element-5712476 elementor-widget elementor-widget-image\" data-id=\"5712476\" data-element_type=\"widget\" data-e-type=\"widget\" data-widget_type=\"image.default\">\n\t\t\t\t<div class=\"elementor-widget-container\">\n\t\t\t\t\t\t\t\t\t\t\t\t\t\t\t<img fetchpriority=\"high\" decoding=\"async\" width=\"800\" height=\"500\" src=\"https:\/\/www.inov-u.com\/wp-content\/uploads\/2025\/12\/inovu_eg200v_003.webp\" class=\"attachment-large size-large wp-image-10678\" alt=\"\" srcset=\"https:\/\/www.inov-u.com\/wp-content\/uploads\/2025\/12\/inovu_eg200v_003.webp 800w, https:\/\/www.inov-u.com\/wp-content\/uploads\/2025\/12\/inovu_eg200v_003-300x188.webp 300w, https:\/\/www.inov-u.com\/wp-content\/uploads\/2025\/12\/inovu_eg200v_003-768x480.webp 768w, https:\/\/www.inov-u.com\/wp-content\/uploads\/2025\/12\/inovu_eg200v_003-600x375.webp 600w\" sizes=\"(max-width: 800px) 100vw, 800px\" \/>\t\t\t\t\t\t\t\t\t\t\t\t\t\t\t<\/div>\n\t\t\t\t<\/div>\n\t\t\t\t<\/div>\n\t\t<div class=\"elementor-element elementor-element-e7f55b7 e-con-full e-flex e-con e-child\" data-id=\"e7f55b7\" data-element_type=\"container\" data-e-type=\"container\">\n\t\t\t\t<div class=\"elementor-element elementor-element-d9d7e98 elementor-widget elementor-widget-heading\" data-id=\"d9d7e98\" data-element_type=\"widget\" data-e-type=\"widget\" data-widget_type=\"heading.default\">\n\t\t\t\t<div class=\"elementor-widget-container\">\n\t\t\t\t\t<h2 class=\"elementor-heading-title elementor-size-default\">Pr\u00e9cision et confort<\/h2>\t\t\t\t<\/div>\n\t\t\t\t<\/div>\n\t\t\t\t<div class=\"elementor-element elementor-element-21ee8a3 elementor-widget elementor-widget-text-editor\" data-id=\"21ee8a3\" data-element_type=\"widget\" data-e-type=\"widget\" data-widget_type=\"text-editor.default\">\n\t\t\t\t<div class=\"elementor-widget-container\">\n\t\t\t\t\t\t\t\t\t<p>Travaillez plus confortablement gr\u00e2ce \u00e0 cette souris verticale sans fil, con\u00e7ue pour les droitiers. Son design ergonomique r\u00e9duit la tension au niveau du poignet et de l&#8217;avant-bras. L&#8217;INOVU EG200V\u00a0LEFTY est la souris verticale id\u00e9ale pour une utilisation quotidienne. Son design ergonomique et son capteur optique haute pr\u00e9cision vous offrent un confort et une efficacit\u00e9 in\u00e9gal\u00e9s.<\/p><ul><li>Technologie de connexion : RF 2.4 GHz &#8211; Adaptateur USB inclus<\/li><li>Design vertical et forme ergonomique<\/li><li>Plug &amp; Play (fonctionne sans pilotes ni logiciel)<\/li><li>6 boutons (incluant la molette) et molette bidirectionnelle<\/li><li>Dimensions :\u00a0115 x 86\u00a0x 71\u00a0mm<\/li><li>Poids : 90 gr<\/li><li>R\u00e9solution du capteur optique : 1000\/1600\/2400 dpi<\/li><li>Alimentation : 1 pile AA (fournie)<\/li><li>Mise en veille automatique et r\u00e9activation en 1 clic<\/li><\/ul>\t\t\t\t\t\t\t\t<\/div>\n\t\t\t\t<\/div>\n\t\t\t\t<\/div>\n\t\t\t\t<\/div>\n\t\t<div class=\"elementor-element elementor-element-3cef9ac e-con-full e-flex e-con e-child\" data-id=\"3cef9ac\" data-element_type=\"container\" data-e-type=\"container\">\n\t\t<div class=\"elementor-element elementor-element-c7db774 e-con-full e-flex e-con e-child\" data-id=\"c7db774\" data-element_type=\"container\" data-e-type=\"container\">\n\t\t\t\t<div class=\"elementor-element elementor-element-2650774 elementor-widget elementor-widget-heading\" data-id=\"2650774\" data-element_type=\"widget\" data-e-type=\"widget\" data-widget_type=\"heading.default\">\n\t\t\t\t<div class=\"elementor-widget-container\">\n\t\t\t\t\t<h2 class=\"elementor-heading-title elementor-size-default\">Equipez-vous \u00e0 prix avantageux<\/h2>\t\t\t\t<\/div>\n\t\t\t\t<\/div>\n\t\t\t\t<div class=\"elementor-element elementor-element-2ac38ff elementor-widget elementor-widget-text-editor\" data-id=\"2ac38ff\" data-element_type=\"widget\" data-e-type=\"widget\" data-widget_type=\"text-editor.default\">\n\t\t\t\t<div class=\"elementor-widget-container\">\n\t\t\t\t\t\t\t\t\t<p>Gr\u00e2ce \u00e0 INOVU, vous avez la possibilit\u00e9 de vous \u00e9quiper en mat\u00e9riel informatique \u00e0 moindres frais. Sp\u00e9cialiste des accessoires et \u00e9quipements informatiques, la marque propose des produits comp\u00e9titifs \u00e0 prix tr\u00e8s attractifs, avec en point de mire un rapport qualit\u00e9 \/ prix imbattable. Que vous soyez \u00e9tudiants, professionnels ou particuliers, INOVU vous permet d&#8217;acqu\u00e9rir le mat\u00e9riel dont vous avez besoin sans vous ruiner.<\/p>\t\t\t\t\t\t\t\t<\/div>\n\t\t\t\t<\/div>\n\t\t\t\t<\/div>\n\t\t<div class=\"elementor-element elementor-element-0a5e0a5 e-con-full e-flex e-con e-child\" data-id=\"0a5e0a5\" data-element_type=\"container\" data-e-type=\"container\">\n\t\t\t\t<div class=\"elementor-element elementor-element-6a8234b elementor-widget elementor-widget-image\" data-id=\"6a8234b\" data-element_type=\"widget\" data-e-type=\"widget\" data-widget_type=\"image.default\">\n\t\t\t\t<div class=\"elementor-widget-container\">\n\t\t\t\t\t\t\t\t\t\t\t\t\t\t\t<img decoding=\"async\" width=\"800\" height=\"500\" src=\"https:\/\/www.inov-u.com\/wp-content\/uploads\/2025\/12\/inovu_eg200v_004.webp\" class=\"attachment-large size-large wp-image-10680\" alt=\"\" srcset=\"https:\/\/www.inov-u.com\/wp-content\/uploads\/2025\/12\/inovu_eg200v_004.webp 800w, https:\/\/www.inov-u.com\/wp-content\/uploads\/2025\/12\/inovu_eg200v_004-300x188.webp 300w, https:\/\/www.inov-u.com\/wp-content\/uploads\/2025\/12\/inovu_eg200v_004-768x480.webp 768w, https:\/\/www.inov-u.com\/wp-content\/uploads\/2025\/12\/inovu_eg200v_004-600x375.webp 600w\" sizes=\"(max-width: 800px) 100vw, 800px\" \/>\t\t\t\t\t\t\t\t\t\t\t\t\t\t\t<\/div>\n\t\t\t\t<\/div>\n\t\t\t\t<\/div>\n\t\t\t\t<\/div>\n\t\t\t\t<\/div>\n\t\t\t\t<\/div>\n\t\t\n","protected":false},"excerpt":{"rendered":"<p>L&#8217;INOVU EG200V\u00a0LEFTY\u00a0est une souris ergonomique sans-fil pour gaucher ultra-confortable et pr\u00e9cise.<\/p>\n","protected":false},"featured_media":10672,"comment_status":"open","ping_status":"closed","template":"","meta":{"_acf_changed":false},"product_brand":[],"product_cat":[28],"product_tag":[],"class_list":{"0":"post-10670","1":"product","2":"type-product","3":"status-publish","4":"has-post-thumbnail","6":"product_cat-souris","8":"first","9":"instock","10":"shipping-taxable","11":"product-type-simple"},"acf":[],"yoast_head":"<!-- This site is optimized with the Yoast SEO plugin v27.4 - https:\/\/yoast.com\/product\/yoast-seo-wordpress\/ -->\n<title>INOVU | EG200V LEFTY<\/title>\n<meta name=\"robots\" content=\"index, follow, max-snippet:-1, max-image-preview:large, max-video-preview:-1\" \/>\n<link rel=\"canonical\" href=\"https:\/\/www.inov-u.com\/en\/products\/pc-peripherals\/mouse\/eg200v-lefty\/\" \/>\n<meta property=\"og:locale\" content=\"en_US\" \/>\n<meta property=\"og:type\" content=\"article\" \/>\n<meta property=\"og:title\" content=\"INOVU | EG200V LEFTY\" \/>\n<meta property=\"og:description\" content=\"L&#039;INOVU EG200V\u00a0LEFTY\u00a0est une souris ergonomique sans-fil pour gaucher ultra-confortable et pr\u00e9cise.\" \/>\n<meta property=\"og:url\" content=\"https:\/\/www.inov-u.com\/en\/products\/pc-peripherals\/mouse\/eg200v-lefty\/\" \/>\n<meta property=\"og:site_name\" content=\"INOVU\" \/>\n<meta property=\"article:modified_time\" content=\"2026-01-07T15:39:21+00:00\" \/>\n<meta property=\"og:image\" content=\"https:\/\/www.inov-u.com\/wp-content\/uploads\/2025\/12\/EG200V-LEFTY_01.webp\" \/>\n\t<meta property=\"og:image:width\" content=\"1000\" \/>\n\t<meta property=\"og:image:height\" content=\"1000\" \/>\n\t<meta property=\"og:image:type\" content=\"image\/webp\" \/>\n<meta name=\"twitter:card\" content=\"summary_large_image\" \/>\n<meta name=\"twitter:label1\" content=\"Est. reading time\" \/>\n\t<meta name=\"twitter:data1\" content=\"1 minute\" \/>\n<script type=\"application\/ld+json\" class=\"yoast-schema-graph\">{\"@context\":\"https:\\\/\\\/schema.org\",\"@graph\":[{\"@type\":[\"WebPage\",\"ItemPage\"],\"@id\":\"https:\\\/\\\/www.inov-u.com\\\/en\\\/products\\\/pc-peripherals\\\/mouse\\\/eg200v-lefty\\\/\",\"url\":\"https:\\\/\\\/www.inov-u.com\\\/en\\\/products\\\/pc-peripherals\\\/mouse\\\/eg200v-lefty\\\/\",\"name\":\"INOVU | EG200V LEFTY\",\"isPartOf\":{\"@id\":\"https:\\\/\\\/www.inov-u.com\\\/en\\\/#website\"},\"primaryImageOfPage\":{\"@id\":\"https:\\\/\\\/www.inov-u.com\\\/en\\\/products\\\/pc-peripherals\\\/mouse\\\/eg200v-lefty\\\/#primaryimage\"},\"image\":{\"@id\":\"https:\\\/\\\/www.inov-u.com\\\/en\\\/products\\\/pc-peripherals\\\/mouse\\\/eg200v-lefty\\\/#primaryimage\"},\"thumbnailUrl\":\"https:\\\/\\\/www.inov-u.com\\\/wp-content\\\/uploads\\\/2025\\\/12\\\/EG200V-LEFTY_01.webp\",\"datePublished\":\"2025-12-18T08:57:49+00:00\",\"dateModified\":\"2026-01-07T15:39:21+00:00\",\"breadcrumb\":{\"@id\":\"https:\\\/\\\/www.inov-u.com\\\/en\\\/products\\\/pc-peripherals\\\/mouse\\\/eg200v-lefty\\\/#breadcrumb\"},\"inLanguage\":\"en-US\",\"potentialAction\":[{\"@type\":\"ReadAction\",\"target\":[\"https:\\\/\\\/www.inov-u.com\\\/en\\\/products\\\/pc-peripherals\\\/mouse\\\/eg200v-lefty\\\/\"]}]},{\"@type\":\"ImageObject\",\"inLanguage\":\"en-US\",\"@id\":\"https:\\\/\\\/www.inov-u.com\\\/en\\\/products\\\/pc-peripherals\\\/mouse\\\/eg200v-lefty\\\/#primaryimage\",\"url\":\"https:\\\/\\\/www.inov-u.com\\\/wp-content\\\/uploads\\\/2025\\\/12\\\/EG200V-LEFTY_01.webp\",\"contentUrl\":\"https:\\\/\\\/www.inov-u.com\\\/wp-content\\\/uploads\\\/2025\\\/12\\\/EG200V-LEFTY_01.webp\",\"width\":1000,\"height\":1000},{\"@type\":\"BreadcrumbList\",\"@id\":\"https:\\\/\\\/www.inov-u.com\\\/en\\\/products\\\/pc-peripherals\\\/mouse\\\/eg200v-lefty\\\/#breadcrumb\",\"itemListElement\":[{\"@type\":\"ListItem\",\"position\":1,\"name\":\"Home\",\"item\":\"https:\\\/\\\/www.inov-u.com\\\/en\\\/\"},{\"@type\":\"ListItem\",\"position\":2,\"name\":\"Products\",\"item\":\"https:\\\/\\\/www.inov-u.com\\\/nos-univers\\\/\"},{\"@type\":\"ListItem\",\"position\":3,\"name\":\"PC Peripherals\",\"item\":\"https:\\\/\\\/www.inov-u.com\\\/en\\\/nos-univers\\\/pc-peripherals\\\/\"},{\"@type\":\"ListItem\",\"position\":4,\"name\":\"Mouse\",\"item\":\"https:\\\/\\\/www.inov-u.com\\\/en\\\/nos-univers\\\/pc-peripherals\\\/mouse\\\/\"},{\"@type\":\"ListItem\",\"position\":5,\"name\":\"EG200V LEFTY\"}]},{\"@type\":\"WebSite\",\"@id\":\"https:\\\/\\\/www.inov-u.com\\\/en\\\/#website\",\"url\":\"https:\\\/\\\/www.inov-u.com\\\/en\\\/\",\"name\":\"INOVU\",\"description\":\"L&#039;\u00e9quipement informatique du quotidien\",\"publisher\":{\"@id\":\"https:\\\/\\\/www.inov-u.com\\\/en\\\/#organization\"},\"potentialAction\":[{\"@type\":\"SearchAction\",\"target\":{\"@type\":\"EntryPoint\",\"urlTemplate\":\"https:\\\/\\\/www.inov-u.com\\\/en\\\/?s={search_term_string}\"},\"query-input\":{\"@type\":\"PropertyValueSpecification\",\"valueRequired\":true,\"valueName\":\"search_term_string\"}}],\"inLanguage\":\"en-US\"},{\"@type\":\"Organization\",\"@id\":\"https:\\\/\\\/www.inov-u.com\\\/en\\\/#organization\",\"name\":\"INOVU\",\"url\":\"https:\\\/\\\/www.inov-u.com\\\/en\\\/\",\"logo\":{\"@type\":\"ImageObject\",\"inLanguage\":\"en-US\",\"@id\":\"https:\\\/\\\/www.inov-u.com\\\/en\\\/#\\\/schema\\\/logo\\\/image\\\/\",\"url\":\"https:\\\/\\\/www.inov-u.com\\\/wp-content\\\/uploads\\\/2024\\\/02\\\/inovu_favicon.png\",\"contentUrl\":\"https:\\\/\\\/www.inov-u.com\\\/wp-content\\\/uploads\\\/2024\\\/02\\\/inovu_favicon.png\",\"width\":512,\"height\":512,\"caption\":\"INOVU\"},\"image\":{\"@id\":\"https:\\\/\\\/www.inov-u.com\\\/en\\\/#\\\/schema\\\/logo\\\/image\\\/\"}}]}<\/script>\n<!-- \/ Yoast SEO plugin. -->","yoast_head_json":{"title":"INOVU | EG200V LEFTY","robots":{"index":"index","follow":"follow","max-snippet":"max-snippet:-1","max-image-preview":"max-image-preview:large","max-video-preview":"max-video-preview:-1"},"canonical":"https:\/\/www.inov-u.com\/en\/products\/pc-peripherals\/mouse\/eg200v-lefty\/","og_locale":"en_US","og_type":"article","og_title":"INOVU | EG200V LEFTY","og_description":"L'INOVU EG200V\u00a0LEFTY\u00a0est une souris ergonomique sans-fil pour gaucher ultra-confortable et pr\u00e9cise.","og_url":"https:\/\/www.inov-u.com\/en\/products\/pc-peripherals\/mouse\/eg200v-lefty\/","og_site_name":"INOVU","article_modified_time":"2026-01-07T15:39:21+00:00","og_image":[{"width":1000,"height":1000,"url":"https:\/\/www.inov-u.com\/wp-content\/uploads\/2025\/12\/EG200V-LEFTY_01.webp","type":"image\/webp"}],"twitter_card":"summary_large_image","twitter_misc":{"Est. reading time":"1 minute"},"schema":{"@context":"https:\/\/schema.org","@graph":[{"@type":["WebPage","ItemPage"],"@id":"https:\/\/www.inov-u.com\/en\/products\/pc-peripherals\/mouse\/eg200v-lefty\/","url":"https:\/\/www.inov-u.com\/en\/products\/pc-peripherals\/mouse\/eg200v-lefty\/","name":"INOVU | EG200V LEFTY","isPartOf":{"@id":"https:\/\/www.inov-u.com\/en\/#website"},"primaryImageOfPage":{"@id":"https:\/\/www.inov-u.com\/en\/products\/pc-peripherals\/mouse\/eg200v-lefty\/#primaryimage"},"image":{"@id":"https:\/\/www.inov-u.com\/en\/products\/pc-peripherals\/mouse\/eg200v-lefty\/#primaryimage"},"thumbnailUrl":"https:\/\/www.inov-u.com\/wp-content\/uploads\/2025\/12\/EG200V-LEFTY_01.webp","datePublished":"2025-12-18T08:57:49+00:00","dateModified":"2026-01-07T15:39:21+00:00","breadcrumb":{"@id":"https:\/\/www.inov-u.com\/en\/products\/pc-peripherals\/mouse\/eg200v-lefty\/#breadcrumb"},"inLanguage":"en-US","potentialAction":[{"@type":"ReadAction","target":["https:\/\/www.inov-u.com\/en\/products\/pc-peripherals\/mouse\/eg200v-lefty\/"]}]},{"@type":"ImageObject","inLanguage":"en-US","@id":"https:\/\/www.inov-u.com\/en\/products\/pc-peripherals\/mouse\/eg200v-lefty\/#primaryimage","url":"https:\/\/www.inov-u.com\/wp-content\/uploads\/2025\/12\/EG200V-LEFTY_01.webp","contentUrl":"https:\/\/www.inov-u.com\/wp-content\/uploads\/2025\/12\/EG200V-LEFTY_01.webp","width":1000,"height":1000},{"@type":"BreadcrumbList","@id":"https:\/\/www.inov-u.com\/en\/products\/pc-peripherals\/mouse\/eg200v-lefty\/#breadcrumb","itemListElement":[{"@type":"ListItem","position":1,"name":"Home","item":"https:\/\/www.inov-u.com\/en\/"},{"@type":"ListItem","position":2,"name":"Products","item":"https:\/\/www.inov-u.com\/nos-univers\/"},{"@type":"ListItem","position":3,"name":"PC Peripherals","item":"https:\/\/www.inov-u.com\/en\/nos-univers\/pc-peripherals\/"},{"@type":"ListItem","position":4,"name":"Mouse","item":"https:\/\/www.inov-u.com\/en\/nos-univers\/pc-peripherals\/mouse\/"},{"@type":"ListItem","position":5,"name":"EG200V LEFTY"}]},{"@type":"WebSite","@id":"https:\/\/www.inov-u.com\/en\/#website","url":"https:\/\/www.inov-u.com\/en\/","name":"INOVU","description":"L&#039;\u00e9quipement informatique du quotidien","publisher":{"@id":"https:\/\/www.inov-u.com\/en\/#organization"},"potentialAction":[{"@type":"SearchAction","target":{"@type":"EntryPoint","urlTemplate":"https:\/\/www.inov-u.com\/en\/?s={search_term_string}"},"query-input":{"@type":"PropertyValueSpecification","valueRequired":true,"valueName":"search_term_string"}}],"inLanguage":"en-US"},{"@type":"Organization","@id":"https:\/\/www.inov-u.com\/en\/#organization","name":"INOVU","url":"https:\/\/www.inov-u.com\/en\/","logo":{"@type":"ImageObject","inLanguage":"en-US","@id":"https:\/\/www.inov-u.com\/en\/#\/schema\/logo\/image\/","url":"https:\/\/www.inov-u.com\/wp-content\/uploads\/2024\/02\/inovu_favicon.png","contentUrl":"https:\/\/www.inov-u.com\/wp-content\/uploads\/2024\/02\/inovu_favicon.png","width":512,"height":512,"caption":"INOVU"},"image":{"@id":"https:\/\/www.inov-u.com\/en\/#\/schema\/logo\/image\/"}}]}},"_links":{"self":[{"href":"https:\/\/www.inov-u.com\/en\/wp-json\/wp\/v2\/product\/10670","targetHints":{"allow":["GET"]}}],"collection":[{"href":"https:\/\/www.inov-u.com\/en\/wp-json\/wp\/v2\/product"}],"about":[{"href":"https:\/\/www.inov-u.com\/en\/wp-json\/wp\/v2\/types\/product"}],"replies":[{"embeddable":true,"href":"https:\/\/www.inov-u.com\/en\/wp-json\/wp\/v2\/comments?post=10670"}],"version-history":[{"count":2,"href":"https:\/\/www.inov-u.com\/en\/wp-json\/wp\/v2\/product\/10670\/revisions"}],"predecessor-version":[{"id":10682,"href":"https:\/\/www.inov-u.com\/en\/wp-json\/wp\/v2\/product\/10670\/revisions\/10682"}],"wp:featuredmedia":[{"embeddable":true,"href":"https:\/\/www.inov-u.com\/en\/wp-json\/wp\/v2\/media\/10672"}],"wp:attachment":[{"href":"https:\/\/www.inov-u.com\/en\/wp-json\/wp\/v2\/media?parent=10670"}],"wp:term":[{"taxonomy":"product_brand","embeddable":true,"href":"https:\/\/www.inov-u.com\/en\/wp-json\/wp\/v2\/product_brand?post=10670"},{"taxonomy":"product_cat","embeddable":true,"href":"https:\/\/www.inov-u.com\/en\/wp-json\/wp\/v2\/product_cat?post=10670"},{"taxonomy":"product_tag","embeddable":true,"href":"https:\/\/www.inov-u.com\/en\/wp-json\/wp\/v2\/product_tag?post=10670"}],"curies":[{"name":"wp","href":"https:\/\/api.w.org\/{rel}","templated":true}]}}