{"id":4611,"date":"2024-10-23T11:11:52","date_gmt":"2024-10-23T10:11:52","guid":{"rendered":"https:\/\/www.inov-u.com\/?post_type=product&#038;p=4611"},"modified":"2025-04-29T16:12:02","modified_gmt":"2025-04-29T14:12:02","slug":"boitier-externe-usb-3-1-pour-ssd-m-2-pcie-sata-nvme","status":"publish","type":"product","link":"https:\/\/www.inov-u.com\/en\/products\/adapters-hubs\/adapters\/boitier-externe-usb-3-1-pour-ssd-m-2-pcie-sata-nvme\/","title":{"rendered":"Bo\u00eetier externe USB 3.1 pour SSD M.2 PCIe SATA\/NVMe"},"content":{"rendered":"\t\t<div data-elementor-type=\"container\" data-elementor-id=\"4618\" class=\"elementor elementor-4618\" data-elementor-post-type=\"elementor_library\">\n\t\t\t\t<div class=\"elementor-element elementor-element-7975e6c e-con-full e-flex e-con e-parent\" data-id=\"7975e6c\" data-element_type=\"container\" data-e-type=\"container\">\n\t\t<div class=\"elementor-element elementor-element-8f159db e-con-full e-flex e-con e-child\" data-id=\"8f159db\" data-element_type=\"container\" data-e-type=\"container\">\n\t\t<div class=\"elementor-element elementor-element-be6fc47 e-con-full e-flex e-con e-child\" data-id=\"be6fc47\" data-element_type=\"container\" data-e-type=\"container\">\n\t\t\t\t<div class=\"elementor-element elementor-element-b2d585c elementor-widget elementor-widget-heading\" data-id=\"b2d585c\" data-element_type=\"widget\" data-e-type=\"widget\" data-widget_type=\"heading.default\">\n\t\t\t\t<div class=\"elementor-widget-container\">\n\t\t\t\t\t<h2 class=\"elementor-heading-title elementor-size-default\">Boitier externe USB 3.1 pour SSD M.2 PCI-E NVMe ou SATA<\/h2>\t\t\t\t<\/div>\n\t\t\t\t<\/div>\n\t\t\t\t<div class=\"elementor-element elementor-element-2602b25 elementor-widget elementor-widget-text-editor\" data-id=\"2602b25\" data-element_type=\"widget\" data-e-type=\"widget\" data-widget_type=\"text-editor.default\">\n\t\t\t\t<div class=\"elementor-widget-container\">\n\t\t\t\t\t\t\t\t\t<p>L&#8217;<strong>INOVU INBU3M2NS<\/strong>\u00a0est un<strong>\u00a0bo\u00eetier externe pour disque M.2 PCI-E NVMe ou SATA<\/strong>. Facile \u00e0 transporter, robuste, \u00e9l\u00e9gant et sobre, il est id\u00e9al pour concevoir un disque dur externe compact, rapide et discret.\u00a0Pour plus de praticit\u00e9 et de polyvalence, il est livr\u00e9 avec 2 c\u00e2bles permettant de le connecter aux interfaces USB standards et USB Type C.<\/p>\t\t\t\t\t\t\t\t<\/div>\n\t\t\t\t<\/div>\n\t\t\t\t<\/div>\n\t\t\t\t<\/div>\n\t\t<div class=\"elementor-element elementor-element-757efc9 e-con-full e-flex e-con e-child\" data-id=\"757efc9\" data-element_type=\"container\" data-e-type=\"container\">\n\t\t<div class=\"elementor-element elementor-element-e18eb3e e-con-full e-flex e-con e-child\" data-id=\"e18eb3e\" data-element_type=\"container\" data-e-type=\"container\">\n\t\t\t\t<div class=\"elementor-element elementor-element-5712476 elementor-widget elementor-widget-image\" data-id=\"5712476\" data-element_type=\"widget\" data-e-type=\"widget\" data-widget_type=\"image.default\">\n\t\t\t\t<div class=\"elementor-widget-container\">\n\t\t\t\t\t\t\t\t\t\t\t\t\t\t\t<img fetchpriority=\"high\" decoding=\"async\" width=\"800\" height=\"800\" src=\"https:\/\/www.inov-u.com\/wp-content\/uploads\/2024\/10\/INBU3M2NS_02-1024x1024.png\" class=\"attachment-large size-large wp-image-4624\" alt=\"Boitier externe usb 3.1\" srcset=\"https:\/\/www.inov-u.com\/wp-content\/uploads\/2024\/10\/INBU3M2NS_02-1024x1024.png.webp 1024w, https:\/\/www.inov-u.com\/wp-content\/uploads\/2024\/10\/INBU3M2NS_02-300x300.png.webp 300w, https:\/\/www.inov-u.com\/wp-content\/uploads\/2024\/10\/INBU3M2NS_02-150x150.png.webp 150w, https:\/\/www.inov-u.com\/wp-content\/uploads\/2024\/10\/INBU3M2NS_02-768x768.png.webp 768w, https:\/\/www.inov-u.com\/wp-content\/uploads\/2024\/10\/INBU3M2NS_02-700x700.png.webp 700w, https:\/\/www.inov-u.com\/wp-content\/uploads\/2024\/10\/INBU3M2NS_02-600x600.png.webp 600w, https:\/\/www.inov-u.com\/wp-content\/uploads\/2024\/10\/INBU3M2NS_02-100x100.png.webp 100w, https:\/\/www.inov-u.com\/wp-content\/uploads\/2024\/10\/INBU3M2NS_02.png.webp 1080w\" sizes=\"(max-width: 800px) 100vw, 800px\" \/>\t\t\t\t\t\t\t\t\t\t\t\t\t\t\t<\/div>\n\t\t\t\t<\/div>\n\t\t\t\t<\/div>\n\t\t<div class=\"elementor-element elementor-element-e7f55b7 e-con-full e-flex e-con e-child\" data-id=\"e7f55b7\" data-element_type=\"container\" data-e-type=\"container\">\n\t\t\t\t<div class=\"elementor-element elementor-element-d9d7e98 elementor-widget elementor-widget-heading\" data-id=\"d9d7e98\" data-element_type=\"widget\" data-e-type=\"widget\" data-widget_type=\"heading.default\">\n\t\t\t\t<div class=\"elementor-widget-container\">\n\t\t\t\t\t<h2 class=\"elementor-heading-title elementor-size-default\">Boitier compact, l\u00e9ger et robuste<\/h2>\t\t\t\t<\/div>\n\t\t\t\t<\/div>\n\t\t\t\t<div class=\"elementor-element elementor-element-21ee8a3 elementor-widget elementor-widget-text-editor\" data-id=\"21ee8a3\" data-element_type=\"widget\" data-e-type=\"widget\" data-widget_type=\"text-editor.default\">\n\t\t\t\t<div class=\"elementor-widget-container\">\n\t\t\t\t\t\t\t\t\t<p>Le\u00a0<strong>bo\u00eetier externe pour disque dur INOVU INBU3M2NS<\/strong>\u00a0prend en charge les disques M.2 PCI-E NVMe et SATA. Il est compatible avec les formats de disque 2230, 2242, 2260 et 2280.<\/p><ul><li>Interface USB 3.1 Type C 10 Gbps<\/li><li>Compatibilit\u00e9 M.2 PCI-E NVMe et M.2 SATA (2230\/2242\/2260\/2280)<strong>\u00a0jusqu&#8217;\u00e0 2 To.<\/strong><\/li><li>Vitesses lecture \/ \u00e9criture jusqu&#8217;\u00e0 1000 Mbps (NVMe) et 500 Mbps (SATA)<\/li><li>2 c\u00e2bles inclus : 1x USB-C vers USB-C (30 com) et 1x USB-C vers USB-A (30 cm)<\/li><li>Plug &amp; Play<\/li><li>Alliage aluminium<\/li><li>Compatible Windows, macOS, Linux, Android<\/li><li>Dimensions : (L)108.5x(P)41.1x(H)13.7mm<\/li><\/ul>\t\t\t\t\t\t\t\t<\/div>\n\t\t\t\t<\/div>\n\t\t\t\t<\/div>\n\t\t\t\t<\/div>\n\t\t<div class=\"elementor-element elementor-element-3cef9ac e-con-full e-flex e-con e-child\" data-id=\"3cef9ac\" data-element_type=\"container\" data-e-type=\"container\">\n\t\t<div class=\"elementor-element elementor-element-c7db774 e-con-full e-flex e-con e-child\" data-id=\"c7db774\" data-element_type=\"container\" data-e-type=\"container\">\n\t\t\t\t<div class=\"elementor-element elementor-element-2650774 elementor-widget elementor-widget-heading\" data-id=\"2650774\" data-element_type=\"widget\" data-e-type=\"widget\" data-widget_type=\"heading.default\">\n\t\t\t\t<div class=\"elementor-widget-container\">\n\t\t\t\t\t<h2 class=\"elementor-heading-title elementor-size-default\">\u00c9quipez-vous \u00e0 prix avantageux<\/h2>\t\t\t\t<\/div>\n\t\t\t\t<\/div>\n\t\t\t\t<div class=\"elementor-element elementor-element-2ac38ff elementor-widget elementor-widget-text-editor\" data-id=\"2ac38ff\" data-element_type=\"widget\" data-e-type=\"widget\" data-widget_type=\"text-editor.default\">\n\t\t\t\t<div class=\"elementor-widget-container\">\n\t\t\t\t\t\t\t\t\t<p>Gr\u00e2ce \u00e0 INOVU, vous avez la possibilit\u00e9 de vous \u00e9quiper en mat\u00e9riel informatique \u00e0 moindres frais. Sp\u00e9cialiste des accessoires et \u00e9quipements informatiques, la marque propose des produits comp\u00e9titifs \u00e0 prix tr\u00e8s attractifs, avec en point de mire un rapport qualit\u00e9 \/ prix imbattable. Que vous soyez \u00e9tudiants, professionnels ou particuliers, INOVU vous permet d&#8217;acqu\u00e9rir le mat\u00e9riel dont vous avez besoin sans vous ruiner.<\/p>\t\t\t\t\t\t\t\t<\/div>\n\t\t\t\t<\/div>\n\t\t\t\t<\/div>\n\t\t<div class=\"elementor-element elementor-element-0a5e0a5 e-con-full e-flex e-con e-child\" data-id=\"0a5e0a5\" data-element_type=\"container\" data-e-type=\"container\">\n\t\t\t\t<div class=\"elementor-element elementor-element-6a8234b elementor-widget elementor-widget-image\" data-id=\"6a8234b\" data-element_type=\"widget\" data-e-type=\"widget\" data-widget_type=\"image.default\">\n\t\t\t\t<div class=\"elementor-widget-container\">\n\t\t\t\t\t\t\t\t\t\t\t\t\t\t\t<img decoding=\"async\" width=\"800\" height=\"800\" src=\"https:\/\/www.inov-u.com\/wp-content\/uploads\/2024\/10\/INBU3M2NS_03-1024x1024.png\" class=\"attachment-large size-large wp-image-4625\" alt=\"Boitier externe pour disque dur avec branchement\" srcset=\"https:\/\/www.inov-u.com\/wp-content\/uploads\/2024\/10\/INBU3M2NS_03-1024x1024.png.webp 1024w, https:\/\/www.inov-u.com\/wp-content\/uploads\/2024\/10\/INBU3M2NS_03-300x300.png.webp 300w, https:\/\/www.inov-u.com\/wp-content\/uploads\/2024\/10\/INBU3M2NS_03-150x150.png.webp 150w, https:\/\/www.inov-u.com\/wp-content\/uploads\/2024\/10\/INBU3M2NS_03-768x768.png.webp 768w, https:\/\/www.inov-u.com\/wp-content\/uploads\/2024\/10\/INBU3M2NS_03-700x700.png.webp 700w, https:\/\/www.inov-u.com\/wp-content\/uploads\/2024\/10\/INBU3M2NS_03-600x600.png.webp 600w, https:\/\/www.inov-u.com\/wp-content\/uploads\/2024\/10\/INBU3M2NS_03-100x100.png.webp 100w, https:\/\/www.inov-u.com\/wp-content\/uploads\/2024\/10\/INBU3M2NS_03.png.webp 1080w\" sizes=\"(max-width: 800px) 100vw, 800px\" \/>\t\t\t\t\t\t\t\t\t\t\t\t\t\t\t<\/div>\n\t\t\t\t<\/div>\n\t\t\t\t<\/div>\n\t\t\t\t<\/div>\n\t\t<div class=\"elementor-element elementor-element-e206639 e-con-full e-flex e-con e-child\" data-id=\"e206639\" data-element_type=\"container\" data-e-type=\"container\">\n\t\t<div class=\"elementor-element elementor-element-e762ea6 e-con-full e-flex e-con e-child\" data-id=\"e762ea6\" data-element_type=\"container\" data-e-type=\"container\">\n\t\t\t\t<div class=\"elementor-element elementor-element-be1d077 elementor-widget elementor-widget-heading\" data-id=\"be1d077\" data-element_type=\"widget\" data-e-type=\"widget\" data-widget_type=\"heading.default\">\n\t\t\t\t<div class=\"elementor-widget-container\">\n\t\t\t\t\t<h2 class=\"elementor-heading-title elementor-size-default\">Caract\u00e9ristiques principales :<\/h2>\t\t\t\t<\/div>\n\t\t\t\t<\/div>\n\t\t\t\t<div class=\"elementor-element elementor-element-ece3fb6 elementor-widget elementor-widget-text-editor\" data-id=\"ece3fb6\" data-element_type=\"widget\" data-e-type=\"widget\" data-widget_type=\"text-editor.default\">\n\t\t\t\t<div class=\"elementor-widget-container\">\n\t\t\t\t\t\t\t\t\t<ul><li><strong>\u00c9cran<\/strong>\u00a0<strong>21.5 pouces<\/strong>\u00a0avec\u00a0<strong>r\u00e9solution<\/strong>\u00a0<strong>Full HD<\/strong>\u00a0(1920 x 1080 pixels)<\/li><li><strong>Dalle VA<\/strong>\u00a0avec traitement antireflets<\/li><li>Temps de r\u00e9ponse de 5 ms (11 ms gris \u00e0 gris)<\/li><li>Taux de rafra\u00eechissement maximal de\u00a0<strong>100 Hz<\/strong>\u00a0(via HDMI uniquement)<\/li><li>Technologies\u00a0<strong>Flicker-Free, Anti lumi\u00e8re bleue<\/strong>\u00a0et\u00a0<strong>Adaptive-Sync<\/strong><\/li><li><strong>Connecteurs :\u00a0<\/strong>1x HDMI 1.4 + 1x VGA<\/li><li>Sortie casque jack 3.5 mm<\/li><li>Compatible fixation VESA 75 x 75<\/li><li>Poids : 2.7 kg<\/li><\/ul>\t\t\t\t\t\t\t\t<\/div>\n\t\t\t\t<\/div>\n\t\t\t\t<\/div>\n\t\t\t\t<\/div>\n\t\t\t\t<\/div>\n\t\t\t\t<\/div>\n\t\t\n","protected":false},"excerpt":{"rendered":"<p>L&#8217;INOVU INBU3M2NS est un bo\u00eetier externe pour disque M.2 PCI-E NVMe ou SATA. Facile \u00e0 transporter, robuste, \u00e9l\u00e9gant et sobre, il est id\u00e9al pour concevoir un disque dur externe compact, rapide et discret.<\/p>\n","protected":false},"featured_media":4623,"comment_status":"open","ping_status":"closed","template":"","meta":{"_acf_changed":false},"product_brand":[],"product_cat":[32],"product_tag":[],"class_list":{"0":"post-4611","1":"product","2":"type-product","3":"status-publish","4":"has-post-thumbnail","6":"product_cat-adaptateur","8":"first","9":"instock","10":"shipping-taxable","11":"product-type-simple"},"acf":[],"yoast_head":"<!-- This site is optimized with the Yoast SEO plugin v27.4 - https:\/\/yoast.com\/product\/yoast-seo-wordpress\/ -->\n<title>INOVU | Bo\u00eetier externe USB 3.1 pour SSD M.2 PCIe SATA\/NVMe<\/title>\n<meta name=\"robots\" content=\"index, follow, max-snippet:-1, max-image-preview:large, max-video-preview:-1\" \/>\n<link rel=\"canonical\" href=\"https:\/\/www.inov-u.com\/en\/products\/adapters-hubs\/adapters\/boitier-externe-usb-3-1-pour-ssd-m-2-pcie-sata-nvme\/\" \/>\n<meta property=\"og:locale\" content=\"en_US\" \/>\n<meta property=\"og:type\" content=\"article\" \/>\n<meta property=\"og:title\" content=\"INOVU | Bo\u00eetier externe USB 3.1 pour SSD M.2 PCIe SATA\/NVMe\" \/>\n<meta property=\"og:description\" content=\"L&#039;INOVU INBU3M2NS est un bo\u00eetier externe pour disque M.2 PCI-E NVMe ou SATA. Facile \u00e0 transporter, robuste, \u00e9l\u00e9gant et sobre, il est id\u00e9al pour concevoir un disque dur externe compact, rapide et discret.\" \/>\n<meta property=\"og:url\" content=\"https:\/\/www.inov-u.com\/en\/products\/adapters-hubs\/adapters\/boitier-externe-usb-3-1-pour-ssd-m-2-pcie-sata-nvme\/\" \/>\n<meta property=\"og:site_name\" content=\"INOVU\" \/>\n<meta property=\"article:modified_time\" content=\"2025-04-29T14:12:02+00:00\" \/>\n<meta property=\"og:image\" content=\"https:\/\/www.inov-u.com\/wp-content\/uploads\/2024\/10\/INBU3M2NS_01.png\" \/>\n\t<meta property=\"og:image:width\" content=\"1080\" \/>\n\t<meta property=\"og:image:height\" content=\"1080\" \/>\n\t<meta property=\"og:image:type\" content=\"image\/png\" \/>\n<meta name=\"twitter:card\" content=\"summary_large_image\" \/>\n<meta name=\"twitter:label1\" content=\"Est. reading time\" \/>\n\t<meta name=\"twitter:data1\" content=\"1 minute\" \/>\n<script type=\"application\/ld+json\" class=\"yoast-schema-graph\">{\"@context\":\"https:\\\/\\\/schema.org\",\"@graph\":[{\"@type\":[\"WebPage\",\"ItemPage\"],\"@id\":\"https:\\\/\\\/www.inov-u.com\\\/en\\\/products\\\/adapters-hubs\\\/adapters\\\/boitier-externe-usb-3-1-pour-ssd-m-2-pcie-sata-nvme\\\/\",\"url\":\"https:\\\/\\\/www.inov-u.com\\\/en\\\/products\\\/adapters-hubs\\\/adapters\\\/boitier-externe-usb-3-1-pour-ssd-m-2-pcie-sata-nvme\\\/\",\"name\":\"INOVU | Bo\u00eetier externe USB 3.1 pour SSD M.2 PCIe SATA\\\/NVMe\",\"isPartOf\":{\"@id\":\"https:\\\/\\\/www.inov-u.com\\\/en\\\/#website\"},\"primaryImageOfPage\":{\"@id\":\"https:\\\/\\\/www.inov-u.com\\\/en\\\/products\\\/adapters-hubs\\\/adapters\\\/boitier-externe-usb-3-1-pour-ssd-m-2-pcie-sata-nvme\\\/#primaryimage\"},\"image\":{\"@id\":\"https:\\\/\\\/www.inov-u.com\\\/en\\\/products\\\/adapters-hubs\\\/adapters\\\/boitier-externe-usb-3-1-pour-ssd-m-2-pcie-sata-nvme\\\/#primaryimage\"},\"thumbnailUrl\":\"https:\\\/\\\/www.inov-u.com\\\/wp-content\\\/uploads\\\/2024\\\/10\\\/INBU3M2NS_01.png\",\"datePublished\":\"2024-10-23T10:11:52+00:00\",\"dateModified\":\"2025-04-29T14:12:02+00:00\",\"breadcrumb\":{\"@id\":\"https:\\\/\\\/www.inov-u.com\\\/en\\\/products\\\/adapters-hubs\\\/adapters\\\/boitier-externe-usb-3-1-pour-ssd-m-2-pcie-sata-nvme\\\/#breadcrumb\"},\"inLanguage\":\"en-US\",\"potentialAction\":[{\"@type\":\"ReadAction\",\"target\":[\"https:\\\/\\\/www.inov-u.com\\\/en\\\/products\\\/adapters-hubs\\\/adapters\\\/boitier-externe-usb-3-1-pour-ssd-m-2-pcie-sata-nvme\\\/\"]}]},{\"@type\":\"ImageObject\",\"inLanguage\":\"en-US\",\"@id\":\"https:\\\/\\\/www.inov-u.com\\\/en\\\/products\\\/adapters-hubs\\\/adapters\\\/boitier-externe-usb-3-1-pour-ssd-m-2-pcie-sata-nvme\\\/#primaryimage\",\"url\":\"https:\\\/\\\/www.inov-u.com\\\/wp-content\\\/uploads\\\/2024\\\/10\\\/INBU3M2NS_01.png\",\"contentUrl\":\"https:\\\/\\\/www.inov-u.com\\\/wp-content\\\/uploads\\\/2024\\\/10\\\/INBU3M2NS_01.png\",\"width\":1080,\"height\":1080,\"caption\":\"Boitier externe pour disque dur\"},{\"@type\":\"BreadcrumbList\",\"@id\":\"https:\\\/\\\/www.inov-u.com\\\/en\\\/products\\\/adapters-hubs\\\/adapters\\\/boitier-externe-usb-3-1-pour-ssd-m-2-pcie-sata-nvme\\\/#breadcrumb\",\"itemListElement\":[{\"@type\":\"ListItem\",\"position\":1,\"name\":\"Home\",\"item\":\"https:\\\/\\\/www.inov-u.com\\\/en\\\/\"},{\"@type\":\"ListItem\",\"position\":2,\"name\":\"Products\",\"item\":\"https:\\\/\\\/www.inov-u.com\\\/nos-univers\\\/\"},{\"@type\":\"ListItem\",\"position\":3,\"name\":\"Adapters &amp; Hubs\",\"item\":\"https:\\\/\\\/www.inov-u.com\\\/en\\\/nos-univers\\\/adapters-hubs\\\/\"},{\"@type\":\"ListItem\",\"position\":4,\"name\":\"Adapters\",\"item\":\"https:\\\/\\\/www.inov-u.com\\\/en\\\/nos-univers\\\/adapters-hubs\\\/adapters\\\/\"},{\"@type\":\"ListItem\",\"position\":5,\"name\":\"Bo\u00eetier externe USB 3.1 pour SSD M.2 PCIe SATA\\\/NVMe\"}]},{\"@type\":\"WebSite\",\"@id\":\"https:\\\/\\\/www.inov-u.com\\\/en\\\/#website\",\"url\":\"https:\\\/\\\/www.inov-u.com\\\/en\\\/\",\"name\":\"INOVU\",\"description\":\"L&#039;\u00e9quipement informatique du quotidien\",\"publisher\":{\"@id\":\"https:\\\/\\\/www.inov-u.com\\\/en\\\/#organization\"},\"potentialAction\":[{\"@type\":\"SearchAction\",\"target\":{\"@type\":\"EntryPoint\",\"urlTemplate\":\"https:\\\/\\\/www.inov-u.com\\\/en\\\/?s={search_term_string}\"},\"query-input\":{\"@type\":\"PropertyValueSpecification\",\"valueRequired\":true,\"valueName\":\"search_term_string\"}}],\"inLanguage\":\"en-US\"},{\"@type\":\"Organization\",\"@id\":\"https:\\\/\\\/www.inov-u.com\\\/en\\\/#organization\",\"name\":\"INOVU\",\"url\":\"https:\\\/\\\/www.inov-u.com\\\/en\\\/\",\"logo\":{\"@type\":\"ImageObject\",\"inLanguage\":\"en-US\",\"@id\":\"https:\\\/\\\/www.inov-u.com\\\/en\\\/#\\\/schema\\\/logo\\\/image\\\/\",\"url\":\"https:\\\/\\\/www.inov-u.com\\\/wp-content\\\/uploads\\\/2024\\\/02\\\/inovu_favicon.png\",\"contentUrl\":\"https:\\\/\\\/www.inov-u.com\\\/wp-content\\\/uploads\\\/2024\\\/02\\\/inovu_favicon.png\",\"width\":512,\"height\":512,\"caption\":\"INOVU\"},\"image\":{\"@id\":\"https:\\\/\\\/www.inov-u.com\\\/en\\\/#\\\/schema\\\/logo\\\/image\\\/\"}}]}<\/script>\n<!-- \/ Yoast SEO plugin. -->","yoast_head_json":{"title":"INOVU | Bo\u00eetier externe USB 3.1 pour SSD M.2 PCIe SATA\/NVMe","robots":{"index":"index","follow":"follow","max-snippet":"max-snippet:-1","max-image-preview":"max-image-preview:large","max-video-preview":"max-video-preview:-1"},"canonical":"https:\/\/www.inov-u.com\/en\/products\/adapters-hubs\/adapters\/boitier-externe-usb-3-1-pour-ssd-m-2-pcie-sata-nvme\/","og_locale":"en_US","og_type":"article","og_title":"INOVU | Bo\u00eetier externe USB 3.1 pour SSD M.2 PCIe SATA\/NVMe","og_description":"L'INOVU INBU3M2NS est un bo\u00eetier externe pour disque M.2 PCI-E NVMe ou SATA. Facile \u00e0 transporter, robuste, \u00e9l\u00e9gant et sobre, il est id\u00e9al pour concevoir un disque dur externe compact, rapide et discret.","og_url":"https:\/\/www.inov-u.com\/en\/products\/adapters-hubs\/adapters\/boitier-externe-usb-3-1-pour-ssd-m-2-pcie-sata-nvme\/","og_site_name":"INOVU","article_modified_time":"2025-04-29T14:12:02+00:00","og_image":[{"width":1080,"height":1080,"url":"https:\/\/www.inov-u.com\/wp-content\/uploads\/2024\/10\/INBU3M2NS_01.png","type":"image\/png"}],"twitter_card":"summary_large_image","twitter_misc":{"Est. reading time":"1 minute"},"schema":{"@context":"https:\/\/schema.org","@graph":[{"@type":["WebPage","ItemPage"],"@id":"https:\/\/www.inov-u.com\/en\/products\/adapters-hubs\/adapters\/boitier-externe-usb-3-1-pour-ssd-m-2-pcie-sata-nvme\/","url":"https:\/\/www.inov-u.com\/en\/products\/adapters-hubs\/adapters\/boitier-externe-usb-3-1-pour-ssd-m-2-pcie-sata-nvme\/","name":"INOVU | Bo\u00eetier externe USB 3.1 pour SSD M.2 PCIe SATA\/NVMe","isPartOf":{"@id":"https:\/\/www.inov-u.com\/en\/#website"},"primaryImageOfPage":{"@id":"https:\/\/www.inov-u.com\/en\/products\/adapters-hubs\/adapters\/boitier-externe-usb-3-1-pour-ssd-m-2-pcie-sata-nvme\/#primaryimage"},"image":{"@id":"https:\/\/www.inov-u.com\/en\/products\/adapters-hubs\/adapters\/boitier-externe-usb-3-1-pour-ssd-m-2-pcie-sata-nvme\/#primaryimage"},"thumbnailUrl":"https:\/\/www.inov-u.com\/wp-content\/uploads\/2024\/10\/INBU3M2NS_01.png","datePublished":"2024-10-23T10:11:52+00:00","dateModified":"2025-04-29T14:12:02+00:00","breadcrumb":{"@id":"https:\/\/www.inov-u.com\/en\/products\/adapters-hubs\/adapters\/boitier-externe-usb-3-1-pour-ssd-m-2-pcie-sata-nvme\/#breadcrumb"},"inLanguage":"en-US","potentialAction":[{"@type":"ReadAction","target":["https:\/\/www.inov-u.com\/en\/products\/adapters-hubs\/adapters\/boitier-externe-usb-3-1-pour-ssd-m-2-pcie-sata-nvme\/"]}]},{"@type":"ImageObject","inLanguage":"en-US","@id":"https:\/\/www.inov-u.com\/en\/products\/adapters-hubs\/adapters\/boitier-externe-usb-3-1-pour-ssd-m-2-pcie-sata-nvme\/#primaryimage","url":"https:\/\/www.inov-u.com\/wp-content\/uploads\/2024\/10\/INBU3M2NS_01.png","contentUrl":"https:\/\/www.inov-u.com\/wp-content\/uploads\/2024\/10\/INBU3M2NS_01.png","width":1080,"height":1080,"caption":"Boitier externe pour disque dur"},{"@type":"BreadcrumbList","@id":"https:\/\/www.inov-u.com\/en\/products\/adapters-hubs\/adapters\/boitier-externe-usb-3-1-pour-ssd-m-2-pcie-sata-nvme\/#breadcrumb","itemListElement":[{"@type":"ListItem","position":1,"name":"Home","item":"https:\/\/www.inov-u.com\/en\/"},{"@type":"ListItem","position":2,"name":"Products","item":"https:\/\/www.inov-u.com\/nos-univers\/"},{"@type":"ListItem","position":3,"name":"Adapters &amp; Hubs","item":"https:\/\/www.inov-u.com\/en\/nos-univers\/adapters-hubs\/"},{"@type":"ListItem","position":4,"name":"Adapters","item":"https:\/\/www.inov-u.com\/en\/nos-univers\/adapters-hubs\/adapters\/"},{"@type":"ListItem","position":5,"name":"Bo\u00eetier externe USB 3.1 pour SSD M.2 PCIe SATA\/NVMe"}]},{"@type":"WebSite","@id":"https:\/\/www.inov-u.com\/en\/#website","url":"https:\/\/www.inov-u.com\/en\/","name":"INOVU","description":"L&#039;\u00e9quipement informatique du quotidien","publisher":{"@id":"https:\/\/www.inov-u.com\/en\/#organization"},"potentialAction":[{"@type":"SearchAction","target":{"@type":"EntryPoint","urlTemplate":"https:\/\/www.inov-u.com\/en\/?s={search_term_string}"},"query-input":{"@type":"PropertyValueSpecification","valueRequired":true,"valueName":"search_term_string"}}],"inLanguage":"en-US"},{"@type":"Organization","@id":"https:\/\/www.inov-u.com\/en\/#organization","name":"INOVU","url":"https:\/\/www.inov-u.com\/en\/","logo":{"@type":"ImageObject","inLanguage":"en-US","@id":"https:\/\/www.inov-u.com\/en\/#\/schema\/logo\/image\/","url":"https:\/\/www.inov-u.com\/wp-content\/uploads\/2024\/02\/inovu_favicon.png","contentUrl":"https:\/\/www.inov-u.com\/wp-content\/uploads\/2024\/02\/inovu_favicon.png","width":512,"height":512,"caption":"INOVU"},"image":{"@id":"https:\/\/www.inov-u.com\/en\/#\/schema\/logo\/image\/"}}]}},"_links":{"self":[{"href":"https:\/\/www.inov-u.com\/en\/wp-json\/wp\/v2\/product\/4611","targetHints":{"allow":["GET"]}}],"collection":[{"href":"https:\/\/www.inov-u.com\/en\/wp-json\/wp\/v2\/product"}],"about":[{"href":"https:\/\/www.inov-u.com\/en\/wp-json\/wp\/v2\/types\/product"}],"replies":[{"embeddable":true,"href":"https:\/\/www.inov-u.com\/en\/wp-json\/wp\/v2\/comments?post=4611"}],"version-history":[{"count":1,"href":"https:\/\/www.inov-u.com\/en\/wp-json\/wp\/v2\/product\/4611\/revisions"}],"predecessor-version":[{"id":10018,"href":"https:\/\/www.inov-u.com\/en\/wp-json\/wp\/v2\/product\/4611\/revisions\/10018"}],"wp:featuredmedia":[{"embeddable":true,"href":"https:\/\/www.inov-u.com\/en\/wp-json\/wp\/v2\/media\/4623"}],"wp:attachment":[{"href":"https:\/\/www.inov-u.com\/en\/wp-json\/wp\/v2\/media?parent=4611"}],"wp:term":[{"taxonomy":"product_brand","embeddable":true,"href":"https:\/\/www.inov-u.com\/en\/wp-json\/wp\/v2\/product_brand?post=4611"},{"taxonomy":"product_cat","embeddable":true,"href":"https:\/\/www.inov-u.com\/en\/wp-json\/wp\/v2\/product_cat?post=4611"},{"taxonomy":"product_tag","embeddable":true,"href":"https:\/\/www.inov-u.com\/en\/wp-json\/wp\/v2\/product_tag?post=4611"}],"curies":[{"name":"wp","href":"https:\/\/api.w.org\/{rel}","templated":true}]}}