{"id":5256,"date":"2024-10-31T14:40:35","date_gmt":"2024-10-31T13:40:35","guid":{"rendered":"https:\/\/www.inov-u.com\/?post_type=product&#038;p=5256"},"modified":"2025-04-29T09:34:44","modified_gmt":"2025-04-29T07:34:44","slug":"inovu-lk120-azerty-francais","status":"publish","type":"product","link":"https:\/\/www.inov-u.com\/en\/products\/pc-peripherals\/keyboard\/inovu-lk120-azerty-francais\/","title":{"rendered":"LK120 (AZERTY, Fran\u00e7ais)"},"content":{"rendered":"\t\t<div data-elementor-type=\"container\" data-elementor-id=\"5262\" class=\"elementor elementor-5262\" data-elementor-post-type=\"elementor_library\">\n\t\t\t\t<div class=\"elementor-element elementor-element-7975e6c e-con-full e-flex e-con e-parent\" data-id=\"7975e6c\" data-element_type=\"container\" data-e-type=\"container\">\n\t\t<div class=\"elementor-element elementor-element-8f159db e-con-full e-flex e-con e-child\" data-id=\"8f159db\" data-element_type=\"container\" data-e-type=\"container\">\n\t\t<div class=\"elementor-element elementor-element-be6fc47 e-con-full e-flex e-con e-child\" data-id=\"be6fc47\" data-element_type=\"container\" data-e-type=\"container\">\n\t\t\t\t<div class=\"elementor-element elementor-element-b2d585c elementor-widget elementor-widget-heading\" data-id=\"b2d585c\" data-element_type=\"widget\" data-e-type=\"widget\" data-widget_type=\"heading.default\">\n\t\t\t\t<div class=\"elementor-widget-container\">\n\t\t\t\t\t<h2 class=\"elementor-heading-title elementor-size-default\">Un clavier \u00e0 mettre entre toutes les mains<\/h2>\t\t\t\t<\/div>\n\t\t\t\t<\/div>\n\t\t\t\t<div class=\"elementor-element elementor-element-2602b25 elementor-widget elementor-widget-text-editor\" data-id=\"2602b25\" data-element_type=\"widget\" data-e-type=\"widget\" data-widget_type=\"text-editor.default\">\n\t\t\t\t<div class=\"elementor-widget-container\">\n\t\t\t\t\t\t\t\t\t<p>L&#8217;<strong>INOVU LK120<\/strong>\u00a0est un\u00a0<strong>clavier PC r\u00e9tro\u00e9clair\u00e9<\/strong>\u00a0fin et l\u00e9ger au design sobre et \u00e9l\u00e9gant.\u00a0<strong>Plug &amp; Play<\/strong>, il fonctionne imm\u00e9diatement une fois connect\u00e9 \u00e0 votre PC (port USB), sans avoir besoin d&#8217;installer de pilotes. Avec\u00a0<strong>3 niveaux d&#8217;intensit\u00e9 d&#8217;\u00e9clairage<\/strong>, il s&#8217;adapte \u00e0 tous types d&#8217;environnements, des plus lumineux aux plus sombres, et vous permet de travailler efficacement en toutes circonstances. Id\u00e9al pour la bureautique et le t\u00e9l\u00e9travail, le\u00a0<strong>clavier PC INOVU LK120<\/strong>\u00a0n&#8217;en demeure pas moins extr\u00eamement polyvalent gr\u00e2ce \u00e0 des<strong>\u00a0touches multim\u00e9dia d\u00e9di\u00e9es<\/strong>. Un clavier simple, efficace et particuli\u00e8rement bien pens\u00e9, \u00e0 mettre entre toutes les mains.<\/p>\t\t\t\t\t\t\t\t<\/div>\n\t\t\t\t<\/div>\n\t\t\t\t<\/div>\n\t\t\t\t<\/div>\n\t\t<div class=\"elementor-element elementor-element-757efc9 e-con-full e-flex e-con e-child\" data-id=\"757efc9\" data-element_type=\"container\" data-e-type=\"container\">\n\t\t<div class=\"elementor-element elementor-element-e18eb3e e-con-full e-flex e-con e-child\" data-id=\"e18eb3e\" data-element_type=\"container\" data-e-type=\"container\">\n\t\t\t\t<div class=\"elementor-element elementor-element-c3d81ff elementor-widget elementor-widget-image\" data-id=\"c3d81ff\" data-element_type=\"widget\" data-e-type=\"widget\" data-widget_type=\"image.default\">\n\t\t\t\t<div class=\"elementor-widget-container\">\n\t\t\t\t\t\t\t\t\t\t\t\t\t\t\t<img fetchpriority=\"high\" decoding=\"async\" width=\"1000\" height=\"1000\" src=\"https:\/\/www.inov-u.com\/wp-content\/uploads\/2024\/10\/LK120_4.jpg\" class=\"attachment-full size-full wp-image-5264\" alt=\"Personne travaillant sur son clavier noir dans son environnement de travail\" srcset=\"https:\/\/www.inov-u.com\/wp-content\/uploads\/2024\/10\/LK120_4.jpg 1000w, https:\/\/www.inov-u.com\/wp-content\/uploads\/2024\/10\/LK120_4-300x300.jpg 300w, https:\/\/www.inov-u.com\/wp-content\/uploads\/2024\/10\/LK120_4-150x150.jpg 150w, https:\/\/www.inov-u.com\/wp-content\/uploads\/2024\/10\/LK120_4-768x768.jpg 768w, https:\/\/www.inov-u.com\/wp-content\/uploads\/2024\/10\/LK120_4-700x700.jpg 700w, https:\/\/www.inov-u.com\/wp-content\/uploads\/2024\/10\/LK120_4-600x600.jpg 600w, https:\/\/www.inov-u.com\/wp-content\/uploads\/2024\/10\/LK120_4-100x100.jpg 100w\" sizes=\"(max-width: 1000px) 100vw, 1000px\" \/>\t\t\t\t\t\t\t\t\t\t\t\t\t\t\t<\/div>\n\t\t\t\t<\/div>\n\t\t\t\t<\/div>\n\t\t<div class=\"elementor-element elementor-element-e7f55b7 e-con-full e-flex e-con e-child\" data-id=\"e7f55b7\" data-element_type=\"container\" data-e-type=\"container\">\n\t\t\t\t<div class=\"elementor-element elementor-element-d9d7e98 elementor-widget elementor-widget-heading\" data-id=\"d9d7e98\" data-element_type=\"widget\" data-e-type=\"widget\" data-widget_type=\"heading.default\">\n\t\t\t\t<div class=\"elementor-widget-container\">\n\t\t\t\t\t<h2 class=\"elementor-heading-title elementor-size-default\">Ergonomie et confort d'utilisation<\/h2>\t\t\t\t<\/div>\n\t\t\t\t<\/div>\n\t\t\t\t<div class=\"elementor-element elementor-element-21ee8a3 elementor-widget elementor-widget-text-editor\" data-id=\"21ee8a3\" data-element_type=\"widget\" data-e-type=\"widget\" data-widget_type=\"text-editor.default\">\n\t\t\t\t<div class=\"elementor-widget-container\">\n\t\t\t\t\t\t\t\t\t<p>L&#8217;<strong>INOVU LK120<\/strong>\u00a0ravira les utilisateurs exigeants ayant une utilisation intensive de leur p\u00e9riph\u00e9rique de saisie, au travail comme \u00e0 la maison. Bien pens\u00e9 et bien con\u00e7u, il b\u00e9n\u00e9ficie d&#8217;une bonne ergonomie qui le rend agr\u00e9able \u00e0 utiliser, m\u00eame pendant de longues heures.<\/p><ul><li>Fonctionnement\u00a0<strong>Plug &amp; Play<\/strong>\u00a0: aucun pilote requis<\/li><li><strong>Touches au format slim<\/strong>\u00a0pour une saisie rapide et agr\u00e9able<\/li><li><strong>Inclinaison r\u00e9glable<\/strong>\u00a0pour un confort optimal<\/li><li><strong>R\u00e9tro\u00e9clairage 3 niveaux\u00a0<\/strong>avec m\u00e9morisation du dernier niveau utilis\u00e9<\/li><li><strong>Touches multim\u00e9dia d\u00e9di\u00e9es<\/strong><\/li><li>Design sobre et \u00e9l\u00e9gant<\/li><li><strong>Ch\u00e2ssis\u00a0fin<\/strong>,\u00a0<strong>robuste\u00a0<\/strong>et\u00a0<strong>l\u00e9ger<\/strong><\/li><\/ul>\t\t\t\t\t\t\t\t<\/div>\n\t\t\t\t<\/div>\n\t\t\t\t<\/div>\n\t\t\t\t<\/div>\n\t\t\t\t<\/div>\n\t\t\t\t<\/div>\n\t\t\n","protected":false},"excerpt":{"rendered":"<p>L&#8217;INOVU LK120 est un clavier PC r\u00e9tro\u00e9clair\u00e9 fin et l\u00e9ger au design sobre et \u00e9l\u00e9gant. Plug &amp; Play, il fonctionne imm\u00e9diatement une fois connect\u00e9 \u00e0 votre PC (port USB), sans avoir besoin d&#8217;installer de pilotes. Avec 3 niveaux d&#8217;intensit\u00e9 d&#8217;\u00e9clairage, il s&#8217;adapte \u00e0 tous types d&#8217;environnements.<\/p>\n","protected":false},"featured_media":5257,"comment_status":"open","ping_status":"closed","template":"","meta":{"_acf_changed":false},"product_brand":[],"product_cat":[55],"product_tag":[],"class_list":{"0":"post-5256","1":"product","2":"type-product","3":"status-publish","4":"has-post-thumbnail","6":"product_cat-clavier","8":"first","9":"instock","10":"shipping-taxable","11":"product-type-simple"},"acf":[],"yoast_head":"<!-- This site is optimized with the Yoast SEO plugin v27.4 - https:\/\/yoast.com\/product\/yoast-seo-wordpress\/ -->\n<title>INOVU | LK120 (AZERTY, Fran\u00e7ais)<\/title>\n<meta name=\"robots\" content=\"index, follow, max-snippet:-1, max-image-preview:large, max-video-preview:-1\" \/>\n<link rel=\"canonical\" href=\"https:\/\/www.inov-u.com\/en\/products\/pc-peripherals\/keyboard\/inovu-lk120-azerty-francais\/\" \/>\n<meta property=\"og:locale\" content=\"en_US\" \/>\n<meta property=\"og:type\" content=\"article\" \/>\n<meta property=\"og:title\" content=\"INOVU | LK120 (AZERTY, Fran\u00e7ais)\" \/>\n<meta property=\"og:description\" content=\"L&#039;INOVU LK120 est un clavier PC r\u00e9tro\u00e9clair\u00e9 fin et l\u00e9ger au design sobre et \u00e9l\u00e9gant. Plug &amp; Play, il fonctionne imm\u00e9diatement une fois connect\u00e9 \u00e0 votre PC (port USB), sans avoir besoin d&#039;installer de pilotes. Avec 3 niveaux d&#039;intensit\u00e9 d&#039;\u00e9clairage, il s&#039;adapte \u00e0 tous types d&#039;environnements.\" \/>\n<meta property=\"og:url\" content=\"https:\/\/www.inov-u.com\/en\/products\/pc-peripherals\/keyboard\/inovu-lk120-azerty-francais\/\" \/>\n<meta property=\"og:site_name\" content=\"INOVU\" \/>\n<meta property=\"article:modified_time\" content=\"2025-04-29T07:34:44+00:00\" \/>\n<meta property=\"og:image\" content=\"https:\/\/www.inov-u.com\/wp-content\/uploads\/2024\/10\/LK120_1.png\" \/>\n\t<meta property=\"og:image:width\" content=\"1000\" \/>\n\t<meta property=\"og:image:height\" content=\"1000\" \/>\n\t<meta property=\"og:image:type\" content=\"image\/png\" \/>\n<meta name=\"twitter:card\" content=\"summary_large_image\" \/>\n<meta name=\"twitter:label1\" content=\"Est. reading time\" \/>\n\t<meta name=\"twitter:data1\" content=\"1 minute\" \/>\n<script type=\"application\/ld+json\" class=\"yoast-schema-graph\">{\"@context\":\"https:\\\/\\\/schema.org\",\"@graph\":[{\"@type\":[\"WebPage\",\"ItemPage\"],\"@id\":\"https:\\\/\\\/www.inov-u.com\\\/en\\\/products\\\/pc-peripherals\\\/keyboard\\\/inovu-lk120-azerty-francais\\\/\",\"url\":\"https:\\\/\\\/www.inov-u.com\\\/en\\\/products\\\/pc-peripherals\\\/keyboard\\\/inovu-lk120-azerty-francais\\\/\",\"name\":\"INOVU | LK120 (AZERTY, Fran\u00e7ais)\",\"isPartOf\":{\"@id\":\"https:\\\/\\\/www.inov-u.com\\\/en\\\/#website\"},\"primaryImageOfPage\":{\"@id\":\"https:\\\/\\\/www.inov-u.com\\\/en\\\/products\\\/pc-peripherals\\\/keyboard\\\/inovu-lk120-azerty-francais\\\/#primaryimage\"},\"image\":{\"@id\":\"https:\\\/\\\/www.inov-u.com\\\/en\\\/products\\\/pc-peripherals\\\/keyboard\\\/inovu-lk120-azerty-francais\\\/#primaryimage\"},\"thumbnailUrl\":\"https:\\\/\\\/www.inov-u.com\\\/wp-content\\\/uploads\\\/2024\\\/10\\\/LK120_1.png\",\"datePublished\":\"2024-10-31T13:40:35+00:00\",\"dateModified\":\"2025-04-29T07:34:44+00:00\",\"breadcrumb\":{\"@id\":\"https:\\\/\\\/www.inov-u.com\\\/en\\\/products\\\/pc-peripherals\\\/keyboard\\\/inovu-lk120-azerty-francais\\\/#breadcrumb\"},\"inLanguage\":\"en-US\",\"potentialAction\":[{\"@type\":\"ReadAction\",\"target\":[\"https:\\\/\\\/www.inov-u.com\\\/en\\\/products\\\/pc-peripherals\\\/keyboard\\\/inovu-lk120-azerty-francais\\\/\"]}]},{\"@type\":\"ImageObject\",\"inLanguage\":\"en-US\",\"@id\":\"https:\\\/\\\/www.inov-u.com\\\/en\\\/products\\\/pc-peripherals\\\/keyboard\\\/inovu-lk120-azerty-francais\\\/#primaryimage\",\"url\":\"https:\\\/\\\/www.inov-u.com\\\/wp-content\\\/uploads\\\/2024\\\/10\\\/LK120_1.png\",\"contentUrl\":\"https:\\\/\\\/www.inov-u.com\\\/wp-content\\\/uploads\\\/2024\\\/10\\\/LK120_1.png\",\"width\":1000,\"height\":1000,\"caption\":\"Clavier noir simple positionn\u00e9 sur le cot\u00e9 gauche\"},{\"@type\":\"BreadcrumbList\",\"@id\":\"https:\\\/\\\/www.inov-u.com\\\/en\\\/products\\\/pc-peripherals\\\/keyboard\\\/inovu-lk120-azerty-francais\\\/#breadcrumb\",\"itemListElement\":[{\"@type\":\"ListItem\",\"position\":1,\"name\":\"Home\",\"item\":\"https:\\\/\\\/www.inov-u.com\\\/en\\\/\"},{\"@type\":\"ListItem\",\"position\":2,\"name\":\"Products\",\"item\":\"https:\\\/\\\/www.inov-u.com\\\/nos-univers\\\/\"},{\"@type\":\"ListItem\",\"position\":3,\"name\":\"PC Peripherals\",\"item\":\"https:\\\/\\\/www.inov-u.com\\\/en\\\/nos-univers\\\/pc-peripherals\\\/\"},{\"@type\":\"ListItem\",\"position\":4,\"name\":\"Keyboard\",\"item\":\"https:\\\/\\\/www.inov-u.com\\\/en\\\/nos-univers\\\/pc-peripherals\\\/keyboard\\\/\"},{\"@type\":\"ListItem\",\"position\":5,\"name\":\"LK120 (AZERTY, Fran\u00e7ais)\"}]},{\"@type\":\"WebSite\",\"@id\":\"https:\\\/\\\/www.inov-u.com\\\/en\\\/#website\",\"url\":\"https:\\\/\\\/www.inov-u.com\\\/en\\\/\",\"name\":\"INOVU\",\"description\":\"L&#039;\u00e9quipement informatique du quotidien\",\"publisher\":{\"@id\":\"https:\\\/\\\/www.inov-u.com\\\/en\\\/#organization\"},\"potentialAction\":[{\"@type\":\"SearchAction\",\"target\":{\"@type\":\"EntryPoint\",\"urlTemplate\":\"https:\\\/\\\/www.inov-u.com\\\/en\\\/?s={search_term_string}\"},\"query-input\":{\"@type\":\"PropertyValueSpecification\",\"valueRequired\":true,\"valueName\":\"search_term_string\"}}],\"inLanguage\":\"en-US\"},{\"@type\":\"Organization\",\"@id\":\"https:\\\/\\\/www.inov-u.com\\\/en\\\/#organization\",\"name\":\"INOVU\",\"url\":\"https:\\\/\\\/www.inov-u.com\\\/en\\\/\",\"logo\":{\"@type\":\"ImageObject\",\"inLanguage\":\"en-US\",\"@id\":\"https:\\\/\\\/www.inov-u.com\\\/en\\\/#\\\/schema\\\/logo\\\/image\\\/\",\"url\":\"https:\\\/\\\/www.inov-u.com\\\/wp-content\\\/uploads\\\/2024\\\/02\\\/inovu_favicon.png\",\"contentUrl\":\"https:\\\/\\\/www.inov-u.com\\\/wp-content\\\/uploads\\\/2024\\\/02\\\/inovu_favicon.png\",\"width\":512,\"height\":512,\"caption\":\"INOVU\"},\"image\":{\"@id\":\"https:\\\/\\\/www.inov-u.com\\\/en\\\/#\\\/schema\\\/logo\\\/image\\\/\"}}]}<\/script>\n<!-- \/ Yoast SEO plugin. -->","yoast_head_json":{"title":"INOVU | LK120 (AZERTY, Fran\u00e7ais)","robots":{"index":"index","follow":"follow","max-snippet":"max-snippet:-1","max-image-preview":"max-image-preview:large","max-video-preview":"max-video-preview:-1"},"canonical":"https:\/\/www.inov-u.com\/en\/products\/pc-peripherals\/keyboard\/inovu-lk120-azerty-francais\/","og_locale":"en_US","og_type":"article","og_title":"INOVU | LK120 (AZERTY, Fran\u00e7ais)","og_description":"L'INOVU LK120 est un clavier PC r\u00e9tro\u00e9clair\u00e9 fin et l\u00e9ger au design sobre et \u00e9l\u00e9gant. Plug &amp; Play, il fonctionne imm\u00e9diatement une fois connect\u00e9 \u00e0 votre PC (port USB), sans avoir besoin d'installer de pilotes. Avec 3 niveaux d'intensit\u00e9 d'\u00e9clairage, il s'adapte \u00e0 tous types d'environnements.","og_url":"https:\/\/www.inov-u.com\/en\/products\/pc-peripherals\/keyboard\/inovu-lk120-azerty-francais\/","og_site_name":"INOVU","article_modified_time":"2025-04-29T07:34:44+00:00","og_image":[{"width":1000,"height":1000,"url":"https:\/\/www.inov-u.com\/wp-content\/uploads\/2024\/10\/LK120_1.png","type":"image\/png"}],"twitter_card":"summary_large_image","twitter_misc":{"Est. reading time":"1 minute"},"schema":{"@context":"https:\/\/schema.org","@graph":[{"@type":["WebPage","ItemPage"],"@id":"https:\/\/www.inov-u.com\/en\/products\/pc-peripherals\/keyboard\/inovu-lk120-azerty-francais\/","url":"https:\/\/www.inov-u.com\/en\/products\/pc-peripherals\/keyboard\/inovu-lk120-azerty-francais\/","name":"INOVU | LK120 (AZERTY, Fran\u00e7ais)","isPartOf":{"@id":"https:\/\/www.inov-u.com\/en\/#website"},"primaryImageOfPage":{"@id":"https:\/\/www.inov-u.com\/en\/products\/pc-peripherals\/keyboard\/inovu-lk120-azerty-francais\/#primaryimage"},"image":{"@id":"https:\/\/www.inov-u.com\/en\/products\/pc-peripherals\/keyboard\/inovu-lk120-azerty-francais\/#primaryimage"},"thumbnailUrl":"https:\/\/www.inov-u.com\/wp-content\/uploads\/2024\/10\/LK120_1.png","datePublished":"2024-10-31T13:40:35+00:00","dateModified":"2025-04-29T07:34:44+00:00","breadcrumb":{"@id":"https:\/\/www.inov-u.com\/en\/products\/pc-peripherals\/keyboard\/inovu-lk120-azerty-francais\/#breadcrumb"},"inLanguage":"en-US","potentialAction":[{"@type":"ReadAction","target":["https:\/\/www.inov-u.com\/en\/products\/pc-peripherals\/keyboard\/inovu-lk120-azerty-francais\/"]}]},{"@type":"ImageObject","inLanguage":"en-US","@id":"https:\/\/www.inov-u.com\/en\/products\/pc-peripherals\/keyboard\/inovu-lk120-azerty-francais\/#primaryimage","url":"https:\/\/www.inov-u.com\/wp-content\/uploads\/2024\/10\/LK120_1.png","contentUrl":"https:\/\/www.inov-u.com\/wp-content\/uploads\/2024\/10\/LK120_1.png","width":1000,"height":1000,"caption":"Clavier noir simple positionn\u00e9 sur le cot\u00e9 gauche"},{"@type":"BreadcrumbList","@id":"https:\/\/www.inov-u.com\/en\/products\/pc-peripherals\/keyboard\/inovu-lk120-azerty-francais\/#breadcrumb","itemListElement":[{"@type":"ListItem","position":1,"name":"Home","item":"https:\/\/www.inov-u.com\/en\/"},{"@type":"ListItem","position":2,"name":"Products","item":"https:\/\/www.inov-u.com\/nos-univers\/"},{"@type":"ListItem","position":3,"name":"PC Peripherals","item":"https:\/\/www.inov-u.com\/en\/nos-univers\/pc-peripherals\/"},{"@type":"ListItem","position":4,"name":"Keyboard","item":"https:\/\/www.inov-u.com\/en\/nos-univers\/pc-peripherals\/keyboard\/"},{"@type":"ListItem","position":5,"name":"LK120 (AZERTY, Fran\u00e7ais)"}]},{"@type":"WebSite","@id":"https:\/\/www.inov-u.com\/en\/#website","url":"https:\/\/www.inov-u.com\/en\/","name":"INOVU","description":"L&#039;\u00e9quipement informatique du quotidien","publisher":{"@id":"https:\/\/www.inov-u.com\/en\/#organization"},"potentialAction":[{"@type":"SearchAction","target":{"@type":"EntryPoint","urlTemplate":"https:\/\/www.inov-u.com\/en\/?s={search_term_string}"},"query-input":{"@type":"PropertyValueSpecification","valueRequired":true,"valueName":"search_term_string"}}],"inLanguage":"en-US"},{"@type":"Organization","@id":"https:\/\/www.inov-u.com\/en\/#organization","name":"INOVU","url":"https:\/\/www.inov-u.com\/en\/","logo":{"@type":"ImageObject","inLanguage":"en-US","@id":"https:\/\/www.inov-u.com\/en\/#\/schema\/logo\/image\/","url":"https:\/\/www.inov-u.com\/wp-content\/uploads\/2024\/02\/inovu_favicon.png","contentUrl":"https:\/\/www.inov-u.com\/wp-content\/uploads\/2024\/02\/inovu_favicon.png","width":512,"height":512,"caption":"INOVU"},"image":{"@id":"https:\/\/www.inov-u.com\/en\/#\/schema\/logo\/image\/"}}]}},"_links":{"self":[{"href":"https:\/\/www.inov-u.com\/en\/wp-json\/wp\/v2\/product\/5256","targetHints":{"allow":["GET"]}}],"collection":[{"href":"https:\/\/www.inov-u.com\/en\/wp-json\/wp\/v2\/product"}],"about":[{"href":"https:\/\/www.inov-u.com\/en\/wp-json\/wp\/v2\/types\/product"}],"replies":[{"embeddable":true,"href":"https:\/\/www.inov-u.com\/en\/wp-json\/wp\/v2\/comments?post=5256"}],"version-history":[{"count":1,"href":"https:\/\/www.inov-u.com\/en\/wp-json\/wp\/v2\/product\/5256\/revisions"}],"predecessor-version":[{"id":10015,"href":"https:\/\/www.inov-u.com\/en\/wp-json\/wp\/v2\/product\/5256\/revisions\/10015"}],"wp:featuredmedia":[{"embeddable":true,"href":"https:\/\/www.inov-u.com\/en\/wp-json\/wp\/v2\/media\/5257"}],"wp:attachment":[{"href":"https:\/\/www.inov-u.com\/en\/wp-json\/wp\/v2\/media?parent=5256"}],"wp:term":[{"taxonomy":"product_brand","embeddable":true,"href":"https:\/\/www.inov-u.com\/en\/wp-json\/wp\/v2\/product_brand?post=5256"},{"taxonomy":"product_cat","embeddable":true,"href":"https:\/\/www.inov-u.com\/en\/wp-json\/wp\/v2\/product_cat?post=5256"},{"taxonomy":"product_tag","embeddable":true,"href":"https:\/\/www.inov-u.com\/en\/wp-json\/wp\/v2\/product_tag?post=5256"}],"curies":[{"name":"wp","href":"https:\/\/api.w.org\/{rel}","templated":true}]}}