{"id":5268,"date":"2024-10-31T14:58:41","date_gmt":"2024-10-31T13:58:41","guid":{"rendered":"https:\/\/www.inov-u.com\/?post_type=product&#038;p=5268"},"modified":"2025-07-25T09:51:44","modified_gmt":"2025-07-25T07:51:44","slug":"bw10-azerty-azerty-francais","status":"publish","type":"product","link":"https:\/\/www.inov-u.com\/en\/products\/pc-peripherals\/keyboard\/bw10-azerty-azerty-francais\/","title":{"rendered":"BW10 AZERTY+ (AZERTY, Fran\u00e7ais)"},"content":{"rendered":"\t\t<div data-elementor-type=\"container\" data-elementor-id=\"5276\" class=\"elementor elementor-5276\" data-elementor-post-type=\"elementor_library\">\n\t\t\t\t<div class=\"elementor-element elementor-element-7975e6c e-con-full e-flex e-con e-parent\" data-id=\"7975e6c\" data-element_type=\"container\" data-e-type=\"container\">\n\t\t<div class=\"elementor-element elementor-element-8f159db e-con-full e-flex e-con e-child\" data-id=\"8f159db\" data-element_type=\"container\" data-e-type=\"container\">\n\t\t<div class=\"elementor-element elementor-element-be6fc47 e-con-full e-flex e-con e-child\" data-id=\"be6fc47\" data-element_type=\"container\" data-e-type=\"container\">\n\t\t\t\t<div class=\"elementor-element elementor-element-b2d585c elementor-widget elementor-widget-heading\" data-id=\"b2d585c\" data-element_type=\"widget\" data-e-type=\"widget\" data-widget_type=\"heading.default\">\n\t\t\t\t<div class=\"elementor-widget-container\">\n\t\t\t\t\t<h2 class=\"elementor-heading-title elementor-size-default\">Le nouvel AZERTY<\/h2>\t\t\t\t<\/div>\n\t\t\t\t<\/div>\n\t\t\t\t<div class=\"elementor-element elementor-element-2602b25 elementor-widget elementor-widget-text-editor\" data-id=\"2602b25\" data-element_type=\"widget\" data-e-type=\"widget\" data-widget_type=\"text-editor.default\">\n\t\t\t\t<div class=\"elementor-widget-container\">\n\t\t\t\t\t\t\t\t\t<p>Le\u00a0<strong>INOVU BW10 AZERTY+<\/strong>\u00a0est un clavier filaire de qualit\u00e9 \u00e0 la norme<strong>\u00a0AZERTY am\u00e9lior\u00e9<\/strong>\u00a0(AZERTY+). Cette nouvelle disposition am\u00e9lior\u00e9e reprend le principe de base des claviers AZERTY tout en optimisant la position des caract\u00e8res les plus utilis\u00e9s dans la langue fran\u00e7aise. Ce clavier plus ergonomique que le clavier AZERTY standard facilite la saisie du texte ou encore du code programmation. Agr\u00e9able au toucher gr\u00e2ce \u00e0 ses touches carr\u00e9es \u00e0 bords arrondis et poss\u00e9dant une protection contre les \u00e9claboussures, il sera un partenaire de choix pour vous suivre dans toutes vos aventures. Quant \u00e0 ses touches multim\u00e9dias, elles vous seront tr\u00e8s utiles pour mettre en pause votre musique ou pour changer de piste.<\/p>\t\t\t\t\t\t\t\t<\/div>\n\t\t\t\t<\/div>\n\t\t\t\t<\/div>\n\t\t\t\t<\/div>\n\t\t<div class=\"elementor-element elementor-element-757efc9 e-con-full e-flex e-con e-child\" data-id=\"757efc9\" data-element_type=\"container\" data-e-type=\"container\">\n\t\t<div class=\"elementor-element elementor-element-e18eb3e e-con-full e-flex e-con e-child\" data-id=\"e18eb3e\" data-element_type=\"container\" data-e-type=\"container\">\n\t\t\t\t<div class=\"elementor-element elementor-element-c3d81ff elementor-widget elementor-widget-image\" data-id=\"c3d81ff\" data-element_type=\"widget\" data-e-type=\"widget\" data-widget_type=\"image.default\">\n\t\t\t\t<div class=\"elementor-widget-container\">\n\t\t\t\t\t\t\t\t\t\t\t\t\t\t\t<img fetchpriority=\"high\" decoding=\"async\" width=\"1000\" height=\"1000\" src=\"https:\/\/www.inov-u.com\/wp-content\/uploads\/2024\/10\/BW10-AZERTY-FR_4.png\" class=\"attachment-full size-full wp-image-5273\" alt=\"Personne utilisant un clavier Inovu noir azerty sur un bureau avec \u00e9cran et souris.\" srcset=\"https:\/\/www.inov-u.com\/wp-content\/uploads\/2024\/10\/BW10-AZERTY-FR_4.png.webp 1000w, https:\/\/www.inov-u.com\/wp-content\/uploads\/2024\/10\/BW10-AZERTY-FR_4-300x300.png.webp 300w, https:\/\/www.inov-u.com\/wp-content\/uploads\/2024\/10\/BW10-AZERTY-FR_4-150x150.png.webp 150w, https:\/\/www.inov-u.com\/wp-content\/uploads\/2024\/10\/BW10-AZERTY-FR_4-768x768.png.webp 768w, https:\/\/www.inov-u.com\/wp-content\/uploads\/2024\/10\/BW10-AZERTY-FR_4-700x700.png.webp 700w, https:\/\/www.inov-u.com\/wp-content\/uploads\/2024\/10\/BW10-AZERTY-FR_4-600x600.png.webp 600w, https:\/\/www.inov-u.com\/wp-content\/uploads\/2024\/10\/BW10-AZERTY-FR_4-100x100.png.webp 100w\" sizes=\"(max-width: 1000px) 100vw, 1000px\" \/>\t\t\t\t\t\t\t\t\t\t\t\t\t\t\t<\/div>\n\t\t\t\t<\/div>\n\t\t\t\t<\/div>\n\t\t<div class=\"elementor-element elementor-element-e7f55b7 e-con-full e-flex e-con e-child\" data-id=\"e7f55b7\" data-element_type=\"container\" data-e-type=\"container\">\n\t\t\t\t<div class=\"elementor-element elementor-element-d9d7e98 elementor-widget elementor-widget-heading\" data-id=\"d9d7e98\" data-element_type=\"widget\" data-e-type=\"widget\" data-widget_type=\"heading.default\">\n\t\t\t\t<div class=\"elementor-widget-container\">\n\t\t\t\t\t<h2 class=\"elementor-heading-title elementor-size-default\">Un clavier optimis\u00e9<\/h2>\t\t\t\t<\/div>\n\t\t\t\t<\/div>\n\t\t\t\t<div class=\"elementor-element elementor-element-21ee8a3 elementor-widget elementor-widget-text-editor\" data-id=\"21ee8a3\" data-element_type=\"widget\" data-e-type=\"widget\" data-widget_type=\"text-editor.default\">\n\t\t\t\t<div class=\"elementor-widget-container\">\n\t\t\t\t\t\t\t\t\t<p>Facilitez votre fa\u00e7on d&#8217;\u00e9crire avec le\u00a0INOVU BW10 AZERTY+. Ce clavier filaire am\u00e9lior\u00e9 vous offre une disposition des touches plus efficaces afin de vous faire gagner en ergonomie et de vous permettre d&#8217;\u00e9crire plus facilement le fran\u00e7ais ainsi que les langues r\u00e9gionales et europ\u00e9ennes. Avec son design sobre et compact, il trouvera facilement sa place sur votre bureau, alors que sa r\u00e9sistance aux \u00e9claboussures vous sera tr\u00e8s utile en cas d&#8217;accident de bureau.\u00a0Poss\u00e9dant une impression durable des caract\u00e8res, il sera votre alli\u00e9 durant de nombreuses ann\u00e9es.<\/p>\t\t\t\t\t\t\t\t<\/div>\n\t\t\t\t<\/div>\n\t\t\t\t<\/div>\n\t\t\t\t<\/div>\n\t\t<div class=\"elementor-element elementor-element-c3d38a4 e-con-full e-flex e-con e-child\" data-id=\"c3d38a4\" data-element_type=\"container\" data-e-type=\"container\">\n\t\t<div class=\"elementor-element elementor-element-423a0f2 e-con-full e-flex e-con e-child\" data-id=\"423a0f2\" data-element_type=\"container\" data-e-type=\"container\">\n\t\t\t\t<div class=\"elementor-element elementor-element-1edb1ec elementor-widget elementor-widget-heading\" data-id=\"1edb1ec\" data-element_type=\"widget\" data-e-type=\"widget\" data-widget_type=\"heading.default\">\n\t\t\t\t<div class=\"elementor-widget-container\">\n\t\t\t\t\t<h2 class=\"elementor-heading-title elementor-size-default\">AZERTY+<\/h2>\t\t\t\t<\/div>\n\t\t\t\t<\/div>\n\t\t\t\t<div class=\"elementor-element elementor-element-a2fb9ff elementor-widget elementor-widget-text-editor\" data-id=\"a2fb9ff\" data-element_type=\"widget\" data-e-type=\"widget\" data-widget_type=\"text-editor.default\">\n\t\t\t\t<div class=\"elementor-widget-container\">\n\t\t\t\t\t\t\t\t\t<p>La disposition du clavier INOVU BW10 AZERTY+ est conforme \u00e0 l\u2019annexe A de cette norme. Elle am\u00e9liore la disposition AZERTY habituelle \u2013 sans la r\u00e9volutionner \u2013 afin de rendre plus ais\u00e9e la saisie de certains caract\u00e8res : \u00ab doubles chevrons \u00bb, majuscules accentu\u00e9es, ligatures (oe, \u00e6), etc. L\u2019ergonomie du clavier est \u00e9galement am\u00e9lior\u00e9e pour la saisie des langues r\u00e9gionales et europ\u00e9ennes dot\u00e9es d\u2019un alphabet latin (allemand, espagnol, \u2026). La disposition AZERTY permet aussi un acc\u00e8s plus rapide \u00e0 certains signes utilis\u00e9s dans le d\u00e9veloppement logiciel et dans les usages modernes (comme l\u2019arobase @ ou le di\u00e8se\/hashtag #).<\/p>\t\t\t\t\t\t\t\t<\/div>\n\t\t\t\t<\/div>\n\t\t\t\t<\/div>\n\t\t<div class=\"elementor-element elementor-element-e89deed e-con-full e-flex e-con e-child\" data-id=\"e89deed\" data-element_type=\"container\" data-e-type=\"container\">\n\t\t\t\t<div class=\"elementor-element elementor-element-3d20722 elementor-widget elementor-widget-image\" data-id=\"3d20722\" data-element_type=\"widget\" data-e-type=\"widget\" data-widget_type=\"image.default\">\n\t\t\t\t<div class=\"elementor-widget-container\">\n\t\t\t\t\t\t\t\t\t\t\t\t\t\t\t<img decoding=\"async\" width=\"1000\" height=\"1000\" src=\"https:\/\/www.inov-u.com\/wp-content\/uploads\/2024\/10\/BW10-AZERTY-FR_5.png\" class=\"attachment-full size-full wp-image-5274\" alt=\"Gros plan sur une main appuyant sur une touche du clavier\" srcset=\"https:\/\/www.inov-u.com\/wp-content\/uploads\/2024\/10\/BW10-AZERTY-FR_5.png.webp 1000w, https:\/\/www.inov-u.com\/wp-content\/uploads\/2024\/10\/BW10-AZERTY-FR_5-300x300.png.webp 300w, https:\/\/www.inov-u.com\/wp-content\/uploads\/2024\/10\/BW10-AZERTY-FR_5-150x150.png.webp 150w, https:\/\/www.inov-u.com\/wp-content\/uploads\/2024\/10\/BW10-AZERTY-FR_5-768x768.png.webp 768w, https:\/\/www.inov-u.com\/wp-content\/uploads\/2024\/10\/BW10-AZERTY-FR_5-700x700.png.webp 700w, https:\/\/www.inov-u.com\/wp-content\/uploads\/2024\/10\/BW10-AZERTY-FR_5-600x600.png.webp 600w, https:\/\/www.inov-u.com\/wp-content\/uploads\/2024\/10\/BW10-AZERTY-FR_5-100x100.png.webp 100w\" sizes=\"(max-width: 1000px) 100vw, 1000px\" \/>\t\t\t\t\t\t\t\t\t\t\t\t\t\t\t<\/div>\n\t\t\t\t<\/div>\n\t\t\t\t<\/div>\n\t\t\t\t<\/div>\n\t\t<div class=\"elementor-element elementor-element-7be2f22 e-con-full e-flex e-con e-child\" data-id=\"7be2f22\" data-element_type=\"container\" data-e-type=\"container\">\n\t\t<div class=\"elementor-element elementor-element-19e8680 e-con-full e-flex e-con e-child\" data-id=\"19e8680\" data-element_type=\"container\" data-e-type=\"container\">\n\t\t\t\t<div class=\"elementor-element elementor-element-8060cfc elementor-widget elementor-widget-heading\" data-id=\"8060cfc\" data-element_type=\"widget\" data-e-type=\"widget\" data-widget_type=\"heading.default\">\n\t\t\t\t<div class=\"elementor-widget-container\">\n\t\t\t\t\t<h2 class=\"elementor-heading-title elementor-size-default\">Principales caract\u00e9ristiques :<\/h2>\t\t\t\t<\/div>\n\t\t\t\t<\/div>\n\t\t\t\t<div class=\"elementor-element elementor-element-c271c6b elementor-widget elementor-widget-text-editor\" data-id=\"c271c6b\" data-element_type=\"widget\" data-e-type=\"widget\" data-widget_type=\"text-editor.default\">\n\t\t\t\t<div class=\"elementor-widget-container\">\n\t\t\t\t\t\t\t\t\t<ul><li>Clavier filaire r\u00e9pondant \u00e0 la\u00a0<strong>norme NF Z 71-300<\/strong><\/li><li>Design sobre et compact<\/li><li>Disposition des touches\u00a0AZERTY am\u00e9lior\u00e9 (AZERTY+)<\/li><li>Touches carr\u00e9es \u00e0 bords arrondis<\/li><li><strong>Impression durable des caract\u00e8res<\/strong><\/li><li>Raccourcis multim\u00e9dias<\/li><li>Matrice en silicone haute-\u00e9lasticit\u00e9<\/li><li><strong>R\u00e9sistant aux \u00e9claboussures<\/strong><\/li><li>Longueur du c\u00e2ble : 150 cm<\/li><li>Dimensions : 456 x 156 x 24 mm<\/li><li>Poids : 534 g<\/li><\/ul>\t\t\t\t\t\t\t\t<\/div>\n\t\t\t\t<\/div>\n\t\t\t\t<\/div>\n\t\t\t\t<\/div>\n\t\t\t\t<\/div>\n\t\t\t\t<\/div>\n\t\t\n","protected":false},"excerpt":{"rendered":"<p>Le INOVU BW10 AZERTY+ est un clavier filaire de qualit\u00e9 \u00e0 la norme AZERTY am\u00e9lior\u00e9 (AZERTY+). Cette nouvelle disposition am\u00e9lior\u00e9e reprend le principe de base des claviers AZERTY tout en optimisant la position des caract\u00e8res les plus utilis\u00e9s dans la langue fran\u00e7aise.<\/p>\n","protected":false},"featured_media":5269,"comment_status":"open","ping_status":"closed","template":"","meta":{"_acf_changed":false},"product_brand":[],"product_cat":[55],"product_tag":[],"class_list":{"0":"post-5268","1":"product","2":"type-product","3":"status-publish","4":"has-post-thumbnail","6":"product_cat-clavier","8":"first","9":"instock","10":"shipping-taxable","11":"product-type-simple"},"acf":[],"yoast_head":"<!-- This site is optimized with the Yoast SEO plugin v27.4 - https:\/\/yoast.com\/product\/yoast-seo-wordpress\/ -->\n<title>INOVU | BW10 AZERTY+ (AZERTY, Fran\u00e7ais)<\/title>\n<meta name=\"robots\" content=\"index, follow, max-snippet:-1, max-image-preview:large, max-video-preview:-1\" \/>\n<link rel=\"canonical\" href=\"https:\/\/www.inov-u.com\/en\/products\/pc-peripherals\/keyboard\/bw10-azerty-azerty-francais\/\" \/>\n<meta property=\"og:locale\" content=\"en_US\" \/>\n<meta property=\"og:type\" content=\"article\" \/>\n<meta property=\"og:title\" content=\"INOVU | BW10 AZERTY+ (AZERTY, Fran\u00e7ais)\" \/>\n<meta property=\"og:description\" content=\"Le INOVU BW10 AZERTY+ est un clavier filaire de qualit\u00e9 \u00e0 la norme AZERTY am\u00e9lior\u00e9 (AZERTY+). Cette nouvelle disposition am\u00e9lior\u00e9e reprend le principe de base des claviers AZERTY tout en optimisant la position des caract\u00e8res les plus utilis\u00e9s dans la langue fran\u00e7aise.\" \/>\n<meta property=\"og:url\" content=\"https:\/\/www.inov-u.com\/en\/products\/pc-peripherals\/keyboard\/bw10-azerty-azerty-francais\/\" \/>\n<meta property=\"og:site_name\" content=\"INOVU\" \/>\n<meta property=\"article:modified_time\" content=\"2025-07-25T07:51:44+00:00\" \/>\n<meta property=\"og:image\" content=\"https:\/\/www.inov-u.com\/wp-content\/uploads\/2024\/10\/BW10-AZERTY-FR_1.png\" \/>\n\t<meta property=\"og:image:width\" content=\"1000\" \/>\n\t<meta property=\"og:image:height\" content=\"1000\" \/>\n\t<meta property=\"og:image:type\" content=\"image\/png\" \/>\n<meta name=\"twitter:card\" content=\"summary_large_image\" \/>\n<meta name=\"twitter:label1\" content=\"Est. reading time\" \/>\n\t<meta name=\"twitter:data1\" content=\"1 minute\" \/>\n<script type=\"application\/ld+json\" class=\"yoast-schema-graph\">{\"@context\":\"https:\\\/\\\/schema.org\",\"@graph\":[{\"@type\":[\"WebPage\",\"ItemPage\"],\"@id\":\"https:\\\/\\\/www.inov-u.com\\\/en\\\/products\\\/pc-peripherals\\\/keyboard\\\/bw10-azerty-azerty-francais\\\/\",\"url\":\"https:\\\/\\\/www.inov-u.com\\\/en\\\/products\\\/pc-peripherals\\\/keyboard\\\/bw10-azerty-azerty-francais\\\/\",\"name\":\"INOVU | BW10 AZERTY+ (AZERTY, Fran\u00e7ais)\",\"isPartOf\":{\"@id\":\"https:\\\/\\\/www.inov-u.com\\\/en\\\/#website\"},\"primaryImageOfPage\":{\"@id\":\"https:\\\/\\\/www.inov-u.com\\\/en\\\/products\\\/pc-peripherals\\\/keyboard\\\/bw10-azerty-azerty-francais\\\/#primaryimage\"},\"image\":{\"@id\":\"https:\\\/\\\/www.inov-u.com\\\/en\\\/products\\\/pc-peripherals\\\/keyboard\\\/bw10-azerty-azerty-francais\\\/#primaryimage\"},\"thumbnailUrl\":\"https:\\\/\\\/www.inov-u.com\\\/wp-content\\\/uploads\\\/2024\\\/10\\\/BW10-AZERTY-FR_1.png\",\"datePublished\":\"2024-10-31T13:58:41+00:00\",\"dateModified\":\"2025-07-25T07:51:44+00:00\",\"breadcrumb\":{\"@id\":\"https:\\\/\\\/www.inov-u.com\\\/en\\\/products\\\/pc-peripherals\\\/keyboard\\\/bw10-azerty-azerty-francais\\\/#breadcrumb\"},\"inLanguage\":\"en-US\",\"potentialAction\":[{\"@type\":\"ReadAction\",\"target\":[\"https:\\\/\\\/www.inov-u.com\\\/en\\\/products\\\/pc-peripherals\\\/keyboard\\\/bw10-azerty-azerty-francais\\\/\"]}]},{\"@type\":\"ImageObject\",\"inLanguage\":\"en-US\",\"@id\":\"https:\\\/\\\/www.inov-u.com\\\/en\\\/products\\\/pc-peripherals\\\/keyboard\\\/bw10-azerty-azerty-francais\\\/#primaryimage\",\"url\":\"https:\\\/\\\/www.inov-u.com\\\/wp-content\\\/uploads\\\/2024\\\/10\\\/BW10-AZERTY-FR_1.png\",\"contentUrl\":\"https:\\\/\\\/www.inov-u.com\\\/wp-content\\\/uploads\\\/2024\\\/10\\\/BW10-AZERTY-FR_1.png\",\"width\":1000,\"height\":1000,\"caption\":\"Clavier filaire noir azerty, vue de face.\"},{\"@type\":\"BreadcrumbList\",\"@id\":\"https:\\\/\\\/www.inov-u.com\\\/en\\\/products\\\/pc-peripherals\\\/keyboard\\\/bw10-azerty-azerty-francais\\\/#breadcrumb\",\"itemListElement\":[{\"@type\":\"ListItem\",\"position\":1,\"name\":\"Home\",\"item\":\"https:\\\/\\\/www.inov-u.com\\\/en\\\/\"},{\"@type\":\"ListItem\",\"position\":2,\"name\":\"Products\",\"item\":\"https:\\\/\\\/www.inov-u.com\\\/nos-univers\\\/\"},{\"@type\":\"ListItem\",\"position\":3,\"name\":\"PC Peripherals\",\"item\":\"https:\\\/\\\/www.inov-u.com\\\/en\\\/nos-univers\\\/pc-peripherals\\\/\"},{\"@type\":\"ListItem\",\"position\":4,\"name\":\"Keyboard\",\"item\":\"https:\\\/\\\/www.inov-u.com\\\/en\\\/nos-univers\\\/pc-peripherals\\\/keyboard\\\/\"},{\"@type\":\"ListItem\",\"position\":5,\"name\":\"BW10 AZERTY+ (AZERTY, Fran\u00e7ais)\"}]},{\"@type\":\"WebSite\",\"@id\":\"https:\\\/\\\/www.inov-u.com\\\/en\\\/#website\",\"url\":\"https:\\\/\\\/www.inov-u.com\\\/en\\\/\",\"name\":\"INOVU\",\"description\":\"L&#039;\u00e9quipement informatique du quotidien\",\"publisher\":{\"@id\":\"https:\\\/\\\/www.inov-u.com\\\/en\\\/#organization\"},\"potentialAction\":[{\"@type\":\"SearchAction\",\"target\":{\"@type\":\"EntryPoint\",\"urlTemplate\":\"https:\\\/\\\/www.inov-u.com\\\/en\\\/?s={search_term_string}\"},\"query-input\":{\"@type\":\"PropertyValueSpecification\",\"valueRequired\":true,\"valueName\":\"search_term_string\"}}],\"inLanguage\":\"en-US\"},{\"@type\":\"Organization\",\"@id\":\"https:\\\/\\\/www.inov-u.com\\\/en\\\/#organization\",\"name\":\"INOVU\",\"url\":\"https:\\\/\\\/www.inov-u.com\\\/en\\\/\",\"logo\":{\"@type\":\"ImageObject\",\"inLanguage\":\"en-US\",\"@id\":\"https:\\\/\\\/www.inov-u.com\\\/en\\\/#\\\/schema\\\/logo\\\/image\\\/\",\"url\":\"https:\\\/\\\/www.inov-u.com\\\/wp-content\\\/uploads\\\/2024\\\/02\\\/inovu_favicon.png\",\"contentUrl\":\"https:\\\/\\\/www.inov-u.com\\\/wp-content\\\/uploads\\\/2024\\\/02\\\/inovu_favicon.png\",\"width\":512,\"height\":512,\"caption\":\"INOVU\"},\"image\":{\"@id\":\"https:\\\/\\\/www.inov-u.com\\\/en\\\/#\\\/schema\\\/logo\\\/image\\\/\"}}]}<\/script>\n<!-- \/ Yoast SEO plugin. -->","yoast_head_json":{"title":"INOVU | BW10 AZERTY+ (AZERTY, Fran\u00e7ais)","robots":{"index":"index","follow":"follow","max-snippet":"max-snippet:-1","max-image-preview":"max-image-preview:large","max-video-preview":"max-video-preview:-1"},"canonical":"https:\/\/www.inov-u.com\/en\/products\/pc-peripherals\/keyboard\/bw10-azerty-azerty-francais\/","og_locale":"en_US","og_type":"article","og_title":"INOVU | BW10 AZERTY+ (AZERTY, Fran\u00e7ais)","og_description":"Le INOVU BW10 AZERTY+ est un clavier filaire de qualit\u00e9 \u00e0 la norme AZERTY am\u00e9lior\u00e9 (AZERTY+). Cette nouvelle disposition am\u00e9lior\u00e9e reprend le principe de base des claviers AZERTY tout en optimisant la position des caract\u00e8res les plus utilis\u00e9s dans la langue fran\u00e7aise.","og_url":"https:\/\/www.inov-u.com\/en\/products\/pc-peripherals\/keyboard\/bw10-azerty-azerty-francais\/","og_site_name":"INOVU","article_modified_time":"2025-07-25T07:51:44+00:00","og_image":[{"width":1000,"height":1000,"url":"https:\/\/www.inov-u.com\/wp-content\/uploads\/2024\/10\/BW10-AZERTY-FR_1.png","type":"image\/png"}],"twitter_card":"summary_large_image","twitter_misc":{"Est. reading time":"1 minute"},"schema":{"@context":"https:\/\/schema.org","@graph":[{"@type":["WebPage","ItemPage"],"@id":"https:\/\/www.inov-u.com\/en\/products\/pc-peripherals\/keyboard\/bw10-azerty-azerty-francais\/","url":"https:\/\/www.inov-u.com\/en\/products\/pc-peripherals\/keyboard\/bw10-azerty-azerty-francais\/","name":"INOVU | BW10 AZERTY+ (AZERTY, Fran\u00e7ais)","isPartOf":{"@id":"https:\/\/www.inov-u.com\/en\/#website"},"primaryImageOfPage":{"@id":"https:\/\/www.inov-u.com\/en\/products\/pc-peripherals\/keyboard\/bw10-azerty-azerty-francais\/#primaryimage"},"image":{"@id":"https:\/\/www.inov-u.com\/en\/products\/pc-peripherals\/keyboard\/bw10-azerty-azerty-francais\/#primaryimage"},"thumbnailUrl":"https:\/\/www.inov-u.com\/wp-content\/uploads\/2024\/10\/BW10-AZERTY-FR_1.png","datePublished":"2024-10-31T13:58:41+00:00","dateModified":"2025-07-25T07:51:44+00:00","breadcrumb":{"@id":"https:\/\/www.inov-u.com\/en\/products\/pc-peripherals\/keyboard\/bw10-azerty-azerty-francais\/#breadcrumb"},"inLanguage":"en-US","potentialAction":[{"@type":"ReadAction","target":["https:\/\/www.inov-u.com\/en\/products\/pc-peripherals\/keyboard\/bw10-azerty-azerty-francais\/"]}]},{"@type":"ImageObject","inLanguage":"en-US","@id":"https:\/\/www.inov-u.com\/en\/products\/pc-peripherals\/keyboard\/bw10-azerty-azerty-francais\/#primaryimage","url":"https:\/\/www.inov-u.com\/wp-content\/uploads\/2024\/10\/BW10-AZERTY-FR_1.png","contentUrl":"https:\/\/www.inov-u.com\/wp-content\/uploads\/2024\/10\/BW10-AZERTY-FR_1.png","width":1000,"height":1000,"caption":"Clavier filaire noir azerty, vue de face."},{"@type":"BreadcrumbList","@id":"https:\/\/www.inov-u.com\/en\/products\/pc-peripherals\/keyboard\/bw10-azerty-azerty-francais\/#breadcrumb","itemListElement":[{"@type":"ListItem","position":1,"name":"Home","item":"https:\/\/www.inov-u.com\/en\/"},{"@type":"ListItem","position":2,"name":"Products","item":"https:\/\/www.inov-u.com\/nos-univers\/"},{"@type":"ListItem","position":3,"name":"PC Peripherals","item":"https:\/\/www.inov-u.com\/en\/nos-univers\/pc-peripherals\/"},{"@type":"ListItem","position":4,"name":"Keyboard","item":"https:\/\/www.inov-u.com\/en\/nos-univers\/pc-peripherals\/keyboard\/"},{"@type":"ListItem","position":5,"name":"BW10 AZERTY+ (AZERTY, Fran\u00e7ais)"}]},{"@type":"WebSite","@id":"https:\/\/www.inov-u.com\/en\/#website","url":"https:\/\/www.inov-u.com\/en\/","name":"INOVU","description":"L&#039;\u00e9quipement informatique du quotidien","publisher":{"@id":"https:\/\/www.inov-u.com\/en\/#organization"},"potentialAction":[{"@type":"SearchAction","target":{"@type":"EntryPoint","urlTemplate":"https:\/\/www.inov-u.com\/en\/?s={search_term_string}"},"query-input":{"@type":"PropertyValueSpecification","valueRequired":true,"valueName":"search_term_string"}}],"inLanguage":"en-US"},{"@type":"Organization","@id":"https:\/\/www.inov-u.com\/en\/#organization","name":"INOVU","url":"https:\/\/www.inov-u.com\/en\/","logo":{"@type":"ImageObject","inLanguage":"en-US","@id":"https:\/\/www.inov-u.com\/en\/#\/schema\/logo\/image\/","url":"https:\/\/www.inov-u.com\/wp-content\/uploads\/2024\/02\/inovu_favicon.png","contentUrl":"https:\/\/www.inov-u.com\/wp-content\/uploads\/2024\/02\/inovu_favicon.png","width":512,"height":512,"caption":"INOVU"},"image":{"@id":"https:\/\/www.inov-u.com\/en\/#\/schema\/logo\/image\/"}}]}},"_links":{"self":[{"href":"https:\/\/www.inov-u.com\/en\/wp-json\/wp\/v2\/product\/5268","targetHints":{"allow":["GET"]}}],"collection":[{"href":"https:\/\/www.inov-u.com\/en\/wp-json\/wp\/v2\/product"}],"about":[{"href":"https:\/\/www.inov-u.com\/en\/wp-json\/wp\/v2\/types\/product"}],"replies":[{"embeddable":true,"href":"https:\/\/www.inov-u.com\/en\/wp-json\/wp\/v2\/comments?post=5268"}],"version-history":[{"count":1,"href":"https:\/\/www.inov-u.com\/en\/wp-json\/wp\/v2\/product\/5268\/revisions"}],"predecessor-version":[{"id":10014,"href":"https:\/\/www.inov-u.com\/en\/wp-json\/wp\/v2\/product\/5268\/revisions\/10014"}],"wp:featuredmedia":[{"embeddable":true,"href":"https:\/\/www.inov-u.com\/en\/wp-json\/wp\/v2\/media\/5269"}],"wp:attachment":[{"href":"https:\/\/www.inov-u.com\/en\/wp-json\/wp\/v2\/media?parent=5268"}],"wp:term":[{"taxonomy":"product_brand","embeddable":true,"href":"https:\/\/www.inov-u.com\/en\/wp-json\/wp\/v2\/product_brand?post=5268"},{"taxonomy":"product_cat","embeddable":true,"href":"https:\/\/www.inov-u.com\/en\/wp-json\/wp\/v2\/product_cat?post=5268"},{"taxonomy":"product_tag","embeddable":true,"href":"https:\/\/www.inov-u.com\/en\/wp-json\/wp\/v2\/product_tag?post=5268"}],"curies":[{"name":"wp","href":"https:\/\/api.w.org\/{rel}","templated":true}]}}