{"id":5290,"date":"2024-10-31T15:15:00","date_gmt":"2024-10-31T14:15:00","guid":{"rendered":"https:\/\/www.inov-u.com\/?post_type=product&#038;p=5290"},"modified":"2025-04-28T14:41:54","modified_gmt":"2025-04-28T12:41:54","slug":"bw10-qwerty-international","status":"publish","type":"product","link":"https:\/\/www.inov-u.com\/en\/products\/pc-peripherals\/keyboard\/bw10-qwerty-international\/","title":{"rendered":"BW10 (QWERTY, International)"},"content":{"rendered":"\t\t<div data-elementor-type=\"container\" data-elementor-id=\"5291\" class=\"elementor elementor-5291\" data-elementor-post-type=\"elementor_library\">\n\t\t\t\t<div class=\"elementor-element elementor-element-7975e6c e-con-full e-flex e-con e-parent\" data-id=\"7975e6c\" data-element_type=\"container\" data-e-type=\"container\">\n\t\t<div class=\"elementor-element elementor-element-8f159db e-con-full e-flex e-con e-child\" data-id=\"8f159db\" data-element_type=\"container\" data-e-type=\"container\">\n\t\t<div class=\"elementor-element elementor-element-be6fc47 e-con-full e-flex e-con e-child\" data-id=\"be6fc47\" data-element_type=\"container\" data-e-type=\"container\">\n\t\t\t\t<div class=\"elementor-element elementor-element-b2d585c elementor-widget elementor-widget-heading\" data-id=\"b2d585c\" data-element_type=\"widget\" data-e-type=\"widget\" data-widget_type=\"heading.default\">\n\t\t\t\t<div class=\"elementor-widget-container\">\n\t\t\t\t\t<h2 class=\"elementor-heading-title elementor-size-default\">Parfait au quotidien<\/h2>\t\t\t\t<\/div>\n\t\t\t\t<\/div>\n\t\t\t\t<div class=\"elementor-element elementor-element-2602b25 elementor-widget elementor-widget-text-editor\" data-id=\"2602b25\" data-element_type=\"widget\" data-e-type=\"widget\" data-widget_type=\"text-editor.default\">\n\t\t\t\t<div class=\"elementor-widget-container\">\n\t\t\t\t\t\t\t\t\t<p>Fort d&#8217;un design sobre et compact, le clavier\u00a0<strong>INOVU BW10<\/strong>\u00a0est un clavier qui r\u00e9pondra parfaitement \u00e0 vos besoins. Agr\u00e9able au toucher gr\u00e2ce \u00e0 ses touches carr\u00e9es \u00e0 bords arrondis et poss\u00e9dant une protection contre les \u00e9claboussures, il sera un partenaire de choix pour vous suivre dans toutes vos aventures. Simple \u00e0 utiliser, il \u00e9limine toutes t\u00e2ches informatiques fastidieuses puisqu&#8217;il vous suffit de le brancher pour l&#8217;utiliser.<br \/><br \/>Quant \u00e0 ses touches multim\u00e9dias, elles vous seront tr\u00e8s utiles pour mettre en pause votre musique ou pour changer de piste.<\/p>\t\t\t\t\t\t\t\t<\/div>\n\t\t\t\t<\/div>\n\t\t\t\t<\/div>\n\t\t\t\t<\/div>\n\t\t<div class=\"elementor-element elementor-element-757efc9 e-con-full e-flex e-con e-child\" data-id=\"757efc9\" data-element_type=\"container\" data-e-type=\"container\">\n\t\t<div class=\"elementor-element elementor-element-e18eb3e e-con-full e-flex e-con e-child\" data-id=\"e18eb3e\" data-element_type=\"container\" data-e-type=\"container\">\n\t\t\t\t<div class=\"elementor-element elementor-element-c3d81ff elementor-widget elementor-widget-image\" data-id=\"c3d81ff\" data-element_type=\"widget\" data-e-type=\"widget\" data-widget_type=\"image.default\">\n\t\t\t\t<div class=\"elementor-widget-container\">\n\t\t\t\t\t\t\t\t\t\t\t\t\t\t\t<img fetchpriority=\"high\" decoding=\"async\" width=\"1000\" height=\"1000\" src=\"https:\/\/www.inov-u.com\/wp-content\/uploads\/2024\/10\/QUERTY_3.png\" class=\"attachment-full size-full wp-image-5294\" alt=\"Clavier noir et filaire vue oblique droite.\" srcset=\"https:\/\/www.inov-u.com\/wp-content\/uploads\/2024\/10\/QUERTY_3.png.webp 1000w, https:\/\/www.inov-u.com\/wp-content\/uploads\/2024\/10\/QUERTY_3-300x300.png.webp 300w, https:\/\/www.inov-u.com\/wp-content\/uploads\/2024\/10\/QUERTY_3-150x150.png.webp 150w, https:\/\/www.inov-u.com\/wp-content\/uploads\/2024\/10\/QUERTY_3-768x768.png.webp 768w, https:\/\/www.inov-u.com\/wp-content\/uploads\/2024\/10\/QUERTY_3-700x700.png.webp 700w, https:\/\/www.inov-u.com\/wp-content\/uploads\/2024\/10\/QUERTY_3-600x600.png.webp 600w, https:\/\/www.inov-u.com\/wp-content\/uploads\/2024\/10\/QUERTY_3-100x100.png.webp 100w\" sizes=\"(max-width: 1000px) 100vw, 1000px\" \/>\t\t\t\t\t\t\t\t\t\t\t\t\t\t\t<\/div>\n\t\t\t\t<\/div>\n\t\t\t\t<\/div>\n\t\t<div class=\"elementor-element elementor-element-e7f55b7 e-con-full e-flex e-con e-child\" data-id=\"e7f55b7\" data-element_type=\"container\" data-e-type=\"container\">\n\t\t\t\t<div class=\"elementor-element elementor-element-d9d7e98 elementor-widget elementor-widget-heading\" data-id=\"d9d7e98\" data-element_type=\"widget\" data-e-type=\"widget\" data-widget_type=\"heading.default\">\n\t\t\t\t<div class=\"elementor-widget-container\">\n\t\t\t\t\t<h2 class=\"elementor-heading-title elementor-size-default\">Confort d'utilisation<\/h2>\t\t\t\t<\/div>\n\t\t\t\t<\/div>\n\t\t\t\t<div class=\"elementor-element elementor-element-21ee8a3 elementor-widget elementor-widget-text-editor\" data-id=\"21ee8a3\" data-element_type=\"widget\" data-e-type=\"widget\" data-widget_type=\"text-editor.default\">\n\t\t\t\t<div class=\"elementor-widget-container\">\n\t\t\t\t\t\t\t\t\t<p>Le INOVU BW10 dispose d&#8217;un agencement standard compos\u00e9 de\u00a0<strong>touches carr\u00e9es \u00e0 bords arrondis<\/strong>\u00a0et d&#8217;un pav\u00e9 num\u00e9rique afin de vous offrir\u00a0<strong>une frappe confortable et silencieuse<\/strong>, id\u00e9al lorsque vous travaillez en open space ou que vous ne souhaitez pas d\u00e9ranger votre entourage.\u00a0Et avec\u00a0l&#8217;impression durable des caract\u00e8res, votre clavier INOVU BW10 sera toujours comme neuf, m\u00eame apr\u00e8s une utilisation intensive.<br \/><br \/>De plus, gr\u00e2ce \u00e0 son\u00a0<strong>design r\u00e9sistant aux \u00e9claboussures<\/strong>, ces derni\u00e8res seront\u00a0\u00e9vacu\u00e9es, \u00e9vitant ainsi d&#8217;endommager le clavier.<\/p>\t\t\t\t\t\t\t\t<\/div>\n\t\t\t\t<\/div>\n\t\t\t\t<\/div>\n\t\t\t\t<\/div>\n\t\t<div class=\"elementor-element elementor-element-7be2f22 e-con-full e-flex e-con e-child\" data-id=\"7be2f22\" data-element_type=\"container\" data-e-type=\"container\">\n\t\t<div class=\"elementor-element elementor-element-19e8680 e-con-full e-flex e-con e-child\" data-id=\"19e8680\" data-element_type=\"container\" data-e-type=\"container\">\n\t\t\t\t<div class=\"elementor-element elementor-element-8060cfc elementor-widget elementor-widget-heading\" data-id=\"8060cfc\" data-element_type=\"widget\" data-e-type=\"widget\" data-widget_type=\"heading.default\">\n\t\t\t\t<div class=\"elementor-widget-container\">\n\t\t\t\t\t<h2 class=\"elementor-heading-title elementor-size-default\">Principales caract\u00e9ristiques :<\/h2>\t\t\t\t<\/div>\n\t\t\t\t<\/div>\n\t\t\t\t<div class=\"elementor-element elementor-element-c271c6b elementor-widget elementor-widget-text-editor\" data-id=\"c271c6b\" data-element_type=\"widget\" data-e-type=\"widget\" data-widget_type=\"text-editor.default\">\n\t\t\t\t<div class=\"elementor-widget-container\">\n\t\t\t\t\t\t\t\t\t<ul><li>Clavier filaire QWERTY, International<\/li><li>Design sobre et compact<\/li><li>Touches carr\u00e9es \u00e0 bords arrondis<\/li><li><strong>Impression durable des caract\u00e8res<\/strong><\/li><li>12 raccourcis multim\u00e9dias<\/li><li>Matrice en silicone haute-\u00e9lasticit\u00e9<\/li><li><strong>R\u00e9sistant aux \u00e9claboussures<\/strong><\/li><li>Longueur du c\u00e2ble : 150 cm<\/li><li>Dimensions : 456 x 156 x 24 mm<\/li><li>Poids : 534 g<\/li><\/ul>\t\t\t\t\t\t\t\t<\/div>\n\t\t\t\t<\/div>\n\t\t\t\t<\/div>\n\t\t\t\t<\/div>\n\t\t\t\t<\/div>\n\t\t\t\t<\/div>\n\t\t\n","protected":false},"excerpt":{"rendered":"<p class=\"desc\">Fort d&#8217;un design sobre et compact, le clavier\u00a0LDLC BW10\u00a0est un clavier qui r\u00e9pondra parfaitement \u00e0 vos besoins. Agr\u00e9able au toucher gr\u00e2ce \u00e0 ses touches carr\u00e9es \u00e0 bords arrondis et poss\u00e9dant une protection contre les \u00e9claboussures, il sera un partenaire de choix au quotidien.<\/p>\n<div class=\"bloc-variants\">\n<div class=\"variant\"><\/div>\n<\/div>\n","protected":false},"featured_media":5292,"comment_status":"open","ping_status":"closed","template":"","meta":{"_acf_changed":false},"product_brand":[],"product_cat":[55],"product_tag":[],"class_list":{"0":"post-5290","1":"product","2":"type-product","3":"status-publish","4":"has-post-thumbnail","6":"product_cat-clavier","8":"first","9":"instock","10":"shipping-taxable","11":"product-type-simple"},"acf":[],"yoast_head":"<!-- This site is optimized with the Yoast SEO plugin v27.4 - https:\/\/yoast.com\/product\/yoast-seo-wordpress\/ -->\n<title>INOVU | BW10 (QWERTY, International)<\/title>\n<meta name=\"robots\" content=\"index, follow, max-snippet:-1, max-image-preview:large, max-video-preview:-1\" \/>\n<link rel=\"canonical\" href=\"https:\/\/www.inov-u.com\/en\/products\/pc-peripherals\/keyboard\/bw10-qwerty-international\/\" \/>\n<meta property=\"og:locale\" content=\"en_US\" \/>\n<meta property=\"og:type\" content=\"article\" \/>\n<meta property=\"og:title\" content=\"INOVU | BW10 (QWERTY, International)\" \/>\n<meta property=\"og:description\" content=\"Fort d&#039;un design sobre et compact, le clavier\u00a0LDLC BW10\u00a0est un clavier qui r\u00e9pondra parfaitement \u00e0 vos besoins. Agr\u00e9able au toucher gr\u00e2ce \u00e0 ses touches carr\u00e9es \u00e0 bords arrondis et poss\u00e9dant une protection contre les \u00e9claboussures, il sera un partenaire de choix au quotidien.\" \/>\n<meta property=\"og:url\" content=\"https:\/\/www.inov-u.com\/en\/products\/pc-peripherals\/keyboard\/bw10-qwerty-international\/\" \/>\n<meta property=\"og:site_name\" content=\"INOVU\" \/>\n<meta property=\"article:modified_time\" content=\"2025-04-28T12:41:54+00:00\" \/>\n<meta property=\"og:image\" content=\"https:\/\/www.inov-u.com\/wp-content\/uploads\/2024\/10\/BW10-QUERTY_1.png\" \/>\n\t<meta property=\"og:image:width\" content=\"1000\" \/>\n\t<meta property=\"og:image:height\" content=\"1000\" \/>\n\t<meta property=\"og:image:type\" content=\"image\/png\" \/>\n<meta name=\"twitter:card\" content=\"summary_large_image\" \/>\n<meta name=\"twitter:label1\" content=\"Est. reading time\" \/>\n\t<meta name=\"twitter:data1\" content=\"1 minute\" \/>\n<script type=\"application\/ld+json\" class=\"yoast-schema-graph\">{\"@context\":\"https:\\\/\\\/schema.org\",\"@graph\":[{\"@type\":[\"WebPage\",\"ItemPage\"],\"@id\":\"https:\\\/\\\/www.inov-u.com\\\/en\\\/products\\\/pc-peripherals\\\/keyboard\\\/bw10-qwerty-international\\\/\",\"url\":\"https:\\\/\\\/www.inov-u.com\\\/en\\\/products\\\/pc-peripherals\\\/keyboard\\\/bw10-qwerty-international\\\/\",\"name\":\"INOVU | BW10 (QWERTY, International)\",\"isPartOf\":{\"@id\":\"https:\\\/\\\/www.inov-u.com\\\/en\\\/#website\"},\"primaryImageOfPage\":{\"@id\":\"https:\\\/\\\/www.inov-u.com\\\/en\\\/products\\\/pc-peripherals\\\/keyboard\\\/bw10-qwerty-international\\\/#primaryimage\"},\"image\":{\"@id\":\"https:\\\/\\\/www.inov-u.com\\\/en\\\/products\\\/pc-peripherals\\\/keyboard\\\/bw10-qwerty-international\\\/#primaryimage\"},\"thumbnailUrl\":\"https:\\\/\\\/www.inov-u.com\\\/wp-content\\\/uploads\\\/2024\\\/10\\\/BW10-QUERTY_1.png\",\"datePublished\":\"2024-10-31T14:15:00+00:00\",\"dateModified\":\"2025-04-28T12:41:54+00:00\",\"breadcrumb\":{\"@id\":\"https:\\\/\\\/www.inov-u.com\\\/en\\\/products\\\/pc-peripherals\\\/keyboard\\\/bw10-qwerty-international\\\/#breadcrumb\"},\"inLanguage\":\"en-US\",\"potentialAction\":[{\"@type\":\"ReadAction\",\"target\":[\"https:\\\/\\\/www.inov-u.com\\\/en\\\/products\\\/pc-peripherals\\\/keyboard\\\/bw10-qwerty-international\\\/\"]}]},{\"@type\":\"ImageObject\",\"inLanguage\":\"en-US\",\"@id\":\"https:\\\/\\\/www.inov-u.com\\\/en\\\/products\\\/pc-peripherals\\\/keyboard\\\/bw10-qwerty-international\\\/#primaryimage\",\"url\":\"https:\\\/\\\/www.inov-u.com\\\/wp-content\\\/uploads\\\/2024\\\/10\\\/BW10-QUERTY_1.png\",\"contentUrl\":\"https:\\\/\\\/www.inov-u.com\\\/wp-content\\\/uploads\\\/2024\\\/10\\\/BW10-QUERTY_1.png\",\"width\":1000,\"height\":1000,\"caption\":\"Clavier filaire vue de face en noir\"},{\"@type\":\"BreadcrumbList\",\"@id\":\"https:\\\/\\\/www.inov-u.com\\\/en\\\/products\\\/pc-peripherals\\\/keyboard\\\/bw10-qwerty-international\\\/#breadcrumb\",\"itemListElement\":[{\"@type\":\"ListItem\",\"position\":1,\"name\":\"Home\",\"item\":\"https:\\\/\\\/www.inov-u.com\\\/en\\\/\"},{\"@type\":\"ListItem\",\"position\":2,\"name\":\"Products\",\"item\":\"https:\\\/\\\/www.inov-u.com\\\/nos-univers\\\/\"},{\"@type\":\"ListItem\",\"position\":3,\"name\":\"PC Peripherals\",\"item\":\"https:\\\/\\\/www.inov-u.com\\\/en\\\/nos-univers\\\/pc-peripherals\\\/\"},{\"@type\":\"ListItem\",\"position\":4,\"name\":\"Keyboard\",\"item\":\"https:\\\/\\\/www.inov-u.com\\\/en\\\/nos-univers\\\/pc-peripherals\\\/keyboard\\\/\"},{\"@type\":\"ListItem\",\"position\":5,\"name\":\"BW10 (QWERTY, International)\"}]},{\"@type\":\"WebSite\",\"@id\":\"https:\\\/\\\/www.inov-u.com\\\/en\\\/#website\",\"url\":\"https:\\\/\\\/www.inov-u.com\\\/en\\\/\",\"name\":\"INOVU\",\"description\":\"L&#039;\u00e9quipement informatique du quotidien\",\"publisher\":{\"@id\":\"https:\\\/\\\/www.inov-u.com\\\/en\\\/#organization\"},\"potentialAction\":[{\"@type\":\"SearchAction\",\"target\":{\"@type\":\"EntryPoint\",\"urlTemplate\":\"https:\\\/\\\/www.inov-u.com\\\/en\\\/?s={search_term_string}\"},\"query-input\":{\"@type\":\"PropertyValueSpecification\",\"valueRequired\":true,\"valueName\":\"search_term_string\"}}],\"inLanguage\":\"en-US\"},{\"@type\":\"Organization\",\"@id\":\"https:\\\/\\\/www.inov-u.com\\\/en\\\/#organization\",\"name\":\"INOVU\",\"url\":\"https:\\\/\\\/www.inov-u.com\\\/en\\\/\",\"logo\":{\"@type\":\"ImageObject\",\"inLanguage\":\"en-US\",\"@id\":\"https:\\\/\\\/www.inov-u.com\\\/en\\\/#\\\/schema\\\/logo\\\/image\\\/\",\"url\":\"https:\\\/\\\/www.inov-u.com\\\/wp-content\\\/uploads\\\/2024\\\/02\\\/inovu_favicon.png\",\"contentUrl\":\"https:\\\/\\\/www.inov-u.com\\\/wp-content\\\/uploads\\\/2024\\\/02\\\/inovu_favicon.png\",\"width\":512,\"height\":512,\"caption\":\"INOVU\"},\"image\":{\"@id\":\"https:\\\/\\\/www.inov-u.com\\\/en\\\/#\\\/schema\\\/logo\\\/image\\\/\"}}]}<\/script>\n<!-- \/ Yoast SEO plugin. -->","yoast_head_json":{"title":"INOVU | BW10 (QWERTY, International)","robots":{"index":"index","follow":"follow","max-snippet":"max-snippet:-1","max-image-preview":"max-image-preview:large","max-video-preview":"max-video-preview:-1"},"canonical":"https:\/\/www.inov-u.com\/en\/products\/pc-peripherals\/keyboard\/bw10-qwerty-international\/","og_locale":"en_US","og_type":"article","og_title":"INOVU | BW10 (QWERTY, International)","og_description":"Fort d'un design sobre et compact, le clavier\u00a0LDLC BW10\u00a0est un clavier qui r\u00e9pondra parfaitement \u00e0 vos besoins. Agr\u00e9able au toucher gr\u00e2ce \u00e0 ses touches carr\u00e9es \u00e0 bords arrondis et poss\u00e9dant une protection contre les \u00e9claboussures, il sera un partenaire de choix au quotidien.","og_url":"https:\/\/www.inov-u.com\/en\/products\/pc-peripherals\/keyboard\/bw10-qwerty-international\/","og_site_name":"INOVU","article_modified_time":"2025-04-28T12:41:54+00:00","og_image":[{"width":1000,"height":1000,"url":"https:\/\/www.inov-u.com\/wp-content\/uploads\/2024\/10\/BW10-QUERTY_1.png","type":"image\/png"}],"twitter_card":"summary_large_image","twitter_misc":{"Est. reading time":"1 minute"},"schema":{"@context":"https:\/\/schema.org","@graph":[{"@type":["WebPage","ItemPage"],"@id":"https:\/\/www.inov-u.com\/en\/products\/pc-peripherals\/keyboard\/bw10-qwerty-international\/","url":"https:\/\/www.inov-u.com\/en\/products\/pc-peripherals\/keyboard\/bw10-qwerty-international\/","name":"INOVU | BW10 (QWERTY, International)","isPartOf":{"@id":"https:\/\/www.inov-u.com\/en\/#website"},"primaryImageOfPage":{"@id":"https:\/\/www.inov-u.com\/en\/products\/pc-peripherals\/keyboard\/bw10-qwerty-international\/#primaryimage"},"image":{"@id":"https:\/\/www.inov-u.com\/en\/products\/pc-peripherals\/keyboard\/bw10-qwerty-international\/#primaryimage"},"thumbnailUrl":"https:\/\/www.inov-u.com\/wp-content\/uploads\/2024\/10\/BW10-QUERTY_1.png","datePublished":"2024-10-31T14:15:00+00:00","dateModified":"2025-04-28T12:41:54+00:00","breadcrumb":{"@id":"https:\/\/www.inov-u.com\/en\/products\/pc-peripherals\/keyboard\/bw10-qwerty-international\/#breadcrumb"},"inLanguage":"en-US","potentialAction":[{"@type":"ReadAction","target":["https:\/\/www.inov-u.com\/en\/products\/pc-peripherals\/keyboard\/bw10-qwerty-international\/"]}]},{"@type":"ImageObject","inLanguage":"en-US","@id":"https:\/\/www.inov-u.com\/en\/products\/pc-peripherals\/keyboard\/bw10-qwerty-international\/#primaryimage","url":"https:\/\/www.inov-u.com\/wp-content\/uploads\/2024\/10\/BW10-QUERTY_1.png","contentUrl":"https:\/\/www.inov-u.com\/wp-content\/uploads\/2024\/10\/BW10-QUERTY_1.png","width":1000,"height":1000,"caption":"Clavier filaire vue de face en noir"},{"@type":"BreadcrumbList","@id":"https:\/\/www.inov-u.com\/en\/products\/pc-peripherals\/keyboard\/bw10-qwerty-international\/#breadcrumb","itemListElement":[{"@type":"ListItem","position":1,"name":"Home","item":"https:\/\/www.inov-u.com\/en\/"},{"@type":"ListItem","position":2,"name":"Products","item":"https:\/\/www.inov-u.com\/nos-univers\/"},{"@type":"ListItem","position":3,"name":"PC Peripherals","item":"https:\/\/www.inov-u.com\/en\/nos-univers\/pc-peripherals\/"},{"@type":"ListItem","position":4,"name":"Keyboard","item":"https:\/\/www.inov-u.com\/en\/nos-univers\/pc-peripherals\/keyboard\/"},{"@type":"ListItem","position":5,"name":"BW10 (QWERTY, International)"}]},{"@type":"WebSite","@id":"https:\/\/www.inov-u.com\/en\/#website","url":"https:\/\/www.inov-u.com\/en\/","name":"INOVU","description":"L&#039;\u00e9quipement informatique du quotidien","publisher":{"@id":"https:\/\/www.inov-u.com\/en\/#organization"},"potentialAction":[{"@type":"SearchAction","target":{"@type":"EntryPoint","urlTemplate":"https:\/\/www.inov-u.com\/en\/?s={search_term_string}"},"query-input":{"@type":"PropertyValueSpecification","valueRequired":true,"valueName":"search_term_string"}}],"inLanguage":"en-US"},{"@type":"Organization","@id":"https:\/\/www.inov-u.com\/en\/#organization","name":"INOVU","url":"https:\/\/www.inov-u.com\/en\/","logo":{"@type":"ImageObject","inLanguage":"en-US","@id":"https:\/\/www.inov-u.com\/en\/#\/schema\/logo\/image\/","url":"https:\/\/www.inov-u.com\/wp-content\/uploads\/2024\/02\/inovu_favicon.png","contentUrl":"https:\/\/www.inov-u.com\/wp-content\/uploads\/2024\/02\/inovu_favicon.png","width":512,"height":512,"caption":"INOVU"},"image":{"@id":"https:\/\/www.inov-u.com\/en\/#\/schema\/logo\/image\/"}}]}},"_links":{"self":[{"href":"https:\/\/www.inov-u.com\/en\/wp-json\/wp\/v2\/product\/5290","targetHints":{"allow":["GET"]}}],"collection":[{"href":"https:\/\/www.inov-u.com\/en\/wp-json\/wp\/v2\/product"}],"about":[{"href":"https:\/\/www.inov-u.com\/en\/wp-json\/wp\/v2\/types\/product"}],"replies":[{"embeddable":true,"href":"https:\/\/www.inov-u.com\/en\/wp-json\/wp\/v2\/comments?post=5290"}],"version-history":[{"count":1,"href":"https:\/\/www.inov-u.com\/en\/wp-json\/wp\/v2\/product\/5290\/revisions"}],"predecessor-version":[{"id":10012,"href":"https:\/\/www.inov-u.com\/en\/wp-json\/wp\/v2\/product\/5290\/revisions\/10012"}],"wp:featuredmedia":[{"embeddable":true,"href":"https:\/\/www.inov-u.com\/en\/wp-json\/wp\/v2\/media\/5292"}],"wp:attachment":[{"href":"https:\/\/www.inov-u.com\/en\/wp-json\/wp\/v2\/media?parent=5290"}],"wp:term":[{"taxonomy":"product_brand","embeddable":true,"href":"https:\/\/www.inov-u.com\/en\/wp-json\/wp\/v2\/product_brand?post=5290"},{"taxonomy":"product_cat","embeddable":true,"href":"https:\/\/www.inov-u.com\/en\/wp-json\/wp\/v2\/product_cat?post=5290"},{"taxonomy":"product_tag","embeddable":true,"href":"https:\/\/www.inov-u.com\/en\/wp-json\/wp\/v2\/product_tag?post=5290"}],"curies":[{"name":"wp","href":"https:\/\/api.w.org\/{rel}","templated":true}]}}