{"id":5300,"date":"2024-10-31T15:45:26","date_gmt":"2024-10-31T14:45:26","guid":{"rendered":"https:\/\/www.inov-u.com\/?post_type=product&#038;p=5300"},"modified":"2025-06-19T05:09:14","modified_gmt":"2025-06-19T03:09:14","slug":"at200mk-noir-azerty-francais","status":"publish","type":"product","link":"https:\/\/www.inov-u.com\/en\/products\/pc-peripherals\/keyboard\/at200mk-noir-azerty-francais\/","title":{"rendered":"AT200MK Noir (AZERTY, Fran\u00e7ais)"},"content":{"rendered":"\t\t<div data-elementor-type=\"container\" data-elementor-id=\"5301\" class=\"elementor elementor-5301\" data-elementor-post-type=\"elementor_library\">\n\t\t\t\t<div class=\"elementor-element elementor-element-7975e6c e-con-full e-flex e-con e-parent\" data-id=\"7975e6c\" data-element_type=\"container\" data-e-type=\"container\">\n\t\t<div class=\"elementor-element elementor-element-8f159db e-con-full e-flex e-con e-child\" data-id=\"8f159db\" data-element_type=\"container\" data-e-type=\"container\">\n\t\t<div class=\"elementor-element elementor-element-be6fc47 e-con-full e-flex e-con e-child\" data-id=\"be6fc47\" data-element_type=\"container\" data-e-type=\"container\">\n\t\t\t\t<div class=\"elementor-element elementor-element-b2d585c elementor-widget elementor-widget-heading\" data-id=\"b2d585c\" data-element_type=\"widget\" data-e-type=\"widget\" data-widget_type=\"heading.default\">\n\t\t\t\t<div class=\"elementor-widget-container\">\n\t\t\t\t\t<h2 class=\"elementor-heading-title elementor-size-default\">Clavier multim\u00e9dia sans fil avec touchpad int\u00e9gr\u00e9<\/h2>\t\t\t\t<\/div>\n\t\t\t\t<\/div>\n\t\t\t\t<div class=\"elementor-element elementor-element-2602b25 elementor-widget elementor-widget-text-editor\" data-id=\"2602b25\" data-element_type=\"widget\" data-e-type=\"widget\" data-widget_type=\"text-editor.default\">\n\t\t\t\t<div class=\"elementor-widget-container\">\n\t\t\t\t\t\t\t\t\t<p>L&#8217;<strong>INOVU AT200MK<\/strong>\u00a0est un\u00a0<strong>clavier multim\u00e9dia sans fil avec touchpad int\u00e9gr\u00e9<\/strong>. Compact et l\u00e9ger, dot\u00e9 d&#8217;une port\u00e9e de 8 m\u00e8tres, il peut \u00eatre facilement utilis\u00e9 avec la plupart des PC et des Smart TV. Plug &amp; Play (l&#8217;adaptateur USB est inclus), il se branche et s&#8217;utilise imm\u00e9diatement. \u00c9quip\u00e9 de touches multim\u00e9dia et d&#8217;un touchpad r\u00e9actif et agr\u00e9able, il vous permettra de contr\u00f4ler \u00e0 distance l&#8217;ensemble de vos applications.<\/p>\t\t\t\t\t\t\t\t<\/div>\n\t\t\t\t<\/div>\n\t\t\t\t<\/div>\n\t\t\t\t<\/div>\n\t\t<div class=\"elementor-element elementor-element-757efc9 e-con-full e-flex e-con e-child\" data-id=\"757efc9\" data-element_type=\"container\" data-e-type=\"container\">\n\t\t<div class=\"elementor-element elementor-element-e18eb3e e-con-full e-flex e-con e-child\" data-id=\"e18eb3e\" data-element_type=\"container\" data-e-type=\"container\">\n\t\t\t\t<div class=\"elementor-element elementor-element-c3d81ff elementor-widget elementor-widget-image\" data-id=\"c3d81ff\" data-element_type=\"widget\" data-e-type=\"widget\" data-widget_type=\"image.default\">\n\t\t\t\t<div class=\"elementor-widget-container\">\n\t\t\t\t\t\t\t\t\t\t\t\t\t\t\t<img fetchpriority=\"high\" decoding=\"async\" width=\"1000\" height=\"667\" src=\"https:\/\/www.inov-u.com\/wp-content\/uploads\/2024\/10\/AT200MK_4.png\" class=\"attachment-full size-full wp-image-8592\" alt=\"\" srcset=\"https:\/\/www.inov-u.com\/wp-content\/uploads\/2024\/10\/AT200MK_4.png.webp 1000w, https:\/\/www.inov-u.com\/wp-content\/uploads\/2024\/10\/AT200MK_4-300x200.png.webp 300w, https:\/\/www.inov-u.com\/wp-content\/uploads\/2024\/10\/AT200MK_4-768x512.png.webp 768w, https:\/\/www.inov-u.com\/wp-content\/uploads\/2024\/10\/AT200MK_4-600x400.png.webp 600w\" sizes=\"(max-width: 1000px) 100vw, 1000px\" \/>\t\t\t\t\t\t\t\t\t\t\t\t\t\t\t<\/div>\n\t\t\t\t<\/div>\n\t\t\t\t<\/div>\n\t\t<div class=\"elementor-element elementor-element-e7f55b7 e-con-full e-flex e-con e-child\" data-id=\"e7f55b7\" data-element_type=\"container\" data-e-type=\"container\">\n\t\t\t\t<div class=\"elementor-element elementor-element-d9d7e98 elementor-widget elementor-widget-heading\" data-id=\"d9d7e98\" data-element_type=\"widget\" data-e-type=\"widget\" data-widget_type=\"heading.default\">\n\t\t\t\t<div class=\"elementor-widget-container\">\n\t\t\t\t\t<h2 class=\"elementor-heading-title elementor-size-default\">Prenez le contr\u00f4le<\/h2>\t\t\t\t<\/div>\n\t\t\t\t<\/div>\n\t\t\t\t<div class=\"elementor-element elementor-element-21ee8a3 elementor-widget elementor-widget-text-editor\" data-id=\"21ee8a3\" data-element_type=\"widget\" data-e-type=\"widget\" data-widget_type=\"text-editor.default\">\n\t\t\t\t<div class=\"elementor-widget-container\">\n\t\t\t\t\t\t\t\t\t<p>L&#8217;<strong>INOVU AT200MK\u00a0<\/strong>est un clavier pratique, discret et efficace pour contr\u00f4ler ordinateurs et appareils multim\u00e9dia. Il est id\u00e9al pour les utilisateurs \u00e0 la recherche d&#8217;un p\u00e9riph\u00e9rique de saisie polyvalent et facile \u00e0 transporter. Ses touches de raccourci d\u00e9di\u00e9es et son touchpad simplifient le contr\u00f4le de vos appareils multim\u00e9dias, tandis que sa conception sans-fil offre une grande libert\u00e9 de mouvement. Compact et peu encombrant, il est en outre particuli\u00e8rement adapt\u00e9 aux espaces de travail r\u00e9duits et aux salles de r\u00e9union.<\/p>\t\t\t\t\t\t\t\t<\/div>\n\t\t\t\t<\/div>\n\t\t\t\t<\/div>\n\t\t\t\t<\/div>\n\t\t<div class=\"elementor-element elementor-element-3882677 e-con-full e-flex e-con e-child\" data-id=\"3882677\" data-element_type=\"container\" data-e-type=\"container\">\n\t\t<div class=\"elementor-element elementor-element-73be5b3 e-con-full e-flex e-con e-child\" data-id=\"73be5b3\" data-element_type=\"container\" data-e-type=\"container\">\n\t\t\t\t<div class=\"elementor-element elementor-element-7d64494 elementor-widget elementor-widget-heading\" data-id=\"7d64494\" data-element_type=\"widget\" data-e-type=\"widget\" data-widget_type=\"heading.default\">\n\t\t\t\t<div class=\"elementor-widget-container\">\n\t\t\t\t\t<h2 class=\"elementor-heading-title elementor-size-default\">Equipez vous \u00e0 prix avantageux<\/h2>\t\t\t\t<\/div>\n\t\t\t\t<\/div>\n\t\t\t\t<div class=\"elementor-element elementor-element-c4b12f9 elementor-widget elementor-widget-text-editor\" data-id=\"c4b12f9\" data-element_type=\"widget\" data-e-type=\"widget\" data-widget_type=\"text-editor.default\">\n\t\t\t\t<div class=\"elementor-widget-container\">\n\t\t\t\t\t\t\t\t\t<p>Gr\u00e2ce \u00e0 INOVU, vous avez la possibilit\u00e9 de vous \u00e9quiper en mat\u00e9riel informatique \u00e0 moindres frais. Sp\u00e9cialiste des accessoires et \u00e9quipements informatiques, la marque propose des produits comp\u00e9titifs \u00e0 prix tr\u00e8s attractifs, avec en point de mire un rapport qualit\u00e9 \/ prix imbattable. Que vous soyez \u00e9tudiants, professionnels ou particuliers, INOVU vous permet d&#8217;acqu\u00e9rir le mat\u00e9riel dont vous avez besoin sans vous ruiner.<\/p>\t\t\t\t\t\t\t\t<\/div>\n\t\t\t\t<\/div>\n\t\t\t\t<\/div>\n\t\t<div class=\"elementor-element elementor-element-425a213 e-con-full e-flex e-con e-child\" data-id=\"425a213\" data-element_type=\"container\" data-e-type=\"container\">\n\t\t\t\t<div class=\"elementor-element elementor-element-ab517fa elementor-widget elementor-widget-image\" data-id=\"ab517fa\" data-element_type=\"widget\" data-e-type=\"widget\" data-widget_type=\"image.default\">\n\t\t\t\t<div class=\"elementor-widget-container\">\n\t\t\t\t\t\t\t\t\t\t\t\t\t\t\t<img decoding=\"async\" width=\"1000\" height=\"1000\" src=\"https:\/\/www.inov-u.com\/wp-content\/uploads\/2024\/10\/AT200MK_5.png\" class=\"attachment-full size-full wp-image-8593\" alt=\"\" srcset=\"https:\/\/www.inov-u.com\/wp-content\/uploads\/2024\/10\/AT200MK_5.png.webp 1000w, https:\/\/www.inov-u.com\/wp-content\/uploads\/2024\/10\/AT200MK_5-300x300.png.webp 300w, https:\/\/www.inov-u.com\/wp-content\/uploads\/2024\/10\/AT200MK_5-150x150.png.webp 150w, https:\/\/www.inov-u.com\/wp-content\/uploads\/2024\/10\/AT200MK_5-768x768.png.webp 768w, https:\/\/www.inov-u.com\/wp-content\/uploads\/2024\/10\/AT200MK_5-700x700.png.webp 700w, https:\/\/www.inov-u.com\/wp-content\/uploads\/2024\/10\/AT200MK_5-600x600.png.webp 600w, https:\/\/www.inov-u.com\/wp-content\/uploads\/2024\/10\/AT200MK_5-100x100.png.webp 100w\" sizes=\"(max-width: 1000px) 100vw, 1000px\" \/>\t\t\t\t\t\t\t\t\t\t\t\t\t\t\t<\/div>\n\t\t\t\t<\/div>\n\t\t\t\t<\/div>\n\t\t\t\t<\/div>\n\t\t<div class=\"elementor-element elementor-element-bf6dc52 e-con-full e-flex e-con e-child\" data-id=\"bf6dc52\" data-element_type=\"container\" data-e-type=\"container\">\n\t\t<div class=\"elementor-element elementor-element-b36a053 e-con-full e-flex e-con e-child\" data-id=\"b36a053\" data-element_type=\"container\" data-e-type=\"container\">\n\t\t\t\t<div class=\"elementor-element elementor-element-dc3d4da elementor-widget elementor-widget-image\" data-id=\"dc3d4da\" data-element_type=\"widget\" data-e-type=\"widget\" data-widget_type=\"image.default\">\n\t\t\t\t<div class=\"elementor-widget-container\">\n\t\t\t\t\t\t\t\t\t\t\t\t\t\t\t<img decoding=\"async\" width=\"1000\" height=\"667\" src=\"https:\/\/www.inov-u.com\/wp-content\/uploads\/2024\/10\/AT200MK_6.png\" class=\"attachment-full size-full wp-image-8596\" alt=\"\" srcset=\"https:\/\/www.inov-u.com\/wp-content\/uploads\/2024\/10\/AT200MK_6.png.webp 1000w, https:\/\/www.inov-u.com\/wp-content\/uploads\/2024\/10\/AT200MK_6-300x200.png.webp 300w, https:\/\/www.inov-u.com\/wp-content\/uploads\/2024\/10\/AT200MK_6-768x512.png.webp 768w, https:\/\/www.inov-u.com\/wp-content\/uploads\/2024\/10\/AT200MK_6-600x400.png.webp 600w\" sizes=\"(max-width: 1000px) 100vw, 1000px\" \/>\t\t\t\t\t\t\t\t\t\t\t\t\t\t\t<\/div>\n\t\t\t\t<\/div>\n\t\t\t\t<\/div>\n\t\t<div class=\"elementor-element elementor-element-c275395 e-con-full e-flex e-con e-child\" data-id=\"c275395\" data-element_type=\"container\" data-e-type=\"container\">\n\t\t\t\t<div class=\"elementor-element elementor-element-4ef56aa elementor-widget elementor-widget-heading\" data-id=\"4ef56aa\" data-element_type=\"widget\" data-e-type=\"widget\" data-widget_type=\"heading.default\">\n\t\t\t\t<div class=\"elementor-widget-container\">\n\t\t\t\t\t<h2 class=\"elementor-heading-title elementor-size-default\">Principales caract\u00e9ristiques :<\/h2>\t\t\t\t<\/div>\n\t\t\t\t<\/div>\n\t\t\t\t<div class=\"elementor-element elementor-element-6b9f85c elementor-widget elementor-widget-text-editor\" data-id=\"6b9f85c\" data-element_type=\"widget\" data-e-type=\"widget\" data-widget_type=\"text-editor.default\">\n\t\t\t\t<div class=\"elementor-widget-container\">\n\t\t\t\t\t\t\t\t\t<ul><li>Clavier multim\u00e9dia sans-fil\u00a0AZERTY avec touchpad int\u00e9gr\u00e9<\/li><li>Compatible PC et Smart TV<\/li><li>Touches multim\u00e9dia et touchpad (pav\u00e9 tactile) int\u00e9gr\u00e9s<\/li><li>Plug &amp; Play (fonctionne sans pilotes ni logiciel)<\/li><li>Adaptateur USB inclus (RF 2.4 GHz)<\/li><li>Dimensions : 326.3 x 123.5 x 18.3 mm<\/li><li>Poids : 285 gr<\/li><li>Alimentation : 2 piles AAA (fournies)<\/li><li>Mise en veille automatique<\/li><li>Compatibilit\u00e9 :\u00a0Windows 7\/8\/10\/11 &#8211; macOS \/\u00a0Android &gt; 4.1, LG WebOS, etc.<\/li><\/ul>\t\t\t\t\t\t\t\t<\/div>\n\t\t\t\t<\/div>\n\t\t\t\t<\/div>\n\t\t\t\t<\/div>\n\t\t\t\t<\/div>\n\t\t\t\t<\/div>\n\t\t\n","protected":false},"excerpt":{"rendered":"<p>L&#8217;INOVU AT200MK est un clavier multim\u00e9dia sans fil avec touchpad int\u00e9gr\u00e9. Compact et l\u00e9ger, dot\u00e9 d&#8217;une port\u00e9e de 8 m\u00e8tres, il peut \u00eatre facilement utilis\u00e9 avec la plupart des PC et des Smart TV. Plug &amp; Play (l&#8217;adaptateur USB est inclus), il se branche et s&#8217;utilise imm\u00e9diatement.<\/p>\n","protected":false},"featured_media":5302,"comment_status":"open","ping_status":"closed","template":"","meta":{"_acf_changed":false},"product_brand":[],"product_cat":[55],"product_tag":[],"class_list":{"0":"post-5300","1":"product","2":"type-product","3":"status-publish","4":"has-post-thumbnail","6":"product_cat-clavier","8":"first","9":"instock","10":"shipping-taxable","11":"product-type-simple"},"acf":[],"yoast_head":"<!-- This site is optimized with the Yoast SEO plugin v27.4 - https:\/\/yoast.com\/product\/yoast-seo-wordpress\/ -->\n<title>INOVU | AT200MK Noir (AZERTY, Fran\u00e7ais)<\/title>\n<meta name=\"robots\" content=\"index, follow, max-snippet:-1, max-image-preview:large, max-video-preview:-1\" \/>\n<link rel=\"canonical\" href=\"https:\/\/www.inov-u.com\/en\/products\/pc-peripherals\/keyboard\/at200mk-noir-azerty-francais\/\" \/>\n<meta property=\"og:locale\" content=\"en_US\" \/>\n<meta property=\"og:type\" content=\"article\" \/>\n<meta property=\"og:title\" content=\"INOVU | AT200MK Noir (AZERTY, Fran\u00e7ais)\" \/>\n<meta property=\"og:description\" content=\"L&#039;INOVU AT200MK est un clavier multim\u00e9dia sans fil avec touchpad int\u00e9gr\u00e9. Compact et l\u00e9ger, dot\u00e9 d&#039;une port\u00e9e de 8 m\u00e8tres, il peut \u00eatre facilement utilis\u00e9 avec la plupart des PC et des Smart TV. Plug &amp; Play (l&#039;adaptateur USB est inclus), il se branche et s&#039;utilise imm\u00e9diatement.\" \/>\n<meta property=\"og:url\" content=\"https:\/\/www.inov-u.com\/en\/products\/pc-peripherals\/keyboard\/at200mk-noir-azerty-francais\/\" \/>\n<meta property=\"og:site_name\" content=\"INOVU\" \/>\n<meta property=\"article:modified_time\" content=\"2025-06-19T03:09:14+00:00\" \/>\n<meta property=\"og:image\" content=\"https:\/\/www.inov-u.com\/wp-content\/uploads\/2024\/10\/AT200MK_1.png\" \/>\n\t<meta property=\"og:image:width\" content=\"1000\" \/>\n\t<meta property=\"og:image:height\" content=\"1000\" \/>\n\t<meta property=\"og:image:type\" content=\"image\/png\" \/>\n<meta name=\"twitter:card\" content=\"summary_large_image\" \/>\n<meta name=\"twitter:label1\" content=\"Est. reading time\" \/>\n\t<meta name=\"twitter:data1\" content=\"1 minute\" \/>\n<script type=\"application\/ld+json\" class=\"yoast-schema-graph\">{\"@context\":\"https:\\\/\\\/schema.org\",\"@graph\":[{\"@type\":[\"WebPage\",\"ItemPage\"],\"@id\":\"https:\\\/\\\/www.inov-u.com\\\/en\\\/products\\\/pc-peripherals\\\/keyboard\\\/at200mk-noir-azerty-francais\\\/\",\"url\":\"https:\\\/\\\/www.inov-u.com\\\/en\\\/products\\\/pc-peripherals\\\/keyboard\\\/at200mk-noir-azerty-francais\\\/\",\"name\":\"INOVU | AT200MK Noir (AZERTY, Fran\u00e7ais)\",\"isPartOf\":{\"@id\":\"https:\\\/\\\/www.inov-u.com\\\/en\\\/#website\"},\"primaryImageOfPage\":{\"@id\":\"https:\\\/\\\/www.inov-u.com\\\/en\\\/products\\\/pc-peripherals\\\/keyboard\\\/at200mk-noir-azerty-francais\\\/#primaryimage\"},\"image\":{\"@id\":\"https:\\\/\\\/www.inov-u.com\\\/en\\\/products\\\/pc-peripherals\\\/keyboard\\\/at200mk-noir-azerty-francais\\\/#primaryimage\"},\"thumbnailUrl\":\"https:\\\/\\\/www.inov-u.com\\\/wp-content\\\/uploads\\\/2024\\\/10\\\/AT200MK_1.png\",\"datePublished\":\"2024-10-31T14:45:26+00:00\",\"dateModified\":\"2025-06-19T03:09:14+00:00\",\"breadcrumb\":{\"@id\":\"https:\\\/\\\/www.inov-u.com\\\/en\\\/products\\\/pc-peripherals\\\/keyboard\\\/at200mk-noir-azerty-francais\\\/#breadcrumb\"},\"inLanguage\":\"en-US\",\"potentialAction\":[{\"@type\":\"ReadAction\",\"target\":[\"https:\\\/\\\/www.inov-u.com\\\/en\\\/products\\\/pc-peripherals\\\/keyboard\\\/at200mk-noir-azerty-francais\\\/\"]}]},{\"@type\":\"ImageObject\",\"inLanguage\":\"en-US\",\"@id\":\"https:\\\/\\\/www.inov-u.com\\\/en\\\/products\\\/pc-peripherals\\\/keyboard\\\/at200mk-noir-azerty-francais\\\/#primaryimage\",\"url\":\"https:\\\/\\\/www.inov-u.com\\\/wp-content\\\/uploads\\\/2024\\\/10\\\/AT200MK_1.png\",\"contentUrl\":\"https:\\\/\\\/www.inov-u.com\\\/wp-content\\\/uploads\\\/2024\\\/10\\\/AT200MK_1.png\",\"width\":1000,\"height\":1000,\"caption\":\"Clavier multim\u00e9dia noir, azerty, sur fond blanc\"},{\"@type\":\"BreadcrumbList\",\"@id\":\"https:\\\/\\\/www.inov-u.com\\\/en\\\/products\\\/pc-peripherals\\\/keyboard\\\/at200mk-noir-azerty-francais\\\/#breadcrumb\",\"itemListElement\":[{\"@type\":\"ListItem\",\"position\":1,\"name\":\"Home\",\"item\":\"https:\\\/\\\/www.inov-u.com\\\/en\\\/\"},{\"@type\":\"ListItem\",\"position\":2,\"name\":\"Products\",\"item\":\"https:\\\/\\\/www.inov-u.com\\\/nos-univers\\\/\"},{\"@type\":\"ListItem\",\"position\":3,\"name\":\"PC Peripherals\",\"item\":\"https:\\\/\\\/www.inov-u.com\\\/en\\\/nos-univers\\\/pc-peripherals\\\/\"},{\"@type\":\"ListItem\",\"position\":4,\"name\":\"Keyboard\",\"item\":\"https:\\\/\\\/www.inov-u.com\\\/en\\\/nos-univers\\\/pc-peripherals\\\/keyboard\\\/\"},{\"@type\":\"ListItem\",\"position\":5,\"name\":\"AT200MK Noir (AZERTY, Fran\u00e7ais)\"}]},{\"@type\":\"WebSite\",\"@id\":\"https:\\\/\\\/www.inov-u.com\\\/en\\\/#website\",\"url\":\"https:\\\/\\\/www.inov-u.com\\\/en\\\/\",\"name\":\"INOVU\",\"description\":\"L&#039;\u00e9quipement informatique du quotidien\",\"publisher\":{\"@id\":\"https:\\\/\\\/www.inov-u.com\\\/en\\\/#organization\"},\"potentialAction\":[{\"@type\":\"SearchAction\",\"target\":{\"@type\":\"EntryPoint\",\"urlTemplate\":\"https:\\\/\\\/www.inov-u.com\\\/en\\\/?s={search_term_string}\"},\"query-input\":{\"@type\":\"PropertyValueSpecification\",\"valueRequired\":true,\"valueName\":\"search_term_string\"}}],\"inLanguage\":\"en-US\"},{\"@type\":\"Organization\",\"@id\":\"https:\\\/\\\/www.inov-u.com\\\/en\\\/#organization\",\"name\":\"INOVU\",\"url\":\"https:\\\/\\\/www.inov-u.com\\\/en\\\/\",\"logo\":{\"@type\":\"ImageObject\",\"inLanguage\":\"en-US\",\"@id\":\"https:\\\/\\\/www.inov-u.com\\\/en\\\/#\\\/schema\\\/logo\\\/image\\\/\",\"url\":\"https:\\\/\\\/www.inov-u.com\\\/wp-content\\\/uploads\\\/2024\\\/02\\\/inovu_favicon.png\",\"contentUrl\":\"https:\\\/\\\/www.inov-u.com\\\/wp-content\\\/uploads\\\/2024\\\/02\\\/inovu_favicon.png\",\"width\":512,\"height\":512,\"caption\":\"INOVU\"},\"image\":{\"@id\":\"https:\\\/\\\/www.inov-u.com\\\/en\\\/#\\\/schema\\\/logo\\\/image\\\/\"}}]}<\/script>\n<!-- \/ Yoast SEO plugin. -->","yoast_head_json":{"title":"INOVU | AT200MK Noir (AZERTY, Fran\u00e7ais)","robots":{"index":"index","follow":"follow","max-snippet":"max-snippet:-1","max-image-preview":"max-image-preview:large","max-video-preview":"max-video-preview:-1"},"canonical":"https:\/\/www.inov-u.com\/en\/products\/pc-peripherals\/keyboard\/at200mk-noir-azerty-francais\/","og_locale":"en_US","og_type":"article","og_title":"INOVU | AT200MK Noir (AZERTY, Fran\u00e7ais)","og_description":"L'INOVU AT200MK est un clavier multim\u00e9dia sans fil avec touchpad int\u00e9gr\u00e9. Compact et l\u00e9ger, dot\u00e9 d'une port\u00e9e de 8 m\u00e8tres, il peut \u00eatre facilement utilis\u00e9 avec la plupart des PC et des Smart TV. Plug &amp; Play (l'adaptateur USB est inclus), il se branche et s'utilise imm\u00e9diatement.","og_url":"https:\/\/www.inov-u.com\/en\/products\/pc-peripherals\/keyboard\/at200mk-noir-azerty-francais\/","og_site_name":"INOVU","article_modified_time":"2025-06-19T03:09:14+00:00","og_image":[{"width":1000,"height":1000,"url":"https:\/\/www.inov-u.com\/wp-content\/uploads\/2024\/10\/AT200MK_1.png","type":"image\/png"}],"twitter_card":"summary_large_image","twitter_misc":{"Est. reading time":"1 minute"},"schema":{"@context":"https:\/\/schema.org","@graph":[{"@type":["WebPage","ItemPage"],"@id":"https:\/\/www.inov-u.com\/en\/products\/pc-peripherals\/keyboard\/at200mk-noir-azerty-francais\/","url":"https:\/\/www.inov-u.com\/en\/products\/pc-peripherals\/keyboard\/at200mk-noir-azerty-francais\/","name":"INOVU | AT200MK Noir (AZERTY, Fran\u00e7ais)","isPartOf":{"@id":"https:\/\/www.inov-u.com\/en\/#website"},"primaryImageOfPage":{"@id":"https:\/\/www.inov-u.com\/en\/products\/pc-peripherals\/keyboard\/at200mk-noir-azerty-francais\/#primaryimage"},"image":{"@id":"https:\/\/www.inov-u.com\/en\/products\/pc-peripherals\/keyboard\/at200mk-noir-azerty-francais\/#primaryimage"},"thumbnailUrl":"https:\/\/www.inov-u.com\/wp-content\/uploads\/2024\/10\/AT200MK_1.png","datePublished":"2024-10-31T14:45:26+00:00","dateModified":"2025-06-19T03:09:14+00:00","breadcrumb":{"@id":"https:\/\/www.inov-u.com\/en\/products\/pc-peripherals\/keyboard\/at200mk-noir-azerty-francais\/#breadcrumb"},"inLanguage":"en-US","potentialAction":[{"@type":"ReadAction","target":["https:\/\/www.inov-u.com\/en\/products\/pc-peripherals\/keyboard\/at200mk-noir-azerty-francais\/"]}]},{"@type":"ImageObject","inLanguage":"en-US","@id":"https:\/\/www.inov-u.com\/en\/products\/pc-peripherals\/keyboard\/at200mk-noir-azerty-francais\/#primaryimage","url":"https:\/\/www.inov-u.com\/wp-content\/uploads\/2024\/10\/AT200MK_1.png","contentUrl":"https:\/\/www.inov-u.com\/wp-content\/uploads\/2024\/10\/AT200MK_1.png","width":1000,"height":1000,"caption":"Clavier multim\u00e9dia noir, azerty, sur fond blanc"},{"@type":"BreadcrumbList","@id":"https:\/\/www.inov-u.com\/en\/products\/pc-peripherals\/keyboard\/at200mk-noir-azerty-francais\/#breadcrumb","itemListElement":[{"@type":"ListItem","position":1,"name":"Home","item":"https:\/\/www.inov-u.com\/en\/"},{"@type":"ListItem","position":2,"name":"Products","item":"https:\/\/www.inov-u.com\/nos-univers\/"},{"@type":"ListItem","position":3,"name":"PC Peripherals","item":"https:\/\/www.inov-u.com\/en\/nos-univers\/pc-peripherals\/"},{"@type":"ListItem","position":4,"name":"Keyboard","item":"https:\/\/www.inov-u.com\/en\/nos-univers\/pc-peripherals\/keyboard\/"},{"@type":"ListItem","position":5,"name":"AT200MK Noir (AZERTY, Fran\u00e7ais)"}]},{"@type":"WebSite","@id":"https:\/\/www.inov-u.com\/en\/#website","url":"https:\/\/www.inov-u.com\/en\/","name":"INOVU","description":"L&#039;\u00e9quipement informatique du quotidien","publisher":{"@id":"https:\/\/www.inov-u.com\/en\/#organization"},"potentialAction":[{"@type":"SearchAction","target":{"@type":"EntryPoint","urlTemplate":"https:\/\/www.inov-u.com\/en\/?s={search_term_string}"},"query-input":{"@type":"PropertyValueSpecification","valueRequired":true,"valueName":"search_term_string"}}],"inLanguage":"en-US"},{"@type":"Organization","@id":"https:\/\/www.inov-u.com\/en\/#organization","name":"INOVU","url":"https:\/\/www.inov-u.com\/en\/","logo":{"@type":"ImageObject","inLanguage":"en-US","@id":"https:\/\/www.inov-u.com\/en\/#\/schema\/logo\/image\/","url":"https:\/\/www.inov-u.com\/wp-content\/uploads\/2024\/02\/inovu_favicon.png","contentUrl":"https:\/\/www.inov-u.com\/wp-content\/uploads\/2024\/02\/inovu_favicon.png","width":512,"height":512,"caption":"INOVU"},"image":{"@id":"https:\/\/www.inov-u.com\/en\/#\/schema\/logo\/image\/"}}]}},"_links":{"self":[{"href":"https:\/\/www.inov-u.com\/en\/wp-json\/wp\/v2\/product\/5300","targetHints":{"allow":["GET"]}}],"collection":[{"href":"https:\/\/www.inov-u.com\/en\/wp-json\/wp\/v2\/product"}],"about":[{"href":"https:\/\/www.inov-u.com\/en\/wp-json\/wp\/v2\/types\/product"}],"replies":[{"embeddable":true,"href":"https:\/\/www.inov-u.com\/en\/wp-json\/wp\/v2\/comments?post=5300"}],"version-history":[{"count":1,"href":"https:\/\/www.inov-u.com\/en\/wp-json\/wp\/v2\/product\/5300\/revisions"}],"predecessor-version":[{"id":10011,"href":"https:\/\/www.inov-u.com\/en\/wp-json\/wp\/v2\/product\/5300\/revisions\/10011"}],"wp:featuredmedia":[{"embeddable":true,"href":"https:\/\/www.inov-u.com\/en\/wp-json\/wp\/v2\/media\/5302"}],"wp:attachment":[{"href":"https:\/\/www.inov-u.com\/en\/wp-json\/wp\/v2\/media?parent=5300"}],"wp:term":[{"taxonomy":"product_brand","embeddable":true,"href":"https:\/\/www.inov-u.com\/en\/wp-json\/wp\/v2\/product_brand?post=5300"},{"taxonomy":"product_cat","embeddable":true,"href":"https:\/\/www.inov-u.com\/en\/wp-json\/wp\/v2\/product_cat?post=5300"},{"taxonomy":"product_tag","embeddable":true,"href":"https:\/\/www.inov-u.com\/en\/wp-json\/wp\/v2\/product_tag?post=5300"}],"curies":[{"name":"wp","href":"https:\/\/api.w.org\/{rel}","templated":true}]}}