{"id":5325,"date":"2024-10-31T16:11:28","date_gmt":"2024-10-31T15:11:28","guid":{"rendered":"https:\/\/www.inov-u.com\/?post_type=product&#038;p=5325"},"modified":"2025-04-29T16:11:52","modified_gmt":"2025-04-29T14:11:52","slug":"swl10-noir-azerty-francais","status":"publish","type":"product","link":"https:\/\/www.inov-u.com\/en\/products\/pc-peripherals\/keyboard\/swl10-noir-azerty-francais\/","title":{"rendered":"SWL10 Noir (AZERTY, Fran\u00e7ais)"},"content":{"rendered":"\t\t<div data-elementor-type=\"container\" data-elementor-id=\"5324\" class=\"elementor elementor-5324\" data-elementor-post-type=\"elementor_library\">\n\t\t\t\t<div class=\"elementor-element elementor-element-7975e6c e-con-full e-flex e-con e-parent\" data-id=\"7975e6c\" data-element_type=\"container\" data-e-type=\"container\">\n\t\t<div class=\"elementor-element elementor-element-8f159db e-con-full e-flex e-con e-child\" data-id=\"8f159db\" data-element_type=\"container\" data-e-type=\"container\">\n\t\t<div class=\"elementor-element elementor-element-be6fc47 e-con-full e-flex e-con e-child\" data-id=\"be6fc47\" data-element_type=\"container\" data-e-type=\"container\">\n\t\t\t\t<div class=\"elementor-element elementor-element-b2d585c elementor-widget elementor-widget-heading\" data-id=\"b2d585c\" data-element_type=\"widget\" data-e-type=\"widget\" data-widget_type=\"heading.default\">\n\t\t\t\t<div class=\"elementor-widget-container\">\n\t\t\t\t\t<h2 class=\"elementor-heading-title elementor-size-default\">SWL10 : Sans fil, sans changement de pile<\/h2>\t\t\t\t<\/div>\n\t\t\t\t<\/div>\n\t\t\t\t<div class=\"elementor-element elementor-element-2602b25 elementor-widget elementor-widget-text-editor\" data-id=\"2602b25\" data-element_type=\"widget\" data-e-type=\"widget\" data-widget_type=\"text-editor.default\">\n\t\t\t\t<div class=\"elementor-widget-container\">\n\t\t\t\t\t\t\t\t\t<p>Le clavier\u00a0<strong>INOVU SWL10 Noir sans fil\u00a0<\/strong>est un clavier destin\u00e9 \u00e0 un usage bureautique et multim\u00e9dia au design ultra slim. Il b\u00e9n\u00e9ficie d&#8217;une\u00a0<strong>recharge de ses batteries \u00e0 la lumi\u00e8re solaire ou artificielle<\/strong>\u00a0pour une plus grande libert\u00e9. Vous n&#8217;aurez plus \u00e0 vous pr\u00e9occuper du niveau des piles, le SWL10 se recharge sans intervention de votre part. Dot\u00e9 de\u00a0<strong>17 touches multim\u00e9dias<\/strong>\u00a0dont 5 d\u00e9di\u00e9es et de touches avec m\u00e9canismes en ciseaux, il sera confortable et pratique au quotidien.<\/p>\t\t\t\t\t\t\t\t<\/div>\n\t\t\t\t<\/div>\n\t\t\t\t<\/div>\n\t\t\t\t<\/div>\n\t\t<div class=\"elementor-element elementor-element-757efc9 e-con-full e-flex e-con e-child\" data-id=\"757efc9\" data-element_type=\"container\" data-e-type=\"container\">\n\t\t<div class=\"elementor-element elementor-element-e18eb3e e-con-full e-flex e-con e-child\" data-id=\"e18eb3e\" data-element_type=\"container\" data-e-type=\"container\">\n\t\t\t\t<div class=\"elementor-element elementor-element-c3d81ff elementor-widget elementor-widget-image\" data-id=\"c3d81ff\" data-element_type=\"widget\" data-e-type=\"widget\" data-widget_type=\"image.default\">\n\t\t\t\t<div class=\"elementor-widget-container\">\n\t\t\t\t\t\t\t\t\t\t\t\t\t\t\t<img fetchpriority=\"high\" decoding=\"async\" width=\"1000\" height=\"1000\" src=\"https:\/\/www.inov-u.com\/wp-content\/uploads\/2024\/10\/SWL10_noir_2.png\" class=\"attachment-full size-full wp-image-8602\" alt=\"\" srcset=\"https:\/\/www.inov-u.com\/wp-content\/uploads\/2024\/10\/SWL10_noir_2.png.webp 1000w, https:\/\/www.inov-u.com\/wp-content\/uploads\/2024\/10\/SWL10_noir_2-300x300.png.webp 300w, https:\/\/www.inov-u.com\/wp-content\/uploads\/2024\/10\/SWL10_noir_2-150x150.png.webp 150w, https:\/\/www.inov-u.com\/wp-content\/uploads\/2024\/10\/SWL10_noir_2-768x768.png.webp 768w, https:\/\/www.inov-u.com\/wp-content\/uploads\/2024\/10\/SWL10_noir_2-700x700.png.webp 700w, https:\/\/www.inov-u.com\/wp-content\/uploads\/2024\/10\/SWL10_noir_2-600x600.png.webp 600w, https:\/\/www.inov-u.com\/wp-content\/uploads\/2024\/10\/SWL10_noir_2-100x100.png.webp 100w\" sizes=\"(max-width: 1000px) 100vw, 1000px\" \/>\t\t\t\t\t\t\t\t\t\t\t\t\t\t\t<\/div>\n\t\t\t\t<\/div>\n\t\t\t\t<\/div>\n\t\t<div class=\"elementor-element elementor-element-e7f55b7 e-con-full e-flex e-con e-child\" data-id=\"e7f55b7\" data-element_type=\"container\" data-e-type=\"container\">\n\t\t\t\t<div class=\"elementor-element elementor-element-d9d7e98 elementor-widget elementor-widget-heading\" data-id=\"d9d7e98\" data-element_type=\"widget\" data-e-type=\"widget\" data-widget_type=\"heading.default\">\n\t\t\t\t<div class=\"elementor-widget-container\">\n\t\t\t\t\t<h2 class=\"elementor-heading-title elementor-size-default\">Design ultra slim<\/h2>\t\t\t\t<\/div>\n\t\t\t\t<\/div>\n\t\t\t\t<div class=\"elementor-element elementor-element-21ee8a3 elementor-widget elementor-widget-text-editor\" data-id=\"21ee8a3\" data-element_type=\"widget\" data-e-type=\"widget\" data-widget_type=\"text-editor.default\">\n\t\t\t\t<div class=\"elementor-widget-container\">\n\t\t\t\t\t\t\t\t\t<p>Le INOVU SWL10 propose des touches avec un\u00a0<strong>m\u00e9canisme \u00e0 ciseaux<\/strong>\u00a0pour assurer une excellente stabilit\u00e9 des touches\u00a0tout comme la course des touches qui offre confort d&#8217;utilisation et pr\u00e9cision de la frappe.\u00a0De plus, son inclinaison de 5\u00b0 offre un confort suppl\u00e9mentaire lors de son utilisation.<\/p>\t\t\t\t\t\t\t\t<\/div>\n\t\t\t\t<\/div>\n\t\t\t\t<\/div>\n\t\t\t\t<\/div>\n\t\t<div class=\"elementor-element elementor-element-e6a42bf e-con-full e-flex e-con e-child\" data-id=\"e6a42bf\" data-element_type=\"container\" data-e-type=\"container\">\n\t\t<div class=\"elementor-element elementor-element-e0c78aa e-con-full e-flex e-con e-child\" data-id=\"e0c78aa\" data-element_type=\"container\" data-e-type=\"container\">\n\t\t\t\t<div class=\"elementor-element elementor-element-62dd82c elementor-widget elementor-widget-heading\" data-id=\"62dd82c\" data-element_type=\"widget\" data-e-type=\"widget\" data-widget_type=\"heading.default\">\n\t\t\t\t<div class=\"elementor-widget-container\">\n\t\t\t\t\t<h2 class=\"elementor-heading-title elementor-size-default\">Principales caract\u00e9ristiques :<\/h2>\t\t\t\t<\/div>\n\t\t\t\t<\/div>\n\t\t\t\t<div class=\"elementor-element elementor-element-eb295cd elementor-widget elementor-widget-text-editor\" data-id=\"eb295cd\" data-element_type=\"widget\" data-e-type=\"widget\" data-widget_type=\"text-editor.default\">\n\t\t\t\t<div class=\"elementor-widget-container\">\n\t\t\t\t\t\t\t\t\t<ul><li>Clavier sans fil RF\u00a0AZERTY, Fran\u00e7ais<\/li><li><strong>Charge \u00e0 \u00e9nergie solaire<\/strong>\u00a0et lumi\u00e8re artificielle :\u00a0se recharge m\u00eame si le bouton est sur \u00ab\u00a0off\u00a0\u00bb<\/li><li><strong>Format ultra slim<\/strong><\/li><li><strong>M\u00e9canisme \u00e0 ciseaux<\/strong>\u00a0pour une frappe pr\u00e9cise et stable<\/li><li>Inclinaison \u00e0 5\u00b0<\/li><li>17 touches multim\u00e9dias (dont 5 d\u00e9di\u00e9es)<\/li><li>2 batteries Ni-MH\u00a0AAA 600mAh 2.4V<\/li><li>Coloris : noir<\/li><\/ul>\t\t\t\t\t\t\t\t<\/div>\n\t\t\t\t<\/div>\n\t\t\t\t<\/div>\n\t\t\t\t<\/div>\n\t\t\t\t<\/div>\n\t\t\t\t<\/div>\n\t\t\n","protected":false},"excerpt":{"rendered":"<p>Le clavier INOVU SWL10 Noir sans fil est un clavier destin\u00e9 \u00e0 un usage bureautique et multim\u00e9dia au design ultra slim. Il b\u00e9n\u00e9ficie d&#8217;une recharge de ses batteries \u00e0 la lumi\u00e8re solaire ou artificielle pour une plus grande libert\u00e9. Vous n&#8217;aurez plus \u00e0 vous pr\u00e9occuper du niveau des piles !<\/p>\n","protected":false},"featured_media":5326,"comment_status":"open","ping_status":"closed","template":"","meta":{"_acf_changed":false},"product_brand":[],"product_cat":[55],"product_tag":[],"class_list":{"0":"post-5325","1":"product","2":"type-product","3":"status-publish","4":"has-post-thumbnail","6":"product_cat-clavier","8":"first","9":"instock","10":"shipping-taxable","11":"product-type-simple"},"acf":[],"yoast_head":"<!-- This site is optimized with the Yoast SEO plugin v27.4 - https:\/\/yoast.com\/product\/yoast-seo-wordpress\/ -->\n<title>INOVU | SWL10 Noir (AZERTY, Fran\u00e7ais)<\/title>\n<meta name=\"robots\" content=\"index, follow, max-snippet:-1, max-image-preview:large, max-video-preview:-1\" \/>\n<link rel=\"canonical\" href=\"https:\/\/www.inov-u.com\/en\/products\/pc-peripherals\/keyboard\/swl10-noir-azerty-francais\/\" \/>\n<meta property=\"og:locale\" content=\"en_US\" \/>\n<meta property=\"og:type\" content=\"article\" \/>\n<meta property=\"og:title\" content=\"INOVU | SWL10 Noir (AZERTY, Fran\u00e7ais)\" \/>\n<meta property=\"og:description\" content=\"Le clavier INOVU SWL10 Noir sans fil est un clavier destin\u00e9 \u00e0 un usage bureautique et multim\u00e9dia au design ultra slim. Il b\u00e9n\u00e9ficie d&#039;une recharge de ses batteries \u00e0 la lumi\u00e8re solaire ou artificielle pour une plus grande libert\u00e9. Vous n&#039;aurez plus \u00e0 vous pr\u00e9occuper du niveau des piles !\" \/>\n<meta property=\"og:url\" content=\"https:\/\/www.inov-u.com\/en\/products\/pc-peripherals\/keyboard\/swl10-noir-azerty-francais\/\" \/>\n<meta property=\"og:site_name\" content=\"INOVU\" \/>\n<meta property=\"article:modified_time\" content=\"2025-04-29T14:11:52+00:00\" \/>\n<meta property=\"og:image\" content=\"https:\/\/www.inov-u.com\/wp-content\/uploads\/2024\/10\/SWL10_noir_1.png\" \/>\n\t<meta property=\"og:image:width\" content=\"1000\" \/>\n\t<meta property=\"og:image:height\" content=\"1000\" \/>\n\t<meta property=\"og:image:type\" content=\"image\/png\" \/>\n<meta name=\"twitter:card\" content=\"summary_large_image\" \/>\n<meta name=\"twitter:label1\" content=\"Est. reading time\" \/>\n\t<meta name=\"twitter:data1\" content=\"1 minute\" \/>\n<script type=\"application\/ld+json\" class=\"yoast-schema-graph\">{\"@context\":\"https:\\\/\\\/schema.org\",\"@graph\":[{\"@type\":[\"WebPage\",\"ItemPage\"],\"@id\":\"https:\\\/\\\/www.inov-u.com\\\/en\\\/products\\\/pc-peripherals\\\/keyboard\\\/swl10-noir-azerty-francais\\\/\",\"url\":\"https:\\\/\\\/www.inov-u.com\\\/en\\\/products\\\/pc-peripherals\\\/keyboard\\\/swl10-noir-azerty-francais\\\/\",\"name\":\"INOVU | SWL10 Noir (AZERTY, Fran\u00e7ais)\",\"isPartOf\":{\"@id\":\"https:\\\/\\\/www.inov-u.com\\\/en\\\/#website\"},\"primaryImageOfPage\":{\"@id\":\"https:\\\/\\\/www.inov-u.com\\\/en\\\/products\\\/pc-peripherals\\\/keyboard\\\/swl10-noir-azerty-francais\\\/#primaryimage\"},\"image\":{\"@id\":\"https:\\\/\\\/www.inov-u.com\\\/en\\\/products\\\/pc-peripherals\\\/keyboard\\\/swl10-noir-azerty-francais\\\/#primaryimage\"},\"thumbnailUrl\":\"https:\\\/\\\/www.inov-u.com\\\/wp-content\\\/uploads\\\/2024\\\/10\\\/SWL10_noir_1.png\",\"datePublished\":\"2024-10-31T15:11:28+00:00\",\"dateModified\":\"2025-04-29T14:11:52+00:00\",\"breadcrumb\":{\"@id\":\"https:\\\/\\\/www.inov-u.com\\\/en\\\/products\\\/pc-peripherals\\\/keyboard\\\/swl10-noir-azerty-francais\\\/#breadcrumb\"},\"inLanguage\":\"en-US\",\"potentialAction\":[{\"@type\":\"ReadAction\",\"target\":[\"https:\\\/\\\/www.inov-u.com\\\/en\\\/products\\\/pc-peripherals\\\/keyboard\\\/swl10-noir-azerty-francais\\\/\"]}]},{\"@type\":\"ImageObject\",\"inLanguage\":\"en-US\",\"@id\":\"https:\\\/\\\/www.inov-u.com\\\/en\\\/products\\\/pc-peripherals\\\/keyboard\\\/swl10-noir-azerty-francais\\\/#primaryimage\",\"url\":\"https:\\\/\\\/www.inov-u.com\\\/wp-content\\\/uploads\\\/2024\\\/10\\\/SWL10_noir_1.png\",\"contentUrl\":\"https:\\\/\\\/www.inov-u.com\\\/wp-content\\\/uploads\\\/2024\\\/10\\\/SWL10_noir_1.png\",\"width\":1000,\"height\":1000,\"caption\":\"Clavier noir de face\"},{\"@type\":\"BreadcrumbList\",\"@id\":\"https:\\\/\\\/www.inov-u.com\\\/en\\\/products\\\/pc-peripherals\\\/keyboard\\\/swl10-noir-azerty-francais\\\/#breadcrumb\",\"itemListElement\":[{\"@type\":\"ListItem\",\"position\":1,\"name\":\"Home\",\"item\":\"https:\\\/\\\/www.inov-u.com\\\/en\\\/\"},{\"@type\":\"ListItem\",\"position\":2,\"name\":\"Products\",\"item\":\"https:\\\/\\\/www.inov-u.com\\\/nos-univers\\\/\"},{\"@type\":\"ListItem\",\"position\":3,\"name\":\"PC Peripherals\",\"item\":\"https:\\\/\\\/www.inov-u.com\\\/en\\\/nos-univers\\\/pc-peripherals\\\/\"},{\"@type\":\"ListItem\",\"position\":4,\"name\":\"Keyboard\",\"item\":\"https:\\\/\\\/www.inov-u.com\\\/en\\\/nos-univers\\\/pc-peripherals\\\/keyboard\\\/\"},{\"@type\":\"ListItem\",\"position\":5,\"name\":\"SWL10 Noir (AZERTY, Fran\u00e7ais)\"}]},{\"@type\":\"WebSite\",\"@id\":\"https:\\\/\\\/www.inov-u.com\\\/en\\\/#website\",\"url\":\"https:\\\/\\\/www.inov-u.com\\\/en\\\/\",\"name\":\"INOVU\",\"description\":\"L&#039;\u00e9quipement informatique du quotidien\",\"publisher\":{\"@id\":\"https:\\\/\\\/www.inov-u.com\\\/en\\\/#organization\"},\"potentialAction\":[{\"@type\":\"SearchAction\",\"target\":{\"@type\":\"EntryPoint\",\"urlTemplate\":\"https:\\\/\\\/www.inov-u.com\\\/en\\\/?s={search_term_string}\"},\"query-input\":{\"@type\":\"PropertyValueSpecification\",\"valueRequired\":true,\"valueName\":\"search_term_string\"}}],\"inLanguage\":\"en-US\"},{\"@type\":\"Organization\",\"@id\":\"https:\\\/\\\/www.inov-u.com\\\/en\\\/#organization\",\"name\":\"INOVU\",\"url\":\"https:\\\/\\\/www.inov-u.com\\\/en\\\/\",\"logo\":{\"@type\":\"ImageObject\",\"inLanguage\":\"en-US\",\"@id\":\"https:\\\/\\\/www.inov-u.com\\\/en\\\/#\\\/schema\\\/logo\\\/image\\\/\",\"url\":\"https:\\\/\\\/www.inov-u.com\\\/wp-content\\\/uploads\\\/2024\\\/02\\\/inovu_favicon.png\",\"contentUrl\":\"https:\\\/\\\/www.inov-u.com\\\/wp-content\\\/uploads\\\/2024\\\/02\\\/inovu_favicon.png\",\"width\":512,\"height\":512,\"caption\":\"INOVU\"},\"image\":{\"@id\":\"https:\\\/\\\/www.inov-u.com\\\/en\\\/#\\\/schema\\\/logo\\\/image\\\/\"}}]}<\/script>\n<!-- \/ Yoast SEO plugin. -->","yoast_head_json":{"title":"INOVU | SWL10 Noir (AZERTY, Fran\u00e7ais)","robots":{"index":"index","follow":"follow","max-snippet":"max-snippet:-1","max-image-preview":"max-image-preview:large","max-video-preview":"max-video-preview:-1"},"canonical":"https:\/\/www.inov-u.com\/en\/products\/pc-peripherals\/keyboard\/swl10-noir-azerty-francais\/","og_locale":"en_US","og_type":"article","og_title":"INOVU | SWL10 Noir (AZERTY, Fran\u00e7ais)","og_description":"Le clavier INOVU SWL10 Noir sans fil est un clavier destin\u00e9 \u00e0 un usage bureautique et multim\u00e9dia au design ultra slim. Il b\u00e9n\u00e9ficie d'une recharge de ses batteries \u00e0 la lumi\u00e8re solaire ou artificielle pour une plus grande libert\u00e9. Vous n'aurez plus \u00e0 vous pr\u00e9occuper du niveau des piles !","og_url":"https:\/\/www.inov-u.com\/en\/products\/pc-peripherals\/keyboard\/swl10-noir-azerty-francais\/","og_site_name":"INOVU","article_modified_time":"2025-04-29T14:11:52+00:00","og_image":[{"width":1000,"height":1000,"url":"https:\/\/www.inov-u.com\/wp-content\/uploads\/2024\/10\/SWL10_noir_1.png","type":"image\/png"}],"twitter_card":"summary_large_image","twitter_misc":{"Est. reading time":"1 minute"},"schema":{"@context":"https:\/\/schema.org","@graph":[{"@type":["WebPage","ItemPage"],"@id":"https:\/\/www.inov-u.com\/en\/products\/pc-peripherals\/keyboard\/swl10-noir-azerty-francais\/","url":"https:\/\/www.inov-u.com\/en\/products\/pc-peripherals\/keyboard\/swl10-noir-azerty-francais\/","name":"INOVU | SWL10 Noir (AZERTY, Fran\u00e7ais)","isPartOf":{"@id":"https:\/\/www.inov-u.com\/en\/#website"},"primaryImageOfPage":{"@id":"https:\/\/www.inov-u.com\/en\/products\/pc-peripherals\/keyboard\/swl10-noir-azerty-francais\/#primaryimage"},"image":{"@id":"https:\/\/www.inov-u.com\/en\/products\/pc-peripherals\/keyboard\/swl10-noir-azerty-francais\/#primaryimage"},"thumbnailUrl":"https:\/\/www.inov-u.com\/wp-content\/uploads\/2024\/10\/SWL10_noir_1.png","datePublished":"2024-10-31T15:11:28+00:00","dateModified":"2025-04-29T14:11:52+00:00","breadcrumb":{"@id":"https:\/\/www.inov-u.com\/en\/products\/pc-peripherals\/keyboard\/swl10-noir-azerty-francais\/#breadcrumb"},"inLanguage":"en-US","potentialAction":[{"@type":"ReadAction","target":["https:\/\/www.inov-u.com\/en\/products\/pc-peripherals\/keyboard\/swl10-noir-azerty-francais\/"]}]},{"@type":"ImageObject","inLanguage":"en-US","@id":"https:\/\/www.inov-u.com\/en\/products\/pc-peripherals\/keyboard\/swl10-noir-azerty-francais\/#primaryimage","url":"https:\/\/www.inov-u.com\/wp-content\/uploads\/2024\/10\/SWL10_noir_1.png","contentUrl":"https:\/\/www.inov-u.com\/wp-content\/uploads\/2024\/10\/SWL10_noir_1.png","width":1000,"height":1000,"caption":"Clavier noir de face"},{"@type":"BreadcrumbList","@id":"https:\/\/www.inov-u.com\/en\/products\/pc-peripherals\/keyboard\/swl10-noir-azerty-francais\/#breadcrumb","itemListElement":[{"@type":"ListItem","position":1,"name":"Home","item":"https:\/\/www.inov-u.com\/en\/"},{"@type":"ListItem","position":2,"name":"Products","item":"https:\/\/www.inov-u.com\/nos-univers\/"},{"@type":"ListItem","position":3,"name":"PC Peripherals","item":"https:\/\/www.inov-u.com\/en\/nos-univers\/pc-peripherals\/"},{"@type":"ListItem","position":4,"name":"Keyboard","item":"https:\/\/www.inov-u.com\/en\/nos-univers\/pc-peripherals\/keyboard\/"},{"@type":"ListItem","position":5,"name":"SWL10 Noir (AZERTY, Fran\u00e7ais)"}]},{"@type":"WebSite","@id":"https:\/\/www.inov-u.com\/en\/#website","url":"https:\/\/www.inov-u.com\/en\/","name":"INOVU","description":"L&#039;\u00e9quipement informatique du quotidien","publisher":{"@id":"https:\/\/www.inov-u.com\/en\/#organization"},"potentialAction":[{"@type":"SearchAction","target":{"@type":"EntryPoint","urlTemplate":"https:\/\/www.inov-u.com\/en\/?s={search_term_string}"},"query-input":{"@type":"PropertyValueSpecification","valueRequired":true,"valueName":"search_term_string"}}],"inLanguage":"en-US"},{"@type":"Organization","@id":"https:\/\/www.inov-u.com\/en\/#organization","name":"INOVU","url":"https:\/\/www.inov-u.com\/en\/","logo":{"@type":"ImageObject","inLanguage":"en-US","@id":"https:\/\/www.inov-u.com\/en\/#\/schema\/logo\/image\/","url":"https:\/\/www.inov-u.com\/wp-content\/uploads\/2024\/02\/inovu_favicon.png","contentUrl":"https:\/\/www.inov-u.com\/wp-content\/uploads\/2024\/02\/inovu_favicon.png","width":512,"height":512,"caption":"INOVU"},"image":{"@id":"https:\/\/www.inov-u.com\/en\/#\/schema\/logo\/image\/"}}]}},"_links":{"self":[{"href":"https:\/\/www.inov-u.com\/en\/wp-json\/wp\/v2\/product\/5325","targetHints":{"allow":["GET"]}}],"collection":[{"href":"https:\/\/www.inov-u.com\/en\/wp-json\/wp\/v2\/product"}],"about":[{"href":"https:\/\/www.inov-u.com\/en\/wp-json\/wp\/v2\/types\/product"}],"replies":[{"embeddable":true,"href":"https:\/\/www.inov-u.com\/en\/wp-json\/wp\/v2\/comments?post=5325"}],"version-history":[{"count":1,"href":"https:\/\/www.inov-u.com\/en\/wp-json\/wp\/v2\/product\/5325\/revisions"}],"predecessor-version":[{"id":7071,"href":"https:\/\/www.inov-u.com\/en\/wp-json\/wp\/v2\/product\/5325\/revisions\/7071"}],"wp:featuredmedia":[{"embeddable":true,"href":"https:\/\/www.inov-u.com\/en\/wp-json\/wp\/v2\/media\/5326"}],"wp:attachment":[{"href":"https:\/\/www.inov-u.com\/en\/wp-json\/wp\/v2\/media?parent=5325"}],"wp:term":[{"taxonomy":"product_brand","embeddable":true,"href":"https:\/\/www.inov-u.com\/en\/wp-json\/wp\/v2\/product_brand?post=5325"},{"taxonomy":"product_cat","embeddable":true,"href":"https:\/\/www.inov-u.com\/en\/wp-json\/wp\/v2\/product_cat?post=5325"},{"taxonomy":"product_tag","embeddable":true,"href":"https:\/\/www.inov-u.com\/en\/wp-json\/wp\/v2\/product_tag?post=5325"}],"curies":[{"name":"wp","href":"https:\/\/api.w.org\/{rel}","templated":true}]}}