{"id":5344,"date":"2024-10-31T16:49:56","date_gmt":"2024-10-31T15:49:56","guid":{"rendered":"https:\/\/www.inov-u.com\/?post_type=product&#038;p=5344"},"modified":"2025-04-29T10:20:01","modified_gmt":"2025-04-29T08:20:01","slug":"adaptateur-usb-c-vers-hdmi-4k-60-hz","status":"publish","type":"product","link":"https:\/\/www.inov-u.com\/en\/products\/adapters-hubs\/adapters\/adaptateur-usb-c-vers-hdmi-4k-60-hz\/","title":{"rendered":"Adaptateur USB-C vers HDMI 4K @ 60 Hz"},"content":{"rendered":"\t\t<div data-elementor-type=\"container\" data-elementor-id=\"5350\" class=\"elementor elementor-5350\" data-elementor-post-type=\"elementor_library\">\n\t\t\t\t<div class=\"elementor-element elementor-element-7975e6c e-con-full e-flex e-con e-parent\" data-id=\"7975e6c\" data-element_type=\"container\" data-e-type=\"container\">\n\t\t<div class=\"elementor-element elementor-element-8f159db e-con-full e-flex e-con e-child\" data-id=\"8f159db\" data-element_type=\"container\" data-e-type=\"container\">\n\t\t<div class=\"elementor-element elementor-element-be6fc47 e-con-full e-flex e-con e-child\" data-id=\"be6fc47\" data-element_type=\"container\" data-e-type=\"container\">\n\t\t\t\t<div class=\"elementor-element elementor-element-b2d585c elementor-widget elementor-widget-heading\" data-id=\"b2d585c\" data-element_type=\"widget\" data-e-type=\"widget\" data-widget_type=\"heading.default\">\n\t\t\t\t<div class=\"elementor-widget-container\">\n\t\t\t\t\t<h2 class=\"elementor-heading-title elementor-size-default\">B\u00e9n\u00e9ficiez d'un port HDMI 4K depuis un USB-C<\/h2>\t\t\t\t<\/div>\n\t\t\t\t<\/div>\n\t\t\t\t<div class=\"elementor-element elementor-element-2602b25 elementor-widget elementor-widget-text-editor\" data-id=\"2602b25\" data-element_type=\"widget\" data-e-type=\"widget\" data-widget_type=\"text-editor.default\">\n\t\t\t\t<div class=\"elementor-widget-container\">\n\t\t\t\t\t\t\t\t\t<p>L\u2019adaptateur vid\u00e9o USB-C vers HDMI 4K&nbsp;<strong>INOVU INADPH4KC<\/strong>&nbsp;vous permet de diffuser des vid\u00e9os HDMI en ultra haute d\u00e9finition depuis votre appareil pourvu d&#8217;un port USB Type-C. \u00c9largissez en toute simplicit\u00e9 votre poste de travail avec un affichage externe HDMI \u00e0 travers le connecteur USB. Il supporte la transmission de la vid\u00e9o avec la r\u00e9solution 4K 30Hz\/60Hz. Tr\u00e8s simple d&#8217;utilisation, il suffit de le brancher et le tour est jou\u00e9 !<\/p>\t\t\t\t\t\t\t\t<\/div>\n\t\t\t\t<\/div>\n\t\t\t\t<\/div>\n\t\t\t\t<\/div>\n\t\t<div class=\"elementor-element elementor-element-757efc9 e-con-full e-flex e-con e-child\" data-id=\"757efc9\" data-element_type=\"container\" data-e-type=\"container\">\n\t\t<div class=\"elementor-element elementor-element-e18eb3e e-con-full e-flex e-con e-child\" data-id=\"e18eb3e\" data-element_type=\"container\" data-e-type=\"container\">\n\t\t\t\t<div class=\"elementor-element elementor-element-c3d81ff elementor-widget elementor-widget-image\" data-id=\"c3d81ff\" data-element_type=\"widget\" data-e-type=\"widget\" data-widget_type=\"image.default\">\n\t\t\t\t<div class=\"elementor-widget-container\">\n\t\t\t\t\t\t\t\t\t\t\t\t\t\t\t<img fetchpriority=\"high\" decoding=\"async\" width=\"1000\" height=\"1000\" src=\"https:\/\/www.inov-u.com\/wp-content\/uploads\/2024\/10\/INADPH4KC_5.png\" class=\"attachment-full size-full wp-image-8613\" alt=\"\" srcset=\"https:\/\/www.inov-u.com\/wp-content\/uploads\/2024\/10\/INADPH4KC_5.png 1000w, https:\/\/www.inov-u.com\/wp-content\/uploads\/2024\/10\/INADPH4KC_5-300x300.png 300w, https:\/\/www.inov-u.com\/wp-content\/uploads\/2024\/10\/INADPH4KC_5-150x150.png 150w, https:\/\/www.inov-u.com\/wp-content\/uploads\/2024\/10\/INADPH4KC_5-768x768.png 768w, https:\/\/www.inov-u.com\/wp-content\/uploads\/2024\/10\/INADPH4KC_5-700x700.png 700w, https:\/\/www.inov-u.com\/wp-content\/uploads\/2024\/10\/INADPH4KC_5-600x600.png 600w, https:\/\/www.inov-u.com\/wp-content\/uploads\/2024\/10\/INADPH4KC_5-100x100.png 100w\" sizes=\"(max-width: 1000px) 100vw, 1000px\" \/>\t\t\t\t\t\t\t\t\t\t\t\t\t\t\t<\/div>\n\t\t\t\t<\/div>\n\t\t\t\t<\/div>\n\t\t<div class=\"elementor-element elementor-element-e7f55b7 e-con-full e-flex e-con e-child\" data-id=\"e7f55b7\" data-element_type=\"container\" data-e-type=\"container\">\n\t\t\t\t<div class=\"elementor-element elementor-element-d9d7e98 elementor-widget elementor-widget-heading\" data-id=\"d9d7e98\" data-element_type=\"widget\" data-e-type=\"widget\" data-widget_type=\"heading.default\">\n\t\t\t\t<div class=\"elementor-widget-container\">\n\t\t\t\t\t<h2 class=\"elementor-heading-title elementor-size-default\">Caract\u00e9ristiques principales<\/h2>\t\t\t\t<\/div>\n\t\t\t\t<\/div>\n\t\t\t\t<div class=\"elementor-element elementor-element-21ee8a3 elementor-widget elementor-widget-text-editor\" data-id=\"21ee8a3\" data-element_type=\"widget\" data-e-type=\"widget\" data-widget_type=\"text-editor.default\">\n\t\t\t\t<div class=\"elementor-widget-container\">\n\t\t\t\t\t\t\t\t\t<ul><li>Plug &amp; Play<\/li><li>Conception compacte et l\u00e9g\u00e8re qui optimise la portabilit\u00e9<\/li><li>Compatible avec de nombreux appareils tels que MacBook, Samsung, t\u00e9l\u00e9phones portables, notebook et ordinateur portable \u00e9quip\u00e9s d&#8217;un connecteur type C<\/li><li>R\u00e9solution 4K @ 60 Hz<\/li><\/ul>\t\t\t\t\t\t\t\t<\/div>\n\t\t\t\t<\/div>\n\t\t\t\t<\/div>\n\t\t\t\t<\/div>\n\t\t\t\t<\/div>\n\t\t\t\t<\/div>\n\t\t\n","protected":false},"excerpt":{"rendered":"<p>L&#8217;adaptateur vid\u00e9o USB-C vers HDMI 4K INOVU INADPH4KC vous permet de diffuser des vid\u00e9os HDMI en ultra haute d\u00e9finition depuis votre appareil pourvu d&#8217;un port USB Type-C. \u00c9largissez en toute simplicit\u00e9 votre poste de travail avec un affichage externe HDMI \u00e0 travers le connecteur USB.<\/p>\n","protected":false},"featured_media":5346,"comment_status":"open","ping_status":"closed","template":"","meta":{"_acf_changed":false},"product_brand":[],"product_cat":[32],"product_tag":[],"class_list":{"0":"post-5344","1":"product","2":"type-product","3":"status-publish","4":"has-post-thumbnail","6":"product_cat-adaptateur","8":"first","9":"instock","10":"shipping-taxable","11":"product-type-simple"},"acf":[],"yoast_head":"<!-- This site is optimized with the Yoast SEO plugin v27.4 - https:\/\/yoast.com\/product\/yoast-seo-wordpress\/ -->\n<title>INOVU | Adaptateur USB-C vers HDMI 4K @ 60 Hz<\/title>\n<meta name=\"robots\" content=\"index, follow, max-snippet:-1, max-image-preview:large, max-video-preview:-1\" \/>\n<link rel=\"canonical\" href=\"https:\/\/www.inov-u.com\/en\/products\/adapters-hubs\/adapters\/adaptateur-usb-c-vers-hdmi-4k-60-hz\/\" \/>\n<meta property=\"og:locale\" content=\"en_US\" \/>\n<meta property=\"og:type\" content=\"article\" \/>\n<meta property=\"og:title\" content=\"INOVU | Adaptateur USB-C vers HDMI 4K @ 60 Hz\" \/>\n<meta property=\"og:description\" content=\"L&#039;adaptateur vid\u00e9o USB-C vers HDMI 4K INOVU INADPH4KC vous permet de diffuser des vid\u00e9os HDMI en ultra haute d\u00e9finition depuis votre appareil pourvu d&#039;un port USB Type-C. \u00c9largissez en toute simplicit\u00e9 votre poste de travail avec un affichage externe HDMI \u00e0 travers le connecteur USB.\" \/>\n<meta property=\"og:url\" content=\"https:\/\/www.inov-u.com\/en\/products\/adapters-hubs\/adapters\/adaptateur-usb-c-vers-hdmi-4k-60-hz\/\" \/>\n<meta property=\"og:site_name\" content=\"INOVU\" \/>\n<meta property=\"article:modified_time\" content=\"2025-04-29T08:20:01+00:00\" \/>\n<meta property=\"og:image\" content=\"https:\/\/www.inov-u.com\/wp-content\/uploads\/2024\/10\/INADPH4KC_2.png\" \/>\n\t<meta property=\"og:image:width\" content=\"1000\" \/>\n\t<meta property=\"og:image:height\" content=\"1000\" \/>\n\t<meta property=\"og:image:type\" content=\"image\/png\" \/>\n<meta name=\"twitter:card\" content=\"summary_large_image\" \/>\n<meta name=\"twitter:label1\" content=\"Est. reading time\" \/>\n\t<meta name=\"twitter:data1\" content=\"1 minute\" \/>\n<script type=\"application\/ld+json\" class=\"yoast-schema-graph\">{\"@context\":\"https:\\\/\\\/schema.org\",\"@graph\":[{\"@type\":[\"WebPage\",\"ItemPage\"],\"@id\":\"https:\\\/\\\/www.inov-u.com\\\/en\\\/products\\\/adapters-hubs\\\/adapters\\\/adaptateur-usb-c-vers-hdmi-4k-60-hz\\\/\",\"url\":\"https:\\\/\\\/www.inov-u.com\\\/en\\\/products\\\/adapters-hubs\\\/adapters\\\/adaptateur-usb-c-vers-hdmi-4k-60-hz\\\/\",\"name\":\"INOVU | Adaptateur USB-C vers HDMI 4K @ 60 Hz\",\"isPartOf\":{\"@id\":\"https:\\\/\\\/www.inov-u.com\\\/en\\\/#website\"},\"primaryImageOfPage\":{\"@id\":\"https:\\\/\\\/www.inov-u.com\\\/en\\\/products\\\/adapters-hubs\\\/adapters\\\/adaptateur-usb-c-vers-hdmi-4k-60-hz\\\/#primaryimage\"},\"image\":{\"@id\":\"https:\\\/\\\/www.inov-u.com\\\/en\\\/products\\\/adapters-hubs\\\/adapters\\\/adaptateur-usb-c-vers-hdmi-4k-60-hz\\\/#primaryimage\"},\"thumbnailUrl\":\"https:\\\/\\\/www.inov-u.com\\\/wp-content\\\/uploads\\\/2024\\\/10\\\/INADPH4KC_2.png\",\"datePublished\":\"2024-10-31T15:49:56+00:00\",\"dateModified\":\"2025-04-29T08:20:01+00:00\",\"breadcrumb\":{\"@id\":\"https:\\\/\\\/www.inov-u.com\\\/en\\\/products\\\/adapters-hubs\\\/adapters\\\/adaptateur-usb-c-vers-hdmi-4k-60-hz\\\/#breadcrumb\"},\"inLanguage\":\"en-US\",\"potentialAction\":[{\"@type\":\"ReadAction\",\"target\":[\"https:\\\/\\\/www.inov-u.com\\\/en\\\/products\\\/adapters-hubs\\\/adapters\\\/adaptateur-usb-c-vers-hdmi-4k-60-hz\\\/\"]}]},{\"@type\":\"ImageObject\",\"inLanguage\":\"en-US\",\"@id\":\"https:\\\/\\\/www.inov-u.com\\\/en\\\/products\\\/adapters-hubs\\\/adapters\\\/adaptateur-usb-c-vers-hdmi-4k-60-hz\\\/#primaryimage\",\"url\":\"https:\\\/\\\/www.inov-u.com\\\/wp-content\\\/uploads\\\/2024\\\/10\\\/INADPH4KC_2.png\",\"contentUrl\":\"https:\\\/\\\/www.inov-u.com\\\/wp-content\\\/uploads\\\/2024\\\/10\\\/INADPH4KC_2.png\",\"width\":1000,\"height\":1000,\"caption\":\"Adaptateur usb c noir sur fond blanc\"},{\"@type\":\"BreadcrumbList\",\"@id\":\"https:\\\/\\\/www.inov-u.com\\\/en\\\/products\\\/adapters-hubs\\\/adapters\\\/adaptateur-usb-c-vers-hdmi-4k-60-hz\\\/#breadcrumb\",\"itemListElement\":[{\"@type\":\"ListItem\",\"position\":1,\"name\":\"Home\",\"item\":\"https:\\\/\\\/www.inov-u.com\\\/en\\\/\"},{\"@type\":\"ListItem\",\"position\":2,\"name\":\"Products\",\"item\":\"https:\\\/\\\/www.inov-u.com\\\/nos-univers\\\/\"},{\"@type\":\"ListItem\",\"position\":3,\"name\":\"Adapters &amp; Hubs\",\"item\":\"https:\\\/\\\/www.inov-u.com\\\/en\\\/nos-univers\\\/adapters-hubs\\\/\"},{\"@type\":\"ListItem\",\"position\":4,\"name\":\"Adapters\",\"item\":\"https:\\\/\\\/www.inov-u.com\\\/en\\\/nos-univers\\\/adapters-hubs\\\/adapters\\\/\"},{\"@type\":\"ListItem\",\"position\":5,\"name\":\"Adaptateur USB-C vers HDMI 4K @ 60 Hz\"}]},{\"@type\":\"WebSite\",\"@id\":\"https:\\\/\\\/www.inov-u.com\\\/en\\\/#website\",\"url\":\"https:\\\/\\\/www.inov-u.com\\\/en\\\/\",\"name\":\"INOVU\",\"description\":\"L&#039;\u00e9quipement informatique du quotidien\",\"publisher\":{\"@id\":\"https:\\\/\\\/www.inov-u.com\\\/en\\\/#organization\"},\"potentialAction\":[{\"@type\":\"SearchAction\",\"target\":{\"@type\":\"EntryPoint\",\"urlTemplate\":\"https:\\\/\\\/www.inov-u.com\\\/en\\\/?s={search_term_string}\"},\"query-input\":{\"@type\":\"PropertyValueSpecification\",\"valueRequired\":true,\"valueName\":\"search_term_string\"}}],\"inLanguage\":\"en-US\"},{\"@type\":\"Organization\",\"@id\":\"https:\\\/\\\/www.inov-u.com\\\/en\\\/#organization\",\"name\":\"INOVU\",\"url\":\"https:\\\/\\\/www.inov-u.com\\\/en\\\/\",\"logo\":{\"@type\":\"ImageObject\",\"inLanguage\":\"en-US\",\"@id\":\"https:\\\/\\\/www.inov-u.com\\\/en\\\/#\\\/schema\\\/logo\\\/image\\\/\",\"url\":\"https:\\\/\\\/www.inov-u.com\\\/wp-content\\\/uploads\\\/2024\\\/02\\\/inovu_favicon.png\",\"contentUrl\":\"https:\\\/\\\/www.inov-u.com\\\/wp-content\\\/uploads\\\/2024\\\/02\\\/inovu_favicon.png\",\"width\":512,\"height\":512,\"caption\":\"INOVU\"},\"image\":{\"@id\":\"https:\\\/\\\/www.inov-u.com\\\/en\\\/#\\\/schema\\\/logo\\\/image\\\/\"}}]}<\/script>\n<!-- \/ Yoast SEO plugin. -->","yoast_head_json":{"title":"INOVU | Adaptateur USB-C vers HDMI 4K @ 60 Hz","robots":{"index":"index","follow":"follow","max-snippet":"max-snippet:-1","max-image-preview":"max-image-preview:large","max-video-preview":"max-video-preview:-1"},"canonical":"https:\/\/www.inov-u.com\/en\/products\/adapters-hubs\/adapters\/adaptateur-usb-c-vers-hdmi-4k-60-hz\/","og_locale":"en_US","og_type":"article","og_title":"INOVU | Adaptateur USB-C vers HDMI 4K @ 60 Hz","og_description":"L'adaptateur vid\u00e9o USB-C vers HDMI 4K INOVU INADPH4KC vous permet de diffuser des vid\u00e9os HDMI en ultra haute d\u00e9finition depuis votre appareil pourvu d'un port USB Type-C. \u00c9largissez en toute simplicit\u00e9 votre poste de travail avec un affichage externe HDMI \u00e0 travers le connecteur USB.","og_url":"https:\/\/www.inov-u.com\/en\/products\/adapters-hubs\/adapters\/adaptateur-usb-c-vers-hdmi-4k-60-hz\/","og_site_name":"INOVU","article_modified_time":"2025-04-29T08:20:01+00:00","og_image":[{"width":1000,"height":1000,"url":"https:\/\/www.inov-u.com\/wp-content\/uploads\/2024\/10\/INADPH4KC_2.png","type":"image\/png"}],"twitter_card":"summary_large_image","twitter_misc":{"Est. reading time":"1 minute"},"schema":{"@context":"https:\/\/schema.org","@graph":[{"@type":["WebPage","ItemPage"],"@id":"https:\/\/www.inov-u.com\/en\/products\/adapters-hubs\/adapters\/adaptateur-usb-c-vers-hdmi-4k-60-hz\/","url":"https:\/\/www.inov-u.com\/en\/products\/adapters-hubs\/adapters\/adaptateur-usb-c-vers-hdmi-4k-60-hz\/","name":"INOVU | Adaptateur USB-C vers HDMI 4K @ 60 Hz","isPartOf":{"@id":"https:\/\/www.inov-u.com\/en\/#website"},"primaryImageOfPage":{"@id":"https:\/\/www.inov-u.com\/en\/products\/adapters-hubs\/adapters\/adaptateur-usb-c-vers-hdmi-4k-60-hz\/#primaryimage"},"image":{"@id":"https:\/\/www.inov-u.com\/en\/products\/adapters-hubs\/adapters\/adaptateur-usb-c-vers-hdmi-4k-60-hz\/#primaryimage"},"thumbnailUrl":"https:\/\/www.inov-u.com\/wp-content\/uploads\/2024\/10\/INADPH4KC_2.png","datePublished":"2024-10-31T15:49:56+00:00","dateModified":"2025-04-29T08:20:01+00:00","breadcrumb":{"@id":"https:\/\/www.inov-u.com\/en\/products\/adapters-hubs\/adapters\/adaptateur-usb-c-vers-hdmi-4k-60-hz\/#breadcrumb"},"inLanguage":"en-US","potentialAction":[{"@type":"ReadAction","target":["https:\/\/www.inov-u.com\/en\/products\/adapters-hubs\/adapters\/adaptateur-usb-c-vers-hdmi-4k-60-hz\/"]}]},{"@type":"ImageObject","inLanguage":"en-US","@id":"https:\/\/www.inov-u.com\/en\/products\/adapters-hubs\/adapters\/adaptateur-usb-c-vers-hdmi-4k-60-hz\/#primaryimage","url":"https:\/\/www.inov-u.com\/wp-content\/uploads\/2024\/10\/INADPH4KC_2.png","contentUrl":"https:\/\/www.inov-u.com\/wp-content\/uploads\/2024\/10\/INADPH4KC_2.png","width":1000,"height":1000,"caption":"Adaptateur usb c noir sur fond blanc"},{"@type":"BreadcrumbList","@id":"https:\/\/www.inov-u.com\/en\/products\/adapters-hubs\/adapters\/adaptateur-usb-c-vers-hdmi-4k-60-hz\/#breadcrumb","itemListElement":[{"@type":"ListItem","position":1,"name":"Home","item":"https:\/\/www.inov-u.com\/en\/"},{"@type":"ListItem","position":2,"name":"Products","item":"https:\/\/www.inov-u.com\/nos-univers\/"},{"@type":"ListItem","position":3,"name":"Adapters &amp; Hubs","item":"https:\/\/www.inov-u.com\/en\/nos-univers\/adapters-hubs\/"},{"@type":"ListItem","position":4,"name":"Adapters","item":"https:\/\/www.inov-u.com\/en\/nos-univers\/adapters-hubs\/adapters\/"},{"@type":"ListItem","position":5,"name":"Adaptateur USB-C vers HDMI 4K @ 60 Hz"}]},{"@type":"WebSite","@id":"https:\/\/www.inov-u.com\/en\/#website","url":"https:\/\/www.inov-u.com\/en\/","name":"INOVU","description":"L&#039;\u00e9quipement informatique du quotidien","publisher":{"@id":"https:\/\/www.inov-u.com\/en\/#organization"},"potentialAction":[{"@type":"SearchAction","target":{"@type":"EntryPoint","urlTemplate":"https:\/\/www.inov-u.com\/en\/?s={search_term_string}"},"query-input":{"@type":"PropertyValueSpecification","valueRequired":true,"valueName":"search_term_string"}}],"inLanguage":"en-US"},{"@type":"Organization","@id":"https:\/\/www.inov-u.com\/en\/#organization","name":"INOVU","url":"https:\/\/www.inov-u.com\/en\/","logo":{"@type":"ImageObject","inLanguage":"en-US","@id":"https:\/\/www.inov-u.com\/en\/#\/schema\/logo\/image\/","url":"https:\/\/www.inov-u.com\/wp-content\/uploads\/2024\/02\/inovu_favicon.png","contentUrl":"https:\/\/www.inov-u.com\/wp-content\/uploads\/2024\/02\/inovu_favicon.png","width":512,"height":512,"caption":"INOVU"},"image":{"@id":"https:\/\/www.inov-u.com\/en\/#\/schema\/logo\/image\/"}}]}},"_links":{"self":[{"href":"https:\/\/www.inov-u.com\/en\/wp-json\/wp\/v2\/product\/5344","targetHints":{"allow":["GET"]}}],"collection":[{"href":"https:\/\/www.inov-u.com\/en\/wp-json\/wp\/v2\/product"}],"about":[{"href":"https:\/\/www.inov-u.com\/en\/wp-json\/wp\/v2\/types\/product"}],"replies":[{"embeddable":true,"href":"https:\/\/www.inov-u.com\/en\/wp-json\/wp\/v2\/comments?post=5344"}],"version-history":[{"count":1,"href":"https:\/\/www.inov-u.com\/en\/wp-json\/wp\/v2\/product\/5344\/revisions"}],"predecessor-version":[{"id":10008,"href":"https:\/\/www.inov-u.com\/en\/wp-json\/wp\/v2\/product\/5344\/revisions\/10008"}],"wp:featuredmedia":[{"embeddable":true,"href":"https:\/\/www.inov-u.com\/en\/wp-json\/wp\/v2\/media\/5346"}],"wp:attachment":[{"href":"https:\/\/www.inov-u.com\/en\/wp-json\/wp\/v2\/media?parent=5344"}],"wp:term":[{"taxonomy":"product_brand","embeddable":true,"href":"https:\/\/www.inov-u.com\/en\/wp-json\/wp\/v2\/product_brand?post=5344"},{"taxonomy":"product_cat","embeddable":true,"href":"https:\/\/www.inov-u.com\/en\/wp-json\/wp\/v2\/product_cat?post=5344"},{"taxonomy":"product_tag","embeddable":true,"href":"https:\/\/www.inov-u.com\/en\/wp-json\/wp\/v2\/product_tag?post=5344"}],"curies":[{"name":"wp","href":"https:\/\/api.w.org\/{rel}","templated":true}]}}