{"id":5407,"date":"2024-11-04T09:58:18","date_gmt":"2024-11-04T08:58:18","guid":{"rendered":"https:\/\/www.inov-u.com\/?post_type=product&#038;p=5407"},"modified":"2025-04-29T11:09:58","modified_gmt":"2025-04-29T09:09:58","slug":"pes220","status":"publish","type":"product","link":"https:\/\/www.inov-u.com\/en\/products\/projection-screen\/wall-mounted-screen\/pes220\/","title":{"rendered":"PES220"},"content":{"rendered":"\t\t<div data-elementor-type=\"container\" data-elementor-id=\"5408\" class=\"elementor elementor-5408\" data-elementor-post-type=\"elementor_library\">\n\t\t\t\t<div class=\"elementor-element elementor-element-7975e6c e-con-full e-flex e-con e-parent\" data-id=\"7975e6c\" data-element_type=\"container\" data-e-type=\"container\">\n\t\t<div class=\"elementor-element elementor-element-8f159db e-con-full e-flex e-con e-child\" data-id=\"8f159db\" data-element_type=\"container\" data-e-type=\"container\">\n\t\t<div class=\"elementor-element elementor-element-be6fc47 e-con-full e-flex e-con e-child\" data-id=\"be6fc47\" data-element_type=\"container\" data-e-type=\"container\">\n\t\t\t\t<div class=\"elementor-element elementor-element-b2d585c elementor-widget elementor-widget-heading\" data-id=\"b2d585c\" data-element_type=\"widget\" data-e-type=\"widget\" data-widget_type=\"heading.default\">\n\t\t\t\t<div class=\"elementor-widget-container\">\n\t\t\t\t\t<h2 class=\"elementor-heading-title elementor-size-default\">Ecran motoris\u00e9 - Format 1:1 - 220 x 220 cm<\/h2>\t\t\t\t<\/div>\n\t\t\t\t<\/div>\n\t\t\t\t<div class=\"elementor-element elementor-element-2602b25 elementor-widget elementor-widget-text-editor\" data-id=\"2602b25\" data-element_type=\"widget\" data-e-type=\"widget\" data-widget_type=\"text-editor.default\">\n\t\t\t\t<div class=\"elementor-widget-container\">\n\t\t\t\t\t\t\t\t\t<p>Profitez au maximum des images de votre vid\u00e9oprojecteur, avec cet \u00e9cran motoris\u00e9 silencieux au format\u00a0carr\u00e9\u00a0<strong>INOVU PES220<\/strong>. Pratique et confortable, il est dot\u00e9 d&#8217;une t\u00e9l\u00e9commande sans fil, pour \u00eatre enroul\u00e9 et d\u00e9roul\u00e9 sans effort. Transformez votre espace en une exp\u00e9rience visuelle immersive avec un \u00e9cran de projection polyvalent. Que vous soyez un cin\u00e9phile passionn\u00e9, un joueur inv\u00e9t\u00e9r\u00e9, un professionnel en qu\u00eate de performances de pr\u00e9sentation optimales, cet \u00e9cran r\u00e9pondra \u00e0 tous vos besoins.<br \/><br \/>Sa surface blanc mat\u00a0offre une diffusion uniforme de la lumi\u00e8re, garantissant des images nettes et claires. De plus, sa compatibilit\u00e9 avec une large gamme de technologies de projection en fait un choix pratique et flexible. Joueurs ou cin\u00e9philes, l&#8217;\u00e9cran de projection INOVU offre une surface lisse et sans d\u00e9faut, garantissant une restitution pr\u00e9cise des couleurs et une nettet\u00e9 exceptionnelle. Plongez-vous dans l&#8217;action et profitez d&#8217;une exp\u00e9rience captivante gr\u00e2ce \u00e0 son format large et \u00e0 ses angles de vision optimaux. Pour les professionnels, cet \u00e9cran de projection est un outil essentiel pour des r\u00e9unions et des pr\u00e9sentations r\u00e9ussies. Sa surface mate r\u00e9duit les reflets g\u00eanants et assure une visibilit\u00e9 claire, m\u00eame dans des environnements lumineux. Pr\u00e9sentez vos graphiques, tableaux et vid\u00e9os avec une qualit\u00e9 exceptionnelle, captivant votre auditoire et faisant bonne impression lors de vos r\u00e9unions d&#8217;affaires. Avec un rapport qualit\u00e9 prix imbattable, la marque INOVU propose des produits pratiques, fiables et \u00e0 des prix attractifs pour am\u00e9nager votre environnement de bureau de fa\u00e7on confortable.<\/p>\t\t\t\t\t\t\t\t<\/div>\n\t\t\t\t<\/div>\n\t\t\t\t<\/div>\n\t\t\t\t<\/div>\n\t\t<div class=\"elementor-element elementor-element-757efc9 e-con-full e-flex e-con e-child\" data-id=\"757efc9\" data-element_type=\"container\" data-e-type=\"container\">\n\t\t<div class=\"elementor-element elementor-element-e18eb3e e-con-full e-flex e-con e-child\" data-id=\"e18eb3e\" data-element_type=\"container\" data-e-type=\"container\">\n\t\t\t\t<div class=\"elementor-element elementor-element-c3d81ff elementor-widget elementor-widget-image\" data-id=\"c3d81ff\" data-element_type=\"widget\" data-e-type=\"widget\" data-widget_type=\"image.default\">\n\t\t\t\t<div class=\"elementor-widget-container\">\n\t\t\t\t\t\t\t\t\t\t\t\t\t\t\t<img fetchpriority=\"high\" decoding=\"async\" width=\"1000\" height=\"1000\" src=\"https:\/\/www.inov-u.com\/wp-content\/uploads\/2024\/11\/PEx_2.png\" class=\"attachment-full size-full wp-image-8623\" alt=\"\" srcset=\"https:\/\/www.inov-u.com\/wp-content\/uploads\/2024\/11\/PEx_2.png.webp 1000w, https:\/\/www.inov-u.com\/wp-content\/uploads\/2024\/11\/PEx_2-300x300.png.webp 300w, https:\/\/www.inov-u.com\/wp-content\/uploads\/2024\/11\/PEx_2-150x150.png.webp 150w, https:\/\/www.inov-u.com\/wp-content\/uploads\/2024\/11\/PEx_2-768x768.png.webp 768w, https:\/\/www.inov-u.com\/wp-content\/uploads\/2024\/11\/PEx_2-700x700.png.webp 700w, https:\/\/www.inov-u.com\/wp-content\/uploads\/2024\/11\/PEx_2-600x600.png.webp 600w, https:\/\/www.inov-u.com\/wp-content\/uploads\/2024\/11\/PEx_2-100x100.png.webp 100w\" sizes=\"(max-width: 1000px) 100vw, 1000px\" \/>\t\t\t\t\t\t\t\t\t\t\t\t\t\t\t<\/div>\n\t\t\t\t<\/div>\n\t\t\t\t<\/div>\n\t\t<div class=\"elementor-element elementor-element-e7f55b7 e-con-full e-flex e-con e-child\" data-id=\"e7f55b7\" data-element_type=\"container\" data-e-type=\"container\">\n\t\t\t\t<div class=\"elementor-element elementor-element-d9d7e98 elementor-widget elementor-widget-heading\" data-id=\"d9d7e98\" data-element_type=\"widget\" data-e-type=\"widget\" data-widget_type=\"heading.default\">\n\t\t\t\t<div class=\"elementor-widget-container\">\n\t\t\t\t\t<h2 class=\"elementor-heading-title elementor-size-default\">Caract\u00e9ristiques principales<\/h2>\t\t\t\t<\/div>\n\t\t\t\t<\/div>\n\t\t\t\t<div class=\"elementor-element elementor-element-21ee8a3 elementor-widget elementor-widget-text-editor\" data-id=\"21ee8a3\" data-element_type=\"widget\" data-e-type=\"widget\" data-widget_type=\"text-editor.default\">\n\t\t\t\t<div class=\"elementor-widget-container\">\n\t\t\t\t\t\t\t\t\t<ul><li><strong>Moteur silencieux,<\/strong>\u00a0garanti 1 an<\/li><li><strong>T\u00e9l\u00e9commande moteur\u00a0sans fil<\/strong><\/li><li>Gain : 1.0 \/ Angles de vision : 160\u00b0<\/li><li>Dimensions \u00e9cran : 220 x\u00a0220 cm<\/li><li>Diagonale :\u00a0311\u00a0cm<\/li><li>Dimensions du carter : 235 x\u00a09 x\u00a09\u00a0cm<\/li><\/ul>\t\t\t\t\t\t\t\t<\/div>\n\t\t\t\t<\/div>\n\t\t\t\t<\/div>\n\t\t\t\t<\/div>\n\t\t\t\t<\/div>\n\t\t\t\t<\/div>\n\t\t\n","protected":false},"excerpt":{"rendered":"<p>Profitez au maximum des images de votre vid\u00e9oprojecteur, avec cet \u00e9cran motoris\u00e9 silencieux au format\u00a0carr\u00e9 INOVU PES220. Pratique et confortable, il est dot\u00e9 d&#8217;une t\u00e9l\u00e9commande sans fil, pour \u00eatre enroul\u00e9 et d\u00e9roul\u00e9 sans effort.<\/p>\n","protected":false},"featured_media":5395,"comment_status":"open","ping_status":"closed","template":"","meta":{"_acf_changed":false},"product_brand":[],"product_cat":[83],"product_tag":[],"class_list":{"0":"post-5407","1":"product","2":"type-product","3":"status-publish","4":"has-post-thumbnail","6":"product_cat-ecran-mural","8":"first","9":"instock","10":"shipping-taxable","11":"product-type-simple"},"acf":[],"yoast_head":"<!-- This site is optimized with the Yoast SEO plugin v27.4 - https:\/\/yoast.com\/product\/yoast-seo-wordpress\/ -->\n<title>INOVU | PES220<\/title>\n<meta name=\"robots\" content=\"index, follow, max-snippet:-1, max-image-preview:large, max-video-preview:-1\" \/>\n<link rel=\"canonical\" href=\"https:\/\/www.inov-u.com\/en\/products\/projection-screen\/wall-mounted-screen\/pes220\/\" \/>\n<meta property=\"og:locale\" content=\"en_US\" \/>\n<meta property=\"og:type\" content=\"article\" \/>\n<meta property=\"og:title\" content=\"INOVU | PES220\" \/>\n<meta property=\"og:description\" content=\"Profitez au maximum des images de votre vid\u00e9oprojecteur, avec cet \u00e9cran motoris\u00e9 silencieux au format\u00a0carr\u00e9 INOVU PES220. Pratique et confortable, il est dot\u00e9 d&#039;une t\u00e9l\u00e9commande sans fil, pour \u00eatre enroul\u00e9 et d\u00e9roul\u00e9 sans effort.\" \/>\n<meta property=\"og:url\" content=\"https:\/\/www.inov-u.com\/en\/products\/projection-screen\/wall-mounted-screen\/pes220\/\" \/>\n<meta property=\"og:site_name\" content=\"INOVU\" \/>\n<meta property=\"article:modified_time\" content=\"2025-04-29T09:09:58+00:00\" \/>\n<meta property=\"og:image\" content=\"https:\/\/www.inov-u.com\/wp-content\/uploads\/2024\/11\/PEx_2.png\" \/>\n\t<meta property=\"og:image:width\" content=\"1000\" \/>\n\t<meta property=\"og:image:height\" content=\"1000\" \/>\n\t<meta property=\"og:image:type\" content=\"image\/png\" \/>\n<meta name=\"twitter:card\" content=\"summary_large_image\" \/>\n<meta name=\"twitter:label1\" content=\"Est. reading time\" \/>\n\t<meta name=\"twitter:data1\" content=\"1 minute\" \/>\n<script type=\"application\/ld+json\" class=\"yoast-schema-graph\">{\"@context\":\"https:\\\/\\\/schema.org\",\"@graph\":[{\"@type\":[\"WebPage\",\"ItemPage\"],\"@id\":\"https:\\\/\\\/www.inov-u.com\\\/en\\\/products\\\/projection-screen\\\/wall-mounted-screen\\\/pes220\\\/\",\"url\":\"https:\\\/\\\/www.inov-u.com\\\/en\\\/products\\\/projection-screen\\\/wall-mounted-screen\\\/pes220\\\/\",\"name\":\"INOVU | PES220\",\"isPartOf\":{\"@id\":\"https:\\\/\\\/www.inov-u.com\\\/en\\\/#website\"},\"primaryImageOfPage\":{\"@id\":\"https:\\\/\\\/www.inov-u.com\\\/en\\\/products\\\/projection-screen\\\/wall-mounted-screen\\\/pes220\\\/#primaryimage\"},\"image\":{\"@id\":\"https:\\\/\\\/www.inov-u.com\\\/en\\\/products\\\/projection-screen\\\/wall-mounted-screen\\\/pes220\\\/#primaryimage\"},\"thumbnailUrl\":\"https:\\\/\\\/www.inov-u.com\\\/wp-content\\\/uploads\\\/2024\\\/11\\\/PEx_2.png\",\"datePublished\":\"2024-11-04T08:58:18+00:00\",\"dateModified\":\"2025-04-29T09:09:58+00:00\",\"breadcrumb\":{\"@id\":\"https:\\\/\\\/www.inov-u.com\\\/en\\\/products\\\/projection-screen\\\/wall-mounted-screen\\\/pes220\\\/#breadcrumb\"},\"inLanguage\":\"en-US\",\"potentialAction\":[{\"@type\":\"ReadAction\",\"target\":[\"https:\\\/\\\/www.inov-u.com\\\/en\\\/products\\\/projection-screen\\\/wall-mounted-screen\\\/pes220\\\/\"]}]},{\"@type\":\"ImageObject\",\"inLanguage\":\"en-US\",\"@id\":\"https:\\\/\\\/www.inov-u.com\\\/en\\\/products\\\/projection-screen\\\/wall-mounted-screen\\\/pes220\\\/#primaryimage\",\"url\":\"https:\\\/\\\/www.inov-u.com\\\/wp-content\\\/uploads\\\/2024\\\/11\\\/PEx_2.png\",\"contentUrl\":\"https:\\\/\\\/www.inov-u.com\\\/wp-content\\\/uploads\\\/2024\\\/11\\\/PEx_2.png\",\"width\":1000,\"height\":1000,\"caption\":\"\u00c9cran mural motoris\u00e9 pour vid\u00e9o projecteur\"},{\"@type\":\"BreadcrumbList\",\"@id\":\"https:\\\/\\\/www.inov-u.com\\\/en\\\/products\\\/projection-screen\\\/wall-mounted-screen\\\/pes220\\\/#breadcrumb\",\"itemListElement\":[{\"@type\":\"ListItem\",\"position\":1,\"name\":\"Home\",\"item\":\"https:\\\/\\\/www.inov-u.com\\\/en\\\/\"},{\"@type\":\"ListItem\",\"position\":2,\"name\":\"Products\",\"item\":\"https:\\\/\\\/www.inov-u.com\\\/nos-univers\\\/\"},{\"@type\":\"ListItem\",\"position\":3,\"name\":\"Projection Screen\",\"item\":\"https:\\\/\\\/www.inov-u.com\\\/en\\\/nos-univers\\\/projection-screen\\\/\"},{\"@type\":\"ListItem\",\"position\":4,\"name\":\"Wall-Mounted Screen\",\"item\":\"https:\\\/\\\/www.inov-u.com\\\/en\\\/nos-univers\\\/projection-screen\\\/wall-mounted-screen\\\/\"},{\"@type\":\"ListItem\",\"position\":5,\"name\":\"PES220\"}]},{\"@type\":\"WebSite\",\"@id\":\"https:\\\/\\\/www.inov-u.com\\\/en\\\/#website\",\"url\":\"https:\\\/\\\/www.inov-u.com\\\/en\\\/\",\"name\":\"INOVU\",\"description\":\"L&#039;\u00e9quipement informatique du quotidien\",\"publisher\":{\"@id\":\"https:\\\/\\\/www.inov-u.com\\\/en\\\/#organization\"},\"potentialAction\":[{\"@type\":\"SearchAction\",\"target\":{\"@type\":\"EntryPoint\",\"urlTemplate\":\"https:\\\/\\\/www.inov-u.com\\\/en\\\/?s={search_term_string}\"},\"query-input\":{\"@type\":\"PropertyValueSpecification\",\"valueRequired\":true,\"valueName\":\"search_term_string\"}}],\"inLanguage\":\"en-US\"},{\"@type\":\"Organization\",\"@id\":\"https:\\\/\\\/www.inov-u.com\\\/en\\\/#organization\",\"name\":\"INOVU\",\"url\":\"https:\\\/\\\/www.inov-u.com\\\/en\\\/\",\"logo\":{\"@type\":\"ImageObject\",\"inLanguage\":\"en-US\",\"@id\":\"https:\\\/\\\/www.inov-u.com\\\/en\\\/#\\\/schema\\\/logo\\\/image\\\/\",\"url\":\"https:\\\/\\\/www.inov-u.com\\\/wp-content\\\/uploads\\\/2024\\\/02\\\/inovu_favicon.png\",\"contentUrl\":\"https:\\\/\\\/www.inov-u.com\\\/wp-content\\\/uploads\\\/2024\\\/02\\\/inovu_favicon.png\",\"width\":512,\"height\":512,\"caption\":\"INOVU\"},\"image\":{\"@id\":\"https:\\\/\\\/www.inov-u.com\\\/en\\\/#\\\/schema\\\/logo\\\/image\\\/\"}}]}<\/script>\n<!-- \/ Yoast SEO plugin. -->","yoast_head_json":{"title":"INOVU | PES220","robots":{"index":"index","follow":"follow","max-snippet":"max-snippet:-1","max-image-preview":"max-image-preview:large","max-video-preview":"max-video-preview:-1"},"canonical":"https:\/\/www.inov-u.com\/en\/products\/projection-screen\/wall-mounted-screen\/pes220\/","og_locale":"en_US","og_type":"article","og_title":"INOVU | PES220","og_description":"Profitez au maximum des images de votre vid\u00e9oprojecteur, avec cet \u00e9cran motoris\u00e9 silencieux au format\u00a0carr\u00e9 INOVU PES220. Pratique et confortable, il est dot\u00e9 d'une t\u00e9l\u00e9commande sans fil, pour \u00eatre enroul\u00e9 et d\u00e9roul\u00e9 sans effort.","og_url":"https:\/\/www.inov-u.com\/en\/products\/projection-screen\/wall-mounted-screen\/pes220\/","og_site_name":"INOVU","article_modified_time":"2025-04-29T09:09:58+00:00","og_image":[{"width":1000,"height":1000,"url":"https:\/\/www.inov-u.com\/wp-content\/uploads\/2024\/11\/PEx_2.png","type":"image\/png"}],"twitter_card":"summary_large_image","twitter_misc":{"Est. reading time":"1 minute"},"schema":{"@context":"https:\/\/schema.org","@graph":[{"@type":["WebPage","ItemPage"],"@id":"https:\/\/www.inov-u.com\/en\/products\/projection-screen\/wall-mounted-screen\/pes220\/","url":"https:\/\/www.inov-u.com\/en\/products\/projection-screen\/wall-mounted-screen\/pes220\/","name":"INOVU | PES220","isPartOf":{"@id":"https:\/\/www.inov-u.com\/en\/#website"},"primaryImageOfPage":{"@id":"https:\/\/www.inov-u.com\/en\/products\/projection-screen\/wall-mounted-screen\/pes220\/#primaryimage"},"image":{"@id":"https:\/\/www.inov-u.com\/en\/products\/projection-screen\/wall-mounted-screen\/pes220\/#primaryimage"},"thumbnailUrl":"https:\/\/www.inov-u.com\/wp-content\/uploads\/2024\/11\/PEx_2.png","datePublished":"2024-11-04T08:58:18+00:00","dateModified":"2025-04-29T09:09:58+00:00","breadcrumb":{"@id":"https:\/\/www.inov-u.com\/en\/products\/projection-screen\/wall-mounted-screen\/pes220\/#breadcrumb"},"inLanguage":"en-US","potentialAction":[{"@type":"ReadAction","target":["https:\/\/www.inov-u.com\/en\/products\/projection-screen\/wall-mounted-screen\/pes220\/"]}]},{"@type":"ImageObject","inLanguage":"en-US","@id":"https:\/\/www.inov-u.com\/en\/products\/projection-screen\/wall-mounted-screen\/pes220\/#primaryimage","url":"https:\/\/www.inov-u.com\/wp-content\/uploads\/2024\/11\/PEx_2.png","contentUrl":"https:\/\/www.inov-u.com\/wp-content\/uploads\/2024\/11\/PEx_2.png","width":1000,"height":1000,"caption":"\u00c9cran mural motoris\u00e9 pour vid\u00e9o projecteur"},{"@type":"BreadcrumbList","@id":"https:\/\/www.inov-u.com\/en\/products\/projection-screen\/wall-mounted-screen\/pes220\/#breadcrumb","itemListElement":[{"@type":"ListItem","position":1,"name":"Home","item":"https:\/\/www.inov-u.com\/en\/"},{"@type":"ListItem","position":2,"name":"Products","item":"https:\/\/www.inov-u.com\/nos-univers\/"},{"@type":"ListItem","position":3,"name":"Projection Screen","item":"https:\/\/www.inov-u.com\/en\/nos-univers\/projection-screen\/"},{"@type":"ListItem","position":4,"name":"Wall-Mounted Screen","item":"https:\/\/www.inov-u.com\/en\/nos-univers\/projection-screen\/wall-mounted-screen\/"},{"@type":"ListItem","position":5,"name":"PES220"}]},{"@type":"WebSite","@id":"https:\/\/www.inov-u.com\/en\/#website","url":"https:\/\/www.inov-u.com\/en\/","name":"INOVU","description":"L&#039;\u00e9quipement informatique du quotidien","publisher":{"@id":"https:\/\/www.inov-u.com\/en\/#organization"},"potentialAction":[{"@type":"SearchAction","target":{"@type":"EntryPoint","urlTemplate":"https:\/\/www.inov-u.com\/en\/?s={search_term_string}"},"query-input":{"@type":"PropertyValueSpecification","valueRequired":true,"valueName":"search_term_string"}}],"inLanguage":"en-US"},{"@type":"Organization","@id":"https:\/\/www.inov-u.com\/en\/#organization","name":"INOVU","url":"https:\/\/www.inov-u.com\/en\/","logo":{"@type":"ImageObject","inLanguage":"en-US","@id":"https:\/\/www.inov-u.com\/en\/#\/schema\/logo\/image\/","url":"https:\/\/www.inov-u.com\/wp-content\/uploads\/2024\/02\/inovu_favicon.png","contentUrl":"https:\/\/www.inov-u.com\/wp-content\/uploads\/2024\/02\/inovu_favicon.png","width":512,"height":512,"caption":"INOVU"},"image":{"@id":"https:\/\/www.inov-u.com\/en\/#\/schema\/logo\/image\/"}}]}},"_links":{"self":[{"href":"https:\/\/www.inov-u.com\/en\/wp-json\/wp\/v2\/product\/5407","targetHints":{"allow":["GET"]}}],"collection":[{"href":"https:\/\/www.inov-u.com\/en\/wp-json\/wp\/v2\/product"}],"about":[{"href":"https:\/\/www.inov-u.com\/en\/wp-json\/wp\/v2\/types\/product"}],"replies":[{"embeddable":true,"href":"https:\/\/www.inov-u.com\/en\/wp-json\/wp\/v2\/comments?post=5407"}],"version-history":[{"count":1,"href":"https:\/\/www.inov-u.com\/en\/wp-json\/wp\/v2\/product\/5407\/revisions"}],"predecessor-version":[{"id":10000,"href":"https:\/\/www.inov-u.com\/en\/wp-json\/wp\/v2\/product\/5407\/revisions\/10000"}],"wp:featuredmedia":[{"embeddable":true,"href":"https:\/\/www.inov-u.com\/en\/wp-json\/wp\/v2\/media\/5395"}],"wp:attachment":[{"href":"https:\/\/www.inov-u.com\/en\/wp-json\/wp\/v2\/media?parent=5407"}],"wp:term":[{"taxonomy":"product_brand","embeddable":true,"href":"https:\/\/www.inov-u.com\/en\/wp-json\/wp\/v2\/product_brand?post=5407"},{"taxonomy":"product_cat","embeddable":true,"href":"https:\/\/www.inov-u.com\/en\/wp-json\/wp\/v2\/product_cat?post=5407"},{"taxonomy":"product_tag","embeddable":true,"href":"https:\/\/www.inov-u.com\/en\/wp-json\/wp\/v2\/product_tag?post=5407"}],"curies":[{"name":"wp","href":"https:\/\/api.w.org\/{rel}","templated":true}]}}