{"id":5454,"date":"2024-11-04T10:18:22","date_gmt":"2024-11-04T09:18:22","guid":{"rendered":"https:\/\/www.inov-u.com\/?post_type=product&#038;p=5454"},"modified":"2025-04-28T14:31:45","modified_gmt":"2025-04-28T12:31:45","slug":"pms200","status":"publish","type":"product","link":"https:\/\/www.inov-u.com\/en\/products\/projection-screen\/wall-mounted-screen\/pms200\/","title":{"rendered":"PMS200"},"content":{"rendered":"\t\t<div data-elementor-type=\"container\" data-elementor-id=\"5455\" class=\"elementor elementor-5455\" data-elementor-post-type=\"elementor_library\">\n\t\t\t\t<div class=\"elementor-element elementor-element-7975e6c e-con-full e-flex e-con e-parent\" data-id=\"7975e6c\" data-element_type=\"container\" data-e-type=\"container\">\n\t\t<div class=\"elementor-element elementor-element-8f159db e-con-full e-flex e-con e-child\" data-id=\"8f159db\" data-element_type=\"container\" data-e-type=\"container\">\n\t\t<div class=\"elementor-element elementor-element-be6fc47 e-con-full e-flex e-con e-child\" data-id=\"be6fc47\" data-element_type=\"container\" data-e-type=\"container\">\n\t\t\t\t<div class=\"elementor-element elementor-element-b2d585c elementor-widget elementor-widget-heading\" data-id=\"b2d585c\" data-element_type=\"widget\" data-e-type=\"widget\" data-widget_type=\"heading.default\">\n\t\t\t\t<div class=\"elementor-widget-container\">\n\t\t\t\t\t<h2 class=\"elementor-heading-title elementor-size-default\">Ecran manuel - Format 1:1 - 200 x 200 cm<\/h2>\t\t\t\t<\/div>\n\t\t\t\t<\/div>\n\t\t\t\t<div class=\"elementor-element elementor-element-2602b25 elementor-widget elementor-widget-text-editor\" data-id=\"2602b25\" data-element_type=\"widget\" data-e-type=\"widget\" data-widget_type=\"text-editor.default\">\n\t\t\t\t<div class=\"elementor-widget-container\">\n\t\t\t\t\t\t\t\t\t<p>Parfait pour vos s\u00e9ances de cin\u00e9ma \u00e0 domicile ou de parties enrag\u00e9es de jeux vid\u00e9o, mais \u00e9galement pour les applications \u00e9ducatives et en entreprise, cet \u00e9cran fixe \u00e0 m\u00e9canisme manuel se d\u00e9roule et s&#8217;enroule facilement dans son \u00e9l\u00e9gant carter en acier.\u00a0Transformez votre espace en une exp\u00e9rience visuelle immersive avec un \u00e9cran de projection polyvalent. Que vous soyez un cin\u00e9phile passionn\u00e9, un joueur inv\u00e9t\u00e9r\u00e9, un professionnel en qu\u00eate de performances de pr\u00e9sentation optimales, cet \u00e9cran r\u00e9pondra \u00e0 tous vos besoins.<br \/><br \/>Sa surface blanc mat\u00a0offre une diffusion uniforme de la lumi\u00e8re, garantissant des images nettes et claires. De plus, sa compatibilit\u00e9 avec une large gamme de technologies de projection en fait un choix pratique et flexible. Joueurs ou cin\u00e9philes, l&#8217;\u00e9cran de projection INOVU offre une surface lisse et sans d\u00e9faut, garantissant une restitution pr\u00e9cise des couleurs et une nettet\u00e9 exceptionnelle. Plongez-vous dans l&#8217;action et profitez d&#8217;une exp\u00e9rience captivante gr\u00e2ce \u00e0 son format large et \u00e0 ses angles de vision optimaux. Pour les professionnels, cet \u00e9cran de projection est un outil essentiel pour des r\u00e9unions et des pr\u00e9sentations r\u00e9ussies. Sa surface mate r\u00e9duit les reflets g\u00eanants et assure une visibilit\u00e9 claire, m\u00eame dans des environnements lumineux. Pr\u00e9sentez vos graphiques, tableaux et vid\u00e9os avec une qualit\u00e9 exceptionnelle, captivant votre auditoire et faisant bonne impression lors de vos r\u00e9unions d&#8217;affaires. Avec un rapport qualit\u00e9 prix imbattable, la marque INOVU propose des produits pratiques, fiables et \u00e0 des prix attractifs pour am\u00e9nager votre environnement de bureau de fa\u00e7on confortable.<\/p>\t\t\t\t\t\t\t\t<\/div>\n\t\t\t\t<\/div>\n\t\t\t\t<\/div>\n\t\t\t\t<\/div>\n\t\t<div class=\"elementor-element elementor-element-757efc9 e-con-full e-flex e-con e-child\" data-id=\"757efc9\" data-element_type=\"container\" data-e-type=\"container\">\n\t\t<div class=\"elementor-element elementor-element-e18eb3e e-con-full e-flex e-con e-child\" data-id=\"e18eb3e\" data-element_type=\"container\" data-e-type=\"container\">\n\t\t\t\t<div class=\"elementor-element elementor-element-c3d81ff elementor-widget elementor-widget-image\" data-id=\"c3d81ff\" data-element_type=\"widget\" data-e-type=\"widget\" data-widget_type=\"image.default\">\n\t\t\t\t<div class=\"elementor-widget-container\">\n\t\t\t\t\t\t\t\t\t\t\t\t\t\t\t<img fetchpriority=\"high\" decoding=\"async\" width=\"1000\" height=\"1000\" src=\"https:\/\/www.inov-u.com\/wp-content\/uploads\/2024\/11\/PMx-2.png\" class=\"attachment-full size-full wp-image-5420\" alt=\"Grand \u00e9cran pour projeter du contenu\" srcset=\"https:\/\/www.inov-u.com\/wp-content\/uploads\/2024\/11\/PMx-2.png 1000w, https:\/\/www.inov-u.com\/wp-content\/uploads\/2024\/11\/PMx-2-300x300.png 300w, https:\/\/www.inov-u.com\/wp-content\/uploads\/2024\/11\/PMx-2-150x150.png 150w, https:\/\/www.inov-u.com\/wp-content\/uploads\/2024\/11\/PMx-2-768x768.png 768w, https:\/\/www.inov-u.com\/wp-content\/uploads\/2024\/11\/PMx-2-700x700.png 700w, https:\/\/www.inov-u.com\/wp-content\/uploads\/2024\/11\/PMx-2-600x600.png 600w, https:\/\/www.inov-u.com\/wp-content\/uploads\/2024\/11\/PMx-2-100x100.png 100w\" sizes=\"(max-width: 1000px) 100vw, 1000px\" \/>\t\t\t\t\t\t\t\t\t\t\t\t\t\t\t<\/div>\n\t\t\t\t<\/div>\n\t\t\t\t<\/div>\n\t\t<div class=\"elementor-element elementor-element-e7f55b7 e-con-full e-flex e-con e-child\" data-id=\"e7f55b7\" data-element_type=\"container\" data-e-type=\"container\">\n\t\t\t\t<div class=\"elementor-element elementor-element-d9d7e98 elementor-widget elementor-widget-heading\" data-id=\"d9d7e98\" data-element_type=\"widget\" data-e-type=\"widget\" data-widget_type=\"heading.default\">\n\t\t\t\t<div class=\"elementor-widget-container\">\n\t\t\t\t\t<h2 class=\"elementor-heading-title elementor-size-default\">Caract\u00e9ristiques principales<\/h2>\t\t\t\t<\/div>\n\t\t\t\t<\/div>\n\t\t\t\t<div class=\"elementor-element elementor-element-21ee8a3 elementor-widget elementor-widget-text-editor\" data-id=\"21ee8a3\" data-element_type=\"widget\" data-e-type=\"widget\" data-widget_type=\"text-editor.default\">\n\t\t\t\t<div class=\"elementor-widget-container\">\n\t\t\t\t\t\t\t\t\t<ul><li>Format\u00a01:1 carr\u00e9\u00a0<\/li><li>Dimensions : 200 x\u00a0200 cm<\/li><li>Gain : 1.0 \/ Angles de vision : 160\u00b0<\/li><li>Surface de visualisation :\u00a0195 x\u00a0195\u00a0cm<\/li><li><strong>Bords noirs, d\u00e9limitant l&#8217;image avec pr\u00e9cision et renfor\u00e7ant la sensation de contraste<\/strong><\/li><li><strong>Montage au mur ou au plafond, avec syst\u00e8me fiable d&#8217;auto-verrouillage<\/strong><\/li><\/ul>\t\t\t\t\t\t\t\t<\/div>\n\t\t\t\t<\/div>\n\t\t\t\t<\/div>\n\t\t\t\t<\/div>\n\t\t\t\t<\/div>\n\t\t\t\t<\/div>\n\t\t\n","protected":false},"excerpt":{"rendered":"<p>Parfait pour vos s\u00e9ances de cin\u00e9ma \u00e0 domicile ou de parties enrag\u00e9es de jeux vid\u00e9o, mais \u00e9galement pour les applications \u00e9ducatives et en entreprise, cet \u00e9cran fixe \u00e0 m\u00e9canisme manuel se d\u00e9roule et s&#8217;enroule facilement dans son \u00e9l\u00e9gant carter en acier.<\/p>\n","protected":false},"featured_media":5420,"comment_status":"open","ping_status":"closed","template":"","meta":{"_acf_changed":false},"product_brand":[],"product_cat":[83],"product_tag":[],"class_list":{"0":"post-5454","1":"product","2":"type-product","3":"status-publish","4":"has-post-thumbnail","6":"product_cat-ecran-mural","8":"first","9":"instock","10":"shipping-taxable","11":"product-type-simple"},"acf":[],"yoast_head":"<!-- This site is optimized with the Yoast SEO plugin v27.4 - https:\/\/yoast.com\/product\/yoast-seo-wordpress\/ -->\n<title>INOVU | PMS200<\/title>\n<meta name=\"robots\" content=\"index, follow, max-snippet:-1, max-image-preview:large, max-video-preview:-1\" \/>\n<link rel=\"canonical\" href=\"https:\/\/www.inov-u.com\/en\/products\/projection-screen\/wall-mounted-screen\/pms200\/\" \/>\n<meta property=\"og:locale\" content=\"en_US\" \/>\n<meta property=\"og:type\" content=\"article\" \/>\n<meta property=\"og:title\" content=\"INOVU | PMS200\" \/>\n<meta property=\"og:description\" content=\"Parfait pour vos s\u00e9ances de cin\u00e9ma \u00e0 domicile ou de parties enrag\u00e9es de jeux vid\u00e9o, mais \u00e9galement pour les applications \u00e9ducatives et en entreprise, cet \u00e9cran fixe \u00e0 m\u00e9canisme manuel se d\u00e9roule et s&#039;enroule facilement dans son \u00e9l\u00e9gant carter en acier.\" \/>\n<meta property=\"og:url\" content=\"https:\/\/www.inov-u.com\/en\/products\/projection-screen\/wall-mounted-screen\/pms200\/\" \/>\n<meta property=\"og:site_name\" content=\"INOVU\" \/>\n<meta property=\"article:modified_time\" content=\"2025-04-28T12:31:45+00:00\" \/>\n<meta property=\"og:image\" content=\"https:\/\/www.inov-u.com\/wp-content\/uploads\/2024\/11\/PMx-2.png\" \/>\n\t<meta property=\"og:image:width\" content=\"1000\" \/>\n\t<meta property=\"og:image:height\" content=\"1000\" \/>\n\t<meta property=\"og:image:type\" content=\"image\/png\" \/>\n<meta name=\"twitter:card\" content=\"summary_large_image\" \/>\n<meta name=\"twitter:label1\" content=\"Est. reading time\" \/>\n\t<meta name=\"twitter:data1\" content=\"1 minute\" \/>\n<script type=\"application\/ld+json\" class=\"yoast-schema-graph\">{\"@context\":\"https:\\\/\\\/schema.org\",\"@graph\":[{\"@type\":[\"WebPage\",\"ItemPage\"],\"@id\":\"https:\\\/\\\/www.inov-u.com\\\/en\\\/products\\\/projection-screen\\\/wall-mounted-screen\\\/pms200\\\/\",\"url\":\"https:\\\/\\\/www.inov-u.com\\\/en\\\/products\\\/projection-screen\\\/wall-mounted-screen\\\/pms200\\\/\",\"name\":\"INOVU | PMS200\",\"isPartOf\":{\"@id\":\"https:\\\/\\\/www.inov-u.com\\\/en\\\/#website\"},\"primaryImageOfPage\":{\"@id\":\"https:\\\/\\\/www.inov-u.com\\\/en\\\/products\\\/projection-screen\\\/wall-mounted-screen\\\/pms200\\\/#primaryimage\"},\"image\":{\"@id\":\"https:\\\/\\\/www.inov-u.com\\\/en\\\/products\\\/projection-screen\\\/wall-mounted-screen\\\/pms200\\\/#primaryimage\"},\"thumbnailUrl\":\"https:\\\/\\\/www.inov-u.com\\\/wp-content\\\/uploads\\\/2024\\\/11\\\/PMx-2.png\",\"datePublished\":\"2024-11-04T09:18:22+00:00\",\"dateModified\":\"2025-04-28T12:31:45+00:00\",\"breadcrumb\":{\"@id\":\"https:\\\/\\\/www.inov-u.com\\\/en\\\/products\\\/projection-screen\\\/wall-mounted-screen\\\/pms200\\\/#breadcrumb\"},\"inLanguage\":\"en-US\",\"potentialAction\":[{\"@type\":\"ReadAction\",\"target\":[\"https:\\\/\\\/www.inov-u.com\\\/en\\\/products\\\/projection-screen\\\/wall-mounted-screen\\\/pms200\\\/\"]}]},{\"@type\":\"ImageObject\",\"inLanguage\":\"en-US\",\"@id\":\"https:\\\/\\\/www.inov-u.com\\\/en\\\/products\\\/projection-screen\\\/wall-mounted-screen\\\/pms200\\\/#primaryimage\",\"url\":\"https:\\\/\\\/www.inov-u.com\\\/wp-content\\\/uploads\\\/2024\\\/11\\\/PMx-2.png\",\"contentUrl\":\"https:\\\/\\\/www.inov-u.com\\\/wp-content\\\/uploads\\\/2024\\\/11\\\/PMx-2.png\",\"width\":1000,\"height\":1000,\"caption\":\"Grand \u00e9cran pour projeter du contenu\"},{\"@type\":\"BreadcrumbList\",\"@id\":\"https:\\\/\\\/www.inov-u.com\\\/en\\\/products\\\/projection-screen\\\/wall-mounted-screen\\\/pms200\\\/#breadcrumb\",\"itemListElement\":[{\"@type\":\"ListItem\",\"position\":1,\"name\":\"Home\",\"item\":\"https:\\\/\\\/www.inov-u.com\\\/en\\\/\"},{\"@type\":\"ListItem\",\"position\":2,\"name\":\"Products\",\"item\":\"https:\\\/\\\/www.inov-u.com\\\/nos-univers\\\/\"},{\"@type\":\"ListItem\",\"position\":3,\"name\":\"Projection Screen\",\"item\":\"https:\\\/\\\/www.inov-u.com\\\/en\\\/nos-univers\\\/projection-screen\\\/\"},{\"@type\":\"ListItem\",\"position\":4,\"name\":\"Wall-Mounted Screen\",\"item\":\"https:\\\/\\\/www.inov-u.com\\\/en\\\/nos-univers\\\/projection-screen\\\/wall-mounted-screen\\\/\"},{\"@type\":\"ListItem\",\"position\":5,\"name\":\"PMS200\"}]},{\"@type\":\"WebSite\",\"@id\":\"https:\\\/\\\/www.inov-u.com\\\/en\\\/#website\",\"url\":\"https:\\\/\\\/www.inov-u.com\\\/en\\\/\",\"name\":\"INOVU\",\"description\":\"L&#039;\u00e9quipement informatique du quotidien\",\"publisher\":{\"@id\":\"https:\\\/\\\/www.inov-u.com\\\/en\\\/#organization\"},\"potentialAction\":[{\"@type\":\"SearchAction\",\"target\":{\"@type\":\"EntryPoint\",\"urlTemplate\":\"https:\\\/\\\/www.inov-u.com\\\/en\\\/?s={search_term_string}\"},\"query-input\":{\"@type\":\"PropertyValueSpecification\",\"valueRequired\":true,\"valueName\":\"search_term_string\"}}],\"inLanguage\":\"en-US\"},{\"@type\":\"Organization\",\"@id\":\"https:\\\/\\\/www.inov-u.com\\\/en\\\/#organization\",\"name\":\"INOVU\",\"url\":\"https:\\\/\\\/www.inov-u.com\\\/en\\\/\",\"logo\":{\"@type\":\"ImageObject\",\"inLanguage\":\"en-US\",\"@id\":\"https:\\\/\\\/www.inov-u.com\\\/en\\\/#\\\/schema\\\/logo\\\/image\\\/\",\"url\":\"https:\\\/\\\/www.inov-u.com\\\/wp-content\\\/uploads\\\/2024\\\/02\\\/inovu_favicon.png\",\"contentUrl\":\"https:\\\/\\\/www.inov-u.com\\\/wp-content\\\/uploads\\\/2024\\\/02\\\/inovu_favicon.png\",\"width\":512,\"height\":512,\"caption\":\"INOVU\"},\"image\":{\"@id\":\"https:\\\/\\\/www.inov-u.com\\\/en\\\/#\\\/schema\\\/logo\\\/image\\\/\"}}]}<\/script>\n<!-- \/ Yoast SEO plugin. -->","yoast_head_json":{"title":"INOVU | PMS200","robots":{"index":"index","follow":"follow","max-snippet":"max-snippet:-1","max-image-preview":"max-image-preview:large","max-video-preview":"max-video-preview:-1"},"canonical":"https:\/\/www.inov-u.com\/en\/products\/projection-screen\/wall-mounted-screen\/pms200\/","og_locale":"en_US","og_type":"article","og_title":"INOVU | PMS200","og_description":"Parfait pour vos s\u00e9ances de cin\u00e9ma \u00e0 domicile ou de parties enrag\u00e9es de jeux vid\u00e9o, mais \u00e9galement pour les applications \u00e9ducatives et en entreprise, cet \u00e9cran fixe \u00e0 m\u00e9canisme manuel se d\u00e9roule et s'enroule facilement dans son \u00e9l\u00e9gant carter en acier.","og_url":"https:\/\/www.inov-u.com\/en\/products\/projection-screen\/wall-mounted-screen\/pms200\/","og_site_name":"INOVU","article_modified_time":"2025-04-28T12:31:45+00:00","og_image":[{"width":1000,"height":1000,"url":"https:\/\/www.inov-u.com\/wp-content\/uploads\/2024\/11\/PMx-2.png","type":"image\/png"}],"twitter_card":"summary_large_image","twitter_misc":{"Est. reading time":"1 minute"},"schema":{"@context":"https:\/\/schema.org","@graph":[{"@type":["WebPage","ItemPage"],"@id":"https:\/\/www.inov-u.com\/en\/products\/projection-screen\/wall-mounted-screen\/pms200\/","url":"https:\/\/www.inov-u.com\/en\/products\/projection-screen\/wall-mounted-screen\/pms200\/","name":"INOVU | PMS200","isPartOf":{"@id":"https:\/\/www.inov-u.com\/en\/#website"},"primaryImageOfPage":{"@id":"https:\/\/www.inov-u.com\/en\/products\/projection-screen\/wall-mounted-screen\/pms200\/#primaryimage"},"image":{"@id":"https:\/\/www.inov-u.com\/en\/products\/projection-screen\/wall-mounted-screen\/pms200\/#primaryimage"},"thumbnailUrl":"https:\/\/www.inov-u.com\/wp-content\/uploads\/2024\/11\/PMx-2.png","datePublished":"2024-11-04T09:18:22+00:00","dateModified":"2025-04-28T12:31:45+00:00","breadcrumb":{"@id":"https:\/\/www.inov-u.com\/en\/products\/projection-screen\/wall-mounted-screen\/pms200\/#breadcrumb"},"inLanguage":"en-US","potentialAction":[{"@type":"ReadAction","target":["https:\/\/www.inov-u.com\/en\/products\/projection-screen\/wall-mounted-screen\/pms200\/"]}]},{"@type":"ImageObject","inLanguage":"en-US","@id":"https:\/\/www.inov-u.com\/en\/products\/projection-screen\/wall-mounted-screen\/pms200\/#primaryimage","url":"https:\/\/www.inov-u.com\/wp-content\/uploads\/2024\/11\/PMx-2.png","contentUrl":"https:\/\/www.inov-u.com\/wp-content\/uploads\/2024\/11\/PMx-2.png","width":1000,"height":1000,"caption":"Grand \u00e9cran pour projeter du contenu"},{"@type":"BreadcrumbList","@id":"https:\/\/www.inov-u.com\/en\/products\/projection-screen\/wall-mounted-screen\/pms200\/#breadcrumb","itemListElement":[{"@type":"ListItem","position":1,"name":"Home","item":"https:\/\/www.inov-u.com\/en\/"},{"@type":"ListItem","position":2,"name":"Products","item":"https:\/\/www.inov-u.com\/nos-univers\/"},{"@type":"ListItem","position":3,"name":"Projection Screen","item":"https:\/\/www.inov-u.com\/en\/nos-univers\/projection-screen\/"},{"@type":"ListItem","position":4,"name":"Wall-Mounted Screen","item":"https:\/\/www.inov-u.com\/en\/nos-univers\/projection-screen\/wall-mounted-screen\/"},{"@type":"ListItem","position":5,"name":"PMS200"}]},{"@type":"WebSite","@id":"https:\/\/www.inov-u.com\/en\/#website","url":"https:\/\/www.inov-u.com\/en\/","name":"INOVU","description":"L&#039;\u00e9quipement informatique du quotidien","publisher":{"@id":"https:\/\/www.inov-u.com\/en\/#organization"},"potentialAction":[{"@type":"SearchAction","target":{"@type":"EntryPoint","urlTemplate":"https:\/\/www.inov-u.com\/en\/?s={search_term_string}"},"query-input":{"@type":"PropertyValueSpecification","valueRequired":true,"valueName":"search_term_string"}}],"inLanguage":"en-US"},{"@type":"Organization","@id":"https:\/\/www.inov-u.com\/en\/#organization","name":"INOVU","url":"https:\/\/www.inov-u.com\/en\/","logo":{"@type":"ImageObject","inLanguage":"en-US","@id":"https:\/\/www.inov-u.com\/en\/#\/schema\/logo\/image\/","url":"https:\/\/www.inov-u.com\/wp-content\/uploads\/2024\/02\/inovu_favicon.png","contentUrl":"https:\/\/www.inov-u.com\/wp-content\/uploads\/2024\/02\/inovu_favicon.png","width":512,"height":512,"caption":"INOVU"},"image":{"@id":"https:\/\/www.inov-u.com\/en\/#\/schema\/logo\/image\/"}}]}},"_links":{"self":[{"href":"https:\/\/www.inov-u.com\/en\/wp-json\/wp\/v2\/product\/5454","targetHints":{"allow":["GET"]}}],"collection":[{"href":"https:\/\/www.inov-u.com\/en\/wp-json\/wp\/v2\/product"}],"about":[{"href":"https:\/\/www.inov-u.com\/en\/wp-json\/wp\/v2\/types\/product"}],"replies":[{"embeddable":true,"href":"https:\/\/www.inov-u.com\/en\/wp-json\/wp\/v2\/comments?post=5454"}],"version-history":[{"count":1,"href":"https:\/\/www.inov-u.com\/en\/wp-json\/wp\/v2\/product\/5454\/revisions"}],"predecessor-version":[{"id":9992,"href":"https:\/\/www.inov-u.com\/en\/wp-json\/wp\/v2\/product\/5454\/revisions\/9992"}],"wp:featuredmedia":[{"embeddable":true,"href":"https:\/\/www.inov-u.com\/en\/wp-json\/wp\/v2\/media\/5420"}],"wp:attachment":[{"href":"https:\/\/www.inov-u.com\/en\/wp-json\/wp\/v2\/media?parent=5454"}],"wp:term":[{"taxonomy":"product_brand","embeddable":true,"href":"https:\/\/www.inov-u.com\/en\/wp-json\/wp\/v2\/product_brand?post=5454"},{"taxonomy":"product_cat","embeddable":true,"href":"https:\/\/www.inov-u.com\/en\/wp-json\/wp\/v2\/product_cat?post=5454"},{"taxonomy":"product_tag","embeddable":true,"href":"https:\/\/www.inov-u.com\/en\/wp-json\/wp\/v2\/product_tag?post=5454"}],"curies":[{"name":"wp","href":"https:\/\/api.w.org\/{rel}","templated":true}]}}