{"id":5496,"date":"2024-11-04T11:24:28","date_gmt":"2024-11-04T10:24:28","guid":{"rendered":"https:\/\/www.inov-u.com\/?post_type=product&#038;p=5496"},"modified":"2025-04-29T09:53:01","modified_gmt":"2025-04-29T07:53:01","slug":"mbu27","status":"publish","type":"product","link":"https:\/\/www.inov-u.com\/en\/products\/pc-peripherals\/monitor\/mbu27\/","title":{"rendered":"MBU27"},"content":{"rendered":"\t\t<div data-elementor-type=\"container\" data-elementor-id=\"5504\" class=\"elementor elementor-5504\" data-elementor-post-type=\"elementor_library\">\n\t\t\t\t<div class=\"elementor-element elementor-element-7975e6c e-con-full e-flex e-con e-parent\" data-id=\"7975e6c\" data-element_type=\"container\" data-e-type=\"container\">\n\t\t<div class=\"elementor-element elementor-element-8f159db e-con-full e-flex e-con e-child\" data-id=\"8f159db\" data-element_type=\"container\" data-e-type=\"container\">\n\t\t<div class=\"elementor-element elementor-element-be6fc47 e-con-full e-flex e-con e-child\" data-id=\"be6fc47\" data-element_type=\"container\" data-e-type=\"container\">\n\t\t\t\t<div class=\"elementor-element elementor-element-b2d585c elementor-widget elementor-widget-heading\" data-id=\"b2d585c\" data-element_type=\"widget\" data-e-type=\"widget\" data-widget_type=\"heading.default\">\n\t\t\t\t<div class=\"elementor-widget-container\">\n\t\t\t\t\t<h2 class=\"elementor-heading-title elementor-size-default\">Un grand \u00e9cran de 27 pouces Ultra HD<\/h2>\t\t\t\t<\/div>\n\t\t\t\t<\/div>\n\t\t\t\t<div class=\"elementor-element elementor-element-2602b25 elementor-widget elementor-widget-text-editor\" data-id=\"2602b25\" data-element_type=\"widget\" data-e-type=\"widget\" data-widget_type=\"text-editor.default\">\n\t\t\t\t<div class=\"elementor-widget-container\">\n\t\t\t\t\t\t\t\t\t<p>Voyez les choses en grand avec le\u00a0<strong>moniteur INOVU MBU27<\/strong>\u00a0! Gr\u00e2ce \u00e0 son \u00e9cran de 27 pouces avec dalle IPS et r\u00e9solution Ultra HD, ce moniteur INOVU offre des images riches en d\u00e9tails avec des couleurs lumineuses et fid\u00e8les \u00e0 la r\u00e9alit\u00e9. Avec son cadre ultra-mince et ses haut-parleurs int\u00e9gr\u00e9s, il offre un confort d&#8217;utilisation maximis\u00e9 pour un encombrement minime.<\/p>\t\t\t\t\t\t\t\t<\/div>\n\t\t\t\t<\/div>\n\t\t\t\t<\/div>\n\t\t\t\t<\/div>\n\t\t<div class=\"elementor-element elementor-element-757efc9 e-con-full e-flex e-con e-child\" data-id=\"757efc9\" data-element_type=\"container\" data-e-type=\"container\">\n\t\t<div class=\"elementor-element elementor-element-e18eb3e e-con-full e-flex e-con e-child\" data-id=\"e18eb3e\" data-element_type=\"container\" data-e-type=\"container\">\n\t\t\t\t<div class=\"elementor-element elementor-element-5712476 elementor-widget elementor-widget-image\" data-id=\"5712476\" data-element_type=\"widget\" data-e-type=\"widget\" data-widget_type=\"image.default\">\n\t\t\t\t<div class=\"elementor-widget-container\">\n\t\t\t\t\t\t\t\t\t\t\t\t\t\t\t<img fetchpriority=\"high\" decoding=\"async\" width=\"800\" height=\"800\" src=\"https:\/\/www.inov-u.com\/wp-content\/uploads\/2024\/11\/MBU27_01.png\" class=\"attachment-large size-large wp-image-5497\" alt=\"\u00c9cran Inovu affichant un motif abstrait bleu sur fond gris, avec un pied en m\u00e9tal.\" srcset=\"https:\/\/www.inov-u.com\/wp-content\/uploads\/2024\/11\/MBU27_01.png.webp 1000w, https:\/\/www.inov-u.com\/wp-content\/uploads\/2024\/11\/MBU27_01-300x300.png.webp 300w, https:\/\/www.inov-u.com\/wp-content\/uploads\/2024\/11\/MBU27_01-150x150.png.webp 150w, https:\/\/www.inov-u.com\/wp-content\/uploads\/2024\/11\/MBU27_01-768x768.png.webp 768w, https:\/\/www.inov-u.com\/wp-content\/uploads\/2024\/11\/MBU27_01-700x700.png.webp 700w, https:\/\/www.inov-u.com\/wp-content\/uploads\/2024\/11\/MBU27_01-600x600.png.webp 600w, https:\/\/www.inov-u.com\/wp-content\/uploads\/2024\/11\/MBU27_01-100x100.png.webp 100w\" sizes=\"(max-width: 800px) 100vw, 800px\" \/>\t\t\t\t\t\t\t\t\t\t\t\t\t\t\t<\/div>\n\t\t\t\t<\/div>\n\t\t\t\t<\/div>\n\t\t<div class=\"elementor-element elementor-element-e7f55b7 e-con-full e-flex e-con e-child\" data-id=\"e7f55b7\" data-element_type=\"container\" data-e-type=\"container\">\n\t\t\t\t<div class=\"elementor-element elementor-element-d9d7e98 elementor-widget elementor-widget-heading\" data-id=\"d9d7e98\" data-element_type=\"widget\" data-e-type=\"widget\" data-widget_type=\"heading.default\">\n\t\t\t\t<div class=\"elementor-widget-container\">\n\t\t\t\t\t<h2 class=\"elementor-heading-title elementor-size-default\">INOVU MBU27<\/h2>\t\t\t\t<\/div>\n\t\t\t\t<\/div>\n\t\t\t\t<div class=\"elementor-element elementor-element-21ee8a3 elementor-widget elementor-widget-text-editor\" data-id=\"21ee8a3\" data-element_type=\"widget\" data-e-type=\"widget\" data-widget_type=\"text-editor.default\">\n\t\t\t\t<div class=\"elementor-widget-container\">\n\t\t\t\t\t\t\t\t\t<p>\u00c9quip\u00e9 d&#8217;une dalle IPS Ultra HD avec traitement anti-reflets, l&#8217;\u00e9cran PC INOVU MBU27 propose des images ultra-d\u00e9taill\u00e9es aux couleurs lumineuses. Il est en outre dot\u00e9 des technologies d&#8217;am\u00e9lioration de l&#8217;affichage Flicker-Free (anti-scintillement), Anti-lumi\u00e8re bleue et Adaptive-Sync (fr\u00e9quence de rafra\u00eechissement adaptative).<\/p>\t\t\t\t\t\t\t\t<\/div>\n\t\t\t\t<\/div>\n\t\t\t\t<\/div>\n\t\t\t\t<\/div>\n\t\t<div class=\"elementor-element elementor-element-3cef9ac e-con-full e-flex e-con e-child\" data-id=\"3cef9ac\" data-element_type=\"container\" data-e-type=\"container\">\n\t\t<div class=\"elementor-element elementor-element-c7db774 e-con-full e-flex e-con e-child\" data-id=\"c7db774\" data-element_type=\"container\" data-e-type=\"container\">\n\t\t\t\t<div class=\"elementor-element elementor-element-2650774 elementor-widget elementor-widget-heading\" data-id=\"2650774\" data-element_type=\"widget\" data-e-type=\"widget\" data-widget_type=\"heading.default\">\n\t\t\t\t<div class=\"elementor-widget-container\">\n\t\t\t\t\t<h2 class=\"elementor-heading-title elementor-size-default\">\u00c9quipez-vous \u00e0 prix avantageux<\/h2>\t\t\t\t<\/div>\n\t\t\t\t<\/div>\n\t\t\t\t<div class=\"elementor-element elementor-element-2ac38ff elementor-widget elementor-widget-text-editor\" data-id=\"2ac38ff\" data-element_type=\"widget\" data-e-type=\"widget\" data-widget_type=\"text-editor.default\">\n\t\t\t\t<div class=\"elementor-widget-container\">\n\t\t\t\t\t\t\t\t\t<p>Gr\u00e2ce \u00e0 INOVU, vous avez la possibilit\u00e9 de vous \u00e9quiper en mat\u00e9riel informatique \u00e0 moindres frais. Sp\u00e9cialiste des accessoires et \u00e9quipements informatiques, la marque propose des produits comp\u00e9titifs \u00e0 prix tr\u00e8s attractifs, avec en point de mire un rapport qualit\u00e9 \/ prix imbattable. Que vous soyez \u00e9tudiants, professionnels ou particuliers, INOVU vous permet d&#8217;acqu\u00e9rir le mat\u00e9riel dont vous avez besoin sans vous ruiner.<\/p>\t\t\t\t\t\t\t\t<\/div>\n\t\t\t\t<\/div>\n\t\t\t\t<\/div>\n\t\t<div class=\"elementor-element elementor-element-0a5e0a5 e-con-full e-flex e-con e-child\" data-id=\"0a5e0a5\" data-element_type=\"container\" data-e-type=\"container\">\n\t\t\t\t<div class=\"elementor-element elementor-element-6a8234b elementor-widget elementor-widget-image\" data-id=\"6a8234b\" data-element_type=\"widget\" data-e-type=\"widget\" data-widget_type=\"image.default\">\n\t\t\t\t<div class=\"elementor-widget-container\">\n\t\t\t\t\t\t\t\t\t\t\t\t\t\t\t<img decoding=\"async\" width=\"800\" height=\"800\" src=\"https:\/\/www.inov-u.com\/wp-content\/uploads\/2024\/11\/MBU27_02.png\" class=\"attachment-large size-large wp-image-5498\" alt=\"\u00c9cran Inovu vu sous un angle inclin\u00e9 , affichant un motif abstrait bleu.\" srcset=\"https:\/\/www.inov-u.com\/wp-content\/uploads\/2024\/11\/MBU27_02.png.webp 1000w, https:\/\/www.inov-u.com\/wp-content\/uploads\/2024\/11\/MBU27_02-300x300.png.webp 300w, https:\/\/www.inov-u.com\/wp-content\/uploads\/2024\/11\/MBU27_02-150x150.png.webp 150w, https:\/\/www.inov-u.com\/wp-content\/uploads\/2024\/11\/MBU27_02-768x768.png.webp 768w, https:\/\/www.inov-u.com\/wp-content\/uploads\/2024\/11\/MBU27_02-700x700.png.webp 700w, https:\/\/www.inov-u.com\/wp-content\/uploads\/2024\/11\/MBU27_02-600x600.png.webp 600w, https:\/\/www.inov-u.com\/wp-content\/uploads\/2024\/11\/MBU27_02-100x100.png.webp 100w\" sizes=\"(max-width: 800px) 100vw, 800px\" \/>\t\t\t\t\t\t\t\t\t\t\t\t\t\t\t<\/div>\n\t\t\t\t<\/div>\n\t\t\t\t<\/div>\n\t\t\t\t<\/div>\n\t\t<div class=\"elementor-element elementor-element-e206639 e-con-full e-flex e-con e-child\" data-id=\"e206639\" data-element_type=\"container\" data-e-type=\"container\">\n\t\t<div class=\"elementor-element elementor-element-e762ea6 e-con-full e-flex e-con e-child\" data-id=\"e762ea6\" data-element_type=\"container\" data-e-type=\"container\">\n\t\t\t\t<div class=\"elementor-element elementor-element-be1d077 elementor-widget elementor-widget-heading\" data-id=\"be1d077\" data-element_type=\"widget\" data-e-type=\"widget\" data-widget_type=\"heading.default\">\n\t\t\t\t<div class=\"elementor-widget-container\">\n\t\t\t\t\t<h2 class=\"elementor-heading-title elementor-size-default\">Caract\u00e9ristiques principales :<\/h2>\t\t\t\t<\/div>\n\t\t\t\t<\/div>\n\t\t\t\t<div class=\"elementor-element elementor-element-ece3fb6 elementor-widget elementor-widget-text-editor\" data-id=\"ece3fb6\" data-element_type=\"widget\" data-e-type=\"widget\" data-widget_type=\"text-editor.default\">\n\t\t\t\t<div class=\"elementor-widget-container\">\n\t\t\t\t\t\t\t\t\t<ul>\n<li><strong>\u00c9cran<\/strong>&nbsp;<strong>27 pouces<\/strong>&nbsp;avec&nbsp;<strong>r\u00e9solution<\/strong>&nbsp;<strong>Ultra HD<\/strong>&nbsp;(3840 x 2160 pixels)<\/li>\n<li><strong>Dalle IPS<\/strong>&nbsp;avec traitement anti-reflets<\/li>\n<li><strong>HDR Ready<\/strong><\/li>\n<li>Technologies&nbsp;<strong>Flicker-Free, Anti-lumi\u00e8re bleue<\/strong>&nbsp;et&nbsp;<strong>Adaptive-Sync<\/strong><\/li>\n<li><strong>Connecteurs :&nbsp;<\/strong>2x HDMI 2.0 + 2x DisplayPort 1.2<\/li>\n<li>Sortie casque jack 3.5 mm<\/li>\n<li>Modes d&#8217;image : Standard, Jeu, Film, Photo, FPS, RTS<\/li>\n<li>Compatible fixation VESA 100 x 100<\/li>\n<li>Poids : 4.4 kg<\/li>\n<\/ul>\t\t\t\t\t\t\t\t<\/div>\n\t\t\t\t<\/div>\n\t\t\t\t<\/div>\n\t\t\t\t<\/div>\n\t\t\t\t<\/div>\n\t\t\t\t<\/div>\n\t\t\n","protected":false},"excerpt":{"rendered":"<p>Voyez les choses en grand avec le moniteur INOVU MBU27 ! Gr\u00e2ce \u00e0 son \u00e9cran de 27 pouces avec dalle IPS et r\u00e9solution Ultra HD, ce moniteur INOVU offre des images riches en d\u00e9tails avec des couleurs lumineuses et fid\u00e8les \u00e0 la r\u00e9alit\u00e9.<\/p>\n","protected":false},"featured_media":5497,"comment_status":"open","ping_status":"closed","template":"","meta":{"_acf_changed":false},"product_brand":[],"product_cat":[27],"product_tag":[],"class_list":{"0":"post-5496","1":"product","2":"type-product","3":"status-publish","4":"has-post-thumbnail","6":"product_cat-ecran-pc","8":"first","9":"instock","10":"shipping-taxable","11":"product-type-simple"},"acf":[],"yoast_head":"<!-- This site is optimized with the Yoast SEO plugin v27.4 - https:\/\/yoast.com\/product\/yoast-seo-wordpress\/ -->\n<title>INOVU | MBU27<\/title>\n<meta name=\"robots\" content=\"index, follow, max-snippet:-1, max-image-preview:large, max-video-preview:-1\" \/>\n<link rel=\"canonical\" href=\"https:\/\/www.inov-u.com\/en\/products\/pc-peripherals\/monitor\/mbu27\/\" \/>\n<meta property=\"og:locale\" content=\"en_US\" \/>\n<meta property=\"og:type\" content=\"article\" \/>\n<meta property=\"og:title\" content=\"INOVU | MBU27\" \/>\n<meta property=\"og:description\" content=\"Voyez les choses en grand avec le moniteur INOVU MBU27 ! Gr\u00e2ce \u00e0 son \u00e9cran de 27 pouces avec dalle IPS et r\u00e9solution Ultra HD, ce moniteur INOVU offre des images riches en d\u00e9tails avec des couleurs lumineuses et fid\u00e8les \u00e0 la r\u00e9alit\u00e9.\" \/>\n<meta property=\"og:url\" content=\"https:\/\/www.inov-u.com\/en\/products\/pc-peripherals\/monitor\/mbu27\/\" \/>\n<meta property=\"og:site_name\" content=\"INOVU\" \/>\n<meta property=\"article:modified_time\" content=\"2025-04-29T07:53:01+00:00\" \/>\n<meta property=\"og:image\" content=\"https:\/\/www.inov-u.com\/wp-content\/uploads\/2024\/11\/MBU27_01.png\" \/>\n\t<meta property=\"og:image:width\" content=\"1000\" \/>\n\t<meta property=\"og:image:height\" content=\"1000\" \/>\n\t<meta property=\"og:image:type\" content=\"image\/png\" \/>\n<meta name=\"twitter:card\" content=\"summary_large_image\" \/>\n<meta name=\"twitter:label1\" content=\"Est. reading time\" \/>\n\t<meta name=\"twitter:data1\" content=\"1 minute\" \/>\n<script type=\"application\/ld+json\" class=\"yoast-schema-graph\">{\"@context\":\"https:\\\/\\\/schema.org\",\"@graph\":[{\"@type\":[\"WebPage\",\"ItemPage\"],\"@id\":\"https:\\\/\\\/www.inov-u.com\\\/en\\\/products\\\/pc-peripherals\\\/monitor\\\/mbu27\\\/\",\"url\":\"https:\\\/\\\/www.inov-u.com\\\/en\\\/products\\\/pc-peripherals\\\/monitor\\\/mbu27\\\/\",\"name\":\"INOVU | MBU27\",\"isPartOf\":{\"@id\":\"https:\\\/\\\/www.inov-u.com\\\/en\\\/#website\"},\"primaryImageOfPage\":{\"@id\":\"https:\\\/\\\/www.inov-u.com\\\/en\\\/products\\\/pc-peripherals\\\/monitor\\\/mbu27\\\/#primaryimage\"},\"image\":{\"@id\":\"https:\\\/\\\/www.inov-u.com\\\/en\\\/products\\\/pc-peripherals\\\/monitor\\\/mbu27\\\/#primaryimage\"},\"thumbnailUrl\":\"https:\\\/\\\/www.inov-u.com\\\/wp-content\\\/uploads\\\/2024\\\/11\\\/MBU27_01.png\",\"datePublished\":\"2024-11-04T10:24:28+00:00\",\"dateModified\":\"2025-04-29T07:53:01+00:00\",\"breadcrumb\":{\"@id\":\"https:\\\/\\\/www.inov-u.com\\\/en\\\/products\\\/pc-peripherals\\\/monitor\\\/mbu27\\\/#breadcrumb\"},\"inLanguage\":\"en-US\",\"potentialAction\":[{\"@type\":\"ReadAction\",\"target\":[\"https:\\\/\\\/www.inov-u.com\\\/en\\\/products\\\/pc-peripherals\\\/monitor\\\/mbu27\\\/\"]}]},{\"@type\":\"ImageObject\",\"inLanguage\":\"en-US\",\"@id\":\"https:\\\/\\\/www.inov-u.com\\\/en\\\/products\\\/pc-peripherals\\\/monitor\\\/mbu27\\\/#primaryimage\",\"url\":\"https:\\\/\\\/www.inov-u.com\\\/wp-content\\\/uploads\\\/2024\\\/11\\\/MBU27_01.png\",\"contentUrl\":\"https:\\\/\\\/www.inov-u.com\\\/wp-content\\\/uploads\\\/2024\\\/11\\\/MBU27_01.png\",\"width\":1000,\"height\":1000,\"caption\":\"\u00c9cran Inovu affichant un motif abstrait bleu sur fond gris, avec un pied en m\u00e9tal.\"},{\"@type\":\"BreadcrumbList\",\"@id\":\"https:\\\/\\\/www.inov-u.com\\\/en\\\/products\\\/pc-peripherals\\\/monitor\\\/mbu27\\\/#breadcrumb\",\"itemListElement\":[{\"@type\":\"ListItem\",\"position\":1,\"name\":\"Home\",\"item\":\"https:\\\/\\\/www.inov-u.com\\\/en\\\/\"},{\"@type\":\"ListItem\",\"position\":2,\"name\":\"Products\",\"item\":\"https:\\\/\\\/www.inov-u.com\\\/nos-univers\\\/\"},{\"@type\":\"ListItem\",\"position\":3,\"name\":\"PC Peripherals\",\"item\":\"https:\\\/\\\/www.inov-u.com\\\/en\\\/nos-univers\\\/pc-peripherals\\\/\"},{\"@type\":\"ListItem\",\"position\":4,\"name\":\"Monitor\",\"item\":\"https:\\\/\\\/www.inov-u.com\\\/en\\\/nos-univers\\\/pc-peripherals\\\/monitor\\\/\"},{\"@type\":\"ListItem\",\"position\":5,\"name\":\"MBU27\"}]},{\"@type\":\"WebSite\",\"@id\":\"https:\\\/\\\/www.inov-u.com\\\/en\\\/#website\",\"url\":\"https:\\\/\\\/www.inov-u.com\\\/en\\\/\",\"name\":\"INOVU\",\"description\":\"L&#039;\u00e9quipement informatique du quotidien\",\"publisher\":{\"@id\":\"https:\\\/\\\/www.inov-u.com\\\/en\\\/#organization\"},\"potentialAction\":[{\"@type\":\"SearchAction\",\"target\":{\"@type\":\"EntryPoint\",\"urlTemplate\":\"https:\\\/\\\/www.inov-u.com\\\/en\\\/?s={search_term_string}\"},\"query-input\":{\"@type\":\"PropertyValueSpecification\",\"valueRequired\":true,\"valueName\":\"search_term_string\"}}],\"inLanguage\":\"en-US\"},{\"@type\":\"Organization\",\"@id\":\"https:\\\/\\\/www.inov-u.com\\\/en\\\/#organization\",\"name\":\"INOVU\",\"url\":\"https:\\\/\\\/www.inov-u.com\\\/en\\\/\",\"logo\":{\"@type\":\"ImageObject\",\"inLanguage\":\"en-US\",\"@id\":\"https:\\\/\\\/www.inov-u.com\\\/en\\\/#\\\/schema\\\/logo\\\/image\\\/\",\"url\":\"https:\\\/\\\/www.inov-u.com\\\/wp-content\\\/uploads\\\/2024\\\/02\\\/inovu_favicon.png\",\"contentUrl\":\"https:\\\/\\\/www.inov-u.com\\\/wp-content\\\/uploads\\\/2024\\\/02\\\/inovu_favicon.png\",\"width\":512,\"height\":512,\"caption\":\"INOVU\"},\"image\":{\"@id\":\"https:\\\/\\\/www.inov-u.com\\\/en\\\/#\\\/schema\\\/logo\\\/image\\\/\"}}]}<\/script>\n<!-- \/ Yoast SEO plugin. -->","yoast_head_json":{"title":"INOVU | MBU27","robots":{"index":"index","follow":"follow","max-snippet":"max-snippet:-1","max-image-preview":"max-image-preview:large","max-video-preview":"max-video-preview:-1"},"canonical":"https:\/\/www.inov-u.com\/en\/products\/pc-peripherals\/monitor\/mbu27\/","og_locale":"en_US","og_type":"article","og_title":"INOVU | MBU27","og_description":"Voyez les choses en grand avec le moniteur INOVU MBU27 ! Gr\u00e2ce \u00e0 son \u00e9cran de 27 pouces avec dalle IPS et r\u00e9solution Ultra HD, ce moniteur INOVU offre des images riches en d\u00e9tails avec des couleurs lumineuses et fid\u00e8les \u00e0 la r\u00e9alit\u00e9.","og_url":"https:\/\/www.inov-u.com\/en\/products\/pc-peripherals\/monitor\/mbu27\/","og_site_name":"INOVU","article_modified_time":"2025-04-29T07:53:01+00:00","og_image":[{"width":1000,"height":1000,"url":"https:\/\/www.inov-u.com\/wp-content\/uploads\/2024\/11\/MBU27_01.png","type":"image\/png"}],"twitter_card":"summary_large_image","twitter_misc":{"Est. reading time":"1 minute"},"schema":{"@context":"https:\/\/schema.org","@graph":[{"@type":["WebPage","ItemPage"],"@id":"https:\/\/www.inov-u.com\/en\/products\/pc-peripherals\/monitor\/mbu27\/","url":"https:\/\/www.inov-u.com\/en\/products\/pc-peripherals\/monitor\/mbu27\/","name":"INOVU | MBU27","isPartOf":{"@id":"https:\/\/www.inov-u.com\/en\/#website"},"primaryImageOfPage":{"@id":"https:\/\/www.inov-u.com\/en\/products\/pc-peripherals\/monitor\/mbu27\/#primaryimage"},"image":{"@id":"https:\/\/www.inov-u.com\/en\/products\/pc-peripherals\/monitor\/mbu27\/#primaryimage"},"thumbnailUrl":"https:\/\/www.inov-u.com\/wp-content\/uploads\/2024\/11\/MBU27_01.png","datePublished":"2024-11-04T10:24:28+00:00","dateModified":"2025-04-29T07:53:01+00:00","breadcrumb":{"@id":"https:\/\/www.inov-u.com\/en\/products\/pc-peripherals\/monitor\/mbu27\/#breadcrumb"},"inLanguage":"en-US","potentialAction":[{"@type":"ReadAction","target":["https:\/\/www.inov-u.com\/en\/products\/pc-peripherals\/monitor\/mbu27\/"]}]},{"@type":"ImageObject","inLanguage":"en-US","@id":"https:\/\/www.inov-u.com\/en\/products\/pc-peripherals\/monitor\/mbu27\/#primaryimage","url":"https:\/\/www.inov-u.com\/wp-content\/uploads\/2024\/11\/MBU27_01.png","contentUrl":"https:\/\/www.inov-u.com\/wp-content\/uploads\/2024\/11\/MBU27_01.png","width":1000,"height":1000,"caption":"\u00c9cran Inovu affichant un motif abstrait bleu sur fond gris, avec un pied en m\u00e9tal."},{"@type":"BreadcrumbList","@id":"https:\/\/www.inov-u.com\/en\/products\/pc-peripherals\/monitor\/mbu27\/#breadcrumb","itemListElement":[{"@type":"ListItem","position":1,"name":"Home","item":"https:\/\/www.inov-u.com\/en\/"},{"@type":"ListItem","position":2,"name":"Products","item":"https:\/\/www.inov-u.com\/nos-univers\/"},{"@type":"ListItem","position":3,"name":"PC Peripherals","item":"https:\/\/www.inov-u.com\/en\/nos-univers\/pc-peripherals\/"},{"@type":"ListItem","position":4,"name":"Monitor","item":"https:\/\/www.inov-u.com\/en\/nos-univers\/pc-peripherals\/monitor\/"},{"@type":"ListItem","position":5,"name":"MBU27"}]},{"@type":"WebSite","@id":"https:\/\/www.inov-u.com\/en\/#website","url":"https:\/\/www.inov-u.com\/en\/","name":"INOVU","description":"L&#039;\u00e9quipement informatique du quotidien","publisher":{"@id":"https:\/\/www.inov-u.com\/en\/#organization"},"potentialAction":[{"@type":"SearchAction","target":{"@type":"EntryPoint","urlTemplate":"https:\/\/www.inov-u.com\/en\/?s={search_term_string}"},"query-input":{"@type":"PropertyValueSpecification","valueRequired":true,"valueName":"search_term_string"}}],"inLanguage":"en-US"},{"@type":"Organization","@id":"https:\/\/www.inov-u.com\/en\/#organization","name":"INOVU","url":"https:\/\/www.inov-u.com\/en\/","logo":{"@type":"ImageObject","inLanguage":"en-US","@id":"https:\/\/www.inov-u.com\/en\/#\/schema\/logo\/image\/","url":"https:\/\/www.inov-u.com\/wp-content\/uploads\/2024\/02\/inovu_favicon.png","contentUrl":"https:\/\/www.inov-u.com\/wp-content\/uploads\/2024\/02\/inovu_favicon.png","width":512,"height":512,"caption":"INOVU"},"image":{"@id":"https:\/\/www.inov-u.com\/en\/#\/schema\/logo\/image\/"}}]}},"_links":{"self":[{"href":"https:\/\/www.inov-u.com\/en\/wp-json\/wp\/v2\/product\/5496","targetHints":{"allow":["GET"]}}],"collection":[{"href":"https:\/\/www.inov-u.com\/en\/wp-json\/wp\/v2\/product"}],"about":[{"href":"https:\/\/www.inov-u.com\/en\/wp-json\/wp\/v2\/types\/product"}],"replies":[{"embeddable":true,"href":"https:\/\/www.inov-u.com\/en\/wp-json\/wp\/v2\/comments?post=5496"}],"version-history":[{"count":1,"href":"https:\/\/www.inov-u.com\/en\/wp-json\/wp\/v2\/product\/5496\/revisions"}],"predecessor-version":[{"id":9987,"href":"https:\/\/www.inov-u.com\/en\/wp-json\/wp\/v2\/product\/5496\/revisions\/9987"}],"wp:featuredmedia":[{"embeddable":true,"href":"https:\/\/www.inov-u.com\/en\/wp-json\/wp\/v2\/media\/5497"}],"wp:attachment":[{"href":"https:\/\/www.inov-u.com\/en\/wp-json\/wp\/v2\/media?parent=5496"}],"wp:term":[{"taxonomy":"product_brand","embeddable":true,"href":"https:\/\/www.inov-u.com\/en\/wp-json\/wp\/v2\/product_brand?post=5496"},{"taxonomy":"product_cat","embeddable":true,"href":"https:\/\/www.inov-u.com\/en\/wp-json\/wp\/v2\/product_cat?post=5496"},{"taxonomy":"product_tag","embeddable":true,"href":"https:\/\/www.inov-u.com\/en\/wp-json\/wp\/v2\/product_tag?post=5496"}],"curies":[{"name":"wp","href":"https:\/\/api.w.org\/{rel}","templated":true}]}}