{"id":5529,"date":"2024-11-04T11:45:53","date_gmt":"2024-11-04T10:45:53","guid":{"rendered":"https:\/\/www.inov-u.com\/?post_type=product&#038;p=5529"},"modified":"2025-04-29T11:20:14","modified_gmt":"2025-04-29T09:20:14","slug":"n-59340a-slb","status":"publish","type":"product","link":"https:\/\/www.inov-u.com\/en\/products\/accessories\/cleaning-solution\/n-59340a-slb\/","title":{"rendered":"N-59340A-SLB"},"content":{"rendered":"\t\t<div data-elementor-type=\"container\" data-elementor-id=\"5530\" class=\"elementor elementor-5530\" data-elementor-post-type=\"elementor_library\">\n\t\t\t\t<div class=\"elementor-element elementor-element-7975e6c e-con-full e-flex e-con e-parent\" data-id=\"7975e6c\" data-element_type=\"container\" data-e-type=\"container\">\n\t\t<div class=\"elementor-element elementor-element-8f159db e-con-full e-flex e-con e-child\" data-id=\"8f159db\" data-element_type=\"container\" data-e-type=\"container\">\n\t\t<div class=\"elementor-element elementor-element-be6fc47 e-con-full e-flex e-con e-child\" data-id=\"be6fc47\" data-element_type=\"container\" data-e-type=\"container\">\n\t\t\t\t<div class=\"elementor-element elementor-element-b2d585c elementor-widget elementor-widget-heading\" data-id=\"b2d585c\" data-element_type=\"widget\" data-e-type=\"widget\" data-widget_type=\"heading.default\">\n\t\t\t\t<div class=\"elementor-widget-container\">\n\t\t\t\t\t<h2 class=\"elementor-heading-title elementor-size-default\">Kit de nettoyage pour \u00e9cran<\/h2>\t\t\t\t<\/div>\n\t\t\t\t<\/div>\n\t\t\t\t<div class=\"elementor-element elementor-element-2602b25 elementor-widget elementor-widget-text-editor\" data-id=\"2602b25\" data-element_type=\"widget\" data-e-type=\"widget\" data-widget_type=\"text-editor.default\">\n\t\t\t\t<div class=\"elementor-widget-container\">\n\t\t\t\t\t\t\t\t\t<p>Le<strong>\u00a0kit de nettoyage INOVU N-59340A-SLB\u00a0<\/strong>vous permettra de garder une image de haute qualit\u00e9 en toutes circonstances. Vos ordinateurs, votre TV : tous vos \u00e9crans seront combl\u00e9s par l&#8217;efficacit\u00e9 de ce nettoyant hautes performances. Le gant fourni vous fournira l&#8217;outil id\u00e9al pour un nettoyage aussi doux qu&#8217;efficace. Voil\u00e0 le kit id\u00e9al pour une nettet\u00e9 impeccable, sans laisser de trace et ce de mani\u00e8re durable. Indispensable !<\/p>\t\t\t\t\t\t\t\t<\/div>\n\t\t\t\t<\/div>\n\t\t\t\t<\/div>\n\t\t\t\t<\/div>\n\t\t<div class=\"elementor-element elementor-element-757efc9 e-con-full e-flex e-con e-child\" data-id=\"757efc9\" data-element_type=\"container\" data-e-type=\"container\">\n\t\t<div class=\"elementor-element elementor-element-e18eb3e e-con-full e-flex e-con e-child\" data-id=\"e18eb3e\" data-element_type=\"container\" data-e-type=\"container\">\n\t\t\t\t<div class=\"elementor-element elementor-element-c3d81ff elementor-widget elementor-widget-image\" data-id=\"c3d81ff\" data-element_type=\"widget\" data-e-type=\"widget\" data-widget_type=\"image.default\">\n\t\t\t\t<div class=\"elementor-widget-container\">\n\t\t\t\t\t\t\t\t\t\t\t\t\t\t\t<img fetchpriority=\"high\" decoding=\"async\" width=\"1000\" height=\"1000\" src=\"https:\/\/www.inov-u.com\/wp-content\/uploads\/2024\/11\/N-59340A-SLB_04.png\" class=\"attachment-full size-full wp-image-5535\" alt=\"Gant microfibre pour nettoyer les \u00e9crans\" srcset=\"https:\/\/www.inov-u.com\/wp-content\/uploads\/2024\/11\/N-59340A-SLB_04.png 1000w, https:\/\/www.inov-u.com\/wp-content\/uploads\/2024\/11\/N-59340A-SLB_04-300x300.png 300w, https:\/\/www.inov-u.com\/wp-content\/uploads\/2024\/11\/N-59340A-SLB_04-150x150.png 150w, https:\/\/www.inov-u.com\/wp-content\/uploads\/2024\/11\/N-59340A-SLB_04-768x768.png 768w, https:\/\/www.inov-u.com\/wp-content\/uploads\/2024\/11\/N-59340A-SLB_04-700x700.png 700w, https:\/\/www.inov-u.com\/wp-content\/uploads\/2024\/11\/N-59340A-SLB_04-600x600.png 600w, https:\/\/www.inov-u.com\/wp-content\/uploads\/2024\/11\/N-59340A-SLB_04-100x100.png 100w\" sizes=\"(max-width: 1000px) 100vw, 1000px\" \/>\t\t\t\t\t\t\t\t\t\t\t\t\t\t\t<\/div>\n\t\t\t\t<\/div>\n\t\t\t\t<\/div>\n\t\t<div class=\"elementor-element elementor-element-e7f55b7 e-con-full e-flex e-con e-child\" data-id=\"e7f55b7\" data-element_type=\"container\" data-e-type=\"container\">\n\t\t\t\t<div class=\"elementor-element elementor-element-d9d7e98 elementor-widget elementor-widget-heading\" data-id=\"d9d7e98\" data-element_type=\"widget\" data-e-type=\"widget\" data-widget_type=\"heading.default\">\n\t\t\t\t<div class=\"elementor-widget-container\">\n\t\t\t\t\t<h2 class=\"elementor-heading-title elementor-size-default\">Caract\u00e9ristiques principales<\/h2>\t\t\t\t<\/div>\n\t\t\t\t<\/div>\n\t\t\t\t<div class=\"elementor-element elementor-element-21ee8a3 elementor-widget elementor-widget-text-editor\" data-id=\"21ee8a3\" data-element_type=\"widget\" data-e-type=\"widget\" data-widget_type=\"text-editor.default\">\n\t\t\t\t<div class=\"elementor-widget-container\">\n\t\t\t\t\t\t\t\t\t<ul><li>Nettoyant hautes performances<\/li><li>Gant microfibre pour un nettoyage doux et efficace<\/li><li>Produit \u00e9galement indiqu\u00e9 pour le nettoyage des dalles de TV<\/li><\/ul>\t\t\t\t\t\t\t\t<\/div>\n\t\t\t\t<\/div>\n\t\t\t\t<\/div>\n\t\t\t\t<\/div>\n\t\t\t\t<\/div>\n\t\t\t\t<\/div>\n\t\t\n","protected":false},"excerpt":{"rendered":"<p>Le kit de nettoyage INOVU N-59340A-SLB vous permettra de garder une image de haute qualit\u00e9 en toutes circonstances. Vos ordinateurs, votre TV : tous vos \u00e9crans seront combl\u00e9s par l&#8217;efficacit\u00e9 de ce nettoyant hautes performances.<\/p>\n","protected":false},"featured_media":5532,"comment_status":"open","ping_status":"closed","template":"","meta":{"_acf_changed":false},"product_brand":[],"product_cat":[46],"product_tag":[],"class_list":{"0":"post-5529","1":"product","2":"type-product","3":"status-publish","4":"has-post-thumbnail","6":"product_cat-nettoyage","8":"first","9":"instock","10":"shipping-taxable","11":"product-type-simple"},"acf":[],"yoast_head":"<!-- This site is optimized with the Yoast SEO plugin v27.4 - https:\/\/yoast.com\/product\/yoast-seo-wordpress\/ -->\n<title>INOVU | N-59340A-SLB<\/title>\n<meta name=\"robots\" content=\"index, follow, max-snippet:-1, max-image-preview:large, max-video-preview:-1\" \/>\n<link rel=\"canonical\" href=\"https:\/\/www.inov-u.com\/en\/products\/accessories\/cleaning-solution\/n-59340a-slb\/\" \/>\n<meta property=\"og:locale\" content=\"en_US\" \/>\n<meta property=\"og:type\" content=\"article\" \/>\n<meta property=\"og:title\" content=\"INOVU | N-59340A-SLB\" \/>\n<meta property=\"og:description\" content=\"Le kit de nettoyage INOVU N-59340A-SLB vous permettra de garder une image de haute qualit\u00e9 en toutes circonstances. Vos ordinateurs, votre TV : tous vos \u00e9crans seront combl\u00e9s par l&#039;efficacit\u00e9 de ce nettoyant hautes performances.\" \/>\n<meta property=\"og:url\" content=\"https:\/\/www.inov-u.com\/en\/products\/accessories\/cleaning-solution\/n-59340a-slb\/\" \/>\n<meta property=\"og:site_name\" content=\"INOVU\" \/>\n<meta property=\"article:modified_time\" content=\"2025-04-29T09:20:14+00:00\" \/>\n<meta property=\"og:image\" content=\"https:\/\/www.inov-u.com\/wp-content\/uploads\/2024\/11\/N-59340A-SLB_01.png\" \/>\n\t<meta property=\"og:image:width\" content=\"1000\" \/>\n\t<meta property=\"og:image:height\" content=\"1000\" \/>\n\t<meta property=\"og:image:type\" content=\"image\/png\" \/>\n<meta name=\"twitter:card\" content=\"summary_large_image\" \/>\n<meta name=\"twitter:label1\" content=\"Est. reading time\" \/>\n\t<meta name=\"twitter:data1\" content=\"1 minute\" \/>\n<script type=\"application\/ld+json\" class=\"yoast-schema-graph\">{\"@context\":\"https:\\\/\\\/schema.org\",\"@graph\":[{\"@type\":[\"WebPage\",\"ItemPage\"],\"@id\":\"https:\\\/\\\/www.inov-u.com\\\/en\\\/products\\\/accessories\\\/cleaning-solution\\\/n-59340a-slb\\\/\",\"url\":\"https:\\\/\\\/www.inov-u.com\\\/en\\\/products\\\/accessories\\\/cleaning-solution\\\/n-59340a-slb\\\/\",\"name\":\"INOVU | N-59340A-SLB\",\"isPartOf\":{\"@id\":\"https:\\\/\\\/www.inov-u.com\\\/en\\\/#website\"},\"primaryImageOfPage\":{\"@id\":\"https:\\\/\\\/www.inov-u.com\\\/en\\\/products\\\/accessories\\\/cleaning-solution\\\/n-59340a-slb\\\/#primaryimage\"},\"image\":{\"@id\":\"https:\\\/\\\/www.inov-u.com\\\/en\\\/products\\\/accessories\\\/cleaning-solution\\\/n-59340a-slb\\\/#primaryimage\"},\"thumbnailUrl\":\"https:\\\/\\\/www.inov-u.com\\\/wp-content\\\/uploads\\\/2024\\\/11\\\/N-59340A-SLB_01.png\",\"datePublished\":\"2024-11-04T10:45:53+00:00\",\"dateModified\":\"2025-04-29T09:20:14+00:00\",\"breadcrumb\":{\"@id\":\"https:\\\/\\\/www.inov-u.com\\\/en\\\/products\\\/accessories\\\/cleaning-solution\\\/n-59340a-slb\\\/#breadcrumb\"},\"inLanguage\":\"en-US\",\"potentialAction\":[{\"@type\":\"ReadAction\",\"target\":[\"https:\\\/\\\/www.inov-u.com\\\/en\\\/products\\\/accessories\\\/cleaning-solution\\\/n-59340a-slb\\\/\"]}]},{\"@type\":\"ImageObject\",\"inLanguage\":\"en-US\",\"@id\":\"https:\\\/\\\/www.inov-u.com\\\/en\\\/products\\\/accessories\\\/cleaning-solution\\\/n-59340a-slb\\\/#primaryimage\",\"url\":\"https:\\\/\\\/www.inov-u.com\\\/wp-content\\\/uploads\\\/2024\\\/11\\\/N-59340A-SLB_01.png\",\"contentUrl\":\"https:\\\/\\\/www.inov-u.com\\\/wp-content\\\/uploads\\\/2024\\\/11\\\/N-59340A-SLB_01.png\",\"width\":1000,\"height\":1000,\"caption\":\"Kit de nettoyage\"},{\"@type\":\"BreadcrumbList\",\"@id\":\"https:\\\/\\\/www.inov-u.com\\\/en\\\/products\\\/accessories\\\/cleaning-solution\\\/n-59340a-slb\\\/#breadcrumb\",\"itemListElement\":[{\"@type\":\"ListItem\",\"position\":1,\"name\":\"Home\",\"item\":\"https:\\\/\\\/www.inov-u.com\\\/en\\\/\"},{\"@type\":\"ListItem\",\"position\":2,\"name\":\"Products\",\"item\":\"https:\\\/\\\/www.inov-u.com\\\/nos-univers\\\/\"},{\"@type\":\"ListItem\",\"position\":3,\"name\":\"Accessories\",\"item\":\"https:\\\/\\\/www.inov-u.com\\\/en\\\/nos-univers\\\/accessories\\\/\"},{\"@type\":\"ListItem\",\"position\":4,\"name\":\"Cleaning solution\",\"item\":\"https:\\\/\\\/www.inov-u.com\\\/en\\\/nos-univers\\\/accessories\\\/cleaning-solution\\\/\"},{\"@type\":\"ListItem\",\"position\":5,\"name\":\"N-59340A-SLB\"}]},{\"@type\":\"WebSite\",\"@id\":\"https:\\\/\\\/www.inov-u.com\\\/en\\\/#website\",\"url\":\"https:\\\/\\\/www.inov-u.com\\\/en\\\/\",\"name\":\"INOVU\",\"description\":\"L&#039;\u00e9quipement informatique du quotidien\",\"publisher\":{\"@id\":\"https:\\\/\\\/www.inov-u.com\\\/en\\\/#organization\"},\"potentialAction\":[{\"@type\":\"SearchAction\",\"target\":{\"@type\":\"EntryPoint\",\"urlTemplate\":\"https:\\\/\\\/www.inov-u.com\\\/en\\\/?s={search_term_string}\"},\"query-input\":{\"@type\":\"PropertyValueSpecification\",\"valueRequired\":true,\"valueName\":\"search_term_string\"}}],\"inLanguage\":\"en-US\"},{\"@type\":\"Organization\",\"@id\":\"https:\\\/\\\/www.inov-u.com\\\/en\\\/#organization\",\"name\":\"INOVU\",\"url\":\"https:\\\/\\\/www.inov-u.com\\\/en\\\/\",\"logo\":{\"@type\":\"ImageObject\",\"inLanguage\":\"en-US\",\"@id\":\"https:\\\/\\\/www.inov-u.com\\\/en\\\/#\\\/schema\\\/logo\\\/image\\\/\",\"url\":\"https:\\\/\\\/www.inov-u.com\\\/wp-content\\\/uploads\\\/2024\\\/02\\\/inovu_favicon.png\",\"contentUrl\":\"https:\\\/\\\/www.inov-u.com\\\/wp-content\\\/uploads\\\/2024\\\/02\\\/inovu_favicon.png\",\"width\":512,\"height\":512,\"caption\":\"INOVU\"},\"image\":{\"@id\":\"https:\\\/\\\/www.inov-u.com\\\/en\\\/#\\\/schema\\\/logo\\\/image\\\/\"}}]}<\/script>\n<!-- \/ Yoast SEO plugin. -->","yoast_head_json":{"title":"INOVU | N-59340A-SLB","robots":{"index":"index","follow":"follow","max-snippet":"max-snippet:-1","max-image-preview":"max-image-preview:large","max-video-preview":"max-video-preview:-1"},"canonical":"https:\/\/www.inov-u.com\/en\/products\/accessories\/cleaning-solution\/n-59340a-slb\/","og_locale":"en_US","og_type":"article","og_title":"INOVU | N-59340A-SLB","og_description":"Le kit de nettoyage INOVU N-59340A-SLB vous permettra de garder une image de haute qualit\u00e9 en toutes circonstances. Vos ordinateurs, votre TV : tous vos \u00e9crans seront combl\u00e9s par l'efficacit\u00e9 de ce nettoyant hautes performances.","og_url":"https:\/\/www.inov-u.com\/en\/products\/accessories\/cleaning-solution\/n-59340a-slb\/","og_site_name":"INOVU","article_modified_time":"2025-04-29T09:20:14+00:00","og_image":[{"width":1000,"height":1000,"url":"https:\/\/www.inov-u.com\/wp-content\/uploads\/2024\/11\/N-59340A-SLB_01.png","type":"image\/png"}],"twitter_card":"summary_large_image","twitter_misc":{"Est. reading time":"1 minute"},"schema":{"@context":"https:\/\/schema.org","@graph":[{"@type":["WebPage","ItemPage"],"@id":"https:\/\/www.inov-u.com\/en\/products\/accessories\/cleaning-solution\/n-59340a-slb\/","url":"https:\/\/www.inov-u.com\/en\/products\/accessories\/cleaning-solution\/n-59340a-slb\/","name":"INOVU | N-59340A-SLB","isPartOf":{"@id":"https:\/\/www.inov-u.com\/en\/#website"},"primaryImageOfPage":{"@id":"https:\/\/www.inov-u.com\/en\/products\/accessories\/cleaning-solution\/n-59340a-slb\/#primaryimage"},"image":{"@id":"https:\/\/www.inov-u.com\/en\/products\/accessories\/cleaning-solution\/n-59340a-slb\/#primaryimage"},"thumbnailUrl":"https:\/\/www.inov-u.com\/wp-content\/uploads\/2024\/11\/N-59340A-SLB_01.png","datePublished":"2024-11-04T10:45:53+00:00","dateModified":"2025-04-29T09:20:14+00:00","breadcrumb":{"@id":"https:\/\/www.inov-u.com\/en\/products\/accessories\/cleaning-solution\/n-59340a-slb\/#breadcrumb"},"inLanguage":"en-US","potentialAction":[{"@type":"ReadAction","target":["https:\/\/www.inov-u.com\/en\/products\/accessories\/cleaning-solution\/n-59340a-slb\/"]}]},{"@type":"ImageObject","inLanguage":"en-US","@id":"https:\/\/www.inov-u.com\/en\/products\/accessories\/cleaning-solution\/n-59340a-slb\/#primaryimage","url":"https:\/\/www.inov-u.com\/wp-content\/uploads\/2024\/11\/N-59340A-SLB_01.png","contentUrl":"https:\/\/www.inov-u.com\/wp-content\/uploads\/2024\/11\/N-59340A-SLB_01.png","width":1000,"height":1000,"caption":"Kit de nettoyage"},{"@type":"BreadcrumbList","@id":"https:\/\/www.inov-u.com\/en\/products\/accessories\/cleaning-solution\/n-59340a-slb\/#breadcrumb","itemListElement":[{"@type":"ListItem","position":1,"name":"Home","item":"https:\/\/www.inov-u.com\/en\/"},{"@type":"ListItem","position":2,"name":"Products","item":"https:\/\/www.inov-u.com\/nos-univers\/"},{"@type":"ListItem","position":3,"name":"Accessories","item":"https:\/\/www.inov-u.com\/en\/nos-univers\/accessories\/"},{"@type":"ListItem","position":4,"name":"Cleaning solution","item":"https:\/\/www.inov-u.com\/en\/nos-univers\/accessories\/cleaning-solution\/"},{"@type":"ListItem","position":5,"name":"N-59340A-SLB"}]},{"@type":"WebSite","@id":"https:\/\/www.inov-u.com\/en\/#website","url":"https:\/\/www.inov-u.com\/en\/","name":"INOVU","description":"L&#039;\u00e9quipement informatique du quotidien","publisher":{"@id":"https:\/\/www.inov-u.com\/en\/#organization"},"potentialAction":[{"@type":"SearchAction","target":{"@type":"EntryPoint","urlTemplate":"https:\/\/www.inov-u.com\/en\/?s={search_term_string}"},"query-input":{"@type":"PropertyValueSpecification","valueRequired":true,"valueName":"search_term_string"}}],"inLanguage":"en-US"},{"@type":"Organization","@id":"https:\/\/www.inov-u.com\/en\/#organization","name":"INOVU","url":"https:\/\/www.inov-u.com\/en\/","logo":{"@type":"ImageObject","inLanguage":"en-US","@id":"https:\/\/www.inov-u.com\/en\/#\/schema\/logo\/image\/","url":"https:\/\/www.inov-u.com\/wp-content\/uploads\/2024\/02\/inovu_favicon.png","contentUrl":"https:\/\/www.inov-u.com\/wp-content\/uploads\/2024\/02\/inovu_favicon.png","width":512,"height":512,"caption":"INOVU"},"image":{"@id":"https:\/\/www.inov-u.com\/en\/#\/schema\/logo\/image\/"}}]}},"_links":{"self":[{"href":"https:\/\/www.inov-u.com\/en\/wp-json\/wp\/v2\/product\/5529","targetHints":{"allow":["GET"]}}],"collection":[{"href":"https:\/\/www.inov-u.com\/en\/wp-json\/wp\/v2\/product"}],"about":[{"href":"https:\/\/www.inov-u.com\/en\/wp-json\/wp\/v2\/types\/product"}],"replies":[{"embeddable":true,"href":"https:\/\/www.inov-u.com\/en\/wp-json\/wp\/v2\/comments?post=5529"}],"version-history":[{"count":1,"href":"https:\/\/www.inov-u.com\/en\/wp-json\/wp\/v2\/product\/5529\/revisions"}],"predecessor-version":[{"id":9985,"href":"https:\/\/www.inov-u.com\/en\/wp-json\/wp\/v2\/product\/5529\/revisions\/9985"}],"wp:featuredmedia":[{"embeddable":true,"href":"https:\/\/www.inov-u.com\/en\/wp-json\/wp\/v2\/media\/5532"}],"wp:attachment":[{"href":"https:\/\/www.inov-u.com\/en\/wp-json\/wp\/v2\/media?parent=5529"}],"wp:term":[{"taxonomy":"product_brand","embeddable":true,"href":"https:\/\/www.inov-u.com\/en\/wp-json\/wp\/v2\/product_brand?post=5529"},{"taxonomy":"product_cat","embeddable":true,"href":"https:\/\/www.inov-u.com\/en\/wp-json\/wp\/v2\/product_cat?post=5529"},{"taxonomy":"product_tag","embeddable":true,"href":"https:\/\/www.inov-u.com\/en\/wp-json\/wp\/v2\/product_tag?post=5529"}],"curies":[{"name":"wp","href":"https:\/\/api.w.org\/{rel}","templated":true}]}}