{"id":5547,"date":"2024-11-04T12:03:57","date_gmt":"2024-11-04T11:03:57","guid":{"rendered":"https:\/\/www.inov-u.com\/?post_type=product&#038;p=5547"},"modified":"2025-06-02T23:17:10","modified_gmt":"2025-06-02T21:17:10","slug":"ne-50","status":"publish","type":"product","link":"https:\/\/www.inov-u.com\/en\/products\/accessories\/cleaning-solution\/ne-50\/","title":{"rendered":"NE-50"},"content":{"rendered":"\t\t<div data-elementor-type=\"container\" data-elementor-id=\"5551\" class=\"elementor elementor-5551\" data-elementor-post-type=\"elementor_library\">\n\t\t\t\t<div class=\"elementor-element elementor-element-7975e6c e-con-full e-flex e-con e-parent\" data-id=\"7975e6c\" data-element_type=\"container\" data-e-type=\"container\">\n\t\t<div class=\"elementor-element elementor-element-8f159db e-con-full e-flex e-con e-child\" data-id=\"8f159db\" data-element_type=\"container\" data-e-type=\"container\">\n\t\t<div class=\"elementor-element elementor-element-be6fc47 e-con-full e-flex e-con e-child\" data-id=\"be6fc47\" data-element_type=\"container\" data-e-type=\"container\">\n\t\t\t\t<div class=\"elementor-element elementor-element-b2d585c elementor-widget elementor-widget-heading\" data-id=\"b2d585c\" data-element_type=\"widget\" data-e-type=\"widget\" data-widget_type=\"heading.default\">\n\t\t\t\t<div class=\"elementor-widget-container\">\n\t\t\t\t\t<h2 class=\"elementor-heading-title elementor-size-default\">Kit de nettoyage pour \u00e9cran<\/h2>\t\t\t\t<\/div>\n\t\t\t\t<\/div>\n\t\t\t\t<div class=\"elementor-element elementor-element-2602b25 elementor-widget elementor-widget-text-editor\" data-id=\"2602b25\" data-element_type=\"widget\" data-e-type=\"widget\" data-widget_type=\"text-editor.default\">\n\t\t\t\t<div class=\"elementor-widget-container\">\n\t\t\t\t\t\t\t\t\t<p>Obtenez un r\u00e9sultat parfait en utilisant sur vos \u00e9crans le\u00a0<strong>kit de nettoyage\u00a0INOVU NE-50<\/strong>\u00a0!\u00a0Compos\u00e9 d&#8217;un chiffon en microfibres et d&#8217;un\u00a0liquide nettoyant, ce\u00a0<strong>kit de nettoyage INOVU\u00a0<\/strong>est con\u00e7u pour nettoyer l&#8217;\u00e9cran, sans laisser de r\u00e9sidus ni occasionner de rayures.<\/p>\t\t\t\t\t\t\t\t<\/div>\n\t\t\t\t<\/div>\n\t\t\t\t<\/div>\n\t\t\t\t<\/div>\n\t\t<div class=\"elementor-element elementor-element-757efc9 e-con-full e-flex e-con e-child\" data-id=\"757efc9\" data-element_type=\"container\" data-e-type=\"container\">\n\t\t<div class=\"elementor-element elementor-element-e18eb3e e-con-full e-flex e-con e-child\" data-id=\"e18eb3e\" data-element_type=\"container\" data-e-type=\"container\">\n\t\t\t\t<div class=\"elementor-element elementor-element-c3d81ff elementor-widget elementor-widget-image\" data-id=\"c3d81ff\" data-element_type=\"widget\" data-e-type=\"widget\" data-widget_type=\"image.default\">\n\t\t\t\t<div class=\"elementor-widget-container\">\n\t\t\t\t\t\t\t\t\t\t\t\t\t\t\t<img fetchpriority=\"high\" decoding=\"async\" width=\"1000\" height=\"1000\" src=\"https:\/\/www.inov-u.com\/wp-content\/uploads\/2024\/11\/NE-50_02.png\" class=\"attachment-full size-full wp-image-5549\" alt=\"Liquide con\u00e7u pour nettoyer les \u00e9crans lcd\" srcset=\"https:\/\/www.inov-u.com\/wp-content\/uploads\/2024\/11\/NE-50_02.png 1000w, https:\/\/www.inov-u.com\/wp-content\/uploads\/2024\/11\/NE-50_02-300x300.png 300w, https:\/\/www.inov-u.com\/wp-content\/uploads\/2024\/11\/NE-50_02-150x150.png 150w, https:\/\/www.inov-u.com\/wp-content\/uploads\/2024\/11\/NE-50_02-768x768.png 768w, https:\/\/www.inov-u.com\/wp-content\/uploads\/2024\/11\/NE-50_02-700x700.png 700w, https:\/\/www.inov-u.com\/wp-content\/uploads\/2024\/11\/NE-50_02-600x600.png 600w, https:\/\/www.inov-u.com\/wp-content\/uploads\/2024\/11\/NE-50_02-100x100.png 100w\" sizes=\"(max-width: 1000px) 100vw, 1000px\" \/>\t\t\t\t\t\t\t\t\t\t\t\t\t\t\t<\/div>\n\t\t\t\t<\/div>\n\t\t\t\t<\/div>\n\t\t<div class=\"elementor-element elementor-element-e7f55b7 e-con-full e-flex e-con e-child\" data-id=\"e7f55b7\" data-element_type=\"container\" data-e-type=\"container\">\n\t\t\t\t<div class=\"elementor-element elementor-element-d9d7e98 elementor-widget elementor-widget-heading\" data-id=\"d9d7e98\" data-element_type=\"widget\" data-e-type=\"widget\" data-widget_type=\"heading.default\">\n\t\t\t\t<div class=\"elementor-widget-container\">\n\t\t\t\t\t<h2 class=\"elementor-heading-title elementor-size-default\">Caract\u00e9ristiques principales<\/h2>\t\t\t\t<\/div>\n\t\t\t\t<\/div>\n\t\t\t\t<div class=\"elementor-element elementor-element-21ee8a3 elementor-widget elementor-widget-text-editor\" data-id=\"21ee8a3\" data-element_type=\"widget\" data-e-type=\"widget\" data-widget_type=\"text-editor.default\">\n\t\t\t\t<div class=\"elementor-widget-container\">\n\t\t\t\t\t\t\t\t\t<ul><li>Kit de nettoyage con\u00e7u sp\u00e9cialement pour le nettoyage des \u00e9crans LCD (TV, moniteur, lecteur mp3, smartphone,..)<\/li><li>Chiffon doux en microfibres et 50 ml de\u00a0liquide nettoyant<\/li><li>Con\u00e7u sp\u00e9cialement pour le nettoyage des \u00e9crans LCD<\/li><li>Aucun r\u00e9sidu sur l&#8217;\u00e9cran apr\u00e8s le nettoyage<\/li><\/ul>\t\t\t\t\t\t\t\t<\/div>\n\t\t\t\t<\/div>\n\t\t\t\t<\/div>\n\t\t\t\t<\/div>\n\t\t\t\t<\/div>\n\t\t\t\t<\/div>\n\t\t\n","protected":false},"excerpt":{"rendered":"<p>Obtenez un r\u00e9sultat parfait en utilisant sur vos \u00e9crans le kit de nettoyage\u00a0INOVU NE-50 !\u00a0Compos\u00e9 d&#8217;un chiffon en microfibres et d&#8217;un\u00a0liquide nettoyant, ce kit de nettoyage INOVU\u00a0est con\u00e7u pour nettoyer l&#8217;\u00e9cran, sans laisser de r\u00e9sidus ni occasionner de rayures.<\/p>\n","protected":false},"featured_media":5548,"comment_status":"open","ping_status":"closed","template":"","meta":{"_acf_changed":false},"product_brand":[],"product_cat":[46],"product_tag":[],"class_list":{"0":"post-5547","1":"product","2":"type-product","3":"status-publish","4":"has-post-thumbnail","6":"product_cat-nettoyage","8":"first","9":"instock","10":"shipping-taxable","11":"product-type-simple"},"acf":[],"yoast_head":"<!-- This site is optimized with the Yoast SEO plugin v27.4 - https:\/\/yoast.com\/product\/yoast-seo-wordpress\/ -->\n<title>INOVU | NE-50<\/title>\n<meta name=\"robots\" content=\"index, follow, max-snippet:-1, max-image-preview:large, max-video-preview:-1\" \/>\n<link rel=\"canonical\" href=\"https:\/\/www.inov-u.com\/en\/products\/accessories\/cleaning-solution\/ne-50\/\" \/>\n<meta property=\"og:locale\" content=\"en_US\" \/>\n<meta property=\"og:type\" content=\"article\" \/>\n<meta property=\"og:title\" content=\"INOVU | NE-50\" \/>\n<meta property=\"og:description\" content=\"Obtenez un r\u00e9sultat parfait en utilisant sur vos \u00e9crans le kit de nettoyage\u00a0INOVU NE-50 !\u00a0Compos\u00e9 d&#039;un chiffon en microfibres et d&#039;un\u00a0liquide nettoyant, ce kit de nettoyage INOVU\u00a0est con\u00e7u pour nettoyer l&#039;\u00e9cran, sans laisser de r\u00e9sidus ni occasionner de rayures.\" \/>\n<meta property=\"og:url\" content=\"https:\/\/www.inov-u.com\/en\/products\/accessories\/cleaning-solution\/ne-50\/\" \/>\n<meta property=\"og:site_name\" content=\"INOVU\" \/>\n<meta property=\"article:modified_time\" content=\"2025-06-02T21:17:10+00:00\" \/>\n<meta property=\"og:image\" content=\"https:\/\/www.inov-u.com\/wp-content\/uploads\/2024\/11\/NE-50_01.png\" \/>\n\t<meta property=\"og:image:width\" content=\"1000\" \/>\n\t<meta property=\"og:image:height\" content=\"1000\" \/>\n\t<meta property=\"og:image:type\" content=\"image\/png\" \/>\n<meta name=\"twitter:card\" content=\"summary_large_image\" \/>\n<meta name=\"twitter:label1\" content=\"Est. reading time\" \/>\n\t<meta name=\"twitter:data1\" content=\"1 minute\" \/>\n<script type=\"application\/ld+json\" class=\"yoast-schema-graph\">{\"@context\":\"https:\\\/\\\/schema.org\",\"@graph\":[{\"@type\":[\"WebPage\",\"ItemPage\"],\"@id\":\"https:\\\/\\\/www.inov-u.com\\\/en\\\/products\\\/accessories\\\/cleaning-solution\\\/ne-50\\\/\",\"url\":\"https:\\\/\\\/www.inov-u.com\\\/en\\\/products\\\/accessories\\\/cleaning-solution\\\/ne-50\\\/\",\"name\":\"INOVU | NE-50\",\"isPartOf\":{\"@id\":\"https:\\\/\\\/www.inov-u.com\\\/en\\\/#website\"},\"primaryImageOfPage\":{\"@id\":\"https:\\\/\\\/www.inov-u.com\\\/en\\\/products\\\/accessories\\\/cleaning-solution\\\/ne-50\\\/#primaryimage\"},\"image\":{\"@id\":\"https:\\\/\\\/www.inov-u.com\\\/en\\\/products\\\/accessories\\\/cleaning-solution\\\/ne-50\\\/#primaryimage\"},\"thumbnailUrl\":\"https:\\\/\\\/www.inov-u.com\\\/wp-content\\\/uploads\\\/2024\\\/11\\\/NE-50_01.png\",\"datePublished\":\"2024-11-04T11:03:57+00:00\",\"dateModified\":\"2025-06-02T21:17:10+00:00\",\"breadcrumb\":{\"@id\":\"https:\\\/\\\/www.inov-u.com\\\/en\\\/products\\\/accessories\\\/cleaning-solution\\\/ne-50\\\/#breadcrumb\"},\"inLanguage\":\"en-US\",\"potentialAction\":[{\"@type\":\"ReadAction\",\"target\":[\"https:\\\/\\\/www.inov-u.com\\\/en\\\/products\\\/accessories\\\/cleaning-solution\\\/ne-50\\\/\"]}]},{\"@type\":\"ImageObject\",\"inLanguage\":\"en-US\",\"@id\":\"https:\\\/\\\/www.inov-u.com\\\/en\\\/products\\\/accessories\\\/cleaning-solution\\\/ne-50\\\/#primaryimage\",\"url\":\"https:\\\/\\\/www.inov-u.com\\\/wp-content\\\/uploads\\\/2024\\\/11\\\/NE-50_01.png\",\"contentUrl\":\"https:\\\/\\\/www.inov-u.com\\\/wp-content\\\/uploads\\\/2024\\\/11\\\/NE-50_01.png\",\"width\":1000,\"height\":1000,\"caption\":\"Liquide qui nettoye les \u00e9crans\"},{\"@type\":\"BreadcrumbList\",\"@id\":\"https:\\\/\\\/www.inov-u.com\\\/en\\\/products\\\/accessories\\\/cleaning-solution\\\/ne-50\\\/#breadcrumb\",\"itemListElement\":[{\"@type\":\"ListItem\",\"position\":1,\"name\":\"Home\",\"item\":\"https:\\\/\\\/www.inov-u.com\\\/en\\\/\"},{\"@type\":\"ListItem\",\"position\":2,\"name\":\"Products\",\"item\":\"https:\\\/\\\/www.inov-u.com\\\/nos-univers\\\/\"},{\"@type\":\"ListItem\",\"position\":3,\"name\":\"Accessories\",\"item\":\"https:\\\/\\\/www.inov-u.com\\\/en\\\/nos-univers\\\/accessories\\\/\"},{\"@type\":\"ListItem\",\"position\":4,\"name\":\"Cleaning solution\",\"item\":\"https:\\\/\\\/www.inov-u.com\\\/en\\\/nos-univers\\\/accessories\\\/cleaning-solution\\\/\"},{\"@type\":\"ListItem\",\"position\":5,\"name\":\"NE-50\"}]},{\"@type\":\"WebSite\",\"@id\":\"https:\\\/\\\/www.inov-u.com\\\/en\\\/#website\",\"url\":\"https:\\\/\\\/www.inov-u.com\\\/en\\\/\",\"name\":\"INOVU\",\"description\":\"L&#039;\u00e9quipement informatique du quotidien\",\"publisher\":{\"@id\":\"https:\\\/\\\/www.inov-u.com\\\/en\\\/#organization\"},\"potentialAction\":[{\"@type\":\"SearchAction\",\"target\":{\"@type\":\"EntryPoint\",\"urlTemplate\":\"https:\\\/\\\/www.inov-u.com\\\/en\\\/?s={search_term_string}\"},\"query-input\":{\"@type\":\"PropertyValueSpecification\",\"valueRequired\":true,\"valueName\":\"search_term_string\"}}],\"inLanguage\":\"en-US\"},{\"@type\":\"Organization\",\"@id\":\"https:\\\/\\\/www.inov-u.com\\\/en\\\/#organization\",\"name\":\"INOVU\",\"url\":\"https:\\\/\\\/www.inov-u.com\\\/en\\\/\",\"logo\":{\"@type\":\"ImageObject\",\"inLanguage\":\"en-US\",\"@id\":\"https:\\\/\\\/www.inov-u.com\\\/en\\\/#\\\/schema\\\/logo\\\/image\\\/\",\"url\":\"https:\\\/\\\/www.inov-u.com\\\/wp-content\\\/uploads\\\/2024\\\/02\\\/inovu_favicon.png\",\"contentUrl\":\"https:\\\/\\\/www.inov-u.com\\\/wp-content\\\/uploads\\\/2024\\\/02\\\/inovu_favicon.png\",\"width\":512,\"height\":512,\"caption\":\"INOVU\"},\"image\":{\"@id\":\"https:\\\/\\\/www.inov-u.com\\\/en\\\/#\\\/schema\\\/logo\\\/image\\\/\"}}]}<\/script>\n<!-- \/ Yoast SEO plugin. -->","yoast_head_json":{"title":"INOVU | NE-50","robots":{"index":"index","follow":"follow","max-snippet":"max-snippet:-1","max-image-preview":"max-image-preview:large","max-video-preview":"max-video-preview:-1"},"canonical":"https:\/\/www.inov-u.com\/en\/products\/accessories\/cleaning-solution\/ne-50\/","og_locale":"en_US","og_type":"article","og_title":"INOVU | NE-50","og_description":"Obtenez un r\u00e9sultat parfait en utilisant sur vos \u00e9crans le kit de nettoyage\u00a0INOVU NE-50 !\u00a0Compos\u00e9 d'un chiffon en microfibres et d'un\u00a0liquide nettoyant, ce kit de nettoyage INOVU\u00a0est con\u00e7u pour nettoyer l'\u00e9cran, sans laisser de r\u00e9sidus ni occasionner de rayures.","og_url":"https:\/\/www.inov-u.com\/en\/products\/accessories\/cleaning-solution\/ne-50\/","og_site_name":"INOVU","article_modified_time":"2025-06-02T21:17:10+00:00","og_image":[{"width":1000,"height":1000,"url":"https:\/\/www.inov-u.com\/wp-content\/uploads\/2024\/11\/NE-50_01.png","type":"image\/png"}],"twitter_card":"summary_large_image","twitter_misc":{"Est. reading time":"1 minute"},"schema":{"@context":"https:\/\/schema.org","@graph":[{"@type":["WebPage","ItemPage"],"@id":"https:\/\/www.inov-u.com\/en\/products\/accessories\/cleaning-solution\/ne-50\/","url":"https:\/\/www.inov-u.com\/en\/products\/accessories\/cleaning-solution\/ne-50\/","name":"INOVU | NE-50","isPartOf":{"@id":"https:\/\/www.inov-u.com\/en\/#website"},"primaryImageOfPage":{"@id":"https:\/\/www.inov-u.com\/en\/products\/accessories\/cleaning-solution\/ne-50\/#primaryimage"},"image":{"@id":"https:\/\/www.inov-u.com\/en\/products\/accessories\/cleaning-solution\/ne-50\/#primaryimage"},"thumbnailUrl":"https:\/\/www.inov-u.com\/wp-content\/uploads\/2024\/11\/NE-50_01.png","datePublished":"2024-11-04T11:03:57+00:00","dateModified":"2025-06-02T21:17:10+00:00","breadcrumb":{"@id":"https:\/\/www.inov-u.com\/en\/products\/accessories\/cleaning-solution\/ne-50\/#breadcrumb"},"inLanguage":"en-US","potentialAction":[{"@type":"ReadAction","target":["https:\/\/www.inov-u.com\/en\/products\/accessories\/cleaning-solution\/ne-50\/"]}]},{"@type":"ImageObject","inLanguage":"en-US","@id":"https:\/\/www.inov-u.com\/en\/products\/accessories\/cleaning-solution\/ne-50\/#primaryimage","url":"https:\/\/www.inov-u.com\/wp-content\/uploads\/2024\/11\/NE-50_01.png","contentUrl":"https:\/\/www.inov-u.com\/wp-content\/uploads\/2024\/11\/NE-50_01.png","width":1000,"height":1000,"caption":"Liquide qui nettoye les \u00e9crans"},{"@type":"BreadcrumbList","@id":"https:\/\/www.inov-u.com\/en\/products\/accessories\/cleaning-solution\/ne-50\/#breadcrumb","itemListElement":[{"@type":"ListItem","position":1,"name":"Home","item":"https:\/\/www.inov-u.com\/en\/"},{"@type":"ListItem","position":2,"name":"Products","item":"https:\/\/www.inov-u.com\/nos-univers\/"},{"@type":"ListItem","position":3,"name":"Accessories","item":"https:\/\/www.inov-u.com\/en\/nos-univers\/accessories\/"},{"@type":"ListItem","position":4,"name":"Cleaning solution","item":"https:\/\/www.inov-u.com\/en\/nos-univers\/accessories\/cleaning-solution\/"},{"@type":"ListItem","position":5,"name":"NE-50"}]},{"@type":"WebSite","@id":"https:\/\/www.inov-u.com\/en\/#website","url":"https:\/\/www.inov-u.com\/en\/","name":"INOVU","description":"L&#039;\u00e9quipement informatique du quotidien","publisher":{"@id":"https:\/\/www.inov-u.com\/en\/#organization"},"potentialAction":[{"@type":"SearchAction","target":{"@type":"EntryPoint","urlTemplate":"https:\/\/www.inov-u.com\/en\/?s={search_term_string}"},"query-input":{"@type":"PropertyValueSpecification","valueRequired":true,"valueName":"search_term_string"}}],"inLanguage":"en-US"},{"@type":"Organization","@id":"https:\/\/www.inov-u.com\/en\/#organization","name":"INOVU","url":"https:\/\/www.inov-u.com\/en\/","logo":{"@type":"ImageObject","inLanguage":"en-US","@id":"https:\/\/www.inov-u.com\/en\/#\/schema\/logo\/image\/","url":"https:\/\/www.inov-u.com\/wp-content\/uploads\/2024\/02\/inovu_favicon.png","contentUrl":"https:\/\/www.inov-u.com\/wp-content\/uploads\/2024\/02\/inovu_favicon.png","width":512,"height":512,"caption":"INOVU"},"image":{"@id":"https:\/\/www.inov-u.com\/en\/#\/schema\/logo\/image\/"}}]}},"_links":{"self":[{"href":"https:\/\/www.inov-u.com\/en\/wp-json\/wp\/v2\/product\/5547","targetHints":{"allow":["GET"]}}],"collection":[{"href":"https:\/\/www.inov-u.com\/en\/wp-json\/wp\/v2\/product"}],"about":[{"href":"https:\/\/www.inov-u.com\/en\/wp-json\/wp\/v2\/types\/product"}],"replies":[{"embeddable":true,"href":"https:\/\/www.inov-u.com\/en\/wp-json\/wp\/v2\/comments?post=5547"}],"version-history":[{"count":1,"href":"https:\/\/www.inov-u.com\/en\/wp-json\/wp\/v2\/product\/5547\/revisions"}],"predecessor-version":[{"id":9983,"href":"https:\/\/www.inov-u.com\/en\/wp-json\/wp\/v2\/product\/5547\/revisions\/9983"}],"wp:featuredmedia":[{"embeddable":true,"href":"https:\/\/www.inov-u.com\/en\/wp-json\/wp\/v2\/media\/5548"}],"wp:attachment":[{"href":"https:\/\/www.inov-u.com\/en\/wp-json\/wp\/v2\/media?parent=5547"}],"wp:term":[{"taxonomy":"product_brand","embeddable":true,"href":"https:\/\/www.inov-u.com\/en\/wp-json\/wp\/v2\/product_brand?post=5547"},{"taxonomy":"product_cat","embeddable":true,"href":"https:\/\/www.inov-u.com\/en\/wp-json\/wp\/v2\/product_cat?post=5547"},{"taxonomy":"product_tag","embeddable":true,"href":"https:\/\/www.inov-u.com\/en\/wp-json\/wp\/v2\/product_tag?post=5547"}],"curies":[{"name":"wp","href":"https:\/\/api.w.org\/{rel}","templated":true}]}}