{"id":5564,"date":"2024-11-04T12:13:43","date_gmt":"2024-11-04T11:13:43","guid":{"rendered":"https:\/\/www.inov-u.com\/?post_type=product&#038;p=5564"},"modified":"2026-01-07T16:41:07","modified_gmt":"2026-01-07T15:41:07","slug":"fixem-all-pro-kit","status":"publish","type":"product","link":"https:\/\/www.inov-u.com\/en\/products\/accessories\/tools\/fixem-all-pro-kit\/","title":{"rendered":"FIX&#8217;EM ALL Pro Kit"},"content":{"rendered":"\t\t<div data-elementor-type=\"container\" data-elementor-id=\"5565\" class=\"elementor elementor-5565\" data-elementor-post-type=\"elementor_library\">\n\t\t\t\t<div class=\"elementor-element elementor-element-7975e6c e-con-full e-flex e-con e-parent\" data-id=\"7975e6c\" data-element_type=\"container\" data-e-type=\"container\">\n\t\t<div class=\"elementor-element elementor-element-8f159db e-con-full e-flex e-con e-child\" data-id=\"8f159db\" data-element_type=\"container\" data-e-type=\"container\">\n\t\t<div class=\"elementor-element elementor-element-be6fc47 e-con-full e-flex e-con e-child\" data-id=\"be6fc47\" data-element_type=\"container\" data-e-type=\"container\">\n\t\t\t\t<div class=\"elementor-element elementor-element-b2d585c elementor-widget elementor-widget-heading\" data-id=\"b2d585c\" data-element_type=\"widget\" data-e-type=\"widget\" data-widget_type=\"heading.default\">\n\t\t\t\t<div class=\"elementor-widget-container\">\n\t\t\t\t\t<h2 class=\"elementor-heading-title elementor-size-default\">Kit tournevis et accessoires de pr\u00e9cision de qualit\u00e9 professionnelle<\/h2>\t\t\t\t<\/div>\n\t\t\t\t<\/div>\n\t\t\t\t<div class=\"elementor-element elementor-element-2602b25 elementor-widget elementor-widget-text-editor\" data-id=\"2602b25\" data-element_type=\"widget\" data-e-type=\"widget\" data-widget_type=\"text-editor.default\">\n\t\t\t\t<div class=\"elementor-widget-container\">\n\t\t\t\t\t\t\t\t\t<p>Le\u00a0<strong>INOVU FIX&#8217;EM ALL Pro Kit<\/strong>\u00a0est un kit complet de tournevis et d&#8217;accessoires con\u00e7u pour assurer la maintenance, l&#8217;entretien et les r\u00e9parations des PC, PC portables, tablettes, smartphones et bien plus encore. Il se compose d&#8217;un tournevis ergonomique avec manche antid\u00e9rapant, une tige d&#8217;extension souple et flexible de 130 mm et de tous les accessoires indispensables \u00e0 l&#8217;assemblage ou au d\u00e9montage de composants. Ses embouts multiples de toutes tailles vous permettront en outre de r\u00e9aliser simplement de nombreux travaux de pr\u00e9cision.\u00a0<\/p>\t\t\t\t\t\t\t\t<\/div>\n\t\t\t\t<\/div>\n\t\t\t\t<\/div>\n\t\t\t\t<\/div>\n\t\t<div class=\"elementor-element elementor-element-757efc9 e-con-full e-flex e-con e-child\" data-id=\"757efc9\" data-element_type=\"container\" data-e-type=\"container\">\n\t\t<div class=\"elementor-element elementor-element-e18eb3e e-con-full e-flex e-con e-child\" data-id=\"e18eb3e\" data-element_type=\"container\" data-e-type=\"container\">\n\t\t\t\t<div class=\"elementor-element elementor-element-c3d81ff elementor-widget elementor-widget-image\" data-id=\"c3d81ff\" data-element_type=\"widget\" data-e-type=\"widget\" data-widget_type=\"image.default\">\n\t\t\t\t<div class=\"elementor-widget-container\">\n\t\t\t\t\t\t\t\t\t\t\t\t\t\t\t<img fetchpriority=\"high\" decoding=\"async\" width=\"1000\" height=\"1000\" src=\"https:\/\/www.inov-u.com\/wp-content\/uploads\/2024\/11\/FixEmAllProKit_04.png\" class=\"attachment-full size-full wp-image-5569\" alt=\"Outils de r\u00e9parations pour p\u00e9riph\u00e9riques\" srcset=\"https:\/\/www.inov-u.com\/wp-content\/uploads\/2024\/11\/FixEmAllProKit_04.png 1000w, https:\/\/www.inov-u.com\/wp-content\/uploads\/2024\/11\/FixEmAllProKit_04-300x300.png 300w, https:\/\/www.inov-u.com\/wp-content\/uploads\/2024\/11\/FixEmAllProKit_04-150x150.png 150w, https:\/\/www.inov-u.com\/wp-content\/uploads\/2024\/11\/FixEmAllProKit_04-768x768.png 768w, https:\/\/www.inov-u.com\/wp-content\/uploads\/2024\/11\/FixEmAllProKit_04-700x700.png 700w, https:\/\/www.inov-u.com\/wp-content\/uploads\/2024\/11\/FixEmAllProKit_04-600x600.png 600w, https:\/\/www.inov-u.com\/wp-content\/uploads\/2024\/11\/FixEmAllProKit_04-100x100.png 100w\" sizes=\"(max-width: 1000px) 100vw, 1000px\" \/>\t\t\t\t\t\t\t\t\t\t\t\t\t\t\t<\/div>\n\t\t\t\t<\/div>\n\t\t\t\t<\/div>\n\t\t<div class=\"elementor-element elementor-element-e7f55b7 e-con-full e-flex e-con e-child\" data-id=\"e7f55b7\" data-element_type=\"container\" data-e-type=\"container\">\n\t\t\t\t<div class=\"elementor-element elementor-element-d9d7e98 elementor-widget elementor-widget-heading\" data-id=\"d9d7e98\" data-element_type=\"widget\" data-e-type=\"widget\" data-widget_type=\"heading.default\">\n\t\t\t\t<div class=\"elementor-widget-container\">\n\t\t\t\t\t<h2 class=\"elementor-heading-title elementor-size-default\">Tournevis haute qualit\u00e9 avec accessoires<\/h2>\t\t\t\t<\/div>\n\t\t\t\t<\/div>\n\t\t\t\t<div class=\"elementor-element elementor-element-21ee8a3 elementor-widget elementor-widget-text-editor\" data-id=\"21ee8a3\" data-element_type=\"widget\" data-e-type=\"widget\" data-widget_type=\"text-editor.default\">\n\t\t\t\t<div class=\"elementor-widget-container\">\n\t\t\t\t\t\t\t\t\t<ul><li>1 tournevis extensible avec poign\u00e9e anti-d\u00e9rapante<\/li><li>1 tige d&#8217;extension flexible 13 cm<\/li><li>1 pince brucelles<\/li><li>116 embouts acier CRV H4 (28 mm)<\/li><li>12 douilles acier CRV H4 (28 mm)<\/li><li>4 embouts acier S2 H4 (45 mm)<\/li><li>5 outils d&#8217;ouverture<\/li><li>1 ventouse pour \u00e9cran<\/li><li>2 spatules<\/li><\/ul>\t\t\t\t\t\t\t\t<\/div>\n\t\t\t\t<\/div>\n\t\t\t\t<\/div>\n\t\t\t\t<\/div>\n\t\t\t\t<\/div>\n\t\t\t\t<\/div>\n\t\t\n","protected":false},"excerpt":{"rendered":"<p>Le INOVU FIX&#8217;EM ALL Pro Kit est un kit complet de tournevis et d&#8217;accessoires con\u00e7u pour assurer la maintenance, l&#8217;entretien et les r\u00e9parations des PC, PC portables, tablettes, smartphones et bien plus encore.<\/p>\n","protected":false},"featured_media":5566,"comment_status":"open","ping_status":"closed","template":"","meta":{"_acf_changed":false},"product_brand":[],"product_cat":[47],"product_tag":[],"class_list":{"0":"post-5564","1":"product","2":"type-product","3":"status-publish","4":"has-post-thumbnail","6":"product_cat-outils","8":"first","9":"instock","10":"shipping-taxable","11":"product-type-simple"},"acf":[],"yoast_head":"<!-- This site is optimized with the Yoast SEO plugin v27.4 - https:\/\/yoast.com\/product\/yoast-seo-wordpress\/ -->\n<title>INOVU | FIX&#039;EM ALL Pro Kit<\/title>\n<meta name=\"robots\" content=\"index, follow, max-snippet:-1, max-image-preview:large, max-video-preview:-1\" \/>\n<link rel=\"canonical\" href=\"https:\/\/www.inov-u.com\/en\/products\/accessories\/tools\/fixem-all-pro-kit\/\" \/>\n<meta property=\"og:locale\" content=\"en_US\" \/>\n<meta property=\"og:type\" content=\"article\" \/>\n<meta property=\"og:title\" content=\"INOVU | FIX&#039;EM ALL Pro Kit\" \/>\n<meta property=\"og:description\" content=\"Le INOVU FIX&#039;EM ALL Pro Kit est un kit complet de tournevis et d&#039;accessoires con\u00e7u pour assurer la maintenance, l&#039;entretien et les r\u00e9parations des PC, PC portables, tablettes, smartphones et bien plus encore.\" \/>\n<meta property=\"og:url\" content=\"https:\/\/www.inov-u.com\/en\/products\/accessories\/tools\/fixem-all-pro-kit\/\" \/>\n<meta property=\"og:site_name\" content=\"INOVU\" \/>\n<meta property=\"article:modified_time\" content=\"2026-01-07T15:41:07+00:00\" \/>\n<meta property=\"og:image\" content=\"https:\/\/www.inov-u.com\/wp-content\/uploads\/2024\/11\/FixEmAllProKit_01.png\" \/>\n\t<meta property=\"og:image:width\" content=\"1000\" \/>\n\t<meta property=\"og:image:height\" content=\"1000\" \/>\n\t<meta property=\"og:image:type\" content=\"image\/png\" \/>\n<meta name=\"twitter:card\" content=\"summary_large_image\" \/>\n<meta name=\"twitter:label1\" content=\"Est. reading time\" \/>\n\t<meta name=\"twitter:data1\" content=\"1 minute\" \/>\n<script type=\"application\/ld+json\" class=\"yoast-schema-graph\">{\"@context\":\"https:\\\/\\\/schema.org\",\"@graph\":[{\"@type\":[\"WebPage\",\"ItemPage\"],\"@id\":\"https:\\\/\\\/www.inov-u.com\\\/en\\\/products\\\/accessories\\\/tools\\\/fixem-all-pro-kit\\\/\",\"url\":\"https:\\\/\\\/www.inov-u.com\\\/en\\\/products\\\/accessories\\\/tools\\\/fixem-all-pro-kit\\\/\",\"name\":\"INOVU | FIX'EM ALL Pro Kit\",\"isPartOf\":{\"@id\":\"https:\\\/\\\/www.inov-u.com\\\/en\\\/#website\"},\"primaryImageOfPage\":{\"@id\":\"https:\\\/\\\/www.inov-u.com\\\/en\\\/products\\\/accessories\\\/tools\\\/fixem-all-pro-kit\\\/#primaryimage\"},\"image\":{\"@id\":\"https:\\\/\\\/www.inov-u.com\\\/en\\\/products\\\/accessories\\\/tools\\\/fixem-all-pro-kit\\\/#primaryimage\"},\"thumbnailUrl\":\"https:\\\/\\\/www.inov-u.com\\\/wp-content\\\/uploads\\\/2024\\\/11\\\/FixEmAllProKit_01.png\",\"datePublished\":\"2024-11-04T11:13:43+00:00\",\"dateModified\":\"2026-01-07T15:41:07+00:00\",\"breadcrumb\":{\"@id\":\"https:\\\/\\\/www.inov-u.com\\\/en\\\/products\\\/accessories\\\/tools\\\/fixem-all-pro-kit\\\/#breadcrumb\"},\"inLanguage\":\"en-US\",\"potentialAction\":[{\"@type\":\"ReadAction\",\"target\":[\"https:\\\/\\\/www.inov-u.com\\\/en\\\/products\\\/accessories\\\/tools\\\/fixem-all-pro-kit\\\/\"]}]},{\"@type\":\"ImageObject\",\"inLanguage\":\"en-US\",\"@id\":\"https:\\\/\\\/www.inov-u.com\\\/en\\\/products\\\/accessories\\\/tools\\\/fixem-all-pro-kit\\\/#primaryimage\",\"url\":\"https:\\\/\\\/www.inov-u.com\\\/wp-content\\\/uploads\\\/2024\\\/11\\\/FixEmAllProKit_01.png\",\"contentUrl\":\"https:\\\/\\\/www.inov-u.com\\\/wp-content\\\/uploads\\\/2024\\\/11\\\/FixEmAllProKit_01.png\",\"width\":1000,\"height\":1000,\"caption\":\"Kit complet de tournevis\"},{\"@type\":\"BreadcrumbList\",\"@id\":\"https:\\\/\\\/www.inov-u.com\\\/en\\\/products\\\/accessories\\\/tools\\\/fixem-all-pro-kit\\\/#breadcrumb\",\"itemListElement\":[{\"@type\":\"ListItem\",\"position\":1,\"name\":\"Home\",\"item\":\"https:\\\/\\\/www.inov-u.com\\\/en\\\/\"},{\"@type\":\"ListItem\",\"position\":2,\"name\":\"Products\",\"item\":\"https:\\\/\\\/www.inov-u.com\\\/nos-univers\\\/\"},{\"@type\":\"ListItem\",\"position\":3,\"name\":\"Accessories\",\"item\":\"https:\\\/\\\/www.inov-u.com\\\/en\\\/nos-univers\\\/accessories\\\/\"},{\"@type\":\"ListItem\",\"position\":4,\"name\":\"Tools\",\"item\":\"https:\\\/\\\/www.inov-u.com\\\/en\\\/nos-univers\\\/accessories\\\/tools\\\/\"},{\"@type\":\"ListItem\",\"position\":5,\"name\":\"FIX&#8217;EM ALL Pro Kit\"}]},{\"@type\":\"WebSite\",\"@id\":\"https:\\\/\\\/www.inov-u.com\\\/en\\\/#website\",\"url\":\"https:\\\/\\\/www.inov-u.com\\\/en\\\/\",\"name\":\"INOVU\",\"description\":\"L&#039;\u00e9quipement informatique du quotidien\",\"publisher\":{\"@id\":\"https:\\\/\\\/www.inov-u.com\\\/en\\\/#organization\"},\"potentialAction\":[{\"@type\":\"SearchAction\",\"target\":{\"@type\":\"EntryPoint\",\"urlTemplate\":\"https:\\\/\\\/www.inov-u.com\\\/en\\\/?s={search_term_string}\"},\"query-input\":{\"@type\":\"PropertyValueSpecification\",\"valueRequired\":true,\"valueName\":\"search_term_string\"}}],\"inLanguage\":\"en-US\"},{\"@type\":\"Organization\",\"@id\":\"https:\\\/\\\/www.inov-u.com\\\/en\\\/#organization\",\"name\":\"INOVU\",\"url\":\"https:\\\/\\\/www.inov-u.com\\\/en\\\/\",\"logo\":{\"@type\":\"ImageObject\",\"inLanguage\":\"en-US\",\"@id\":\"https:\\\/\\\/www.inov-u.com\\\/en\\\/#\\\/schema\\\/logo\\\/image\\\/\",\"url\":\"https:\\\/\\\/www.inov-u.com\\\/wp-content\\\/uploads\\\/2024\\\/02\\\/inovu_favicon.png\",\"contentUrl\":\"https:\\\/\\\/www.inov-u.com\\\/wp-content\\\/uploads\\\/2024\\\/02\\\/inovu_favicon.png\",\"width\":512,\"height\":512,\"caption\":\"INOVU\"},\"image\":{\"@id\":\"https:\\\/\\\/www.inov-u.com\\\/en\\\/#\\\/schema\\\/logo\\\/image\\\/\"}}]}<\/script>\n<!-- \/ Yoast SEO plugin. -->","yoast_head_json":{"title":"INOVU | FIX'EM ALL Pro Kit","robots":{"index":"index","follow":"follow","max-snippet":"max-snippet:-1","max-image-preview":"max-image-preview:large","max-video-preview":"max-video-preview:-1"},"canonical":"https:\/\/www.inov-u.com\/en\/products\/accessories\/tools\/fixem-all-pro-kit\/","og_locale":"en_US","og_type":"article","og_title":"INOVU | FIX'EM ALL Pro Kit","og_description":"Le INOVU FIX'EM ALL Pro Kit est un kit complet de tournevis et d'accessoires con\u00e7u pour assurer la maintenance, l'entretien et les r\u00e9parations des PC, PC portables, tablettes, smartphones et bien plus encore.","og_url":"https:\/\/www.inov-u.com\/en\/products\/accessories\/tools\/fixem-all-pro-kit\/","og_site_name":"INOVU","article_modified_time":"2026-01-07T15:41:07+00:00","og_image":[{"width":1000,"height":1000,"url":"https:\/\/www.inov-u.com\/wp-content\/uploads\/2024\/11\/FixEmAllProKit_01.png","type":"image\/png"}],"twitter_card":"summary_large_image","twitter_misc":{"Est. reading time":"1 minute"},"schema":{"@context":"https:\/\/schema.org","@graph":[{"@type":["WebPage","ItemPage"],"@id":"https:\/\/www.inov-u.com\/en\/products\/accessories\/tools\/fixem-all-pro-kit\/","url":"https:\/\/www.inov-u.com\/en\/products\/accessories\/tools\/fixem-all-pro-kit\/","name":"INOVU | FIX'EM ALL Pro Kit","isPartOf":{"@id":"https:\/\/www.inov-u.com\/en\/#website"},"primaryImageOfPage":{"@id":"https:\/\/www.inov-u.com\/en\/products\/accessories\/tools\/fixem-all-pro-kit\/#primaryimage"},"image":{"@id":"https:\/\/www.inov-u.com\/en\/products\/accessories\/tools\/fixem-all-pro-kit\/#primaryimage"},"thumbnailUrl":"https:\/\/www.inov-u.com\/wp-content\/uploads\/2024\/11\/FixEmAllProKit_01.png","datePublished":"2024-11-04T11:13:43+00:00","dateModified":"2026-01-07T15:41:07+00:00","breadcrumb":{"@id":"https:\/\/www.inov-u.com\/en\/products\/accessories\/tools\/fixem-all-pro-kit\/#breadcrumb"},"inLanguage":"en-US","potentialAction":[{"@type":"ReadAction","target":["https:\/\/www.inov-u.com\/en\/products\/accessories\/tools\/fixem-all-pro-kit\/"]}]},{"@type":"ImageObject","inLanguage":"en-US","@id":"https:\/\/www.inov-u.com\/en\/products\/accessories\/tools\/fixem-all-pro-kit\/#primaryimage","url":"https:\/\/www.inov-u.com\/wp-content\/uploads\/2024\/11\/FixEmAllProKit_01.png","contentUrl":"https:\/\/www.inov-u.com\/wp-content\/uploads\/2024\/11\/FixEmAllProKit_01.png","width":1000,"height":1000,"caption":"Kit complet de tournevis"},{"@type":"BreadcrumbList","@id":"https:\/\/www.inov-u.com\/en\/products\/accessories\/tools\/fixem-all-pro-kit\/#breadcrumb","itemListElement":[{"@type":"ListItem","position":1,"name":"Home","item":"https:\/\/www.inov-u.com\/en\/"},{"@type":"ListItem","position":2,"name":"Products","item":"https:\/\/www.inov-u.com\/nos-univers\/"},{"@type":"ListItem","position":3,"name":"Accessories","item":"https:\/\/www.inov-u.com\/en\/nos-univers\/accessories\/"},{"@type":"ListItem","position":4,"name":"Tools","item":"https:\/\/www.inov-u.com\/en\/nos-univers\/accessories\/tools\/"},{"@type":"ListItem","position":5,"name":"FIX&#8217;EM ALL Pro Kit"}]},{"@type":"WebSite","@id":"https:\/\/www.inov-u.com\/en\/#website","url":"https:\/\/www.inov-u.com\/en\/","name":"INOVU","description":"L&#039;\u00e9quipement informatique du quotidien","publisher":{"@id":"https:\/\/www.inov-u.com\/en\/#organization"},"potentialAction":[{"@type":"SearchAction","target":{"@type":"EntryPoint","urlTemplate":"https:\/\/www.inov-u.com\/en\/?s={search_term_string}"},"query-input":{"@type":"PropertyValueSpecification","valueRequired":true,"valueName":"search_term_string"}}],"inLanguage":"en-US"},{"@type":"Organization","@id":"https:\/\/www.inov-u.com\/en\/#organization","name":"INOVU","url":"https:\/\/www.inov-u.com\/en\/","logo":{"@type":"ImageObject","inLanguage":"en-US","@id":"https:\/\/www.inov-u.com\/en\/#\/schema\/logo\/image\/","url":"https:\/\/www.inov-u.com\/wp-content\/uploads\/2024\/02\/inovu_favicon.png","contentUrl":"https:\/\/www.inov-u.com\/wp-content\/uploads\/2024\/02\/inovu_favicon.png","width":512,"height":512,"caption":"INOVU"},"image":{"@id":"https:\/\/www.inov-u.com\/en\/#\/schema\/logo\/image\/"}}]}},"_links":{"self":[{"href":"https:\/\/www.inov-u.com\/en\/wp-json\/wp\/v2\/product\/5564","targetHints":{"allow":["GET"]}}],"collection":[{"href":"https:\/\/www.inov-u.com\/en\/wp-json\/wp\/v2\/product"}],"about":[{"href":"https:\/\/www.inov-u.com\/en\/wp-json\/wp\/v2\/types\/product"}],"replies":[{"embeddable":true,"href":"https:\/\/www.inov-u.com\/en\/wp-json\/wp\/v2\/comments?post=5564"}],"version-history":[{"count":1,"href":"https:\/\/www.inov-u.com\/en\/wp-json\/wp\/v2\/product\/5564\/revisions"}],"predecessor-version":[{"id":9981,"href":"https:\/\/www.inov-u.com\/en\/wp-json\/wp\/v2\/product\/5564\/revisions\/9981"}],"wp:featuredmedia":[{"embeddable":true,"href":"https:\/\/www.inov-u.com\/en\/wp-json\/wp\/v2\/media\/5566"}],"wp:attachment":[{"href":"https:\/\/www.inov-u.com\/en\/wp-json\/wp\/v2\/media?parent=5564"}],"wp:term":[{"taxonomy":"product_brand","embeddable":true,"href":"https:\/\/www.inov-u.com\/en\/wp-json\/wp\/v2\/product_brand?post=5564"},{"taxonomy":"product_cat","embeddable":true,"href":"https:\/\/www.inov-u.com\/en\/wp-json\/wp\/v2\/product_cat?post=5564"},{"taxonomy":"product_tag","embeddable":true,"href":"https:\/\/www.inov-u.com\/en\/wp-json\/wp\/v2\/product_tag?post=5564"}],"curies":[{"name":"wp","href":"https:\/\/api.w.org\/{rel}","templated":true}]}}