{"id":5573,"date":"2024-11-04T12:26:33","date_gmt":"2024-11-04T11:26:33","guid":{"rendered":"https:\/\/www.inov-u.com\/?post_type=product&#038;p=5573"},"modified":"2025-04-29T10:38:47","modified_gmt":"2025-04-29T08:38:47","slug":"voyager","status":"publish","type":"product","link":"https:\/\/www.inov-u.com\/en\/products\/bags\/bag-backpack\/voyager\/","title":{"rendered":"Voyager"},"content":{"rendered":"\t\t<div data-elementor-type=\"container\" data-elementor-id=\"5574\" class=\"elementor elementor-5574\" data-elementor-post-type=\"elementor_library\">\n\t\t\t\t<div class=\"elementor-element elementor-element-7975e6c e-con-full e-flex e-con e-parent\" data-id=\"7975e6c\" data-element_type=\"container\" data-e-type=\"container\">\n\t\t<div class=\"elementor-element elementor-element-8f159db e-con-full e-flex e-con e-child\" data-id=\"8f159db\" data-element_type=\"container\" data-e-type=\"container\">\n\t\t<div class=\"elementor-element elementor-element-be6fc47 e-con-full e-flex e-con e-child\" data-id=\"be6fc47\" data-element_type=\"container\" data-e-type=\"container\">\n\t\t\t\t<div class=\"elementor-element elementor-element-b2d585c elementor-widget elementor-widget-heading\" data-id=\"b2d585c\" data-element_type=\"widget\" data-e-type=\"widget\" data-widget_type=\"heading.default\">\n\t\t\t\t<div class=\"elementor-widget-container\">\n\t\t\t\t\t<h2 class=\"elementor-heading-title elementor-size-default\">Voyagez avec tout votre \u00e9quipement !<\/h2>\t\t\t\t<\/div>\n\t\t\t\t<\/div>\n\t\t\t\t<div class=\"elementor-element elementor-element-2602b25 elementor-widget elementor-widget-text-editor\" data-id=\"2602b25\" data-element_type=\"widget\" data-e-type=\"widget\" data-widget_type=\"text-editor.default\">\n\t\t\t\t<div class=\"elementor-widget-container\">\n\t\t\t\t\t\t\t\t\t<p>Pratique, \u00e9l\u00e9gant et confortable, le\u00a0<strong>sac de voyage INOVU Voyager<\/strong>\u00a0se montrera rapidement indispensable. Avec son grand volume interne de 25 litres, il pourra ais\u00e9ment accueillir vos affaires personnelles, un PC portable 15.6&#8243;, une tablette et divers accessoires. Son rev\u00eatement hydrofuge lui assure une protection optimale tandis que la bandouli\u00e8re amovible proposera un port agr\u00e9able sur l&#8217;\u00e9paule.<\/p>\t\t\t\t\t\t\t\t<\/div>\n\t\t\t\t<\/div>\n\t\t\t\t<\/div>\n\t\t\t\t<\/div>\n\t\t<div class=\"elementor-element elementor-element-757efc9 e-con-full e-flex e-con e-child\" data-id=\"757efc9\" data-element_type=\"container\" data-e-type=\"container\">\n\t\t<div class=\"elementor-element elementor-element-e18eb3e e-con-full e-flex e-con e-child\" data-id=\"e18eb3e\" data-element_type=\"container\" data-e-type=\"container\">\n\t\t\t\t<div class=\"elementor-element elementor-element-5712476 elementor-widget elementor-widget-image\" data-id=\"5712476\" data-element_type=\"widget\" data-e-type=\"widget\" data-widget_type=\"image.default\">\n\t\t\t\t<div class=\"elementor-widget-container\">\n\t\t\t\t\t\t\t\t\t\t\t\t\t\t\t<img fetchpriority=\"high\" decoding=\"async\" width=\"800\" height=\"800\" src=\"https:\/\/www.inov-u.com\/wp-content\/uploads\/2024\/11\/Voyager_04.png\" class=\"attachment-large size-large wp-image-5578\" alt=\"Sac de voyage ouvert o\u00f9 les compartiments sont visibles\" srcset=\"https:\/\/www.inov-u.com\/wp-content\/uploads\/2024\/11\/Voyager_04.png 1000w, https:\/\/www.inov-u.com\/wp-content\/uploads\/2024\/11\/Voyager_04-300x300.png 300w, https:\/\/www.inov-u.com\/wp-content\/uploads\/2024\/11\/Voyager_04-150x150.png 150w, https:\/\/www.inov-u.com\/wp-content\/uploads\/2024\/11\/Voyager_04-768x768.png 768w, https:\/\/www.inov-u.com\/wp-content\/uploads\/2024\/11\/Voyager_04-700x700.png 700w, https:\/\/www.inov-u.com\/wp-content\/uploads\/2024\/11\/Voyager_04-600x600.png 600w, https:\/\/www.inov-u.com\/wp-content\/uploads\/2024\/11\/Voyager_04-100x100.png 100w\" sizes=\"(max-width: 800px) 100vw, 800px\" \/>\t\t\t\t\t\t\t\t\t\t\t\t\t\t\t<\/div>\n\t\t\t\t<\/div>\n\t\t\t\t<\/div>\n\t\t<div class=\"elementor-element elementor-element-e7f55b7 e-con-full e-flex e-con e-child\" data-id=\"e7f55b7\" data-element_type=\"container\" data-e-type=\"container\">\n\t\t\t\t<div class=\"elementor-element elementor-element-d9d7e98 elementor-widget elementor-widget-heading\" data-id=\"d9d7e98\" data-element_type=\"widget\" data-e-type=\"widget\" data-widget_type=\"heading.default\">\n\t\t\t\t<div class=\"elementor-widget-container\">\n\t\t\t\t\t<h2 class=\"elementor-heading-title elementor-size-default\">Transportez votre vie<\/h2>\t\t\t\t<\/div>\n\t\t\t\t<\/div>\n\t\t\t\t<div class=\"elementor-element elementor-element-21ee8a3 elementor-widget elementor-widget-text-editor\" data-id=\"21ee8a3\" data-element_type=\"widget\" data-e-type=\"widget\" data-widget_type=\"text-editor.default\">\n\t\t\t\t<div class=\"elementor-widget-container\">\n\t\t\t\t\t\t\t\t\t<p>Avec un volume interne de 25 litres, le sac de voyage INOVU Voyager vous permettra de transporter id\u00e9alement l&#8217;ensemble de vos affaires. Ce mod\u00e8le s&#8217;ouvre int\u00e9gralement pour une utilisation des plus confortables. Une poche avec capitonnage antichoc pr\u00e9servera la bonne sant\u00e9 de votre ordinateur portable 15.6 pouces ou tablette.\u00a0Une grande poche zipp\u00e9e \u00e0 filet est \u00e9galement au rendez-vous afin de mettre des affaires personnelles. A l&#8217;ext\u00e9rieur, deux poches s&#8217;ajoutent pour offrir une solution de rangement suppl\u00e9mentaire.<\/p>\t\t\t\t\t\t\t\t<\/div>\n\t\t\t\t<\/div>\n\t\t\t\t<\/div>\n\t\t\t\t<\/div>\n\t\t<div class=\"elementor-element elementor-element-3cef9ac e-con-full e-flex e-con e-child\" data-id=\"3cef9ac\" data-element_type=\"container\" data-e-type=\"container\">\n\t\t<div class=\"elementor-element elementor-element-c7db774 e-con-full e-flex e-con e-child\" data-id=\"c7db774\" data-element_type=\"container\" data-e-type=\"container\">\n\t\t\t\t<div class=\"elementor-element elementor-element-2650774 elementor-widget elementor-widget-heading\" data-id=\"2650774\" data-element_type=\"widget\" data-e-type=\"widget\" data-widget_type=\"heading.default\">\n\t\t\t\t<div class=\"elementor-widget-container\">\n\t\t\t\t\t<h2 class=\"elementor-heading-title elementor-size-default\">Le confort au quotidien<\/h2>\t\t\t\t<\/div>\n\t\t\t\t<\/div>\n\t\t\t\t<div class=\"elementor-element elementor-element-2ac38ff elementor-widget elementor-widget-text-editor\" data-id=\"2ac38ff\" data-element_type=\"widget\" data-e-type=\"widget\" data-widget_type=\"text-editor.default\">\n\t\t\t\t<div class=\"elementor-widget-container\">\n\t\t\t\t\t\t\t\t\t<p>Le\u00a0<strong>rev\u00eatement hydrofuge<\/strong>\u00a0du sac INOVU Voyager permet\u00a0de prot\u00e9ger efficacement votre mat\u00e9riel de l&#8217;eau et de l&#8217;humidit\u00e9. Les\u00a0<strong>poign\u00e9es sont tr\u00e8s confortables<\/strong>\u00a0et peuvent se fixer entre elles gr\u00e2ce \u00e0 la lani\u00e8re \u00e9quip\u00e9e d&#8217;un bouton pression. Si vous souhaitez porter l&#8217;ensemble sur votre \u00e9paule, c&#8217;est possible gr\u00e2ce \u00e0 la bandouli\u00e8re ! Cette derni\u00e8re est amovible pour r\u00e9pondre aux pr\u00e9f\u00e9rences de chacun.<\/p>\t\t\t\t\t\t\t\t<\/div>\n\t\t\t\t<\/div>\n\t\t\t\t<\/div>\n\t\t<div class=\"elementor-element elementor-element-0a5e0a5 e-con-full e-flex e-con e-child\" data-id=\"0a5e0a5\" data-element_type=\"container\" data-e-type=\"container\">\n\t\t\t\t<div class=\"elementor-element elementor-element-6a8234b elementor-widget elementor-widget-image\" data-id=\"6a8234b\" data-element_type=\"widget\" data-e-type=\"widget\" data-widget_type=\"image.default\">\n\t\t\t\t<div class=\"elementor-widget-container\">\n\t\t\t\t\t\t\t\t\t\t\t\t\t\t\t<img decoding=\"async\" width=\"800\" height=\"800\" src=\"https:\/\/www.inov-u.com\/wp-content\/uploads\/2024\/11\/Voyager_03.png\" class=\"attachment-large size-large wp-image-5577\" alt=\"Sac de voyage noir avec sangle sur le c\u00f4t\u00e9 montrant l&#039;arri\u00e8re du sac\" srcset=\"https:\/\/www.inov-u.com\/wp-content\/uploads\/2024\/11\/Voyager_03.png 1000w, https:\/\/www.inov-u.com\/wp-content\/uploads\/2024\/11\/Voyager_03-300x300.png 300w, https:\/\/www.inov-u.com\/wp-content\/uploads\/2024\/11\/Voyager_03-150x150.png 150w, https:\/\/www.inov-u.com\/wp-content\/uploads\/2024\/11\/Voyager_03-768x768.png 768w, https:\/\/www.inov-u.com\/wp-content\/uploads\/2024\/11\/Voyager_03-700x700.png 700w, https:\/\/www.inov-u.com\/wp-content\/uploads\/2024\/11\/Voyager_03-600x600.png 600w, https:\/\/www.inov-u.com\/wp-content\/uploads\/2024\/11\/Voyager_03-100x100.png 100w\" sizes=\"(max-width: 800px) 100vw, 800px\" \/>\t\t\t\t\t\t\t\t\t\t\t\t\t\t\t<\/div>\n\t\t\t\t<\/div>\n\t\t\t\t<\/div>\n\t\t\t\t<\/div>\n\t\t<div class=\"elementor-element elementor-element-e206639 e-con-full e-flex e-con e-child\" data-id=\"e206639\" data-element_type=\"container\" data-e-type=\"container\">\n\t\t<div class=\"elementor-element elementor-element-e762ea6 e-con-full e-flex e-con e-child\" data-id=\"e762ea6\" data-element_type=\"container\" data-e-type=\"container\">\n\t\t\t\t<div class=\"elementor-element elementor-element-be1d077 elementor-widget elementor-widget-heading\" data-id=\"be1d077\" data-element_type=\"widget\" data-e-type=\"widget\" data-widget_type=\"heading.default\">\n\t\t\t\t<div class=\"elementor-widget-container\">\n\t\t\t\t\t<h2 class=\"elementor-heading-title elementor-size-default\">Caract\u00e9ristiques principales :<\/h2>\t\t\t\t<\/div>\n\t\t\t\t<\/div>\n\t\t\t\t<div class=\"elementor-element elementor-element-ece3fb6 elementor-widget elementor-widget-text-editor\" data-id=\"ece3fb6\" data-element_type=\"widget\" data-e-type=\"widget\" data-widget_type=\"text-editor.default\">\n\t\t\t\t<div class=\"elementor-widget-container\">\n\t\t\t\t\t\t\t\t\t<ul><li><strong>Sac de voyage \u00e9l\u00e9gant et moderne<\/strong><\/li><li>Capacit\u00e9 :\u00a0<strong>25 litres<\/strong><\/li><li>Ouverture int\u00e9grale<\/li><li><strong>Poche pour PC portable 15.6 pouces<\/strong><\/li><li>Emplacement pour tablette<\/li><li>Grande poche \u00e0 filet<\/li><li><strong>Mat\u00e9riaux<\/strong>\u00a0: 100% polyester (interne) \/ 90% Polyester + 10% PVC (ext\u00e9rieur)<\/li><li><strong>Capitonnage anti-choc<\/strong><\/li><li><strong>Rev\u00eatement hydrofuge<\/strong><\/li><li>2 poches \u00e0 l&#8217;ext\u00e9rieur pour ranger vos divers accessoires<\/li><li>Bandouli\u00e8re amovible<\/li><li>Poign\u00e9es confortables<\/li><\/ul>\t\t\t\t\t\t\t\t<\/div>\n\t\t\t\t<\/div>\n\t\t\t\t<\/div>\n\t\t\t\t<\/div>\n\t\t\t\t<\/div>\n\t\t\t\t<\/div>\n\t\t\n","protected":false},"excerpt":{"rendered":"<p>Pratique, \u00e9l\u00e9gant et confortable, le sac de voyage INOVU Voyager se montrera rapidement indispensable. Avec son grand volume interne de 25 litres, il pourra ais\u00e9ment accueillir vos affaires personnelles, un PC portable 15.6&#8243;, une tablette et divers accessoires.<\/p>\n","protected":false},"featured_media":5575,"comment_status":"open","ping_status":"closed","template":"","meta":{"_acf_changed":false},"product_brand":[],"product_cat":[36],"product_tag":[],"class_list":{"0":"post-5573","1":"product","2":"type-product","3":"status-publish","4":"has-post-thumbnail","6":"product_cat-sac-sac-a-dos","8":"first","9":"instock","10":"shipping-taxable","11":"product-type-simple"},"acf":[],"yoast_head":"<!-- This site is optimized with the Yoast SEO plugin v27.4 - https:\/\/yoast.com\/product\/yoast-seo-wordpress\/ -->\n<title>INOVU | Voyager<\/title>\n<meta name=\"robots\" content=\"index, follow, max-snippet:-1, max-image-preview:large, max-video-preview:-1\" \/>\n<link rel=\"canonical\" href=\"https:\/\/www.inov-u.com\/en\/products\/bags\/bag-backpack\/voyager\/\" \/>\n<meta property=\"og:locale\" content=\"en_US\" \/>\n<meta property=\"og:type\" content=\"article\" \/>\n<meta property=\"og:title\" content=\"INOVU | Voyager\" \/>\n<meta property=\"og:description\" content=\"Pratique, \u00e9l\u00e9gant et confortable, le sac de voyage INOVU Voyager se montrera rapidement indispensable. Avec son grand volume interne de 25 litres, il pourra ais\u00e9ment accueillir vos affaires personnelles, un PC portable 15.6&quot;, une tablette et divers accessoires.\" \/>\n<meta property=\"og:url\" content=\"https:\/\/www.inov-u.com\/en\/products\/bags\/bag-backpack\/voyager\/\" \/>\n<meta property=\"og:site_name\" content=\"INOVU\" \/>\n<meta property=\"article:modified_time\" content=\"2025-04-29T08:38:47+00:00\" \/>\n<meta property=\"og:image\" content=\"https:\/\/www.inov-u.com\/wp-content\/uploads\/2024\/11\/Voyager_01.png\" \/>\n\t<meta property=\"og:image:width\" content=\"1000\" \/>\n\t<meta property=\"og:image:height\" content=\"1000\" \/>\n\t<meta property=\"og:image:type\" content=\"image\/png\" \/>\n<meta name=\"twitter:card\" content=\"summary_large_image\" \/>\n<meta name=\"twitter:label1\" content=\"Est. reading time\" \/>\n\t<meta name=\"twitter:data1\" content=\"1 minute\" \/>\n<script type=\"application\/ld+json\" class=\"yoast-schema-graph\">{\"@context\":\"https:\\\/\\\/schema.org\",\"@graph\":[{\"@type\":[\"WebPage\",\"ItemPage\"],\"@id\":\"https:\\\/\\\/www.inov-u.com\\\/en\\\/products\\\/bags\\\/bag-backpack\\\/voyager\\\/\",\"url\":\"https:\\\/\\\/www.inov-u.com\\\/en\\\/products\\\/bags\\\/bag-backpack\\\/voyager\\\/\",\"name\":\"INOVU | Voyager\",\"isPartOf\":{\"@id\":\"https:\\\/\\\/www.inov-u.com\\\/en\\\/#website\"},\"primaryImageOfPage\":{\"@id\":\"https:\\\/\\\/www.inov-u.com\\\/en\\\/products\\\/bags\\\/bag-backpack\\\/voyager\\\/#primaryimage\"},\"image\":{\"@id\":\"https:\\\/\\\/www.inov-u.com\\\/en\\\/products\\\/bags\\\/bag-backpack\\\/voyager\\\/#primaryimage\"},\"thumbnailUrl\":\"https:\\\/\\\/www.inov-u.com\\\/wp-content\\\/uploads\\\/2024\\\/11\\\/Voyager_01.png\",\"datePublished\":\"2024-11-04T11:26:33+00:00\",\"dateModified\":\"2025-04-29T08:38:47+00:00\",\"breadcrumb\":{\"@id\":\"https:\\\/\\\/www.inov-u.com\\\/en\\\/products\\\/bags\\\/bag-backpack\\\/voyager\\\/#breadcrumb\"},\"inLanguage\":\"en-US\",\"potentialAction\":[{\"@type\":\"ReadAction\",\"target\":[\"https:\\\/\\\/www.inov-u.com\\\/en\\\/products\\\/bags\\\/bag-backpack\\\/voyager\\\/\"]}]},{\"@type\":\"ImageObject\",\"inLanguage\":\"en-US\",\"@id\":\"https:\\\/\\\/www.inov-u.com\\\/en\\\/products\\\/bags\\\/bag-backpack\\\/voyager\\\/#primaryimage\",\"url\":\"https:\\\/\\\/www.inov-u.com\\\/wp-content\\\/uploads\\\/2024\\\/11\\\/Voyager_01.png\",\"contentUrl\":\"https:\\\/\\\/www.inov-u.com\\\/wp-content\\\/uploads\\\/2024\\\/11\\\/Voyager_01.png\",\"width\":1000,\"height\":1000,\"caption\":\"Sac de voyage noir inclin\u00e9\"},{\"@type\":\"BreadcrumbList\",\"@id\":\"https:\\\/\\\/www.inov-u.com\\\/en\\\/products\\\/bags\\\/bag-backpack\\\/voyager\\\/#breadcrumb\",\"itemListElement\":[{\"@type\":\"ListItem\",\"position\":1,\"name\":\"Home\",\"item\":\"https:\\\/\\\/www.inov-u.com\\\/en\\\/\"},{\"@type\":\"ListItem\",\"position\":2,\"name\":\"Products\",\"item\":\"https:\\\/\\\/www.inov-u.com\\\/nos-univers\\\/\"},{\"@type\":\"ListItem\",\"position\":3,\"name\":\"Bags\",\"item\":\"https:\\\/\\\/www.inov-u.com\\\/en\\\/nos-univers\\\/bags\\\/\"},{\"@type\":\"ListItem\",\"position\":4,\"name\":\"Bag &amp; Backpack\",\"item\":\"https:\\\/\\\/www.inov-u.com\\\/en\\\/nos-univers\\\/bags\\\/bag-backpack\\\/\"},{\"@type\":\"ListItem\",\"position\":5,\"name\":\"Voyager\"}]},{\"@type\":\"WebSite\",\"@id\":\"https:\\\/\\\/www.inov-u.com\\\/en\\\/#website\",\"url\":\"https:\\\/\\\/www.inov-u.com\\\/en\\\/\",\"name\":\"INOVU\",\"description\":\"L&#039;\u00e9quipement informatique du quotidien\",\"publisher\":{\"@id\":\"https:\\\/\\\/www.inov-u.com\\\/en\\\/#organization\"},\"potentialAction\":[{\"@type\":\"SearchAction\",\"target\":{\"@type\":\"EntryPoint\",\"urlTemplate\":\"https:\\\/\\\/www.inov-u.com\\\/en\\\/?s={search_term_string}\"},\"query-input\":{\"@type\":\"PropertyValueSpecification\",\"valueRequired\":true,\"valueName\":\"search_term_string\"}}],\"inLanguage\":\"en-US\"},{\"@type\":\"Organization\",\"@id\":\"https:\\\/\\\/www.inov-u.com\\\/en\\\/#organization\",\"name\":\"INOVU\",\"url\":\"https:\\\/\\\/www.inov-u.com\\\/en\\\/\",\"logo\":{\"@type\":\"ImageObject\",\"inLanguage\":\"en-US\",\"@id\":\"https:\\\/\\\/www.inov-u.com\\\/en\\\/#\\\/schema\\\/logo\\\/image\\\/\",\"url\":\"https:\\\/\\\/www.inov-u.com\\\/wp-content\\\/uploads\\\/2024\\\/02\\\/inovu_favicon.png\",\"contentUrl\":\"https:\\\/\\\/www.inov-u.com\\\/wp-content\\\/uploads\\\/2024\\\/02\\\/inovu_favicon.png\",\"width\":512,\"height\":512,\"caption\":\"INOVU\"},\"image\":{\"@id\":\"https:\\\/\\\/www.inov-u.com\\\/en\\\/#\\\/schema\\\/logo\\\/image\\\/\"}}]}<\/script>\n<!-- \/ Yoast SEO plugin. -->","yoast_head_json":{"title":"INOVU | Voyager","robots":{"index":"index","follow":"follow","max-snippet":"max-snippet:-1","max-image-preview":"max-image-preview:large","max-video-preview":"max-video-preview:-1"},"canonical":"https:\/\/www.inov-u.com\/en\/products\/bags\/bag-backpack\/voyager\/","og_locale":"en_US","og_type":"article","og_title":"INOVU | Voyager","og_description":"Pratique, \u00e9l\u00e9gant et confortable, le sac de voyage INOVU Voyager se montrera rapidement indispensable. Avec son grand volume interne de 25 litres, il pourra ais\u00e9ment accueillir vos affaires personnelles, un PC portable 15.6\", une tablette et divers accessoires.","og_url":"https:\/\/www.inov-u.com\/en\/products\/bags\/bag-backpack\/voyager\/","og_site_name":"INOVU","article_modified_time":"2025-04-29T08:38:47+00:00","og_image":[{"width":1000,"height":1000,"url":"https:\/\/www.inov-u.com\/wp-content\/uploads\/2024\/11\/Voyager_01.png","type":"image\/png"}],"twitter_card":"summary_large_image","twitter_misc":{"Est. reading time":"1 minute"},"schema":{"@context":"https:\/\/schema.org","@graph":[{"@type":["WebPage","ItemPage"],"@id":"https:\/\/www.inov-u.com\/en\/products\/bags\/bag-backpack\/voyager\/","url":"https:\/\/www.inov-u.com\/en\/products\/bags\/bag-backpack\/voyager\/","name":"INOVU | Voyager","isPartOf":{"@id":"https:\/\/www.inov-u.com\/en\/#website"},"primaryImageOfPage":{"@id":"https:\/\/www.inov-u.com\/en\/products\/bags\/bag-backpack\/voyager\/#primaryimage"},"image":{"@id":"https:\/\/www.inov-u.com\/en\/products\/bags\/bag-backpack\/voyager\/#primaryimage"},"thumbnailUrl":"https:\/\/www.inov-u.com\/wp-content\/uploads\/2024\/11\/Voyager_01.png","datePublished":"2024-11-04T11:26:33+00:00","dateModified":"2025-04-29T08:38:47+00:00","breadcrumb":{"@id":"https:\/\/www.inov-u.com\/en\/products\/bags\/bag-backpack\/voyager\/#breadcrumb"},"inLanguage":"en-US","potentialAction":[{"@type":"ReadAction","target":["https:\/\/www.inov-u.com\/en\/products\/bags\/bag-backpack\/voyager\/"]}]},{"@type":"ImageObject","inLanguage":"en-US","@id":"https:\/\/www.inov-u.com\/en\/products\/bags\/bag-backpack\/voyager\/#primaryimage","url":"https:\/\/www.inov-u.com\/wp-content\/uploads\/2024\/11\/Voyager_01.png","contentUrl":"https:\/\/www.inov-u.com\/wp-content\/uploads\/2024\/11\/Voyager_01.png","width":1000,"height":1000,"caption":"Sac de voyage noir inclin\u00e9"},{"@type":"BreadcrumbList","@id":"https:\/\/www.inov-u.com\/en\/products\/bags\/bag-backpack\/voyager\/#breadcrumb","itemListElement":[{"@type":"ListItem","position":1,"name":"Home","item":"https:\/\/www.inov-u.com\/en\/"},{"@type":"ListItem","position":2,"name":"Products","item":"https:\/\/www.inov-u.com\/nos-univers\/"},{"@type":"ListItem","position":3,"name":"Bags","item":"https:\/\/www.inov-u.com\/en\/nos-univers\/bags\/"},{"@type":"ListItem","position":4,"name":"Bag &amp; Backpack","item":"https:\/\/www.inov-u.com\/en\/nos-univers\/bags\/bag-backpack\/"},{"@type":"ListItem","position":5,"name":"Voyager"}]},{"@type":"WebSite","@id":"https:\/\/www.inov-u.com\/en\/#website","url":"https:\/\/www.inov-u.com\/en\/","name":"INOVU","description":"L&#039;\u00e9quipement informatique du quotidien","publisher":{"@id":"https:\/\/www.inov-u.com\/en\/#organization"},"potentialAction":[{"@type":"SearchAction","target":{"@type":"EntryPoint","urlTemplate":"https:\/\/www.inov-u.com\/en\/?s={search_term_string}"},"query-input":{"@type":"PropertyValueSpecification","valueRequired":true,"valueName":"search_term_string"}}],"inLanguage":"en-US"},{"@type":"Organization","@id":"https:\/\/www.inov-u.com\/en\/#organization","name":"INOVU","url":"https:\/\/www.inov-u.com\/en\/","logo":{"@type":"ImageObject","inLanguage":"en-US","@id":"https:\/\/www.inov-u.com\/en\/#\/schema\/logo\/image\/","url":"https:\/\/www.inov-u.com\/wp-content\/uploads\/2024\/02\/inovu_favicon.png","contentUrl":"https:\/\/www.inov-u.com\/wp-content\/uploads\/2024\/02\/inovu_favicon.png","width":512,"height":512,"caption":"INOVU"},"image":{"@id":"https:\/\/www.inov-u.com\/en\/#\/schema\/logo\/image\/"}}]}},"_links":{"self":[{"href":"https:\/\/www.inov-u.com\/en\/wp-json\/wp\/v2\/product\/5573","targetHints":{"allow":["GET"]}}],"collection":[{"href":"https:\/\/www.inov-u.com\/en\/wp-json\/wp\/v2\/product"}],"about":[{"href":"https:\/\/www.inov-u.com\/en\/wp-json\/wp\/v2\/types\/product"}],"replies":[{"embeddable":true,"href":"https:\/\/www.inov-u.com\/en\/wp-json\/wp\/v2\/comments?post=5573"}],"version-history":[{"count":1,"href":"https:\/\/www.inov-u.com\/en\/wp-json\/wp\/v2\/product\/5573\/revisions"}],"predecessor-version":[{"id":9980,"href":"https:\/\/www.inov-u.com\/en\/wp-json\/wp\/v2\/product\/5573\/revisions\/9980"}],"wp:featuredmedia":[{"embeddable":true,"href":"https:\/\/www.inov-u.com\/en\/wp-json\/wp\/v2\/media\/5575"}],"wp:attachment":[{"href":"https:\/\/www.inov-u.com\/en\/wp-json\/wp\/v2\/media?parent=5573"}],"wp:term":[{"taxonomy":"product_brand","embeddable":true,"href":"https:\/\/www.inov-u.com\/en\/wp-json\/wp\/v2\/product_brand?post=5573"},{"taxonomy":"product_cat","embeddable":true,"href":"https:\/\/www.inov-u.com\/en\/wp-json\/wp\/v2\/product_cat?post=5573"},{"taxonomy":"product_tag","embeddable":true,"href":"https:\/\/www.inov-u.com\/en\/wp-json\/wp\/v2\/product_tag?post=5573"}],"curies":[{"name":"wp","href":"https:\/\/api.w.org\/{rel}","templated":true}]}}