{"id":5617,"date":"2024-11-04T14:21:01","date_gmt":"2024-11-04T13:21:01","guid":{"rendered":"https:\/\/www.inov-u.com\/?post_type=product&#038;p=5617"},"modified":"2025-04-28T14:30:21","modified_gmt":"2025-04-28T12:30:21","slug":"loop-urban-noir","status":"publish","type":"product","link":"https:\/\/www.inov-u.com\/en\/products\/bags\/bag-backpack\/loop-urban-noir\/","title":{"rendered":"Loop Urban (Noir)"},"content":{"rendered":"\t\t<div data-elementor-type=\"container\" data-elementor-id=\"5618\" class=\"elementor elementor-5618\" data-elementor-post-type=\"elementor_library\">\n\t\t\t\t<div class=\"elementor-element elementor-element-7975e6c e-con-full e-flex e-con e-parent\" data-id=\"7975e6c\" data-element_type=\"container\" data-e-type=\"container\">\n\t\t<div class=\"elementor-element elementor-element-8f159db e-con-full e-flex e-con e-child\" data-id=\"8f159db\" data-element_type=\"container\" data-e-type=\"container\">\n\t\t<div class=\"elementor-element elementor-element-be6fc47 e-con-full e-flex e-con e-child\" data-id=\"be6fc47\" data-element_type=\"container\" data-e-type=\"container\">\n\t\t\t\t<div class=\"elementor-element elementor-element-b2d585c elementor-widget elementor-widget-heading\" data-id=\"b2d585c\" data-element_type=\"widget\" data-e-type=\"widget\" data-widget_type=\"heading.default\">\n\t\t\t\t<div class=\"elementor-widget-container\">\n\t\t\t\t\t<h2 class=\"elementor-heading-title elementor-size-default\">Sac \u00e0 dos polyvalent, robuste et respectueux de l'environnement<\/h2>\t\t\t\t<\/div>\n\t\t\t\t<\/div>\n\t\t\t\t<div class=\"elementor-element elementor-element-2602b25 elementor-widget elementor-widget-text-editor\" data-id=\"2602b25\" data-element_type=\"widget\" data-e-type=\"widget\" data-widget_type=\"text-editor.default\">\n\t\t\t\t<div class=\"elementor-widget-container\">\n\t\t\t\t\t\t\t\t\t<p>L&#8217;<strong>INOVU Loop Urban\u00a0<\/strong>est un\u00a0<strong>sac \u00e0 dos polyvalent et pratique pour PC portable<\/strong>. Fabriqu\u00e9 \u00e0 partir de bouteilles plastiques recycl\u00e9es (80% de PET Recycl\u00e9), il est \u00e0 la fois robuste et respectueux de l&#8217;environnement. Avec un\u00a0<strong>volume interne de 20L<\/strong>, une\u00a0<strong>protection hydrofuge<\/strong>, une\u00a0<strong>poche inf\u00e9rieure modulable<\/strong>\u00a0et un\u00a0<strong>syst\u00e8me antivol avanc\u00e9<\/strong>\u00a0(TSA007), il est id\u00e9al pour transporter en toute s\u00e9curit\u00e9 un\u00a0<strong>PC portable d&#8217;une taille de 15.6 pouces<\/strong>.<\/p>\t\t\t\t\t\t\t\t<\/div>\n\t\t\t\t<\/div>\n\t\t\t\t<\/div>\n\t\t\t\t<\/div>\n\t\t<div class=\"elementor-element elementor-element-757efc9 e-con-full e-flex e-con e-child\" data-id=\"757efc9\" data-element_type=\"container\" data-e-type=\"container\">\n\t\t<div class=\"elementor-element elementor-element-e18eb3e e-con-full e-flex e-con e-child\" data-id=\"e18eb3e\" data-element_type=\"container\" data-e-type=\"container\">\n\t\t\t\t<div class=\"elementor-element elementor-element-5712476 elementor-widget elementor-widget-image\" data-id=\"5712476\" data-element_type=\"widget\" data-e-type=\"widget\" data-widget_type=\"image.default\">\n\t\t\t\t<div class=\"elementor-widget-container\">\n\t\t\t\t\t\t\t\t\t\t\t\t\t\t\t<img fetchpriority=\"high\" decoding=\"async\" width=\"800\" height=\"639\" src=\"https:\/\/www.inov-u.com\/wp-content\/uploads\/2024\/11\/Loop-Urban-Noir_05.png\" class=\"attachment-large size-large wp-image-5623\" alt=\"Petite poche pour petit objet int\u00e9gr\u00e9 au sac \u00e0 dos\" srcset=\"https:\/\/www.inov-u.com\/wp-content\/uploads\/2024\/11\/Loop-Urban-Noir_05.png 1000w, https:\/\/www.inov-u.com\/wp-content\/uploads\/2024\/11\/Loop-Urban-Noir_05-300x240.png 300w, https:\/\/www.inov-u.com\/wp-content\/uploads\/2024\/11\/Loop-Urban-Noir_05-768x614.png 768w, https:\/\/www.inov-u.com\/wp-content\/uploads\/2024\/11\/Loop-Urban-Noir_05-600x479.png 600w\" sizes=\"(max-width: 800px) 100vw, 800px\" \/>\t\t\t\t\t\t\t\t\t\t\t\t\t\t\t<\/div>\n\t\t\t\t<\/div>\n\t\t\t\t<\/div>\n\t\t<div class=\"elementor-element elementor-element-e7f55b7 e-con-full e-flex e-con e-child\" data-id=\"e7f55b7\" data-element_type=\"container\" data-e-type=\"container\">\n\t\t\t\t<div class=\"elementor-element elementor-element-d9d7e98 elementor-widget elementor-widget-heading\" data-id=\"d9d7e98\" data-element_type=\"widget\" data-e-type=\"widget\" data-widget_type=\"heading.default\">\n\t\t\t\t<div class=\"elementor-widget-container\">\n\t\t\t\t\t<h2 class=\"elementor-heading-title elementor-size-default\">Votre \u00e9quipement, avec vous<\/h2>\t\t\t\t<\/div>\n\t\t\t\t<\/div>\n\t\t\t\t<div class=\"elementor-element elementor-element-21ee8a3 elementor-widget elementor-widget-text-editor\" data-id=\"21ee8a3\" data-element_type=\"widget\" data-e-type=\"widget\" data-widget_type=\"text-editor.default\">\n\t\t\t\t<div class=\"elementor-widget-container\">\n\t\t\t\t\t\t\t\t\t<p>L&#8217;<strong>INOVU Loop Urban\u00a0<\/strong>est un sac \u00e0 dos confortable et \u00e9l\u00e9gant. Il permet de transporter facilement votre mat\u00e9riel informatique ainsi que les accessoires indispensables \u00e0 son utilisation. Sa poign\u00e9e, ses sangles ajustables et sa poche inf\u00e9rieure modulable sont autant d&#8217;atouts visant \u00e0 vous simplifier la vie. En outre, son syst\u00e8me antivol avanc\u00e9 (TSA007) garantit la s\u00e9curit\u00e9 de votre \u00e9quipement afin de vous permettre de vous d\u00e9placer sereinement et sans craintes.\u00a0<\/p>\t\t\t\t\t\t\t\t<\/div>\n\t\t\t\t<\/div>\n\t\t\t\t<\/div>\n\t\t\t\t<\/div>\n\t\t<div class=\"elementor-element elementor-element-3cef9ac e-con-full e-flex e-con e-child\" data-id=\"3cef9ac\" data-element_type=\"container\" data-e-type=\"container\">\n\t\t<div class=\"elementor-element elementor-element-c7db774 e-con-full e-flex e-con e-child\" data-id=\"c7db774\" data-element_type=\"container\" data-e-type=\"container\">\n\t\t\t\t<div class=\"elementor-element elementor-element-2650774 elementor-widget elementor-widget-heading\" data-id=\"2650774\" data-element_type=\"widget\" data-e-type=\"widget\" data-widget_type=\"heading.default\">\n\t\t\t\t<div class=\"elementor-widget-container\">\n\t\t\t\t\t<h2 class=\"elementor-heading-title elementor-size-default\">R\u00e9duisez votre impact sur l'environnement<\/h2>\t\t\t\t<\/div>\n\t\t\t\t<\/div>\n\t\t\t\t<div class=\"elementor-element elementor-element-2ac38ff elementor-widget elementor-widget-text-editor\" data-id=\"2ac38ff\" data-element_type=\"widget\" data-e-type=\"widget\" data-widget_type=\"text-editor.default\">\n\t\t\t\t<div class=\"elementor-widget-container\">\n\t\t\t\t\t\t\t\t\t<p>L&#8217;<strong>INOVU Loop Urban\u00a0<\/strong>est con\u00e7u \u00e0 base de mat\u00e9riaux recycl\u00e9s. Le polyester utilis\u00e9 dans sa conception a \u00e9t\u00e9 recycl\u00e9 \u00e0 hauteur de 80%. Une fois tiss\u00e9, le PET recycl\u00e9 est extr\u00eamement robuste et b\u00e9n\u00e9ficie de bonnes propri\u00e9t\u00e9s d\u00e9perlantes afin de mieux prot\u00e9ger votre mat\u00e9riel. En utilisant des produits \u00e0 base de PET recycl\u00e9, vous r\u00e9duisez consid\u00e9rablement votre impact sur l&#8217;environnement.<\/p><ul><li>R\u00e9duction des d\u00e9chets : L&#8217;utilisation de PET recycl\u00e9 contribue \u00e0 la r\u00e9duction des d\u00e9chets plastiques en permettant la r\u00e9utilisation des mat\u00e9riaux existants plut\u00f4t que la production de plastique vierge.<\/li><li>Le PET recycl\u00e9 n\u00e9cessite moins d&#8217;\u00e9nergie et d&#8217;eau par rapport \u00e0 la fabrication de PET vierge.<\/li><li>Le PET recycl\u00e9 r\u00e9duit la n\u00e9cessit\u00e9 d&#8217;extraire de nouvelles ressources p\u00e9troli\u00e8res pour la production de plastique afin de pr\u00e9server les ressources fossiles.<\/li><li>La fabrication du PET recycl\u00e9 n\u00e9cessite moins d&#8217;\u00e9nergie que la production de plastique \u00e0 partir de mati\u00e8res premi\u00e8res vierges.<\/li><li>L&#8217;utilisation de PET recycl\u00e9 favorise le recyclage et la r\u00e9utilisation des plastiques, contribuant ainsi \u00e0 la mise en place de mod\u00e8les \u00e9conomiques plus durables.<\/li><li>La production de PET recycl\u00e9 g\u00e9n\u00e8re moins d&#8217;\u00e9missions de gaz \u00e0 effet de serre que la production de plastique neuf.<\/li><\/ul><p><br \/>L&#8217;<strong>INOVU Loop Urban\u00a0\u00a0<\/strong>est recyclable et pourra \u00eatre r\u00e9utilis\u00e9 pour fabriquer une grande vari\u00e9t\u00e9 de produits durables.<\/p>\t\t\t\t\t\t\t\t<\/div>\n\t\t\t\t<\/div>\n\t\t\t\t<\/div>\n\t\t<div class=\"elementor-element elementor-element-0a5e0a5 e-con-full e-flex e-con e-child\" data-id=\"0a5e0a5\" data-element_type=\"container\" data-e-type=\"container\">\n\t\t\t\t<div class=\"elementor-element elementor-element-6a8234b elementor-widget elementor-widget-image\" data-id=\"6a8234b\" data-element_type=\"widget\" data-e-type=\"widget\" data-widget_type=\"image.default\">\n\t\t\t\t<div class=\"elementor-widget-container\">\n\t\t\t\t\t\t\t\t\t\t\t\t\t\t\t<img decoding=\"async\" width=\"500\" height=\"500\" src=\"https:\/\/www.inov-u.com\/wp-content\/uploads\/2024\/11\/PET_logo.png\" class=\"attachment-large size-large wp-image-5588\" alt=\"Logo qui indique que la gamme bagagerie est fait en mati\u00e8re recycl\u00e9es\" srcset=\"https:\/\/www.inov-u.com\/wp-content\/uploads\/2024\/11\/PET_logo.png 500w, https:\/\/www.inov-u.com\/wp-content\/uploads\/2024\/11\/PET_logo-300x300.png 300w, https:\/\/www.inov-u.com\/wp-content\/uploads\/2024\/11\/PET_logo-150x150.png 150w, https:\/\/www.inov-u.com\/wp-content\/uploads\/2024\/11\/PET_logo-100x100.png 100w\" sizes=\"(max-width: 500px) 100vw, 500px\" \/>\t\t\t\t\t\t\t\t\t\t\t\t\t\t\t<\/div>\n\t\t\t\t<\/div>\n\t\t\t\t<\/div>\n\t\t\t\t<\/div>\n\t\t<div class=\"elementor-element elementor-element-cf23fd8 e-con-full e-flex e-con e-child\" data-id=\"cf23fd8\" data-element_type=\"container\" data-e-type=\"container\">\n\t\t<div class=\"elementor-element elementor-element-82c22f2 e-con-full e-flex e-con e-child\" data-id=\"82c22f2\" data-element_type=\"container\" data-e-type=\"container\">\n\t\t\t\t<div class=\"elementor-element elementor-element-75c4d87 elementor-widget elementor-widget-image\" data-id=\"75c4d87\" data-element_type=\"widget\" data-e-type=\"widget\" data-widget_type=\"image.default\">\n\t\t\t\t<div class=\"elementor-widget-container\">\n\t\t\t\t\t\t\t\t\t\t\t\t\t\t\t<img decoding=\"async\" width=\"800\" height=\"826\" src=\"https:\/\/www.inov-u.com\/wp-content\/uploads\/2024\/11\/Loop-Urban-Noir_06.png\" class=\"attachment-large size-large wp-image-5624\" alt=\"Compartiment pratique int\u00e9gr\u00e9 au sac pour des accessoires high tech ou cam\u00e9ra\" srcset=\"https:\/\/www.inov-u.com\/wp-content\/uploads\/2024\/11\/Loop-Urban-Noir_06.png 968w, https:\/\/www.inov-u.com\/wp-content\/uploads\/2024\/11\/Loop-Urban-Noir_06-290x300.png 290w, https:\/\/www.inov-u.com\/wp-content\/uploads\/2024\/11\/Loop-Urban-Noir_06-768x793.png 768w, https:\/\/www.inov-u.com\/wp-content\/uploads\/2024\/11\/Loop-Urban-Noir_06-600x620.png 600w\" sizes=\"(max-width: 800px) 100vw, 800px\" \/>\t\t\t\t\t\t\t\t\t\t\t\t\t\t\t<\/div>\n\t\t\t\t<\/div>\n\t\t\t\t<\/div>\n\t\t<div class=\"elementor-element elementor-element-76f3050 e-con-full e-flex e-con e-child\" data-id=\"76f3050\" data-element_type=\"container\" data-e-type=\"container\">\n\t\t\t\t<div class=\"elementor-element elementor-element-723ba4e elementor-widget elementor-widget-heading\" data-id=\"723ba4e\" data-element_type=\"widget\" data-e-type=\"widget\" data-widget_type=\"heading.default\">\n\t\t\t\t<div class=\"elementor-widget-container\">\n\t\t\t\t\t<h2 class=\"elementor-heading-title elementor-size-default\">Caract\u00e9ristiques principales<\/h2>\t\t\t\t<\/div>\n\t\t\t\t<\/div>\n\t\t\t\t<div class=\"elementor-element elementor-element-4a6fc09 elementor-widget elementor-widget-text-editor\" data-id=\"4a6fc09\" data-element_type=\"widget\" data-e-type=\"widget\" data-widget_type=\"text-editor.default\">\n\t\t\t\t<div class=\"elementor-widget-container\">\n\t\t\t\t\t\t\t\t\t<ul><li><strong>Sac \u00e0 dos pour PC portable jusqu&#8217;\u00e0 15.6&#8243;<\/strong><\/li><li>Mat\u00e9riaux :\u00a0<strong>polyester 600D avec 80% de PET recycl\u00e9<\/strong><\/li><li>Protection hydrofuge<\/li><li>Rev\u00eatement interne : polyester 210D<\/li><li>Poign\u00e9e en microfibre<\/li><li>Poche inf\u00e9rieure modulable<\/li><li>Volume : 20L<\/li><li>Dimensions : 305 x 150 x 450 mm<\/li><li>Poids : 500 gr<\/li><li>Compatible trolley (sangle bagage)<\/li><li>Syst\u00e8me de verrouillage TSA007<\/li><\/ul>\t\t\t\t\t\t\t\t<\/div>\n\t\t\t\t<\/div>\n\t\t\t\t<\/div>\n\t\t\t\t<\/div>\n\t\t\t\t<\/div>\n\t\t\t\t<\/div>\n\t\t\n","protected":false},"excerpt":{"rendered":"<p>L&#8217;INOVU Loop Urban\u00a0est un sac \u00e0 dos polyvalent et pratique pour PC portable. Fabriqu\u00e9 \u00e0 partir de bouteilles plastiques recycl\u00e9es (80% de PET Recycl\u00e9), il est \u00e0 la fois robuste et respectueux de l&#8217;environnement.<\/p>\n","protected":false},"featured_media":5619,"comment_status":"open","ping_status":"closed","template":"","meta":{"_acf_changed":false},"product_brand":[],"product_cat":[36],"product_tag":[],"class_list":{"0":"post-5617","1":"product","2":"type-product","3":"status-publish","4":"has-post-thumbnail","6":"product_cat-sac-sac-a-dos","8":"first","9":"instock","10":"shipping-taxable","11":"product-type-simple"},"acf":[],"yoast_head":"<!-- This site is optimized with the Yoast SEO plugin v27.4 - https:\/\/yoast.com\/product\/yoast-seo-wordpress\/ -->\n<title>INOVU | Loop Urban (Noir)<\/title>\n<meta name=\"robots\" content=\"index, follow, max-snippet:-1, max-image-preview:large, max-video-preview:-1\" \/>\n<link rel=\"canonical\" href=\"https:\/\/www.inov-u.com\/en\/products\/bags\/bag-backpack\/loop-urban-noir\/\" \/>\n<meta property=\"og:locale\" content=\"en_US\" \/>\n<meta property=\"og:type\" content=\"article\" \/>\n<meta property=\"og:title\" content=\"INOVU | Loop Urban (Noir)\" \/>\n<meta property=\"og:description\" content=\"L&#039;INOVU Loop Urban\u00a0est un sac \u00e0 dos polyvalent et pratique pour PC portable. Fabriqu\u00e9 \u00e0 partir de bouteilles plastiques recycl\u00e9es (80% de PET Recycl\u00e9), il est \u00e0 la fois robuste et respectueux de l&#039;environnement.\" \/>\n<meta property=\"og:url\" content=\"https:\/\/www.inov-u.com\/en\/products\/bags\/bag-backpack\/loop-urban-noir\/\" \/>\n<meta property=\"og:site_name\" content=\"INOVU\" \/>\n<meta property=\"article:modified_time\" content=\"2025-04-28T12:30:21+00:00\" \/>\n<meta property=\"og:image\" content=\"https:\/\/www.inov-u.com\/wp-content\/uploads\/2024\/11\/Loop-Urban-Noir_01.png\" \/>\n\t<meta property=\"og:image:width\" content=\"1000\" \/>\n\t<meta property=\"og:image:height\" content=\"1000\" \/>\n\t<meta property=\"og:image:type\" content=\"image\/png\" \/>\n<meta name=\"twitter:card\" content=\"summary_large_image\" \/>\n<meta name=\"twitter:label1\" content=\"Est. reading time\" \/>\n\t<meta name=\"twitter:data1\" content=\"1 minute\" \/>\n<script type=\"application\/ld+json\" class=\"yoast-schema-graph\">{\"@context\":\"https:\\\/\\\/schema.org\",\"@graph\":[{\"@type\":[\"WebPage\",\"ItemPage\"],\"@id\":\"https:\\\/\\\/www.inov-u.com\\\/en\\\/products\\\/bags\\\/bag-backpack\\\/loop-urban-noir\\\/\",\"url\":\"https:\\\/\\\/www.inov-u.com\\\/en\\\/products\\\/bags\\\/bag-backpack\\\/loop-urban-noir\\\/\",\"name\":\"INOVU | Loop Urban (Noir)\",\"isPartOf\":{\"@id\":\"https:\\\/\\\/www.inov-u.com\\\/en\\\/#website\"},\"primaryImageOfPage\":{\"@id\":\"https:\\\/\\\/www.inov-u.com\\\/en\\\/products\\\/bags\\\/bag-backpack\\\/loop-urban-noir\\\/#primaryimage\"},\"image\":{\"@id\":\"https:\\\/\\\/www.inov-u.com\\\/en\\\/products\\\/bags\\\/bag-backpack\\\/loop-urban-noir\\\/#primaryimage\"},\"thumbnailUrl\":\"https:\\\/\\\/www.inov-u.com\\\/wp-content\\\/uploads\\\/2024\\\/11\\\/Loop-Urban-Noir_01.png\",\"datePublished\":\"2024-11-04T13:21:01+00:00\",\"dateModified\":\"2025-04-28T12:30:21+00:00\",\"breadcrumb\":{\"@id\":\"https:\\\/\\\/www.inov-u.com\\\/en\\\/products\\\/bags\\\/bag-backpack\\\/loop-urban-noir\\\/#breadcrumb\"},\"inLanguage\":\"en-US\",\"potentialAction\":[{\"@type\":\"ReadAction\",\"target\":[\"https:\\\/\\\/www.inov-u.com\\\/en\\\/products\\\/bags\\\/bag-backpack\\\/loop-urban-noir\\\/\"]}]},{\"@type\":\"ImageObject\",\"inLanguage\":\"en-US\",\"@id\":\"https:\\\/\\\/www.inov-u.com\\\/en\\\/products\\\/bags\\\/bag-backpack\\\/loop-urban-noir\\\/#primaryimage\",\"url\":\"https:\\\/\\\/www.inov-u.com\\\/wp-content\\\/uploads\\\/2024\\\/11\\\/Loop-Urban-Noir_01.png\",\"contentUrl\":\"https:\\\/\\\/www.inov-u.com\\\/wp-content\\\/uploads\\\/2024\\\/11\\\/Loop-Urban-Noir_01.png\",\"width\":1000,\"height\":1000,\"caption\":\"Sac noir\"},{\"@type\":\"BreadcrumbList\",\"@id\":\"https:\\\/\\\/www.inov-u.com\\\/en\\\/products\\\/bags\\\/bag-backpack\\\/loop-urban-noir\\\/#breadcrumb\",\"itemListElement\":[{\"@type\":\"ListItem\",\"position\":1,\"name\":\"Home\",\"item\":\"https:\\\/\\\/www.inov-u.com\\\/en\\\/\"},{\"@type\":\"ListItem\",\"position\":2,\"name\":\"Products\",\"item\":\"https:\\\/\\\/www.inov-u.com\\\/nos-univers\\\/\"},{\"@type\":\"ListItem\",\"position\":3,\"name\":\"Bags\",\"item\":\"https:\\\/\\\/www.inov-u.com\\\/en\\\/nos-univers\\\/bags\\\/\"},{\"@type\":\"ListItem\",\"position\":4,\"name\":\"Bag &amp; Backpack\",\"item\":\"https:\\\/\\\/www.inov-u.com\\\/en\\\/nos-univers\\\/bags\\\/bag-backpack\\\/\"},{\"@type\":\"ListItem\",\"position\":5,\"name\":\"Loop Urban (Noir)\"}]},{\"@type\":\"WebSite\",\"@id\":\"https:\\\/\\\/www.inov-u.com\\\/en\\\/#website\",\"url\":\"https:\\\/\\\/www.inov-u.com\\\/en\\\/\",\"name\":\"INOVU\",\"description\":\"L&#039;\u00e9quipement informatique du quotidien\",\"publisher\":{\"@id\":\"https:\\\/\\\/www.inov-u.com\\\/en\\\/#organization\"},\"potentialAction\":[{\"@type\":\"SearchAction\",\"target\":{\"@type\":\"EntryPoint\",\"urlTemplate\":\"https:\\\/\\\/www.inov-u.com\\\/en\\\/?s={search_term_string}\"},\"query-input\":{\"@type\":\"PropertyValueSpecification\",\"valueRequired\":true,\"valueName\":\"search_term_string\"}}],\"inLanguage\":\"en-US\"},{\"@type\":\"Organization\",\"@id\":\"https:\\\/\\\/www.inov-u.com\\\/en\\\/#organization\",\"name\":\"INOVU\",\"url\":\"https:\\\/\\\/www.inov-u.com\\\/en\\\/\",\"logo\":{\"@type\":\"ImageObject\",\"inLanguage\":\"en-US\",\"@id\":\"https:\\\/\\\/www.inov-u.com\\\/en\\\/#\\\/schema\\\/logo\\\/image\\\/\",\"url\":\"https:\\\/\\\/www.inov-u.com\\\/wp-content\\\/uploads\\\/2024\\\/02\\\/inovu_favicon.png\",\"contentUrl\":\"https:\\\/\\\/www.inov-u.com\\\/wp-content\\\/uploads\\\/2024\\\/02\\\/inovu_favicon.png\",\"width\":512,\"height\":512,\"caption\":\"INOVU\"},\"image\":{\"@id\":\"https:\\\/\\\/www.inov-u.com\\\/en\\\/#\\\/schema\\\/logo\\\/image\\\/\"}}]}<\/script>\n<!-- \/ Yoast SEO plugin. -->","yoast_head_json":{"title":"INOVU | Loop Urban (Noir)","robots":{"index":"index","follow":"follow","max-snippet":"max-snippet:-1","max-image-preview":"max-image-preview:large","max-video-preview":"max-video-preview:-1"},"canonical":"https:\/\/www.inov-u.com\/en\/products\/bags\/bag-backpack\/loop-urban-noir\/","og_locale":"en_US","og_type":"article","og_title":"INOVU | Loop Urban (Noir)","og_description":"L'INOVU Loop Urban\u00a0est un sac \u00e0 dos polyvalent et pratique pour PC portable. Fabriqu\u00e9 \u00e0 partir de bouteilles plastiques recycl\u00e9es (80% de PET Recycl\u00e9), il est \u00e0 la fois robuste et respectueux de l'environnement.","og_url":"https:\/\/www.inov-u.com\/en\/products\/bags\/bag-backpack\/loop-urban-noir\/","og_site_name":"INOVU","article_modified_time":"2025-04-28T12:30:21+00:00","og_image":[{"width":1000,"height":1000,"url":"https:\/\/www.inov-u.com\/wp-content\/uploads\/2024\/11\/Loop-Urban-Noir_01.png","type":"image\/png"}],"twitter_card":"summary_large_image","twitter_misc":{"Est. reading time":"1 minute"},"schema":{"@context":"https:\/\/schema.org","@graph":[{"@type":["WebPage","ItemPage"],"@id":"https:\/\/www.inov-u.com\/en\/products\/bags\/bag-backpack\/loop-urban-noir\/","url":"https:\/\/www.inov-u.com\/en\/products\/bags\/bag-backpack\/loop-urban-noir\/","name":"INOVU | Loop Urban (Noir)","isPartOf":{"@id":"https:\/\/www.inov-u.com\/en\/#website"},"primaryImageOfPage":{"@id":"https:\/\/www.inov-u.com\/en\/products\/bags\/bag-backpack\/loop-urban-noir\/#primaryimage"},"image":{"@id":"https:\/\/www.inov-u.com\/en\/products\/bags\/bag-backpack\/loop-urban-noir\/#primaryimage"},"thumbnailUrl":"https:\/\/www.inov-u.com\/wp-content\/uploads\/2024\/11\/Loop-Urban-Noir_01.png","datePublished":"2024-11-04T13:21:01+00:00","dateModified":"2025-04-28T12:30:21+00:00","breadcrumb":{"@id":"https:\/\/www.inov-u.com\/en\/products\/bags\/bag-backpack\/loop-urban-noir\/#breadcrumb"},"inLanguage":"en-US","potentialAction":[{"@type":"ReadAction","target":["https:\/\/www.inov-u.com\/en\/products\/bags\/bag-backpack\/loop-urban-noir\/"]}]},{"@type":"ImageObject","inLanguage":"en-US","@id":"https:\/\/www.inov-u.com\/en\/products\/bags\/bag-backpack\/loop-urban-noir\/#primaryimage","url":"https:\/\/www.inov-u.com\/wp-content\/uploads\/2024\/11\/Loop-Urban-Noir_01.png","contentUrl":"https:\/\/www.inov-u.com\/wp-content\/uploads\/2024\/11\/Loop-Urban-Noir_01.png","width":1000,"height":1000,"caption":"Sac noir"},{"@type":"BreadcrumbList","@id":"https:\/\/www.inov-u.com\/en\/products\/bags\/bag-backpack\/loop-urban-noir\/#breadcrumb","itemListElement":[{"@type":"ListItem","position":1,"name":"Home","item":"https:\/\/www.inov-u.com\/en\/"},{"@type":"ListItem","position":2,"name":"Products","item":"https:\/\/www.inov-u.com\/nos-univers\/"},{"@type":"ListItem","position":3,"name":"Bags","item":"https:\/\/www.inov-u.com\/en\/nos-univers\/bags\/"},{"@type":"ListItem","position":4,"name":"Bag &amp; Backpack","item":"https:\/\/www.inov-u.com\/en\/nos-univers\/bags\/bag-backpack\/"},{"@type":"ListItem","position":5,"name":"Loop Urban (Noir)"}]},{"@type":"WebSite","@id":"https:\/\/www.inov-u.com\/en\/#website","url":"https:\/\/www.inov-u.com\/en\/","name":"INOVU","description":"L&#039;\u00e9quipement informatique du quotidien","publisher":{"@id":"https:\/\/www.inov-u.com\/en\/#organization"},"potentialAction":[{"@type":"SearchAction","target":{"@type":"EntryPoint","urlTemplate":"https:\/\/www.inov-u.com\/en\/?s={search_term_string}"},"query-input":{"@type":"PropertyValueSpecification","valueRequired":true,"valueName":"search_term_string"}}],"inLanguage":"en-US"},{"@type":"Organization","@id":"https:\/\/www.inov-u.com\/en\/#organization","name":"INOVU","url":"https:\/\/www.inov-u.com\/en\/","logo":{"@type":"ImageObject","inLanguage":"en-US","@id":"https:\/\/www.inov-u.com\/en\/#\/schema\/logo\/image\/","url":"https:\/\/www.inov-u.com\/wp-content\/uploads\/2024\/02\/inovu_favicon.png","contentUrl":"https:\/\/www.inov-u.com\/wp-content\/uploads\/2024\/02\/inovu_favicon.png","width":512,"height":512,"caption":"INOVU"},"image":{"@id":"https:\/\/www.inov-u.com\/en\/#\/schema\/logo\/image\/"}}]}},"_links":{"self":[{"href":"https:\/\/www.inov-u.com\/en\/wp-json\/wp\/v2\/product\/5617","targetHints":{"allow":["GET"]}}],"collection":[{"href":"https:\/\/www.inov-u.com\/en\/wp-json\/wp\/v2\/product"}],"about":[{"href":"https:\/\/www.inov-u.com\/en\/wp-json\/wp\/v2\/types\/product"}],"replies":[{"embeddable":true,"href":"https:\/\/www.inov-u.com\/en\/wp-json\/wp\/v2\/comments?post=5617"}],"version-history":[{"count":1,"href":"https:\/\/www.inov-u.com\/en\/wp-json\/wp\/v2\/product\/5617\/revisions"}],"predecessor-version":[{"id":9975,"href":"https:\/\/www.inov-u.com\/en\/wp-json\/wp\/v2\/product\/5617\/revisions\/9975"}],"wp:featuredmedia":[{"embeddable":true,"href":"https:\/\/www.inov-u.com\/en\/wp-json\/wp\/v2\/media\/5619"}],"wp:attachment":[{"href":"https:\/\/www.inov-u.com\/en\/wp-json\/wp\/v2\/media?parent=5617"}],"wp:term":[{"taxonomy":"product_brand","embeddable":true,"href":"https:\/\/www.inov-u.com\/en\/wp-json\/wp\/v2\/product_brand?post=5617"},{"taxonomy":"product_cat","embeddable":true,"href":"https:\/\/www.inov-u.com\/en\/wp-json\/wp\/v2\/product_cat?post=5617"},{"taxonomy":"product_tag","embeddable":true,"href":"https:\/\/www.inov-u.com\/en\/wp-json\/wp\/v2\/product_tag?post=5617"}],"curies":[{"name":"wp","href":"https:\/\/api.w.org\/{rel}","templated":true}]}}