{"id":5649,"date":"2024-11-04T14:56:52","date_gmt":"2024-11-04T13:56:52","guid":{"rendered":"https:\/\/www.inov-u.com\/?post_type=product&#038;p=5649"},"modified":"2026-04-23T09:34:06","modified_gmt":"2026-04-23T07:34:06","slug":"hub-usb-c-vers-3x-usb-a-3x-usb-c-et-1x-usb-c-100w","status":"publish","type":"product","link":"https:\/\/www.inov-u.com\/en\/products\/adapters-hubs\/hub-docking-station\/hub-usb-c-vers-3x-usb-a-3x-usb-c-et-1x-usb-c-100w\/","title":{"rendered":"Hub USB-C vers 3x USB-A, 3x USB-C et 1x USB-C 100W"},"content":{"rendered":"\t\t<div data-elementor-type=\"container\" data-elementor-id=\"5652\" class=\"elementor elementor-5652\" data-elementor-post-type=\"elementor_library\">\n\t\t\t\t<div class=\"elementor-element elementor-element-7975e6c e-con-full e-flex e-con e-parent\" data-id=\"7975e6c\" data-element_type=\"container\" data-e-type=\"container\">\n\t\t<div class=\"elementor-element elementor-element-8f159db e-con-full e-flex e-con e-child\" data-id=\"8f159db\" data-element_type=\"container\" data-e-type=\"container\">\n\t\t<div class=\"elementor-element elementor-element-be6fc47 e-con-full e-flex e-con e-child\" data-id=\"be6fc47\" data-element_type=\"container\" data-e-type=\"container\">\n\t\t\t\t<div class=\"elementor-element elementor-element-b2d585c elementor-widget elementor-widget-heading\" data-id=\"b2d585c\" data-element_type=\"widget\" data-e-type=\"widget\" data-widget_type=\"heading.default\">\n\t\t\t\t<div class=\"elementor-widget-container\">\n\t\t\t\t\t<h2 class=\"elementor-heading-title elementor-size-default\">D\u00e9multipliez les capacit\u00e9s de votre machine<\/h2>\t\t\t\t<\/div>\n\t\t\t\t<\/div>\n\t\t\t\t<div class=\"elementor-element elementor-element-2602b25 elementor-widget elementor-widget-text-editor\" data-id=\"2602b25\" data-element_type=\"widget\" data-e-type=\"widget\" data-widget_type=\"text-editor.default\">\n\t\t\t\t<div class=\"elementor-widget-container\">\n\t\t\t\t\t\t\t\t\t<p>Simple \u00e0 utiliser, efficace et l\u00e9ger, l&#8217;<strong>INOVU INHUB3A3CPD\u00a0<\/strong>est un\u00a0<strong>Hub USB-C<\/strong>\u00a0permettant de doter votre mat\u00e9riel compatible de 7 ports suppl\u00e9mentaires\u00a0 : 3 ports USB (type A), 3 ports USB Type-C et 1 port USB Type-C avec Power Delivery 100W. Facile \u00e0 transporter et Plug &amp; Play, il deviendra vite indispensable au bureau comme \u00e0 la maison. Il est en outre con\u00e7u en alliage d&#8217;aluminium et est \u00e9quip\u00e9 d&#8217;un c\u00e2ble court r\u00e9sistant pour plus de robustesse et une meilleure durabilit\u00e9.<br \/><br \/>Compatible avec la norme USB 3.1 (\u00e9galement appel\u00e9e USB 3.2 Gen2) il offre des taux de transfert pouvant atteindre 10 Gbps. Ultra-polyvalent, il peut \u00eatre utilis\u00e9 avec tout PC, PC portable ou ordinateur Apple r\u00e9cents.<\/p>\t\t\t\t\t\t\t\t<\/div>\n\t\t\t\t<\/div>\n\t\t\t\t<\/div>\n\t\t\t\t<\/div>\n\t\t<div class=\"elementor-element elementor-element-757efc9 e-con-full e-flex e-con e-child\" data-id=\"757efc9\" data-element_type=\"container\" data-e-type=\"container\">\n\t\t<div class=\"elementor-element elementor-element-e18eb3e e-con-full e-flex e-con e-child\" data-id=\"e18eb3e\" data-element_type=\"container\" data-e-type=\"container\">\n\t\t\t\t<div class=\"elementor-element elementor-element-c3d81ff elementor-widget elementor-widget-image\" data-id=\"c3d81ff\" data-element_type=\"widget\" data-e-type=\"widget\" data-widget_type=\"image.default\">\n\t\t\t\t<div class=\"elementor-widget-container\">\n\t\t\t\t\t\t\t\t\t\t\t\t\t\t\t<img fetchpriority=\"high\" decoding=\"async\" width=\"1000\" height=\"1000\" src=\"https:\/\/www.inov-u.com\/wp-content\/uploads\/2024\/11\/INHUB3A3CPD_05.png\" class=\"attachment-full size-full wp-image-8716\" alt=\"\" srcset=\"https:\/\/www.inov-u.com\/wp-content\/uploads\/2024\/11\/INHUB3A3CPD_05.png 1000w, https:\/\/www.inov-u.com\/wp-content\/uploads\/2024\/11\/INHUB3A3CPD_05-300x300.png 300w, https:\/\/www.inov-u.com\/wp-content\/uploads\/2024\/11\/INHUB3A3CPD_05-150x150.png 150w, https:\/\/www.inov-u.com\/wp-content\/uploads\/2024\/11\/INHUB3A3CPD_05-768x768.png 768w, https:\/\/www.inov-u.com\/wp-content\/uploads\/2024\/11\/INHUB3A3CPD_05-700x700.png 700w, https:\/\/www.inov-u.com\/wp-content\/uploads\/2024\/11\/INHUB3A3CPD_05-600x600.png 600w, https:\/\/www.inov-u.com\/wp-content\/uploads\/2024\/11\/INHUB3A3CPD_05-100x100.png 100w\" sizes=\"(max-width: 1000px) 100vw, 1000px\" \/>\t\t\t\t\t\t\t\t\t\t\t\t\t\t\t<\/div>\n\t\t\t\t<\/div>\n\t\t\t\t<\/div>\n\t\t<div class=\"elementor-element elementor-element-e7f55b7 e-con-full e-flex e-con e-child\" data-id=\"e7f55b7\" data-element_type=\"container\" data-e-type=\"container\">\n\t\t\t\t<div class=\"elementor-element elementor-element-d9d7e98 elementor-widget elementor-widget-heading\" data-id=\"d9d7e98\" data-element_type=\"widget\" data-e-type=\"widget\" data-widget_type=\"heading.default\">\n\t\t\t\t<div class=\"elementor-widget-container\">\n\t\t\t\t\t<h2 class=\"elementor-heading-title elementor-size-default\">Caract\u00e9ristiques principales<\/h2>\t\t\t\t<\/div>\n\t\t\t\t<\/div>\n\t\t\t\t<div class=\"elementor-element elementor-element-21ee8a3 elementor-widget elementor-widget-text-editor\" data-id=\"21ee8a3\" data-element_type=\"widget\" data-e-type=\"widget\" data-widget_type=\"text-editor.default\">\n\t\t\t\t<div class=\"elementor-widget-container\">\n\t\t\t\t\t\t\t\t\t<ul>\n<li>Interface avec l&#8217;ordinateur : USB-C<\/li>\n<li>Ports disponibles : 3 ports USB-A 3.1 10 Gbps + 3 ports USB-C 3.1 10 Gbps + 1 port USB-C 3.1 10 Gbps avec Power Delivery 3.0 100W<\/li>\n<li>Compatible charge rapide 100W (dont 20W r\u00e9serv\u00e9s \u00e0 la station)<\/li>\n<li>Fonctionnement Plug &amp; Play sans pilote ni installation logicielle<\/li>\n<li>Compatible PC, PC portable, MacBook et iMac dot\u00e9s d&#8217;un port h\u00f4te USB-C<\/li>\n<li>Design compact et l\u00e9ger pour un transport ais\u00e9<\/li>\n<li>Bo\u00eetier en alliage d&#8217;aluminium<\/li>\n<li>C\u00e2ble r\u00e9sistant<\/li>\n<li>Poids plume de 55 gr<\/li>\n<li>Longueur du c\u00e2ble : 18 cm<\/li>\n<li>Dimensions : 11.5 x 4.4 x 1 cm<\/li>\n<li>Compatibilit\u00e9 OS : Windows 11\/10\/8\/7\/XP et Mac OS 10.2 et +<\/li>\n<\/ul>\t\t\t\t\t\t\t\t<\/div>\n\t\t\t\t<\/div>\n\t\t\t\t<\/div>\n\t\t\t\t<\/div>\n\t\t\t\t<\/div>\n\t\t\t\t<\/div>\n\t\t\n","protected":false},"excerpt":{"rendered":"<p>Simple \u00e0 utiliser, efficace et l\u00e9ger, l&#8217;INOVU INHUB3A3CPD est un Hub USB-C permettant de doter votre mat\u00e9riel compatible de 7 ports suppl\u00e9mentaires : 3 ports USB (type A), 3 ports USB Type-C et 1 port USB Type-C avec Power Delivery 100W (dont 20W r\u00e9serv\u00e9s \u00e0 la station).<\/p>\n","protected":false},"featured_media":5653,"comment_status":"open","ping_status":"closed","template":"","meta":{"_acf_changed":false},"product_brand":[],"product_cat":[33],"product_tag":[],"class_list":{"0":"post-5649","1":"product","2":"type-product","3":"status-publish","4":"has-post-thumbnail","6":"product_cat-hub-station-daccueil","8":"first","9":"instock","10":"shipping-taxable","11":"product-type-simple"},"acf":[],"yoast_head":"<!-- This site is optimized with the Yoast SEO plugin v27.4 - https:\/\/yoast.com\/product\/yoast-seo-wordpress\/ -->\n<title>INOVU | Hub USB-C vers 3x USB-A, 3x USB-C et 1x USB-C 100W<\/title>\n<meta name=\"robots\" content=\"index, follow, max-snippet:-1, max-image-preview:large, max-video-preview:-1\" \/>\n<link rel=\"canonical\" href=\"https:\/\/www.inov-u.com\/en\/products\/adapters-hubs\/hub-docking-station\/hub-usb-c-vers-3x-usb-a-3x-usb-c-et-1x-usb-c-100w\/\" \/>\n<meta property=\"og:locale\" content=\"en_US\" \/>\n<meta property=\"og:type\" content=\"article\" \/>\n<meta property=\"og:title\" content=\"INOVU | Hub USB-C vers 3x USB-A, 3x USB-C et 1x USB-C 100W\" \/>\n<meta property=\"og:description\" content=\"Simple \u00e0 utiliser, efficace et l\u00e9ger, l&#039;INOVU INHUB3A3CPD est un Hub USB-C permettant de doter votre mat\u00e9riel compatible de 7 ports suppl\u00e9mentaires : 3 ports USB (type A), 3 ports USB Type-C et 1 port USB Type-C avec Power Delivery 100W (dont 20W r\u00e9serv\u00e9s \u00e0 la station).\" \/>\n<meta property=\"og:url\" content=\"https:\/\/www.inov-u.com\/en\/products\/adapters-hubs\/hub-docking-station\/hub-usb-c-vers-3x-usb-a-3x-usb-c-et-1x-usb-c-100w\/\" \/>\n<meta property=\"og:site_name\" content=\"INOVU\" \/>\n<meta property=\"article:modified_time\" content=\"2026-04-23T07:34:06+00:00\" \/>\n<meta property=\"og:image\" content=\"https:\/\/www.inov-u.com\/wp-content\/uploads\/2024\/11\/INHUB3A3CPD_01.png\" \/>\n\t<meta property=\"og:image:width\" content=\"1000\" \/>\n\t<meta property=\"og:image:height\" content=\"1000\" \/>\n\t<meta property=\"og:image:type\" content=\"image\/png\" \/>\n<meta name=\"twitter:card\" content=\"summary_large_image\" \/>\n<meta name=\"twitter:label1\" content=\"Est. reading time\" \/>\n\t<meta name=\"twitter:data1\" content=\"1 minute\" \/>\n<script type=\"application\/ld+json\" class=\"yoast-schema-graph\">{\"@context\":\"https:\\\/\\\/schema.org\",\"@graph\":[{\"@type\":[\"WebPage\",\"ItemPage\"],\"@id\":\"https:\\\/\\\/www.inov-u.com\\\/en\\\/products\\\/adapters-hubs\\\/hub-docking-station\\\/hub-usb-c-vers-3x-usb-a-3x-usb-c-et-1x-usb-c-100w\\\/\",\"url\":\"https:\\\/\\\/www.inov-u.com\\\/en\\\/products\\\/adapters-hubs\\\/hub-docking-station\\\/hub-usb-c-vers-3x-usb-a-3x-usb-c-et-1x-usb-c-100w\\\/\",\"name\":\"INOVU | Hub USB-C vers 3x USB-A, 3x USB-C et 1x USB-C 100W\",\"isPartOf\":{\"@id\":\"https:\\\/\\\/www.inov-u.com\\\/en\\\/#website\"},\"primaryImageOfPage\":{\"@id\":\"https:\\\/\\\/www.inov-u.com\\\/en\\\/products\\\/adapters-hubs\\\/hub-docking-station\\\/hub-usb-c-vers-3x-usb-a-3x-usb-c-et-1x-usb-c-100w\\\/#primaryimage\"},\"image\":{\"@id\":\"https:\\\/\\\/www.inov-u.com\\\/en\\\/products\\\/adapters-hubs\\\/hub-docking-station\\\/hub-usb-c-vers-3x-usb-a-3x-usb-c-et-1x-usb-c-100w\\\/#primaryimage\"},\"thumbnailUrl\":\"https:\\\/\\\/www.inov-u.com\\\/wp-content\\\/uploads\\\/2024\\\/11\\\/INHUB3A3CPD_01.png\",\"datePublished\":\"2024-11-04T13:56:52+00:00\",\"dateModified\":\"2026-04-23T07:34:06+00:00\",\"breadcrumb\":{\"@id\":\"https:\\\/\\\/www.inov-u.com\\\/en\\\/products\\\/adapters-hubs\\\/hub-docking-station\\\/hub-usb-c-vers-3x-usb-a-3x-usb-c-et-1x-usb-c-100w\\\/#breadcrumb\"},\"inLanguage\":\"en-US\",\"potentialAction\":[{\"@type\":\"ReadAction\",\"target\":[\"https:\\\/\\\/www.inov-u.com\\\/en\\\/products\\\/adapters-hubs\\\/hub-docking-station\\\/hub-usb-c-vers-3x-usb-a-3x-usb-c-et-1x-usb-c-100w\\\/\"]}]},{\"@type\":\"ImageObject\",\"inLanguage\":\"en-US\",\"@id\":\"https:\\\/\\\/www.inov-u.com\\\/en\\\/products\\\/adapters-hubs\\\/hub-docking-station\\\/hub-usb-c-vers-3x-usb-a-3x-usb-c-et-1x-usb-c-100w\\\/#primaryimage\",\"url\":\"https:\\\/\\\/www.inov-u.com\\\/wp-content\\\/uploads\\\/2024\\\/11\\\/INHUB3A3CPD_01.png\",\"contentUrl\":\"https:\\\/\\\/www.inov-u.com\\\/wp-content\\\/uploads\\\/2024\\\/11\\\/INHUB3A3CPD_01.png\",\"width\":1000,\"height\":1000,\"caption\":\"Hub 7 ports\"},{\"@type\":\"BreadcrumbList\",\"@id\":\"https:\\\/\\\/www.inov-u.com\\\/en\\\/products\\\/adapters-hubs\\\/hub-docking-station\\\/hub-usb-c-vers-3x-usb-a-3x-usb-c-et-1x-usb-c-100w\\\/#breadcrumb\",\"itemListElement\":[{\"@type\":\"ListItem\",\"position\":1,\"name\":\"Home\",\"item\":\"https:\\\/\\\/www.inov-u.com\\\/en\\\/\"},{\"@type\":\"ListItem\",\"position\":2,\"name\":\"Products\",\"item\":\"https:\\\/\\\/www.inov-u.com\\\/nos-univers\\\/\"},{\"@type\":\"ListItem\",\"position\":3,\"name\":\"Adapters &amp; Hubs\",\"item\":\"https:\\\/\\\/www.inov-u.com\\\/en\\\/nos-univers\\\/adapters-hubs\\\/\"},{\"@type\":\"ListItem\",\"position\":4,\"name\":\"Hub \\\/ Docking Station\",\"item\":\"https:\\\/\\\/www.inov-u.com\\\/en\\\/nos-univers\\\/adapters-hubs\\\/hub-docking-station\\\/\"},{\"@type\":\"ListItem\",\"position\":5,\"name\":\"Hub USB-C vers 3x USB-A, 3x USB-C et 1x USB-C 100W\"}]},{\"@type\":\"WebSite\",\"@id\":\"https:\\\/\\\/www.inov-u.com\\\/en\\\/#website\",\"url\":\"https:\\\/\\\/www.inov-u.com\\\/en\\\/\",\"name\":\"INOVU\",\"description\":\"L&#039;\u00e9quipement informatique du quotidien\",\"publisher\":{\"@id\":\"https:\\\/\\\/www.inov-u.com\\\/en\\\/#organization\"},\"potentialAction\":[{\"@type\":\"SearchAction\",\"target\":{\"@type\":\"EntryPoint\",\"urlTemplate\":\"https:\\\/\\\/www.inov-u.com\\\/en\\\/?s={search_term_string}\"},\"query-input\":{\"@type\":\"PropertyValueSpecification\",\"valueRequired\":true,\"valueName\":\"search_term_string\"}}],\"inLanguage\":\"en-US\"},{\"@type\":\"Organization\",\"@id\":\"https:\\\/\\\/www.inov-u.com\\\/en\\\/#organization\",\"name\":\"INOVU\",\"url\":\"https:\\\/\\\/www.inov-u.com\\\/en\\\/\",\"logo\":{\"@type\":\"ImageObject\",\"inLanguage\":\"en-US\",\"@id\":\"https:\\\/\\\/www.inov-u.com\\\/en\\\/#\\\/schema\\\/logo\\\/image\\\/\",\"url\":\"https:\\\/\\\/www.inov-u.com\\\/wp-content\\\/uploads\\\/2024\\\/02\\\/inovu_favicon.png\",\"contentUrl\":\"https:\\\/\\\/www.inov-u.com\\\/wp-content\\\/uploads\\\/2024\\\/02\\\/inovu_favicon.png\",\"width\":512,\"height\":512,\"caption\":\"INOVU\"},\"image\":{\"@id\":\"https:\\\/\\\/www.inov-u.com\\\/en\\\/#\\\/schema\\\/logo\\\/image\\\/\"}}]}<\/script>\n<!-- \/ Yoast SEO plugin. -->","yoast_head_json":{"title":"INOVU | Hub USB-C vers 3x USB-A, 3x USB-C et 1x USB-C 100W","robots":{"index":"index","follow":"follow","max-snippet":"max-snippet:-1","max-image-preview":"max-image-preview:large","max-video-preview":"max-video-preview:-1"},"canonical":"https:\/\/www.inov-u.com\/en\/products\/adapters-hubs\/hub-docking-station\/hub-usb-c-vers-3x-usb-a-3x-usb-c-et-1x-usb-c-100w\/","og_locale":"en_US","og_type":"article","og_title":"INOVU | Hub USB-C vers 3x USB-A, 3x USB-C et 1x USB-C 100W","og_description":"Simple \u00e0 utiliser, efficace et l\u00e9ger, l'INOVU INHUB3A3CPD est un Hub USB-C permettant de doter votre mat\u00e9riel compatible de 7 ports suppl\u00e9mentaires : 3 ports USB (type A), 3 ports USB Type-C et 1 port USB Type-C avec Power Delivery 100W (dont 20W r\u00e9serv\u00e9s \u00e0 la station).","og_url":"https:\/\/www.inov-u.com\/en\/products\/adapters-hubs\/hub-docking-station\/hub-usb-c-vers-3x-usb-a-3x-usb-c-et-1x-usb-c-100w\/","og_site_name":"INOVU","article_modified_time":"2026-04-23T07:34:06+00:00","og_image":[{"width":1000,"height":1000,"url":"https:\/\/www.inov-u.com\/wp-content\/uploads\/2024\/11\/INHUB3A3CPD_01.png","type":"image\/png"}],"twitter_card":"summary_large_image","twitter_misc":{"Est. reading time":"1 minute"},"schema":{"@context":"https:\/\/schema.org","@graph":[{"@type":["WebPage","ItemPage"],"@id":"https:\/\/www.inov-u.com\/en\/products\/adapters-hubs\/hub-docking-station\/hub-usb-c-vers-3x-usb-a-3x-usb-c-et-1x-usb-c-100w\/","url":"https:\/\/www.inov-u.com\/en\/products\/adapters-hubs\/hub-docking-station\/hub-usb-c-vers-3x-usb-a-3x-usb-c-et-1x-usb-c-100w\/","name":"INOVU | Hub USB-C vers 3x USB-A, 3x USB-C et 1x USB-C 100W","isPartOf":{"@id":"https:\/\/www.inov-u.com\/en\/#website"},"primaryImageOfPage":{"@id":"https:\/\/www.inov-u.com\/en\/products\/adapters-hubs\/hub-docking-station\/hub-usb-c-vers-3x-usb-a-3x-usb-c-et-1x-usb-c-100w\/#primaryimage"},"image":{"@id":"https:\/\/www.inov-u.com\/en\/products\/adapters-hubs\/hub-docking-station\/hub-usb-c-vers-3x-usb-a-3x-usb-c-et-1x-usb-c-100w\/#primaryimage"},"thumbnailUrl":"https:\/\/www.inov-u.com\/wp-content\/uploads\/2024\/11\/INHUB3A3CPD_01.png","datePublished":"2024-11-04T13:56:52+00:00","dateModified":"2026-04-23T07:34:06+00:00","breadcrumb":{"@id":"https:\/\/www.inov-u.com\/en\/products\/adapters-hubs\/hub-docking-station\/hub-usb-c-vers-3x-usb-a-3x-usb-c-et-1x-usb-c-100w\/#breadcrumb"},"inLanguage":"en-US","potentialAction":[{"@type":"ReadAction","target":["https:\/\/www.inov-u.com\/en\/products\/adapters-hubs\/hub-docking-station\/hub-usb-c-vers-3x-usb-a-3x-usb-c-et-1x-usb-c-100w\/"]}]},{"@type":"ImageObject","inLanguage":"en-US","@id":"https:\/\/www.inov-u.com\/en\/products\/adapters-hubs\/hub-docking-station\/hub-usb-c-vers-3x-usb-a-3x-usb-c-et-1x-usb-c-100w\/#primaryimage","url":"https:\/\/www.inov-u.com\/wp-content\/uploads\/2024\/11\/INHUB3A3CPD_01.png","contentUrl":"https:\/\/www.inov-u.com\/wp-content\/uploads\/2024\/11\/INHUB3A3CPD_01.png","width":1000,"height":1000,"caption":"Hub 7 ports"},{"@type":"BreadcrumbList","@id":"https:\/\/www.inov-u.com\/en\/products\/adapters-hubs\/hub-docking-station\/hub-usb-c-vers-3x-usb-a-3x-usb-c-et-1x-usb-c-100w\/#breadcrumb","itemListElement":[{"@type":"ListItem","position":1,"name":"Home","item":"https:\/\/www.inov-u.com\/en\/"},{"@type":"ListItem","position":2,"name":"Products","item":"https:\/\/www.inov-u.com\/nos-univers\/"},{"@type":"ListItem","position":3,"name":"Adapters &amp; Hubs","item":"https:\/\/www.inov-u.com\/en\/nos-univers\/adapters-hubs\/"},{"@type":"ListItem","position":4,"name":"Hub \/ Docking Station","item":"https:\/\/www.inov-u.com\/en\/nos-univers\/adapters-hubs\/hub-docking-station\/"},{"@type":"ListItem","position":5,"name":"Hub USB-C vers 3x USB-A, 3x USB-C et 1x USB-C 100W"}]},{"@type":"WebSite","@id":"https:\/\/www.inov-u.com\/en\/#website","url":"https:\/\/www.inov-u.com\/en\/","name":"INOVU","description":"L&#039;\u00e9quipement informatique du quotidien","publisher":{"@id":"https:\/\/www.inov-u.com\/en\/#organization"},"potentialAction":[{"@type":"SearchAction","target":{"@type":"EntryPoint","urlTemplate":"https:\/\/www.inov-u.com\/en\/?s={search_term_string}"},"query-input":{"@type":"PropertyValueSpecification","valueRequired":true,"valueName":"search_term_string"}}],"inLanguage":"en-US"},{"@type":"Organization","@id":"https:\/\/www.inov-u.com\/en\/#organization","name":"INOVU","url":"https:\/\/www.inov-u.com\/en\/","logo":{"@type":"ImageObject","inLanguage":"en-US","@id":"https:\/\/www.inov-u.com\/en\/#\/schema\/logo\/image\/","url":"https:\/\/www.inov-u.com\/wp-content\/uploads\/2024\/02\/inovu_favicon.png","contentUrl":"https:\/\/www.inov-u.com\/wp-content\/uploads\/2024\/02\/inovu_favicon.png","width":512,"height":512,"caption":"INOVU"},"image":{"@id":"https:\/\/www.inov-u.com\/en\/#\/schema\/logo\/image\/"}}]}},"_links":{"self":[{"href":"https:\/\/www.inov-u.com\/en\/wp-json\/wp\/v2\/product\/5649","targetHints":{"allow":["GET"]}}],"collection":[{"href":"https:\/\/www.inov-u.com\/en\/wp-json\/wp\/v2\/product"}],"about":[{"href":"https:\/\/www.inov-u.com\/en\/wp-json\/wp\/v2\/types\/product"}],"replies":[{"embeddable":true,"href":"https:\/\/www.inov-u.com\/en\/wp-json\/wp\/v2\/comments?post=5649"}],"version-history":[{"count":4,"href":"https:\/\/www.inov-u.com\/en\/wp-json\/wp\/v2\/product\/5649\/revisions"}],"predecessor-version":[{"id":10719,"href":"https:\/\/www.inov-u.com\/en\/wp-json\/wp\/v2\/product\/5649\/revisions\/10719"}],"wp:featuredmedia":[{"embeddable":true,"href":"https:\/\/www.inov-u.com\/en\/wp-json\/wp\/v2\/media\/5653"}],"wp:attachment":[{"href":"https:\/\/www.inov-u.com\/en\/wp-json\/wp\/v2\/media?parent=5649"}],"wp:term":[{"taxonomy":"product_brand","embeddable":true,"href":"https:\/\/www.inov-u.com\/en\/wp-json\/wp\/v2\/product_brand?post=5649"},{"taxonomy":"product_cat","embeddable":true,"href":"https:\/\/www.inov-u.com\/en\/wp-json\/wp\/v2\/product_cat?post=5649"},{"taxonomy":"product_tag","embeddable":true,"href":"https:\/\/www.inov-u.com\/en\/wp-json\/wp\/v2\/product_tag?post=5649"}],"curies":[{"name":"wp","href":"https:\/\/api.w.org\/{rel}","templated":true}]}}