{"id":5662,"date":"2024-11-04T15:03:19","date_gmt":"2024-11-04T14:03:19","guid":{"rendered":"https:\/\/www.inov-u.com\/?post_type=product&#038;p=5662"},"modified":"2026-04-23T09:42:26","modified_gmt":"2026-04-23T07:42:26","slug":"station-daccueil-usb-c-6-en-1-hdmi-usb-sd","status":"publish","type":"product","link":"https:\/\/www.inov-u.com\/en\/products\/adapters-hubs\/hub-docking-station\/station-daccueil-usb-c-6-en-1-hdmi-usb-sd\/","title":{"rendered":"Station d&#8217;accueil USB-C 6 en 1 (HDMI\/USB\/SD)"},"content":{"rendered":"\t\t<div data-elementor-type=\"container\" data-elementor-id=\"5668\" class=\"elementor elementor-5668\" data-elementor-post-type=\"elementor_library\">\n\t\t\t\t<div class=\"elementor-element elementor-element-7975e6c e-con-full e-flex e-con e-parent\" data-id=\"7975e6c\" data-element_type=\"container\" data-e-type=\"container\">\n\t\t<div class=\"elementor-element elementor-element-8f159db e-con-full e-flex e-con e-child\" data-id=\"8f159db\" data-element_type=\"container\" data-e-type=\"container\">\n\t\t<div class=\"elementor-element elementor-element-be6fc47 e-con-full e-flex e-con e-child\" data-id=\"be6fc47\" data-element_type=\"container\" data-e-type=\"container\">\n\t\t\t\t<div class=\"elementor-element elementor-element-b2d585c elementor-widget elementor-widget-heading\" data-id=\"b2d585c\" data-element_type=\"widget\" data-e-type=\"widget\" data-widget_type=\"heading.default\">\n\t\t\t\t<div class=\"elementor-widget-container\">\n\t\t\t\t\t<h2 class=\"elementor-heading-title elementor-size-default\">INOVU INST6CG1 : Station d'accueil 6 en 1<\/h2>\t\t\t\t<\/div>\n\t\t\t\t<\/div>\n\t\t\t\t<div class=\"elementor-element elementor-element-2602b25 elementor-widget elementor-widget-text-editor\" data-id=\"2602b25\" data-element_type=\"widget\" data-e-type=\"widget\" data-widget_type=\"text-editor.default\">\n\t\t\t\t<div class=\"elementor-widget-container\">\n\t\t\t\t\t\t\t\t\t<p>La station d&#8217;accueil\u00a0<strong>INOVU INST6CG1\u00a0<\/strong>transforme votre ordinateur portable ou votre tablette USB-C en une station de travail compl\u00e8te, o\u00f9 que vous soyez.\u00a0 Il offre une sortie vid\u00e9o HDMI 4K @ 30Hz, trois ports USB 3.0, un port USB-C (PD 100W) et un lecteur de cartes SD et microSD, le tout via un seul port USB-C de votre ordinateur portable.\u00a0 Il vous permet de connecter rapidement vos p\u00e9riph\u00e9riques et appareils, et offre un acc\u00e8s direct \u00e0 vos cartes m\u00e9moires comme support suppl\u00e9mentaire pour le stockage et le transfert de donn\u00e9es.\u00a0\u00a0<\/p>\t\t\t\t\t\t\t\t<\/div>\n\t\t\t\t<\/div>\n\t\t\t\t<\/div>\n\t\t\t\t<\/div>\n\t\t<div class=\"elementor-element elementor-element-757efc9 e-con-full e-flex e-con e-child\" data-id=\"757efc9\" data-element_type=\"container\" data-e-type=\"container\">\n\t\t<div class=\"elementor-element elementor-element-e18eb3e e-con-full e-flex e-con e-child\" data-id=\"e18eb3e\" data-element_type=\"container\" data-e-type=\"container\">\n\t\t\t\t<div class=\"elementor-element elementor-element-c3d81ff elementor-widget elementor-widget-image\" data-id=\"c3d81ff\" data-element_type=\"widget\" data-e-type=\"widget\" data-widget_type=\"image.default\">\n\t\t\t\t<div class=\"elementor-widget-container\">\n\t\t\t\t\t\t\t\t\t\t\t\t\t\t\t<img fetchpriority=\"high\" decoding=\"async\" width=\"1000\" height=\"702\" src=\"https:\/\/www.inov-u.com\/wp-content\/uploads\/2024\/11\/INST6CG1_05.png\" class=\"attachment-full size-full wp-image-8721\" alt=\"\" srcset=\"https:\/\/www.inov-u.com\/wp-content\/uploads\/2024\/11\/INST6CG1_05.png 1000w, https:\/\/www.inov-u.com\/wp-content\/uploads\/2024\/11\/INST6CG1_05-300x211.png 300w, https:\/\/www.inov-u.com\/wp-content\/uploads\/2024\/11\/INST6CG1_05-768x539.png 768w, https:\/\/www.inov-u.com\/wp-content\/uploads\/2024\/11\/INST6CG1_05-600x421.png 600w\" sizes=\"(max-width: 1000px) 100vw, 1000px\" \/>\t\t\t\t\t\t\t\t\t\t\t\t\t\t\t<\/div>\n\t\t\t\t<\/div>\n\t\t\t\t<\/div>\n\t\t<div class=\"elementor-element elementor-element-e7f55b7 e-con-full e-flex e-con e-child\" data-id=\"e7f55b7\" data-element_type=\"container\" data-e-type=\"container\">\n\t\t\t\t<div class=\"elementor-element elementor-element-d9d7e98 elementor-widget elementor-widget-heading\" data-id=\"d9d7e98\" data-element_type=\"widget\" data-e-type=\"widget\" data-widget_type=\"heading.default\">\n\t\t\t\t<div class=\"elementor-widget-container\">\n\t\t\t\t\t<h2 class=\"elementor-heading-title elementor-size-default\">Caract\u00e9ristiques principales<\/h2>\t\t\t\t<\/div>\n\t\t\t\t<\/div>\n\t\t\t\t<div class=\"elementor-element elementor-element-21ee8a3 elementor-widget elementor-widget-text-editor\" data-id=\"21ee8a3\" data-element_type=\"widget\" data-e-type=\"widget\" data-widget_type=\"text-editor.default\">\n\t\t\t\t<div class=\"elementor-widget-container\">\n\t\t\t\t\t\t\t\t\t<ul><li>Prise en charge de la technologie USB Power Delivery (jusqu&#8217;\u00e0 100 W &#8211; dont 8W sont r\u00e9serv\u00e9s \u00e0 la station)<\/li><li>Plug &amp; Play<\/li><li>Mode d\u2019affichage vid\u00e9o : Mode miroir ou mode \u00e9tendu<\/li><li>Compatible avec les ordinateurs portables, de bureau, MacBook, t\u00e9l\u00e9phones et autres \u00e9quipements dot\u00e9s d\u2019un port USB-C<\/li><li>Sortie HDMI compatible 4K @ 30Hz<\/li><li>Design compact pour un transport facilit\u00e9<\/li><li>2 patins anti-d\u00e9rapants<\/li><\/ul>\t\t\t\t\t\t\t\t<\/div>\n\t\t\t\t<\/div>\n\t\t\t\t<\/div>\n\t\t\t\t<\/div>\n\t\t\t\t<\/div>\n\t\t\t\t<\/div>\n\t\t\n","protected":false},"excerpt":{"rendered":"<p>La station d&#8217;accueil INOVU INST6CG1 transforme votre ordinateur portable ou votre tablette USB-C en une station de travail compl\u00e8te, o\u00f9 que vous soyez. Il offre une sortie vid\u00e9o HDMI 4K @ 30Hz, trois ports USB 3.0, un port USB-C (PD 100W) et un lecteur de cartes SD et microSD.<\/p>\n","protected":false},"featured_media":5663,"comment_status":"open","ping_status":"closed","template":"","meta":{"_acf_changed":false},"product_brand":[],"product_cat":[33],"product_tag":[],"class_list":{"0":"post-5662","1":"product","2":"type-product","3":"status-publish","4":"has-post-thumbnail","6":"product_cat-hub-station-daccueil","8":"first","9":"instock","10":"shipping-taxable","11":"product-type-simple"},"acf":[],"yoast_head":"<!-- This site is optimized with the Yoast SEO plugin v27.4 - https:\/\/yoast.com\/product\/yoast-seo-wordpress\/ -->\n<title>INOVU | Station d&#039;accueil USB-C 6 en 1 (HDMI\/USB\/SD)<\/title>\n<meta name=\"robots\" content=\"index, follow, max-snippet:-1, max-image-preview:large, max-video-preview:-1\" \/>\n<link rel=\"canonical\" href=\"https:\/\/www.inov-u.com\/en\/products\/adapters-hubs\/hub-docking-station\/station-daccueil-usb-c-6-en-1-hdmi-usb-sd\/\" \/>\n<meta property=\"og:locale\" content=\"en_US\" \/>\n<meta property=\"og:type\" content=\"article\" \/>\n<meta property=\"og:title\" content=\"INOVU | Station d&#039;accueil USB-C 6 en 1 (HDMI\/USB\/SD)\" \/>\n<meta property=\"og:description\" content=\"La station d&#039;accueil INOVU INST6CG1 transforme votre ordinateur portable ou votre tablette USB-C en une station de travail compl\u00e8te, o\u00f9 que vous soyez. Il offre une sortie vid\u00e9o HDMI 4K @ 30Hz, trois ports USB 3.0, un port USB-C (PD 100W) et un lecteur de cartes SD et microSD.\" \/>\n<meta property=\"og:url\" content=\"https:\/\/www.inov-u.com\/en\/products\/adapters-hubs\/hub-docking-station\/station-daccueil-usb-c-6-en-1-hdmi-usb-sd\/\" \/>\n<meta property=\"og:site_name\" content=\"INOVU\" \/>\n<meta property=\"article:modified_time\" content=\"2026-04-23T07:42:26+00:00\" \/>\n<meta property=\"og:image\" content=\"https:\/\/www.inov-u.com\/wp-content\/uploads\/2024\/11\/INST6CG1_01.png\" \/>\n\t<meta property=\"og:image:width\" content=\"1000\" \/>\n\t<meta property=\"og:image:height\" content=\"1000\" \/>\n\t<meta property=\"og:image:type\" content=\"image\/png\" \/>\n<meta name=\"twitter:card\" content=\"summary_large_image\" \/>\n<meta name=\"twitter:label1\" content=\"Est. reading time\" \/>\n\t<meta name=\"twitter:data1\" content=\"1 minute\" \/>\n<script type=\"application\/ld+json\" class=\"yoast-schema-graph\">{\"@context\":\"https:\\\/\\\/schema.org\",\"@graph\":[{\"@type\":[\"WebPage\",\"ItemPage\"],\"@id\":\"https:\\\/\\\/www.inov-u.com\\\/en\\\/products\\\/adapters-hubs\\\/hub-docking-station\\\/station-daccueil-usb-c-6-en-1-hdmi-usb-sd\\\/\",\"url\":\"https:\\\/\\\/www.inov-u.com\\\/en\\\/products\\\/adapters-hubs\\\/hub-docking-station\\\/station-daccueil-usb-c-6-en-1-hdmi-usb-sd\\\/\",\"name\":\"INOVU | Station d'accueil USB-C 6 en 1 (HDMI\\\/USB\\\/SD)\",\"isPartOf\":{\"@id\":\"https:\\\/\\\/www.inov-u.com\\\/en\\\/#website\"},\"primaryImageOfPage\":{\"@id\":\"https:\\\/\\\/www.inov-u.com\\\/en\\\/products\\\/adapters-hubs\\\/hub-docking-station\\\/station-daccueil-usb-c-6-en-1-hdmi-usb-sd\\\/#primaryimage\"},\"image\":{\"@id\":\"https:\\\/\\\/www.inov-u.com\\\/en\\\/products\\\/adapters-hubs\\\/hub-docking-station\\\/station-daccueil-usb-c-6-en-1-hdmi-usb-sd\\\/#primaryimage\"},\"thumbnailUrl\":\"https:\\\/\\\/www.inov-u.com\\\/wp-content\\\/uploads\\\/2024\\\/11\\\/INST6CG1_01.png\",\"datePublished\":\"2024-11-04T14:03:19+00:00\",\"dateModified\":\"2026-04-23T07:42:26+00:00\",\"breadcrumb\":{\"@id\":\"https:\\\/\\\/www.inov-u.com\\\/en\\\/products\\\/adapters-hubs\\\/hub-docking-station\\\/station-daccueil-usb-c-6-en-1-hdmi-usb-sd\\\/#breadcrumb\"},\"inLanguage\":\"en-US\",\"potentialAction\":[{\"@type\":\"ReadAction\",\"target\":[\"https:\\\/\\\/www.inov-u.com\\\/en\\\/products\\\/adapters-hubs\\\/hub-docking-station\\\/station-daccueil-usb-c-6-en-1-hdmi-usb-sd\\\/\"]}]},{\"@type\":\"ImageObject\",\"inLanguage\":\"en-US\",\"@id\":\"https:\\\/\\\/www.inov-u.com\\\/en\\\/products\\\/adapters-hubs\\\/hub-docking-station\\\/station-daccueil-usb-c-6-en-1-hdmi-usb-sd\\\/#primaryimage\",\"url\":\"https:\\\/\\\/www.inov-u.com\\\/wp-content\\\/uploads\\\/2024\\\/11\\\/INST6CG1_01.png\",\"contentUrl\":\"https:\\\/\\\/www.inov-u.com\\\/wp-content\\\/uploads\\\/2024\\\/11\\\/INST6CG1_01.png\",\"width\":1000,\"height\":1000,\"caption\":\"Station d'accueil noir usb c 6 en 1\"},{\"@type\":\"BreadcrumbList\",\"@id\":\"https:\\\/\\\/www.inov-u.com\\\/en\\\/products\\\/adapters-hubs\\\/hub-docking-station\\\/station-daccueil-usb-c-6-en-1-hdmi-usb-sd\\\/#breadcrumb\",\"itemListElement\":[{\"@type\":\"ListItem\",\"position\":1,\"name\":\"Home\",\"item\":\"https:\\\/\\\/www.inov-u.com\\\/en\\\/\"},{\"@type\":\"ListItem\",\"position\":2,\"name\":\"Products\",\"item\":\"https:\\\/\\\/www.inov-u.com\\\/nos-univers\\\/\"},{\"@type\":\"ListItem\",\"position\":3,\"name\":\"Adapters &amp; Hubs\",\"item\":\"https:\\\/\\\/www.inov-u.com\\\/en\\\/nos-univers\\\/adapters-hubs\\\/\"},{\"@type\":\"ListItem\",\"position\":4,\"name\":\"Hub \\\/ Docking Station\",\"item\":\"https:\\\/\\\/www.inov-u.com\\\/en\\\/nos-univers\\\/adapters-hubs\\\/hub-docking-station\\\/\"},{\"@type\":\"ListItem\",\"position\":5,\"name\":\"Station d&#8217;accueil USB-C 6 en 1 (HDMI\\\/USB\\\/SD)\"}]},{\"@type\":\"WebSite\",\"@id\":\"https:\\\/\\\/www.inov-u.com\\\/en\\\/#website\",\"url\":\"https:\\\/\\\/www.inov-u.com\\\/en\\\/\",\"name\":\"INOVU\",\"description\":\"L&#039;\u00e9quipement informatique du quotidien\",\"publisher\":{\"@id\":\"https:\\\/\\\/www.inov-u.com\\\/en\\\/#organization\"},\"potentialAction\":[{\"@type\":\"SearchAction\",\"target\":{\"@type\":\"EntryPoint\",\"urlTemplate\":\"https:\\\/\\\/www.inov-u.com\\\/en\\\/?s={search_term_string}\"},\"query-input\":{\"@type\":\"PropertyValueSpecification\",\"valueRequired\":true,\"valueName\":\"search_term_string\"}}],\"inLanguage\":\"en-US\"},{\"@type\":\"Organization\",\"@id\":\"https:\\\/\\\/www.inov-u.com\\\/en\\\/#organization\",\"name\":\"INOVU\",\"url\":\"https:\\\/\\\/www.inov-u.com\\\/en\\\/\",\"logo\":{\"@type\":\"ImageObject\",\"inLanguage\":\"en-US\",\"@id\":\"https:\\\/\\\/www.inov-u.com\\\/en\\\/#\\\/schema\\\/logo\\\/image\\\/\",\"url\":\"https:\\\/\\\/www.inov-u.com\\\/wp-content\\\/uploads\\\/2024\\\/02\\\/inovu_favicon.png\",\"contentUrl\":\"https:\\\/\\\/www.inov-u.com\\\/wp-content\\\/uploads\\\/2024\\\/02\\\/inovu_favicon.png\",\"width\":512,\"height\":512,\"caption\":\"INOVU\"},\"image\":{\"@id\":\"https:\\\/\\\/www.inov-u.com\\\/en\\\/#\\\/schema\\\/logo\\\/image\\\/\"}}]}<\/script>\n<!-- \/ Yoast SEO plugin. -->","yoast_head_json":{"title":"INOVU | Station d'accueil USB-C 6 en 1 (HDMI\/USB\/SD)","robots":{"index":"index","follow":"follow","max-snippet":"max-snippet:-1","max-image-preview":"max-image-preview:large","max-video-preview":"max-video-preview:-1"},"canonical":"https:\/\/www.inov-u.com\/en\/products\/adapters-hubs\/hub-docking-station\/station-daccueil-usb-c-6-en-1-hdmi-usb-sd\/","og_locale":"en_US","og_type":"article","og_title":"INOVU | Station d'accueil USB-C 6 en 1 (HDMI\/USB\/SD)","og_description":"La station d'accueil INOVU INST6CG1 transforme votre ordinateur portable ou votre tablette USB-C en une station de travail compl\u00e8te, o\u00f9 que vous soyez. Il offre une sortie vid\u00e9o HDMI 4K @ 30Hz, trois ports USB 3.0, un port USB-C (PD 100W) et un lecteur de cartes SD et microSD.","og_url":"https:\/\/www.inov-u.com\/en\/products\/adapters-hubs\/hub-docking-station\/station-daccueil-usb-c-6-en-1-hdmi-usb-sd\/","og_site_name":"INOVU","article_modified_time":"2026-04-23T07:42:26+00:00","og_image":[{"width":1000,"height":1000,"url":"https:\/\/www.inov-u.com\/wp-content\/uploads\/2024\/11\/INST6CG1_01.png","type":"image\/png"}],"twitter_card":"summary_large_image","twitter_misc":{"Est. reading time":"1 minute"},"schema":{"@context":"https:\/\/schema.org","@graph":[{"@type":["WebPage","ItemPage"],"@id":"https:\/\/www.inov-u.com\/en\/products\/adapters-hubs\/hub-docking-station\/station-daccueil-usb-c-6-en-1-hdmi-usb-sd\/","url":"https:\/\/www.inov-u.com\/en\/products\/adapters-hubs\/hub-docking-station\/station-daccueil-usb-c-6-en-1-hdmi-usb-sd\/","name":"INOVU | Station d'accueil USB-C 6 en 1 (HDMI\/USB\/SD)","isPartOf":{"@id":"https:\/\/www.inov-u.com\/en\/#website"},"primaryImageOfPage":{"@id":"https:\/\/www.inov-u.com\/en\/products\/adapters-hubs\/hub-docking-station\/station-daccueil-usb-c-6-en-1-hdmi-usb-sd\/#primaryimage"},"image":{"@id":"https:\/\/www.inov-u.com\/en\/products\/adapters-hubs\/hub-docking-station\/station-daccueil-usb-c-6-en-1-hdmi-usb-sd\/#primaryimage"},"thumbnailUrl":"https:\/\/www.inov-u.com\/wp-content\/uploads\/2024\/11\/INST6CG1_01.png","datePublished":"2024-11-04T14:03:19+00:00","dateModified":"2026-04-23T07:42:26+00:00","breadcrumb":{"@id":"https:\/\/www.inov-u.com\/en\/products\/adapters-hubs\/hub-docking-station\/station-daccueil-usb-c-6-en-1-hdmi-usb-sd\/#breadcrumb"},"inLanguage":"en-US","potentialAction":[{"@type":"ReadAction","target":["https:\/\/www.inov-u.com\/en\/products\/adapters-hubs\/hub-docking-station\/station-daccueil-usb-c-6-en-1-hdmi-usb-sd\/"]}]},{"@type":"ImageObject","inLanguage":"en-US","@id":"https:\/\/www.inov-u.com\/en\/products\/adapters-hubs\/hub-docking-station\/station-daccueil-usb-c-6-en-1-hdmi-usb-sd\/#primaryimage","url":"https:\/\/www.inov-u.com\/wp-content\/uploads\/2024\/11\/INST6CG1_01.png","contentUrl":"https:\/\/www.inov-u.com\/wp-content\/uploads\/2024\/11\/INST6CG1_01.png","width":1000,"height":1000,"caption":"Station d'accueil noir usb c 6 en 1"},{"@type":"BreadcrumbList","@id":"https:\/\/www.inov-u.com\/en\/products\/adapters-hubs\/hub-docking-station\/station-daccueil-usb-c-6-en-1-hdmi-usb-sd\/#breadcrumb","itemListElement":[{"@type":"ListItem","position":1,"name":"Home","item":"https:\/\/www.inov-u.com\/en\/"},{"@type":"ListItem","position":2,"name":"Products","item":"https:\/\/www.inov-u.com\/nos-univers\/"},{"@type":"ListItem","position":3,"name":"Adapters &amp; Hubs","item":"https:\/\/www.inov-u.com\/en\/nos-univers\/adapters-hubs\/"},{"@type":"ListItem","position":4,"name":"Hub \/ Docking Station","item":"https:\/\/www.inov-u.com\/en\/nos-univers\/adapters-hubs\/hub-docking-station\/"},{"@type":"ListItem","position":5,"name":"Station d&#8217;accueil USB-C 6 en 1 (HDMI\/USB\/SD)"}]},{"@type":"WebSite","@id":"https:\/\/www.inov-u.com\/en\/#website","url":"https:\/\/www.inov-u.com\/en\/","name":"INOVU","description":"L&#039;\u00e9quipement informatique du quotidien","publisher":{"@id":"https:\/\/www.inov-u.com\/en\/#organization"},"potentialAction":[{"@type":"SearchAction","target":{"@type":"EntryPoint","urlTemplate":"https:\/\/www.inov-u.com\/en\/?s={search_term_string}"},"query-input":{"@type":"PropertyValueSpecification","valueRequired":true,"valueName":"search_term_string"}}],"inLanguage":"en-US"},{"@type":"Organization","@id":"https:\/\/www.inov-u.com\/en\/#organization","name":"INOVU","url":"https:\/\/www.inov-u.com\/en\/","logo":{"@type":"ImageObject","inLanguage":"en-US","@id":"https:\/\/www.inov-u.com\/en\/#\/schema\/logo\/image\/","url":"https:\/\/www.inov-u.com\/wp-content\/uploads\/2024\/02\/inovu_favicon.png","contentUrl":"https:\/\/www.inov-u.com\/wp-content\/uploads\/2024\/02\/inovu_favicon.png","width":512,"height":512,"caption":"INOVU"},"image":{"@id":"https:\/\/www.inov-u.com\/en\/#\/schema\/logo\/image\/"}}]}},"_links":{"self":[{"href":"https:\/\/www.inov-u.com\/en\/wp-json\/wp\/v2\/product\/5662","targetHints":{"allow":["GET"]}}],"collection":[{"href":"https:\/\/www.inov-u.com\/en\/wp-json\/wp\/v2\/product"}],"about":[{"href":"https:\/\/www.inov-u.com\/en\/wp-json\/wp\/v2\/types\/product"}],"replies":[{"embeddable":true,"href":"https:\/\/www.inov-u.com\/en\/wp-json\/wp\/v2\/comments?post=5662"}],"version-history":[{"count":6,"href":"https:\/\/www.inov-u.com\/en\/wp-json\/wp\/v2\/product\/5662\/revisions"}],"predecessor-version":[{"id":10723,"href":"https:\/\/www.inov-u.com\/en\/wp-json\/wp\/v2\/product\/5662\/revisions\/10723"}],"wp:featuredmedia":[{"embeddable":true,"href":"https:\/\/www.inov-u.com\/en\/wp-json\/wp\/v2\/media\/5663"}],"wp:attachment":[{"href":"https:\/\/www.inov-u.com\/en\/wp-json\/wp\/v2\/media?parent=5662"}],"wp:term":[{"taxonomy":"product_brand","embeddable":true,"href":"https:\/\/www.inov-u.com\/en\/wp-json\/wp\/v2\/product_brand?post=5662"},{"taxonomy":"product_cat","embeddable":true,"href":"https:\/\/www.inov-u.com\/en\/wp-json\/wp\/v2\/product_cat?post=5662"},{"taxonomy":"product_tag","embeddable":true,"href":"https:\/\/www.inov-u.com\/en\/wp-json\/wp\/v2\/product_tag?post=5662"}],"curies":[{"name":"wp","href":"https:\/\/api.w.org\/{rel}","templated":true}]}}