{"id":5713,"date":"2024-11-04T15:40:25","date_gmt":"2024-11-04T14:40:25","guid":{"rendered":"https:\/\/www.inov-u.com\/?post_type=product&#038;p=5713"},"modified":"2025-10-28T11:34:50","modified_gmt":"2025-10-28T10:34:50","slug":"adaptateur-usb-c-vers-hdmi-et-2x-usb","status":"publish","type":"product","link":"https:\/\/www.inov-u.com\/en\/products\/adapters-hubs\/hub-docking-station\/adaptateur-usb-c-vers-hdmi-et-2x-usb\/","title":{"rendered":"Adaptateur USB-C vers HDMI et 2x USB"},"content":{"rendered":"\t\t<div data-elementor-type=\"container\" data-elementor-id=\"5714\" class=\"elementor elementor-5714\" data-elementor-post-type=\"elementor_library\">\n\t\t\t\t<div class=\"elementor-element elementor-element-7975e6c e-con-full e-flex e-con e-parent\" data-id=\"7975e6c\" data-element_type=\"container\" data-e-type=\"container\">\n\t\t<div class=\"elementor-element elementor-element-8f159db e-con-full e-flex e-con e-child\" data-id=\"8f159db\" data-element_type=\"container\" data-e-type=\"container\">\n\t\t<div class=\"elementor-element elementor-element-be6fc47 e-con-full e-flex e-con e-child\" data-id=\"be6fc47\" data-element_type=\"container\" data-e-type=\"container\">\n\t\t\t\t<div class=\"elementor-element elementor-element-b2d585c elementor-widget elementor-widget-heading\" data-id=\"b2d585c\" data-element_type=\"widget\" data-e-type=\"widget\" data-widget_type=\"heading.default\">\n\t\t\t\t<div class=\"elementor-widget-container\">\n\t\t\t\t\t<h2 class=\"elementor-heading-title elementor-size-default\">INOVU INST3CA1 : Station d'accueil 3 en 1<\/h2>\t\t\t\t<\/div>\n\t\t\t\t<\/div>\n\t\t\t\t<div class=\"elementor-element elementor-element-2602b25 elementor-widget elementor-widget-text-editor\" data-id=\"2602b25\" data-element_type=\"widget\" data-e-type=\"widget\" data-widget_type=\"text-editor.default\">\n\t\t\t\t<div class=\"elementor-widget-container\">\n\t\t\t\t\t\t\t\t\t<p>Id\u00e9al pour les professionnels ou \u00e9tudiants en d\u00e9placement, la\u00a0<strong>station d&#8217;accueil INOVU INST3CA1<\/strong>\u00a0vous offre toutes les fonctionnalit\u00e9s dont vous avez besoin, comme une sortie vid\u00e9o HDMI, un port USB 3.0 et une solution de recharge Power Delivery 100 W. \u00a0<br \/>Il transforme votre MacBook Pro, votre ordinateur portable USB-C, votre Chromebook ou votre smartphone en poste de travail, o\u00f9 que vous soyez. Le port HDMI permet \u00e9galement l&#8217;utilisation d&#8217;un \u00e9cran ultra-HD 4K @ 30 Hz.<\/p>\t\t\t\t\t\t\t\t<\/div>\n\t\t\t\t<\/div>\n\t\t\t\t<\/div>\n\t\t\t\t<\/div>\n\t\t<div class=\"elementor-element elementor-element-757efc9 e-con-full e-flex e-con e-child\" data-id=\"757efc9\" data-element_type=\"container\" data-e-type=\"container\">\n\t\t<div class=\"elementor-element elementor-element-e18eb3e e-con-full e-flex e-con e-child\" data-id=\"e18eb3e\" data-element_type=\"container\" data-e-type=\"container\">\n\t\t\t\t<div class=\"elementor-element elementor-element-c3d81ff elementor-widget elementor-widget-image\" data-id=\"c3d81ff\" data-element_type=\"widget\" data-e-type=\"widget\" data-widget_type=\"image.default\">\n\t\t\t\t<div class=\"elementor-widget-container\">\n\t\t\t\t\t\t\t\t\t\t\t\t\t\t\t<img fetchpriority=\"high\" decoding=\"async\" width=\"1000\" height=\"1000\" src=\"https:\/\/www.inov-u.com\/wp-content\/uploads\/2024\/11\/INST3CA1_05.png\" class=\"attachment-full size-full wp-image-5719\" alt=\"Simulation d&#039;un environnement connect\u00e9 avec la station d&#039;accueil \u00e0 un pc portable\" srcset=\"https:\/\/www.inov-u.com\/wp-content\/uploads\/2024\/11\/INST3CA1_05.png 1000w, https:\/\/www.inov-u.com\/wp-content\/uploads\/2024\/11\/INST3CA1_05-300x300.png 300w, https:\/\/www.inov-u.com\/wp-content\/uploads\/2024\/11\/INST3CA1_05-150x150.png 150w, https:\/\/www.inov-u.com\/wp-content\/uploads\/2024\/11\/INST3CA1_05-768x768.png 768w, https:\/\/www.inov-u.com\/wp-content\/uploads\/2024\/11\/INST3CA1_05-700x700.png 700w, https:\/\/www.inov-u.com\/wp-content\/uploads\/2024\/11\/INST3CA1_05-600x600.png 600w, https:\/\/www.inov-u.com\/wp-content\/uploads\/2024\/11\/INST3CA1_05-100x100.png 100w\" sizes=\"(max-width: 1000px) 100vw, 1000px\" \/>\t\t\t\t\t\t\t\t\t\t\t\t\t\t\t<\/div>\n\t\t\t\t<\/div>\n\t\t\t\t<\/div>\n\t\t<div class=\"elementor-element elementor-element-e7f55b7 e-con-full e-flex e-con e-child\" data-id=\"e7f55b7\" data-element_type=\"container\" data-e-type=\"container\">\n\t\t\t\t<div class=\"elementor-element elementor-element-d9d7e98 elementor-widget elementor-widget-heading\" data-id=\"d9d7e98\" data-element_type=\"widget\" data-e-type=\"widget\" data-widget_type=\"heading.default\">\n\t\t\t\t<div class=\"elementor-widget-container\">\n\t\t\t\t\t<h2 class=\"elementor-heading-title elementor-size-default\">Caract\u00e9ristiques principales<\/h2>\t\t\t\t<\/div>\n\t\t\t\t<\/div>\n\t\t\t\t<div class=\"elementor-element elementor-element-21ee8a3 elementor-widget elementor-widget-text-editor\" data-id=\"21ee8a3\" data-element_type=\"widget\" data-e-type=\"widget\" data-widget_type=\"text-editor.default\">\n\t\t\t\t<div class=\"elementor-widget-container\">\n\t\t\t\t\t\t\t\t\t<ul><li>Prise en charge de la technologie USB Power Delivery (jusqu&#8217;\u00e0 100 W)<\/li><li>Plug &amp; Play<\/li><li>Design compact pour un transport facilit\u00e9<\/li><li>Compatible avec les ordinateurs portables, de bureau, MacBook, t\u00e9l\u00e9phones et autres \u00e9quipements dot\u00e9s d\u2019un port USB-C<\/li><li>Sortie HDMI compatible 4K @ 30Hz<\/li><li>Port USB 3.0 r\u00e9trocompatible avec les normes 1.1 et 2.0<\/li><\/ul>\t\t\t\t\t\t\t\t<\/div>\n\t\t\t\t<\/div>\n\t\t\t\t<\/div>\n\t\t\t\t<\/div>\n\t\t\t\t<\/div>\n\t\t\t\t<\/div>\n\t\t\n","protected":false},"excerpt":{"rendered":"<p>Id\u00e9al pour les professionnels ou \u00e9tudiants en d\u00e9placement, la station d&#8217;accueil INOVU INST3CA1 vous offre toutes les fonctionnalit\u00e9s dont vous avez besoin, comme une sortie vid\u00e9o HDMI, un port USB 3.0 et une solution de recharge Power Delivery 100 W.<\/p>\n","protected":false},"featured_media":5715,"comment_status":"open","ping_status":"closed","template":"","meta":{"_acf_changed":false},"product_brand":[],"product_cat":[33],"product_tag":[],"class_list":{"0":"post-5713","1":"product","2":"type-product","3":"status-publish","4":"has-post-thumbnail","6":"product_cat-hub-station-daccueil","8":"first","9":"instock","10":"shipping-taxable","11":"product-type-simple"},"acf":[],"yoast_head":"<!-- This site is optimized with the Yoast SEO plugin v27.4 - https:\/\/yoast.com\/product\/yoast-seo-wordpress\/ -->\n<title>INOVU | Adaptateur USB-C vers HDMI et 2x USB<\/title>\n<meta name=\"robots\" content=\"index, follow, max-snippet:-1, max-image-preview:large, max-video-preview:-1\" \/>\n<link rel=\"canonical\" href=\"https:\/\/www.inov-u.com\/en\/products\/adapters-hubs\/hub-docking-station\/adaptateur-usb-c-vers-hdmi-et-2x-usb\/\" \/>\n<meta property=\"og:locale\" content=\"en_US\" \/>\n<meta property=\"og:type\" content=\"article\" \/>\n<meta property=\"og:title\" content=\"INOVU | Adaptateur USB-C vers HDMI et 2x USB\" \/>\n<meta property=\"og:description\" content=\"Id\u00e9al pour les professionnels ou \u00e9tudiants en d\u00e9placement, la station d&#039;accueil INOVU INST3CA1 vous offre toutes les fonctionnalit\u00e9s dont vous avez besoin, comme une sortie vid\u00e9o HDMI, un port USB 3.0 et une solution de recharge Power Delivery 100 W.\" \/>\n<meta property=\"og:url\" content=\"https:\/\/www.inov-u.com\/en\/products\/adapters-hubs\/hub-docking-station\/adaptateur-usb-c-vers-hdmi-et-2x-usb\/\" \/>\n<meta property=\"og:site_name\" content=\"INOVU\" \/>\n<meta property=\"article:modified_time\" content=\"2025-10-28T10:34:50+00:00\" \/>\n<meta property=\"og:image\" content=\"https:\/\/www.inov-u.com\/wp-content\/uploads\/2024\/11\/INST3CA1_01.png\" \/>\n\t<meta property=\"og:image:width\" content=\"1000\" \/>\n\t<meta property=\"og:image:height\" content=\"1000\" \/>\n\t<meta property=\"og:image:type\" content=\"image\/png\" \/>\n<meta name=\"twitter:card\" content=\"summary_large_image\" \/>\n<meta name=\"twitter:label1\" content=\"Est. reading time\" \/>\n\t<meta name=\"twitter:data1\" content=\"1 minute\" \/>\n<script type=\"application\/ld+json\" class=\"yoast-schema-graph\">{\"@context\":\"https:\\\/\\\/schema.org\",\"@graph\":[{\"@type\":[\"WebPage\",\"ItemPage\"],\"@id\":\"https:\\\/\\\/www.inov-u.com\\\/en\\\/products\\\/adapters-hubs\\\/hub-docking-station\\\/adaptateur-usb-c-vers-hdmi-et-2x-usb\\\/\",\"url\":\"https:\\\/\\\/www.inov-u.com\\\/en\\\/products\\\/adapters-hubs\\\/hub-docking-station\\\/adaptateur-usb-c-vers-hdmi-et-2x-usb\\\/\",\"name\":\"INOVU | Adaptateur USB-C vers HDMI et 2x USB\",\"isPartOf\":{\"@id\":\"https:\\\/\\\/www.inov-u.com\\\/en\\\/#website\"},\"primaryImageOfPage\":{\"@id\":\"https:\\\/\\\/www.inov-u.com\\\/en\\\/products\\\/adapters-hubs\\\/hub-docking-station\\\/adaptateur-usb-c-vers-hdmi-et-2x-usb\\\/#primaryimage\"},\"image\":{\"@id\":\"https:\\\/\\\/www.inov-u.com\\\/en\\\/products\\\/adapters-hubs\\\/hub-docking-station\\\/adaptateur-usb-c-vers-hdmi-et-2x-usb\\\/#primaryimage\"},\"thumbnailUrl\":\"https:\\\/\\\/www.inov-u.com\\\/wp-content\\\/uploads\\\/2024\\\/11\\\/INST3CA1_01.png\",\"datePublished\":\"2024-11-04T14:40:25+00:00\",\"dateModified\":\"2025-10-28T10:34:50+00:00\",\"breadcrumb\":{\"@id\":\"https:\\\/\\\/www.inov-u.com\\\/en\\\/products\\\/adapters-hubs\\\/hub-docking-station\\\/adaptateur-usb-c-vers-hdmi-et-2x-usb\\\/#breadcrumb\"},\"inLanguage\":\"en-US\",\"potentialAction\":[{\"@type\":\"ReadAction\",\"target\":[\"https:\\\/\\\/www.inov-u.com\\\/en\\\/products\\\/adapters-hubs\\\/hub-docking-station\\\/adaptateur-usb-c-vers-hdmi-et-2x-usb\\\/\"]}]},{\"@type\":\"ImageObject\",\"inLanguage\":\"en-US\",\"@id\":\"https:\\\/\\\/www.inov-u.com\\\/en\\\/products\\\/adapters-hubs\\\/hub-docking-station\\\/adaptateur-usb-c-vers-hdmi-et-2x-usb\\\/#primaryimage\",\"url\":\"https:\\\/\\\/www.inov-u.com\\\/wp-content\\\/uploads\\\/2024\\\/11\\\/INST3CA1_01.png\",\"contentUrl\":\"https:\\\/\\\/www.inov-u.com\\\/wp-content\\\/uploads\\\/2024\\\/11\\\/INST3CA1_01.png\",\"width\":1000,\"height\":1000,\"caption\":\"Adaptateur noir montrant les diff\u00e9rents ports hdmi et usb\"},{\"@type\":\"BreadcrumbList\",\"@id\":\"https:\\\/\\\/www.inov-u.com\\\/en\\\/products\\\/adapters-hubs\\\/hub-docking-station\\\/adaptateur-usb-c-vers-hdmi-et-2x-usb\\\/#breadcrumb\",\"itemListElement\":[{\"@type\":\"ListItem\",\"position\":1,\"name\":\"Home\",\"item\":\"https:\\\/\\\/www.inov-u.com\\\/en\\\/\"},{\"@type\":\"ListItem\",\"position\":2,\"name\":\"Products\",\"item\":\"https:\\\/\\\/www.inov-u.com\\\/nos-univers\\\/\"},{\"@type\":\"ListItem\",\"position\":3,\"name\":\"Adapters &amp; Hubs\",\"item\":\"https:\\\/\\\/www.inov-u.com\\\/en\\\/nos-univers\\\/adapters-hubs\\\/\"},{\"@type\":\"ListItem\",\"position\":4,\"name\":\"Hub \\\/ Docking Station\",\"item\":\"https:\\\/\\\/www.inov-u.com\\\/en\\\/nos-univers\\\/adapters-hubs\\\/hub-docking-station\\\/\"},{\"@type\":\"ListItem\",\"position\":5,\"name\":\"Adaptateur USB-C vers HDMI et 2x USB\"}]},{\"@type\":\"WebSite\",\"@id\":\"https:\\\/\\\/www.inov-u.com\\\/en\\\/#website\",\"url\":\"https:\\\/\\\/www.inov-u.com\\\/en\\\/\",\"name\":\"INOVU\",\"description\":\"L&#039;\u00e9quipement informatique du quotidien\",\"publisher\":{\"@id\":\"https:\\\/\\\/www.inov-u.com\\\/en\\\/#organization\"},\"potentialAction\":[{\"@type\":\"SearchAction\",\"target\":{\"@type\":\"EntryPoint\",\"urlTemplate\":\"https:\\\/\\\/www.inov-u.com\\\/en\\\/?s={search_term_string}\"},\"query-input\":{\"@type\":\"PropertyValueSpecification\",\"valueRequired\":true,\"valueName\":\"search_term_string\"}}],\"inLanguage\":\"en-US\"},{\"@type\":\"Organization\",\"@id\":\"https:\\\/\\\/www.inov-u.com\\\/en\\\/#organization\",\"name\":\"INOVU\",\"url\":\"https:\\\/\\\/www.inov-u.com\\\/en\\\/\",\"logo\":{\"@type\":\"ImageObject\",\"inLanguage\":\"en-US\",\"@id\":\"https:\\\/\\\/www.inov-u.com\\\/en\\\/#\\\/schema\\\/logo\\\/image\\\/\",\"url\":\"https:\\\/\\\/www.inov-u.com\\\/wp-content\\\/uploads\\\/2024\\\/02\\\/inovu_favicon.png\",\"contentUrl\":\"https:\\\/\\\/www.inov-u.com\\\/wp-content\\\/uploads\\\/2024\\\/02\\\/inovu_favicon.png\",\"width\":512,\"height\":512,\"caption\":\"INOVU\"},\"image\":{\"@id\":\"https:\\\/\\\/www.inov-u.com\\\/en\\\/#\\\/schema\\\/logo\\\/image\\\/\"}}]}<\/script>\n<!-- \/ Yoast SEO plugin. -->","yoast_head_json":{"title":"INOVU | Adaptateur USB-C vers HDMI et 2x USB","robots":{"index":"index","follow":"follow","max-snippet":"max-snippet:-1","max-image-preview":"max-image-preview:large","max-video-preview":"max-video-preview:-1"},"canonical":"https:\/\/www.inov-u.com\/en\/products\/adapters-hubs\/hub-docking-station\/adaptateur-usb-c-vers-hdmi-et-2x-usb\/","og_locale":"en_US","og_type":"article","og_title":"INOVU | Adaptateur USB-C vers HDMI et 2x USB","og_description":"Id\u00e9al pour les professionnels ou \u00e9tudiants en d\u00e9placement, la station d'accueil INOVU INST3CA1 vous offre toutes les fonctionnalit\u00e9s dont vous avez besoin, comme une sortie vid\u00e9o HDMI, un port USB 3.0 et une solution de recharge Power Delivery 100 W.","og_url":"https:\/\/www.inov-u.com\/en\/products\/adapters-hubs\/hub-docking-station\/adaptateur-usb-c-vers-hdmi-et-2x-usb\/","og_site_name":"INOVU","article_modified_time":"2025-10-28T10:34:50+00:00","og_image":[{"width":1000,"height":1000,"url":"https:\/\/www.inov-u.com\/wp-content\/uploads\/2024\/11\/INST3CA1_01.png","type":"image\/png"}],"twitter_card":"summary_large_image","twitter_misc":{"Est. reading time":"1 minute"},"schema":{"@context":"https:\/\/schema.org","@graph":[{"@type":["WebPage","ItemPage"],"@id":"https:\/\/www.inov-u.com\/en\/products\/adapters-hubs\/hub-docking-station\/adaptateur-usb-c-vers-hdmi-et-2x-usb\/","url":"https:\/\/www.inov-u.com\/en\/products\/adapters-hubs\/hub-docking-station\/adaptateur-usb-c-vers-hdmi-et-2x-usb\/","name":"INOVU | Adaptateur USB-C vers HDMI et 2x USB","isPartOf":{"@id":"https:\/\/www.inov-u.com\/en\/#website"},"primaryImageOfPage":{"@id":"https:\/\/www.inov-u.com\/en\/products\/adapters-hubs\/hub-docking-station\/adaptateur-usb-c-vers-hdmi-et-2x-usb\/#primaryimage"},"image":{"@id":"https:\/\/www.inov-u.com\/en\/products\/adapters-hubs\/hub-docking-station\/adaptateur-usb-c-vers-hdmi-et-2x-usb\/#primaryimage"},"thumbnailUrl":"https:\/\/www.inov-u.com\/wp-content\/uploads\/2024\/11\/INST3CA1_01.png","datePublished":"2024-11-04T14:40:25+00:00","dateModified":"2025-10-28T10:34:50+00:00","breadcrumb":{"@id":"https:\/\/www.inov-u.com\/en\/products\/adapters-hubs\/hub-docking-station\/adaptateur-usb-c-vers-hdmi-et-2x-usb\/#breadcrumb"},"inLanguage":"en-US","potentialAction":[{"@type":"ReadAction","target":["https:\/\/www.inov-u.com\/en\/products\/adapters-hubs\/hub-docking-station\/adaptateur-usb-c-vers-hdmi-et-2x-usb\/"]}]},{"@type":"ImageObject","inLanguage":"en-US","@id":"https:\/\/www.inov-u.com\/en\/products\/adapters-hubs\/hub-docking-station\/adaptateur-usb-c-vers-hdmi-et-2x-usb\/#primaryimage","url":"https:\/\/www.inov-u.com\/wp-content\/uploads\/2024\/11\/INST3CA1_01.png","contentUrl":"https:\/\/www.inov-u.com\/wp-content\/uploads\/2024\/11\/INST3CA1_01.png","width":1000,"height":1000,"caption":"Adaptateur noir montrant les diff\u00e9rents ports hdmi et usb"},{"@type":"BreadcrumbList","@id":"https:\/\/www.inov-u.com\/en\/products\/adapters-hubs\/hub-docking-station\/adaptateur-usb-c-vers-hdmi-et-2x-usb\/#breadcrumb","itemListElement":[{"@type":"ListItem","position":1,"name":"Home","item":"https:\/\/www.inov-u.com\/en\/"},{"@type":"ListItem","position":2,"name":"Products","item":"https:\/\/www.inov-u.com\/nos-univers\/"},{"@type":"ListItem","position":3,"name":"Adapters &amp; Hubs","item":"https:\/\/www.inov-u.com\/en\/nos-univers\/adapters-hubs\/"},{"@type":"ListItem","position":4,"name":"Hub \/ Docking Station","item":"https:\/\/www.inov-u.com\/en\/nos-univers\/adapters-hubs\/hub-docking-station\/"},{"@type":"ListItem","position":5,"name":"Adaptateur USB-C vers HDMI et 2x USB"}]},{"@type":"WebSite","@id":"https:\/\/www.inov-u.com\/en\/#website","url":"https:\/\/www.inov-u.com\/en\/","name":"INOVU","description":"L&#039;\u00e9quipement informatique du quotidien","publisher":{"@id":"https:\/\/www.inov-u.com\/en\/#organization"},"potentialAction":[{"@type":"SearchAction","target":{"@type":"EntryPoint","urlTemplate":"https:\/\/www.inov-u.com\/en\/?s={search_term_string}"},"query-input":{"@type":"PropertyValueSpecification","valueRequired":true,"valueName":"search_term_string"}}],"inLanguage":"en-US"},{"@type":"Organization","@id":"https:\/\/www.inov-u.com\/en\/#organization","name":"INOVU","url":"https:\/\/www.inov-u.com\/en\/","logo":{"@type":"ImageObject","inLanguage":"en-US","@id":"https:\/\/www.inov-u.com\/en\/#\/schema\/logo\/image\/","url":"https:\/\/www.inov-u.com\/wp-content\/uploads\/2024\/02\/inovu_favicon.png","contentUrl":"https:\/\/www.inov-u.com\/wp-content\/uploads\/2024\/02\/inovu_favicon.png","width":512,"height":512,"caption":"INOVU"},"image":{"@id":"https:\/\/www.inov-u.com\/en\/#\/schema\/logo\/image\/"}}]}},"_links":{"self":[{"href":"https:\/\/www.inov-u.com\/en\/wp-json\/wp\/v2\/product\/5713","targetHints":{"allow":["GET"]}}],"collection":[{"href":"https:\/\/www.inov-u.com\/en\/wp-json\/wp\/v2\/product"}],"about":[{"href":"https:\/\/www.inov-u.com\/en\/wp-json\/wp\/v2\/types\/product"}],"replies":[{"embeddable":true,"href":"https:\/\/www.inov-u.com\/en\/wp-json\/wp\/v2\/comments?post=5713"}],"version-history":[{"count":3,"href":"https:\/\/www.inov-u.com\/en\/wp-json\/wp\/v2\/product\/5713\/revisions"}],"predecessor-version":[{"id":10540,"href":"https:\/\/www.inov-u.com\/en\/wp-json\/wp\/v2\/product\/5713\/revisions\/10540"}],"wp:featuredmedia":[{"embeddable":true,"href":"https:\/\/www.inov-u.com\/en\/wp-json\/wp\/v2\/media\/5715"}],"wp:attachment":[{"href":"https:\/\/www.inov-u.com\/en\/wp-json\/wp\/v2\/media?parent=5713"}],"wp:term":[{"taxonomy":"product_brand","embeddable":true,"href":"https:\/\/www.inov-u.com\/en\/wp-json\/wp\/v2\/product_brand?post=5713"},{"taxonomy":"product_cat","embeddable":true,"href":"https:\/\/www.inov-u.com\/en\/wp-json\/wp\/v2\/product_cat?post=5713"},{"taxonomy":"product_tag","embeddable":true,"href":"https:\/\/www.inov-u.com\/en\/wp-json\/wp\/v2\/product_tag?post=5713"}],"curies":[{"name":"wp","href":"https:\/\/api.w.org\/{rel}","templated":true}]}}