{"id":5723,"date":"2024-11-04T15:49:26","date_gmt":"2024-11-04T14:49:26","guid":{"rendered":"https:\/\/www.inov-u.com\/?post_type=product&#038;p=5723"},"modified":"2025-10-28T11:35:13","modified_gmt":"2025-10-28T10:35:13","slug":"station-daccueil-usb-c-12-en-1-2","status":"publish","type":"product","link":"https:\/\/www.inov-u.com\/en\/products\/adapters-hubs\/hub-docking-station\/station-daccueil-usb-c-12-en-1-2\/","title":{"rendered":"Station d&#8217;accueil USB-C 12 en 1"},"content":{"rendered":"\t\t<div data-elementor-type=\"container\" data-elementor-id=\"5724\" class=\"elementor elementor-5724\" data-elementor-post-type=\"elementor_library\">\n\t\t\t\t<div class=\"elementor-element elementor-element-7975e6c e-con-full e-flex e-con e-parent\" data-id=\"7975e6c\" data-element_type=\"container\" data-e-type=\"container\">\n\t\t<div class=\"elementor-element elementor-element-24a2fd2 e-con-full info e-flex e-con e-child\" data-id=\"24a2fd2\" data-element_type=\"container\" data-e-type=\"container\" data-settings=\"{&quot;background_background&quot;:&quot;classic&quot;}\">\n\t\t\t\t<div class=\"elementor-element elementor-element-65577f1 elementor-position-inline-start elementor-view-default elementor-mobile-position-block-start elementor-widget elementor-widget-icon-box\" data-id=\"65577f1\" data-element_type=\"widget\" data-e-type=\"widget\" data-widget_type=\"icon-box.default\">\n\t\t\t\t<div class=\"elementor-widget-container\">\n\t\t\t\t\t\t\t<div class=\"elementor-icon-box-wrapper\">\n\n\t\t\t\t\t\t<div class=\"elementor-icon-box-icon\">\n\t\t\t\t<span  class=\"elementor-icon\">\n\t\t\t\t<svg aria-hidden=\"true\" class=\"e-font-icon-svg e-fas-info-circle\" viewBox=\"0 0 512 512\" xmlns=\"http:\/\/www.w3.org\/2000\/svg\"><path d=\"M256 8C119.043 8 8 119.083 8 256c0 136.997 111.043 248 248 248s248-111.003 248-248C504 119.083 392.957 8 256 8zm0 110c23.196 0 42 18.804 42 42s-18.804 42-42 42-42-18.804-42-42 18.804-42 42-42zm56 254c0 6.627-5.373 12-12 12h-88c-6.627 0-12-5.373-12-12v-24c0-6.627 5.373-12 12-12h12v-64h-12c-6.627 0-12-5.373-12-12v-24c0-6.627 5.373-12 12-12h64c6.627 0 12 5.373 12 12v100h12c6.627 0 12 5.373 12 12v24z\"><\/path><\/svg>\t\t\t\t<\/span>\n\t\t\t<\/div>\n\t\t\t\n\t\t\t\t\t\t<div class=\"elementor-icon-box-content\">\n\n\t\t\t\t\t\t\t\t\t<h3 class=\"elementor-icon-box-title\">\n\t\t\t\t\t\t<span  >\n\t\t\t\t\t\t\tInformations suppl\u00e9mentaires\t\t\t\t\t\t<\/span>\n\t\t\t\t\t<\/h3>\n\t\t\t\t\n\t\t\t\t\t\t\t\t\t<p class=\"elementor-icon-box-description\">\n\t\t\t\t\t\tLe port USB-C h\u00f4te de la machine \u00e0 laquelle l'appareil est reli\u00e9 doit prendre en charge nativement l'affichage vid\u00e9o (compatibilit\u00e9 DP-ALT Mode).\t\t\t\t\t<\/p>\n\t\t\t\t\n\t\t\t<\/div>\n\t\t\t\n\t\t<\/div>\n\t\t\t\t\t\t<\/div>\n\t\t\t\t<\/div>\n\t\t\t\t<\/div>\n\t\t<div class=\"elementor-element elementor-element-8f159db e-con-full e-flex e-con e-child\" data-id=\"8f159db\" data-element_type=\"container\" data-e-type=\"container\">\n\t\t<div class=\"elementor-element elementor-element-be6fc47 e-con-full e-flex e-con e-child\" data-id=\"be6fc47\" data-element_type=\"container\" data-e-type=\"container\">\n\t\t\t\t<div class=\"elementor-element elementor-element-b2d585c elementor-widget elementor-widget-heading\" data-id=\"b2d585c\" data-element_type=\"widget\" data-e-type=\"widget\" data-widget_type=\"heading.default\">\n\t\t\t\t<div class=\"elementor-widget-container\">\n\t\t\t\t\t<h2 class=\"elementor-heading-title elementor-size-default\">D\u00e9multipliez les capacit\u00e9s de votre machine<\/h2>\t\t\t\t<\/div>\n\t\t\t\t<\/div>\n\t\t\t\t<div class=\"elementor-element elementor-element-2602b25 elementor-widget elementor-widget-text-editor\" data-id=\"2602b25\" data-element_type=\"widget\" data-e-type=\"widget\" data-widget_type=\"text-editor.default\">\n\t\t\t\t<div class=\"elementor-widget-container\">\n\t\t\t\t\t\t\t\t\t<p>Design et Plug &amp; Play, la\u00a0<strong>Station d&#8217;accueil USB-C 12 en 1 pour PC portable INOVU INST12CA3<\/strong>\u00a0est un accessoire indispensable au quotidien. Elle dispose de toute la connectique dont vous avez besoin tout en \u00e9tant facile \u00e0 utiliser et \u00e0 transporter. Posez votre PC portable dessus, connectez l\u00e0 \u00e0 un port USB-C DP-ALT Mode et profitez d&#8217;une connectique compl\u00e8te et exhaustive : ports USB et USB-C, port charge PD 3.0 100W, connectique vid\u00e9o, port r\u00e9seau, lecteur de cartes et connectique audio. La station d&#8217;accueil INOVU INST12CA3 r\u00e9unit la bagatelle de 12 ports et s&#8217;utilise par simple connexion \u00e0 un port USB-C.<\/p>\t\t\t\t\t\t\t\t<\/div>\n\t\t\t\t<\/div>\n\t\t\t\t<\/div>\n\t\t\t\t<\/div>\n\t\t<div class=\"elementor-element elementor-element-757efc9 e-con-full e-flex e-con e-child\" data-id=\"757efc9\" data-element_type=\"container\" data-e-type=\"container\">\n\t\t<div class=\"elementor-element elementor-element-e18eb3e e-con-full e-flex e-con e-child\" data-id=\"e18eb3e\" data-element_type=\"container\" data-e-type=\"container\">\n\t\t\t\t<div class=\"elementor-element elementor-element-c3d81ff elementor-widget elementor-widget-image\" data-id=\"c3d81ff\" data-element_type=\"widget\" data-e-type=\"widget\" data-widget_type=\"image.default\">\n\t\t\t\t<div class=\"elementor-widget-container\">\n\t\t\t\t\t\t\t\t\t\t\t\t\t\t\t<img fetchpriority=\"high\" decoding=\"async\" width=\"800\" height=\"500\" src=\"https:\/\/www.inov-u.com\/wp-content\/uploads\/2024\/11\/INST12CA3_05.png\" class=\"attachment-full size-full wp-image-5730\" alt=\"Station d&#039;accueil branch\u00e9 qui fait office de support pour pc portable sur un bureau\" srcset=\"https:\/\/www.inov-u.com\/wp-content\/uploads\/2024\/11\/INST12CA3_05.png 800w, https:\/\/www.inov-u.com\/wp-content\/uploads\/2024\/11\/INST12CA3_05-300x188.png 300w, https:\/\/www.inov-u.com\/wp-content\/uploads\/2024\/11\/INST12CA3_05-768x480.png 768w, https:\/\/www.inov-u.com\/wp-content\/uploads\/2024\/11\/INST12CA3_05-600x375.png 600w\" sizes=\"(max-width: 800px) 100vw, 800px\" \/>\t\t\t\t\t\t\t\t\t\t\t\t\t\t\t<\/div>\n\t\t\t\t<\/div>\n\t\t\t\t<\/div>\n\t\t<div class=\"elementor-element elementor-element-e7f55b7 e-con-full e-flex e-con e-child\" data-id=\"e7f55b7\" data-element_type=\"container\" data-e-type=\"container\">\n\t\t\t\t<div class=\"elementor-element elementor-element-d9d7e98 elementor-widget elementor-widget-heading\" data-id=\"d9d7e98\" data-element_type=\"widget\" data-e-type=\"widget\" data-widget_type=\"heading.default\">\n\t\t\t\t<div class=\"elementor-widget-container\">\n\t\t\t\t\t<h2 class=\"elementor-heading-title elementor-size-default\">Caract\u00e9ristiques principales<\/h2>\t\t\t\t<\/div>\n\t\t\t\t<\/div>\n\t\t\t\t<div class=\"elementor-element elementor-element-21ee8a3 elementor-widget elementor-widget-text-editor\" data-id=\"21ee8a3\" data-element_type=\"widget\" data-e-type=\"widget\" data-widget_type=\"text-editor.default\">\n\t\t\t\t<div class=\"elementor-widget-container\">\n\t\t\t\t\t\t\t\t\t<ul><li>Interface avec l&#8217;ordinateur : USB-C DP-ALT Mode<\/li><li>Mode affichage vid\u00e9o : Miroir ou \u00e9tendu<\/li><li>Dimensions : 280 x 77 x 18mm<\/li><li>Longueur du c\u00e2ble 180mm<\/li><li>Mat\u00e9riau : Alliage aluminium<\/li><li>Poids 250 gr<\/li><li>Compatibilit\u00e9 : Windows 11\/10\/8\/7\/XP et Mac OS 10.2 et + avec USB-C 3.1. Attention : pas de Multi-stream transport avec Mac OS (uniquement miroir ou \u00e9tendu simple)<\/li><\/ul>\t\t\t\t\t\t\t\t<\/div>\n\t\t\t\t<\/div>\n\t\t\t\t<\/div>\n\t\t\t\t<\/div>\n\t\t<div class=\"elementor-element elementor-element-730a369 e-con-full e-flex e-con e-child\" data-id=\"730a369\" data-element_type=\"container\" data-e-type=\"container\">\n\t\t<div class=\"elementor-element elementor-element-b505d99 e-con-full e-flex e-con e-child\" data-id=\"b505d99\" data-element_type=\"container\" data-e-type=\"container\">\n\t\t\t\t<div class=\"elementor-element elementor-element-4a72307 elementor-widget elementor-widget-heading\" data-id=\"4a72307\" data-element_type=\"widget\" data-e-type=\"widget\" data-widget_type=\"heading.default\">\n\t\t\t\t<div class=\"elementor-widget-container\">\n\t\t\t\t\t<h2 class=\"elementor-heading-title elementor-size-default\">Connectique compl\u00e8te<\/h2>\t\t\t\t<\/div>\n\t\t\t\t<\/div>\n\t\t\t\t<div class=\"elementor-element elementor-element-6eeb4f2 elementor-widget elementor-widget-text-editor\" data-id=\"6eeb4f2\" data-element_type=\"widget\" data-e-type=\"widget\" data-widget_type=\"text-editor.default\">\n\t\t\t\t<div class=\"elementor-widget-container\">\n\t\t\t\t\t\t\t\t\t<ul><li>2 x USB-A 3.0 &#8211; Jusqu&#8217;\u00e0 5 Gbps, r\u00e9trocompatibilit\u00e9 USB 2.0\/1.1<\/li><li>1 x USB-A 2.0 &#8211; Jusqu&#8217;\u00e0 480 Mbps<\/li><li>1 x USB-C 3.0<\/li><li>1 x USB-C avec Power Delivery 3.0 &#8211; 100W (20V \/ 5A) &#8211; dont 18W r\u00e9serv\u00e9s \u00e0 la station<\/li><li>1 x HDMI &#8211; 720p \/ 1080p \/ 2K \/ 4K &#8211; @60Hz &#8211; support fonction MST (Windows uniquement)<\/li><li>1 x Display Port (DP) &#8211; 4K &#8211; @60Hz<\/li><li>1 x VGA &#8211; Jusqu&#8217;\u00e0 1080p &#8211; @60 Hz<\/li><li>1 x RJ45 Gigabit Ethernet &#8211; 10 \/ 100 \/ 1000 Mbps<\/li><li>1 x Lecteur carte Micro SD &#8211; Jusqu&#8217;\u00e0 480 Mbps<\/li><li>1 x Lecteur carte SD &#8211; Jusqu&#8217;\u00e0 480 Mbps<\/li><li>1 x Audio (Jack 3.5 TRRS) &#8211; Sortie &amp; Micro<\/li><\/ul>\t\t\t\t\t\t\t\t<\/div>\n\t\t\t\t<\/div>\n\t\t\t\t<\/div>\n\t\t<div class=\"elementor-element elementor-element-bab13ae e-con-full e-flex e-con e-child\" data-id=\"bab13ae\" data-element_type=\"container\" data-e-type=\"container\">\n\t\t\t\t<div class=\"elementor-element elementor-element-c2609a1 elementor-widget elementor-widget-image\" data-id=\"c2609a1\" data-element_type=\"widget\" data-e-type=\"widget\" data-widget_type=\"image.default\">\n\t\t\t\t<div class=\"elementor-widget-container\">\n\t\t\t\t\t\t\t\t\t\t\t\t\t\t\t<img decoding=\"async\" width=\"800\" height=\"500\" src=\"https:\/\/www.inov-u.com\/wp-content\/uploads\/2024\/11\/INST12CA3_06.png\" class=\"attachment-full size-full wp-image-5731\" alt=\"Station d&#039;accueil branch\u00e9 \u00e0 un pc portable qui fait office de support\" srcset=\"https:\/\/www.inov-u.com\/wp-content\/uploads\/2024\/11\/INST12CA3_06.png 800w, https:\/\/www.inov-u.com\/wp-content\/uploads\/2024\/11\/INST12CA3_06-300x188.png 300w, https:\/\/www.inov-u.com\/wp-content\/uploads\/2024\/11\/INST12CA3_06-768x480.png 768w, https:\/\/www.inov-u.com\/wp-content\/uploads\/2024\/11\/INST12CA3_06-600x375.png 600w\" sizes=\"(max-width: 800px) 100vw, 800px\" \/>\t\t\t\t\t\t\t\t\t\t\t\t\t\t\t<\/div>\n\t\t\t\t<\/div>\n\t\t\t\t<\/div>\n\t\t\t\t<\/div>\n\t\t\t\t<\/div>\n\t\t\t\t<\/div>\n\t\t\n","protected":false},"excerpt":{"rendered":"<p>La station d&#8217;accueil INOVU INST12CA3 r\u00e9unit la bagatelle de 12 ports et s&#8217;utilise par simple connexion \u00e0 un port USB-C. Elle dispose de toute la connectique dont vous avez besoin tout en \u00e9tant facile \u00e0 utiliser et \u00e0 transporter.<\/p>\n","protected":false},"featured_media":5726,"comment_status":"open","ping_status":"closed","template":"","meta":{"_acf_changed":false},"product_brand":[],"product_cat":[33],"product_tag":[],"class_list":{"0":"post-5723","1":"product","2":"type-product","3":"status-publish","4":"has-post-thumbnail","6":"product_cat-hub-station-daccueil","8":"first","9":"instock","10":"shipping-taxable","11":"product-type-simple"},"acf":[],"yoast_head":"<!-- This site is optimized with the Yoast SEO plugin v27.4 - https:\/\/yoast.com\/product\/yoast-seo-wordpress\/ -->\n<title>INOVU | Station d&#039;accueil USB-C 12 en 1<\/title>\n<meta name=\"robots\" content=\"index, follow, max-snippet:-1, max-image-preview:large, max-video-preview:-1\" \/>\n<link rel=\"canonical\" href=\"https:\/\/www.inov-u.com\/en\/products\/adapters-hubs\/hub-docking-station\/station-daccueil-usb-c-12-en-1-2\/\" \/>\n<meta property=\"og:locale\" content=\"en_US\" \/>\n<meta property=\"og:type\" content=\"article\" \/>\n<meta property=\"og:title\" content=\"INOVU | Station d&#039;accueil USB-C 12 en 1\" \/>\n<meta property=\"og:description\" content=\"La station d&#039;accueil INOVU INST12CA3 r\u00e9unit la bagatelle de 12 ports et s&#039;utilise par simple connexion \u00e0 un port USB-C. Elle dispose de toute la connectique dont vous avez besoin tout en \u00e9tant facile \u00e0 utiliser et \u00e0 transporter.\" \/>\n<meta property=\"og:url\" content=\"https:\/\/www.inov-u.com\/en\/products\/adapters-hubs\/hub-docking-station\/station-daccueil-usb-c-12-en-1-2\/\" \/>\n<meta property=\"og:site_name\" content=\"INOVU\" \/>\n<meta property=\"article:modified_time\" content=\"2025-10-28T10:35:13+00:00\" \/>\n<meta property=\"og:image\" content=\"https:\/\/www.inov-u.com\/wp-content\/uploads\/2024\/11\/INST12CA3_01.png\" \/>\n\t<meta property=\"og:image:width\" content=\"1000\" \/>\n\t<meta property=\"og:image:height\" content=\"1000\" \/>\n\t<meta property=\"og:image:type\" content=\"image\/png\" \/>\n<meta name=\"twitter:card\" content=\"summary_large_image\" \/>\n<meta name=\"twitter:label1\" content=\"Est. reading time\" \/>\n\t<meta name=\"twitter:data1\" content=\"1 minute\" \/>\n<script type=\"application\/ld+json\" class=\"yoast-schema-graph\">{\"@context\":\"https:\\\/\\\/schema.org\",\"@graph\":[{\"@type\":[\"WebPage\",\"ItemPage\"],\"@id\":\"https:\\\/\\\/www.inov-u.com\\\/en\\\/products\\\/adapters-hubs\\\/hub-docking-station\\\/station-daccueil-usb-c-12-en-1-2\\\/\",\"url\":\"https:\\\/\\\/www.inov-u.com\\\/en\\\/products\\\/adapters-hubs\\\/hub-docking-station\\\/station-daccueil-usb-c-12-en-1-2\\\/\",\"name\":\"INOVU | Station d'accueil USB-C 12 en 1\",\"isPartOf\":{\"@id\":\"https:\\\/\\\/www.inov-u.com\\\/en\\\/#website\"},\"primaryImageOfPage\":{\"@id\":\"https:\\\/\\\/www.inov-u.com\\\/en\\\/products\\\/adapters-hubs\\\/hub-docking-station\\\/station-daccueil-usb-c-12-en-1-2\\\/#primaryimage\"},\"image\":{\"@id\":\"https:\\\/\\\/www.inov-u.com\\\/en\\\/products\\\/adapters-hubs\\\/hub-docking-station\\\/station-daccueil-usb-c-12-en-1-2\\\/#primaryimage\"},\"thumbnailUrl\":\"https:\\\/\\\/www.inov-u.com\\\/wp-content\\\/uploads\\\/2024\\\/11\\\/INST12CA3_01.png\",\"datePublished\":\"2024-11-04T14:49:26+00:00\",\"dateModified\":\"2025-10-28T10:35:13+00:00\",\"breadcrumb\":{\"@id\":\"https:\\\/\\\/www.inov-u.com\\\/en\\\/products\\\/adapters-hubs\\\/hub-docking-station\\\/station-daccueil-usb-c-12-en-1-2\\\/#breadcrumb\"},\"inLanguage\":\"en-US\",\"potentialAction\":[{\"@type\":\"ReadAction\",\"target\":[\"https:\\\/\\\/www.inov-u.com\\\/en\\\/products\\\/adapters-hubs\\\/hub-docking-station\\\/station-daccueil-usb-c-12-en-1-2\\\/\"]}]},{\"@type\":\"ImageObject\",\"inLanguage\":\"en-US\",\"@id\":\"https:\\\/\\\/www.inov-u.com\\\/en\\\/products\\\/adapters-hubs\\\/hub-docking-station\\\/station-daccueil-usb-c-12-en-1-2\\\/#primaryimage\",\"url\":\"https:\\\/\\\/www.inov-u.com\\\/wp-content\\\/uploads\\\/2024\\\/11\\\/INST12CA3_01.png\",\"contentUrl\":\"https:\\\/\\\/www.inov-u.com\\\/wp-content\\\/uploads\\\/2024\\\/11\\\/INST12CA3_01.png\",\"width\":1000,\"height\":1000,\"caption\":\"Station d'accueil usb c 12 en 1\"},{\"@type\":\"BreadcrumbList\",\"@id\":\"https:\\\/\\\/www.inov-u.com\\\/en\\\/products\\\/adapters-hubs\\\/hub-docking-station\\\/station-daccueil-usb-c-12-en-1-2\\\/#breadcrumb\",\"itemListElement\":[{\"@type\":\"ListItem\",\"position\":1,\"name\":\"Home\",\"item\":\"https:\\\/\\\/www.inov-u.com\\\/en\\\/\"},{\"@type\":\"ListItem\",\"position\":2,\"name\":\"Products\",\"item\":\"https:\\\/\\\/www.inov-u.com\\\/nos-univers\\\/\"},{\"@type\":\"ListItem\",\"position\":3,\"name\":\"Adapters &amp; Hubs\",\"item\":\"https:\\\/\\\/www.inov-u.com\\\/en\\\/nos-univers\\\/adapters-hubs\\\/\"},{\"@type\":\"ListItem\",\"position\":4,\"name\":\"Hub \\\/ Docking Station\",\"item\":\"https:\\\/\\\/www.inov-u.com\\\/en\\\/nos-univers\\\/adapters-hubs\\\/hub-docking-station\\\/\"},{\"@type\":\"ListItem\",\"position\":5,\"name\":\"Station d&#8217;accueil USB-C 12 en 1\"}]},{\"@type\":\"WebSite\",\"@id\":\"https:\\\/\\\/www.inov-u.com\\\/en\\\/#website\",\"url\":\"https:\\\/\\\/www.inov-u.com\\\/en\\\/\",\"name\":\"INOVU\",\"description\":\"L&#039;\u00e9quipement informatique du quotidien\",\"publisher\":{\"@id\":\"https:\\\/\\\/www.inov-u.com\\\/en\\\/#organization\"},\"potentialAction\":[{\"@type\":\"SearchAction\",\"target\":{\"@type\":\"EntryPoint\",\"urlTemplate\":\"https:\\\/\\\/www.inov-u.com\\\/en\\\/?s={search_term_string}\"},\"query-input\":{\"@type\":\"PropertyValueSpecification\",\"valueRequired\":true,\"valueName\":\"search_term_string\"}}],\"inLanguage\":\"en-US\"},{\"@type\":\"Organization\",\"@id\":\"https:\\\/\\\/www.inov-u.com\\\/en\\\/#organization\",\"name\":\"INOVU\",\"url\":\"https:\\\/\\\/www.inov-u.com\\\/en\\\/\",\"logo\":{\"@type\":\"ImageObject\",\"inLanguage\":\"en-US\",\"@id\":\"https:\\\/\\\/www.inov-u.com\\\/en\\\/#\\\/schema\\\/logo\\\/image\\\/\",\"url\":\"https:\\\/\\\/www.inov-u.com\\\/wp-content\\\/uploads\\\/2024\\\/02\\\/inovu_favicon.png\",\"contentUrl\":\"https:\\\/\\\/www.inov-u.com\\\/wp-content\\\/uploads\\\/2024\\\/02\\\/inovu_favicon.png\",\"width\":512,\"height\":512,\"caption\":\"INOVU\"},\"image\":{\"@id\":\"https:\\\/\\\/www.inov-u.com\\\/en\\\/#\\\/schema\\\/logo\\\/image\\\/\"}}]}<\/script>\n<!-- \/ Yoast SEO plugin. -->","yoast_head_json":{"title":"INOVU | Station d'accueil USB-C 12 en 1","robots":{"index":"index","follow":"follow","max-snippet":"max-snippet:-1","max-image-preview":"max-image-preview:large","max-video-preview":"max-video-preview:-1"},"canonical":"https:\/\/www.inov-u.com\/en\/products\/adapters-hubs\/hub-docking-station\/station-daccueil-usb-c-12-en-1-2\/","og_locale":"en_US","og_type":"article","og_title":"INOVU | Station d'accueil USB-C 12 en 1","og_description":"La station d'accueil INOVU INST12CA3 r\u00e9unit la bagatelle de 12 ports et s'utilise par simple connexion \u00e0 un port USB-C. Elle dispose de toute la connectique dont vous avez besoin tout en \u00e9tant facile \u00e0 utiliser et \u00e0 transporter.","og_url":"https:\/\/www.inov-u.com\/en\/products\/adapters-hubs\/hub-docking-station\/station-daccueil-usb-c-12-en-1-2\/","og_site_name":"INOVU","article_modified_time":"2025-10-28T10:35:13+00:00","og_image":[{"width":1000,"height":1000,"url":"https:\/\/www.inov-u.com\/wp-content\/uploads\/2024\/11\/INST12CA3_01.png","type":"image\/png"}],"twitter_card":"summary_large_image","twitter_misc":{"Est. reading time":"1 minute"},"schema":{"@context":"https:\/\/schema.org","@graph":[{"@type":["WebPage","ItemPage"],"@id":"https:\/\/www.inov-u.com\/en\/products\/adapters-hubs\/hub-docking-station\/station-daccueil-usb-c-12-en-1-2\/","url":"https:\/\/www.inov-u.com\/en\/products\/adapters-hubs\/hub-docking-station\/station-daccueil-usb-c-12-en-1-2\/","name":"INOVU | Station d'accueil USB-C 12 en 1","isPartOf":{"@id":"https:\/\/www.inov-u.com\/en\/#website"},"primaryImageOfPage":{"@id":"https:\/\/www.inov-u.com\/en\/products\/adapters-hubs\/hub-docking-station\/station-daccueil-usb-c-12-en-1-2\/#primaryimage"},"image":{"@id":"https:\/\/www.inov-u.com\/en\/products\/adapters-hubs\/hub-docking-station\/station-daccueil-usb-c-12-en-1-2\/#primaryimage"},"thumbnailUrl":"https:\/\/www.inov-u.com\/wp-content\/uploads\/2024\/11\/INST12CA3_01.png","datePublished":"2024-11-04T14:49:26+00:00","dateModified":"2025-10-28T10:35:13+00:00","breadcrumb":{"@id":"https:\/\/www.inov-u.com\/en\/products\/adapters-hubs\/hub-docking-station\/station-daccueil-usb-c-12-en-1-2\/#breadcrumb"},"inLanguage":"en-US","potentialAction":[{"@type":"ReadAction","target":["https:\/\/www.inov-u.com\/en\/products\/adapters-hubs\/hub-docking-station\/station-daccueil-usb-c-12-en-1-2\/"]}]},{"@type":"ImageObject","inLanguage":"en-US","@id":"https:\/\/www.inov-u.com\/en\/products\/adapters-hubs\/hub-docking-station\/station-daccueil-usb-c-12-en-1-2\/#primaryimage","url":"https:\/\/www.inov-u.com\/wp-content\/uploads\/2024\/11\/INST12CA3_01.png","contentUrl":"https:\/\/www.inov-u.com\/wp-content\/uploads\/2024\/11\/INST12CA3_01.png","width":1000,"height":1000,"caption":"Station d'accueil usb c 12 en 1"},{"@type":"BreadcrumbList","@id":"https:\/\/www.inov-u.com\/en\/products\/adapters-hubs\/hub-docking-station\/station-daccueil-usb-c-12-en-1-2\/#breadcrumb","itemListElement":[{"@type":"ListItem","position":1,"name":"Home","item":"https:\/\/www.inov-u.com\/en\/"},{"@type":"ListItem","position":2,"name":"Products","item":"https:\/\/www.inov-u.com\/nos-univers\/"},{"@type":"ListItem","position":3,"name":"Adapters &amp; Hubs","item":"https:\/\/www.inov-u.com\/en\/nos-univers\/adapters-hubs\/"},{"@type":"ListItem","position":4,"name":"Hub \/ Docking Station","item":"https:\/\/www.inov-u.com\/en\/nos-univers\/adapters-hubs\/hub-docking-station\/"},{"@type":"ListItem","position":5,"name":"Station d&#8217;accueil USB-C 12 en 1"}]},{"@type":"WebSite","@id":"https:\/\/www.inov-u.com\/en\/#website","url":"https:\/\/www.inov-u.com\/en\/","name":"INOVU","description":"L&#039;\u00e9quipement informatique du quotidien","publisher":{"@id":"https:\/\/www.inov-u.com\/en\/#organization"},"potentialAction":[{"@type":"SearchAction","target":{"@type":"EntryPoint","urlTemplate":"https:\/\/www.inov-u.com\/en\/?s={search_term_string}"},"query-input":{"@type":"PropertyValueSpecification","valueRequired":true,"valueName":"search_term_string"}}],"inLanguage":"en-US"},{"@type":"Organization","@id":"https:\/\/www.inov-u.com\/en\/#organization","name":"INOVU","url":"https:\/\/www.inov-u.com\/en\/","logo":{"@type":"ImageObject","inLanguage":"en-US","@id":"https:\/\/www.inov-u.com\/en\/#\/schema\/logo\/image\/","url":"https:\/\/www.inov-u.com\/wp-content\/uploads\/2024\/02\/inovu_favicon.png","contentUrl":"https:\/\/www.inov-u.com\/wp-content\/uploads\/2024\/02\/inovu_favicon.png","width":512,"height":512,"caption":"INOVU"},"image":{"@id":"https:\/\/www.inov-u.com\/en\/#\/schema\/logo\/image\/"}}]}},"_links":{"self":[{"href":"https:\/\/www.inov-u.com\/en\/wp-json\/wp\/v2\/product\/5723","targetHints":{"allow":["GET"]}}],"collection":[{"href":"https:\/\/www.inov-u.com\/en\/wp-json\/wp\/v2\/product"}],"about":[{"href":"https:\/\/www.inov-u.com\/en\/wp-json\/wp\/v2\/types\/product"}],"replies":[{"embeddable":true,"href":"https:\/\/www.inov-u.com\/en\/wp-json\/wp\/v2\/comments?post=5723"}],"version-history":[{"count":4,"href":"https:\/\/www.inov-u.com\/en\/wp-json\/wp\/v2\/product\/5723\/revisions"}],"predecessor-version":[{"id":10530,"href":"https:\/\/www.inov-u.com\/en\/wp-json\/wp\/v2\/product\/5723\/revisions\/10530"}],"wp:featuredmedia":[{"embeddable":true,"href":"https:\/\/www.inov-u.com\/en\/wp-json\/wp\/v2\/media\/5726"}],"wp:attachment":[{"href":"https:\/\/www.inov-u.com\/en\/wp-json\/wp\/v2\/media?parent=5723"}],"wp:term":[{"taxonomy":"product_brand","embeddable":true,"href":"https:\/\/www.inov-u.com\/en\/wp-json\/wp\/v2\/product_brand?post=5723"},{"taxonomy":"product_cat","embeddable":true,"href":"https:\/\/www.inov-u.com\/en\/wp-json\/wp\/v2\/product_cat?post=5723"},{"taxonomy":"product_tag","embeddable":true,"href":"https:\/\/www.inov-u.com\/en\/wp-json\/wp\/v2\/product_tag?post=5723"}],"curies":[{"name":"wp","href":"https:\/\/api.w.org\/{rel}","templated":true}]}}