{"id":5781,"date":"2024-11-04T17:04:18","date_gmt":"2024-11-04T16:04:18","guid":{"rendered":"https:\/\/www.inov-u.com\/?post_type=product&#038;p=5781"},"modified":"2025-10-28T11:45:41","modified_gmt":"2025-10-28T10:45:41","slug":"u-pad","status":"publish","type":"product","link":"https:\/\/www.inov-u.com\/en\/products\/pc-peripherals\/mouse-pad\/u-pad\/","title":{"rendered":"U-Pad"},"content":{"rendered":"\t\t<div data-elementor-type=\"container\" data-elementor-id=\"5782\" class=\"elementor elementor-5782\" data-elementor-post-type=\"elementor_library\">\n\t\t\t\t<div class=\"elementor-element elementor-element-7975e6c e-con-full e-flex e-con e-parent\" data-id=\"7975e6c\" data-element_type=\"container\" data-e-type=\"container\">\n\t\t<div class=\"elementor-element elementor-element-8f159db e-con-full e-flex e-con e-child\" data-id=\"8f159db\" data-element_type=\"container\" data-e-type=\"container\">\n\t\t<div class=\"elementor-element elementor-element-be6fc47 e-con-full e-flex e-con e-child\" data-id=\"be6fc47\" data-element_type=\"container\" data-e-type=\"container\">\n\t\t\t\t<div class=\"elementor-element elementor-element-b2d585c elementor-widget elementor-widget-heading\" data-id=\"b2d585c\" data-element_type=\"widget\" data-e-type=\"widget\" data-widget_type=\"heading.default\">\n\t\t\t\t<div class=\"elementor-widget-container\">\n\t\t\t\t\t<h2 class=\"elementor-heading-title elementor-size-default\">Tapis de souris polyvalent avec base antid\u00e9rapante<\/h2>\t\t\t\t<\/div>\n\t\t\t\t<\/div>\n\t\t\t\t<div class=\"elementor-element elementor-element-2602b25 elementor-widget elementor-widget-text-editor\" data-id=\"2602b25\" data-element_type=\"widget\" data-e-type=\"widget\" data-widget_type=\"text-editor.default\">\n\t\t\t\t<div class=\"elementor-widget-container\">\n\t\t\t\t\t\t\t\t\t<p>L&#8217;<strong>INOVU U-Pad<\/strong>\u00a0est un tapis de souris souple et antid\u00e9rapant. Facile \u00e0 transporter (enroulable), offrant une surface g\u00e9n\u00e9reuse sans \u00eatre trop encombrant (320 x 270), garantissant des mouvants fluides et pr\u00e9cis, il est id\u00e9al pour la pratique de l&#8217;informatique en toutes circonstances, \u00e0 la maison comme au bureau. Sa base antid\u00e9rapante assure une bonne tenue sur tous types de surfaces.\u00a0<\/p>\t\t\t\t\t\t\t\t<\/div>\n\t\t\t\t<\/div>\n\t\t\t\t<\/div>\n\t\t\t\t<\/div>\n\t\t<div class=\"elementor-element elementor-element-757efc9 e-con-full e-flex e-con e-child\" data-id=\"757efc9\" data-element_type=\"container\" data-e-type=\"container\">\n\t\t<div class=\"elementor-element elementor-element-e18eb3e e-con-full e-flex e-con e-child\" data-id=\"e18eb3e\" data-element_type=\"container\" data-e-type=\"container\">\n\t\t\t\t<div class=\"elementor-element elementor-element-c3d81ff elementor-widget elementor-widget-image\" data-id=\"c3d81ff\" data-element_type=\"widget\" data-e-type=\"widget\" data-widget_type=\"image.default\">\n\t\t\t\t<div class=\"elementor-widget-container\">\n\t\t\t\t\t\t\t\t\t\t\t\t\t\t\t<img fetchpriority=\"high\" decoding=\"async\" width=\"1000\" height=\"1000\" src=\"https:\/\/www.inov-u.com\/wp-content\/uploads\/2024\/11\/U-PAD_03.png\" class=\"attachment-full size-full wp-image-5785\" alt=\"Tapis de souris noir avec une surface lisse et un logo discret, l\u00e9g\u00e8rement pli\u00e9 pour montrer sa flexibilit\u00e9.\" srcset=\"https:\/\/www.inov-u.com\/wp-content\/uploads\/2024\/11\/U-PAD_03.png 1000w, https:\/\/www.inov-u.com\/wp-content\/uploads\/2024\/11\/U-PAD_03-300x300.png 300w, https:\/\/www.inov-u.com\/wp-content\/uploads\/2024\/11\/U-PAD_03-150x150.png 150w, https:\/\/www.inov-u.com\/wp-content\/uploads\/2024\/11\/U-PAD_03-768x768.png 768w, https:\/\/www.inov-u.com\/wp-content\/uploads\/2024\/11\/U-PAD_03-700x700.png 700w, https:\/\/www.inov-u.com\/wp-content\/uploads\/2024\/11\/U-PAD_03-600x600.png 600w, https:\/\/www.inov-u.com\/wp-content\/uploads\/2024\/11\/U-PAD_03-100x100.png 100w\" sizes=\"(max-width: 1000px) 100vw, 1000px\" \/>\t\t\t\t\t\t\t\t\t\t\t\t\t\t\t<\/div>\n\t\t\t\t<\/div>\n\t\t\t\t<\/div>\n\t\t<div class=\"elementor-element elementor-element-e7f55b7 e-con-full e-flex e-con e-child\" data-id=\"e7f55b7\" data-element_type=\"container\" data-e-type=\"container\">\n\t\t\t\t<div class=\"elementor-element elementor-element-d9d7e98 elementor-widget elementor-widget-heading\" data-id=\"d9d7e98\" data-element_type=\"widget\" data-e-type=\"widget\" data-widget_type=\"heading.default\">\n\t\t\t\t<div class=\"elementor-widget-container\">\n\t\t\t\t\t<h2 class=\"elementor-heading-title elementor-size-default\">Confort et durabilit\u00e9<\/h2>\t\t\t\t<\/div>\n\t\t\t\t<\/div>\n\t\t\t\t<div class=\"elementor-element elementor-element-21ee8a3 elementor-widget elementor-widget-text-editor\" data-id=\"21ee8a3\" data-element_type=\"widget\" data-e-type=\"widget\" data-widget_type=\"text-editor.default\">\n\t\t\t\t<div class=\"elementor-widget-container\">\n\t\t\t\t\t\t\t\t\t<p>Le\u00a0<strong>tapis de souris INOVU U-Pad\u00a0<\/strong>combine stabilit\u00e9, confort et durabilit\u00e9, ce qui en fait un accessoire pratique et efficace pour am\u00e9liorer l&#8217;exp\u00e9rience utilisateur avec la souris.\u00a0<\/p><ul><li>La base en caoutchouc antid\u00e9rapante\u00a0assure au tapis de bien rester en place sur le bureau, \u00e9vitant tout glissement pendant l&#8217;utilisation, ce qui est essentiel pour la pr\u00e9cision des mouvements de la souris.<\/li><li>Dessus en \u00e9lasthanne et jersey : Ce type de surface offre une texture lisse et agr\u00e9able au toucher, permettant \u00e0 la souris de glisser facilement et pr\u00e9cis\u00e9ment, am\u00e9liorant ainsi la r\u00e9activit\u00e9 et le confort d&#8217;utilisation.<\/li><li>Bords cousus anti-effilochements : Les bords cousus prolongent la dur\u00e9e de vie du tapis en emp\u00eachant qu&#8217;il ne s&#8217;effiloche, m\u00eame apr\u00e8s une utilisation intensive.<\/li><li>Surface de glisse de 320 x 270 mm : Cette dimension offre suffisamment d&#8217;espace pour effectuer des mouvements amples avec la souris, utile aussi bien pour les t\u00e2ches quotidiennes que pour les jeux vid\u00e9o ou le graphisme.<\/li><li>\u00c9paisseur de 3 mm : Cette \u00e9paisseur offre un bon \u00e9quilibre entre confort et fermet\u00e9, r\u00e9duisant la fatigue du poignet lors d&#8217;une utilisation prolong\u00e9e.<\/li><\/ul>\t\t\t\t\t\t\t\t<\/div>\n\t\t\t\t<\/div>\n\t\t\t\t<\/div>\n\t\t\t\t<\/div>\n\t\t<div class=\"elementor-element elementor-element-1e5e627 e-con-full e-flex e-con e-child\" data-id=\"1e5e627\" data-element_type=\"container\" data-e-type=\"container\">\n\t\t<div class=\"elementor-element elementor-element-f9403fb e-con-full e-flex e-con e-child\" data-id=\"f9403fb\" data-element_type=\"container\" data-e-type=\"container\">\n\t\t\t\t<div class=\"elementor-element elementor-element-2937666 elementor-widget elementor-widget-heading\" data-id=\"2937666\" data-element_type=\"widget\" data-e-type=\"widget\" data-widget_type=\"heading.default\">\n\t\t\t\t<div class=\"elementor-widget-container\">\n\t\t\t\t\t<h2 class=\"elementor-heading-title elementor-size-default\">Principales caract\u00e9ristiques<\/h2>\t\t\t\t<\/div>\n\t\t\t\t<\/div>\n\t\t\t\t<div class=\"elementor-element elementor-element-0759d5a elementor-widget elementor-widget-text-editor\" data-id=\"0759d5a\" data-element_type=\"widget\" data-e-type=\"widget\" data-widget_type=\"text-editor.default\">\n\t\t\t\t<div class=\"elementor-widget-container\">\n\t\t\t\t\t\t\t\t\t<ul><li>Base caoutchouc antid\u00e9rapante<\/li><li>Dessus \u00e9lasthanne et jersey<\/li><li>Bords cousus anti-effilochements<\/li><li>Surface de glisse : 320 x 270 mm<\/li><li>\u00c9paisseur : 3 mm<\/li><\/ul>\t\t\t\t\t\t\t\t<\/div>\n\t\t\t\t<\/div>\n\t\t\t\t<\/div>\n\t\t<div class=\"elementor-element elementor-element-c405caa e-con-full e-flex e-con e-child\" data-id=\"c405caa\" data-element_type=\"container\" data-e-type=\"container\">\n\t\t\t\t<div class=\"elementor-element elementor-element-e6c1fc7 elementor-widget elementor-widget-image\" data-id=\"e6c1fc7\" data-element_type=\"widget\" data-e-type=\"widget\" data-widget_type=\"image.default\">\n\t\t\t\t<div class=\"elementor-widget-container\">\n\t\t\t\t\t\t\t\t\t\t\t\t\t\t\t<img decoding=\"async\" width=\"1000\" height=\"1000\" src=\"https:\/\/www.inov-u.com\/wp-content\/uploads\/2024\/11\/U-PAD_05.png\" class=\"attachment-full size-full wp-image-5787\" alt=\"Tapis de souris noir dispos\u00e9 sur un bureau en bois, accompagn\u00e9 d&#039;une souris noire et d&#039;un clavier.\" srcset=\"https:\/\/www.inov-u.com\/wp-content\/uploads\/2024\/11\/U-PAD_05.png 1000w, https:\/\/www.inov-u.com\/wp-content\/uploads\/2024\/11\/U-PAD_05-300x300.png 300w, https:\/\/www.inov-u.com\/wp-content\/uploads\/2024\/11\/U-PAD_05-150x150.png 150w, https:\/\/www.inov-u.com\/wp-content\/uploads\/2024\/11\/U-PAD_05-768x768.png 768w, https:\/\/www.inov-u.com\/wp-content\/uploads\/2024\/11\/U-PAD_05-700x700.png 700w, https:\/\/www.inov-u.com\/wp-content\/uploads\/2024\/11\/U-PAD_05-600x600.png 600w, https:\/\/www.inov-u.com\/wp-content\/uploads\/2024\/11\/U-PAD_05-100x100.png 100w\" sizes=\"(max-width: 1000px) 100vw, 1000px\" \/>\t\t\t\t\t\t\t\t\t\t\t\t\t\t\t<\/div>\n\t\t\t\t<\/div>\n\t\t\t\t<\/div>\n\t\t\t\t<\/div>\n\t\t\t\t<\/div>\n\t\t\t\t<\/div>\n\t\t\n","protected":false},"excerpt":{"rendered":"<p>L&#8217;INOVU U-Pad est un tapis de souris souple et antid\u00e9rapant. Facile \u00e0 transporter (enroulable), offrant une surface g\u00e9n\u00e9reuse sans \u00eatre trop encombrant (320 x 270), garantissant des mouvants fluides et pr\u00e9cis, il est id\u00e9al pour la pratique de l&#8217;informatique en toutes circonstances.<\/p>\n","protected":false},"featured_media":6338,"comment_status":"open","ping_status":"closed","template":"","meta":{"_acf_changed":false},"product_brand":[],"product_cat":[30],"product_tag":[],"class_list":{"0":"post-5781","1":"product","2":"type-product","3":"status-publish","4":"has-post-thumbnail","6":"product_cat-tapis-de-souris","8":"first","9":"instock","10":"shipping-taxable","11":"product-type-simple"},"acf":[],"yoast_head":"<!-- This site is optimized with the Yoast SEO plugin v27.4 - https:\/\/yoast.com\/product\/yoast-seo-wordpress\/ -->\n<title>INOVU | U-Pad<\/title>\n<meta name=\"robots\" content=\"index, follow, max-snippet:-1, max-image-preview:large, max-video-preview:-1\" \/>\n<link rel=\"canonical\" href=\"https:\/\/www.inov-u.com\/en\/products\/pc-peripherals\/mouse-pad\/u-pad\/\" \/>\n<meta property=\"og:locale\" content=\"en_US\" \/>\n<meta property=\"og:type\" content=\"article\" \/>\n<meta property=\"og:title\" content=\"INOVU | U-Pad\" \/>\n<meta property=\"og:description\" content=\"L&#039;INOVU U-Pad est un tapis de souris souple et antid\u00e9rapant. Facile \u00e0 transporter (enroulable), offrant une surface g\u00e9n\u00e9reuse sans \u00eatre trop encombrant (320 x 270), garantissant des mouvants fluides et pr\u00e9cis, il est id\u00e9al pour la pratique de l&#039;informatique en toutes circonstances.\" \/>\n<meta property=\"og:url\" content=\"https:\/\/www.inov-u.com\/en\/products\/pc-peripherals\/mouse-pad\/u-pad\/\" \/>\n<meta property=\"og:site_name\" content=\"INOVU\" \/>\n<meta property=\"article:modified_time\" content=\"2025-10-28T10:45:41+00:00\" \/>\n<meta property=\"og:image\" content=\"https:\/\/www.inov-u.com\/wp-content\/uploads\/2024\/11\/U-PAD_01c.png\" \/>\n\t<meta property=\"og:image:width\" content=\"1000\" \/>\n\t<meta property=\"og:image:height\" content=\"1000\" \/>\n\t<meta property=\"og:image:type\" content=\"image\/png\" \/>\n<meta name=\"twitter:card\" content=\"summary_large_image\" \/>\n<meta name=\"twitter:label1\" content=\"Est. reading time\" \/>\n\t<meta name=\"twitter:data1\" content=\"1 minute\" \/>\n<script type=\"application\/ld+json\" class=\"yoast-schema-graph\">{\"@context\":\"https:\\\/\\\/schema.org\",\"@graph\":[{\"@type\":[\"WebPage\",\"ItemPage\"],\"@id\":\"https:\\\/\\\/www.inov-u.com\\\/en\\\/products\\\/pc-peripherals\\\/mouse-pad\\\/u-pad\\\/\",\"url\":\"https:\\\/\\\/www.inov-u.com\\\/en\\\/products\\\/pc-peripherals\\\/mouse-pad\\\/u-pad\\\/\",\"name\":\"INOVU | U-Pad\",\"isPartOf\":{\"@id\":\"https:\\\/\\\/www.inov-u.com\\\/en\\\/#website\"},\"primaryImageOfPage\":{\"@id\":\"https:\\\/\\\/www.inov-u.com\\\/en\\\/products\\\/pc-peripherals\\\/mouse-pad\\\/u-pad\\\/#primaryimage\"},\"image\":{\"@id\":\"https:\\\/\\\/www.inov-u.com\\\/en\\\/products\\\/pc-peripherals\\\/mouse-pad\\\/u-pad\\\/#primaryimage\"},\"thumbnailUrl\":\"https:\\\/\\\/www.inov-u.com\\\/wp-content\\\/uploads\\\/2024\\\/11\\\/U-PAD_01c.png\",\"datePublished\":\"2024-11-04T16:04:18+00:00\",\"dateModified\":\"2025-10-28T10:45:41+00:00\",\"breadcrumb\":{\"@id\":\"https:\\\/\\\/www.inov-u.com\\\/en\\\/products\\\/pc-peripherals\\\/mouse-pad\\\/u-pad\\\/#breadcrumb\"},\"inLanguage\":\"en-US\",\"potentialAction\":[{\"@type\":\"ReadAction\",\"target\":[\"https:\\\/\\\/www.inov-u.com\\\/en\\\/products\\\/pc-peripherals\\\/mouse-pad\\\/u-pad\\\/\"]}]},{\"@type\":\"ImageObject\",\"inLanguage\":\"en-US\",\"@id\":\"https:\\\/\\\/www.inov-u.com\\\/en\\\/products\\\/pc-peripherals\\\/mouse-pad\\\/u-pad\\\/#primaryimage\",\"url\":\"https:\\\/\\\/www.inov-u.com\\\/wp-content\\\/uploads\\\/2024\\\/11\\\/U-PAD_01c.png\",\"contentUrl\":\"https:\\\/\\\/www.inov-u.com\\\/wp-content\\\/uploads\\\/2024\\\/11\\\/U-PAD_01c.png\",\"width\":1000,\"height\":1000,\"caption\":\"Tapis de souris noir, design minimaliste avec logo discret, pos\u00e9 sur fond blanc.\"},{\"@type\":\"BreadcrumbList\",\"@id\":\"https:\\\/\\\/www.inov-u.com\\\/en\\\/products\\\/pc-peripherals\\\/mouse-pad\\\/u-pad\\\/#breadcrumb\",\"itemListElement\":[{\"@type\":\"ListItem\",\"position\":1,\"name\":\"Home\",\"item\":\"https:\\\/\\\/www.inov-u.com\\\/en\\\/\"},{\"@type\":\"ListItem\",\"position\":2,\"name\":\"Products\",\"item\":\"https:\\\/\\\/www.inov-u.com\\\/nos-univers\\\/\"},{\"@type\":\"ListItem\",\"position\":3,\"name\":\"PC Peripherals\",\"item\":\"https:\\\/\\\/www.inov-u.com\\\/en\\\/nos-univers\\\/pc-peripherals\\\/\"},{\"@type\":\"ListItem\",\"position\":4,\"name\":\"Mouse Pad\",\"item\":\"https:\\\/\\\/www.inov-u.com\\\/en\\\/nos-univers\\\/pc-peripherals\\\/mouse-pad\\\/\"},{\"@type\":\"ListItem\",\"position\":5,\"name\":\"U-Pad\"}]},{\"@type\":\"WebSite\",\"@id\":\"https:\\\/\\\/www.inov-u.com\\\/en\\\/#website\",\"url\":\"https:\\\/\\\/www.inov-u.com\\\/en\\\/\",\"name\":\"INOVU\",\"description\":\"L&#039;\u00e9quipement informatique du quotidien\",\"publisher\":{\"@id\":\"https:\\\/\\\/www.inov-u.com\\\/en\\\/#organization\"},\"potentialAction\":[{\"@type\":\"SearchAction\",\"target\":{\"@type\":\"EntryPoint\",\"urlTemplate\":\"https:\\\/\\\/www.inov-u.com\\\/en\\\/?s={search_term_string}\"},\"query-input\":{\"@type\":\"PropertyValueSpecification\",\"valueRequired\":true,\"valueName\":\"search_term_string\"}}],\"inLanguage\":\"en-US\"},{\"@type\":\"Organization\",\"@id\":\"https:\\\/\\\/www.inov-u.com\\\/en\\\/#organization\",\"name\":\"INOVU\",\"url\":\"https:\\\/\\\/www.inov-u.com\\\/en\\\/\",\"logo\":{\"@type\":\"ImageObject\",\"inLanguage\":\"en-US\",\"@id\":\"https:\\\/\\\/www.inov-u.com\\\/en\\\/#\\\/schema\\\/logo\\\/image\\\/\",\"url\":\"https:\\\/\\\/www.inov-u.com\\\/wp-content\\\/uploads\\\/2024\\\/02\\\/inovu_favicon.png\",\"contentUrl\":\"https:\\\/\\\/www.inov-u.com\\\/wp-content\\\/uploads\\\/2024\\\/02\\\/inovu_favicon.png\",\"width\":512,\"height\":512,\"caption\":\"INOVU\"},\"image\":{\"@id\":\"https:\\\/\\\/www.inov-u.com\\\/en\\\/#\\\/schema\\\/logo\\\/image\\\/\"}}]}<\/script>\n<!-- \/ Yoast SEO plugin. -->","yoast_head_json":{"title":"INOVU | U-Pad","robots":{"index":"index","follow":"follow","max-snippet":"max-snippet:-1","max-image-preview":"max-image-preview:large","max-video-preview":"max-video-preview:-1"},"canonical":"https:\/\/www.inov-u.com\/en\/products\/pc-peripherals\/mouse-pad\/u-pad\/","og_locale":"en_US","og_type":"article","og_title":"INOVU | U-Pad","og_description":"L'INOVU U-Pad est un tapis de souris souple et antid\u00e9rapant. Facile \u00e0 transporter (enroulable), offrant une surface g\u00e9n\u00e9reuse sans \u00eatre trop encombrant (320 x 270), garantissant des mouvants fluides et pr\u00e9cis, il est id\u00e9al pour la pratique de l'informatique en toutes circonstances.","og_url":"https:\/\/www.inov-u.com\/en\/products\/pc-peripherals\/mouse-pad\/u-pad\/","og_site_name":"INOVU","article_modified_time":"2025-10-28T10:45:41+00:00","og_image":[{"width":1000,"height":1000,"url":"https:\/\/www.inov-u.com\/wp-content\/uploads\/2024\/11\/U-PAD_01c.png","type":"image\/png"}],"twitter_card":"summary_large_image","twitter_misc":{"Est. reading time":"1 minute"},"schema":{"@context":"https:\/\/schema.org","@graph":[{"@type":["WebPage","ItemPage"],"@id":"https:\/\/www.inov-u.com\/en\/products\/pc-peripherals\/mouse-pad\/u-pad\/","url":"https:\/\/www.inov-u.com\/en\/products\/pc-peripherals\/mouse-pad\/u-pad\/","name":"INOVU | U-Pad","isPartOf":{"@id":"https:\/\/www.inov-u.com\/en\/#website"},"primaryImageOfPage":{"@id":"https:\/\/www.inov-u.com\/en\/products\/pc-peripherals\/mouse-pad\/u-pad\/#primaryimage"},"image":{"@id":"https:\/\/www.inov-u.com\/en\/products\/pc-peripherals\/mouse-pad\/u-pad\/#primaryimage"},"thumbnailUrl":"https:\/\/www.inov-u.com\/wp-content\/uploads\/2024\/11\/U-PAD_01c.png","datePublished":"2024-11-04T16:04:18+00:00","dateModified":"2025-10-28T10:45:41+00:00","breadcrumb":{"@id":"https:\/\/www.inov-u.com\/en\/products\/pc-peripherals\/mouse-pad\/u-pad\/#breadcrumb"},"inLanguage":"en-US","potentialAction":[{"@type":"ReadAction","target":["https:\/\/www.inov-u.com\/en\/products\/pc-peripherals\/mouse-pad\/u-pad\/"]}]},{"@type":"ImageObject","inLanguage":"en-US","@id":"https:\/\/www.inov-u.com\/en\/products\/pc-peripherals\/mouse-pad\/u-pad\/#primaryimage","url":"https:\/\/www.inov-u.com\/wp-content\/uploads\/2024\/11\/U-PAD_01c.png","contentUrl":"https:\/\/www.inov-u.com\/wp-content\/uploads\/2024\/11\/U-PAD_01c.png","width":1000,"height":1000,"caption":"Tapis de souris noir, design minimaliste avec logo discret, pos\u00e9 sur fond blanc."},{"@type":"BreadcrumbList","@id":"https:\/\/www.inov-u.com\/en\/products\/pc-peripherals\/mouse-pad\/u-pad\/#breadcrumb","itemListElement":[{"@type":"ListItem","position":1,"name":"Home","item":"https:\/\/www.inov-u.com\/en\/"},{"@type":"ListItem","position":2,"name":"Products","item":"https:\/\/www.inov-u.com\/nos-univers\/"},{"@type":"ListItem","position":3,"name":"PC Peripherals","item":"https:\/\/www.inov-u.com\/en\/nos-univers\/pc-peripherals\/"},{"@type":"ListItem","position":4,"name":"Mouse Pad","item":"https:\/\/www.inov-u.com\/en\/nos-univers\/pc-peripherals\/mouse-pad\/"},{"@type":"ListItem","position":5,"name":"U-Pad"}]},{"@type":"WebSite","@id":"https:\/\/www.inov-u.com\/en\/#website","url":"https:\/\/www.inov-u.com\/en\/","name":"INOVU","description":"L&#039;\u00e9quipement informatique du quotidien","publisher":{"@id":"https:\/\/www.inov-u.com\/en\/#organization"},"potentialAction":[{"@type":"SearchAction","target":{"@type":"EntryPoint","urlTemplate":"https:\/\/www.inov-u.com\/en\/?s={search_term_string}"},"query-input":{"@type":"PropertyValueSpecification","valueRequired":true,"valueName":"search_term_string"}}],"inLanguage":"en-US"},{"@type":"Organization","@id":"https:\/\/www.inov-u.com\/en\/#organization","name":"INOVU","url":"https:\/\/www.inov-u.com\/en\/","logo":{"@type":"ImageObject","inLanguage":"en-US","@id":"https:\/\/www.inov-u.com\/en\/#\/schema\/logo\/image\/","url":"https:\/\/www.inov-u.com\/wp-content\/uploads\/2024\/02\/inovu_favicon.png","contentUrl":"https:\/\/www.inov-u.com\/wp-content\/uploads\/2024\/02\/inovu_favicon.png","width":512,"height":512,"caption":"INOVU"},"image":{"@id":"https:\/\/www.inov-u.com\/en\/#\/schema\/logo\/image\/"}}]}},"_links":{"self":[{"href":"https:\/\/www.inov-u.com\/en\/wp-json\/wp\/v2\/product\/5781","targetHints":{"allow":["GET"]}}],"collection":[{"href":"https:\/\/www.inov-u.com\/en\/wp-json\/wp\/v2\/product"}],"about":[{"href":"https:\/\/www.inov-u.com\/en\/wp-json\/wp\/v2\/types\/product"}],"replies":[{"embeddable":true,"href":"https:\/\/www.inov-u.com\/en\/wp-json\/wp\/v2\/comments?post=5781"}],"version-history":[{"count":1,"href":"https:\/\/www.inov-u.com\/en\/wp-json\/wp\/v2\/product\/5781\/revisions"}],"predecessor-version":[{"id":9960,"href":"https:\/\/www.inov-u.com\/en\/wp-json\/wp\/v2\/product\/5781\/revisions\/9960"}],"wp:featuredmedia":[{"embeddable":true,"href":"https:\/\/www.inov-u.com\/en\/wp-json\/wp\/v2\/media\/6338"}],"wp:attachment":[{"href":"https:\/\/www.inov-u.com\/en\/wp-json\/wp\/v2\/media?parent=5781"}],"wp:term":[{"taxonomy":"product_brand","embeddable":true,"href":"https:\/\/www.inov-u.com\/en\/wp-json\/wp\/v2\/product_brand?post=5781"},{"taxonomy":"product_cat","embeddable":true,"href":"https:\/\/www.inov-u.com\/en\/wp-json\/wp\/v2\/product_cat?post=5781"},{"taxonomy":"product_tag","embeddable":true,"href":"https:\/\/www.inov-u.com\/en\/wp-json\/wp\/v2\/product_tag?post=5781"}],"curies":[{"name":"wp","href":"https:\/\/api.w.org\/{rel}","templated":true}]}}