{"id":6339,"date":"2024-11-19T15:22:51","date_gmt":"2024-11-19T14:22:51","guid":{"rendered":"https:\/\/www.inov-u.com\/?post_type=product&#038;p=6339"},"modified":"2025-10-28T11:45:16","modified_gmt":"2025-10-28T10:45:16","slug":"desk-mat-bleu-marine-jaune","status":"publish","type":"product","link":"https:\/\/www.inov-u.com\/en\/products\/pc-peripherals\/mouse-pad\/desk-mat-bleu-marine-jaune\/","title":{"rendered":"Desk Mat (Bleu marine\/Jaune)"},"content":{"rendered":"\t\t<div data-elementor-type=\"container\" data-elementor-id=\"6351\" class=\"elementor elementor-6351\" data-elementor-post-type=\"elementor_library\">\n\t\t\t\t<div class=\"elementor-element elementor-element-7975e6c e-con-full e-flex e-con e-parent\" data-id=\"7975e6c\" data-element_type=\"container\" data-e-type=\"container\">\n\t\t<div class=\"elementor-element elementor-element-8f159db e-con-full e-flex e-con e-child\" data-id=\"8f159db\" data-element_type=\"container\" data-e-type=\"container\">\n\t\t<div class=\"elementor-element elementor-element-be6fc47 e-con-full e-flex e-con e-child\" data-id=\"be6fc47\" data-element_type=\"container\" data-e-type=\"container\">\n\t\t\t\t<div class=\"elementor-element elementor-element-b2d585c elementor-widget elementor-widget-heading\" data-id=\"b2d585c\" data-element_type=\"widget\" data-e-type=\"widget\" data-widget_type=\"heading.default\">\n\t\t\t\t<div class=\"elementor-widget-container\">\n\t\t\t\t\t<h2 class=\"elementor-heading-title elementor-size-default\">Tapis de souris grand format double face en cuir synth\u00e9tique<\/h2>\t\t\t\t<\/div>\n\t\t\t\t<\/div>\n\t\t\t\t<div class=\"elementor-element elementor-element-2602b25 elementor-widget elementor-widget-text-editor\" data-id=\"2602b25\" data-element_type=\"widget\" data-e-type=\"widget\" data-widget_type=\"text-editor.default\">\n\t\t\t\t<div class=\"elementor-widget-container\">\n\t\t\t\t\t\t\t\t\t<p>L&#8217;<strong>INOVU Desk Mat<\/strong>\u00a0est un superbe\u00a0<strong>tapis de souris grand format double face<\/strong>\u00a0en\u00a0<strong>cuir synth\u00e9tique<\/strong>\u00a0(cuir PU).\u00a0<strong>Durable<\/strong>,\u00a0<strong>agr\u00e9able au toucher<\/strong>\u00a0et\u00a0<strong>facile \u00e0 nettoyer<\/strong>, il offre une\u00a0<strong>glisse fluide<\/strong>\u00a0et conf\u00e8re \u00e0 votre bureau un\u00a0<strong>design superbe et unique<\/strong>. A la fois\u00a0<strong>tapis de souris<\/strong>,\u00a0<strong>sous-main<\/strong>,\u00a0<strong>surface de travail<\/strong>\u00a0et\u00a0<strong>protection de bureau<\/strong>, le\u00a0<strong>Desk Mat<\/strong>\u00a0est incroyablement polyvalent et pratique. Sa\u00a0<strong>vaste surface plane et lisse\u00a0<\/strong>est id\u00e9ale pour l&#8217;utilisation pr\u00e9cise de votre souris.\u00a0<strong>R\u00e9sistant \u00e0 l&#8217;eau<\/strong>,\u00a0<strong>facilement nettoyable<\/strong>\u00a0et\u00a0<strong>double face<\/strong>, il est con\u00e7u pour durer et pour vous apporter confort et praticit\u00e9 au quotidien.<\/p>\t\t\t\t\t\t\t\t<\/div>\n\t\t\t\t<\/div>\n\t\t\t\t<\/div>\n\t\t\t\t<\/div>\n\t\t<div class=\"elementor-element elementor-element-757efc9 e-con-full e-flex e-con e-child\" data-id=\"757efc9\" data-element_type=\"container\" data-e-type=\"container\">\n\t\t<div class=\"elementor-element elementor-element-e18eb3e e-con-full e-flex e-con e-child\" data-id=\"e18eb3e\" data-element_type=\"container\" data-e-type=\"container\">\n\t\t\t\t<div class=\"elementor-element elementor-element-c3d81ff elementor-widget elementor-widget-image\" data-id=\"c3d81ff\" data-element_type=\"widget\" data-e-type=\"widget\" data-widget_type=\"image.default\">\n\t\t\t\t<div class=\"elementor-widget-container\">\n\t\t\t\t\t\t\t\t\t\t\t\t\t\t\t<img fetchpriority=\"high\" decoding=\"async\" width=\"1000\" height=\"1000\" src=\"https:\/\/www.inov-u.com\/wp-content\/uploads\/2024\/11\/DESKMAT_BJ_05.jpg\" class=\"attachment-full size-full wp-image-6347\" alt=\"Tapis de souris bleu marine dispos\u00e9 sur un bureau en bois, avec un clavier blanc et une souris assortie.\" srcset=\"https:\/\/www.inov-u.com\/wp-content\/uploads\/2024\/11\/DESKMAT_BJ_05.jpg 1000w, https:\/\/www.inov-u.com\/wp-content\/uploads\/2024\/11\/DESKMAT_BJ_05-300x300.jpg 300w, https:\/\/www.inov-u.com\/wp-content\/uploads\/2024\/11\/DESKMAT_BJ_05-150x150.jpg 150w, https:\/\/www.inov-u.com\/wp-content\/uploads\/2024\/11\/DESKMAT_BJ_05-768x768.jpg 768w, https:\/\/www.inov-u.com\/wp-content\/uploads\/2024\/11\/DESKMAT_BJ_05-700x700.jpg 700w, https:\/\/www.inov-u.com\/wp-content\/uploads\/2024\/11\/DESKMAT_BJ_05-600x600.jpg 600w, https:\/\/www.inov-u.com\/wp-content\/uploads\/2024\/11\/DESKMAT_BJ_05-100x100.jpg 100w\" sizes=\"(max-width: 1000px) 100vw, 1000px\" \/>\t\t\t\t\t\t\t\t\t\t\t\t\t\t\t<\/div>\n\t\t\t\t<\/div>\n\t\t\t\t<\/div>\n\t\t<div class=\"elementor-element elementor-element-e7f55b7 e-con-full e-flex e-con e-child\" data-id=\"e7f55b7\" data-element_type=\"container\" data-e-type=\"container\">\n\t\t\t\t<div class=\"elementor-element elementor-element-d9d7e98 elementor-widget elementor-widget-heading\" data-id=\"d9d7e98\" data-element_type=\"widget\" data-e-type=\"widget\" data-widget_type=\"heading.default\">\n\t\t\t\t<div class=\"elementor-widget-container\">\n\t\t\t\t\t<h2 class=\"elementor-heading-title elementor-size-default\">Conception remarquable<\/h2>\t\t\t\t<\/div>\n\t\t\t\t<\/div>\n\t\t\t\t<div class=\"elementor-element elementor-element-21ee8a3 elementor-widget elementor-widget-text-editor\" data-id=\"21ee8a3\" data-element_type=\"widget\" data-e-type=\"widget\" data-widget_type=\"text-editor.default\">\n\t\t\t\t<div class=\"elementor-widget-container\">\n\t\t\t\t\t\t\t\t\t<p>Le\u00a0<strong>tapis de souris INOVU Desk Mat\u00a0<\/strong>combine stabilit\u00e9, confort et durabilit\u00e9. Accessoire de bureau indispensable, il permet l&#8217;utilisation d&#8217;une souris de mani\u00e8re optimale en toute circonstance, quelles que soient les t\u00e2ches que vous ayez \u00e0 accomplir.\u00a0<\/p><ul><li>La\u00a0mati\u00e8re synth\u00e9tique (cuir PU) assure au tapis de bien rester en place sur le bureau, \u00e9vitant tout glissement pendant l&#8217;utilisation, ce qui est essentiel pour la pr\u00e9cision des mouvements de la souris.<\/li><li>Ses\u00a0surfaces de chaque c\u00f4t\u00e9 offrent une texture lisse et agr\u00e9able au toucher, permettant \u00e0 la souris de glisser facilement et pr\u00e9cis\u00e9ment, afin d&#8217;am\u00e9liorer\u00a0la r\u00e9activit\u00e9 et le confort d&#8217;utilisation.<\/li><li>Surface grand format de 800 x 400 mm : Cette dimension offre suffisamment d&#8217;espace pour disposer votre clavier et effectuer des mouvements amples avec la souris, utile aussi bien pour les t\u00e2ches quotidiennes que pour les jeux vid\u00e9o ou le graphisme.<\/li><li>Entretien et long\u00e9vit\u00e9\u00a0: R\u00e9sistant \u00e0 l&#8217;eau et facile \u00e0 nettoyer, sa face double permet de l&#8217;utiliser des 2 c\u00f4t\u00e9s pour une durabilit\u00e9 prolong\u00e9e.<\/li><li>\u00c9paisseur de 2 mm : Cette \u00e9paisseur offre un bon \u00e9quilibre entre confort et fermet\u00e9, r\u00e9duisant la fatigue du poignet lors d&#8217;une utilisation prolong\u00e9e.<\/li><\/ul>\t\t\t\t\t\t\t\t<\/div>\n\t\t\t\t<\/div>\n\t\t\t\t<\/div>\n\t\t\t\t<\/div>\n\t\t<div class=\"elementor-element elementor-element-1e5e627 e-con-full e-flex e-con e-child\" data-id=\"1e5e627\" data-element_type=\"container\" data-e-type=\"container\">\n\t\t<div class=\"elementor-element elementor-element-f9403fb e-con-full e-flex e-con e-child\" data-id=\"f9403fb\" data-element_type=\"container\" data-e-type=\"container\">\n\t\t\t\t<div class=\"elementor-element elementor-element-2937666 elementor-widget elementor-widget-heading\" data-id=\"2937666\" data-element_type=\"widget\" data-e-type=\"widget\" data-widget_type=\"heading.default\">\n\t\t\t\t<div class=\"elementor-widget-container\">\n\t\t\t\t\t<h2 class=\"elementor-heading-title elementor-size-default\">Polyvalence extr\u00eame<\/h2>\t\t\t\t<\/div>\n\t\t\t\t<\/div>\n\t\t\t\t<div class=\"elementor-element elementor-element-0759d5a elementor-widget elementor-widget-text-editor\" data-id=\"0759d5a\" data-element_type=\"widget\" data-e-type=\"widget\" data-widget_type=\"text-editor.default\">\n\t\t\t\t<div class=\"elementor-widget-container\">\n\t\t\t\t\t\t\t\t\t<p>L&#8217;<strong>INOVU Desk Mat<\/strong>\u00a0est un\u00a0<strong>tapis ultra-polyvalent<\/strong>\u00a0: il fait office de tapis de souris, de sous-main, de surface de travail et de protection de bureau. Sa qualit\u00e9 de conception et son design sont des atouts majeurs pour embellir et am\u00e9liorer votre espace de travail.\u00a0<\/p><ul><li>Conception design et durable en cuir synth\u00e9tique PU avec marquage du logo<\/li><li>R\u00e9sistant\u00a0et facile d&#8217;entretien<\/li><li>Double face pour une dur\u00e9e de vie optimale et une durabilit\u00e9 maximale<\/li><li>Surface lisse pour des mouvements de souris fluides et pr\u00e9cis<\/li><\/ul>\t\t\t\t\t\t\t\t<\/div>\n\t\t\t\t<\/div>\n\t\t\t\t<\/div>\n\t\t<div class=\"elementor-element elementor-element-c405caa e-con-full e-flex e-con e-child\" data-id=\"c405caa\" data-element_type=\"container\" data-e-type=\"container\">\n\t\t\t\t<div class=\"elementor-element elementor-element-e6c1fc7 elementor-widget elementor-widget-image\" data-id=\"e6c1fc7\" data-element_type=\"widget\" data-e-type=\"widget\" data-widget_type=\"image.default\">\n\t\t\t\t<div class=\"elementor-widget-container\">\n\t\t\t\t\t\t\t\t\t\t\t\t\t\t\t<img decoding=\"async\" width=\"1000\" height=\"1000\" src=\"https:\/\/www.inov-u.com\/wp-content\/uploads\/2024\/11\/DESKMAT_BJ_06.png\" class=\"attachment-full size-full wp-image-6348\" alt=\"Tapis de souris r\u00e9versible jaune et bleu marine, avec une surface lisse et moderne.\" srcset=\"https:\/\/www.inov-u.com\/wp-content\/uploads\/2024\/11\/DESKMAT_BJ_06.png 1000w, https:\/\/www.inov-u.com\/wp-content\/uploads\/2024\/11\/DESKMAT_BJ_06-300x300.png 300w, https:\/\/www.inov-u.com\/wp-content\/uploads\/2024\/11\/DESKMAT_BJ_06-150x150.png 150w, https:\/\/www.inov-u.com\/wp-content\/uploads\/2024\/11\/DESKMAT_BJ_06-768x768.png 768w, https:\/\/www.inov-u.com\/wp-content\/uploads\/2024\/11\/DESKMAT_BJ_06-700x700.png 700w, https:\/\/www.inov-u.com\/wp-content\/uploads\/2024\/11\/DESKMAT_BJ_06-600x600.png 600w, https:\/\/www.inov-u.com\/wp-content\/uploads\/2024\/11\/DESKMAT_BJ_06-100x100.png 100w\" sizes=\"(max-width: 1000px) 100vw, 1000px\" \/>\t\t\t\t\t\t\t\t\t\t\t\t\t\t\t<\/div>\n\t\t\t\t<\/div>\n\t\t\t\t<\/div>\n\t\t\t\t<\/div>\n\t\t\t\t<\/div>\n\t\t\t\t<\/div>\n\t\t\n","protected":false},"excerpt":{"rendered":"<p>L&#8217;INOVU Desk Mat est un superbe tapis de souris grand format double face en cuir synth\u00e9tique (cuir PU). Durable, agr\u00e9able au toucher et facile \u00e0 nettoyer, il offre une glisse fluide et conf\u00e8re \u00e0 votre bureau un design superbe et unique.<\/p>\n","protected":false},"featured_media":6343,"comment_status":"open","ping_status":"closed","template":"","meta":{"_acf_changed":false},"product_brand":[],"product_cat":[30],"product_tag":[],"class_list":{"0":"post-6339","1":"product","2":"type-product","3":"status-publish","4":"has-post-thumbnail","6":"product_cat-tapis-de-souris","8":"first","9":"instock","10":"shipping-taxable","11":"product-type-simple"},"acf":[],"yoast_head":"<!-- This site is optimized with the Yoast SEO plugin v27.4 - https:\/\/yoast.com\/product\/yoast-seo-wordpress\/ -->\n<title>INOVU | Desk Mat (Bleu marine\/Jaune)<\/title>\n<meta name=\"robots\" content=\"index, follow, max-snippet:-1, max-image-preview:large, max-video-preview:-1\" \/>\n<link rel=\"canonical\" href=\"https:\/\/www.inov-u.com\/en\/products\/pc-peripherals\/mouse-pad\/desk-mat-bleu-marine-jaune\/\" \/>\n<meta property=\"og:locale\" content=\"en_US\" \/>\n<meta property=\"og:type\" content=\"article\" \/>\n<meta property=\"og:title\" content=\"INOVU | Desk Mat (Bleu marine\/Jaune)\" \/>\n<meta property=\"og:description\" content=\"L&#039;INOVU Desk Mat est un superbe tapis de souris grand format double face en cuir synth\u00e9tique (cuir PU). Durable, agr\u00e9able au toucher et facile \u00e0 nettoyer, il offre une glisse fluide et conf\u00e8re \u00e0 votre bureau un design superbe et unique.\" \/>\n<meta property=\"og:url\" content=\"https:\/\/www.inov-u.com\/en\/products\/pc-peripherals\/mouse-pad\/desk-mat-bleu-marine-jaune\/\" \/>\n<meta property=\"og:site_name\" content=\"INOVU\" \/>\n<meta property=\"article:modified_time\" content=\"2025-10-28T10:45:16+00:00\" \/>\n<meta property=\"og:image\" content=\"https:\/\/www.inov-u.com\/wp-content\/uploads\/2024\/11\/DESKMAT_BJ_01.png\" \/>\n\t<meta property=\"og:image:width\" content=\"1000\" \/>\n\t<meta property=\"og:image:height\" content=\"1000\" \/>\n\t<meta property=\"og:image:type\" content=\"image\/png\" \/>\n<meta name=\"twitter:card\" content=\"summary_large_image\" \/>\n<meta name=\"twitter:label1\" content=\"Est. reading time\" \/>\n\t<meta name=\"twitter:data1\" content=\"1 minute\" \/>\n<script type=\"application\/ld+json\" class=\"yoast-schema-graph\">{\"@context\":\"https:\\\/\\\/schema.org\",\"@graph\":[{\"@type\":[\"WebPage\",\"ItemPage\"],\"@id\":\"https:\\\/\\\/www.inov-u.com\\\/en\\\/products\\\/pc-peripherals\\\/mouse-pad\\\/desk-mat-bleu-marine-jaune\\\/\",\"url\":\"https:\\\/\\\/www.inov-u.com\\\/en\\\/products\\\/pc-peripherals\\\/mouse-pad\\\/desk-mat-bleu-marine-jaune\\\/\",\"name\":\"INOVU | Desk Mat (Bleu marine\\\/Jaune)\",\"isPartOf\":{\"@id\":\"https:\\\/\\\/www.inov-u.com\\\/en\\\/#website\"},\"primaryImageOfPage\":{\"@id\":\"https:\\\/\\\/www.inov-u.com\\\/en\\\/products\\\/pc-peripherals\\\/mouse-pad\\\/desk-mat-bleu-marine-jaune\\\/#primaryimage\"},\"image\":{\"@id\":\"https:\\\/\\\/www.inov-u.com\\\/en\\\/products\\\/pc-peripherals\\\/mouse-pad\\\/desk-mat-bleu-marine-jaune\\\/#primaryimage\"},\"thumbnailUrl\":\"https:\\\/\\\/www.inov-u.com\\\/wp-content\\\/uploads\\\/2024\\\/11\\\/DESKMAT_BJ_01.png\",\"datePublished\":\"2024-11-19T14:22:51+00:00\",\"dateModified\":\"2025-10-28T10:45:16+00:00\",\"breadcrumb\":{\"@id\":\"https:\\\/\\\/www.inov-u.com\\\/en\\\/products\\\/pc-peripherals\\\/mouse-pad\\\/desk-mat-bleu-marine-jaune\\\/#breadcrumb\"},\"inLanguage\":\"en-US\",\"potentialAction\":[{\"@type\":\"ReadAction\",\"target\":[\"https:\\\/\\\/www.inov-u.com\\\/en\\\/products\\\/pc-peripherals\\\/mouse-pad\\\/desk-mat-bleu-marine-jaune\\\/\"]}]},{\"@type\":\"ImageObject\",\"inLanguage\":\"en-US\",\"@id\":\"https:\\\/\\\/www.inov-u.com\\\/en\\\/products\\\/pc-peripherals\\\/mouse-pad\\\/desk-mat-bleu-marine-jaune\\\/#primaryimage\",\"url\":\"https:\\\/\\\/www.inov-u.com\\\/wp-content\\\/uploads\\\/2024\\\/11\\\/DESKMAT_BJ_01.png\",\"contentUrl\":\"https:\\\/\\\/www.inov-u.com\\\/wp-content\\\/uploads\\\/2024\\\/11\\\/DESKMAT_BJ_01.png\",\"width\":1000,\"height\":1000,\"caption\":\"Tapis de souris bleu marine, design rectangulaire et minimaliste, pos\u00e9 sur fond blanc.\"},{\"@type\":\"BreadcrumbList\",\"@id\":\"https:\\\/\\\/www.inov-u.com\\\/en\\\/products\\\/pc-peripherals\\\/mouse-pad\\\/desk-mat-bleu-marine-jaune\\\/#breadcrumb\",\"itemListElement\":[{\"@type\":\"ListItem\",\"position\":1,\"name\":\"Home\",\"item\":\"https:\\\/\\\/www.inov-u.com\\\/en\\\/\"},{\"@type\":\"ListItem\",\"position\":2,\"name\":\"Products\",\"item\":\"https:\\\/\\\/www.inov-u.com\\\/nos-univers\\\/\"},{\"@type\":\"ListItem\",\"position\":3,\"name\":\"PC Peripherals\",\"item\":\"https:\\\/\\\/www.inov-u.com\\\/en\\\/nos-univers\\\/pc-peripherals\\\/\"},{\"@type\":\"ListItem\",\"position\":4,\"name\":\"Mouse Pad\",\"item\":\"https:\\\/\\\/www.inov-u.com\\\/en\\\/nos-univers\\\/pc-peripherals\\\/mouse-pad\\\/\"},{\"@type\":\"ListItem\",\"position\":5,\"name\":\"Desk Mat (Bleu marine\\\/Jaune)\"}]},{\"@type\":\"WebSite\",\"@id\":\"https:\\\/\\\/www.inov-u.com\\\/en\\\/#website\",\"url\":\"https:\\\/\\\/www.inov-u.com\\\/en\\\/\",\"name\":\"INOVU\",\"description\":\"L&#039;\u00e9quipement informatique du quotidien\",\"publisher\":{\"@id\":\"https:\\\/\\\/www.inov-u.com\\\/en\\\/#organization\"},\"potentialAction\":[{\"@type\":\"SearchAction\",\"target\":{\"@type\":\"EntryPoint\",\"urlTemplate\":\"https:\\\/\\\/www.inov-u.com\\\/en\\\/?s={search_term_string}\"},\"query-input\":{\"@type\":\"PropertyValueSpecification\",\"valueRequired\":true,\"valueName\":\"search_term_string\"}}],\"inLanguage\":\"en-US\"},{\"@type\":\"Organization\",\"@id\":\"https:\\\/\\\/www.inov-u.com\\\/en\\\/#organization\",\"name\":\"INOVU\",\"url\":\"https:\\\/\\\/www.inov-u.com\\\/en\\\/\",\"logo\":{\"@type\":\"ImageObject\",\"inLanguage\":\"en-US\",\"@id\":\"https:\\\/\\\/www.inov-u.com\\\/en\\\/#\\\/schema\\\/logo\\\/image\\\/\",\"url\":\"https:\\\/\\\/www.inov-u.com\\\/wp-content\\\/uploads\\\/2024\\\/02\\\/inovu_favicon.png\",\"contentUrl\":\"https:\\\/\\\/www.inov-u.com\\\/wp-content\\\/uploads\\\/2024\\\/02\\\/inovu_favicon.png\",\"width\":512,\"height\":512,\"caption\":\"INOVU\"},\"image\":{\"@id\":\"https:\\\/\\\/www.inov-u.com\\\/en\\\/#\\\/schema\\\/logo\\\/image\\\/\"}}]}<\/script>\n<!-- \/ Yoast SEO plugin. -->","yoast_head_json":{"title":"INOVU | Desk Mat (Bleu marine\/Jaune)","robots":{"index":"index","follow":"follow","max-snippet":"max-snippet:-1","max-image-preview":"max-image-preview:large","max-video-preview":"max-video-preview:-1"},"canonical":"https:\/\/www.inov-u.com\/en\/products\/pc-peripherals\/mouse-pad\/desk-mat-bleu-marine-jaune\/","og_locale":"en_US","og_type":"article","og_title":"INOVU | Desk Mat (Bleu marine\/Jaune)","og_description":"L'INOVU Desk Mat est un superbe tapis de souris grand format double face en cuir synth\u00e9tique (cuir PU). Durable, agr\u00e9able au toucher et facile \u00e0 nettoyer, il offre une glisse fluide et conf\u00e8re \u00e0 votre bureau un design superbe et unique.","og_url":"https:\/\/www.inov-u.com\/en\/products\/pc-peripherals\/mouse-pad\/desk-mat-bleu-marine-jaune\/","og_site_name":"INOVU","article_modified_time":"2025-10-28T10:45:16+00:00","og_image":[{"width":1000,"height":1000,"url":"https:\/\/www.inov-u.com\/wp-content\/uploads\/2024\/11\/DESKMAT_BJ_01.png","type":"image\/png"}],"twitter_card":"summary_large_image","twitter_misc":{"Est. reading time":"1 minute"},"schema":{"@context":"https:\/\/schema.org","@graph":[{"@type":["WebPage","ItemPage"],"@id":"https:\/\/www.inov-u.com\/en\/products\/pc-peripherals\/mouse-pad\/desk-mat-bleu-marine-jaune\/","url":"https:\/\/www.inov-u.com\/en\/products\/pc-peripherals\/mouse-pad\/desk-mat-bleu-marine-jaune\/","name":"INOVU | Desk Mat (Bleu marine\/Jaune)","isPartOf":{"@id":"https:\/\/www.inov-u.com\/en\/#website"},"primaryImageOfPage":{"@id":"https:\/\/www.inov-u.com\/en\/products\/pc-peripherals\/mouse-pad\/desk-mat-bleu-marine-jaune\/#primaryimage"},"image":{"@id":"https:\/\/www.inov-u.com\/en\/products\/pc-peripherals\/mouse-pad\/desk-mat-bleu-marine-jaune\/#primaryimage"},"thumbnailUrl":"https:\/\/www.inov-u.com\/wp-content\/uploads\/2024\/11\/DESKMAT_BJ_01.png","datePublished":"2024-11-19T14:22:51+00:00","dateModified":"2025-10-28T10:45:16+00:00","breadcrumb":{"@id":"https:\/\/www.inov-u.com\/en\/products\/pc-peripherals\/mouse-pad\/desk-mat-bleu-marine-jaune\/#breadcrumb"},"inLanguage":"en-US","potentialAction":[{"@type":"ReadAction","target":["https:\/\/www.inov-u.com\/en\/products\/pc-peripherals\/mouse-pad\/desk-mat-bleu-marine-jaune\/"]}]},{"@type":"ImageObject","inLanguage":"en-US","@id":"https:\/\/www.inov-u.com\/en\/products\/pc-peripherals\/mouse-pad\/desk-mat-bleu-marine-jaune\/#primaryimage","url":"https:\/\/www.inov-u.com\/wp-content\/uploads\/2024\/11\/DESKMAT_BJ_01.png","contentUrl":"https:\/\/www.inov-u.com\/wp-content\/uploads\/2024\/11\/DESKMAT_BJ_01.png","width":1000,"height":1000,"caption":"Tapis de souris bleu marine, design rectangulaire et minimaliste, pos\u00e9 sur fond blanc."},{"@type":"BreadcrumbList","@id":"https:\/\/www.inov-u.com\/en\/products\/pc-peripherals\/mouse-pad\/desk-mat-bleu-marine-jaune\/#breadcrumb","itemListElement":[{"@type":"ListItem","position":1,"name":"Home","item":"https:\/\/www.inov-u.com\/en\/"},{"@type":"ListItem","position":2,"name":"Products","item":"https:\/\/www.inov-u.com\/nos-univers\/"},{"@type":"ListItem","position":3,"name":"PC Peripherals","item":"https:\/\/www.inov-u.com\/en\/nos-univers\/pc-peripherals\/"},{"@type":"ListItem","position":4,"name":"Mouse Pad","item":"https:\/\/www.inov-u.com\/en\/nos-univers\/pc-peripherals\/mouse-pad\/"},{"@type":"ListItem","position":5,"name":"Desk Mat (Bleu marine\/Jaune)"}]},{"@type":"WebSite","@id":"https:\/\/www.inov-u.com\/en\/#website","url":"https:\/\/www.inov-u.com\/en\/","name":"INOVU","description":"L&#039;\u00e9quipement informatique du quotidien","publisher":{"@id":"https:\/\/www.inov-u.com\/en\/#organization"},"potentialAction":[{"@type":"SearchAction","target":{"@type":"EntryPoint","urlTemplate":"https:\/\/www.inov-u.com\/en\/?s={search_term_string}"},"query-input":{"@type":"PropertyValueSpecification","valueRequired":true,"valueName":"search_term_string"}}],"inLanguage":"en-US"},{"@type":"Organization","@id":"https:\/\/www.inov-u.com\/en\/#organization","name":"INOVU","url":"https:\/\/www.inov-u.com\/en\/","logo":{"@type":"ImageObject","inLanguage":"en-US","@id":"https:\/\/www.inov-u.com\/en\/#\/schema\/logo\/image\/","url":"https:\/\/www.inov-u.com\/wp-content\/uploads\/2024\/02\/inovu_favicon.png","contentUrl":"https:\/\/www.inov-u.com\/wp-content\/uploads\/2024\/02\/inovu_favicon.png","width":512,"height":512,"caption":"INOVU"},"image":{"@id":"https:\/\/www.inov-u.com\/en\/#\/schema\/logo\/image\/"}}]}},"_links":{"self":[{"href":"https:\/\/www.inov-u.com\/en\/wp-json\/wp\/v2\/product\/6339","targetHints":{"allow":["GET"]}}],"collection":[{"href":"https:\/\/www.inov-u.com\/en\/wp-json\/wp\/v2\/product"}],"about":[{"href":"https:\/\/www.inov-u.com\/en\/wp-json\/wp\/v2\/types\/product"}],"replies":[{"embeddable":true,"href":"https:\/\/www.inov-u.com\/en\/wp-json\/wp\/v2\/comments?post=6339"}],"version-history":[{"count":4,"href":"https:\/\/www.inov-u.com\/en\/wp-json\/wp\/v2\/product\/6339\/revisions"}],"predecessor-version":[{"id":10546,"href":"https:\/\/www.inov-u.com\/en\/wp-json\/wp\/v2\/product\/6339\/revisions\/10546"}],"wp:featuredmedia":[{"embeddable":true,"href":"https:\/\/www.inov-u.com\/en\/wp-json\/wp\/v2\/media\/6343"}],"wp:attachment":[{"href":"https:\/\/www.inov-u.com\/en\/wp-json\/wp\/v2\/media?parent=6339"}],"wp:term":[{"taxonomy":"product_brand","embeddable":true,"href":"https:\/\/www.inov-u.com\/en\/wp-json\/wp\/v2\/product_brand?post=6339"},{"taxonomy":"product_cat","embeddable":true,"href":"https:\/\/www.inov-u.com\/en\/wp-json\/wp\/v2\/product_cat?post=6339"},{"taxonomy":"product_tag","embeddable":true,"href":"https:\/\/www.inov-u.com\/en\/wp-json\/wp\/v2\/product_tag?post=6339"}],"curies":[{"name":"wp","href":"https:\/\/api.w.org\/{rel}","templated":true}]}}