{"id":6427,"date":"2024-11-19T16:13:26","date_gmt":"2024-11-19T15:13:26","guid":{"rendered":"https:\/\/www.inov-u.com\/?post_type=product&#038;p=6427"},"modified":"2025-04-28T14:27:51","modified_gmt":"2025-04-28T12:27:51","slug":"fm-1600-blanc","status":"publish","type":"product","link":"https:\/\/www.inov-u.com\/en\/products\/pc-peripherals\/mouse\/fm-1600-blanc\/","title":{"rendered":"FM 1600 (Blanc)"},"content":{"rendered":"\t\t<div data-elementor-type=\"container\" data-elementor-id=\"6434\" class=\"elementor elementor-6434\" data-elementor-post-type=\"elementor_library\">\n\t\t\t\t<div class=\"elementor-element elementor-element-7975e6c e-con-full e-flex e-con e-parent\" data-id=\"7975e6c\" data-element_type=\"container\" data-e-type=\"container\">\n\t\t<div class=\"elementor-element elementor-element-8f159db e-con-full e-flex e-con e-child\" data-id=\"8f159db\" data-element_type=\"container\" data-e-type=\"container\">\n\t\t<div class=\"elementor-element elementor-element-be6fc47 e-con-full e-flex e-con e-child\" data-id=\"be6fc47\" data-element_type=\"container\" data-e-type=\"container\">\n\t\t\t\t<div class=\"elementor-element elementor-element-b2d585c elementor-widget elementor-widget-heading\" data-id=\"b2d585c\" data-element_type=\"widget\" data-e-type=\"widget\" data-widget_type=\"heading.default\">\n\t\t\t\t<div class=\"elementor-widget-container\">\n\t\t\t\t\t<h2 class=\"elementor-heading-title elementor-size-default\">La souris filaire essentielle<\/h2>\t\t\t\t<\/div>\n\t\t\t\t<\/div>\n\t\t\t\t<div class=\"elementor-element elementor-element-2602b25 elementor-widget elementor-widget-text-editor\" data-id=\"2602b25\" data-element_type=\"widget\" data-e-type=\"widget\" data-widget_type=\"text-editor.default\">\n\t\t\t\t<div class=\"elementor-widget-container\">\n\t\t\t\t\t\t\t\t\t<p>La<strong>\u00a0INOVU FM 1600<\/strong>\u00a0est la\u00a0<strong>souris filaire USB essentielle<\/strong>\u00a0par excellence.\u00a0<strong>L\u00e9g\u00e8re<\/strong>,\u00a0<strong>efficace<\/strong>,\u00a0<strong>pr\u00e9cise\u00a0<\/strong>et\u00a0<strong>facile \u00e0 prendre en main<\/strong>, elle est id\u00e9ale pour un\u00a0<strong>usage quotidien<\/strong>\u00a0au bureau comme \u00e0 la maison.\u00a0<strong>Design\u00a0<\/strong>et\u00a0<strong>pratique<\/strong>, elle conviendra aussi bien aux droitiers qu&#8217;aux gauchers gr\u00e2ce \u00e0 sa\u00a0<strong>conception ambidextre<\/strong>. Son<strong>\u00a0capteur optique pr\u00e9cis et r\u00e9glable<\/strong>\u00a0(800, 1200 ou 1600 dpi) lui permet de s&#8217;adapter \u00e0 toutes les situations et \u00e0 tous les usages.<\/p>\t\t\t\t\t\t\t\t<\/div>\n\t\t\t\t<\/div>\n\t\t\t\t<\/div>\n\t\t\t\t<\/div>\n\t\t<div class=\"elementor-element elementor-element-757efc9 e-con-full e-flex e-con e-child\" data-id=\"757efc9\" data-element_type=\"container\" data-e-type=\"container\">\n\t\t<div class=\"elementor-element elementor-element-e18eb3e e-con-full e-flex e-con e-child\" data-id=\"e18eb3e\" data-element_type=\"container\" data-e-type=\"container\">\n\t\t\t\t<div class=\"elementor-element elementor-element-5712476 elementor-widget elementor-widget-image\" data-id=\"5712476\" data-element_type=\"widget\" data-e-type=\"widget\" data-widget_type=\"image.default\">\n\t\t\t\t<div class=\"elementor-widget-container\">\n\t\t\t\t\t\t\t\t\t\t\t\t\t\t\t<img fetchpriority=\"high\" decoding=\"async\" width=\"800\" height=\"800\" src=\"https:\/\/www.inov-u.com\/wp-content\/uploads\/2024\/11\/FM1600_white_03.png\" class=\"attachment-large size-large wp-image-6432\" alt=\"Souris filaire blanche pos\u00e9e sur un tapis de bureau noir, \u00e0 c\u00f4t\u00e9 d&#039;un clavier assorti.\" srcset=\"https:\/\/www.inov-u.com\/wp-content\/uploads\/2024\/11\/FM1600_white_03.png 1000w, https:\/\/www.inov-u.com\/wp-content\/uploads\/2024\/11\/FM1600_white_03-300x300.png 300w, https:\/\/www.inov-u.com\/wp-content\/uploads\/2024\/11\/FM1600_white_03-150x150.png 150w, https:\/\/www.inov-u.com\/wp-content\/uploads\/2024\/11\/FM1600_white_03-768x768.png 768w, https:\/\/www.inov-u.com\/wp-content\/uploads\/2024\/11\/FM1600_white_03-700x700.png 700w, https:\/\/www.inov-u.com\/wp-content\/uploads\/2024\/11\/FM1600_white_03-600x600.png 600w, https:\/\/www.inov-u.com\/wp-content\/uploads\/2024\/11\/FM1600_white_03-100x100.png 100w\" sizes=\"(max-width: 800px) 100vw, 800px\" \/>\t\t\t\t\t\t\t\t\t\t\t\t\t\t\t<\/div>\n\t\t\t\t<\/div>\n\t\t\t\t<\/div>\n\t\t<div class=\"elementor-element elementor-element-e7f55b7 e-con-full e-flex e-con e-child\" data-id=\"e7f55b7\" data-element_type=\"container\" data-e-type=\"container\">\n\t\t\t\t<div class=\"elementor-element elementor-element-d9d7e98 elementor-widget elementor-widget-heading\" data-id=\"d9d7e98\" data-element_type=\"widget\" data-e-type=\"widget\" data-widget_type=\"heading.default\">\n\t\t\t\t<div class=\"elementor-widget-container\">\n\t\t\t\t\t<h2 class=\"elementor-heading-title elementor-size-default\">Une souris \u00e0 mettre entre toutes les mains<\/h2>\t\t\t\t<\/div>\n\t\t\t\t<\/div>\n\t\t\t\t<div class=\"elementor-element elementor-element-21ee8a3 elementor-widget elementor-widget-text-editor\" data-id=\"21ee8a3\" data-element_type=\"widget\" data-e-type=\"widget\" data-widget_type=\"text-editor.default\">\n\t\t\t\t<div class=\"elementor-widget-container\">\n\t\t\t\t\t\t\t\t\t<p>L&#8217;<strong>INOVU FM 1600<\/strong>\u00a0est une souris filaire con\u00e7ue pour convenir au plus grand nombre. Sa forme agr\u00e9able favorise une bonne pr\u00e9hension, son design ambidextre permet aux droitiers comme aux gauchers de pouvoir l&#8217;utiliser. Elle est \u00e9quip\u00e9e de 4 boutons et d&#8217;une molette agr\u00e9able au toucher. Son capteur optique 1600 dpi offre une grande pr\u00e9cision. Agr\u00e9able \u00e0 utiliser et robuste, elle a \u00e9t\u00e9 pens\u00e9e et con\u00e7ue pour durer.<\/p><ul><li>Technologie de connexion : Filaire (USB)<\/li><li>Fonctionnement Plug &amp; Play<\/li><li>4 boutons (dont molette)<\/li><li>Molette bidirectionnelle<\/li><li>Capteur optique 800\/1200\/1600 dpi<\/li><li>LED blanche discr\u00e8te<\/li><li>Bouton On\/Off<\/li><li>Bo\u00eetier ABS<\/li><li>Cordon 1.5 m<\/li><li>Dimensions :\u00a0109 x 61 x 37 mm<\/li><li>Poids : 90 gr<\/li><\/ul>\t\t\t\t\t\t\t\t<\/div>\n\t\t\t\t<\/div>\n\t\t\t\t<\/div>\n\t\t\t\t<\/div>\n\t\t\t\t<\/div>\n\t\t\t\t<\/div>\n\t\t\n","protected":false},"excerpt":{"rendered":"<p>La INOVU FM 1600 est la souris filaire USB essentielle par excellence. L\u00e9g\u00e8re, efficace, pr\u00e9cise et facile \u00e0 prendre en main, elle est id\u00e9ale pour un usage quotidien au bureau comme \u00e0 la maison. Design et pratique, elle conviendra aussi bien aux droitiers qu&#8217;aux gauchers.<\/p>\n","protected":false},"featured_media":6430,"comment_status":"open","ping_status":"closed","template":"","meta":{"_acf_changed":false},"product_brand":[],"product_cat":[28],"product_tag":[],"class_list":{"0":"post-6427","1":"product","2":"type-product","3":"status-publish","4":"has-post-thumbnail","6":"product_cat-souris","8":"first","9":"instock","10":"shipping-taxable","11":"product-type-simple"},"acf":[],"yoast_head":"<!-- This site is optimized with the Yoast SEO plugin v27.4 - https:\/\/yoast.com\/product\/yoast-seo-wordpress\/ -->\n<title>INOVU | FM 1600 (Blanc)<\/title>\n<meta name=\"robots\" content=\"index, follow, max-snippet:-1, max-image-preview:large, max-video-preview:-1\" \/>\n<link rel=\"canonical\" href=\"https:\/\/www.inov-u.com\/en\/products\/pc-peripherals\/mouse\/fm-1600-blanc\/\" \/>\n<meta property=\"og:locale\" content=\"en_US\" \/>\n<meta property=\"og:type\" content=\"article\" \/>\n<meta property=\"og:title\" content=\"INOVU | FM 1600 (Blanc)\" \/>\n<meta property=\"og:description\" content=\"La INOVU FM 1600 est la souris filaire USB essentielle par excellence. L\u00e9g\u00e8re, efficace, pr\u00e9cise et facile \u00e0 prendre en main, elle est id\u00e9ale pour un usage quotidien au bureau comme \u00e0 la maison. Design et pratique, elle conviendra aussi bien aux droitiers qu&#039;aux gauchers.\" \/>\n<meta property=\"og:url\" content=\"https:\/\/www.inov-u.com\/en\/products\/pc-peripherals\/mouse\/fm-1600-blanc\/\" \/>\n<meta property=\"og:site_name\" content=\"INOVU\" \/>\n<meta property=\"article:modified_time\" content=\"2025-04-28T12:27:51+00:00\" \/>\n<meta property=\"og:image\" content=\"https:\/\/www.inov-u.com\/wp-content\/uploads\/2024\/11\/FM1600_white_01.png\" \/>\n\t<meta property=\"og:image:width\" content=\"1000\" \/>\n\t<meta property=\"og:image:height\" content=\"1000\" \/>\n\t<meta property=\"og:image:type\" content=\"image\/png\" \/>\n<meta name=\"twitter:card\" content=\"summary_large_image\" \/>\n<meta name=\"twitter:label1\" content=\"Est. reading time\" \/>\n\t<meta name=\"twitter:data1\" content=\"1 minute\" \/>\n<script type=\"application\/ld+json\" class=\"yoast-schema-graph\">{\"@context\":\"https:\\\/\\\/schema.org\",\"@graph\":[{\"@type\":[\"WebPage\",\"ItemPage\"],\"@id\":\"https:\\\/\\\/www.inov-u.com\\\/en\\\/products\\\/pc-peripherals\\\/mouse\\\/fm-1600-blanc\\\/\",\"url\":\"https:\\\/\\\/www.inov-u.com\\\/en\\\/products\\\/pc-peripherals\\\/mouse\\\/fm-1600-blanc\\\/\",\"name\":\"INOVU | FM 1600 (Blanc)\",\"isPartOf\":{\"@id\":\"https:\\\/\\\/www.inov-u.com\\\/en\\\/#website\"},\"primaryImageOfPage\":{\"@id\":\"https:\\\/\\\/www.inov-u.com\\\/en\\\/products\\\/pc-peripherals\\\/mouse\\\/fm-1600-blanc\\\/#primaryimage\"},\"image\":{\"@id\":\"https:\\\/\\\/www.inov-u.com\\\/en\\\/products\\\/pc-peripherals\\\/mouse\\\/fm-1600-blanc\\\/#primaryimage\"},\"thumbnailUrl\":\"https:\\\/\\\/www.inov-u.com\\\/wp-content\\\/uploads\\\/2024\\\/11\\\/FM1600_white_01.png\",\"datePublished\":\"2024-11-19T15:13:26+00:00\",\"dateModified\":\"2025-04-28T12:27:51+00:00\",\"breadcrumb\":{\"@id\":\"https:\\\/\\\/www.inov-u.com\\\/en\\\/products\\\/pc-peripherals\\\/mouse\\\/fm-1600-blanc\\\/#breadcrumb\"},\"inLanguage\":\"en-US\",\"potentialAction\":[{\"@type\":\"ReadAction\",\"target\":[\"https:\\\/\\\/www.inov-u.com\\\/en\\\/products\\\/pc-peripherals\\\/mouse\\\/fm-1600-blanc\\\/\"]}]},{\"@type\":\"ImageObject\",\"inLanguage\":\"en-US\",\"@id\":\"https:\\\/\\\/www.inov-u.com\\\/en\\\/products\\\/pc-peripherals\\\/mouse\\\/fm-1600-blanc\\\/#primaryimage\",\"url\":\"https:\\\/\\\/www.inov-u.com\\\/wp-content\\\/uploads\\\/2024\\\/11\\\/FM1600_white_01.png\",\"contentUrl\":\"https:\\\/\\\/www.inov-u.com\\\/wp-content\\\/uploads\\\/2024\\\/11\\\/FM1600_white_01.png\",\"width\":1000,\"height\":1000,\"caption\":\"Souris filaire blanche, design minimaliste, vue de dessus sur fond blanc.\"},{\"@type\":\"BreadcrumbList\",\"@id\":\"https:\\\/\\\/www.inov-u.com\\\/en\\\/products\\\/pc-peripherals\\\/mouse\\\/fm-1600-blanc\\\/#breadcrumb\",\"itemListElement\":[{\"@type\":\"ListItem\",\"position\":1,\"name\":\"Home\",\"item\":\"https:\\\/\\\/www.inov-u.com\\\/en\\\/\"},{\"@type\":\"ListItem\",\"position\":2,\"name\":\"Products\",\"item\":\"https:\\\/\\\/www.inov-u.com\\\/nos-univers\\\/\"},{\"@type\":\"ListItem\",\"position\":3,\"name\":\"PC Peripherals\",\"item\":\"https:\\\/\\\/www.inov-u.com\\\/en\\\/nos-univers\\\/pc-peripherals\\\/\"},{\"@type\":\"ListItem\",\"position\":4,\"name\":\"Mouse\",\"item\":\"https:\\\/\\\/www.inov-u.com\\\/en\\\/nos-univers\\\/pc-peripherals\\\/mouse\\\/\"},{\"@type\":\"ListItem\",\"position\":5,\"name\":\"FM 1600 (Blanc)\"}]},{\"@type\":\"WebSite\",\"@id\":\"https:\\\/\\\/www.inov-u.com\\\/en\\\/#website\",\"url\":\"https:\\\/\\\/www.inov-u.com\\\/en\\\/\",\"name\":\"INOVU\",\"description\":\"L&#039;\u00e9quipement informatique du quotidien\",\"publisher\":{\"@id\":\"https:\\\/\\\/www.inov-u.com\\\/en\\\/#organization\"},\"potentialAction\":[{\"@type\":\"SearchAction\",\"target\":{\"@type\":\"EntryPoint\",\"urlTemplate\":\"https:\\\/\\\/www.inov-u.com\\\/en\\\/?s={search_term_string}\"},\"query-input\":{\"@type\":\"PropertyValueSpecification\",\"valueRequired\":true,\"valueName\":\"search_term_string\"}}],\"inLanguage\":\"en-US\"},{\"@type\":\"Organization\",\"@id\":\"https:\\\/\\\/www.inov-u.com\\\/en\\\/#organization\",\"name\":\"INOVU\",\"url\":\"https:\\\/\\\/www.inov-u.com\\\/en\\\/\",\"logo\":{\"@type\":\"ImageObject\",\"inLanguage\":\"en-US\",\"@id\":\"https:\\\/\\\/www.inov-u.com\\\/en\\\/#\\\/schema\\\/logo\\\/image\\\/\",\"url\":\"https:\\\/\\\/www.inov-u.com\\\/wp-content\\\/uploads\\\/2024\\\/02\\\/inovu_favicon.png\",\"contentUrl\":\"https:\\\/\\\/www.inov-u.com\\\/wp-content\\\/uploads\\\/2024\\\/02\\\/inovu_favicon.png\",\"width\":512,\"height\":512,\"caption\":\"INOVU\"},\"image\":{\"@id\":\"https:\\\/\\\/www.inov-u.com\\\/en\\\/#\\\/schema\\\/logo\\\/image\\\/\"}}]}<\/script>\n<!-- \/ Yoast SEO plugin. -->","yoast_head_json":{"title":"INOVU | FM 1600 (Blanc)","robots":{"index":"index","follow":"follow","max-snippet":"max-snippet:-1","max-image-preview":"max-image-preview:large","max-video-preview":"max-video-preview:-1"},"canonical":"https:\/\/www.inov-u.com\/en\/products\/pc-peripherals\/mouse\/fm-1600-blanc\/","og_locale":"en_US","og_type":"article","og_title":"INOVU | FM 1600 (Blanc)","og_description":"La INOVU FM 1600 est la souris filaire USB essentielle par excellence. L\u00e9g\u00e8re, efficace, pr\u00e9cise et facile \u00e0 prendre en main, elle est id\u00e9ale pour un usage quotidien au bureau comme \u00e0 la maison. Design et pratique, elle conviendra aussi bien aux droitiers qu'aux gauchers.","og_url":"https:\/\/www.inov-u.com\/en\/products\/pc-peripherals\/mouse\/fm-1600-blanc\/","og_site_name":"INOVU","article_modified_time":"2025-04-28T12:27:51+00:00","og_image":[{"width":1000,"height":1000,"url":"https:\/\/www.inov-u.com\/wp-content\/uploads\/2024\/11\/FM1600_white_01.png","type":"image\/png"}],"twitter_card":"summary_large_image","twitter_misc":{"Est. reading time":"1 minute"},"schema":{"@context":"https:\/\/schema.org","@graph":[{"@type":["WebPage","ItemPage"],"@id":"https:\/\/www.inov-u.com\/en\/products\/pc-peripherals\/mouse\/fm-1600-blanc\/","url":"https:\/\/www.inov-u.com\/en\/products\/pc-peripherals\/mouse\/fm-1600-blanc\/","name":"INOVU | FM 1600 (Blanc)","isPartOf":{"@id":"https:\/\/www.inov-u.com\/en\/#website"},"primaryImageOfPage":{"@id":"https:\/\/www.inov-u.com\/en\/products\/pc-peripherals\/mouse\/fm-1600-blanc\/#primaryimage"},"image":{"@id":"https:\/\/www.inov-u.com\/en\/products\/pc-peripherals\/mouse\/fm-1600-blanc\/#primaryimage"},"thumbnailUrl":"https:\/\/www.inov-u.com\/wp-content\/uploads\/2024\/11\/FM1600_white_01.png","datePublished":"2024-11-19T15:13:26+00:00","dateModified":"2025-04-28T12:27:51+00:00","breadcrumb":{"@id":"https:\/\/www.inov-u.com\/en\/products\/pc-peripherals\/mouse\/fm-1600-blanc\/#breadcrumb"},"inLanguage":"en-US","potentialAction":[{"@type":"ReadAction","target":["https:\/\/www.inov-u.com\/en\/products\/pc-peripherals\/mouse\/fm-1600-blanc\/"]}]},{"@type":"ImageObject","inLanguage":"en-US","@id":"https:\/\/www.inov-u.com\/en\/products\/pc-peripherals\/mouse\/fm-1600-blanc\/#primaryimage","url":"https:\/\/www.inov-u.com\/wp-content\/uploads\/2024\/11\/FM1600_white_01.png","contentUrl":"https:\/\/www.inov-u.com\/wp-content\/uploads\/2024\/11\/FM1600_white_01.png","width":1000,"height":1000,"caption":"Souris filaire blanche, design minimaliste, vue de dessus sur fond blanc."},{"@type":"BreadcrumbList","@id":"https:\/\/www.inov-u.com\/en\/products\/pc-peripherals\/mouse\/fm-1600-blanc\/#breadcrumb","itemListElement":[{"@type":"ListItem","position":1,"name":"Home","item":"https:\/\/www.inov-u.com\/en\/"},{"@type":"ListItem","position":2,"name":"Products","item":"https:\/\/www.inov-u.com\/nos-univers\/"},{"@type":"ListItem","position":3,"name":"PC Peripherals","item":"https:\/\/www.inov-u.com\/en\/nos-univers\/pc-peripherals\/"},{"@type":"ListItem","position":4,"name":"Mouse","item":"https:\/\/www.inov-u.com\/en\/nos-univers\/pc-peripherals\/mouse\/"},{"@type":"ListItem","position":5,"name":"FM 1600 (Blanc)"}]},{"@type":"WebSite","@id":"https:\/\/www.inov-u.com\/en\/#website","url":"https:\/\/www.inov-u.com\/en\/","name":"INOVU","description":"L&#039;\u00e9quipement informatique du quotidien","publisher":{"@id":"https:\/\/www.inov-u.com\/en\/#organization"},"potentialAction":[{"@type":"SearchAction","target":{"@type":"EntryPoint","urlTemplate":"https:\/\/www.inov-u.com\/en\/?s={search_term_string}"},"query-input":{"@type":"PropertyValueSpecification","valueRequired":true,"valueName":"search_term_string"}}],"inLanguage":"en-US"},{"@type":"Organization","@id":"https:\/\/www.inov-u.com\/en\/#organization","name":"INOVU","url":"https:\/\/www.inov-u.com\/en\/","logo":{"@type":"ImageObject","inLanguage":"en-US","@id":"https:\/\/www.inov-u.com\/en\/#\/schema\/logo\/image\/","url":"https:\/\/www.inov-u.com\/wp-content\/uploads\/2024\/02\/inovu_favicon.png","contentUrl":"https:\/\/www.inov-u.com\/wp-content\/uploads\/2024\/02\/inovu_favicon.png","width":512,"height":512,"caption":"INOVU"},"image":{"@id":"https:\/\/www.inov-u.com\/en\/#\/schema\/logo\/image\/"}}]}},"_links":{"self":[{"href":"https:\/\/www.inov-u.com\/en\/wp-json\/wp\/v2\/product\/6427","targetHints":{"allow":["GET"]}}],"collection":[{"href":"https:\/\/www.inov-u.com\/en\/wp-json\/wp\/v2\/product"}],"about":[{"href":"https:\/\/www.inov-u.com\/en\/wp-json\/wp\/v2\/types\/product"}],"replies":[{"embeddable":true,"href":"https:\/\/www.inov-u.com\/en\/wp-json\/wp\/v2\/comments?post=6427"}],"version-history":[{"count":1,"href":"https:\/\/www.inov-u.com\/en\/wp-json\/wp\/v2\/product\/6427\/revisions"}],"predecessor-version":[{"id":9952,"href":"https:\/\/www.inov-u.com\/en\/wp-json\/wp\/v2\/product\/6427\/revisions\/9952"}],"wp:featuredmedia":[{"embeddable":true,"href":"https:\/\/www.inov-u.com\/en\/wp-json\/wp\/v2\/media\/6430"}],"wp:attachment":[{"href":"https:\/\/www.inov-u.com\/en\/wp-json\/wp\/v2\/media?parent=6427"}],"wp:term":[{"taxonomy":"product_brand","embeddable":true,"href":"https:\/\/www.inov-u.com\/en\/wp-json\/wp\/v2\/product_brand?post=6427"},{"taxonomy":"product_cat","embeddable":true,"href":"https:\/\/www.inov-u.com\/en\/wp-json\/wp\/v2\/product_cat?post=6427"},{"taxonomy":"product_tag","embeddable":true,"href":"https:\/\/www.inov-u.com\/en\/wp-json\/wp\/v2\/product_tag?post=6427"}],"curies":[{"name":"wp","href":"https:\/\/api.w.org\/{rel}","templated":true}]}}