{"id":6527,"date":"2024-11-20T11:24:00","date_gmt":"2024-11-20T10:24:00","guid":{"rendered":"https:\/\/www.inov-u.com\/?post_type=product&#038;p=6527"},"modified":"2025-04-29T09:13:53","modified_gmt":"2025-04-29T07:13:53","slug":"chargeur-secteur-usb-c-100-w-power-delivery-gan","status":"publish","type":"product","link":"https:\/\/www.inov-u.com\/en\/products\/accessories\/power-adapter\/chargeur-secteur-usb-c-100-w-power-delivery-gan\/","title":{"rendered":"Chargeur Secteur USB-C 100 W Power Delivery GaN"},"content":{"rendered":"\t\t<div data-elementor-type=\"container\" data-elementor-id=\"6525\" class=\"elementor elementor-6525\" data-elementor-post-type=\"elementor_library\">\n\t\t\t\t<div class=\"elementor-element elementor-element-7975e6c e-con-full e-flex e-con e-parent\" data-id=\"7975e6c\" data-element_type=\"container\" data-e-type=\"container\">\n\t\t<div class=\"elementor-element elementor-element-8f159db e-con-full e-flex e-con e-child\" data-id=\"8f159db\" data-element_type=\"container\" data-e-type=\"container\">\n\t\t<div class=\"elementor-element elementor-element-be6fc47 e-con-full e-flex e-con e-child\" data-id=\"be6fc47\" data-element_type=\"container\" data-e-type=\"container\">\n\t\t\t\t<div class=\"elementor-element elementor-element-b2d585c elementor-widget elementor-widget-heading\" data-id=\"b2d585c\" data-element_type=\"widget\" data-e-type=\"widget\" data-widget_type=\"heading.default\">\n\t\t\t\t<div class=\"elementor-widget-container\">\n\t\t\t\t\t<h2 class=\"elementor-heading-title elementor-size-default\">Un chargeur \u00e9conomique, pratique et rapide<\/h2>\t\t\t\t<\/div>\n\t\t\t\t<\/div>\n\t\t\t\t<div class=\"elementor-element elementor-element-2602b25 elementor-widget elementor-widget-text-editor\" data-id=\"2602b25\" data-element_type=\"widget\" data-e-type=\"widget\" data-widget_type=\"text-editor.default\">\n\t\t\t\t<div class=\"elementor-widget-container\">\n\t\t\t\t\t\t\t\t\t<p>Rechargez efficacement votre smartphone et votre tablette gr\u00e2ce \u00e0 ce\u00a0<strong>chargeur mural INOVU 100 W USB-C PD GaN<\/strong>. Tr\u00e8s performant, il a \u00e9t\u00e9 con\u00e7u \u00e0 partir de nitrure de gallium (GaN) pour vous faire b\u00e9n\u00e9ficier d&#8217;une charge extr\u00eamement rapide et toujours plus s\u00fbre. Dot\u00e9 de deux ports USB-C Power Delivery d\u00e9livrant une puissance de sortie totale de 100 W et d&#8217;un port USB-A de 18 W, il peut alimenter efficacement n&#8217;importe quel smartphone, tablette ou console de jeu vid\u00e9o portable \u00e9quip\u00e9e d&#8217;un port USB-C.<\/p>\t\t\t\t\t\t\t\t<\/div>\n\t\t\t\t<\/div>\n\t\t\t\t<\/div>\n\t\t\t\t<\/div>\n\t\t<div class=\"elementor-element elementor-element-757efc9 e-con-full e-flex e-con e-child\" data-id=\"757efc9\" data-element_type=\"container\" data-e-type=\"container\">\n\t\t<div class=\"elementor-element elementor-element-e18eb3e e-con-full e-flex e-con e-child\" data-id=\"e18eb3e\" data-element_type=\"container\" data-e-type=\"container\">\n\t\t\t\t<div class=\"elementor-element elementor-element-5712476 elementor-widget elementor-widget-image\" data-id=\"5712476\" data-element_type=\"widget\" data-e-type=\"widget\" data-widget_type=\"image.default\">\n\t\t\t\t<div class=\"elementor-widget-container\">\n\t\t\t\t\t\t\t\t\t\t\t\t\t\t\t<img fetchpriority=\"high\" decoding=\"async\" width=\"800\" height=\"800\" src=\"https:\/\/www.inov-u.com\/wp-content\/uploads\/2024\/11\/chargeur100W_01.png\" class=\"attachment-large size-large wp-image-8862\" alt=\"\" srcset=\"https:\/\/www.inov-u.com\/wp-content\/uploads\/2024\/11\/chargeur100W_01.png 1000w, https:\/\/www.inov-u.com\/wp-content\/uploads\/2024\/11\/chargeur100W_01-300x300.png 300w, https:\/\/www.inov-u.com\/wp-content\/uploads\/2024\/11\/chargeur100W_01-150x150.png 150w, https:\/\/www.inov-u.com\/wp-content\/uploads\/2024\/11\/chargeur100W_01-768x768.png 768w, https:\/\/www.inov-u.com\/wp-content\/uploads\/2024\/11\/chargeur100W_01-700x700.png 700w, https:\/\/www.inov-u.com\/wp-content\/uploads\/2024\/11\/chargeur100W_01-600x600.png 600w, https:\/\/www.inov-u.com\/wp-content\/uploads\/2024\/11\/chargeur100W_01-100x100.png 100w\" sizes=\"(max-width: 800px) 100vw, 800px\" \/>\t\t\t\t\t\t\t\t\t\t\t\t\t\t\t<\/div>\n\t\t\t\t<\/div>\n\t\t\t\t<\/div>\n\t\t<div class=\"elementor-element elementor-element-e7f55b7 e-con-full e-flex e-con e-child\" data-id=\"e7f55b7\" data-element_type=\"container\" data-e-type=\"container\">\n\t\t\t\t<div class=\"elementor-element elementor-element-d9d7e98 elementor-widget elementor-widget-heading\" data-id=\"d9d7e98\" data-element_type=\"widget\" data-e-type=\"widget\" data-widget_type=\"heading.default\">\n\t\t\t\t<div class=\"elementor-widget-container\">\n\t\t\t\t\t<h2 class=\"elementor-heading-title elementor-size-default\">Caract\u00e9ristiques techniques<\/h2>\t\t\t\t<\/div>\n\t\t\t\t<\/div>\n\t\t\t\t<div class=\"elementor-element elementor-element-21ee8a3 elementor-widget elementor-widget-text-editor\" data-id=\"21ee8a3\" data-element_type=\"widget\" data-e-type=\"widget\" data-widget_type=\"text-editor.default\">\n\t\t\t\t<div class=\"elementor-widget-container\">\n\t\t\t\t\t\t\t\t\t<ul><li>Chargeur secteur<\/li><li>Permet de charger 2\u00a0appareils simultan\u00e9ment<\/li><li>Id\u00e9al pour charger smartphone, tablette, console portable&#8230;<\/li><li><strong>Avec 2 ports USB-C offrant une puissance totale de\u00a0100\u00a0W et un port USB-A 18 W<\/strong><\/li><li>Technologie Power\u00a0Delivery offrant jusqu\u2019\u00e0 100 W de puissance pour votre smartphone<\/li><li>Chargeur certifi\u00e9 USB-C\u00a0PD\u00a0GaN (nitrure de gallium)<\/li><li>Charge rapide avec le c\u00e2ble USB-C\u00a0(vendu s\u00e9par\u00e9ment)<\/li><li>Compact et facile \u00e0 transporter<\/li><li>Coloris : Blanc<\/li><li>Dimensions : 34 x 69 x 107 mm<\/li><\/ul>\t\t\t\t\t\t\t\t<\/div>\n\t\t\t\t<\/div>\n\t\t\t\t<\/div>\n\t\t\t\t<\/div>\n\t\t\t\t<\/div>\n\t\t\t\t<\/div>\n\t\t\n","protected":false},"excerpt":{"rendered":"<p>Rechargez efficacement votre smartphone et votre tablette gr\u00e2ce \u00e0 ce\u00a0chargeur mural INOVU 100 W USB-C PD GaN. Tr\u00e8s performant, il a \u00e9t\u00e9 con\u00e7u \u00e0 partir de nitrure de gallium (GaN) pour vous faire b\u00e9n\u00e9ficier d&#8217;une charge extr\u00eamement rapide et toujours plus s\u00fbre. Dot\u00e9 de deux ports USB-C Power Delivery<\/p>\n","protected":false},"featured_media":6546,"comment_status":"open","ping_status":"closed","template":"","meta":{"_acf_changed":false},"product_brand":[],"product_cat":[44],"product_tag":[],"class_list":{"0":"post-6527","1":"product","2":"type-product","3":"status-publish","4":"has-post-thumbnail","6":"product_cat-chargeur-secteur","8":"first","9":"instock","10":"shipping-taxable","11":"product-type-simple"},"acf":[],"yoast_head":"<!-- This site is optimized with the Yoast SEO plugin v27.4 - https:\/\/yoast.com\/product\/yoast-seo-wordpress\/ -->\n<title>INOVU | Chargeur Secteur USB-C 100 W Power Delivery GaN<\/title>\n<meta name=\"robots\" content=\"index, follow, max-snippet:-1, max-image-preview:large, max-video-preview:-1\" \/>\n<link rel=\"canonical\" href=\"https:\/\/www.inov-u.com\/en\/products\/accessories\/power-adapter\/chargeur-secteur-usb-c-100-w-power-delivery-gan\/\" \/>\n<meta property=\"og:locale\" content=\"en_US\" \/>\n<meta property=\"og:type\" content=\"article\" \/>\n<meta property=\"og:title\" content=\"INOVU | Chargeur Secteur USB-C 100 W Power Delivery GaN\" \/>\n<meta property=\"og:description\" content=\"Rechargez efficacement votre smartphone et votre tablette gr\u00e2ce \u00e0 ce\u00a0chargeur mural INOVU 100 W USB-C PD GaN. Tr\u00e8s performant, il a \u00e9t\u00e9 con\u00e7u \u00e0 partir de nitrure de gallium (GaN) pour vous faire b\u00e9n\u00e9ficier d&#039;une charge extr\u00eamement rapide et toujours plus s\u00fbre. Dot\u00e9 de deux ports USB-C Power Delivery\" \/>\n<meta property=\"og:url\" content=\"https:\/\/www.inov-u.com\/en\/products\/accessories\/power-adapter\/chargeur-secteur-usb-c-100-w-power-delivery-gan\/\" \/>\n<meta property=\"og:site_name\" content=\"INOVU\" \/>\n<meta property=\"article:modified_time\" content=\"2025-04-29T07:13:53+00:00\" \/>\n<meta property=\"og:image\" content=\"https:\/\/www.inov-u.com\/wp-content\/uploads\/2024\/11\/chargeur100W_01.png\" \/>\n\t<meta property=\"og:image:width\" content=\"1000\" \/>\n\t<meta property=\"og:image:height\" content=\"1000\" \/>\n\t<meta property=\"og:image:type\" content=\"image\/png\" \/>\n<meta name=\"twitter:card\" content=\"summary_large_image\" \/>\n<meta name=\"twitter:label1\" content=\"Est. reading time\" \/>\n\t<meta name=\"twitter:data1\" content=\"1 minute\" \/>\n<script type=\"application\/ld+json\" class=\"yoast-schema-graph\">{\"@context\":\"https:\\\/\\\/schema.org\",\"@graph\":[{\"@type\":[\"WebPage\",\"ItemPage\"],\"@id\":\"https:\\\/\\\/www.inov-u.com\\\/en\\\/products\\\/accessories\\\/power-adapter\\\/chargeur-secteur-usb-c-100-w-power-delivery-gan\\\/\",\"url\":\"https:\\\/\\\/www.inov-u.com\\\/en\\\/products\\\/accessories\\\/power-adapter\\\/chargeur-secteur-usb-c-100-w-power-delivery-gan\\\/\",\"name\":\"INOVU | Chargeur Secteur USB-C 100 W Power Delivery GaN\",\"isPartOf\":{\"@id\":\"https:\\\/\\\/www.inov-u.com\\\/en\\\/#website\"},\"primaryImageOfPage\":{\"@id\":\"https:\\\/\\\/www.inov-u.com\\\/en\\\/products\\\/accessories\\\/power-adapter\\\/chargeur-secteur-usb-c-100-w-power-delivery-gan\\\/#primaryimage\"},\"image\":{\"@id\":\"https:\\\/\\\/www.inov-u.com\\\/en\\\/products\\\/accessories\\\/power-adapter\\\/chargeur-secteur-usb-c-100-w-power-delivery-gan\\\/#primaryimage\"},\"thumbnailUrl\":\"https:\\\/\\\/www.inov-u.com\\\/wp-content\\\/uploads\\\/2024\\\/11\\\/chargeur100W_01.png\",\"datePublished\":\"2024-11-20T10:24:00+00:00\",\"dateModified\":\"2025-04-29T07:13:53+00:00\",\"breadcrumb\":{\"@id\":\"https:\\\/\\\/www.inov-u.com\\\/en\\\/products\\\/accessories\\\/power-adapter\\\/chargeur-secteur-usb-c-100-w-power-delivery-gan\\\/#breadcrumb\"},\"inLanguage\":\"en-US\",\"potentialAction\":[{\"@type\":\"ReadAction\",\"target\":[\"https:\\\/\\\/www.inov-u.com\\\/en\\\/products\\\/accessories\\\/power-adapter\\\/chargeur-secteur-usb-c-100-w-power-delivery-gan\\\/\"]}]},{\"@type\":\"ImageObject\",\"inLanguage\":\"en-US\",\"@id\":\"https:\\\/\\\/www.inov-u.com\\\/en\\\/products\\\/accessories\\\/power-adapter\\\/chargeur-secteur-usb-c-100-w-power-delivery-gan\\\/#primaryimage\",\"url\":\"https:\\\/\\\/www.inov-u.com\\\/wp-content\\\/uploads\\\/2024\\\/11\\\/chargeur100W_01.png\",\"contentUrl\":\"https:\\\/\\\/www.inov-u.com\\\/wp-content\\\/uploads\\\/2024\\\/11\\\/chargeur100W_01.png\",\"width\":1000,\"height\":1000,\"caption\":\"Chargeur secteur usb c\"},{\"@type\":\"BreadcrumbList\",\"@id\":\"https:\\\/\\\/www.inov-u.com\\\/en\\\/products\\\/accessories\\\/power-adapter\\\/chargeur-secteur-usb-c-100-w-power-delivery-gan\\\/#breadcrumb\",\"itemListElement\":[{\"@type\":\"ListItem\",\"position\":1,\"name\":\"Home\",\"item\":\"https:\\\/\\\/www.inov-u.com\\\/en\\\/\"},{\"@type\":\"ListItem\",\"position\":2,\"name\":\"Products\",\"item\":\"https:\\\/\\\/www.inov-u.com\\\/nos-univers\\\/\"},{\"@type\":\"ListItem\",\"position\":3,\"name\":\"Accessories\",\"item\":\"https:\\\/\\\/www.inov-u.com\\\/en\\\/nos-univers\\\/accessories\\\/\"},{\"@type\":\"ListItem\",\"position\":4,\"name\":\"Power adapter\",\"item\":\"https:\\\/\\\/www.inov-u.com\\\/en\\\/nos-univers\\\/accessories\\\/power-adapter\\\/\"},{\"@type\":\"ListItem\",\"position\":5,\"name\":\"Chargeur Secteur USB-C 100 W Power Delivery GaN\"}]},{\"@type\":\"WebSite\",\"@id\":\"https:\\\/\\\/www.inov-u.com\\\/en\\\/#website\",\"url\":\"https:\\\/\\\/www.inov-u.com\\\/en\\\/\",\"name\":\"INOVU\",\"description\":\"L&#039;\u00e9quipement informatique du quotidien\",\"publisher\":{\"@id\":\"https:\\\/\\\/www.inov-u.com\\\/en\\\/#organization\"},\"potentialAction\":[{\"@type\":\"SearchAction\",\"target\":{\"@type\":\"EntryPoint\",\"urlTemplate\":\"https:\\\/\\\/www.inov-u.com\\\/en\\\/?s={search_term_string}\"},\"query-input\":{\"@type\":\"PropertyValueSpecification\",\"valueRequired\":true,\"valueName\":\"search_term_string\"}}],\"inLanguage\":\"en-US\"},{\"@type\":\"Organization\",\"@id\":\"https:\\\/\\\/www.inov-u.com\\\/en\\\/#organization\",\"name\":\"INOVU\",\"url\":\"https:\\\/\\\/www.inov-u.com\\\/en\\\/\",\"logo\":{\"@type\":\"ImageObject\",\"inLanguage\":\"en-US\",\"@id\":\"https:\\\/\\\/www.inov-u.com\\\/en\\\/#\\\/schema\\\/logo\\\/image\\\/\",\"url\":\"https:\\\/\\\/www.inov-u.com\\\/wp-content\\\/uploads\\\/2024\\\/02\\\/inovu_favicon.png\",\"contentUrl\":\"https:\\\/\\\/www.inov-u.com\\\/wp-content\\\/uploads\\\/2024\\\/02\\\/inovu_favicon.png\",\"width\":512,\"height\":512,\"caption\":\"INOVU\"},\"image\":{\"@id\":\"https:\\\/\\\/www.inov-u.com\\\/en\\\/#\\\/schema\\\/logo\\\/image\\\/\"}}]}<\/script>\n<!-- \/ Yoast SEO plugin. -->","yoast_head_json":{"title":"INOVU | Chargeur Secteur USB-C 100 W Power Delivery GaN","robots":{"index":"index","follow":"follow","max-snippet":"max-snippet:-1","max-image-preview":"max-image-preview:large","max-video-preview":"max-video-preview:-1"},"canonical":"https:\/\/www.inov-u.com\/en\/products\/accessories\/power-adapter\/chargeur-secteur-usb-c-100-w-power-delivery-gan\/","og_locale":"en_US","og_type":"article","og_title":"INOVU | Chargeur Secteur USB-C 100 W Power Delivery GaN","og_description":"Rechargez efficacement votre smartphone et votre tablette gr\u00e2ce \u00e0 ce\u00a0chargeur mural INOVU 100 W USB-C PD GaN. Tr\u00e8s performant, il a \u00e9t\u00e9 con\u00e7u \u00e0 partir de nitrure de gallium (GaN) pour vous faire b\u00e9n\u00e9ficier d'une charge extr\u00eamement rapide et toujours plus s\u00fbre. Dot\u00e9 de deux ports USB-C Power Delivery","og_url":"https:\/\/www.inov-u.com\/en\/products\/accessories\/power-adapter\/chargeur-secteur-usb-c-100-w-power-delivery-gan\/","og_site_name":"INOVU","article_modified_time":"2025-04-29T07:13:53+00:00","og_image":[{"width":1000,"height":1000,"url":"https:\/\/www.inov-u.com\/wp-content\/uploads\/2024\/11\/chargeur100W_01.png","type":"image\/png"}],"twitter_card":"summary_large_image","twitter_misc":{"Est. reading time":"1 minute"},"schema":{"@context":"https:\/\/schema.org","@graph":[{"@type":["WebPage","ItemPage"],"@id":"https:\/\/www.inov-u.com\/en\/products\/accessories\/power-adapter\/chargeur-secteur-usb-c-100-w-power-delivery-gan\/","url":"https:\/\/www.inov-u.com\/en\/products\/accessories\/power-adapter\/chargeur-secteur-usb-c-100-w-power-delivery-gan\/","name":"INOVU | Chargeur Secteur USB-C 100 W Power Delivery GaN","isPartOf":{"@id":"https:\/\/www.inov-u.com\/en\/#website"},"primaryImageOfPage":{"@id":"https:\/\/www.inov-u.com\/en\/products\/accessories\/power-adapter\/chargeur-secteur-usb-c-100-w-power-delivery-gan\/#primaryimage"},"image":{"@id":"https:\/\/www.inov-u.com\/en\/products\/accessories\/power-adapter\/chargeur-secteur-usb-c-100-w-power-delivery-gan\/#primaryimage"},"thumbnailUrl":"https:\/\/www.inov-u.com\/wp-content\/uploads\/2024\/11\/chargeur100W_01.png","datePublished":"2024-11-20T10:24:00+00:00","dateModified":"2025-04-29T07:13:53+00:00","breadcrumb":{"@id":"https:\/\/www.inov-u.com\/en\/products\/accessories\/power-adapter\/chargeur-secteur-usb-c-100-w-power-delivery-gan\/#breadcrumb"},"inLanguage":"en-US","potentialAction":[{"@type":"ReadAction","target":["https:\/\/www.inov-u.com\/en\/products\/accessories\/power-adapter\/chargeur-secteur-usb-c-100-w-power-delivery-gan\/"]}]},{"@type":"ImageObject","inLanguage":"en-US","@id":"https:\/\/www.inov-u.com\/en\/products\/accessories\/power-adapter\/chargeur-secteur-usb-c-100-w-power-delivery-gan\/#primaryimage","url":"https:\/\/www.inov-u.com\/wp-content\/uploads\/2024\/11\/chargeur100W_01.png","contentUrl":"https:\/\/www.inov-u.com\/wp-content\/uploads\/2024\/11\/chargeur100W_01.png","width":1000,"height":1000,"caption":"Chargeur secteur usb c"},{"@type":"BreadcrumbList","@id":"https:\/\/www.inov-u.com\/en\/products\/accessories\/power-adapter\/chargeur-secteur-usb-c-100-w-power-delivery-gan\/#breadcrumb","itemListElement":[{"@type":"ListItem","position":1,"name":"Home","item":"https:\/\/www.inov-u.com\/en\/"},{"@type":"ListItem","position":2,"name":"Products","item":"https:\/\/www.inov-u.com\/nos-univers\/"},{"@type":"ListItem","position":3,"name":"Accessories","item":"https:\/\/www.inov-u.com\/en\/nos-univers\/accessories\/"},{"@type":"ListItem","position":4,"name":"Power adapter","item":"https:\/\/www.inov-u.com\/en\/nos-univers\/accessories\/power-adapter\/"},{"@type":"ListItem","position":5,"name":"Chargeur Secteur USB-C 100 W Power Delivery GaN"}]},{"@type":"WebSite","@id":"https:\/\/www.inov-u.com\/en\/#website","url":"https:\/\/www.inov-u.com\/en\/","name":"INOVU","description":"L&#039;\u00e9quipement informatique du quotidien","publisher":{"@id":"https:\/\/www.inov-u.com\/en\/#organization"},"potentialAction":[{"@type":"SearchAction","target":{"@type":"EntryPoint","urlTemplate":"https:\/\/www.inov-u.com\/en\/?s={search_term_string}"},"query-input":{"@type":"PropertyValueSpecification","valueRequired":true,"valueName":"search_term_string"}}],"inLanguage":"en-US"},{"@type":"Organization","@id":"https:\/\/www.inov-u.com\/en\/#organization","name":"INOVU","url":"https:\/\/www.inov-u.com\/en\/","logo":{"@type":"ImageObject","inLanguage":"en-US","@id":"https:\/\/www.inov-u.com\/en\/#\/schema\/logo\/image\/","url":"https:\/\/www.inov-u.com\/wp-content\/uploads\/2024\/02\/inovu_favicon.png","contentUrl":"https:\/\/www.inov-u.com\/wp-content\/uploads\/2024\/02\/inovu_favicon.png","width":512,"height":512,"caption":"INOVU"},"image":{"@id":"https:\/\/www.inov-u.com\/en\/#\/schema\/logo\/image\/"}}]}},"_links":{"self":[{"href":"https:\/\/www.inov-u.com\/en\/wp-json\/wp\/v2\/product\/6527","targetHints":{"allow":["GET"]}}],"collection":[{"href":"https:\/\/www.inov-u.com\/en\/wp-json\/wp\/v2\/product"}],"about":[{"href":"https:\/\/www.inov-u.com\/en\/wp-json\/wp\/v2\/types\/product"}],"replies":[{"embeddable":true,"href":"https:\/\/www.inov-u.com\/en\/wp-json\/wp\/v2\/comments?post=6527"}],"version-history":[{"count":1,"href":"https:\/\/www.inov-u.com\/en\/wp-json\/wp\/v2\/product\/6527\/revisions"}],"predecessor-version":[{"id":9949,"href":"https:\/\/www.inov-u.com\/en\/wp-json\/wp\/v2\/product\/6527\/revisions\/9949"}],"wp:featuredmedia":[{"embeddable":true,"href":"https:\/\/www.inov-u.com\/en\/wp-json\/wp\/v2\/media\/6546"}],"wp:attachment":[{"href":"https:\/\/www.inov-u.com\/en\/wp-json\/wp\/v2\/media?parent=6527"}],"wp:term":[{"taxonomy":"product_brand","embeddable":true,"href":"https:\/\/www.inov-u.com\/en\/wp-json\/wp\/v2\/product_brand?post=6527"},{"taxonomy":"product_cat","embeddable":true,"href":"https:\/\/www.inov-u.com\/en\/wp-json\/wp\/v2\/product_cat?post=6527"},{"taxonomy":"product_tag","embeddable":true,"href":"https:\/\/www.inov-u.com\/en\/wp-json\/wp\/v2\/product_tag?post=6527"}],"curies":[{"name":"wp","href":"https:\/\/api.w.org\/{rel}","templated":true}]}}