{"id":6536,"date":"2024-11-20T11:31:50","date_gmt":"2024-11-20T10:31:50","guid":{"rendered":"https:\/\/www.inov-u.com\/?post_type=product&#038;p=6536"},"modified":"2025-10-28T11:43:40","modified_gmt":"2025-10-28T10:43:40","slug":"ice-pad","status":"publish","type":"product","link":"https:\/\/www.inov-u.com\/en\/products\/pc-peripherals\/mouse-pad\/ice-pad\/","title":{"rendered":"ICE PAD"},"content":{"rendered":"\t\t<div data-elementor-type=\"container\" data-elementor-id=\"6553\" class=\"elementor elementor-6553\" data-elementor-post-type=\"elementor_library\">\n\t\t\t\t<div class=\"elementor-element elementor-element-7975e6c e-con-full e-flex e-con e-parent\" data-id=\"7975e6c\" data-element_type=\"container\" data-e-type=\"container\">\n\t\t<div class=\"elementor-element elementor-element-8f159db e-con-full e-flex e-con e-child\" data-id=\"8f159db\" data-element_type=\"container\" data-e-type=\"container\">\n\t\t<div class=\"elementor-element elementor-element-be6fc47 e-con-full e-flex e-con e-child\" data-id=\"be6fc47\" data-element_type=\"container\" data-e-type=\"container\">\n\t\t\t\t<div class=\"elementor-element elementor-element-b2d585c elementor-widget elementor-widget-heading\" data-id=\"b2d585c\" data-element_type=\"widget\" data-e-type=\"widget\" data-widget_type=\"heading.default\">\n\t\t\t\t<div class=\"elementor-widget-container\">\n\t\t\t\t\t<h2 class=\"elementor-heading-title elementor-size-default\">Tapis de souris rigide antid\u00e9rapant en PTFE<\/h2>\t\t\t\t<\/div>\n\t\t\t\t<\/div>\n\t\t\t\t<div class=\"elementor-element elementor-element-2602b25 elementor-widget elementor-widget-text-editor\" data-id=\"2602b25\" data-element_type=\"widget\" data-e-type=\"widget\" data-widget_type=\"text-editor.default\">\n\t\t\t\t<div class=\"elementor-widget-container\">\n\t\t\t\t\t\t\t\t\t<p>Le\u00a0<strong>INOVU ICE PAD<\/strong>\u00a0est un tapis de souris innovant offrant une qualit\u00e9 de glisse incomparable et une tenue remarquable sur tous types de surfaces. Con\u00e7u en\u00a0<strong>PTFE<\/strong>, un polym\u00e8re \u00e0 base de carbone, il est \u00e0 la fois robuste, silencieux, fin, esth\u00e9tique et facile \u00e0 nettoyer. Ultra-polyvalent, il excelle dans tous les domaines, de la bureautique \u00e0 l\u2019\u00e9dition num\u00e9rique en passant par les jeux vid\u00e9o.\u00a0<\/p>\t\t\t\t\t\t\t\t<\/div>\n\t\t\t\t<\/div>\n\t\t\t\t<\/div>\n\t\t\t\t<\/div>\n\t\t<div class=\"elementor-element elementor-element-757efc9 e-con-full e-flex e-con e-child\" data-id=\"757efc9\" data-element_type=\"container\" data-e-type=\"container\">\n\t\t<div class=\"elementor-element elementor-element-e18eb3e e-con-full e-flex e-con e-child\" data-id=\"e18eb3e\" data-element_type=\"container\" data-e-type=\"container\">\n\t\t\t\t<div class=\"elementor-element elementor-element-5712476 elementor-widget elementor-widget-image\" data-id=\"5712476\" data-element_type=\"widget\" data-e-type=\"widget\" data-widget_type=\"image.default\">\n\t\t\t\t<div class=\"elementor-widget-container\">\n\t\t\t\t\t\t\t\t\t\t\t\t\t\t\t<img fetchpriority=\"high\" decoding=\"async\" width=\"800\" height=\"800\" src=\"https:\/\/www.inov-u.com\/wp-content\/uploads\/2024\/11\/ICE_PAD_02.png\" class=\"attachment-large size-large wp-image-6557\" alt=\"Main utilisant une souris sur un tapis blanc, avec une tasse verte pos\u00e9e sur un bureau clair.\" srcset=\"https:\/\/www.inov-u.com\/wp-content\/uploads\/2024\/11\/ICE_PAD_02.png 1000w, https:\/\/www.inov-u.com\/wp-content\/uploads\/2024\/11\/ICE_PAD_02-300x300.png 300w, https:\/\/www.inov-u.com\/wp-content\/uploads\/2024\/11\/ICE_PAD_02-150x150.png 150w, https:\/\/www.inov-u.com\/wp-content\/uploads\/2024\/11\/ICE_PAD_02-768x768.png 768w, https:\/\/www.inov-u.com\/wp-content\/uploads\/2024\/11\/ICE_PAD_02-700x700.png 700w, https:\/\/www.inov-u.com\/wp-content\/uploads\/2024\/11\/ICE_PAD_02-600x600.png 600w, https:\/\/www.inov-u.com\/wp-content\/uploads\/2024\/11\/ICE_PAD_02-100x100.png 100w\" sizes=\"(max-width: 800px) 100vw, 800px\" \/>\t\t\t\t\t\t\t\t\t\t\t\t\t\t\t<\/div>\n\t\t\t\t<\/div>\n\t\t\t\t<\/div>\n\t\t<div class=\"elementor-element elementor-element-e7f55b7 e-con-full e-flex e-con e-child\" data-id=\"e7f55b7\" data-element_type=\"container\" data-e-type=\"container\">\n\t\t\t\t<div class=\"elementor-element elementor-element-d9d7e98 elementor-widget elementor-widget-heading\" data-id=\"d9d7e98\" data-element_type=\"widget\" data-e-type=\"widget\" data-widget_type=\"heading.default\">\n\t\t\t\t<div class=\"elementor-widget-container\">\n\t\t\t\t\t<h2 class=\"elementor-heading-title elementor-size-default\">Conception remarquable<\/h2>\t\t\t\t<\/div>\n\t\t\t\t<\/div>\n\t\t\t\t<div class=\"elementor-element elementor-element-21ee8a3 elementor-widget elementor-widget-text-editor\" data-id=\"21ee8a3\" data-element_type=\"widget\" data-e-type=\"widget\" data-widget_type=\"text-editor.default\">\n\t\t\t\t<div class=\"elementor-widget-container\">\n\t\t\t\t\t\t\t\t\t<p>Le INOVU ICE PAD offre une surface de glisse de 286 x 197 mm pour une \u00e9paisseur de seulement 0.7 mm et un poids plume d\u2019\u00e0 peine 40 grammes. Le PTFE (Polyt\u00e9trafluoro\u00e9thyl\u00e8ne) dont sa surface est recouverte offre un faible coefficient de friction pour des mouvements fluides et silencieux. Ultra-r\u00e9sistant, ce polym\u00e8re \u00e0 base de carbone et de fluor pr\u00e9sente de nombreux avantages\u00a0:\u00a0<\/p><ul><li>Faible adh\u00e9rence et propri\u00e9t\u00e9s anti-adh\u00e9sives avanc\u00e9es pour une glisse ultra-fluide et pr\u00e9cise<\/li><li>Surface haute r\u00e9sistance pour une dur\u00e9e de vie maximale et des performances constantes \u00e0 long terme<\/li><li>Surface ultra-robuste et tr\u00e8s facile \u00e0 nettoyer<\/li><\/ul><p>Le INOVU ICE PAD est en outre \u00e9quip\u00e9 d&#8217;une base semi-adh\u00e9sive qui lui permet de rester en position sur tous types de surfaces et d&#8217;\u00eatre repositionn\u00e9 tr\u00e8s facilement, sans laisser de traces.<\/p>\t\t\t\t\t\t\t\t<\/div>\n\t\t\t\t<\/div>\n\t\t\t\t<\/div>\n\t\t\t\t<\/div>\n\t\t<div class=\"elementor-element elementor-element-3cef9ac e-con-full e-flex e-con e-child\" data-id=\"3cef9ac\" data-element_type=\"container\" data-e-type=\"container\">\n\t\t<div class=\"elementor-element elementor-element-c7db774 e-con-full e-flex e-con e-child\" data-id=\"c7db774\" data-element_type=\"container\" data-e-type=\"container\">\n\t\t\t\t<div class=\"elementor-element elementor-element-2650774 elementor-widget elementor-widget-heading\" data-id=\"2650774\" data-element_type=\"widget\" data-e-type=\"widget\" data-widget_type=\"heading.default\">\n\t\t\t\t<div class=\"elementor-widget-container\">\n\t\t\t\t\t<h2 class=\"elementor-heading-title elementor-size-default\">Glisse parfaite, fluide et pr\u00e9cise<\/h2>\t\t\t\t<\/div>\n\t\t\t\t<\/div>\n\t\t\t\t<div class=\"elementor-element elementor-element-2ac38ff elementor-widget elementor-widget-text-editor\" data-id=\"2ac38ff\" data-element_type=\"widget\" data-e-type=\"widget\" data-widget_type=\"text-editor.default\">\n\t\t\t\t<div class=\"elementor-widget-container\">\n\t\t\t\t\t\t\t\t\t<p>La\u00a0<strong>surface de 286 x 197 mm\u00a0<\/strong>est un atout ind\u00e9niable pour une glisse parfaite, des mouvements fluides et amples et un encombrement minimal. Facile \u00e0 positionner et repositionner gr\u00e2ce \u00e0 sa\u00a0<strong>base semi-adh\u00e9sive antid\u00e9rapante<\/strong>, le tapis de souris INOVU ICE PAD trouvera ais\u00e9ment sa place dans tous types d\u2019environnements, au bureau comme \u00e0 la maison. Compatible avec toutes les souris lasers et optiques, le tapis INOVU ICE PAD est id\u00e9al pour les utilisateurs \u00e0 la recherche d\u2019une surface rapide et pr\u00e9cise sur laquelle utiliser efficacement leur dispositif de pointage.<\/p>\t\t\t\t\t\t\t\t<\/div>\n\t\t\t\t<\/div>\n\t\t\t\t<\/div>\n\t\t<div class=\"elementor-element elementor-element-0a5e0a5 e-con-full e-flex e-con e-child\" data-id=\"0a5e0a5\" data-element_type=\"container\" data-e-type=\"container\">\n\t\t\t\t<div class=\"elementor-element elementor-element-6a8234b elementor-widget elementor-widget-image\" data-id=\"6a8234b\" data-element_type=\"widget\" data-e-type=\"widget\" data-widget_type=\"image.default\">\n\t\t\t\t<div class=\"elementor-widget-container\">\n\t\t\t\t\t\t\t\t\t\t\t\t\t\t\t<img decoding=\"async\" width=\"800\" height=\"800\" src=\"https:\/\/www.inov-u.com\/wp-content\/uploads\/2024\/11\/ICE_PAD_03.png\" class=\"attachment-large size-large wp-image-6558\" alt=\"Main tenant une souris noire pos\u00e9e sur un tapis de souris blanc, dans un environnement de travail lumineux.\" srcset=\"https:\/\/www.inov-u.com\/wp-content\/uploads\/2024\/11\/ICE_PAD_03.png 1000w, https:\/\/www.inov-u.com\/wp-content\/uploads\/2024\/11\/ICE_PAD_03-300x300.png 300w, https:\/\/www.inov-u.com\/wp-content\/uploads\/2024\/11\/ICE_PAD_03-150x150.png 150w, https:\/\/www.inov-u.com\/wp-content\/uploads\/2024\/11\/ICE_PAD_03-768x768.png 768w, https:\/\/www.inov-u.com\/wp-content\/uploads\/2024\/11\/ICE_PAD_03-700x700.png 700w, https:\/\/www.inov-u.com\/wp-content\/uploads\/2024\/11\/ICE_PAD_03-600x600.png 600w, https:\/\/www.inov-u.com\/wp-content\/uploads\/2024\/11\/ICE_PAD_03-100x100.png 100w\" sizes=\"(max-width: 800px) 100vw, 800px\" \/>\t\t\t\t\t\t\t\t\t\t\t\t\t\t\t<\/div>\n\t\t\t\t<\/div>\n\t\t\t\t<\/div>\n\t\t\t\t<\/div>\n\t\t\t\t<\/div>\n\t\t\t\t<\/div>\n\t\t\n","protected":false},"excerpt":{"rendered":"<p>Le INOVU ICE PAD est un tapis de souris innovant offrant une qualit\u00e9 de glisse incomparable et une tenue remarquable sur tous types de surfaces. Con\u00e7u en PTFE, un polym\u00e8re \u00e0 base de carbone, il est \u00e0 la fois robuste, silencieux, fin, esth\u00e9tique et facile \u00e0 nettoyer.<\/p>\n","protected":false},"featured_media":6556,"comment_status":"open","ping_status":"closed","template":"","meta":{"_acf_changed":false},"product_brand":[],"product_cat":[30],"product_tag":[],"class_list":{"0":"post-6536","1":"product","2":"type-product","3":"status-publish","4":"has-post-thumbnail","6":"product_cat-tapis-de-souris","8":"first","9":"instock","10":"shipping-taxable","11":"product-type-simple"},"acf":[],"yoast_head":"<!-- This site is optimized with the Yoast SEO plugin v27.4 - https:\/\/yoast.com\/product\/yoast-seo-wordpress\/ -->\n<title>INOVU | ICE PAD<\/title>\n<meta name=\"robots\" content=\"index, follow, max-snippet:-1, max-image-preview:large, max-video-preview:-1\" \/>\n<link rel=\"canonical\" href=\"https:\/\/www.inov-u.com\/en\/products\/pc-peripherals\/mouse-pad\/ice-pad\/\" \/>\n<meta property=\"og:locale\" content=\"en_US\" \/>\n<meta property=\"og:type\" content=\"article\" \/>\n<meta property=\"og:title\" content=\"INOVU | ICE PAD\" \/>\n<meta property=\"og:description\" content=\"Le INOVU ICE PAD est un tapis de souris innovant offrant une qualit\u00e9 de glisse incomparable et une tenue remarquable sur tous types de surfaces. Con\u00e7u en PTFE, un polym\u00e8re \u00e0 base de carbone, il est \u00e0 la fois robuste, silencieux, fin, esth\u00e9tique et facile \u00e0 nettoyer.\" \/>\n<meta property=\"og:url\" content=\"https:\/\/www.inov-u.com\/en\/products\/pc-peripherals\/mouse-pad\/ice-pad\/\" \/>\n<meta property=\"og:site_name\" content=\"INOVU\" \/>\n<meta property=\"article:modified_time\" content=\"2025-10-28T10:43:40+00:00\" \/>\n<meta property=\"og:image\" content=\"https:\/\/www.inov-u.com\/wp-content\/uploads\/2024\/11\/ICE_PAD_01.png\" \/>\n\t<meta property=\"og:image:width\" content=\"1000\" \/>\n\t<meta property=\"og:image:height\" content=\"1000\" \/>\n\t<meta property=\"og:image:type\" content=\"image\/png\" \/>\n<meta name=\"twitter:card\" content=\"summary_large_image\" \/>\n<meta name=\"twitter:label1\" content=\"Est. reading time\" \/>\n\t<meta name=\"twitter:data1\" content=\"1 minute\" \/>\n<script type=\"application\/ld+json\" class=\"yoast-schema-graph\">{\"@context\":\"https:\\\/\\\/schema.org\",\"@graph\":[{\"@type\":[\"WebPage\",\"ItemPage\"],\"@id\":\"https:\\\/\\\/www.inov-u.com\\\/en\\\/products\\\/pc-peripherals\\\/mouse-pad\\\/ice-pad\\\/\",\"url\":\"https:\\\/\\\/www.inov-u.com\\\/en\\\/products\\\/pc-peripherals\\\/mouse-pad\\\/ice-pad\\\/\",\"name\":\"INOVU | ICE PAD\",\"isPartOf\":{\"@id\":\"https:\\\/\\\/www.inov-u.com\\\/en\\\/#website\"},\"primaryImageOfPage\":{\"@id\":\"https:\\\/\\\/www.inov-u.com\\\/en\\\/products\\\/pc-peripherals\\\/mouse-pad\\\/ice-pad\\\/#primaryimage\"},\"image\":{\"@id\":\"https:\\\/\\\/www.inov-u.com\\\/en\\\/products\\\/pc-peripherals\\\/mouse-pad\\\/ice-pad\\\/#primaryimage\"},\"thumbnailUrl\":\"https:\\\/\\\/www.inov-u.com\\\/wp-content\\\/uploads\\\/2024\\\/11\\\/ICE_PAD_01.png\",\"datePublished\":\"2024-11-20T10:31:50+00:00\",\"dateModified\":\"2025-10-28T10:43:40+00:00\",\"breadcrumb\":{\"@id\":\"https:\\\/\\\/www.inov-u.com\\\/en\\\/products\\\/pc-peripherals\\\/mouse-pad\\\/ice-pad\\\/#breadcrumb\"},\"inLanguage\":\"en-US\",\"potentialAction\":[{\"@type\":\"ReadAction\",\"target\":[\"https:\\\/\\\/www.inov-u.com\\\/en\\\/products\\\/pc-peripherals\\\/mouse-pad\\\/ice-pad\\\/\"]}]},{\"@type\":\"ImageObject\",\"inLanguage\":\"en-US\",\"@id\":\"https:\\\/\\\/www.inov-u.com\\\/en\\\/products\\\/pc-peripherals\\\/mouse-pad\\\/ice-pad\\\/#primaryimage\",\"url\":\"https:\\\/\\\/www.inov-u.com\\\/wp-content\\\/uploads\\\/2024\\\/11\\\/ICE_PAD_01.png\",\"contentUrl\":\"https:\\\/\\\/www.inov-u.com\\\/wp-content\\\/uploads\\\/2024\\\/11\\\/ICE_PAD_01.png\",\"width\":1000,\"height\":1000,\"caption\":\"Emballage d\u2019un tapis de souris blanc, avec un design simple et \u00e9l\u00e9gant.\"},{\"@type\":\"BreadcrumbList\",\"@id\":\"https:\\\/\\\/www.inov-u.com\\\/en\\\/products\\\/pc-peripherals\\\/mouse-pad\\\/ice-pad\\\/#breadcrumb\",\"itemListElement\":[{\"@type\":\"ListItem\",\"position\":1,\"name\":\"Home\",\"item\":\"https:\\\/\\\/www.inov-u.com\\\/en\\\/\"},{\"@type\":\"ListItem\",\"position\":2,\"name\":\"Products\",\"item\":\"https:\\\/\\\/www.inov-u.com\\\/nos-univers\\\/\"},{\"@type\":\"ListItem\",\"position\":3,\"name\":\"PC Peripherals\",\"item\":\"https:\\\/\\\/www.inov-u.com\\\/en\\\/nos-univers\\\/pc-peripherals\\\/\"},{\"@type\":\"ListItem\",\"position\":4,\"name\":\"Mouse Pad\",\"item\":\"https:\\\/\\\/www.inov-u.com\\\/en\\\/nos-univers\\\/pc-peripherals\\\/mouse-pad\\\/\"},{\"@type\":\"ListItem\",\"position\":5,\"name\":\"ICE PAD\"}]},{\"@type\":\"WebSite\",\"@id\":\"https:\\\/\\\/www.inov-u.com\\\/en\\\/#website\",\"url\":\"https:\\\/\\\/www.inov-u.com\\\/en\\\/\",\"name\":\"INOVU\",\"description\":\"L&#039;\u00e9quipement informatique du quotidien\",\"publisher\":{\"@id\":\"https:\\\/\\\/www.inov-u.com\\\/en\\\/#organization\"},\"potentialAction\":[{\"@type\":\"SearchAction\",\"target\":{\"@type\":\"EntryPoint\",\"urlTemplate\":\"https:\\\/\\\/www.inov-u.com\\\/en\\\/?s={search_term_string}\"},\"query-input\":{\"@type\":\"PropertyValueSpecification\",\"valueRequired\":true,\"valueName\":\"search_term_string\"}}],\"inLanguage\":\"en-US\"},{\"@type\":\"Organization\",\"@id\":\"https:\\\/\\\/www.inov-u.com\\\/en\\\/#organization\",\"name\":\"INOVU\",\"url\":\"https:\\\/\\\/www.inov-u.com\\\/en\\\/\",\"logo\":{\"@type\":\"ImageObject\",\"inLanguage\":\"en-US\",\"@id\":\"https:\\\/\\\/www.inov-u.com\\\/en\\\/#\\\/schema\\\/logo\\\/image\\\/\",\"url\":\"https:\\\/\\\/www.inov-u.com\\\/wp-content\\\/uploads\\\/2024\\\/02\\\/inovu_favicon.png\",\"contentUrl\":\"https:\\\/\\\/www.inov-u.com\\\/wp-content\\\/uploads\\\/2024\\\/02\\\/inovu_favicon.png\",\"width\":512,\"height\":512,\"caption\":\"INOVU\"},\"image\":{\"@id\":\"https:\\\/\\\/www.inov-u.com\\\/en\\\/#\\\/schema\\\/logo\\\/image\\\/\"}}]}<\/script>\n<!-- \/ Yoast SEO plugin. -->","yoast_head_json":{"title":"INOVU | ICE PAD","robots":{"index":"index","follow":"follow","max-snippet":"max-snippet:-1","max-image-preview":"max-image-preview:large","max-video-preview":"max-video-preview:-1"},"canonical":"https:\/\/www.inov-u.com\/en\/products\/pc-peripherals\/mouse-pad\/ice-pad\/","og_locale":"en_US","og_type":"article","og_title":"INOVU | ICE PAD","og_description":"Le INOVU ICE PAD est un tapis de souris innovant offrant une qualit\u00e9 de glisse incomparable et une tenue remarquable sur tous types de surfaces. Con\u00e7u en PTFE, un polym\u00e8re \u00e0 base de carbone, il est \u00e0 la fois robuste, silencieux, fin, esth\u00e9tique et facile \u00e0 nettoyer.","og_url":"https:\/\/www.inov-u.com\/en\/products\/pc-peripherals\/mouse-pad\/ice-pad\/","og_site_name":"INOVU","article_modified_time":"2025-10-28T10:43:40+00:00","og_image":[{"width":1000,"height":1000,"url":"https:\/\/www.inov-u.com\/wp-content\/uploads\/2024\/11\/ICE_PAD_01.png","type":"image\/png"}],"twitter_card":"summary_large_image","twitter_misc":{"Est. reading time":"1 minute"},"schema":{"@context":"https:\/\/schema.org","@graph":[{"@type":["WebPage","ItemPage"],"@id":"https:\/\/www.inov-u.com\/en\/products\/pc-peripherals\/mouse-pad\/ice-pad\/","url":"https:\/\/www.inov-u.com\/en\/products\/pc-peripherals\/mouse-pad\/ice-pad\/","name":"INOVU | ICE PAD","isPartOf":{"@id":"https:\/\/www.inov-u.com\/en\/#website"},"primaryImageOfPage":{"@id":"https:\/\/www.inov-u.com\/en\/products\/pc-peripherals\/mouse-pad\/ice-pad\/#primaryimage"},"image":{"@id":"https:\/\/www.inov-u.com\/en\/products\/pc-peripherals\/mouse-pad\/ice-pad\/#primaryimage"},"thumbnailUrl":"https:\/\/www.inov-u.com\/wp-content\/uploads\/2024\/11\/ICE_PAD_01.png","datePublished":"2024-11-20T10:31:50+00:00","dateModified":"2025-10-28T10:43:40+00:00","breadcrumb":{"@id":"https:\/\/www.inov-u.com\/en\/products\/pc-peripherals\/mouse-pad\/ice-pad\/#breadcrumb"},"inLanguage":"en-US","potentialAction":[{"@type":"ReadAction","target":["https:\/\/www.inov-u.com\/en\/products\/pc-peripherals\/mouse-pad\/ice-pad\/"]}]},{"@type":"ImageObject","inLanguage":"en-US","@id":"https:\/\/www.inov-u.com\/en\/products\/pc-peripherals\/mouse-pad\/ice-pad\/#primaryimage","url":"https:\/\/www.inov-u.com\/wp-content\/uploads\/2024\/11\/ICE_PAD_01.png","contentUrl":"https:\/\/www.inov-u.com\/wp-content\/uploads\/2024\/11\/ICE_PAD_01.png","width":1000,"height":1000,"caption":"Emballage d\u2019un tapis de souris blanc, avec un design simple et \u00e9l\u00e9gant."},{"@type":"BreadcrumbList","@id":"https:\/\/www.inov-u.com\/en\/products\/pc-peripherals\/mouse-pad\/ice-pad\/#breadcrumb","itemListElement":[{"@type":"ListItem","position":1,"name":"Home","item":"https:\/\/www.inov-u.com\/en\/"},{"@type":"ListItem","position":2,"name":"Products","item":"https:\/\/www.inov-u.com\/nos-univers\/"},{"@type":"ListItem","position":3,"name":"PC Peripherals","item":"https:\/\/www.inov-u.com\/en\/nos-univers\/pc-peripherals\/"},{"@type":"ListItem","position":4,"name":"Mouse Pad","item":"https:\/\/www.inov-u.com\/en\/nos-univers\/pc-peripherals\/mouse-pad\/"},{"@type":"ListItem","position":5,"name":"ICE PAD"}]},{"@type":"WebSite","@id":"https:\/\/www.inov-u.com\/en\/#website","url":"https:\/\/www.inov-u.com\/en\/","name":"INOVU","description":"L&#039;\u00e9quipement informatique du quotidien","publisher":{"@id":"https:\/\/www.inov-u.com\/en\/#organization"},"potentialAction":[{"@type":"SearchAction","target":{"@type":"EntryPoint","urlTemplate":"https:\/\/www.inov-u.com\/en\/?s={search_term_string}"},"query-input":{"@type":"PropertyValueSpecification","valueRequired":true,"valueName":"search_term_string"}}],"inLanguage":"en-US"},{"@type":"Organization","@id":"https:\/\/www.inov-u.com\/en\/#organization","name":"INOVU","url":"https:\/\/www.inov-u.com\/en\/","logo":{"@type":"ImageObject","inLanguage":"en-US","@id":"https:\/\/www.inov-u.com\/en\/#\/schema\/logo\/image\/","url":"https:\/\/www.inov-u.com\/wp-content\/uploads\/2024\/02\/inovu_favicon.png","contentUrl":"https:\/\/www.inov-u.com\/wp-content\/uploads\/2024\/02\/inovu_favicon.png","width":512,"height":512,"caption":"INOVU"},"image":{"@id":"https:\/\/www.inov-u.com\/en\/#\/schema\/logo\/image\/"}}]}},"_links":{"self":[{"href":"https:\/\/www.inov-u.com\/en\/wp-json\/wp\/v2\/product\/6536","targetHints":{"allow":["GET"]}}],"collection":[{"href":"https:\/\/www.inov-u.com\/en\/wp-json\/wp\/v2\/product"}],"about":[{"href":"https:\/\/www.inov-u.com\/en\/wp-json\/wp\/v2\/types\/product"}],"replies":[{"embeddable":true,"href":"https:\/\/www.inov-u.com\/en\/wp-json\/wp\/v2\/comments?post=6536"}],"version-history":[{"count":1,"href":"https:\/\/www.inov-u.com\/en\/wp-json\/wp\/v2\/product\/6536\/revisions"}],"predecessor-version":[{"id":9948,"href":"https:\/\/www.inov-u.com\/en\/wp-json\/wp\/v2\/product\/6536\/revisions\/9948"}],"wp:featuredmedia":[{"embeddable":true,"href":"https:\/\/www.inov-u.com\/en\/wp-json\/wp\/v2\/media\/6556"}],"wp:attachment":[{"href":"https:\/\/www.inov-u.com\/en\/wp-json\/wp\/v2\/media?parent=6536"}],"wp:term":[{"taxonomy":"product_brand","embeddable":true,"href":"https:\/\/www.inov-u.com\/en\/wp-json\/wp\/v2\/product_brand?post=6536"},{"taxonomy":"product_cat","embeddable":true,"href":"https:\/\/www.inov-u.com\/en\/wp-json\/wp\/v2\/product_cat?post=6536"},{"taxonomy":"product_tag","embeddable":true,"href":"https:\/\/www.inov-u.com\/en\/wp-json\/wp\/v2\/product_tag?post=6536"}],"curies":[{"name":"wp","href":"https:\/\/api.w.org\/{rel}","templated":true}]}}