{"id":6767,"date":"2024-12-02T10:53:11","date_gmt":"2024-12-02T09:53:11","guid":{"rendered":"https:\/\/www.inov-u.com\/?post_type=product&#038;p=6767"},"modified":"2026-01-07T16:39:57","modified_gmt":"2026-01-07T15:39:57","slug":"housse-loop-move-14-pop","status":"publish","type":"product","link":"https:\/\/www.inov-u.com\/en\/products\/bags\/laptop-sleeve\/housse-loop-move-14-pop\/","title":{"rendered":"Housse Loop Move 14&#8243; (Pop)"},"content":{"rendered":"\t\t<div data-elementor-type=\"container\" data-elementor-id=\"6766\" class=\"elementor elementor-6766\" data-elementor-post-type=\"elementor_library\">\n\t\t\t\t<div class=\"elementor-element elementor-element-7975e6c e-con-full e-flex e-con e-parent\" data-id=\"7975e6c\" data-element_type=\"container\" data-e-type=\"container\">\n\t\t<div class=\"elementor-element elementor-element-8f159db e-con-full e-flex e-con e-child\" data-id=\"8f159db\" data-element_type=\"container\" data-e-type=\"container\">\n\t\t<div class=\"elementor-element elementor-element-be6fc47 e-con-full e-flex e-con e-child\" data-id=\"be6fc47\" data-element_type=\"container\" data-e-type=\"container\">\n\t\t\t\t<div class=\"elementor-element elementor-element-b2d585c elementor-widget elementor-widget-heading\" data-id=\"b2d585c\" data-element_type=\"widget\" data-e-type=\"widget\" data-widget_type=\"heading.default\">\n\t\t\t\t<div class=\"elementor-widget-container\">\n\t\t\t\t\t<h2 class=\"elementor-heading-title elementor-size-default\">Housse pour PC portable\/MacBook \u00e9l\u00e9gante et pratique<\/h2>\t\t\t\t<\/div>\n\t\t\t\t<\/div>\n\t\t\t\t<div class=\"elementor-element elementor-element-2602b25 elementor-widget elementor-widget-text-editor\" data-id=\"2602b25\" data-element_type=\"widget\" data-e-type=\"widget\" data-widget_type=\"text-editor.default\">\n\t\t\t\t<div class=\"elementor-widget-container\">\n\t\t\t\t\t\t\t\t\t<p>La\u00a0<strong>Housse INOVU\u00a0Loop Move 14&#8243;\u00a0<\/strong>est une\u00a0<strong>housse \u00e9l\u00e9gante, pratique et l\u00e9g\u00e8re pour PC portable et MacBook<\/strong>. Fabriqu\u00e9e \u00e0 partir de bouteilles plastiques recycl\u00e9es (95% de PET Recycl\u00e9), elle est \u00e0 la fois robuste et respectueuse de l&#8217;environnement. Avec un\u00a0<strong>design \u00e9l\u00e9gant et moderne<\/strong>, une\u00a0<strong>protection hydrofuge\u00a0<\/strong>et une\u00a0<strong>pochette avant anti-RFID<\/strong>, elle est id\u00e9ale pour transporter en toute s\u00e9curit\u00e9\u00a0<strong>PC portable ou MacBook jusqu&#8217;\u00e0 14 pouces<\/strong>.<\/p>\t\t\t\t\t\t\t\t<\/div>\n\t\t\t\t<\/div>\n\t\t\t\t<\/div>\n\t\t\t\t<\/div>\n\t\t<div class=\"elementor-element elementor-element-757efc9 e-con-full e-flex e-con e-child\" data-id=\"757efc9\" data-element_type=\"container\" data-e-type=\"container\">\n\t\t<div class=\"elementor-element elementor-element-e18eb3e e-con-full e-flex e-con e-child\" data-id=\"e18eb3e\" data-element_type=\"container\" data-e-type=\"container\">\n\t\t\t\t<div class=\"elementor-element elementor-element-5712476 elementor-widget elementor-widget-image\" data-id=\"5712476\" data-element_type=\"widget\" data-e-type=\"widget\" data-widget_type=\"image.default\">\n\t\t\t\t<div class=\"elementor-widget-container\">\n\t\t\t\t\t\t\t\t\t\t\t\t\t\t\t<img fetchpriority=\"high\" decoding=\"async\" width=\"800\" height=\"800\" src=\"https:\/\/www.inov-u.com\/wp-content\/uploads\/2024\/12\/Loop_move_pop_05.png\" class=\"attachment-large size-large wp-image-8891\" alt=\"\" srcset=\"https:\/\/www.inov-u.com\/wp-content\/uploads\/2024\/12\/Loop_move_pop_05.png 1000w, https:\/\/www.inov-u.com\/wp-content\/uploads\/2024\/12\/Loop_move_pop_05-300x300.png 300w, https:\/\/www.inov-u.com\/wp-content\/uploads\/2024\/12\/Loop_move_pop_05-150x150.png 150w, https:\/\/www.inov-u.com\/wp-content\/uploads\/2024\/12\/Loop_move_pop_05-768x768.png 768w, https:\/\/www.inov-u.com\/wp-content\/uploads\/2024\/12\/Loop_move_pop_05-700x700.png 700w, https:\/\/www.inov-u.com\/wp-content\/uploads\/2024\/12\/Loop_move_pop_05-600x600.png 600w, https:\/\/www.inov-u.com\/wp-content\/uploads\/2024\/12\/Loop_move_pop_05-100x100.png 100w\" sizes=\"(max-width: 800px) 100vw, 800px\" \/>\t\t\t\t\t\t\t\t\t\t\t\t\t\t\t<\/div>\n\t\t\t\t<\/div>\n\t\t\t\t<\/div>\n\t\t<div class=\"elementor-element elementor-element-e7f55b7 e-con-full e-flex e-con e-child\" data-id=\"e7f55b7\" data-element_type=\"container\" data-e-type=\"container\">\n\t\t\t\t<div class=\"elementor-element elementor-element-d9d7e98 elementor-widget elementor-widget-heading\" data-id=\"d9d7e98\" data-element_type=\"widget\" data-e-type=\"widget\" data-widget_type=\"heading.default\">\n\t\t\t\t<div class=\"elementor-widget-container\">\n\t\t\t\t\t<h2 class=\"elementor-heading-title elementor-size-default\">Votre \u00e9quipement, avec vous<\/h2>\t\t\t\t<\/div>\n\t\t\t\t<\/div>\n\t\t\t\t<div class=\"elementor-element elementor-element-21ee8a3 elementor-widget elementor-widget-text-editor\" data-id=\"21ee8a3\" data-element_type=\"widget\" data-e-type=\"widget\" data-widget_type=\"text-editor.default\">\n\t\t\t\t<div class=\"elementor-widget-container\">\n\t\t\t\t\t\t\t\t\t<p>L&#8217;<strong>INOVU Loop Move\u00a0<\/strong>est une housse \u00e9l\u00e9gante et robuste. Elle permet de transporter facilement votre mat\u00e9riel informatique ainsi que les accessoires indispensables \u00e0 son utilisation. Sa poign\u00e9e, son rev\u00eatement hydrofuge et sa pochette avant anti-RFID sont autant d&#8217;atouts visant \u00e0 vous simplifier la vie. La pochette avant anti-RFID (blocage des ondes radios) garantit la s\u00e9curit\u00e9 de vos \u00e9quipements \u00e9lectronique afin de vous permettre de vous d\u00e9placer sereinement et sans crainte.\u00a0<\/p>\t\t\t\t\t\t\t\t<\/div>\n\t\t\t\t<\/div>\n\t\t\t\t<\/div>\n\t\t\t\t<\/div>\n\t\t<div class=\"elementor-element elementor-element-3cef9ac e-con-full e-flex e-con e-child\" data-id=\"3cef9ac\" data-element_type=\"container\" data-e-type=\"container\">\n\t\t<div class=\"elementor-element elementor-element-c7db774 e-con-full e-flex e-con e-child\" data-id=\"c7db774\" data-element_type=\"container\" data-e-type=\"container\">\n\t\t\t\t<div class=\"elementor-element elementor-element-2650774 elementor-widget elementor-widget-heading\" data-id=\"2650774\" data-element_type=\"widget\" data-e-type=\"widget\" data-widget_type=\"heading.default\">\n\t\t\t\t<div class=\"elementor-widget-container\">\n\t\t\t\t\t<h2 class=\"elementor-heading-title elementor-size-default\">R\u00e9duisez votre impact sur l'environnement<\/h2>\t\t\t\t<\/div>\n\t\t\t\t<\/div>\n\t\t\t\t<div class=\"elementor-element elementor-element-2ac38ff elementor-widget elementor-widget-text-editor\" data-id=\"2ac38ff\" data-element_type=\"widget\" data-e-type=\"widget\" data-widget_type=\"text-editor.default\">\n\t\t\t\t<div class=\"elementor-widget-container\">\n\t\t\t\t\t\t\t\t\t<p>La housse\u00a0<strong>INOVU Loop Move\u00a0<\/strong>est con\u00e7ue \u00e0 base de mat\u00e9riaux recycl\u00e9s. Le polyester utilis\u00e9 dans sa conception a \u00e9t\u00e9 recycl\u00e9 \u00e0 hauteur de 95%. Une fois tiss\u00e9, le PET recycl\u00e9 est extr\u00eamement robuste et b\u00e9n\u00e9ficie de bonnes propri\u00e9t\u00e9s d\u00e9perlantes afin de mieux prot\u00e9ger votre mat\u00e9riel. En utilisant des produits \u00e0 base de PET recycl\u00e9, vous r\u00e9duisez consid\u00e9rablement votre impact sur l&#8217;environnement.<\/p><ul><li>R\u00e9duction des d\u00e9chets : L&#8217;utilisation de PET recycl\u00e9 contribue \u00e0 la r\u00e9duction des d\u00e9chets plastiques en permettant la r\u00e9utilisation des mat\u00e9riaux existants plut\u00f4t que la production de plastique vierge.<\/li><li>Le PET recycl\u00e9 n\u00e9cessite moins d&#8217;\u00e9nergie et d&#8217;eau par rapport \u00e0 la fabrication de PET vierge.<\/li><li>Le PET recycl\u00e9 r\u00e9duit la n\u00e9cessit\u00e9 d&#8217;extraire de nouvelles ressources p\u00e9troli\u00e8res pour la production de plastique afin de pr\u00e9server les ressources fossiles.<\/li><li>La fabrication du PET recycl\u00e9 n\u00e9cessite moins d&#8217;\u00e9nergie que la production de plastique \u00e0 partir de mati\u00e8res premi\u00e8res vierges.<\/li><li>L&#8217;utilisation de PET recycl\u00e9 favorise le recyclage et la r\u00e9utilisation des plastiques, contribuant ainsi \u00e0 la mise en place de mod\u00e8les \u00e9conomiques plus durables.<\/li><li>La production de PET recycl\u00e9 g\u00e9n\u00e8re moins d&#8217;\u00e9missions de gaz \u00e0 effet de serre que la production de plastique neuf.<\/li><\/ul><p>La sacoche\u00a0<strong>INOVU Loop Move\u00a0<\/strong>est recyclable et pourra \u00eatre r\u00e9utilis\u00e9e\u00a0pour fabriquer une grande vari\u00e9t\u00e9 de produits durables.<\/p>\t\t\t\t\t\t\t\t<\/div>\n\t\t\t\t<\/div>\n\t\t\t\t<\/div>\n\t\t<div class=\"elementor-element elementor-element-0a5e0a5 e-con-full e-flex e-con e-child\" data-id=\"0a5e0a5\" data-element_type=\"container\" data-e-type=\"container\">\n\t\t\t\t<div class=\"elementor-element elementor-element-6a8234b elementor-widget elementor-widget-image\" data-id=\"6a8234b\" data-element_type=\"widget\" data-e-type=\"widget\" data-widget_type=\"image.default\">\n\t\t\t\t<div class=\"elementor-widget-container\">\n\t\t\t\t\t\t\t\t\t\t\t\t\t\t\t<img decoding=\"async\" width=\"500\" height=\"500\" src=\"https:\/\/www.inov-u.com\/wp-content\/uploads\/2024\/11\/PET_logo.png\" class=\"attachment-large size-large wp-image-8682\" alt=\"\" srcset=\"https:\/\/www.inov-u.com\/wp-content\/uploads\/2024\/11\/PET_logo.png 500w, https:\/\/www.inov-u.com\/wp-content\/uploads\/2024\/11\/PET_logo-300x300.png 300w, https:\/\/www.inov-u.com\/wp-content\/uploads\/2024\/11\/PET_logo-150x150.png 150w, https:\/\/www.inov-u.com\/wp-content\/uploads\/2024\/11\/PET_logo-100x100.png 100w\" sizes=\"(max-width: 500px) 100vw, 500px\" \/>\t\t\t\t\t\t\t\t\t\t\t\t\t\t\t<\/div>\n\t\t\t\t<\/div>\n\t\t\t\t<\/div>\n\t\t\t\t<\/div>\n\t\t<div class=\"elementor-element elementor-element-cf23fd8 e-con-full e-flex e-con e-child\" data-id=\"cf23fd8\" data-element_type=\"container\" data-e-type=\"container\">\n\t\t<div class=\"elementor-element elementor-element-82c22f2 e-con-full e-flex e-con e-child\" data-id=\"82c22f2\" data-element_type=\"container\" data-e-type=\"container\">\n\t\t\t\t<div class=\"elementor-element elementor-element-75c4d87 elementor-widget elementor-widget-image\" data-id=\"75c4d87\" data-element_type=\"widget\" data-e-type=\"widget\" data-widget_type=\"image.default\">\n\t\t\t\t<div class=\"elementor-widget-container\">\n\t\t\t\t\t\t\t\t\t\t\t\t\t\t\t<img decoding=\"async\" width=\"800\" height=\"800\" src=\"https:\/\/www.inov-u.com\/wp-content\/uploads\/2024\/12\/Loop_move_pop_03.png\" class=\"attachment-large size-large wp-image-8889\" alt=\"\" srcset=\"https:\/\/www.inov-u.com\/wp-content\/uploads\/2024\/12\/Loop_move_pop_03.png 1000w, https:\/\/www.inov-u.com\/wp-content\/uploads\/2024\/12\/Loop_move_pop_03-300x300.png 300w, https:\/\/www.inov-u.com\/wp-content\/uploads\/2024\/12\/Loop_move_pop_03-150x150.png 150w, https:\/\/www.inov-u.com\/wp-content\/uploads\/2024\/12\/Loop_move_pop_03-768x768.png 768w, https:\/\/www.inov-u.com\/wp-content\/uploads\/2024\/12\/Loop_move_pop_03-700x700.png 700w, https:\/\/www.inov-u.com\/wp-content\/uploads\/2024\/12\/Loop_move_pop_03-600x600.png 600w, https:\/\/www.inov-u.com\/wp-content\/uploads\/2024\/12\/Loop_move_pop_03-100x100.png 100w\" sizes=\"(max-width: 800px) 100vw, 800px\" \/>\t\t\t\t\t\t\t\t\t\t\t\t\t\t\t<\/div>\n\t\t\t\t<\/div>\n\t\t\t\t<\/div>\n\t\t<div class=\"elementor-element elementor-element-76f3050 e-con-full e-flex e-con e-child\" data-id=\"76f3050\" data-element_type=\"container\" data-e-type=\"container\">\n\t\t\t\t<div class=\"elementor-element elementor-element-723ba4e elementor-widget elementor-widget-heading\" data-id=\"723ba4e\" data-element_type=\"widget\" data-e-type=\"widget\" data-widget_type=\"heading.default\">\n\t\t\t\t<div class=\"elementor-widget-container\">\n\t\t\t\t\t<h2 class=\"elementor-heading-title elementor-size-default\">Caract\u00e9ristiques principales<\/h2>\t\t\t\t<\/div>\n\t\t\t\t<\/div>\n\t\t\t\t<div class=\"elementor-element elementor-element-4a6fc09 elementor-widget elementor-widget-text-editor\" data-id=\"4a6fc09\" data-element_type=\"widget\" data-e-type=\"widget\" data-widget_type=\"text-editor.default\">\n\t\t\t\t<div class=\"elementor-widget-container\">\n\t\t\t\t\t\t\t\t\t<ul><li><strong>Housse pour PC portable et MacBook jusqu&#8217;\u00e0 14&#8243;<\/strong><\/li><li>Mat\u00e9riaux :\u00a0<strong>5%<\/strong>\u00a0<strong>polyester et 95% de PET recycl\u00e9<\/strong><\/li><li><strong>Protection hydrofuge<\/strong><\/li><li><strong>Pochette avant anti-RFID<\/strong><\/li><li>Poign\u00e9e pratique<\/li><li>Dimensions : 34.5 x 25.5 x 3 cm<\/li><li>Poids : 240 gr<\/li><\/ul>\t\t\t\t\t\t\t\t<\/div>\n\t\t\t\t<\/div>\n\t\t\t\t<\/div>\n\t\t\t\t<\/div>\n\t\t\t\t<\/div>\n\t\t\t\t<\/div>\n\t\t\n","protected":false},"excerpt":{"rendered":"<p>La Housse INOVU\u00a0Loop Move 14&#8243; est une\u00a0housse \u00e9l\u00e9gante, pratique et l\u00e9g\u00e8re pour PC portable et MacBook. Fabriqu\u00e9e \u00e0 partir de bouteilles plastiques recycl\u00e9es (95% de PET Recycl\u00e9), elle est \u00e0 la fois robuste et respectueuse de l&#8217;environnement.<\/p>\n","protected":false},"featured_media":6770,"comment_status":"open","ping_status":"closed","template":"","meta":{"_acf_changed":false},"product_brand":[],"product_cat":[35],"product_tag":[],"class_list":{"0":"post-6767","1":"product","2":"type-product","3":"status-publish","4":"has-post-thumbnail","6":"product_cat-housse-pc-portable","8":"first","9":"instock","10":"shipping-taxable","11":"product-type-simple"},"acf":[],"yoast_head":"<!-- This site is optimized with the Yoast SEO plugin v27.4 - https:\/\/yoast.com\/product\/yoast-seo-wordpress\/ -->\n<title>INOVU | Housse Loop Move 14&quot; (Pop)<\/title>\n<meta name=\"robots\" content=\"index, follow, max-snippet:-1, max-image-preview:large, max-video-preview:-1\" \/>\n<link rel=\"canonical\" href=\"https:\/\/www.inov-u.com\/en\/products\/bags\/laptop-sleeve\/housse-loop-move-14-pop\/\" \/>\n<meta property=\"og:locale\" content=\"en_US\" \/>\n<meta property=\"og:type\" content=\"article\" \/>\n<meta property=\"og:title\" content=\"INOVU | Housse Loop Move 14&quot; (Pop)\" \/>\n<meta property=\"og:description\" content=\"La Housse INOVU\u00a0Loop Move 14&quot; est une\u00a0housse \u00e9l\u00e9gante, pratique et l\u00e9g\u00e8re pour PC portable et MacBook. Fabriqu\u00e9e \u00e0 partir de bouteilles plastiques recycl\u00e9es (95% de PET Recycl\u00e9), elle est \u00e0 la fois robuste et respectueuse de l&#039;environnement.\" \/>\n<meta property=\"og:url\" content=\"https:\/\/www.inov-u.com\/en\/products\/bags\/laptop-sleeve\/housse-loop-move-14-pop\/\" \/>\n<meta property=\"og:site_name\" content=\"INOVU\" \/>\n<meta property=\"article:modified_time\" content=\"2026-01-07T15:39:57+00:00\" \/>\n<meta property=\"og:image\" content=\"https:\/\/www.inov-u.com\/wp-content\/uploads\/2024\/12\/Loop_move_pop_01.png\" \/>\n\t<meta property=\"og:image:width\" content=\"1000\" \/>\n\t<meta property=\"og:image:height\" content=\"1000\" \/>\n\t<meta property=\"og:image:type\" content=\"image\/png\" \/>\n<meta name=\"twitter:card\" content=\"summary_large_image\" \/>\n<meta name=\"twitter:label1\" content=\"Est. reading time\" \/>\n\t<meta name=\"twitter:data1\" content=\"1 minute\" \/>\n<script type=\"application\/ld+json\" class=\"yoast-schema-graph\">{\"@context\":\"https:\\\/\\\/schema.org\",\"@graph\":[{\"@type\":[\"WebPage\",\"ItemPage\"],\"@id\":\"https:\\\/\\\/www.inov-u.com\\\/en\\\/products\\\/bags\\\/laptop-sleeve\\\/housse-loop-move-14-pop\\\/\",\"url\":\"https:\\\/\\\/www.inov-u.com\\\/en\\\/products\\\/bags\\\/laptop-sleeve\\\/housse-loop-move-14-pop\\\/\",\"name\":\"INOVU | Housse Loop Move 14\\\" (Pop)\",\"isPartOf\":{\"@id\":\"https:\\\/\\\/www.inov-u.com\\\/en\\\/#website\"},\"primaryImageOfPage\":{\"@id\":\"https:\\\/\\\/www.inov-u.com\\\/en\\\/products\\\/bags\\\/laptop-sleeve\\\/housse-loop-move-14-pop\\\/#primaryimage\"},\"image\":{\"@id\":\"https:\\\/\\\/www.inov-u.com\\\/en\\\/products\\\/bags\\\/laptop-sleeve\\\/housse-loop-move-14-pop\\\/#primaryimage\"},\"thumbnailUrl\":\"https:\\\/\\\/www.inov-u.com\\\/wp-content\\\/uploads\\\/2024\\\/12\\\/Loop_move_pop_01.png\",\"datePublished\":\"2024-12-02T09:53:11+00:00\",\"dateModified\":\"2026-01-07T15:39:57+00:00\",\"breadcrumb\":{\"@id\":\"https:\\\/\\\/www.inov-u.com\\\/en\\\/products\\\/bags\\\/laptop-sleeve\\\/housse-loop-move-14-pop\\\/#breadcrumb\"},\"inLanguage\":\"en-US\",\"potentialAction\":[{\"@type\":\"ReadAction\",\"target\":[\"https:\\\/\\\/www.inov-u.com\\\/en\\\/products\\\/bags\\\/laptop-sleeve\\\/housse-loop-move-14-pop\\\/\"]}]},{\"@type\":\"ImageObject\",\"inLanguage\":\"en-US\",\"@id\":\"https:\\\/\\\/www.inov-u.com\\\/en\\\/products\\\/bags\\\/laptop-sleeve\\\/housse-loop-move-14-pop\\\/#primaryimage\",\"url\":\"https:\\\/\\\/www.inov-u.com\\\/wp-content\\\/uploads\\\/2024\\\/12\\\/Loop_move_pop_01.png\",\"contentUrl\":\"https:\\\/\\\/www.inov-u.com\\\/wp-content\\\/uploads\\\/2024\\\/12\\\/Loop_move_pop_01.png\",\"width\":1000,\"height\":1000,\"caption\":\"Housse de protection pour pc portable\"},{\"@type\":\"BreadcrumbList\",\"@id\":\"https:\\\/\\\/www.inov-u.com\\\/en\\\/products\\\/bags\\\/laptop-sleeve\\\/housse-loop-move-14-pop\\\/#breadcrumb\",\"itemListElement\":[{\"@type\":\"ListItem\",\"position\":1,\"name\":\"Home\",\"item\":\"https:\\\/\\\/www.inov-u.com\\\/en\\\/\"},{\"@type\":\"ListItem\",\"position\":2,\"name\":\"Products\",\"item\":\"https:\\\/\\\/www.inov-u.com\\\/nos-univers\\\/\"},{\"@type\":\"ListItem\",\"position\":3,\"name\":\"Bags\",\"item\":\"https:\\\/\\\/www.inov-u.com\\\/en\\\/nos-univers\\\/bags\\\/\"},{\"@type\":\"ListItem\",\"position\":4,\"name\":\"Laptop sleeve\",\"item\":\"https:\\\/\\\/www.inov-u.com\\\/en\\\/nos-univers\\\/bags\\\/laptop-sleeve\\\/\"},{\"@type\":\"ListItem\",\"position\":5,\"name\":\"Housse Loop Move 14&#8243; (Pop)\"}]},{\"@type\":\"WebSite\",\"@id\":\"https:\\\/\\\/www.inov-u.com\\\/en\\\/#website\",\"url\":\"https:\\\/\\\/www.inov-u.com\\\/en\\\/\",\"name\":\"INOVU\",\"description\":\"L&#039;\u00e9quipement informatique du quotidien\",\"publisher\":{\"@id\":\"https:\\\/\\\/www.inov-u.com\\\/en\\\/#organization\"},\"potentialAction\":[{\"@type\":\"SearchAction\",\"target\":{\"@type\":\"EntryPoint\",\"urlTemplate\":\"https:\\\/\\\/www.inov-u.com\\\/en\\\/?s={search_term_string}\"},\"query-input\":{\"@type\":\"PropertyValueSpecification\",\"valueRequired\":true,\"valueName\":\"search_term_string\"}}],\"inLanguage\":\"en-US\"},{\"@type\":\"Organization\",\"@id\":\"https:\\\/\\\/www.inov-u.com\\\/en\\\/#organization\",\"name\":\"INOVU\",\"url\":\"https:\\\/\\\/www.inov-u.com\\\/en\\\/\",\"logo\":{\"@type\":\"ImageObject\",\"inLanguage\":\"en-US\",\"@id\":\"https:\\\/\\\/www.inov-u.com\\\/en\\\/#\\\/schema\\\/logo\\\/image\\\/\",\"url\":\"https:\\\/\\\/www.inov-u.com\\\/wp-content\\\/uploads\\\/2024\\\/02\\\/inovu_favicon.png\",\"contentUrl\":\"https:\\\/\\\/www.inov-u.com\\\/wp-content\\\/uploads\\\/2024\\\/02\\\/inovu_favicon.png\",\"width\":512,\"height\":512,\"caption\":\"INOVU\"},\"image\":{\"@id\":\"https:\\\/\\\/www.inov-u.com\\\/en\\\/#\\\/schema\\\/logo\\\/image\\\/\"}}]}<\/script>\n<!-- \/ Yoast SEO plugin. -->","yoast_head_json":{"title":"INOVU | Housse Loop Move 14\" (Pop)","robots":{"index":"index","follow":"follow","max-snippet":"max-snippet:-1","max-image-preview":"max-image-preview:large","max-video-preview":"max-video-preview:-1"},"canonical":"https:\/\/www.inov-u.com\/en\/products\/bags\/laptop-sleeve\/housse-loop-move-14-pop\/","og_locale":"en_US","og_type":"article","og_title":"INOVU | Housse Loop Move 14\" (Pop)","og_description":"La Housse INOVU\u00a0Loop Move 14\" est une\u00a0housse \u00e9l\u00e9gante, pratique et l\u00e9g\u00e8re pour PC portable et MacBook. Fabriqu\u00e9e \u00e0 partir de bouteilles plastiques recycl\u00e9es (95% de PET Recycl\u00e9), elle est \u00e0 la fois robuste et respectueuse de l'environnement.","og_url":"https:\/\/www.inov-u.com\/en\/products\/bags\/laptop-sleeve\/housse-loop-move-14-pop\/","og_site_name":"INOVU","article_modified_time":"2026-01-07T15:39:57+00:00","og_image":[{"width":1000,"height":1000,"url":"https:\/\/www.inov-u.com\/wp-content\/uploads\/2024\/12\/Loop_move_pop_01.png","type":"image\/png"}],"twitter_card":"summary_large_image","twitter_misc":{"Est. reading time":"1 minute"},"schema":{"@context":"https:\/\/schema.org","@graph":[{"@type":["WebPage","ItemPage"],"@id":"https:\/\/www.inov-u.com\/en\/products\/bags\/laptop-sleeve\/housse-loop-move-14-pop\/","url":"https:\/\/www.inov-u.com\/en\/products\/bags\/laptop-sleeve\/housse-loop-move-14-pop\/","name":"INOVU | Housse Loop Move 14\" (Pop)","isPartOf":{"@id":"https:\/\/www.inov-u.com\/en\/#website"},"primaryImageOfPage":{"@id":"https:\/\/www.inov-u.com\/en\/products\/bags\/laptop-sleeve\/housse-loop-move-14-pop\/#primaryimage"},"image":{"@id":"https:\/\/www.inov-u.com\/en\/products\/bags\/laptop-sleeve\/housse-loop-move-14-pop\/#primaryimage"},"thumbnailUrl":"https:\/\/www.inov-u.com\/wp-content\/uploads\/2024\/12\/Loop_move_pop_01.png","datePublished":"2024-12-02T09:53:11+00:00","dateModified":"2026-01-07T15:39:57+00:00","breadcrumb":{"@id":"https:\/\/www.inov-u.com\/en\/products\/bags\/laptop-sleeve\/housse-loop-move-14-pop\/#breadcrumb"},"inLanguage":"en-US","potentialAction":[{"@type":"ReadAction","target":["https:\/\/www.inov-u.com\/en\/products\/bags\/laptop-sleeve\/housse-loop-move-14-pop\/"]}]},{"@type":"ImageObject","inLanguage":"en-US","@id":"https:\/\/www.inov-u.com\/en\/products\/bags\/laptop-sleeve\/housse-loop-move-14-pop\/#primaryimage","url":"https:\/\/www.inov-u.com\/wp-content\/uploads\/2024\/12\/Loop_move_pop_01.png","contentUrl":"https:\/\/www.inov-u.com\/wp-content\/uploads\/2024\/12\/Loop_move_pop_01.png","width":1000,"height":1000,"caption":"Housse de protection pour pc portable"},{"@type":"BreadcrumbList","@id":"https:\/\/www.inov-u.com\/en\/products\/bags\/laptop-sleeve\/housse-loop-move-14-pop\/#breadcrumb","itemListElement":[{"@type":"ListItem","position":1,"name":"Home","item":"https:\/\/www.inov-u.com\/en\/"},{"@type":"ListItem","position":2,"name":"Products","item":"https:\/\/www.inov-u.com\/nos-univers\/"},{"@type":"ListItem","position":3,"name":"Bags","item":"https:\/\/www.inov-u.com\/en\/nos-univers\/bags\/"},{"@type":"ListItem","position":4,"name":"Laptop sleeve","item":"https:\/\/www.inov-u.com\/en\/nos-univers\/bags\/laptop-sleeve\/"},{"@type":"ListItem","position":5,"name":"Housse Loop Move 14&#8243; (Pop)"}]},{"@type":"WebSite","@id":"https:\/\/www.inov-u.com\/en\/#website","url":"https:\/\/www.inov-u.com\/en\/","name":"INOVU","description":"L&#039;\u00e9quipement informatique du quotidien","publisher":{"@id":"https:\/\/www.inov-u.com\/en\/#organization"},"potentialAction":[{"@type":"SearchAction","target":{"@type":"EntryPoint","urlTemplate":"https:\/\/www.inov-u.com\/en\/?s={search_term_string}"},"query-input":{"@type":"PropertyValueSpecification","valueRequired":true,"valueName":"search_term_string"}}],"inLanguage":"en-US"},{"@type":"Organization","@id":"https:\/\/www.inov-u.com\/en\/#organization","name":"INOVU","url":"https:\/\/www.inov-u.com\/en\/","logo":{"@type":"ImageObject","inLanguage":"en-US","@id":"https:\/\/www.inov-u.com\/en\/#\/schema\/logo\/image\/","url":"https:\/\/www.inov-u.com\/wp-content\/uploads\/2024\/02\/inovu_favicon.png","contentUrl":"https:\/\/www.inov-u.com\/wp-content\/uploads\/2024\/02\/inovu_favicon.png","width":512,"height":512,"caption":"INOVU"},"image":{"@id":"https:\/\/www.inov-u.com\/en\/#\/schema\/logo\/image\/"}}]}},"_links":{"self":[{"href":"https:\/\/www.inov-u.com\/en\/wp-json\/wp\/v2\/product\/6767","targetHints":{"allow":["GET"]}}],"collection":[{"href":"https:\/\/www.inov-u.com\/en\/wp-json\/wp\/v2\/product"}],"about":[{"href":"https:\/\/www.inov-u.com\/en\/wp-json\/wp\/v2\/types\/product"}],"replies":[{"embeddable":true,"href":"https:\/\/www.inov-u.com\/en\/wp-json\/wp\/v2\/comments?post=6767"}],"version-history":[{"count":1,"href":"https:\/\/www.inov-u.com\/en\/wp-json\/wp\/v2\/product\/6767\/revisions"}],"predecessor-version":[{"id":9944,"href":"https:\/\/www.inov-u.com\/en\/wp-json\/wp\/v2\/product\/6767\/revisions\/9944"}],"wp:featuredmedia":[{"embeddable":true,"href":"https:\/\/www.inov-u.com\/en\/wp-json\/wp\/v2\/media\/6770"}],"wp:attachment":[{"href":"https:\/\/www.inov-u.com\/en\/wp-json\/wp\/v2\/media?parent=6767"}],"wp:term":[{"taxonomy":"product_brand","embeddable":true,"href":"https:\/\/www.inov-u.com\/en\/wp-json\/wp\/v2\/product_brand?post=6767"},{"taxonomy":"product_cat","embeddable":true,"href":"https:\/\/www.inov-u.com\/en\/wp-json\/wp\/v2\/product_cat?post=6767"},{"taxonomy":"product_tag","embeddable":true,"href":"https:\/\/www.inov-u.com\/en\/wp-json\/wp\/v2\/product_tag?post=6767"}],"curies":[{"name":"wp","href":"https:\/\/api.w.org\/{rel}","templated":true}]}}